



{"id":12600,"date":"2019-04-24T19:34:26","date_gmt":"2019-04-24T17:34:26","guid":{"rendered":"https:\/\/www.whisker.lv\/?page_id=12600"},"modified":"2019-04-24T23:51:49","modified_gmt":"2019-04-24T21:51:49","slug":"selkirkas-rekss","status":"publish","type":"page","link":"https:\/\/www.whisker.lv\/ru\/kaku-skirnes\/selkirkas-rekss\/","title":{"rendered":"Selkirkas rekss"},"content":{"rendered":"[vc_row][vc_column][vc_text_separator title=&#8221;Selkirkas rekss&#8221; border_width=&#8221;8&#8243;][\/vc_column][\/vc_row][vc_row content_placement=&#8221;middle&#8221;][vc_column width=&#8221;1\/4&#8243;][vc_single_image image=&#8221;10147&#8243; img_size=&#8221;large&#8221; style=&#8221;vc_box_rounded&#8221; onclick=&#8221;link_image&#8221;][\/vc_column][vc_column width=&#8221;3\/4&#8243;][vc_column_text]<span style=\"color: #000000;\"><strong>Izcelsme: <\/strong>ASV<\/span><\/p>\n<p><span style=\"color: #000000;\"><strong>Svars:<\/strong>\u00a03-7.5 kg<\/span><\/p>\n<p><span style=\"color: #000000;\"><strong>Dz\u012bves ilgums:<\/strong> 15-20 gadi<\/span>[\/vc_column_text][\/vc_column][\/vc_row][vc_row][vc_column][vc_column_text]<span style=\"color: #000000;\">Selkirkas reksi ir ka\u0137u \u0161\u0137irne, kura ir l\u012bdz\u012bga vi\u0146u persie\u0161u un britu sen\u010du \u0161\u0137irnei. Tom\u0113r t\u0101 nav d\u0101v\u0101jusi tik rota\u013c\u012bgu dabu. Vi\u0146i ir rota\u013c\u012bgi, bet ne tik \u013coti k\u0101 citas ka\u0137u \u0161\u0137irnes. \u0160\u012b \u0161\u0137irne ir \u013coti draudz\u012bga un labi satiek gan ar ka\u0137iem, gan citiem m\u0101jdz\u012bvniekiem. \u013boti pie\u0137eras saimniekiem un labpr\u0101t gu\u013c vi\u0146iem kl\u0113p\u012b. \u0160ie ka\u0137i ir paciet\u012bgi, ieciet\u012bgi un sirsn\u012bgi, m\u012bl cilv\u0113kus, akt\u012bvi piedal\u0101s \u0123imenes dz\u012bv\u0113.\u00a0<\/span><\/p>\n<p><span style=\"color: #000000;\">At\u0161\u0137ir\u012bb\u0101 no cit\u0101m ka\u0137u \u0161\u0137irn\u0113m, \u0161iem ka\u0137iem\u00a0domin\u0113 g\u0113ns, kas ir atbild\u012bgs par sprogainu ka\u017eoku.\u00a0Ka\u017eoks ir m\u012bksts, biezs, vi\u013c\u0146ots. Bez \u012bsspalvain\u0101s variet\u0101tes ir sastopami ar\u012b garspalvainie Selkirkas reksi. Ka\u0137\u0113ni piedzimst ar sprog\u0101m, kas paz\u016bd apm\u0113ram se\u0161os m\u0113ne\u0161os un p\u0113c tam atkal par\u0101d\u0101s, kad ka\u0137\u0113ni ir aptuveni desmit m\u0113ne\u0161u veci.\u00a0<\/span><\/p>\n<p><span style=\"color: #000000;\"><strong>V\u0113sture.<\/strong>\u00a0Selkirkas reksi ir jauna \u0161\u0137irne, kas radusies nejau\u0161as mut\u0101cijas rezult\u0101t\u0101. Pirmss\u0101kumi mekl\u0113jami 1987.gad\u0101 un kop\u0161 t\u0101 laika \u0161\u0137irne k\u013cuvusi zin\u0101ma un poul\u0101ra. Visvair\u0101k \u0161o ka\u0137u cien\u012bt\u0101ju ir Amerik\u0101, bet ar\u012b Eiropa aizvien vair\u0101k iem\u012b\u013co \u0161os jaukos ka\u0137us.<\/span><\/p>\n<p><span style=\"color: #000000;\"><strong>Piez\u012bme.<\/strong> Selkirkas reksiem ar\u012b \u016bsas ir sprogainas. Ja ka\u0137is tiks regul\u0101ri \u0137emm\u0113ts, apmatojums vienm\u0113r izskat\u012bsies lieliski.<\/span>[\/vc_column_text][\/vc_column][\/vc_row]\n","protected":false},"excerpt":{"rendered":"<p>[vc_row][vc_column][vc_text_separator title=&#8221;Selkirkas rekss&#8221; border_width=&#8221;8&#8243;][\/vc_column][\/vc_row][vc_row content_placement=&#8221;middle&#8221;][vc_column width=&#8221;1\/4&#8243;][vc_single_image image=&#8221;10147&#8243; img_size=&#8221;large&#8221; style=&#8221;vc_box_rounded&#8221; onclick=&#8221;link_image&#8221;][\/vc_column][vc_column width=&#8221;3\/4&#8243;][vc_column_text]Izcelsme: ASV Svars:\u00a03-7.5 kg Dz\u012bves ilgums: 15-20 gadi[\/vc_column_text][\/vc_column][\/vc_row][vc_row][vc_column][vc_column_text]Selkirkas reksi ir ka\u0137u \u0161\u0137irne, kura ir l\u012bdz\u012bga vi\u0146u persie\u0161u un britu sen\u010du \u0161\u0137irnei. Tom\u0113r t\u0101 nav d\u0101v\u0101jusi tik rota\u013c\u012bgu dabu. Vi\u0146i ir rota\u013c\u012bgi, bet ne tik \u013coti k\u0101 citas ka\u0137u \u0161\u0137irnes. \u0160\u012b \u0161\u0137irne ir \u013coti draudz\u012bga un [&hellip;]<\/p>\n","protected":false},"author":1,"featured_media":0,"parent":9927,"menu_order":0,"comment_status":"closed","ping_status":"closed","template":"page-fullwidth.php","meta":{"_acf_changed":false,"_glsr_average":0,"_glsr_ranking":0,"_glsr_reviews":0,"footnotes":""},"translation":{"provider":"WPGlobus","version":"2.12.2","language":"ru","enabled_languages":["lv","en","ru"],"languages":{"lv":{"title":true,"content":true,"excerpt":false},"en":{"title":false,"content":false,"excerpt":false},"ru":{"title":false,"content":false,"excerpt":false}}},"acf":[],"yoast_head":"<!-- This site is optimized with the Yoast SEO plugin v22.5 - https:\/\/yoast.com\/wordpress\/plugins\/seo\/ -->\n<title>Selkirkas rekss (Selkrik Rex) - Whisker.lv | Ka\u0137u \u0161\u0137irnes<\/title>\n<meta name=\"robots\" content=\"index, follow, max-snippet:-1, max-image-preview:large, max-video-preview:-1\" \/>\n<link rel=\"canonical\" href=\"https:\/\/www.whisker.lv\/kaku-skirnes\/selkirkas-rekss\/\" \/>\n<meta property=\"og:locale\" content=\"ru_RU\" \/>\n<meta property=\"og:type\" content=\"article\" \/>\n<meta property=\"og:title\" content=\"Selkirkas rekss - Whisker\" \/>\n<meta property=\"og:url\" content=\"https:\/\/www.whisker.lv\/kaku-skirnes\/selkirkas-rekss\/\" \/>\n<meta property=\"og:site_name\" content=\"Whisker\" \/>\n<meta property=\"article:publisher\" content=\"https:\/\/www.facebook.com\/whisker.lv\/\" \/>\n<meta property=\"article:modified_time\" content=\"2019-04-24T21:51:49+00:00\" \/>\n<meta name=\"twitter:card\" content=\"summary_large_image\" \/>\n<meta name=\"twitter:label1\" content=\"Est. reading time\" \/>\n\t<meta name=\"twitter:data1\" content=\"2 minutes\" \/>\n<script type=\"application\/ld+json\" class=\"yoast-schema-graph\">{\"@context\":\"https:\/\/schema.org\",\"@graph\":[{\"@type\":\"WebPage\",\"@id\":\"https:\/\/www.whisker.lv\/kaku-skirnes\/selkirkas-rekss\/\",\"url\":\"https:\/\/www.whisker.lv\/kaku-skirnes\/selkirkas-rekss\/\",\"name\":\"Selkirkas rekss (Selkrik Rex) - Whisker.lv | Ka\u0137u \u0161\u0137irnes\",\"isPartOf\":{\"@id\":\"https:\/\/www.whisker.lv\/#website\"},\"datePublished\":\"2019-04-24T17:34:26+00:00\",\"dateModified\":\"2019-04-24T21:51:49+00:00\",\"description\":\"Selkirkas rekss ir \u013coti draudz\u012bga un labi satiek gan ar ka\u0137iem, gan citiem m\u0101jdz\u012bvniekiem. \u013boti pie\u0137eras saimniekiem un labpr\u0101t gu\u013c vi\u0146iem kl\u0113p\u012b.\",\"breadcrumb\":{\"@id\":\"https:\/\/www.whisker.lv\/kaku-skirnes\/selkirkas-rekss\/#breadcrumb\"},\"inLanguage\":\"ru-RU\",\"potentialAction\":[{\"@type\":\"ReadAction\",\"target\":[\"https:\/\/www.whisker.lv\/kaku-skirnes\/selkirkas-rekss\/\"]}]},{\"@type\":\"BreadcrumbList\",\"@id\":\"https:\/\/www.whisker.lv\/kaku-skirnes\/selkirkas-rekss\/#breadcrumb\",\"itemListElement\":[{\"@type\":\"ListItem\",\"position\":1,\"name\":\"S\u0101kums\",\"item\":\"https:\/\/www.whisker.lv\/\"},{\"@type\":\"ListItem\",\"position\":2,\"name\":\"Ka\u0137u \u0161\u0137irnes\",\"item\":\"https:\/\/www.whisker.lv\/kaku-skirnes\/\"},{\"@type\":\"ListItem\",\"position\":3,\"name\":\"Selkirkas rekss\"}]},{\"@type\":\"WebSite\",\"@id\":\"https:\/\/www.whisker.lv\/#website\",\"url\":\"https:\/\/www.whisker.lv\/\",\"name\":\"Whisker\",\"description\":\"Tavs pal\u012bgs m\u0101jdzivnieku pieskat\u012b\u0161an\u0101\",\"potentialAction\":[{\"@type\":\"SearchAction\",\"target\":{\"@type\":\"EntryPoint\",\"urlTemplate\":\"https:\/\/www.whisker.lv\/?s={search_term_string}\"},\"query-input\":\"required name=search_term_string\"}],\"inLanguage\":\"ru-RU\"}]}<\/script>\n<!-- \/ Yoast SEO plugin. -->","yoast_head_json":{"title":"Selkirkas rekss (Selkrik Rex) - Whisker.lv | Ka\u0137u \u0161\u0137irnes","robots":{"index":"index","follow":"follow","max-snippet":"max-snippet:-1","max-image-preview":"max-image-preview:large","max-video-preview":"max-video-preview:-1"},"canonical":"https:\/\/www.whisker.lv\/kaku-skirnes\/selkirkas-rekss\/","og_locale":"ru_RU","og_type":"article","og_title":"Selkirkas rekss - Whisker","og_url":"https:\/\/www.whisker.lv\/kaku-skirnes\/selkirkas-rekss\/","og_site_name":"Whisker","article_publisher":"https:\/\/www.facebook.com\/whisker.lv\/","article_modified_time":"2019-04-24T21:51:49+00:00","twitter_card":"summary_large_image","twitter_misc":{"Est. reading time":"2 minutes"},"schema":{"@context":"https:\/\/schema.org","@graph":[{"@type":"WebPage","@id":"https:\/\/www.whisker.lv\/kaku-skirnes\/selkirkas-rekss\/","url":"https:\/\/www.whisker.lv\/kaku-skirnes\/selkirkas-rekss\/","name":"Selkirkas rekss (Selkrik Rex) - Whisker.lv | Ka\u0137u \u0161\u0137irnes","isPartOf":{"@id":"https:\/\/www.whisker.lv\/#website"},"datePublished":"2019-04-24T17:34:26+00:00","dateModified":"2019-04-24T21:51:49+00:00","description":"Selkirkas rekss ir \u013coti draudz\u012bga un labi satiek gan ar ka\u0137iem, gan citiem m\u0101jdz\u012bvniekiem. \u013boti pie\u0137eras saimniekiem un labpr\u0101t gu\u013c vi\u0146iem kl\u0113p\u012b.","breadcrumb":{"@id":"https:\/\/www.whisker.lv\/kaku-skirnes\/selkirkas-rekss\/#breadcrumb"},"inLanguage":"ru-RU","potentialAction":[{"@type":"ReadAction","target":["https:\/\/www.whisker.lv\/kaku-skirnes\/selkirkas-rekss\/"]}]},{"@type":"BreadcrumbList","@id":"https:\/\/www.whisker.lv\/kaku-skirnes\/selkirkas-rekss\/#breadcrumb","itemListElement":[{"@type":"ListItem","position":1,"name":"S\u0101kums","item":"https:\/\/www.whisker.lv\/"},{"@type":"ListItem","position":2,"name":"Ka\u0137u \u0161\u0137irnes","item":"https:\/\/www.whisker.lv\/kaku-skirnes\/"},{"@type":"ListItem","position":3,"name":"Selkirkas rekss"}]},{"@type":"WebSite","@id":"https:\/\/www.whisker.lv\/#website","url":"https:\/\/www.whisker.lv\/","name":"Whisker","description":"Tavs pal\u012bgs m\u0101jdzivnieku pieskat\u012b\u0161an\u0101","potentialAction":[{"@type":"SearchAction","target":{"@type":"EntryPoint","urlTemplate":"https:\/\/www.whisker.lv\/?s={search_term_string}"},"query-input":"required name=search_term_string"}],"inLanguage":"ru-RU"}]}},"_links":{"self":[{"href":"https:\/\/www.whisker.lv\/ru\/wp-json\/wp\/v2\/pages\/12600"}],"collection":[{"href":"https:\/\/www.whisker.lv\/ru\/wp-json\/wp\/v2\/pages"}],"about":[{"href":"https:\/\/www.whisker.lv\/ru\/wp-json\/wp\/v2\/types\/page"}],"author":[{"embeddable":true,"href":"https:\/\/www.whisker.lv\/ru\/wp-json\/wp\/v2\/users\/1"}],"replies":[{"embeddable":true,"href":"https:\/\/www.whisker.lv\/ru\/wp-json\/wp\/v2\/comments?post=12600"}],"version-history":[{"count":5,"href":"https:\/\/www.whisker.lv\/ru\/wp-json\/wp\/v2\/pages\/12600\/revisions"}],"predecessor-version":[{"id":12673,"href":"https:\/\/www.whisker.lv\/ru\/wp-json\/wp\/v2\/pages\/12600\/revisions\/12673"}],"up":[{"embeddable":true,"href":"https:\/\/www.whisker.lv\/ru\/wp-json\/wp\/v2\/pages\/9927"}],"wp:attachment":[{"href":"https:\/\/www.whisker.lv\/ru\/wp-json\/wp\/v2\/media?parent=12600"}],"curies":[{"name":"wp","href":"https:\/\/api.w.org\/{rel}","templated":true}]}}