



{"id":14589,"date":"2019-06-15T06:53:33","date_gmt":"2019-06-15T04:53:33","guid":{"rendered":"https:\/\/www.whisker.lv\/?page_id=14589"},"modified":"2019-06-15T18:40:26","modified_gmt":"2019-06-15T16:40:26","slug":"kuceni","status":"publish","type":"page","link":"https:\/\/www.whisker.lv\/ru\/blog\/kuceni\/","title":{"rendered":"Kuc\u0113ni"},"content":{"rendered":"[vc_row css=&#8221;.vc_custom_1526911646432{padding-top: 65px !important;}&#8221;][vc_column][petsitter_heading_separator subtitle=&#8221;&#8221;]Kuc\u0113ni[\/petsitter_heading_separator][\/vc_column][\/vc_row][vc_column][\/vc_column][vc_row][vc_column][vc_column_text]\n<p><span style=\"color: #000000;\">Nekas nevar b\u016bt lab\u0101ks par m\u012blu\u013ca ien\u0101k\u0161anu \u0123imen\u0113. Tas ir nopietns un atbild\u012bgs l\u0113mums, kas j\u0101pie\u0146em p\u0101rdom\u0101ti. T\u0101d\u0113\u013c esam sagatavoju\u0161i nelielu ieskatu tam, lai atvieglotu kuc\u0113na ieg\u0101di un non\u0101k\u0161anu jaunaj\u0101 \u0123imen\u0113. <\/span><\/p>\n<p><span style=\"color: #000000;\">Vislab\u0101k ieg\u0101d\u0101ties kuc\u0113nu, kuru pats var\u0113siet audzin\u0101t un apm\u0101c\u012bt. Atcerieties \u2013 kuc\u0113ns daudz \u0101tr\u0101k nek\u0101 pieaudzis suns iej\u016btas sve\u0161os apst\u0101k\u013cos un uzreiz pie\u0146em savu jauno saimnieku. Ieg\u0101d\u0101joties kuc\u0113nu, esiet gatavs, ka m\u0101j\u0101s k\u0101du laiku vald\u012bs juceklis. Mazs kuc\u0113ns m\u0113dz ko\u0161\u013c\u0101t da\u017e\u0101dus priek\u0161metus un savas dabisk\u0101s dar\u012b\u0161anas nok\u0101rtot m\u0101j\u0101s. <\/span><\/p>\n<p><span style=\"color: #000000;\">Pirmoreiz atst\u0101ts vienatn\u0113 rej vai smilkst. Kuc\u0113na saimniekiem j\u0101b\u016bt ieciet\u012bgiem. P\u0101rdom\u0101ta audzin\u0101\u0161ana un uzman\u012bba labv\u0113l\u012bgi ietekm\u0113 kuc\u0113na att\u012bst\u012bbu un ar laiku vi\u0146\u0161 iem\u0101c\u012bsies paklaus\u012bt saimnieka komand\u0101m.<\/span><\/p>\n<p>&nbsp;<\/p>\n<h2><strong><span style=\"color: #000000;\">Vesel\u012bgi kuc\u0113ni<\/span><\/strong><\/h2>\n<p><span style=\"color: #000000;\">Neuztraucieties, ja p\u0113c spar\u012bg\u0101m rota\u013c\u0101m mazie kuc\u0113ni stund\u0101m ilgi gu\u013c. Tas neliecina, ka kuc\u0113ni ir saslimu\u0161i, vi\u0146i ir tikai noguru\u0161i. Ar\u012b nok\u013cuvis jaunaj\u0101 mitekl\u012b, kuc\u0113ns ir mazkust\u012bg\u0101ks nek\u0101 pieaudzis suns. V\u0113rojiet sava m\u012blu\u013ca vesel\u012bbas st\u0101vokli un noteikti piev\u0113rsiet uzman\u012bbu vi\u0146a \u0113stgribai un kust\u012bgumam, k\u0101 ar\u012b p\u0101rliecinieties, vai kuc\u0113ns nav savainojies. Uzp\u016bties v\u0113deri\u0146\u0161 var liecin\u0101t par c\u0113rm\u0113m. Ja v\u0113lieties, lai kuc\u0113ns izaugtu par sp\u0113c\u012bgu suni, vi\u0146\u0161 laikus j\u0101att\u0101rpo, t\u0101d\u0113\u013c nevilcinities l\u016bgt padomu veterin\u0101r\u0101rstam.<\/span><\/p>\n<h2 style=\"text-align: left;\"><strong><span style=\"color: #000000;\">Kuc\u0113na b\u0113rn\u012bba<\/span><\/strong><\/h2>\n<p><span style=\"color: #000000;\">Kuc\u0113na ka\u017eoks nav tik kupls vai kr\u0101\u0161\u0146s k\u0101 vi\u0146a m\u0101tei, tom\u0113r ar laiku tas main\u0101s un k\u013c\u016bst t\u0101ds pats k\u0101 pieaugu\u0161iem su\u0146iem. L\u012bdz se\u0161u m\u0113ne\u0161u vecumam kuc\u0113nam vajadz\u0113tu iem\u0101c\u012bties pras\u012bties \u0101r\u0101, lai nok\u0101rtotu dabisk\u0101s vajadz\u012bbas. Jau no mazotnes vi\u0146\u0161 j\u0101radina staig\u0101t gan sait\u0113, gan bez t\u0101s. Pirmaj\u0101m pastaig\u0101m lab\u0101k izv\u0113l\u0113ties klusas, noma\u013cas vietas, kur nav lielu ce\u013cu, citu dz\u012bvnieku. Ja kuc\u0113ns izraujas br\u012bv\u012bb\u0101, necentieties vi\u0146u pan\u0101kt, jo parasti t\u0101 ir tikai sp\u0113le. St\u0101viet un sauciet vi\u0146u atpaka\u013c. Kuc\u0113ns dr\u012bz vien atgriez\u012bsies.<\/span><\/p>\n<h2 style=\"text-align: center;\"><strong><span style=\"color: #000000;\"><img decoding=\"async\" class=\"aligncenter wp-image-14592\" src=\"https:\/\/www.whisker.lv\/wp-content\/uploads\/2019\/06\/jametlene-reskp-642910-unsplash-400x267.jpg\" alt=\"\" width=\"900\" height=\"600\" srcset=\"https:\/\/www.whisker.lv\/wp-content\/uploads\/2019\/06\/jametlene-reskp-642910-unsplash-400x267.jpg 400w, https:\/\/www.whisker.lv\/wp-content\/uploads\/2019\/06\/jametlene-reskp-642910-unsplash-768x512.jpg 768w, https:\/\/www.whisker.lv\/wp-content\/uploads\/2019\/06\/jametlene-reskp-642910-unsplash-1024x683.jpg 1024w\" sizes=\"(max-width: 900px) 100vw, 900px\" \/><\/span><\/strong><\/h2>\n<h2 style=\"text-align: left;\"><strong><span style=\"color: #000000;\">Tuv\u0101k pilngad\u012bbai<\/span><\/strong><\/h2>\n<p><span style=\"color: #000000;\">Kuc\u0113nam paaugoties, vi\u0146a \u0101r\u0113jais veidols s\u0101k main\u012bties strauj\u0101k. Piem\u0113ram, v\u0101cu aitu su\u0146a kuc\u0113niem apm\u0113ram se\u0161u m\u0113ne\u0161u vecum\u0101 ausis uzlejas st\u0101vus. T\u0101 nenotiek tikai \u013coti retos gad\u012bjumos. Da\u017eu \u0161\u0137ir\u0146u kuc\u0113niem ka\u017eoka kr\u0101sojums at\u0161\u0137iras no pieaugu\u0161u su\u0146u ka\u017eoka kr\u0101sas. L\u012bdz se\u0161u m\u0113ne\u0161u vecumam var main\u012bties ar\u012b citas iez\u012bmes, piem\u0113ram, acu kr\u0101sa.<\/span><\/p>\n<h2 style=\"text-align: left;\"><strong><span style=\"color: #000000;\">Kuc\u0113na lielums<\/span><\/strong><\/h2>\n<p><span style=\"color: #000000;\">Visi kuc\u0113ni neatkar\u012bgi no \u0161\u0137irnes piedzimstot ir aptuveni vien\u0101dos lielumos. Tikai v\u0113l\u0101k augum\u0101 liel\u0101ko su\u0146u \u0161\u0137ir\u0146u kuc\u0113ni, piem\u0113ram, \u0161arpejs, s\u0101k augt \u0101tr\u0101k nek\u0101 mazo su\u0146u \u0161\u0137ir\u0146u, piem\u0113ram, kokerspaniela kuc\u0113ni. Nep\u0101rslogojiet mazos kuc\u0113nus ar fiziskiem vingrin\u0101jumiem. Vislab\u0101k regul\u0101ri doties ikdienas pastaig\u0101s.<\/span><\/p>\n<h2 style=\"text-align: left;\"><strong><span style=\"color: #000000;\">K\u0101 izv\u0113l\u0113ties kuc\u0113nu?<\/span><\/strong><\/h2>\n<p><span style=\"color: #000000;\">Vispirms izlemiet, k\u0101das \u0161\u0137irnes kuc\u0113nu ieg\u0101d\u0101ties. N\u0101kamais solis \u2013 sazinieties ar profesion\u0101liem su\u0146u audz\u0113t\u0101jiem. Inform\u0101ciju par vi\u0146iem atrad\u012bsiet Latvijas Kinolo\u0123ijas feder\u0101cij\u0101. Maksa b\u016bs atkar\u012bga no kuc\u0113na radurakstiem un \u0161\u0137irnes popularit\u0101tes. Aptuveni divu m\u0113ne\u0161u vecum\u0101 kuc\u0113ns jau \u0113d patst\u0101v\u012bgi un var doties uz jaunaj\u0101m m\u0101j\u0101m. Pirms ieg\u0101d\u0101\u0161an\u0101s kuc\u0113nu v\u0113lams p\u0101rbaud\u012bt veterin\u0101r\u0101rstam. Ne visi cilv\u0113ki v\u0113las un var at\u013cauties ieg\u0101d\u0101ties \u0161\u0137irnes suni, t\u0101p\u0113c paturiet pr\u0101t\u0101, ka ar\u012b jaukte\u0146i un bez\u0161\u0137irnes su\u0146i var b\u016bt lieliski \u0123imenes m\u012blu\u013ci. Tikai ir \u013coti gr\u016bti noteikt, cik liels izaugs mazais jauktenis.<\/span><\/p>\n<h2><span style=\"color: #000000;\"><img decoding=\"async\" class=\"aligncenter wp-image-14591\" src=\"https:\/\/www.whisker.lv\/wp-content\/uploads\/2019\/06\/austin-kirk-724999-unsplash-400x267.jpg\" alt=\"\" width=\"900\" height=\"601\" srcset=\"https:\/\/www.whisker.lv\/wp-content\/uploads\/2019\/06\/austin-kirk-724999-unsplash-400x267.jpg 400w, https:\/\/www.whisker.lv\/wp-content\/uploads\/2019\/06\/austin-kirk-724999-unsplash-768x513.jpg 768w, https:\/\/www.whisker.lv\/wp-content\/uploads\/2019\/06\/austin-kirk-724999-unsplash-1024x684.jpg 1024w\" sizes=\"(max-width: 900px) 100vw, 900px\" \/><\/span><\/h2>\n<h2><strong><span style=\"color: #000000;\">Kam j\u0101piev\u0113r\u0161 uzman\u012bba ieg\u0101d\u0101joties kuc\u0113nu?<\/span><\/strong><\/h2>\n<p><span style=\"color: #000000;\">\u00a0<i class=\"fa fa-bell\"><span style=\"display: none;\">icon-bell<\/span><\/i> Vai mugurkauls nav izv\u0113rsts uz \u0101ru;<\/span><\/p>\n<p><span style=\"color: #000000;\">\u00a0<i class=\"fa fa-bell\"><span style=\"display: none;\">icon-bell<\/span><\/i> Vai ka\u017eok\u0101 nav utis un blusas;<\/span><\/p>\n<p><span style=\"color: #000000;\">\u00a0<i class=\"fa fa-bell\"><span style=\"display: none;\">icon-bell<\/span><\/i> Vai t\u012bras ausis;<\/span><\/p>\n<p><span style=\"color: #000000;\">\u00a0<i class=\"fa fa-bell\"><span style=\"display: none;\">icon-bell<\/span><\/i> Vai no ac\u012bm neizdal\u0101s strutaini izdal\u012bjumi;<\/span><\/p>\n<p><span style=\"color: #000000;\">\u00a0<i class=\"fa fa-bell\"><span style=\"display: none;\">icon-bell<\/span><\/i> Vai kuc\u0113ns ir akt\u012bvs un ener\u0123isks;<\/span><\/p>\n<p><span style=\"color: #000000;\">\u00a0<i class=\"fa fa-bell\"><span style=\"display: none;\">icon-bell<\/span><\/i> K\u0101ds ir rudiment\u0101rais pirksts;<\/span><\/p>\n<p><span style=\"color: #000000;\">\u00a0<i class=\"fa fa-bell\"><span style=\"display: none;\">icon-bell<\/span><\/i> Vai nav liels v\u0113ders (tas var liecin\u0101t par zarnu paraz\u012btiem);<\/span><\/p>\n<p><span style=\"color: #000000;\">\u00a0<i class=\"fa fa-bell\"><span style=\"display: none;\">icon-bell<\/span><\/i> Vai ir t\u012bra an\u0101l\u0101s atveres zona;<\/span><\/p>\n<p>&nbsp;<\/p>\n<p><span style=\"color: #000000;\">Par vesel\u012bgiem un laim\u012bgiem kuc\u0113niem,<\/span><\/p>\n<p><em><strong><span style=\"color: #000000;\">Whisker<\/span><\/strong><\/em><\/p>\n<p><iframe style=\"border: none; overflow: hidden;\" src=\"https:\/\/www.facebook.com\/plugins\/like.php?href=https%3A%2F%2Fwww.whisker.lv%2Fblog%2Fkuceni%2F&amp;width=450&amp;layout=standard&amp;action=like&amp;size=small&amp;show_faces=false&amp;share=true&amp;height=35&amp;appId=237477320393317\" width=\"450\" height=\"35\" frameborder=\"0\" scrolling=\"no\"><\/iframe><\/p>\n<h3 style=\"text-align: center;\"><span style=\"color: #99cc00;\"><a style=\"color: #99cc00;\" href=\"https:\/\/www.facebook.com\/whisker.lv\/\"><strong>Seko mums Facebook<\/strong><\/a><\/span><\/h3>\n","protected":false},"excerpt":{"rendered":"<p>[vc_row css=&#8221;.vc_custom_1526911646432{padding-top: 65px !important;}&#8221;][vc_column][petsitter_heading_separator subtitle=&#8221;&#8221;]Kuc\u0113ni[\/petsitter_heading_separator][\/vc_column][\/vc_row][vc_column][\/vc_column][vc_row][vc_column][vc_column_text] Nekas nevar b\u016bt lab\u0101ks par m\u012blu\u013ca ien\u0101k\u0161anu \u0123imen\u0113. Tas ir nopietns un atbild\u012bgs l\u0113mums, kas j\u0101pie\u0146em p\u0101rdom\u0101ti. T\u0101d\u0113\u013c esam sagatavoju\u0161i nelielu ieskatu tam, lai atvieglotu kuc\u0113na ieg\u0101di un non\u0101k\u0161anu jaunaj\u0101 \u0123imen\u0113. Vislab\u0101k ieg\u0101d\u0101ties kuc\u0113nu, kuru pats var\u0113siet audzin\u0101t un apm\u0101c\u012bt. Atcerieties \u2013 kuc\u0113ns daudz \u0101tr\u0101k nek\u0101 pieaudzis suns iej\u016btas sve\u0161os [&hellip;]<\/p>\n","protected":false},"author":1,"featured_media":0,"parent":5331,"menu_order":0,"comment_status":"closed","ping_status":"closed","template":"page-fullwidth.php","meta":{"_acf_changed":false,"_glsr_average":0,"_glsr_ranking":0,"_glsr_reviews":0,"footnotes":""},"translation":{"provider":"WPGlobus","version":"2.12.2","language":"ru","enabled_languages":["lv","en","ru"],"languages":{"lv":{"title":true,"content":true,"excerpt":false},"en":{"title":false,"content":false,"excerpt":false},"ru":{"title":false,"content":false,"excerpt":false}}},"acf":[],"yoast_head":"<!-- This site is optimized with the Yoast SEO plugin v22.5 - https:\/\/yoast.com\/wordpress\/plugins\/seo\/ -->\n<title>Kuc\u0113ni - Whisker.lv | M\u0101jdz\u012bvnieku pieskat\u012b\u0161anas un pastaigu serviss<\/title>\n<meta name=\"robots\" content=\"index, follow, max-snippet:-1, max-image-preview:large, max-video-preview:-1\" \/>\n<link rel=\"canonical\" href=\"https:\/\/www.whisker.lv\/blog\/kuceni\/\" \/>\n<meta property=\"og:locale\" content=\"ru_RU\" \/>\n<meta property=\"og:type\" content=\"article\" \/>\n<meta property=\"og:title\" content=\"Kuc\u0113ni\" \/>\n<meta property=\"og:description\" content=\"Vislab\u0101k ieg\u0101d\u0101ties kuc\u0113nu, kuru pats var\u0113siet audzin\u0101t un apm\u0101c\u012bt. Atcerieties \u2013 kuc\u0113ns daudz \u0101tr\u0101k nek\u0101 pieaudzis suns iej\u016btas sve\u0161os apst\u0101k\u013cos un uzreiz pie\u0146em savu jauno saimnieku.\" \/>\n<meta property=\"og:url\" content=\"https:\/\/www.whisker.lv\/blog\/kuceni\/\" \/>\n<meta property=\"og:site_name\" content=\"Whisker\" \/>\n<meta property=\"article:publisher\" content=\"https:\/\/www.facebook.com\/whisker.lv\/\" \/>\n<meta property=\"article:modified_time\" content=\"2019-06-15T16:40:26+00:00\" \/>\n<meta property=\"og:image\" content=\"https:\/\/www.whisker.lv\/wp-content\/uploads\/2019\/06\/austin-kirk-724999-unsplash.jpg\" \/>\n\t<meta property=\"og:image:width\" content=\"4782\" \/>\n\t<meta property=\"og:image:height\" content=\"3192\" \/>\n\t<meta property=\"og:image:type\" content=\"image\/jpeg\" \/>\n<meta name=\"twitter:card\" content=\"summary_large_image\" \/>\n<meta name=\"twitter:label1\" content=\"Est. reading time\" \/>\n\t<meta name=\"twitter:data1\" content=\"4 minutes\" \/>\n<script type=\"application\/ld+json\" class=\"yoast-schema-graph\">{\"@context\":\"https:\/\/schema.org\",\"@graph\":[{\"@type\":\"WebPage\",\"@id\":\"https:\/\/www.whisker.lv\/blog\/kuceni\/\",\"url\":\"https:\/\/www.whisker.lv\/blog\/kuceni\/\",\"name\":\"Kuc\u0113ni - Whisker.lv | M\u0101jdz\u012bvnieku pieskat\u012b\u0161anas un pastaigu serviss\",\"isPartOf\":{\"@id\":\"https:\/\/www.whisker.lv\/#website\"},\"primaryImageOfPage\":{\"@id\":\"https:\/\/www.whisker.lv\/blog\/kuceni\/#primaryimage\"},\"image\":{\"@id\":\"https:\/\/www.whisker.lv\/blog\/kuceni\/#primaryimage\"},\"thumbnailUrl\":\"https:\/\/www.whisker.lv\/wp-content\/uploads\/2019\/06\/jametlene-reskp-642910-unsplash-400x267.jpg\",\"datePublished\":\"2019-06-15T04:53:33+00:00\",\"dateModified\":\"2019-06-15T16:40:26+00:00\",\"description\":\"Vislab\u0101k ieg\u0101d\u0101ties kuc\u0113nu, kuru pats var\u0113siet audzin\u0101t un apm\u0101c\u012bt. Kuc\u0113ni daudz \u0101tr\u0101k iej\u016btas sve\u0161os apst\u0101k\u013cos un uzreiz pie\u0146em savu jauno saimnieku.\",\"breadcrumb\":{\"@id\":\"https:\/\/www.whisker.lv\/blog\/kuceni\/#breadcrumb\"},\"inLanguage\":\"ru-RU\",\"potentialAction\":[{\"@type\":\"ReadAction\",\"target\":[\"https:\/\/www.whisker.lv\/blog\/kuceni\/\"]}]},{\"@type\":\"ImageObject\",\"inLanguage\":\"ru-RU\",\"@id\":\"https:\/\/www.whisker.lv\/blog\/kuceni\/#primaryimage\",\"url\":\"https:\/\/www.whisker.lv\/wp-content\/uploads\/2019\/06\/jametlene-reskp-642910-unsplash-400x267.jpg\",\"contentUrl\":\"https:\/\/www.whisker.lv\/wp-content\/uploads\/2019\/06\/jametlene-reskp-642910-unsplash-400x267.jpg\"},{\"@type\":\"BreadcrumbList\",\"@id\":\"https:\/\/www.whisker.lv\/blog\/kuceni\/#breadcrumb\",\"itemListElement\":[{\"@type\":\"ListItem\",\"position\":1,\"name\":\"S\u0101kums\",\"item\":\"https:\/\/www.whisker.lv\/\"},{\"@type\":\"ListItem\",\"position\":2,\"name\":\"Blog\",\"item\":\"https:\/\/www.whisker.lv\/blog\/\"},{\"@type\":\"ListItem\",\"position\":3,\"name\":\"Kuc\u0113ni\"}]},{\"@type\":\"WebSite\",\"@id\":\"https:\/\/www.whisker.lv\/#website\",\"url\":\"https:\/\/www.whisker.lv\/\",\"name\":\"Whisker\",\"description\":\"Tavs pal\u012bgs m\u0101jdzivnieku pieskat\u012b\u0161an\u0101\",\"potentialAction\":[{\"@type\":\"SearchAction\",\"target\":{\"@type\":\"EntryPoint\",\"urlTemplate\":\"https:\/\/www.whisker.lv\/?s={search_term_string}\"},\"query-input\":\"required name=search_term_string\"}],\"inLanguage\":\"ru-RU\"}]}<\/script>\n<!-- \/ Yoast SEO plugin. -->","yoast_head_json":{"title":"Kuc\u0113ni - Whisker.lv | M\u0101jdz\u012bvnieku pieskat\u012b\u0161anas un pastaigu serviss","robots":{"index":"index","follow":"follow","max-snippet":"max-snippet:-1","max-image-preview":"max-image-preview:large","max-video-preview":"max-video-preview:-1"},"canonical":"https:\/\/www.whisker.lv\/blog\/kuceni\/","og_locale":"ru_RU","og_type":"article","og_title":"Kuc\u0113ni","og_description":"Vislab\u0101k ieg\u0101d\u0101ties kuc\u0113nu, kuru pats var\u0113siet audzin\u0101t un apm\u0101c\u012bt. Atcerieties \u2013 kuc\u0113ns daudz \u0101tr\u0101k nek\u0101 pieaudzis suns iej\u016btas sve\u0161os apst\u0101k\u013cos un uzreiz pie\u0146em savu jauno saimnieku.","og_url":"https:\/\/www.whisker.lv\/blog\/kuceni\/","og_site_name":"Whisker","article_publisher":"https:\/\/www.facebook.com\/whisker.lv\/","article_modified_time":"2019-06-15T16:40:26+00:00","og_image":[{"width":4782,"height":3192,"url":"https:\/\/www.whisker.lv\/wp-content\/uploads\/2019\/06\/austin-kirk-724999-unsplash.jpg","type":"image\/jpeg"}],"twitter_card":"summary_large_image","twitter_misc":{"Est. reading time":"4 minutes"},"schema":{"@context":"https:\/\/schema.org","@graph":[{"@type":"WebPage","@id":"https:\/\/www.whisker.lv\/blog\/kuceni\/","url":"https:\/\/www.whisker.lv\/blog\/kuceni\/","name":"Kuc\u0113ni - Whisker.lv | M\u0101jdz\u012bvnieku pieskat\u012b\u0161anas un pastaigu serviss","isPartOf":{"@id":"https:\/\/www.whisker.lv\/#website"},"primaryImageOfPage":{"@id":"https:\/\/www.whisker.lv\/blog\/kuceni\/#primaryimage"},"image":{"@id":"https:\/\/www.whisker.lv\/blog\/kuceni\/#primaryimage"},"thumbnailUrl":"https:\/\/www.whisker.lv\/wp-content\/uploads\/2019\/06\/jametlene-reskp-642910-unsplash-400x267.jpg","datePublished":"2019-06-15T04:53:33+00:00","dateModified":"2019-06-15T16:40:26+00:00","description":"Vislab\u0101k ieg\u0101d\u0101ties kuc\u0113nu, kuru pats var\u0113siet audzin\u0101t un apm\u0101c\u012bt. Kuc\u0113ni daudz \u0101tr\u0101k iej\u016btas sve\u0161os apst\u0101k\u013cos un uzreiz pie\u0146em savu jauno saimnieku.","breadcrumb":{"@id":"https:\/\/www.whisker.lv\/blog\/kuceni\/#breadcrumb"},"inLanguage":"ru-RU","potentialAction":[{"@type":"ReadAction","target":["https:\/\/www.whisker.lv\/blog\/kuceni\/"]}]},{"@type":"ImageObject","inLanguage":"ru-RU","@id":"https:\/\/www.whisker.lv\/blog\/kuceni\/#primaryimage","url":"https:\/\/www.whisker.lv\/wp-content\/uploads\/2019\/06\/jametlene-reskp-642910-unsplash-400x267.jpg","contentUrl":"https:\/\/www.whisker.lv\/wp-content\/uploads\/2019\/06\/jametlene-reskp-642910-unsplash-400x267.jpg"},{"@type":"BreadcrumbList","@id":"https:\/\/www.whisker.lv\/blog\/kuceni\/#breadcrumb","itemListElement":[{"@type":"ListItem","position":1,"name":"S\u0101kums","item":"https:\/\/www.whisker.lv\/"},{"@type":"ListItem","position":2,"name":"Blog","item":"https:\/\/www.whisker.lv\/blog\/"},{"@type":"ListItem","position":3,"name":"Kuc\u0113ni"}]},{"@type":"WebSite","@id":"https:\/\/www.whisker.lv\/#website","url":"https:\/\/www.whisker.lv\/","name":"Whisker","description":"Tavs pal\u012bgs m\u0101jdzivnieku pieskat\u012b\u0161an\u0101","potentialAction":[{"@type":"SearchAction","target":{"@type":"EntryPoint","urlTemplate":"https:\/\/www.whisker.lv\/?s={search_term_string}"},"query-input":"required name=search_term_string"}],"inLanguage":"ru-RU"}]}},"_links":{"self":[{"href":"https:\/\/www.whisker.lv\/ru\/wp-json\/wp\/v2\/pages\/14589"}],"collection":[{"href":"https:\/\/www.whisker.lv\/ru\/wp-json\/wp\/v2\/pages"}],"about":[{"href":"https:\/\/www.whisker.lv\/ru\/wp-json\/wp\/v2\/types\/page"}],"author":[{"embeddable":true,"href":"https:\/\/www.whisker.lv\/ru\/wp-json\/wp\/v2\/users\/1"}],"replies":[{"embeddable":true,"href":"https:\/\/www.whisker.lv\/ru\/wp-json\/wp\/v2\/comments?post=14589"}],"version-history":[{"count":10,"href":"https:\/\/www.whisker.lv\/ru\/wp-json\/wp\/v2\/pages\/14589\/revisions"}],"predecessor-version":[{"id":14605,"href":"https:\/\/www.whisker.lv\/ru\/wp-json\/wp\/v2\/pages\/14589\/revisions\/14605"}],"up":[{"embeddable":true,"href":"https:\/\/www.whisker.lv\/ru\/wp-json\/wp\/v2\/pages\/5331"}],"wp:attachment":[{"href":"https:\/\/www.whisker.lv\/ru\/wp-json\/wp\/v2\/media?parent=14589"}],"curies":[{"name":"wp","href":"https:\/\/api.w.org\/{rel}","templated":true}]}}