



{"id":19949,"date":"2019-10-29T20:09:02","date_gmt":"2019-10-29T18:09:02","guid":{"rendered":"https:\/\/www.whisker.lv\/?page_id=19949"},"modified":"2021-10-10T02:27:42","modified_gmt":"2021-10-10T00:27:42","slug":"mazo-dzivnieku-pieskatisana","status":"publish","type":"page","link":"https:\/\/www.whisker.lv\/ru\/mazo-dzivnieku-pieskatisana\/","title":{"rendered":"\u041f\u0440\u0438\u0441\u043co\u0442\u0440 \u0437\u0430 \u043c\u0435\u043b\u043a\u0438\u043c\u0438 \u0436\u0438\u0432\u043e\u0442\u043d\u044b\u043c\u0438"},"content":{"rendered":"[vc_row][vc_column][vc_column_text]\n<h2 style=\"text-align: center;\"><strong>\u041f\u0440\u0438\u0441\u043co\u0442\u0440 \u0437\u0430 \u043c\u0435\u043b\u043a\u0438\u043c\u0438 \u0436\u0438\u0432\u043e\u0442\u043d\u044b\u043c\u0438<\/strong><\/h2>\n[\/vc_column_text][\/vc_column][\/vc_row][vc_row equal_height=&#8221;yes&#8221;][vc_column width=&#8221;2\/3&#8243;][vc_single_image image=&#8221;19951&#8243; img_size=&#8221;large&#8221; alignment=&#8221;center&#8221; style=&#8221;vc_box_rounded&#8221;][\/vc_column][vc_column width=&#8221;1\/3&#8243;][vc_cta h2=&#8221;&#8221; style=&#8221;flat&#8221; add_button=&#8221;bottom&#8221; btn_title=&#8221;\u0421\u0432\u044f\u0436\u0438\u0441\u044c \u0441 \u043d\u0430\u043c\u0438&#8221; btn_style=&#8221;modern&#8221; btn_color=&#8221;primary&#8221; btn_align=&#8221;center&#8221; btn_link=&#8221;url:https%3A%2F%2Fwww.whisker.lv%2Fru%2Fkontakti%2F||target:%20_blank|&#8221;]\n<p style=\"text-align: center;\"><span style=\"color: #000000;\">\u0426\u0435\u043d\u0430 \u0437\u0430 \u043a\u0440\u0443\u0433\u043b\u043e\u0441\u0443\u0442\u043e\u0447\u043d\u044b\u0439 \u043f\u0440\u0438\u0441\u043c\u043e\u0442\u0440, \u043d\u0430\u0447\u0438\u043d\u0430\u044f \u0441 5 \u20ac. \u041e \u0434\u043e\u043f\u043e\u043b\u043d\u0438\u0442\u0435\u043b\u044c\u043d\u044b\u0445 \u0440\u0430\u0441\u0445\u043e\u0434\u0430\u0445 \u043f\u0440\u043e\u0441\u044c\u0431\u0430 \u043f\u0438\u0441\u0430\u0442\u044c \u0438\u043b\u0438 \u0437\u0432\u043e\u043d\u0438\u0442\u044c \u043d\u0430 \u0443\u043a\u0430\u0437\u0430\u043d\u043d\u044b\u0439 \u043d\u043e\u043c\u0435\u0440. \u0414\u043e\u0441\u0442\u0443\u043f\u0435\u043d \u043f\u0440\u0438\u0441\u043c\u043e\u0442\u0440 \u0432 \u0420\u0438\u0433\u0435 \u0438 \u0434\u0440\u0443\u0433\u0438\u0445 \u0433\u043e\u0440\u043e\u0434\u0430\u0445 \u041b\u0430\u0442\u0432\u0438\u0438.<\/span><\/p>\n<p style=\"text-align: center;\"><span style=\"font-size: 14pt; color: #000000;\"><strong>\u0422\u0435\u043b\u0435\u0444\u043e\u043d \u0434\u043b\u044f \u0441\u043f\u0440\u0430\u0432\u043e\u043a: 24\u00a0882\u00a0422<\/strong> <\/span><\/p>\n[\/vc_cta][\/vc_column][\/vc_row][vc_row][vc_column][vc_column_text]Whisker \u043f\u0440\u0438\u0441\u043c\u0430\u0442\u0440\u0438\u0432\u0430\u0435\u0442 \u0437\u0430 \u0442\u0430\u043a\u0438\u043c\u0438 \u0434\u043e\u043c\u0430\u0448\u043d\u0438\u043c\u0438 \u0436\u0438\u0432\u043e\u0442\u043d\u044b\u043c\u0438, \u043a\u0430\u043a <strong>\u043c\u043e\u0440\u0441\u043a\u0438\u0435 \u0441\u0432\u0438\u043d\u043a\u0438, \u0445\u043e\u043c\u044f\u043a\u0438, \u0448\u0438\u043d\u0448\u0438\u043b\u043b\u044b, \u043c\u044b\u0448\u0438, \u043a\u0440\u044b\u0441\u044b, \u043a\u0440\u043e\u043b\u0438\u043a\u0438, \u043f\u043e\u043f\u0443\u0433\u0430\u0438, \u0434\u043e\u043c\u0430\u0448\u043d\u0438\u0435 \u0445\u043e\u0440\u044c\u043a\u0438, \u043e\u0431\u0438\u0442\u0430\u0442\u0435\u043b\u0438 \u0430\u043a\u0432\u0430\u0440\u0438\u0443\u043c\u0430, \u0447\u0435\u0440\u0435\u043f\u0430\u0445\u0438, \u0440\u0435\u043f\u0442\u0438\u043b\u0438\u0438 \u0438 \u0434\u0440\u0443\u0433\u0438\u0435 \u043c\u0430\u043b\u0435\u043d\u044c\u043a\u0438\u0435 \u0436\u0438\u0432\u043e\u0442\u043d\u044b\u0435.<\/strong><\/p>\n<p>\u041a\u043b\u0438\u0435\u043d\u0442\u044b \u0438\u043c\u0435\u044e\u0442 \u0432\u043e\u0437\u043c\u043e\u0436\u043d\u043e\u0441\u0442\u044c \u043e\u0441\u0442\u0430\u0432\u0438\u0442\u044c \u0434\u043e\u043c\u0430\u0448\u043d\u0438\u0445 \u0436\u0438\u0432\u043e\u0442\u043d\u044b\u0445 \u0443 \u043f\u043e\u043c\u043e\u0449\u043d\u0438\u043a\u043e\u0432 Whisker \u0438\u043b\u0438 \u043f\u043e\u043c\u043e\u0449\u043d\u0438\u043a \u0441\u0430\u043c \u043e\u0442\u043f\u0440\u0430\u0432\u043b\u044f\u0435\u0442\u0441\u044f \u043a \u0432\u0430\u043c \u0441 \u0434\u043e\u043c\u0430\u0448\u043d\u0438\u043c \u0432\u0438\u0437\u0438\u0442\u043e\u043c.<\/p>\n<h3><span style=\"color: #000000;\"><strong>\u041d\u0430\u0448\u0438 \u0443\u0441\u043b\u0443\u0433\u0438 \u0432\u043a\u043b\u044e\u0447\u0430\u044e\u0442, \u043d\u043e \u043d\u0435 \u043e\u0433\u0440\u0430\u043d\u0438\u0447\u0438\u0432\u0430\u044e\u0442\u0441\u044f \u0442\u043e\u043b\u044c\u043a\u043e \u044d\u0442\u0438\u043c:<\/strong><\/span><\/h3>\n<ul>\n<li>\u0421\u043e\u0431\u043b\u044e\u0434\u0435\u043d\u0438\u0435 \u0438\u043d\u0441\u0442\u0440\u0443\u043a\u0446\u0438\u0439 \u0438 \u0437\u0430\u0431\u043e\u0442\u0443 \u043e \u0431\u0435\u0437\u043e\u043f\u0430\u0441\u043d\u043e\u0441\u0442\u0438 \u0434\u043e\u043c\u0430\u0448\u043d\u0438\u0445 \u0436\u0438\u0432\u043e\u0442\u043d\u044b\u0445 \u0434\u043e\u043c\u0430 \u0443 \u0432\u0430\u0441 \u0438\u043b\u0438 \u0443 \u043f\u043e\u043c\u043e\u0449\u043d\u0438\u043a\u0430;<\/li>\n<li>\u043a\u043e\u043c\u043c\u0443\u043d\u0438\u043a\u0430\u0446\u0438\u044f \u0441 \u0434\u043e\u043c\u0430\u0448\u043d\u0438\u043c \u0436\u0438\u0432\u043e\u0442\u043d\u044b\u043c \u0438 \u0430\u043a\u0442\u0438\u0432\u043d\u044b\u0435 \u0438\u0433\u0440\u044b \u0441 \u043f\u043e\u043c\u043e\u0449\u043d\u0438\u043a\u043e\u043c;<\/li>\n<li>\u0447\u0438\u0441\u0442\u043a\u0430 \u043a\u043b\u0435\u0442\u043e\u043a \u0438 \u0436\u0438\u043b\u043e\u0439 \u043f\u043b\u043e\u0449\u0430\u0434\u0438 \u0434\u043e\u043c\u0430\u0448\u043d\u0438\u0445 \u0436\u0438\u0432\u043e\u0442\u043d\u044b\u0445;<\/li>\n<li>\u043a\u043e\u0440\u043c\u043b\u0435\u043d\u0438\u0435, \u0441\u0432\u0435\u0436\u0430\u044f \u0432\u043e\u0434\u0430, \u043e\u0432\u043e\u0449\u0438 \u0438 \u043b\u0430\u043a\u043e\u043c\u0441\u0442\u0432\u0430 \u0441\u043e\u0433\u043b\u0430\u0441\u043d\u043e \u0443\u043a\u0430\u0437\u0430\u043d\u0438\u044f\u043c \u043a\u043b\u0438\u0435\u043d\u0442\u0430.<\/li>\n<\/ul>\n[\/vc_column_text][\/vc_column][\/vc_row][vc_row][vc_column][vc_column_text]<iframe style=\"border: none; overflow: hidden;\" src=\"https:\/\/www.facebook.com\/plugins\/like.php?href=https%3A%2F%2Fwww.whisker.lv%2Fmazo-dzivnieku-pieskatisana%2F&#038;width=450&#038;layout=standard&#038;action=like&#038;size=small&#038;show_faces=false&#038;share=true&#038;height=35&#038;appId=237477320393317\" width=\"450\" height=\"35\" frameborder=\"0\" scrolling=\"no\"><\/iframe>[\/vc_column_text][\/vc_column][\/vc_row]\n","protected":false},"excerpt":{"rendered":"<p>[vc_row][vc_column][vc_column_text] \u041f\u0440\u0438\u0441\u043co\u0442\u0440 \u0437\u0430 \u043c\u0435\u043b\u043a\u0438\u043c\u0438 \u0436\u0438\u0432\u043e\u0442\u043d\u044b\u043c\u0438 [\/vc_column_text][\/vc_column][\/vc_row][vc_row equal_height=&#8221;yes&#8221;][vc_column width=&#8221;2\/3&#8243;][vc_single_image image=&#8221;19951&#8243; img_size=&#8221;large&#8221; alignment=&#8221;center&#8221; style=&#8221;vc_box_rounded&#8221;][\/vc_column][vc_column width=&#8221;1\/3&#8243;][vc_cta h2=&#8221;&#8221; style=&#8221;flat&#8221; add_button=&#8221;bottom&#8221; btn_title=&#8221;\u0421\u0432\u044f\u0436\u0438\u0441\u044c \u0441 \u043d\u0430\u043c\u0438&#8221; btn_style=&#8221;modern&#8221; btn_color=&#8221;primary&#8221; btn_align=&#8221;center&#8221; btn_link=&#8221;url:https%3A%2F%2Fwww.whisker.lv%2Fru%2Fkontakti%2F||target:%20_blank|&#8221;] \u0426\u0435\u043d\u0430 \u0437\u0430 \u043a\u0440\u0443\u0433\u043b\u043e\u0441\u0443\u0442\u043e\u0447\u043d\u044b\u0439 \u043f\u0440\u0438\u0441\u043c\u043e\u0442\u0440, \u043d\u0430\u0447\u0438\u043d\u0430\u044f \u0441 5 \u20ac. \u041e \u0434\u043e\u043f\u043e\u043b\u043d\u0438\u0442\u0435\u043b\u044c\u043d\u044b\u0445 \u0440\u0430\u0441\u0445\u043e\u0434\u0430\u0445 \u043f\u0440\u043e\u0441\u044c\u0431\u0430 \u043f\u0438\u0441\u0430\u0442\u044c \u0438\u043b\u0438 \u0437\u0432\u043e\u043d\u0438\u0442\u044c \u043d\u0430 \u0443\u043a\u0430\u0437\u0430\u043d\u043d\u044b\u0439 \u043d\u043e\u043c\u0435\u0440. \u0414\u043e\u0441\u0442\u0443\u043f\u0435\u043d \u043f\u0440\u0438\u0441\u043c\u043e\u0442\u0440 \u0432 \u0420\u0438\u0433\u0435 \u0438 \u0434\u0440\u0443\u0433\u0438\u0445 \u0433\u043e\u0440\u043e\u0434\u0430\u0445 \u041b\u0430\u0442\u0432\u0438\u0438. \u0422\u0435\u043b\u0435\u0444\u043e\u043d \u0434\u043b\u044f \u0441\u043f\u0440\u0430\u0432\u043e\u043a: 24\u00a0882\u00a0422 [\/vc_cta][\/vc_column][\/vc_row][vc_row][vc_column][vc_column_text]Whisker \u043f\u0440\u0438\u0441\u043c\u0430\u0442\u0440\u0438\u0432\u0430\u0435\u0442 [&hellip;]<\/p>\n","protected":false},"author":1,"featured_media":19951,"parent":0,"menu_order":0,"comment_status":"closed","ping_status":"closed","template":"page-fullwidth.php","meta":{"_acf_changed":false,"_glsr_average":0,"_glsr_ranking":0,"_glsr_reviews":0,"footnotes":""},"translation":{"provider":"WPGlobus","version":"2.12.2","language":"ru","enabled_languages":["lv","en","ru"],"languages":{"lv":{"title":true,"content":true,"excerpt":false},"en":{"title":false,"content":true,"excerpt":false},"ru":{"title":true,"content":true,"excerpt":false}}},"acf":[],"yoast_head":"<!-- This site is optimized with the Yoast SEO plugin v22.5 - https:\/\/yoast.com\/wordpress\/plugins\/seo\/ -->\n<title>\u041f\u0440\u0438\u0441\u043co\u0442\u0440 \u0437\u0430 \u043c\u0435\u043b\u043a\u0438\u043c\u0438 \u0436\u0438\u0432\u043e\u0442\u043d\u044b\u043c\u0438 | Whisker.lv - \u043f\u0440\u0438\u0441\u043c\u043e\u0442\u0440 \u0437\u0430 \u0436\u0438\u0432\u043e\u0442\u043d\u044b\u043c\u0438<\/title>\n<meta name=\"description\" content=\"\u041f\u0440\u0438\u0441\u043co\u0442\u0440 \u0437\u0430 \u043c\u0435\u043b\u043a\u0438\u043c\u0438 \u0436\u0438\u0432\u043e\u0442\u043d\u044b\u043c\u0438 - Whisker \u043f\u0440\u0438\u0441\u043c\u0430\u0442\u0440\u0438\u0432\u0430\u0435\u0442 \u043c\u043e\u0440\u0441\u043a\u0438\u0435 \u0441\u0432\u0438\u043d\u043a\u0438, \u0445\u043e\u043c\u044f\u043a\u0438, \u0448\u0438\u043d\u0448\u0438\u043b\u043b\u044b, \u043c\u044b\u0448\u0438, \u043a\u0440\u044b\u0441\u044b, \u043a\u0440\u043e\u043b\u0438\u043a\u0438, \u043f\u043e\u043f\u0443\u0433\u0430\u0438, \u0434\u043e\u043c\u0430\u0448\u043d\u0438\u0435 \u0445\u043e\u0440\u044c\u043a\u0438, \u0440\u0435\u043f\u0442\u0438\u043b\u0438\u0438 \u0438 \u0442.\u0434.\" \/>\n<meta name=\"robots\" content=\"index, follow, max-snippet:-1, max-image-preview:large, max-video-preview:-1\" \/>\n<link rel=\"canonical\" href=\"https:\/\/www.whisker.lv\/mazo-dzivnieku-pieskatisana\/\" \/>\n<meta property=\"og:locale\" content=\"ru_RU\" \/>\n<meta property=\"og:type\" content=\"article\" \/>\n<meta property=\"og:title\" content=\"Mazo m\u0101jdz\u012bvnieku pieskat\u012b\u0161ana\" \/>\n<meta property=\"og:description\" content=\"Whisker pieskata t\u0101dus mazos m\u0101jdz\u012bvniekus k\u0101 j\u016brasc\u016bci\u0146as, k\u0101mjus, \u0161in\u0161ilas, peles, \u017eurkas, tru\u0161us, papagai\u013cus, m\u0101jas seskus, akv\u0101rija iem\u012btniekus, bru\u0146urupu\u010dus, rept\u012b\u013cus un citus mazos dz\u012bvniekus.\" \/>\n<meta property=\"og:url\" content=\"https:\/\/www.whisker.lv\/mazo-dzivnieku-pieskatisana\/\" \/>\n<meta property=\"og:site_name\" content=\"Whisker\" \/>\n<meta property=\"article:publisher\" content=\"https:\/\/www.facebook.com\/whisker.lv\/\" \/>\n<meta property=\"article:modified_time\" content=\"2021-10-10T00:27:42+00:00\" \/>\n<meta property=\"og:image\" content=\"https:\/\/www.whisker.lv\/wp-content\/uploads\/2019\/10\/karlijn-prot-5hMlxeWjVCo-unsplash.jpg\" \/>\n\t<meta property=\"og:image:width\" content=\"4928\" \/>\n\t<meta property=\"og:image:height\" content=\"3264\" \/>\n\t<meta property=\"og:image:type\" content=\"image\/jpeg\" \/>\n<meta name=\"twitter:card\" content=\"summary_large_image\" \/>\n<meta name=\"twitter:label1\" content=\"Est. reading time\" \/>\n\t<meta name=\"twitter:data1\" content=\"3 minutes\" \/>\n<script type=\"application\/ld+json\" class=\"yoast-schema-graph\">{\"@context\":\"https:\/\/schema.org\",\"@graph\":[{\"@type\":\"WebPage\",\"@id\":\"https:\/\/www.whisker.lv\/mazo-dzivnieku-pieskatisana\/\",\"url\":\"https:\/\/www.whisker.lv\/mazo-dzivnieku-pieskatisana\/\",\"name\":\"\u041f\u0440\u0438\u0441\u043co\u0442\u0440 \u0437\u0430 \u043c\u0435\u043b\u043a\u0438\u043c\u0438 \u0436\u0438\u0432\u043e\u0442\u043d\u044b\u043c\u0438 - \u0161in\u0161ilas, tru\u0161i, j\u016brasc\u016bci\u0146as u.c | Whisker.lv\",\"isPartOf\":{\"@id\":\"https:\/\/www.whisker.lv\/#website\"},\"primaryImageOfPage\":{\"@id\":\"https:\/\/www.whisker.lv\/mazo-dzivnieku-pieskatisana\/#primaryimage\"},\"image\":{\"@id\":\"https:\/\/www.whisker.lv\/mazo-dzivnieku-pieskatisana\/#primaryimage\"},\"thumbnailUrl\":\"https:\/\/www.whisker.lv\/wp-content\/uploads\/2019\/10\/karlijn-prot-5hMlxeWjVCo-unsplash.jpg\",\"datePublished\":\"2019-10-29T18:09:02+00:00\",\"dateModified\":\"2021-10-10T00:27:42+00:00\",\"description\":\"\u041f\u0440\u0438\u0441\u043co\u0442\u0440 \u0437\u0430 \u043c\u0435\u043b\u043a\u0438\u043c\u0438 \u0436\u0438\u0432\u043e\u0442\u043d\u044b\u043c\u0438 - Whisker \u043f\u0440\u0438\u0441\u043c\u0430\u0442\u0440\u0438\u0432\u0430\u0435\u0442 \u043c\u043e\u0440\u0441\u043a\u0438\u0435 \u0441\u0432\u0438\u043d\u043a\u0438, \u0445\u043e\u043c\u044f\u043a\u0438, \u0448\u0438\u043d\u0448\u0438\u043b\u043b\u044b, \u043c\u044b\u0448\u0438, \u043a\u0440\u044b\u0441\u044b, \u043a\u0440\u043e\u043b\u0438\u043a\u0438, \u043f\u043e\u043f\u0443\u0433\u0430\u0438, \u0434\u043e\u043c\u0430\u0448\u043d\u0438\u0435 \u0445\u043e\u0440\u044c\u043a\u0438, \u0440\u0435\u043f\u0442\u0438\u043b\u0438\u0438 \u0438 \u0442.\u0434.\",\"breadcrumb\":{\"@id\":\"https:\/\/www.whisker.lv\/mazo-dzivnieku-pieskatisana\/#breadcrumb\"},\"inLanguage\":\"ru-RU\",\"potentialAction\":[{\"@type\":\"ReadAction\",\"target\":[\"https:\/\/www.whisker.lv\/mazo-dzivnieku-pieskatisana\/\"]}]},{\"@type\":\"ImageObject\",\"inLanguage\":\"ru-RU\",\"@id\":\"https:\/\/www.whisker.lv\/mazo-dzivnieku-pieskatisana\/#primaryimage\",\"url\":\"https:\/\/www.whisker.lv\/wp-content\/uploads\/2019\/10\/karlijn-prot-5hMlxeWjVCo-unsplash.jpg\",\"contentUrl\":\"https:\/\/www.whisker.lv\/wp-content\/uploads\/2019\/10\/karlijn-prot-5hMlxeWjVCo-unsplash.jpg\",\"width\":4928,\"height\":3264,\"caption\":\"Mazo dz\u012bvnieku pieskat\u012b\u0161ana - j\u016brasc\u016bci\u0146as, k\u0101mjus, \u0161in\u0161ilas, peles, \u017eurkas, tru\u0161us, papagai\u013cus, m\u0101jas seskus, akv\u0101rija iem\u012btniekus, bru\u0146urupu\u010dus, rept\u012b\u013cus un citus mazos dz\u012bvniekus.\"},{\"@type\":\"BreadcrumbList\",\"@id\":\"https:\/\/www.whisker.lv\/mazo-dzivnieku-pieskatisana\/#breadcrumb\",\"itemListElement\":[{\"@type\":\"ListItem\",\"position\":1,\"name\":\"S\u0101kums\",\"item\":\"https:\/\/www.whisker.lv\/\"},{\"@type\":\"ListItem\",\"position\":2,\"name\":\"Mazo dz\u012bvnieku pieskat\u012b\u0161ana\"}]},{\"@type\":\"WebSite\",\"@id\":\"https:\/\/www.whisker.lv\/#website\",\"url\":\"https:\/\/www.whisker.lv\/\",\"name\":\"Whisker\",\"description\":\"Tavs pal\u012bgs m\u0101jdzivnieku pieskat\u012b\u0161an\u0101\",\"potentialAction\":[{\"@type\":\"SearchAction\",\"target\":{\"@type\":\"EntryPoint\",\"urlTemplate\":\"https:\/\/www.whisker.lv\/?s={search_term_string}\"},\"query-input\":\"required name=search_term_string\"}],\"inLanguage\":\"ru-RU\"}]}<\/script>\n<!-- \/ Yoast SEO plugin. -->","yoast_head_json":{"title":"\u041f\u0440\u0438\u0441\u043co\u0442\u0440 \u0437\u0430 \u043c\u0435\u043b\u043a\u0438\u043c\u0438 \u0436\u0438\u0432\u043e\u0442\u043d\u044b\u043c\u0438 | Whisker.lv - \u043f\u0440\u0438\u0441\u043c\u043e\u0442\u0440 \u0437\u0430 \u0436\u0438\u0432\u043e\u0442\u043d\u044b\u043c\u0438","description":"\u041f\u0440\u0438\u0441\u043co\u0442\u0440 \u0437\u0430 \u043c\u0435\u043b\u043a\u0438\u043c\u0438 \u0436\u0438\u0432\u043e\u0442\u043d\u044b\u043c\u0438 - Whisker \u043f\u0440\u0438\u0441\u043c\u0430\u0442\u0440\u0438\u0432\u0430\u0435\u0442 \u043c\u043e\u0440\u0441\u043a\u0438\u0435 \u0441\u0432\u0438\u043d\u043a\u0438, \u0445\u043e\u043c\u044f\u043a\u0438, \u0448\u0438\u043d\u0448\u0438\u043b\u043b\u044b, \u043c\u044b\u0448\u0438, \u043a\u0440\u044b\u0441\u044b, \u043a\u0440\u043e\u043b\u0438\u043a\u0438, \u043f\u043e\u043f\u0443\u0433\u0430\u0438, \u0434\u043e\u043c\u0430\u0448\u043d\u0438\u0435 \u0445\u043e\u0440\u044c\u043a\u0438, \u0440\u0435\u043f\u0442\u0438\u043b\u0438\u0438 \u0438 \u0442.\u0434.","robots":{"index":"index","follow":"follow","max-snippet":"max-snippet:-1","max-image-preview":"max-image-preview:large","max-video-preview":"max-video-preview:-1"},"canonical":"https:\/\/www.whisker.lv\/mazo-dzivnieku-pieskatisana\/","og_locale":"ru_RU","og_type":"article","og_title":"Mazo m\u0101jdz\u012bvnieku pieskat\u012b\u0161ana","og_description":"Whisker pieskata t\u0101dus mazos m\u0101jdz\u012bvniekus k\u0101 j\u016brasc\u016bci\u0146as, k\u0101mjus, \u0161in\u0161ilas, peles, \u017eurkas, tru\u0161us, papagai\u013cus, m\u0101jas seskus, akv\u0101rija iem\u012btniekus, bru\u0146urupu\u010dus, rept\u012b\u013cus un citus mazos dz\u012bvniekus.","og_url":"https:\/\/www.whisker.lv\/mazo-dzivnieku-pieskatisana\/","og_site_name":"Whisker","article_publisher":"https:\/\/www.facebook.com\/whisker.lv\/","article_modified_time":"2021-10-10T00:27:42+00:00","og_image":[{"width":4928,"height":3264,"url":"https:\/\/www.whisker.lv\/wp-content\/uploads\/2019\/10\/karlijn-prot-5hMlxeWjVCo-unsplash.jpg","type":"image\/jpeg"}],"twitter_card":"summary_large_image","twitter_misc":{"Est. reading time":"3 minutes"},"schema":{"@context":"https:\/\/schema.org","@graph":[{"@type":"WebPage","@id":"https:\/\/www.whisker.lv\/mazo-dzivnieku-pieskatisana\/","url":"https:\/\/www.whisker.lv\/mazo-dzivnieku-pieskatisana\/","name":"\u041f\u0440\u0438\u0441\u043co\u0442\u0440 \u0437\u0430 \u043c\u0435\u043b\u043a\u0438\u043c\u0438 \u0436\u0438\u0432\u043e\u0442\u043d\u044b\u043c\u0438 - \u0161in\u0161ilas, tru\u0161i, j\u016brasc\u016bci\u0146as u.c | Whisker.lv","isPartOf":{"@id":"https:\/\/www.whisker.lv\/#website"},"primaryImageOfPage":{"@id":"https:\/\/www.whisker.lv\/mazo-dzivnieku-pieskatisana\/#primaryimage"},"image":{"@id":"https:\/\/www.whisker.lv\/mazo-dzivnieku-pieskatisana\/#primaryimage"},"thumbnailUrl":"https:\/\/www.whisker.lv\/wp-content\/uploads\/2019\/10\/karlijn-prot-5hMlxeWjVCo-unsplash.jpg","datePublished":"2019-10-29T18:09:02+00:00","dateModified":"2021-10-10T00:27:42+00:00","description":"\u041f\u0440\u0438\u0441\u043co\u0442\u0440 \u0437\u0430 \u043c\u0435\u043b\u043a\u0438\u043c\u0438 \u0436\u0438\u0432\u043e\u0442\u043d\u044b\u043c\u0438 - Whisker \u043f\u0440\u0438\u0441\u043c\u0430\u0442\u0440\u0438\u0432\u0430\u0435\u0442 \u043c\u043e\u0440\u0441\u043a\u0438\u0435 \u0441\u0432\u0438\u043d\u043a\u0438, \u0445\u043e\u043c\u044f\u043a\u0438, \u0448\u0438\u043d\u0448\u0438\u043b\u043b\u044b, \u043c\u044b\u0448\u0438, \u043a\u0440\u044b\u0441\u044b, \u043a\u0440\u043e\u043b\u0438\u043a\u0438, \u043f\u043e\u043f\u0443\u0433\u0430\u0438, \u0434\u043e\u043c\u0430\u0448\u043d\u0438\u0435 \u0445\u043e\u0440\u044c\u043a\u0438, \u0440\u0435\u043f\u0442\u0438\u043b\u0438\u0438 \u0438 \u0442.\u0434.","breadcrumb":{"@id":"https:\/\/www.whisker.lv\/mazo-dzivnieku-pieskatisana\/#breadcrumb"},"inLanguage":"ru-RU","potentialAction":[{"@type":"ReadAction","target":["https:\/\/www.whisker.lv\/mazo-dzivnieku-pieskatisana\/"]}]},{"@type":"ImageObject","inLanguage":"ru-RU","@id":"https:\/\/www.whisker.lv\/mazo-dzivnieku-pieskatisana\/#primaryimage","url":"https:\/\/www.whisker.lv\/wp-content\/uploads\/2019\/10\/karlijn-prot-5hMlxeWjVCo-unsplash.jpg","contentUrl":"https:\/\/www.whisker.lv\/wp-content\/uploads\/2019\/10\/karlijn-prot-5hMlxeWjVCo-unsplash.jpg","width":4928,"height":3264,"caption":"Mazo dz\u012bvnieku pieskat\u012b\u0161ana - j\u016brasc\u016bci\u0146as, k\u0101mjus, \u0161in\u0161ilas, peles, \u017eurkas, tru\u0161us, papagai\u013cus, m\u0101jas seskus, akv\u0101rija iem\u012btniekus, bru\u0146urupu\u010dus, rept\u012b\u013cus un citus mazos dz\u012bvniekus."},{"@type":"BreadcrumbList","@id":"https:\/\/www.whisker.lv\/mazo-dzivnieku-pieskatisana\/#breadcrumb","itemListElement":[{"@type":"ListItem","position":1,"name":"S\u0101kums","item":"https:\/\/www.whisker.lv\/"},{"@type":"ListItem","position":2,"name":"Mazo dz\u012bvnieku pieskat\u012b\u0161ana"}]},{"@type":"WebSite","@id":"https:\/\/www.whisker.lv\/#website","url":"https:\/\/www.whisker.lv\/","name":"Whisker","description":"Tavs pal\u012bgs m\u0101jdzivnieku pieskat\u012b\u0161an\u0101","potentialAction":[{"@type":"SearchAction","target":{"@type":"EntryPoint","urlTemplate":"https:\/\/www.whisker.lv\/?s={search_term_string}"},"query-input":"required name=search_term_string"}],"inLanguage":"ru-RU"}]}},"_links":{"self":[{"href":"https:\/\/www.whisker.lv\/ru\/wp-json\/wp\/v2\/pages\/19949"}],"collection":[{"href":"https:\/\/www.whisker.lv\/ru\/wp-json\/wp\/v2\/pages"}],"about":[{"href":"https:\/\/www.whisker.lv\/ru\/wp-json\/wp\/v2\/types\/page"}],"author":[{"embeddable":true,"href":"https:\/\/www.whisker.lv\/ru\/wp-json\/wp\/v2\/users\/1"}],"replies":[{"embeddable":true,"href":"https:\/\/www.whisker.lv\/ru\/wp-json\/wp\/v2\/comments?post=19949"}],"version-history":[{"count":47,"href":"https:\/\/www.whisker.lv\/ru\/wp-json\/wp\/v2\/pages\/19949\/revisions"}],"predecessor-version":[{"id":36388,"href":"https:\/\/www.whisker.lv\/ru\/wp-json\/wp\/v2\/pages\/19949\/revisions\/36388"}],"wp:featuredmedia":[{"embeddable":true,"href":"https:\/\/www.whisker.lv\/ru\/wp-json\/wp\/v2\/media\/19951"}],"wp:attachment":[{"href":"https:\/\/www.whisker.lv\/ru\/wp-json\/wp\/v2\/media?parent=19949"}],"curies":[{"name":"wp","href":"https:\/\/api.w.org\/{rel}","templated":true}]}}