



{"id":2475,"date":"2018-05-21T16:26:42","date_gmt":"2018-05-21T13:56:42","guid":{"rendered":"https:\/\/www.whisker.lv\/demo\/?page_id=2475"},"modified":"2019-03-03T10:10:21","modified_gmt":"2019-03-03T08:10:21","slug":"sunu-apmacibas-skola","status":"publish","type":"page","link":"https:\/\/www.whisker.lv\/ru\/sunu-apmacibas-skola\/","title":{"rendered":"\u041a\u0438\u043d\u043e\u043b\u043e\u0433\u0438"},"content":{"rendered":"[vc_row css=&#8221;.vc_custom_1526911646432{padding-top: 65px !important;}&#8221;][vc_column][petsitter_heading_separator subtitle=&#8221;Su\u0146u apm\u0101c\u012bbas skola (\u0428\u043a\u043e\u043b\u0430 \u043e\u0431\u0443\u0447\u0435\u043d\u0438\u044f \u0441\u043e\u0431\u0430\u043a)&#8221;]Whisker \u0440\u0435\u043a\u043e\u043c\u0435\u043d\u0434\u0443\u0435\u0442[\/petsitter_heading_separator][\/vc_column][\/vc_row][vc_row][vc_column width=&#8221;2\/3&#8243;][vc_column_text]\u0412\u0438\u0434\u044b \u0443\u0441\u043b\u0443\u0433:<\/p>\n<p>\u0411\u0415\u0421\u041f\u041b\u0410\u0422\u041d\u041e\u0415 \u041e\u0417\u041d\u0410\u041a\u041e\u041c\u0418\u0422\u0415\u041b\u042c\u041d\u041e\u0415 \u0417\u0410\u041d\u042f\u0422\u0418\u0415: \u0414\u0430\u0441\u0442 \u0432\u043e\u0437\u043c\u043e\u0436\u043d\u043e\u0441\u0442\u044c \u0443\u0437\u043d\u0430\u0442\u044c \u043e \u043c\u0435\u0442\u043e\u0434\u0430\u0445 \u043e\u0431\u0443\u0447\u0435\u043d\u0438\u044f \u0441\u043e\u0431\u0430\u043a \u0438 \u043f\u0440\u0438\u043d\u0446\u0438\u043f\u0430\u0445 \u043e\u0440\u0433\u0430\u043d\u0438\u0437\u0430\u0446\u0438\u0438<br \/>\n\u043e\u0431\u0443\u0447\u0435\u043d\u0438\u044f, \u0442\u0430\u043a\u0436\u0435 \u043e \u043d\u0435\u043e\u0431\u0445\u043e\u0434\u0438\u043c\u043e\u043c \u0438\u043d\u0432\u0435\u043d\u0442\u0430\u0440\u0435. \u041f\u0440\u043e\u0444\u0435\u0441\u0441\u0438\u043e\u043d\u0430\u043b\u044c\u043d\u044b\u0439 \u043a\u0438\u043d\u043e\u043b\u043e\u0433 \u043f\u0440\u043e\u0442\u0435\u0441\u0442\u0438\u0440\u0443\u0435\u0442<br \/>\n\u0432\u0430\u0448\u0435\u0433\u043e \u0449\u0435\u043d\u043a\u0430 \u0438\u043b\u0438 \u0441\u043e\u0431\u0430\u043a\u0443, \u0440\u0430\u0441\u0441\u043a\u0430\u0436\u0435\u0442 \u043e\u0431 \u043e\u0441\u043e\u0431\u0435\u043d\u043d\u043e\u0441\u0442\u044f\u0445 \u043e\u0431\u0443\u0447\u0435\u043d\u0438\u044f \u043f\u043e\u0440\u043e\u0434\u044b \u0438 \u043e<br \/>\n\u043f\u0435\u0440\u0441\u043f\u0435\u043a\u0442\u0438\u0432\u0430\u0445 \u0435\u0433\u043e \u043e\u0431\u0443\u0447\u0435\u043d\u0438\u044f. \u0412\u0430\u043c \u043f\u0440\u043e\u0434\u0435\u043c\u043e\u043d\u0441\u0442\u0440\u0438\u0440\u0443\u044e\u0442 \u044d\u043b\u0435\u043c\u0435\u043d\u0442\u044b \u043f\u043e\u0441\u043b\u0443\u0448\u0430\u043d\u0438\u044f<br \/>\n\u00ab\u043e\u0431\u0440\u0430\u0437\u043e\u0432\u0430\u043d\u043d\u043e\u0439\u00bb \u0441\u043e\u0431\u0430\u043a\u0438, \u0438 \u043a\u043e\u043d\u0435\u0447\u043d\u043e \u0441\u043c\u043e\u0436\u0435\u0442\u0435 \u0437\u0430\u0434\u0430\u0442\u044c \u0432\u0430\u0441 \u0438\u043d\u0442\u0435\u0440\u0435\u0441\u0443\u044e\u0449\u0438\u0435 \u0432\u043e\u043f\u0440\u043e\u0441\u044b \u043e<br \/>\n\u043f\u0440\u0435\u0434\u043b\u0430\u0433\u0430\u0435\u043c\u044b\u0445 \u0443\u0441\u043b\u0443\u0433\u0430\u0445 \u043d\u0430\u0448\u0435\u0439 \u0448\u043a\u043e\u043b\u044b.<\/p>\n<p>\u2013 \u0412\u044b\u0435\u0437\u0434\u043d\u0430\u044f \u043a\u043e\u043d\u0441\u0443\u043b\u044c\u0442\u0430\u0446\u0438\u044f\/\u043e\u0431\u0443\u0447\u0435\u043d\u0438\u0435;<\/p>\n<p>\u2013 \u041f\u0430\u043d\u0441\u0438\u043e\u043d\u043d\u043e\u0435 \u043e\u0431\u0443\u0447\u0435\u043d\u0438\u0435 (\u043a\u043e\u0440\u0440\u0435\u043a\u0446\u0438\u044f \u043f\u043e\u0432\u0435\u0434\u0435\u043d\u0438\u044f);<\/p>\n<p>\u2013 \u041e\u0431\u0443\u0447\u0435\u043d\u0438\u0435 \u043d\u0430 \u043f\u043b\u043e\u0449\u0430\u0434\u043a\u0435 (\u041a\u0440\u0430\u0441\u0442\u0430 103, \u0420\u0438\u0433\u0430).<\/p>\n[\/vc_column_text][\/vc_column][vc_column width=&#8221;1\/3&#8243;][vc_single_image image=&#8221;2660&#8243; img_size=&#8221;medium&#8221;][\/vc_column][\/vc_row][vc_row][vc_column][petsitter_heading_separator subtitle=&#8221;\u0415\u0432\u0433\u0435\u043d\u0438\u0439 \u041d\u043e\u0432\u0438\u043a\u043e\u0432, \u0432\u043b\u0430\u0434\u0435\u043b\u0435\u0446 \u0444\u0438\u0440\u043c\u044b \u201cSu\u0146u apm\u0101c\u012bbas skola\u201d&#8221;]\u041a\u0438\u043d\u043e\u043b\u043e\u0433[\/petsitter_heading_separator][vc_column_text]\n<p style=\"text-align: center;\">\u0415\u0432\u0433\u0435\u043d\u0438\u0439 \u041d\u043e\u0432\u0438\u043a\u043e\u0432, \u0432\u043b\u0430\u0434\u0435\u043b\u0435\u0446 \u0444\u0438\u0440\u043c\u044b \u201cSu\u0146u apm\u0101c\u012bbas skola\u201d. \u041f\u0440\u043e\u0444\u0435\u0441\u0441\u0438\u043e\u043d\u0430\u043b\u044c\u043d\u0443\u044e \u043a\u0432\u0430\u043b\u0438\u0444\u0438\u043a\u0430\u0446\u0438\u044e \u043f\u0440\u0438\u043e\u0431\u0440\u0451\u043b \u0431\u043e\u043b\u0435\u0435 \u0447\u0435\u043c 15 \u043b\u0435\u0442 \u043f\u0440\u043e\u0440\u0430\u0431\u043e\u0442\u0430\u0432 \u0432 \u043a\u0438\u043d\u043e\u043b\u043e\u0433\u0438\u0447\u0435\u0441\u043a\u0438\u0445 \u043f\u043e\u0434\u0440\u0430\u0437\u0434\u0435\u043b\u0435\u043d\u0438\u044f\u0445 \u0413\u043e\u0441\u0443\u0434\u0430\u0440\u0441\u0442\u0432\u0435\u043d\u043d\u043e\u0439 \u043f\u043e\u043b\u0438\u0446\u0438\u0438. \u041c\u043d\u043e\u0433\u0438\u0435 \u0433\u043e\u0434\u044b \u0440\u0443\u043a\u043e\u0432\u043e\u0434\u0438\u043b \u041a\u0438\u043d\u043e\u043b\u043e\u0433\u0438\u0447\u0435\u0441\u043a\u0438\u043c \u043e\u0442\u0434\u0435\u043b\u0435\u043d\u0438\u0435\u043c \u043a\u043e\u043b\u043b\u0435\u0434\u0436\u0430 \u0413\u043e\u0441\u0443\u0434\u0430\u0440\u0441\u0442\u0432\u0435\u043d\u043d\u043e\u0439 \u043f\u043e\u043b\u0438\u0446\u0438\u0438. \u041e\u0440\u0433\u0430\u043d\u0438\u0437\u043e\u0432\u044b\u0432\u0430\u043b \u0438 \u043f\u0440\u043e\u0432\u043e\u0434\u0438\u043b \u0443\u0447\u0435\u0431\u043d\u044b\u0435 \u043c\u0435\u0440\u043e\u043f\u0440\u0438\u044f\u0442\u0438\u044f \u0434\u043b\u044f \u043a\u0438\u043d\u043e\u043b\u043e\u0433\u043e\u0432 \u0413\u043e\u0441\u0443\u0434\u0430\u0440\u0441\u0442\u0432\u0435\u043d\u043d\u043e\u0439 \u043f\u043e\u043b\u0438\u0446\u0438\u0438 \u0441\u043e \u0441\u043b\u0443\u0436\u0435\u0431\u043d\u044b\u043c\u0438 \u0441\u043e\u0431\u0430\u043a\u0430\u043c\u0438. \u0421\u0430\u043c \u0443\u0447\u0430\u0441\u0442\u0432\u043e\u0432\u0430\u043b \u0432\u043e \u043c\u043d\u043e\u0433\u0438\u0445 \u043a\u0438\u043d\u043e\u043b\u043e\u0433\u0438\u0447\u0435\u0441\u043a\u0438\u0445 \u043a\u0443\u0440\u0441\u0430\u0445 \u0438 \u0441\u0435\u043c\u0438\u043d\u0430\u0440\u0430\u0445 \u043a\u0430\u043a \u0432 \u041b\u0430\u0442\u0432\u0438\u0438, \u0442\u0430\u043a \u0438 \u0432 \u0441\u0442\u0440\u0430\u043d\u0430\u0445 \u0415\u0432\u0440\u043e\u0441\u043e\u044e\u0437\u0430. \u0421 2009 \u0433\u043e\u0434\u0430 \u043a\u043e\u043d\u0441\u0443\u043b\u044c\u0442\u0438\u0440\u0443\u0435\u0442 \u0445\u043e\u0437\u044f\u0435\u0432 \u0434\u043e\u043c\u0430\u0448\u043d\u0438\u0445 \u0441\u043e\u0431\u0430\u043a \u043f\u043e \u0432\u043e\u043f\u0440\u043e\u0441\u0430\u043c \u0441\u043e\u0434\u0435\u0440\u0436\u0430\u043d\u0438\u044f, \u0432\u043e\u0441\u043f\u0438\u0442\u0430\u043d\u0438\u044f \u0438 \u043f\u0440\u043e\u0431\u043b\u0435\u043c\u043d\u043e\u0433\u043e \u043f\u043e\u0432\u0435\u0434\u0435\u043d\u0438\u044f \u0438\u0445 \u043b\u044e\u0431\u0438\u043c\u0446\u0435\u0432, \u0430 \u0442\u0430\u043a\u0436\u0435 \u043f\u0440\u043e\u0432\u043e\u0434\u0438\u0442 \u0438\u0445 \u043e\u0431\u0443\u0447\u0435\u043d\u0438\u0435.<\/p>\n<p style=\"text-align: center;\">\u041a\u043e\u043d\u0442\u0430\u043a\u0442\u044b:<\/p>\n<p style=\"text-align: center;\">info@sunuskola.lv<br \/>\nt: +371 29\u00a0222 668<br \/>\n<a href=\"http:\/\/sunuskola.lv\/\">www.sunuskola.lv<\/a><\/p>\n[\/vc_column_text][\/vc_column][\/vc_row]\n","protected":false},"excerpt":{"rendered":"<p>[vc_row css=&#8221;.vc_custom_1526911646432{padding-top: 65px !important;}&#8221;][vc_column][petsitter_heading_separator subtitle=&#8221;Su\u0146u apm\u0101c\u012bbas skola (\u0428\u043a\u043e\u043b\u0430 \u043e\u0431\u0443\u0447\u0435\u043d\u0438\u044f \u0441\u043e\u0431\u0430\u043a)&#8221;]Whisker \u0440\u0435\u043a\u043e\u043c\u0435\u043d\u0434\u0443\u0435\u0442[\/petsitter_heading_separator][\/vc_column][\/vc_row][vc_row][vc_column width=&#8221;2\/3&#8243;][vc_column_text]\u0412\u0438\u0434\u044b \u0443\u0441\u043b\u0443\u0433: \u0411\u0415\u0421\u041f\u041b\u0410\u0422\u041d\u041e\u0415 \u041e\u0417\u041d\u0410\u041a\u041e\u041c\u0418\u0422\u0415\u041b\u042c\u041d\u041e\u0415 \u0417\u0410\u041d\u042f\u0422\u0418\u0415: \u0414\u0430\u0441\u0442 \u0432\u043e\u0437\u043c\u043e\u0436\u043d\u043e\u0441\u0442\u044c \u0443\u0437\u043d\u0430\u0442\u044c \u043e \u043c\u0435\u0442\u043e\u0434\u0430\u0445 \u043e\u0431\u0443\u0447\u0435\u043d\u0438\u044f \u0441\u043e\u0431\u0430\u043a \u0438 \u043f\u0440\u0438\u043d\u0446\u0438\u043f\u0430\u0445 \u043e\u0440\u0433\u0430\u043d\u0438\u0437\u0430\u0446\u0438\u0438 \u043e\u0431\u0443\u0447\u0435\u043d\u0438\u044f, \u0442\u0430\u043a\u0436\u0435 \u043e \u043d\u0435\u043e\u0431\u0445\u043e\u0434\u0438\u043c\u043e\u043c \u0438\u043d\u0432\u0435\u043d\u0442\u0430\u0440\u0435. \u041f\u0440\u043e\u0444\u0435\u0441\u0441\u0438\u043e\u043d\u0430\u043b\u044c\u043d\u044b\u0439 \u043a\u0438\u043d\u043e\u043b\u043e\u0433 \u043f\u0440\u043e\u0442\u0435\u0441\u0442\u0438\u0440\u0443\u0435\u0442 \u0432\u0430\u0448\u0435\u0433\u043e \u0449\u0435\u043d\u043a\u0430 \u0438\u043b\u0438 \u0441\u043e\u0431\u0430\u043a\u0443, \u0440\u0430\u0441\u0441\u043a\u0430\u0436\u0435\u0442 \u043e\u0431 \u043e\u0441\u043e\u0431\u0435\u043d\u043d\u043e\u0441\u0442\u044f\u0445 \u043e\u0431\u0443\u0447\u0435\u043d\u0438\u044f \u043f\u043e\u0440\u043e\u0434\u044b \u0438 \u043e \u043f\u0435\u0440\u0441\u043f\u0435\u043a\u0442\u0438\u0432\u0430\u0445 \u0435\u0433\u043e \u043e\u0431\u0443\u0447\u0435\u043d\u0438\u044f. \u0412\u0430\u043c \u043f\u0440\u043e\u0434\u0435\u043c\u043e\u043d\u0441\u0442\u0440\u0438\u0440\u0443\u044e\u0442 \u044d\u043b\u0435\u043c\u0435\u043d\u0442\u044b \u043f\u043e\u0441\u043b\u0443\u0448\u0430\u043d\u0438\u044f \u00ab\u043e\u0431\u0440\u0430\u0437\u043e\u0432\u0430\u043d\u043d\u043e\u0439\u00bb \u0441\u043e\u0431\u0430\u043a\u0438, \u0438 [&hellip;]<\/p>\n","protected":false},"author":1,"featured_media":0,"parent":0,"menu_order":0,"comment_status":"closed","ping_status":"closed","template":"page-fullwidth.php","meta":{"_acf_changed":false,"_glsr_average":0,"_glsr_ranking":0,"_glsr_reviews":0,"footnotes":""},"translation":{"provider":"WPGlobus","version":"2.12.2","language":"ru","enabled_languages":["lv","en","ru"],"languages":{"lv":{"title":true,"content":true,"excerpt":false},"en":{"title":false,"content":false,"excerpt":false},"ru":{"title":true,"content":true,"excerpt":false}}},"acf":[],"yoast_head":"<!-- This site is optimized with the Yoast SEO plugin v22.5 - https:\/\/yoast.com\/wordpress\/plugins\/seo\/ -->\n<title>\u041a\u0438\u043d\u043e\u043b\u043e\u0433\u0438 - Whisker<\/title>\n<meta name=\"robots\" content=\"index, follow, max-snippet:-1, max-image-preview:large, max-video-preview:-1\" \/>\n<link rel=\"canonical\" href=\"https:\/\/www.whisker.lv\/ru\/sunu-apmacibas-skola\/\" \/>\n<meta property=\"og:locale\" content=\"ru_RU\" \/>\n<meta property=\"og:type\" content=\"article\" \/>\n<meta property=\"og:title\" content=\"\u041a\u0438\u043d\u043e\u043b\u043e\u0433\u0438 - Whisker\" \/>\n<meta property=\"og:url\" content=\"https:\/\/www.whisker.lv\/ru\/sunu-apmacibas-skola\/\" \/>\n<meta property=\"og:site_name\" content=\"Whisker\" \/>\n<meta property=\"article:publisher\" content=\"https:\/\/www.facebook.com\/whisker.lv\/\" \/>\n<meta property=\"article:modified_time\" content=\"2019-03-03T08:10:21+00:00\" \/>\n<meta name=\"twitter:card\" content=\"summary_large_image\" \/>\n<meta name=\"twitter:label1\" content=\"Est. reading time\" \/>\n\t<meta name=\"twitter:data1\" content=\"2 minutes\" \/>\n<script type=\"application\/ld+json\" class=\"yoast-schema-graph\">{\"@context\":\"https:\/\/schema.org\",\"@graph\":[{\"@type\":\"WebPage\",\"@id\":\"https:\/\/www.whisker.lv\/ru\/sunu-apmacibas-skola\/\",\"url\":\"https:\/\/www.whisker.lv\/ru\/sunu-apmacibas-skola\/\",\"name\":\"\u041a\u0438\u043d\u043e\u043b\u043e\u0433\u0438 - Whisker\",\"isPartOf\":{\"@id\":\"https:\/\/www.whisker.lv\/#website\"},\"datePublished\":\"2018-05-21T13:56:42+00:00\",\"dateModified\":\"2019-03-03T08:10:21+00:00\",\"description\":\"Whisker iesaka - Su\u0146u apm\u0101c\u012bbas skola. Kinologs Jevge\u0146ijs Novikovs. Izbraukuma konsult\u0101cija\/apm\u0101c\u012bba. Apm\u0101c\u012bba (uzved\u012bbas korekcija) pansij\u0101.\",\"breadcrumb\":{\"@id\":\"https:\/\/www.whisker.lv\/ru\/sunu-apmacibas-skola\/#breadcrumb\"},\"inLanguage\":\"ru-RU\",\"potentialAction\":[{\"@type\":\"ReadAction\",\"target\":[\"https:\/\/www.whisker.lv\/ru\/sunu-apmacibas-skola\/\"]}]},{\"@type\":\"BreadcrumbList\",\"@id\":\"https:\/\/www.whisker.lv\/ru\/sunu-apmacibas-skola\/#breadcrumb\",\"itemListElement\":[{\"@type\":\"ListItem\",\"position\":1,\"name\":\"S\u0101kums\",\"item\":\"https:\/\/www.whisker.lv\/\"},{\"@type\":\"ListItem\",\"position\":2,\"name\":\"\u041a\u0438\u043d\u043e\u043b\u043e\u0433\u0438\"}]},{\"@type\":\"WebSite\",\"@id\":\"https:\/\/www.whisker.lv\/#website\",\"url\":\"https:\/\/www.whisker.lv\/\",\"name\":\"Whisker\",\"description\":\"Tavs pal\u012bgs m\u0101jdzivnieku pieskat\u012b\u0161an\u0101\",\"potentialAction\":[{\"@type\":\"SearchAction\",\"target\":{\"@type\":\"EntryPoint\",\"urlTemplate\":\"https:\/\/www.whisker.lv\/?s={search_term_string}\"},\"query-input\":\"required name=search_term_string\"}],\"inLanguage\":\"ru-RU\"}]}<\/script>\n<!-- \/ Yoast SEO plugin. -->","yoast_head_json":{"title":"\u041a\u0438\u043d\u043e\u043b\u043e\u0433\u0438 - Whisker","robots":{"index":"index","follow":"follow","max-snippet":"max-snippet:-1","max-image-preview":"max-image-preview:large","max-video-preview":"max-video-preview:-1"},"canonical":"https:\/\/www.whisker.lv\/ru\/sunu-apmacibas-skola\/","og_locale":"ru_RU","og_type":"article","og_title":"\u041a\u0438\u043d\u043e\u043b\u043e\u0433\u0438 - Whisker","og_url":"https:\/\/www.whisker.lv\/ru\/sunu-apmacibas-skola\/","og_site_name":"Whisker","article_publisher":"https:\/\/www.facebook.com\/whisker.lv\/","article_modified_time":"2019-03-03T08:10:21+00:00","twitter_card":"summary_large_image","twitter_misc":{"Est. reading time":"2 minutes"},"schema":{"@context":"https:\/\/schema.org","@graph":[{"@type":"WebPage","@id":"https:\/\/www.whisker.lv\/ru\/sunu-apmacibas-skola\/","url":"https:\/\/www.whisker.lv\/ru\/sunu-apmacibas-skola\/","name":"\u041a\u0438\u043d\u043e\u043b\u043e\u0433\u0438 - Whisker","isPartOf":{"@id":"https:\/\/www.whisker.lv\/#website"},"datePublished":"2018-05-21T13:56:42+00:00","dateModified":"2019-03-03T08:10:21+00:00","description":"Whisker iesaka - Su\u0146u apm\u0101c\u012bbas skola. Kinologs Jevge\u0146ijs Novikovs. Izbraukuma konsult\u0101cija\/apm\u0101c\u012bba. Apm\u0101c\u012bba (uzved\u012bbas korekcija) pansij\u0101.","breadcrumb":{"@id":"https:\/\/www.whisker.lv\/ru\/sunu-apmacibas-skola\/#breadcrumb"},"inLanguage":"ru-RU","potentialAction":[{"@type":"ReadAction","target":["https:\/\/www.whisker.lv\/ru\/sunu-apmacibas-skola\/"]}]},{"@type":"BreadcrumbList","@id":"https:\/\/www.whisker.lv\/ru\/sunu-apmacibas-skola\/#breadcrumb","itemListElement":[{"@type":"ListItem","position":1,"name":"S\u0101kums","item":"https:\/\/www.whisker.lv\/"},{"@type":"ListItem","position":2,"name":"\u041a\u0438\u043d\u043e\u043b\u043e\u0433\u0438"}]},{"@type":"WebSite","@id":"https:\/\/www.whisker.lv\/#website","url":"https:\/\/www.whisker.lv\/","name":"Whisker","description":"Tavs pal\u012bgs m\u0101jdzivnieku pieskat\u012b\u0161an\u0101","potentialAction":[{"@type":"SearchAction","target":{"@type":"EntryPoint","urlTemplate":"https:\/\/www.whisker.lv\/?s={search_term_string}"},"query-input":"required name=search_term_string"}],"inLanguage":"ru-RU"}]}},"_links":{"self":[{"href":"https:\/\/www.whisker.lv\/ru\/wp-json\/wp\/v2\/pages\/2475"}],"collection":[{"href":"https:\/\/www.whisker.lv\/ru\/wp-json\/wp\/v2\/pages"}],"about":[{"href":"https:\/\/www.whisker.lv\/ru\/wp-json\/wp\/v2\/types\/page"}],"author":[{"embeddable":true,"href":"https:\/\/www.whisker.lv\/ru\/wp-json\/wp\/v2\/users\/1"}],"replies":[{"embeddable":true,"href":"https:\/\/www.whisker.lv\/ru\/wp-json\/wp\/v2\/comments?post=2475"}],"version-history":[{"count":21,"href":"https:\/\/www.whisker.lv\/ru\/wp-json\/wp\/v2\/pages\/2475\/revisions"}],"predecessor-version":[{"id":8474,"href":"https:\/\/www.whisker.lv\/ru\/wp-json\/wp\/v2\/pages\/2475\/revisions\/8474"}],"wp:attachment":[{"href":"https:\/\/www.whisker.lv\/ru\/wp-json\/wp\/v2\/media?parent=2475"}],"curies":[{"name":"wp","href":"https:\/\/api.w.org\/{rel}","templated":true}]}}