



{"id":2483,"date":"2018-05-21T16:48:55","date_gmt":"2018-05-21T14:18:55","guid":{"rendered":"https:\/\/www.whisker.lv\/demo\/?page_id=2483"},"modified":"2018-06-15T16:54:51","modified_gmt":"2018-06-15T14:24:51","slug":"buj-2","status":"publish","type":"page","link":"https:\/\/www.whisker.lv\/ru\/buj-2\/","title":{"rendered":"\u0427\u0417\u0412"},"content":{"rendered":"[vc_row][vc_column][vc_toggle title=&#8221;\u041a\u0442\u043e \u043f\u043e\u0432\u0435\u0434\u0435\u0442 \u043c\u043e\u044e \u0441\u043e\u0431\u0430\u043a\u0443 \u043d\u0430 \u043f\u0440\u043e\u0433\u0443\u043b\u043a\u0443?&#8221; css=&#8221;.vc_custom_1526912360948{padding-top: 65px !important;}&#8221;]\u0422\u0432\u043e\u044e \u0441\u043e\u0431\u0430\u043a\u0443 \u0432\u044b\u0432\u0435\u0434\u0435\u0442 \u043f\u043e\u0433\u0443\u043b\u044f\u0442\u044c \u043e\u0431\u0443\u0447\u0435\u043d\u043d\u044b\u0439 \u043f\u043e\u043c\u043e\u0449\u043d\u0438\u043a Whisker, \u043a\u043e\u0442\u043e\u0440\u044b\u0439 \u0438\u043c\u0435\u0435\u0442 \u043f\u0440\u043e\u0444\u0435\u0441\u0441\u0438\u043e\u043d\u0430\u043b\u044c\u043d\u044b\u0435 \u043d\u0430\u0432\u044b\u043a\u0438 \u0438 \u043e\u043f\u044b\u0442 \u0440\u0430\u0431\u043e\u0442\u044b \u0441 \u0441\u043e\u0431\u0430\u043a\u0430\u043c\u0438.[\/vc_toggle][vc_toggle title=&#8221;\u041f\u043e\u0432\u0435\u0434\u0443\u0442 \u043b\u0438 \u043c\u043e\u044e \u0441\u043e\u0431\u0430\u043a\u0443 \u0432\u043c\u0435\u0441\u0442\u0435 \u0441 \u0434\u0440\u0443\u0433\u0438\u043c\u0438 \u0441\u043e\u0431\u0430\u043a\u0430\u043c\u0438?&#8221;]\u041d\u0435\u0442, \u043c\u044b \u043d\u0435 \u0432\u043e\u0434\u0438\u043c \u043d\u0430 \u043f\u0440\u043e\u0433\u0443\u043b\u043a\u0443 \u043d\u0435\u0437\u043d\u0430\u043a\u043e\u043c\u044b\u0445 \u043c\u0435\u0436\u0434\u0443 \u0441\u043e\u0431\u043e\u0439 \u0441\u043e\u0431\u0430\u043a. \u0415\u0441\u043b\u0438 \u0443 \u0442\u0435\u0431\u044f \u043d\u0435\u0441\u043a\u043e\u043b\u044c\u043a\u043e \u0441\u043e\u0431\u0430\u043a, \u043c\u044b \u0441 \u0443\u0434\u043e\u0432\u043e\u043b\u044c\u0441\u0442\u0432\u0438\u0435\u043c \u043f\u043e\u0432\u0435\u0434\u0435\u043c \u0438\u0445 \u043d\u0430 \u043f\u0440\u043e\u0433\u0443\u043b\u043a\u0443 \u0432\u043c\u0435\u0441\u0442\u0435.[\/vc_toggle][\/vc_column][\/vc_row][vc_row][vc_column][vc_toggle title=&#8221;\u0415\u0441\u043b\u0438 \u0443 \u043c\u0435\u043d\u044f \u0434\u0432\u0435 \u0438\u043b\u0438 \u0431\u043e\u043b\u044c\u0448\u0435 \u0441\u043e\u0431\u0430\u043a, \u043d\u0443\u0436\u043d\u043e \u043b\u0438 \u0431\u0443\u0434\u0435\u0442 \u043f\u043b\u0430\u0442\u0438\u0442\u044c \u043f\u043e\u043b\u043d\u0443\u044e \u0446\u0435\u043d\u0443 \u0437\u0430 \u043a\u0430\u0436\u0434\u0443\u044e?&#8221;]\u041f\u043e\u043b\u043d\u0443\u044e \u0446\u0435\u043d\u0443 \u0442\u044b \u043f\u043b\u0430\u0442\u0438\u0448\u044c \u0437\u0430 \u043f\u0435\u0440\u0432\u0443\u044e \u0441\u043e\u0431\u0430\u043a\u0443, \u043f\u043e \u043f\u043e\u0432\u043e\u0434\u0443 \u043a\u0430\u0436\u0434\u043e\u0439 \u0441\u043b\u0435\u0434\u0443\u044e\u0449\u0435\u0439 \u0434\u043e\u0433\u043e\u0432\u0430\u0440\u0438\u0432\u0430\u0435\u0448\u044c\u0441\u044f \u0441 \u0432\u044b\u0431\u0440\u0430\u043d\u043d\u044b\u043c \u043f\u043e\u043c\u043e\u0449\u043d\u0438\u043a\u043e\u043c.[\/vc_toggle][\/vc_column][\/vc_row][vc_row][vc_column][vc_toggle title=&#8221;\u041a\u0430\u043a \u043e\u0441\u0442\u0430\u0432\u0438\u0442\u044c \u043e\u0442\u0437\u044b\u0432 \u043e \u043f\u043e\u043c\u043e\u0449\u043d\u0438\u043a\u0435 Whisker?&#8221;]\u0422\u044b \u043c\u043e\u0436\u0435\u0448\u044c \u043e\u0446\u0435\u043d\u0438\u0442\u044c \u043f\u0440\u0438 \u043f\u043e\u043c\u043e\u0449\u0438 \u043f\u044f\u0442\u0438 \u0437\u0432\u0435\u0437\u0434\u043e\u0447\u0435\u043a \u0443\u0441\u043b\u0443\u0433\u0438 \u043f\u043e\u043c\u043e\u0449\u043d\u0438\u043a\u0430<br \/>\nWhisker \u0438 \u043e\u0441\u0442\u0430\u0432\u0438\u0442\u044c \u043a\u043e\u043c\u043c\u0435\u043d\u0442\u0430\u0440\u0438\u0439.[\/vc_toggle][\/vc_column][\/vc_row][vc_row][vc_column][vc_toggle title=&#8221;\u0411\u0443\u0434\u0435\u0442 \u043b\u0438 \u043c\u043e\u0439 \u043f\u0438\u0442\u043e\u043c\u0435\u0446 \u0441 \u0434\u0440\u0443\u0433\u0438\u043c\u0438 \u0434\u043e\u043c\u0430\u0448\u043d\u0438\u043c\u0438 \u0436\u0438\u0432\u043e\u0442\u043d\u044b\u043c\u0438 \u0432\u043e \u0432\u0440\u0435\u043c\u044f \u043f\u0440\u0438\u0441\u043c\u043e\u0442\u0440\u0430?&#8221;]\u0412\u0441\u0435 \u0437\u0430\u0432\u0438\u0441\u0438\u0442 \u043e\u0442 \u0442\u0432\u043e\u0438\u0445 \u0436\u0435\u043b\u0430\u043d\u0438\u0439 \u0438 \u0436\u0435\u043b\u0430\u043d\u0438\u0439 \u0442\u0432\u043e\u0435\u0433\u043e \u043f\u0438\u0442\u043e\u043c\u0446\u0430. \u0412\u044b\u0431\u0438\u0440\u0430\u044f \u0431\u043b\u0438\u0436\u0430\u0439\u0448\u0443\u044e \u043a \u0442\u0435\u0431\u0435 \u00ab\u043d\u044f\u043d\u044e\u00bb, \u0442\u044b \u043c\u043e\u0436\u0435\u0448\u044c \u043f\u0440\u043e\u0441\u043c\u043e\u0442\u0440\u0435\u0442\u044c \u043f\u0440\u043e\u0444\u0438\u043b\u044c \u0440\u0430\u0431\u043e\u0442\u043d\u0438\u043a\u0430 \u0438 \u0443\u0431\u0435\u0434\u0438\u0442\u044c\u0441\u044f, \u0435\u0441\u0442\u044c \u043b\u0438 \u0443 \u043d\u0435\u0433\u043e \u0436\u0438\u0432\u043e\u0442\u043d\u044b\u0435. \u0415\u0441\u043b\u0438 \u0435\u0441\u0442\u044c, \u0438 \u044d\u0442\u043e \u043f\u043e\u043d\u0440\u0430\u0432\u0438\u0442\u0441\u044f \u0442\u0432\u043e\u0435\u043c\u0443 \u043b\u044e\u0431\u0438\u043c\u0446\u0443, \u0442\u043e\u0433\u0434\u0430 \u0440\u0435\u0437\u0435\u0440\u0432\u0438\u0440\u0443\u0439 \u044d\u0442\u043e\u0433\u043e \u0440\u0430\u0431\u043e\u0442\u043d\u0438\u043a\u0430. \u0415\u0441\u043b\u0438 \u043f\u0440\u0435\u0434\u043f\u043e\u0447\u0438\u0442\u0430\u0435\u0448\u044c \u043f\u043e\u043c\u043e\u0449\u043d\u0438\u043a\u0430 \u0431\u0435\u0437 \u0434\u043e\u043c\u0430\u0448\u043d\u0438\u0445 \u0436\u0438\u0432\u043e\u0442\u043d\u044b\u0445, \u0442\u043e\u0433\u0434\u0430 \u0432\u044b\u0431\u0438\u0440\u0430\u0439 \u0434\u0440\u0443\u0433\u043e\u0433\u043e \u043d\u0430\u0448\u0435\u0433\u043e \u0440\u0430\u0431\u043e\u0442\u043d\u0438\u043a\u0430.[\/vc_toggle][\/vc_column][\/vc_row][vc_row][vc_column][vc_toggle title=&#8221;\u041c\u043e\u0433\u0443 \u043b\u0438 \u044f \u0432\u044b\u0431\u0440\u0430\u0442\u044c \u0442\u043e\u0433\u043e, \u043a\u0442\u043e \u043f\u043e\u0432\u0435\u0434\u0435\u0442 \u043c\u043e\u044e \u0441\u043e\u0431\u0430\u043a\u0443 \u0433\u0443\u043b\u044f\u0442\u044c?&#8221;]\u0422\u044b \u043c\u043e\u0436\u0435\u0448\u044c \u0441\u0430\u043c \u0432\u044b\u0431\u0440\u0430\u0442\u044c \u043b\u044e\u0431\u043e\u0433\u043e \u0438\u0437 \u043d\u0430\u0448\u0438\u0445 \u043f\u043e\u043c\u043e\u0449\u043d\u0438\u043a\u043e\u0432.[\/vc_toggle][\/vc_column][\/vc_row][vc_row][vc_column][vc_toggle title=&#8221; \u041c\u043e\u0433\u0443 \u043b\u0438 \u044f \u0432\u044b\u0431\u0440\u0430\u0442\u044c \u0442\u043e\u0433\u043e, \u043a\u0442\u043e \u043f\u0440\u0438\u0441\u043c\u043e\u0442\u0440\u0438\u0442 \u0437\u0430 \u043c\u043e\u0438\u043c \u043f\u0438\u0442\u043e\u043c\u0446\u0435\u043c?&#8221;]\u0414\u0430, \u0442\u044b \u043c\u043e\u0436\u0435\u0448\u044c \u0432\u044b\u0431\u0440\u0430\u0442\u044c \u043d\u0430\u0438\u0431\u043e\u043b\u0435\u0435 \u043f\u043e\u0434\u0445\u043e\u0434\u044f\u0449\u0443\u044e \u00ab\u043d\u044f\u043d\u044e\u00bb \u0438 \u043c\u0435\u0441\u0442\u043e, \u0433\u0434\u0435 \u0431\u0443\u0434\u0435\u0442 \u0433\u043e\u0441\u0442\u0438\u0442\u044c \u0442\u0432\u043e\u0439 \u043f\u0438\u0442\u043e\u043c\u0435\u0446.[\/vc_toggle][\/vc_column][\/vc_row][vc_row][vc_column][vc_toggle title=&#8221;\u041f\u0440\u0435\u0434\u043e\u0441\u0442\u0430\u0432\u043b\u044f\u044e\u0442\u0441\u044f \u043b\u0438 \u043f\u0440\u043e\u0433\u0443\u043b\u043a\u0438 \u0431\u0435\u0437 \u043f\u043e\u0432\u043e\u0434\u043a\u0430?&#8221;]\u0412\u0441\u0435 \u043d\u0430\u0448\u0438 \u043f\u0440\u043e\u0433\u0443\u043b\u043a\u0438 \u043f\u0440\u043e\u0445\u043e\u0434\u044f\u0442 \u0442\u043e\u043b\u044c\u043a\u043e \u043d\u0430 \u043f\u043e\u0432\u043e\u0434\u043a\u0435.[\/vc_toggle][\/vc_column][\/vc_row][vc_row][vc_column][vc_toggle title=&#8221;\u041a\u0430\u043a \u043e\u0442\u043c\u0435\u043d\u0438\u0442\u044c \u0440\u0435\u0437\u0435\u0440\u0432\u0430\u0446\u0438\u044e \u043f\u0440\u043e\u0433\u0443\u043b\u043a\u0438?&#8221;]\u0421\u0432\u044f\u0436\u0438\u0441\u044c \u0441 \u043d\u0430\u043c\u0438 \u0438 \u0441 \u0432\u044b\u0431\u0440\u0430\u043d\u043d\u044b\u043c \u043f\u043e\u043c\u043e\u0449\u043d\u0438\u043a\u043e\u043c Whisker.[\/vc_toggle][\/vc_column][\/vc_row]\n[vc_row][vc_column][vc_toggle title=&#8221;\u041a\u0430\u043a \u043c\u043d\u0435 \u0434\u043e\u0431\u0430\u0432\u0438\u0442\u044c \u043d\u043e\u0432\u0443\u044e \u0441\u043e\u0431\u0430\u043a\u0443 \u0432 \u0438\u043c\u0435\u044e\u0449\u0438\u0439\u0441\u044f \u043f\u0440\u043e\u0444\u0438\u043b\u044c?&#8221;]\u0421\u0432\u044f\u0436\u0438\u0441\u044c \u0441 \u043d\u0430\u043c\u0438, \u0438 \u043c\u044b \u0434\u043e\u0431\u0430\u0432\u0438\u043c \u043d\u043e\u0432\u043e\u0433\u043e \u043f\u0438\u0442\u043e\u043c\u0446\u0430 \u0432 \u0442\u0432\u043e\u0439 \u043f\u0440\u043e\u0444\u0438\u043b\u044c.[\/vc_toggle][\/vc_column][\/vc_row]\n[vc_row][vc_column][vc_toggle title=&#8221;\u0412\u0445\u043e\u0434\u0438\u0442 \u043b\u0438 \u0435\u0434\u0430 \u0434\u043b\u044f \u0436\u0438\u0432\u043e\u0442\u043d\u043e\u0433\u043e \u0432 \u0446\u0435\u043d\u0443 \u043f\u0440\u0438\u0441\u043c\u043e\u0442\u0440\u0430?&#8221;]\u0415\u0434\u0430 \u0434\u043b\u044f \u043f\u0438\u0442\u043e\u043c\u0446\u0430 \u0432 \u0446\u0435\u043d\u0443 \u043d\u0435 \u0432\u0445\u043e\u0434\u0438\u0442, \u043f\u043e\u044d\u0442\u043e\u043c\u0443 \u043f\u043e\u0434\u0433\u043e\u0442\u043e\u0432\u044c \u0435\u0434\u0443 \u0438 \u043b\u0430\u043a\u043e\u043c\u0441\u0442\u0432\u0430, \u043a\u043e\u0442\u043e\u0440\u044b\u0435 \u0435\u0441\u0442 \u0442\u0432\u043e\u0439 \u043f\u0438\u0442\u043e\u043c\u0435\u0446, \u0432 \u043a\u043e\u043b\u0438\u0447\u0435\u0441\u0442\u0432\u0435, \u043a\u043e\u0442\u043e\u0440\u043e\u0433\u043e \u0445\u0432\u0430\u0442\u0438\u0442 \u043d\u0430 \u0441\u0440\u043e\u043a \u043f\u0440\u0438\u0441\u043c\u043e\u0442\u0440\u0430.[\/vc_toggle][\/vc_column][\/vc_row]\n","protected":false},"excerpt":{"rendered":"<p>[vc_row][vc_column][vc_toggle title=&#8221;\u041a\u0442\u043e \u043f\u043e\u0432\u0435\u0434\u0435\u0442 \u043c\u043e\u044e \u0441\u043e\u0431\u0430\u043a\u0443 \u043d\u0430 \u043f\u0440\u043e\u0433\u0443\u043b\u043a\u0443?&#8221; css=&#8221;.vc_custom_1526912360948{padding-top: 65px !important;}&#8221;]\u0422\u0432\u043e\u044e \u0441\u043e\u0431\u0430\u043a\u0443 \u0432\u044b\u0432\u0435\u0434\u0435\u0442 \u043f\u043e\u0433\u0443\u043b\u044f\u0442\u044c \u043e\u0431\u0443\u0447\u0435\u043d\u043d\u044b\u0439 \u043f\u043e\u043c\u043e\u0449\u043d\u0438\u043a Whisker, \u043a\u043e\u0442\u043e\u0440\u044b\u0439 \u0438\u043c\u0435\u0435\u0442 \u043f\u0440\u043e\u0444\u0435\u0441\u0441\u0438\u043e\u043d\u0430\u043b\u044c\u043d\u044b\u0435 \u043d\u0430\u0432\u044b\u043a\u0438 \u0438 \u043e\u043f\u044b\u0442 \u0440\u0430\u0431\u043e\u0442\u044b \u0441 \u0441\u043e\u0431\u0430\u043a\u0430\u043c\u0438.[\/vc_toggle][vc_toggle title=&#8221;\u041f\u043e\u0432\u0435\u0434\u0443\u0442 \u043b\u0438 \u043c\u043e\u044e \u0441\u043e\u0431\u0430\u043a\u0443 \u0432\u043c\u0435\u0441\u0442\u0435 \u0441 \u0434\u0440\u0443\u0433\u0438\u043c\u0438 \u0441\u043e\u0431\u0430\u043a\u0430\u043c\u0438?&#8221;]\u041d\u0435\u0442, \u043c\u044b \u043d\u0435 \u0432\u043e\u0434\u0438\u043c \u043d\u0430 \u043f\u0440\u043e\u0433\u0443\u043b\u043a\u0443 \u043d\u0435\u0437\u043d\u0430\u043a\u043e\u043c\u044b\u0445 \u043c\u0435\u0436\u0434\u0443 \u0441\u043e\u0431\u043e\u0439 \u0441\u043e\u0431\u0430\u043a. \u0415\u0441\u043b\u0438 \u0443 \u0442\u0435\u0431\u044f \u043d\u0435\u0441\u043a\u043e\u043b\u044c\u043a\u043e \u0441\u043e\u0431\u0430\u043a, \u043c\u044b \u0441 \u0443\u0434\u043e\u0432\u043e\u043b\u044c\u0441\u0442\u0432\u0438\u0435\u043c \u043f\u043e\u0432\u0435\u0434\u0435\u043c \u0438\u0445 \u043d\u0430 \u043f\u0440\u043e\u0433\u0443\u043b\u043a\u0443 \u0432\u043c\u0435\u0441\u0442\u0435.[\/vc_toggle][\/vc_column][\/vc_row][vc_row][vc_column][vc_toggle [&hellip;]<\/p>\n","protected":false},"author":1,"featured_media":0,"parent":0,"menu_order":0,"comment_status":"closed","ping_status":"closed","template":"page-fullwidth.php","meta":{"_acf_changed":false,"_glsr_average":0,"_glsr_ranking":0,"_glsr_reviews":0,"footnotes":""},"translation":{"provider":"WPGlobus","version":"2.12.2","language":"ru","enabled_languages":["lv","en","ru"],"languages":{"lv":{"title":true,"content":true,"excerpt":false},"en":{"title":true,"content":true,"excerpt":false},"ru":{"title":true,"content":true,"excerpt":false}}},"acf":[],"yoast_head":"<!-- This site is optimized with the Yoast SEO plugin v22.5 - https:\/\/yoast.com\/wordpress\/plugins\/seo\/ -->\n<title>\u0427\u0417\u0412 - Whisker<\/title>\n<meta name=\"robots\" content=\"index, follow, max-snippet:-1, max-image-preview:large, max-video-preview:-1\" \/>\n<link rel=\"canonical\" href=\"https:\/\/www.whisker.lv\/buj-2\/\" \/>\n<meta property=\"og:locale\" content=\"ru_RU\" \/>\n<meta property=\"og:type\" content=\"article\" \/>\n<meta property=\"og:title\" content=\"\u0427\u0417\u0412 - Whisker\" \/>\n<meta property=\"og:url\" content=\"https:\/\/www.whisker.lv\/buj-2\/\" \/>\n<meta property=\"og:site_name\" content=\"Whisker\" \/>\n<meta property=\"article:publisher\" content=\"https:\/\/www.facebook.com\/whisker.lv\/\" \/>\n<meta property=\"article:modified_time\" content=\"2018-06-15T14:24:51+00:00\" \/>\n<meta name=\"twitter:card\" content=\"summary_large_image\" \/>\n<meta name=\"twitter:label1\" content=\"Est. reading time\" \/>\n\t<meta name=\"twitter:data1\" content=\"6 minutes\" \/>\n<script type=\"application\/ld+json\" class=\"yoast-schema-graph\">{\"@context\":\"https:\/\/schema.org\",\"@graph\":[{\"@type\":\"WebPage\",\"@id\":\"https:\/\/www.whisker.lv\/buj-2\/\",\"url\":\"https:\/\/www.whisker.lv\/buj-2\/\",\"name\":\"\u0427\u0417\u0412 - Whisker\",\"isPartOf\":{\"@id\":\"https:\/\/www.whisker.lv\/#website\"},\"datePublished\":\"2018-05-21T14:18:55+00:00\",\"dateModified\":\"2018-06-15T14:24:51+00:00\",\"breadcrumb\":{\"@id\":\"https:\/\/www.whisker.lv\/buj-2\/#breadcrumb\"},\"inLanguage\":\"ru-RU\",\"potentialAction\":[{\"@type\":\"ReadAction\",\"target\":[\"https:\/\/www.whisker.lv\/buj-2\/\"]}]},{\"@type\":\"BreadcrumbList\",\"@id\":\"https:\/\/www.whisker.lv\/buj-2\/#breadcrumb\",\"itemListElement\":[{\"@type\":\"ListItem\",\"position\":1,\"name\":\"S\u0101kums\",\"item\":\"https:\/\/www.whisker.lv\/\"},{\"@type\":\"ListItem\",\"position\":2,\"name\":\"BUJ\"}]},{\"@type\":\"WebSite\",\"@id\":\"https:\/\/www.whisker.lv\/#website\",\"url\":\"https:\/\/www.whisker.lv\/\",\"name\":\"Whisker\",\"description\":\"Tavs pal\u012bgs m\u0101jdzivnieku pieskat\u012b\u0161an\u0101\",\"potentialAction\":[{\"@type\":\"SearchAction\",\"target\":{\"@type\":\"EntryPoint\",\"urlTemplate\":\"https:\/\/www.whisker.lv\/?s={search_term_string}\"},\"query-input\":\"required name=search_term_string\"}],\"inLanguage\":\"ru-RU\"}]}<\/script>\n<!-- \/ Yoast SEO plugin. -->","yoast_head_json":{"title":"\u0427\u0417\u0412 - Whisker","robots":{"index":"index","follow":"follow","max-snippet":"max-snippet:-1","max-image-preview":"max-image-preview:large","max-video-preview":"max-video-preview:-1"},"canonical":"https:\/\/www.whisker.lv\/buj-2\/","og_locale":"ru_RU","og_type":"article","og_title":"\u0427\u0417\u0412 - Whisker","og_url":"https:\/\/www.whisker.lv\/buj-2\/","og_site_name":"Whisker","article_publisher":"https:\/\/www.facebook.com\/whisker.lv\/","article_modified_time":"2018-06-15T14:24:51+00:00","twitter_card":"summary_large_image","twitter_misc":{"Est. reading time":"6 minutes"},"schema":{"@context":"https:\/\/schema.org","@graph":[{"@type":"WebPage","@id":"https:\/\/www.whisker.lv\/buj-2\/","url":"https:\/\/www.whisker.lv\/buj-2\/","name":"\u0427\u0417\u0412 - Whisker","isPartOf":{"@id":"https:\/\/www.whisker.lv\/#website"},"datePublished":"2018-05-21T14:18:55+00:00","dateModified":"2018-06-15T14:24:51+00:00","breadcrumb":{"@id":"https:\/\/www.whisker.lv\/buj-2\/#breadcrumb"},"inLanguage":"ru-RU","potentialAction":[{"@type":"ReadAction","target":["https:\/\/www.whisker.lv\/buj-2\/"]}]},{"@type":"BreadcrumbList","@id":"https:\/\/www.whisker.lv\/buj-2\/#breadcrumb","itemListElement":[{"@type":"ListItem","position":1,"name":"S\u0101kums","item":"https:\/\/www.whisker.lv\/"},{"@type":"ListItem","position":2,"name":"BUJ"}]},{"@type":"WebSite","@id":"https:\/\/www.whisker.lv\/#website","url":"https:\/\/www.whisker.lv\/","name":"Whisker","description":"Tavs pal\u012bgs m\u0101jdzivnieku pieskat\u012b\u0161an\u0101","potentialAction":[{"@type":"SearchAction","target":{"@type":"EntryPoint","urlTemplate":"https:\/\/www.whisker.lv\/?s={search_term_string}"},"query-input":"required name=search_term_string"}],"inLanguage":"ru-RU"}]}},"_links":{"self":[{"href":"https:\/\/www.whisker.lv\/ru\/wp-json\/wp\/v2\/pages\/2483"}],"collection":[{"href":"https:\/\/www.whisker.lv\/ru\/wp-json\/wp\/v2\/pages"}],"about":[{"href":"https:\/\/www.whisker.lv\/ru\/wp-json\/wp\/v2\/types\/page"}],"author":[{"embeddable":true,"href":"https:\/\/www.whisker.lv\/ru\/wp-json\/wp\/v2\/users\/1"}],"replies":[{"embeddable":true,"href":"https:\/\/www.whisker.lv\/ru\/wp-json\/wp\/v2\/comments?post=2483"}],"version-history":[{"count":18,"href":"https:\/\/www.whisker.lv\/ru\/wp-json\/wp\/v2\/pages\/2483\/revisions"}],"predecessor-version":[{"id":3522,"href":"https:\/\/www.whisker.lv\/ru\/wp-json\/wp\/v2\/pages\/2483\/revisions\/3522"}],"wp:attachment":[{"href":"https:\/\/www.whisker.lv\/ru\/wp-json\/wp\/v2\/media?parent=2483"}],"curies":[{"name":"wp","href":"https:\/\/api.w.org\/{rel}","templated":true}]}}