



{"id":370,"date":"2014-10-01T23:06:42","date_gmt":"2014-10-01T23:06:42","guid":{"rendered":"http:\/\/petsitterwp.dan-fisher.com\/?page_id=370"},"modified":"2024-10-31T06:13:02","modified_gmt":"2024-10-31T04:13:02","slug":"par-mums","status":"publish","type":"page","link":"https:\/\/www.whisker.lv\/ru\/par-mums\/","title":{"rendered":"\u041e \u043d\u0430\u0441"},"content":{"rendered":"[vc_row css=&#8221;.vc_custom_1483909494006{margin-bottom: 30px !important;}&#8221;][vc_column][\/vc_column][vc_column][vc_empty_space height=&#8221;62px&#8221;][vc_row_inner][vc_column_inner width=&#8221;1\/2&#8243;][vc_empty_space height=&#8221;5px&#8221;][vc_column_text]\n<h2 style=\"text-align: center;\"><strong><span style=\"color: #000000;\">\u041e \u043d\u0430\u0441<\/span><\/strong><\/h2>\n<div style=\"text-align: center;\"><span style=\"color: #000000;\">\u041f\u0440\u0438\u0432\u0435\u0442! \u041c\u0435\u043d\u044f \u0437\u043e\u0432\u0443\u0442 \u041b\u0430\u0443\u0440\u0430, \u044f \u0445\u043e\u0437\u044f\u0439\u043a\u0430 \u0441\u0435\u043c\u043d\u0430\u0434\u0446\u0430\u0442\u0438\u043b\u0435\u0442\u043d\u0435\u0433\u043e \u043f\u0451\u0441\u0438\u043a\u0430 \u0412\u0438\u0441\u043a\u0438. \u042f \u0441\u0442\u043e\u043b\u043a\u043d\u0443\u043b\u0430\u0441\u044c \u0441 \u043f\u0440\u043e\u0431\u043b\u0435\u043c\u043e\u0439, \u0447\u0442\u043e \u0438\u043d\u043e\u0433\u0434\u0430, \u043f\u043b\u0430\u043d\u0438\u0440\u0443\u044f \u043e\u0442\u043f\u0443\u0441\u043a, \u0432\u044b\u0445\u043e\u0434\u043d\u044b\u0435 \u0432\u043d\u0435 \u0434\u043e\u043c\u0430 \u0438\u043b\u0438 \u0437\u0430\u0434\u0435\u0440\u0436\u0430\u0432\u0448\u0438\u0441\u044c \u043d\u0430 \u0440\u0430\u0431\u043e\u0442\u0435 \u2013 \u0445\u043e\u0447\u0435\u0442\u0441\u044f \u0441\u043e\u0432\u0441\u0435\u043c \u043d\u0435 \u0432\u043e\u043b\u043d\u043e\u0432\u0430\u0442\u044c\u0441\u044f \u043e \u0442\u043e\u043c, \u043a\u0442\u043e \u0436\u0435 \u0432 \u044d\u0442\u043e \u0432\u0440\u0435\u043c\u044f \u043f\u043e\u0437\u0430\u0431\u043e\u0442\u0438\u0442\u044c\u0441\u044f \u043e \u043c\u043e\u0451\u043c \u043b\u044e\u0431\u0438\u043c\u0446\u0435, \u0438\u043b\u0438 \u043a\u0442\u043e \u0436\u0435 \u0441\u043c\u043e\u0436\u0435\u0442 \u0432\u044b\u0432\u0435\u0441\u0442\u0438 \u0435\u0433\u043e \u043d\u0430 \u043f\u0440\u043e\u0433\u0443\u043b\u043a\u0443. \u0423\u0441\u043b\u0443\u0433\u0438 \u0433\u043e\u0441\u0442\u0438\u043d\u0438\u0446 \u044f \u0441\u0447\u0438\u0442\u0430\u044e \u0434\u043e\u0440\u043e\u0433\u0438\u043c\u0438 \u0438 \u043a \u0442\u043e\u043c\u0443 \u0436\u0435 \u0431\u0435\u0437\u043b\u0438\u0447\u043d\u044b\u043c\u0438 \u043f\u043e \u043e\u0442\u043d\u043e\u0448\u0435\u043d\u0438\u044e \u043a \u0436\u0438\u0432\u043e\u0442\u043d\u043e\u043c\u0443. \u0422\u0430\u043a\u0436\u0435 \u0438 \u043e\u0440\u0433\u0430\u043d\u0438\u0437\u043e\u0432\u044b\u0432\u0430\u043d\u0438\u0435 \u043f\u0440\u043e\u0433\u0443\u043b\u043e\u043a \u0432 \u043d\u0435\u043e\u0431\u0445\u043e\u0434\u0438\u043c\u043e\u0435 \u0432\u0440\u0435\u043c\u044f \u0434\u043b\u044f \u0441\u043e\u0431\u0430\u043a\u0438 \u2013 \u0437\u0430\u0434\u0430\u0447\u0430 \u043d\u0435\u043f\u0440\u043e\u0441\u0442\u0430\u044f. \u041f\u043e\u044d\u0442\u043e\u043c\u0443 \u043c\u043d\u0435 \u043f\u043e\u043a\u0430\u0437\u0430\u043b\u043e\u0441\u044c \u043e\u0447\u0435\u043d\u044c \u0445\u043e\u0440\u043e\u0448\u0435\u0439 \u0438\u0434\u0435\u0435\u0439 \u0441\u043e\u0437\u0434\u0430\u043d\u0438\u0435 \u043f\u043b\u0430\u0442\u0432\u043e\u0440\u043c\u044b, \u0441 \u043f\u043e\u043c\u043e\u0449\u044c\u044e \u043a\u043e\u0442\u043e\u0440\u043e\u0439 \u043a\u0430\u0436\u0434\u044b\u0439 \u0436\u0435\u043b\u0430\u044e\u0449\u0438\u0439 \u0441\u043c\u043e\u0436\u0435\u0442 \u0441\u0432\u044f\u0437\u0430\u0442\u044c\u0441\u044f \u0441 \u043e\u0431\u0443\u0447\u0435\u043d\u043d\u044b\u043c \u0438 \u0441\u043e\u043e\u0442\u0432\u0435\u0442\u0441\u0442\u0432\u0435\u043d\u043d\u043e \u043f\u043e\u0434\u0433\u043e\u0442\u043e\u0432\u043b\u0435\u043d\u043d\u044b\u043c \u043f\u0440\u0438\u0441\u043c\u043e\u0442\u0440\u0449\u0438\u043a\u043e\u043c \u0437\u0430 \u0434\u043e\u043c\u0430\u0448\u043d\u0438\u043c\u0438 \u0436\u0438\u0432\u043e\u0442\u043d\u044b\u043c\u0438. \u042d\u0442\u0438\u043c \u044f \u0438 \u0437\u0430\u043d\u044f\u043b\u0430\u0441\u044c.<\/span><\/div>\n<div><\/div>\n<div style=\"text-align: center;\"><span style=\"color: #000000;\">\u0412\u043e\u0442 \u0438 \u043e\u043d\u0430 \u2013 \u043d\u043e\u0432\u0430\u044f \u043f\u043b\u0430\u0442\u0444\u043e\u0440\u043c\u0430 Whisker.lv. \u0412\u044b\u0431\u0435\u0440\u0438 \u0443\u0441\u043b\u0443\u0433\u0443, \u043a\u043e\u0442\u043e\u0440\u0430\u044f \u0442\u0435\u0431\u0435 \u043d\u0435\u043e\u0431\u0445\u043e\u0434\u0438\u043c\u0430, \u043f\u0440\u043e\u0441\u043c\u043e\u0442\u0440\u0438 \u043f\u0440\u043e\u0444\u0438\u043b\u044c \u043f\u043e\u043c\u043e\u0449\u043d\u0438\u043a\u0430, \u0432\u044b\u0431\u0435\u0440\u0438 \u043d\u0430\u0438\u0431\u043e\u043b\u0435\u0435 \u043f\u043e\u0434\u0445\u043e\u0434\u044f\u0449\u0435\u0433\u043e, \u0438 \u043e\u043d \u043f\u043e\u0437\u0430\u0431\u043e\u0442\u0438\u0442\u0441\u044f \u043e \u0442\u0432\u043e\u0451\u043c \u0434\u043e\u043c\u0430\u0448\u043d\u0435\u043c \u043b\u044e\u0431\u0438\u043c\u0446\u0435! \u041f\u043e\u043f\u0440\u043e\u0431\u0443\u0439 \u0438 \u043d\u0435 \u0437\u0430\u0431\u0443\u0434\u044c \u043e\u0441\u0442\u0430\u0432\u0438\u0442\u044c \u0441\u0432\u043e\u0439 \u043e\u0442\u0437\u044b\u0432.<\/span><\/div>\n<div style=\"text-align: center;\"><\/div>\n<div><\/div>\n<div style=\"text-align: center;\"><span style=\"color: #000000;\">\u0417\u0434\u0435\u0441\u044c \u043c\u043e\u0436\u043d\u043e \u043e\u0437\u043d\u0430\u043a\u043e\u043c\u0438\u0442\u044c\u0441\u044f \u0441\u043e \u0432\u0441\u0435\u043c\u0438<\/span> <a href=\"https:\/\/www.whisker.lv\/ru\/paligi-r\/\">\u043f\u043e\u043c\u043e\u0449\u043d\u0438\u043a\u0430\u043c\u0438 Whisker<\/a>.<\/div>\n[\/vc_column_text][vc_btn title=&#8221;\u043a\u043e\u043d\u0442\u0430\u043a\u0442\u044b&#8221; color=&#8221;primary&#8221; align=&#8221;center&#8221; css_animation=&#8221;fadeInRight&#8221; link=&#8221;url:http%3A%2F%2Fwww.whisker.lv%2Fdemo%2Fkontakti%2F|||&#8221;][vc_empty_space height=&#8221;120px&#8221;][\/vc_column_inner][vc_column_inner width=&#8221;1\/2&#8243;][vc_images_carousel images=&#8221;5013&#8243; img_size=&#8221;large&#8221; onclick=&#8221;link_no&#8221; speed=&#8221;4000&#8243; autoplay=&#8221;yes&#8221; hide_pagination_control=&#8221;yes&#8221; hide_prev_next_buttons=&#8221;yes&#8221; css=&#8221;.vc_custom_1522217218365{background-position: 0 0 !important;background-repeat: repeat !important;}&#8221;][vc_empty_space height=&#8221;82px&#8221;][\/vc_column_inner][\/vc_row_inner][\/vc_column][\/vc_row]\n","protected":false},"excerpt":{"rendered":"<p>[vc_row css=&#8221;.vc_custom_1483909494006{margin-bottom: 30px !important;}&#8221;][vc_column][\/vc_column][vc_column][vc_empty_space height=&#8221;62px&#8221;][vc_row_inner][vc_column_inner width=&#8221;1\/2&#8243;][vc_empty_space height=&#8221;5px&#8221;][vc_column_text] \u041e \u043d\u0430\u0441 \u041f\u0440\u0438\u0432\u0435\u0442! \u041c\u0435\u043d\u044f \u0437\u043e\u0432\u0443\u0442 \u041b\u0430\u0443\u0440\u0430, \u044f \u0445\u043e\u0437\u044f\u0439\u043a\u0430 \u0441\u0435\u043c\u043d\u0430\u0434\u0446\u0430\u0442\u0438\u043b\u0435\u0442\u043d\u0435\u0433\u043e \u043f\u0451\u0441\u0438\u043a\u0430 \u0412\u0438\u0441\u043a\u0438. \u042f \u0441\u0442\u043e\u043b\u043a\u043d\u0443\u043b\u0430\u0441\u044c \u0441 \u043f\u0440\u043e\u0431\u043b\u0435\u043c\u043e\u0439, \u0447\u0442\u043e \u0438\u043d\u043e\u0433\u0434\u0430, \u043f\u043b\u0430\u043d\u0438\u0440\u0443\u044f \u043e\u0442\u043f\u0443\u0441\u043a, \u0432\u044b\u0445\u043e\u0434\u043d\u044b\u0435 \u0432\u043d\u0435 \u0434\u043e\u043c\u0430 \u0438\u043b\u0438 \u0437\u0430\u0434\u0435\u0440\u0436\u0430\u0432\u0448\u0438\u0441\u044c \u043d\u0430 \u0440\u0430\u0431\u043e\u0442\u0435 \u2013 \u0445\u043e\u0447\u0435\u0442\u0441\u044f \u0441\u043e\u0432\u0441\u0435\u043c \u043d\u0435 \u0432\u043e\u043b\u043d\u043e\u0432\u0430\u0442\u044c\u0441\u044f \u043e \u0442\u043e\u043c, \u043a\u0442\u043e \u0436\u0435 \u0432 \u044d\u0442\u043e \u0432\u0440\u0435\u043c\u044f \u043f\u043e\u0437\u0430\u0431\u043e\u0442\u0438\u0442\u044c\u0441\u044f \u043e \u043c\u043e\u0451\u043c \u043b\u044e\u0431\u0438\u043c\u0446\u0435, \u0438\u043b\u0438 \u043a\u0442\u043e \u0436\u0435 \u0441\u043c\u043e\u0436\u0435\u0442 \u0432\u044b\u0432\u0435\u0441\u0442\u0438 \u0435\u0433\u043e [&hellip;]<\/p>\n","protected":false},"author":1,"featured_media":0,"parent":0,"menu_order":0,"comment_status":"open","ping_status":"open","template":"page-fullwidth.php","meta":{"_acf_changed":false,"_glsr_average":0,"_glsr_ranking":0,"_glsr_reviews":0,"footnotes":""},"translation":{"provider":"WPGlobus","version":"2.12.2","language":"ru","enabled_languages":["lv","en","ru"],"languages":{"lv":{"title":true,"content":true,"excerpt":false},"en":{"title":true,"content":true,"excerpt":false},"ru":{"title":true,"content":true,"excerpt":false}}},"acf":[],"yoast_head":"<!-- This site is optimized with the Yoast SEO plugin v22.5 - https:\/\/yoast.com\/wordpress\/plugins\/seo\/ -->\n<title>\u041e \u043d\u0430\u0441 - Whisker<\/title>\n<meta name=\"robots\" content=\"index, follow, max-snippet:-1, max-image-preview:large, max-video-preview:-1\" \/>\n<link rel=\"canonical\" href=\"https:\/\/www.whisker.lv\/par-mums\/\" \/>\n<meta property=\"og:locale\" content=\"ru_RU\" \/>\n<meta property=\"og:type\" content=\"article\" \/>\n<meta property=\"og:title\" content=\"\u041e \u043d\u0430\u0441 - Whisker\" \/>\n<meta property=\"og:url\" content=\"https:\/\/www.whisker.lv\/par-mums\/\" \/>\n<meta property=\"og:site_name\" content=\"Whisker\" \/>\n<meta property=\"article:publisher\" content=\"https:\/\/www.facebook.com\/whisker.lv\/\" \/>\n<meta property=\"article:modified_time\" content=\"2024-10-31T04:13:02+00:00\" \/>\n<meta name=\"twitter:card\" content=\"summary_large_image\" \/>\n<meta name=\"twitter:label1\" content=\"Est. reading time\" \/>\n\t<meta name=\"twitter:data1\" content=\"1 minute\" \/>\n<script type=\"application\/ld+json\" class=\"yoast-schema-graph\">{\"@context\":\"https:\/\/schema.org\",\"@graph\":[{\"@type\":\"WebPage\",\"@id\":\"https:\/\/www.whisker.lv\/par-mums\/\",\"url\":\"https:\/\/www.whisker.lv\/par-mums\/\",\"name\":\"\u041e \u043d\u0430\u0441 - Whisker\",\"isPartOf\":{\"@id\":\"https:\/\/www.whisker.lv\/#website\"},\"datePublished\":\"2014-10-01T23:06:42+00:00\",\"dateModified\":\"2024-10-31T04:13:02+00:00\",\"breadcrumb\":{\"@id\":\"https:\/\/www.whisker.lv\/par-mums\/#breadcrumb\"},\"inLanguage\":\"ru-RU\",\"potentialAction\":[{\"@type\":\"ReadAction\",\"target\":[\"https:\/\/www.whisker.lv\/par-mums\/\"]}]},{\"@type\":\"BreadcrumbList\",\"@id\":\"https:\/\/www.whisker.lv\/par-mums\/#breadcrumb\",\"itemListElement\":[{\"@type\":\"ListItem\",\"position\":1,\"name\":\"S\u0101kums\",\"item\":\"https:\/\/www.whisker.lv\/\"},{\"@type\":\"ListItem\",\"position\":2,\"name\":\"Par mums\"}]},{\"@type\":\"WebSite\",\"@id\":\"https:\/\/www.whisker.lv\/#website\",\"url\":\"https:\/\/www.whisker.lv\/\",\"name\":\"Whisker\",\"description\":\"Tavs pal\u012bgs m\u0101jdzivnieku pieskat\u012b\u0161an\u0101\",\"potentialAction\":[{\"@type\":\"SearchAction\",\"target\":{\"@type\":\"EntryPoint\",\"urlTemplate\":\"https:\/\/www.whisker.lv\/?s={search_term_string}\"},\"query-input\":\"required name=search_term_string\"}],\"inLanguage\":\"ru-RU\"}]}<\/script>\n<!-- \/ Yoast SEO plugin. -->","yoast_head_json":{"title":"\u041e \u043d\u0430\u0441 - Whisker","robots":{"index":"index","follow":"follow","max-snippet":"max-snippet:-1","max-image-preview":"max-image-preview:large","max-video-preview":"max-video-preview:-1"},"canonical":"https:\/\/www.whisker.lv\/par-mums\/","og_locale":"ru_RU","og_type":"article","og_title":"\u041e \u043d\u0430\u0441 - Whisker","og_url":"https:\/\/www.whisker.lv\/par-mums\/","og_site_name":"Whisker","article_publisher":"https:\/\/www.facebook.com\/whisker.lv\/","article_modified_time":"2024-10-31T04:13:02+00:00","twitter_card":"summary_large_image","twitter_misc":{"Est. reading time":"1 minute"},"schema":{"@context":"https:\/\/schema.org","@graph":[{"@type":"WebPage","@id":"https:\/\/www.whisker.lv\/par-mums\/","url":"https:\/\/www.whisker.lv\/par-mums\/","name":"\u041e \u043d\u0430\u0441 - Whisker","isPartOf":{"@id":"https:\/\/www.whisker.lv\/#website"},"datePublished":"2014-10-01T23:06:42+00:00","dateModified":"2024-10-31T04:13:02+00:00","breadcrumb":{"@id":"https:\/\/www.whisker.lv\/par-mums\/#breadcrumb"},"inLanguage":"ru-RU","potentialAction":[{"@type":"ReadAction","target":["https:\/\/www.whisker.lv\/par-mums\/"]}]},{"@type":"BreadcrumbList","@id":"https:\/\/www.whisker.lv\/par-mums\/#breadcrumb","itemListElement":[{"@type":"ListItem","position":1,"name":"S\u0101kums","item":"https:\/\/www.whisker.lv\/"},{"@type":"ListItem","position":2,"name":"Par mums"}]},{"@type":"WebSite","@id":"https:\/\/www.whisker.lv\/#website","url":"https:\/\/www.whisker.lv\/","name":"Whisker","description":"Tavs pal\u012bgs m\u0101jdzivnieku pieskat\u012b\u0161an\u0101","potentialAction":[{"@type":"SearchAction","target":{"@type":"EntryPoint","urlTemplate":"https:\/\/www.whisker.lv\/?s={search_term_string}"},"query-input":"required name=search_term_string"}],"inLanguage":"ru-RU"}]}},"_links":{"self":[{"href":"https:\/\/www.whisker.lv\/ru\/wp-json\/wp\/v2\/pages\/370"}],"collection":[{"href":"https:\/\/www.whisker.lv\/ru\/wp-json\/wp\/v2\/pages"}],"about":[{"href":"https:\/\/www.whisker.lv\/ru\/wp-json\/wp\/v2\/types\/page"}],"author":[{"embeddable":true,"href":"https:\/\/www.whisker.lv\/ru\/wp-json\/wp\/v2\/users\/1"}],"replies":[{"embeddable":true,"href":"https:\/\/www.whisker.lv\/ru\/wp-json\/wp\/v2\/comments?post=370"}],"version-history":[{"count":107,"href":"https:\/\/www.whisker.lv\/ru\/wp-json\/wp\/v2\/pages\/370\/revisions"}],"predecessor-version":[{"id":65441,"href":"https:\/\/www.whisker.lv\/ru\/wp-json\/wp\/v2\/pages\/370\/revisions\/65441"}],"wp:attachment":[{"href":"https:\/\/www.whisker.lv\/ru\/wp-json\/wp\/v2\/media?parent=370"}],"curies":[{"name":"wp","href":"https:\/\/api.w.org\/{rel}","templated":true}]}}