



{"id":7415,"date":"2019-01-20T10:21:57","date_gmt":"2019-01-20T07:51:57","guid":{"rendered":"https:\/\/www.whisker.lv\/?page_id=7415"},"modified":"2019-07-02T05:05:59","modified_gmt":"2019-07-02T03:05:59","slug":"popularakie-kaku-vardi-latvija","status":"publish","type":"page","link":"https:\/\/www.whisker.lv\/ru\/popularakie-kaku-vardi-latvija\/","title":{"rendered":"50 popul\u0101r\u0101kie ka\u0137u v\u0101rdi Latvij\u0101"},"content":{"rendered":"<h3 style=\"text-align: center;\">[vc_row css=&#8221;.vc_custom_1526911646432{padding-top: 65px !important;}&#8221;][vc_column][petsitter_heading_separator subtitle=&#8221;&#8221;]50 popul\u0101r\u0101kie ka\u0137u v\u0101rdi Latvij\u0101[\/petsitter_heading_separator][\/vc_column][\/vc_row][vc_row][vc_column width=&#8221;2\/3&#8243;][vc_column_text]<\/h3>\n<p><span style=\"color: #000000;\">Esi su\u0146u vai ka\u0137u cilv\u0113ks? Varb\u016bt pam\u0113\u0123ini abus! Whisker pied\u0101v\u0101ja iepaz\u012bties ar <a style=\"color: #000000;\" href=\"https:\/\/www.whisker.lv\/popularakie-sunu-vardi-latvija\/\" target=\"_blank\" rel=\"noopener noreferrer\">50 popul\u0101r\u0101kajiem su\u0146u v\u0101rdiem Latvij\u0101<\/a> \u00a0un tagad esam gatavi iepaz\u012bstin\u0101t ar popul\u0101r\u0101kajiem ka\u0137u v\u0101rdiem. Iesp\u0113jams, \u0161ie v\u0101rdi jau daudzk\u0101rt dzird\u0113ti, bet varb\u016bt g\u016bsi k\u0101du jaunu ideju savam jaunajam m\u012blulim. Tom\u0113r vislab\u0101kie ka\u0137u v\u0101rdi ir t\u0101di, kas nedaudz tevi saj\u016bsmina.<\/span><\/p>\n<p>&nbsp;<\/p>\n<p><img decoding=\"async\" class=\"aligncenter wp-image-7413\" src=\"https:\/\/www.whisker.lv\/wp-content\/uploads\/2019\/01\/animal-cat-face-close-up-416160.jpg\" alt=\"\" width=\"600\" height=\"400\" srcset=\"https:\/\/www.whisker.lv\/wp-content\/uploads\/2019\/01\/animal-cat-face-close-up-416160.jpg 3888w, https:\/\/www.whisker.lv\/wp-content\/uploads\/2019\/01\/animal-cat-face-close-up-416160-300x200.jpg 300w, https:\/\/www.whisker.lv\/wp-content\/uploads\/2019\/01\/animal-cat-face-close-up-416160-768x512.jpg 768w, https:\/\/www.whisker.lv\/wp-content\/uploads\/2019\/01\/animal-cat-face-close-up-416160-1024x683.jpg 1024w\" sizes=\"(max-width: 600px) 100vw, 600px\" \/><\/p>\n<ol>\n<li><span style=\"color: #000000;\">P\u016bka<\/span><\/li>\n<li><span style=\"color: #000000;\">Mince<\/span><\/li>\n<li><span style=\"color: #000000;\">Mia<\/span><\/li>\n<li><span style=\"color: #000000;\">Leo<\/span><\/li>\n<li><span style=\"color: #000000;\">Princis<\/span><\/li>\n<li><span style=\"color: #000000;\">Lote<\/span><\/li>\n<li><span style=\"color: #000000;\">Minka<\/span><\/li>\n<li><span style=\"color: #000000;\">Bella<\/span><\/li>\n<li><span style=\"color: #000000;\">Miks<\/span><\/li>\n<li><span style=\"color: #000000;\">R\u016bdis<\/span><\/li>\n<li><span style=\"color: #000000;\">\u0160\u0113ra<\/span><\/li>\n<li><span style=\"color: #000000;\">Puma<\/span><\/li>\n<li><span style=\"color: #000000;\">P\u012bka<\/span><\/li>\n<li><span style=\"color: #000000;\">Ka\u0137is<\/span><\/li>\n<li><span style=\"color: #000000;\">S\u0101ra<\/span><img decoding=\"async\" class=\"aligncenter wp-image-7417\" src=\"https:\/\/www.whisker.lv\/wp-content\/uploads\/2019\/01\/pikwizard-f31f5e3aa03e71ea7d15e936269505df.jpg\" alt=\"\" width=\"600\" height=\"400\" srcset=\"https:\/\/www.whisker.lv\/wp-content\/uploads\/2019\/01\/pikwizard-f31f5e3aa03e71ea7d15e936269505df.jpg 5472w, https:\/\/www.whisker.lv\/wp-content\/uploads\/2019\/01\/pikwizard-f31f5e3aa03e71ea7d15e936269505df-300x200.jpg 300w, https:\/\/www.whisker.lv\/wp-content\/uploads\/2019\/01\/pikwizard-f31f5e3aa03e71ea7d15e936269505df-768x512.jpg 768w, https:\/\/www.whisker.lv\/wp-content\/uploads\/2019\/01\/pikwizard-f31f5e3aa03e71ea7d15e936269505df-1024x683.jpg 1024w\" sizes=\"(max-width: 600px) 100vw, 600px\" \/><\/li>\n<li><span style=\"color: #000000;\">Mona<\/span><\/li>\n<li><span style=\"color: #000000;\">Mario<\/span><\/li>\n<li><span style=\"color: #000000;\">Zuze<\/span><\/li>\n<li><span style=\"color: #000000;\">Mila<\/span><\/li>\n<li><span style=\"color: #000000;\">Pele<\/span><\/li>\n<li><span style=\"color: #000000;\">Muris<\/span><\/li>\n<li><span style=\"color: #000000;\">D\u017e\u012bna<\/span><\/li>\n<li><span style=\"color: #000000;\">F\u0113likss<\/span><\/li>\n<li><span style=\"color: #000000;\">P\u0113rle<\/span><\/li>\n<li><span style=\"color: #000000;\">Mi\u0137elis<\/span><\/li>\n<li><span style=\"color: #000000;\">Pipars<\/span><\/li>\n<li><span style=\"color: #000000;\">Mika<\/span><\/li>\n<li><span style=\"color: #000000;\">Podzi\u0146a<\/span><\/li>\n<li><span style=\"color: #000000;\">Maksis<\/span><\/li>\n<li><span style=\"color: #000000;\">Fr\u012bda<\/span><\/li>\n<li><span style=\"color: #000000;\">Greisa<\/span><\/li>\n<li><span style=\"color: #000000;\">Ma\u0161a<\/span><\/li>\n<li><span style=\"color: #000000;\">Tince<\/span><\/li>\n<li><span style=\"color: #000000;\">Timis<\/span><\/li>\n<li><span style=\"color: #000000;\">\u0160eila<\/span><img decoding=\"async\" class=\"aligncenter wp-image-7418\" src=\"https:\/\/www.whisker.lv\/wp-content\/uploads\/2019\/01\/pikwizard-c3a4e78270250cdd6d0e4a07e653f69c.jpg\" alt=\"\" width=\"600\" height=\"450\" srcset=\"https:\/\/www.whisker.lv\/wp-content\/uploads\/2019\/01\/pikwizard-c3a4e78270250cdd6d0e4a07e653f69c.jpg 3072w, https:\/\/www.whisker.lv\/wp-content\/uploads\/2019\/01\/pikwizard-c3a4e78270250cdd6d0e4a07e653f69c-300x225.jpg 300w, https:\/\/www.whisker.lv\/wp-content\/uploads\/2019\/01\/pikwizard-c3a4e78270250cdd6d0e4a07e653f69c-768x576.jpg 768w, https:\/\/www.whisker.lv\/wp-content\/uploads\/2019\/01\/pikwizard-c3a4e78270250cdd6d0e4a07e653f69c-1024x768.jpg 1024w, https:\/\/www.whisker.lv\/wp-content\/uploads\/2019\/01\/pikwizard-c3a4e78270250cdd6d0e4a07e653f69c-560x420.jpg 560w\" sizes=\"(max-width: 600px) 100vw, 600px\" \/><\/li>\n<li><span style=\"color: #000000;\">Minna<\/span><\/li>\n<li><span style=\"color: #000000;\">Pi\u010duks<\/span><\/li>\n<li><span style=\"color: #000000;\">P\u0101rsla<\/span><\/li>\n<li><span style=\"color: #000000;\">Melnis<\/span><\/li>\n<li><span style=\"color: #000000;\">\u010ciepa<\/span><\/li>\n<li><span style=\"color: #000000;\">Bafija<\/span><\/li>\n<li><span style=\"color: #000000;\">Brenda<\/span><\/li>\n<li><span style=\"color: #000000;\">Garfilds<\/span><\/li>\n<li><span style=\"color: #000000;\">Sima<\/span><\/li>\n<li><span style=\"color: #000000;\">Mellene<\/span><\/li>\n<li><span style=\"color: #000000;\">Simba<\/span><\/li>\n<li><span style=\"color: #000000;\">\u0100r\u010dijs<\/span><\/li>\n<li><span style=\"color: #000000;\">Feja<\/span><\/li>\n<li><span style=\"color: #000000;\">Mango<\/span><\/li>\n<li><span style=\"color: #000000;\">Otto<\/span><\/li>\n<\/ol>\n<h3 style=\"text-align: center;\"><strong>Ka\u0137u v\u0101rdu trends.<\/strong><\/h3>\n<p><span style=\"color: #000000;\">Iesp\u0113jams paman\u012bji, ka da\u017eu ka\u0137u v\u0101rdi ir radu\u0161ies filmu vai multfilmu iespaid\u0101. Bella iesp\u0113jams n\u0101k no filmas \u201cKr\u0113sla\u201d un Simba no multfilmas \u201cKaralis lauva\u201d. Ir daudz da\u017e\u0101di avoti no k\u0101 smelties idejas, k\u0101, piem\u0113ram, \u0113diens, daba, m\u0101ksla, m\u016bzika utt. T\u0101pat \u0161aj\u0101 sarakst\u0101 ir v\u0101rdi, kas paties\u012bb\u0101 ir cilv\u0113ku v\u0101rdi. Daudzi nolemj savus m\u012blu\u013cus saukt cilv\u0113ku v\u0101rdos &#8211; k\u0101p\u0113c t\u0101? Iesp\u0113jams, t\u0101p\u0113c, ka uztver savus m\u012blu\u013cus par pilnties\u012bgiem \u0123imenes locek\u013ciem, nevis vienk\u0101r\u0161i \u201cm\u0101jdz\u012bvniekiem\u201d.<\/span><\/p>\n<p>&nbsp;<\/p>\n<h3 style=\"text-align: center;\"><span style=\"color: #000000;\"><strong>Nepiecie\u0161ams k\u0101ds, kur\u0161 pieskata tavu ka\u0137i?<\/strong><\/span><\/h3>\n<p><span style=\"color: #000000;\">Ka\u0137i, \u0161\u0137iet, ir vair\u0101k neatkar\u012bgi k\u0101 su\u0146i, tom\u0113r ar\u012b vi\u0146iem ir nepiecie\u0161ama uzman\u012bba, rota\u013cas un, protams, \u0113diens vai na\u0161\u0137i tavas promb\u016btnes laik\u0101. Tagad, kad esi atradis ka\u0137im v\u0101rdu, nu laiks atrast ka\u0137im lab\u0101ko pieskat\u012bt\u0101ju tav\u0101 promb\u016btes laik\u0101 &#8211; <a href=\"https:\/\/www.whisker.lv\/visi-paligi\/\">Whisker pal\u012bgu<\/a>.<\/span><\/p>\n<p>&nbsp;<\/p>\n<p><span style=\"color: #000000;\">Par skan\u012bgiem v\u0101rdiem,<\/span><\/p>\n<p><span style=\"color: #000000;\"><strong><em>Tavs Whisker<\/em><\/strong><\/span><br \/>\n<iframe style=\"border: none; overflow: hidden;\" src=\"https:\/\/www.facebook.com\/plugins\/like.php?href=https%3A%2F%2Fwww.whisker.lv%2Fpopularakie-kaku-vardi-latvija%2F&amp;width=450&amp;layout=standard&amp;action=like&amp;size=small&amp;show_faces=false&amp;share=true&amp;height=35&amp;appId=237477320393317\" width=\"450\" height=\"35\" frameborder=\"0\" scrolling=\"no\"><\/iframe><\/p>\n<h3 style=\"text-align: center;\"><span style=\"color: #99cc00;\"><a style=\"color: #99cc00;\" href=\"https:\/\/www.facebook.com\/whisker.lv\/\"><strong>Seko mums Facebook<\/strong><\/a><\/span><\/h3>\n","protected":false},"excerpt":{"rendered":"<p>[vc_row css=&#8221;.vc_custom_1526911646432{padding-top: 65px !important;}&#8221;][vc_column][petsitter_heading_separator subtitle=&#8221;&#8221;]50 popul\u0101r\u0101kie ka\u0137u v\u0101rdi Latvij\u0101[\/petsitter_heading_separator][\/vc_column][\/vc_row][vc_row][vc_column width=&#8221;2\/3&#8243;][vc_column_text] Esi su\u0146u vai ka\u0137u cilv\u0113ks? Varb\u016bt pam\u0113\u0123ini abus! Whisker pied\u0101v\u0101ja iepaz\u012bties ar 50 popul\u0101r\u0101kajiem su\u0146u v\u0101rdiem Latvij\u0101 \u00a0un tagad esam gatavi iepaz\u012bstin\u0101t ar popul\u0101r\u0101kajiem ka\u0137u v\u0101rdiem. Iesp\u0113jams, \u0161ie v\u0101rdi jau daudzk\u0101rt dzird\u0113ti, bet varb\u016bt g\u016bsi k\u0101du jaunu ideju savam jaunajam m\u012blulim. Tom\u0113r vislab\u0101kie ka\u0137u v\u0101rdi [&hellip;]<\/p>\n","protected":false},"author":1,"featured_media":0,"parent":0,"menu_order":0,"comment_status":"closed","ping_status":"closed","template":"page-fullwidth.php","meta":{"_acf_changed":false,"_glsr_average":0,"_glsr_ranking":0,"_glsr_reviews":0,"footnotes":""},"translation":{"provider":"WPGlobus","version":"2.12.2","language":"ru","enabled_languages":["lv","en","ru"],"languages":{"lv":{"title":true,"content":true,"excerpt":false},"en":{"title":false,"content":false,"excerpt":false},"ru":{"title":false,"content":false,"excerpt":false}}},"acf":[],"yoast_head":"<!-- This site is optimized with the Yoast SEO plugin v22.5 - https:\/\/yoast.com\/wordpress\/plugins\/seo\/ -->\n<title>50 popul\u0101r\u0101kie ka\u0137u v\u0101rdi Latvij\u0101 - Whisker.lv | M\u012blu\u013cu pieskat\u012b\u0161anas serviss<\/title>\n<meta name=\"robots\" content=\"index, follow, max-snippet:-1, max-image-preview:large, max-video-preview:-1\" \/>\n<link rel=\"canonical\" href=\"https:\/\/www.whisker.lv\/popularakie-kaku-vardi-latvija\/\" \/>\n<meta property=\"og:locale\" content=\"ru_RU\" \/>\n<meta property=\"og:type\" content=\"article\" \/>\n<meta property=\"og:title\" content=\"50 popul\u0101r\u0101kie ka\u0137u v\u0101rdi Latvij\u0101\" \/>\n<meta property=\"og:description\" content=\"Esi su\u0146u vai ka\u0137u cilv\u0113ks? Varb\u016bt pam\u0113\u0123ini abus! Whisker pied\u0101v\u0101ja iepaz\u012bties ar 50 popul\u0101r\u0101kajiem su\u0146u v\u0101rdiem Latvij\u0101 un tagad esam gatavi iepaz\u012bstin\u0101t ar popul\u0101r\u0101kajiem ka\u0137u v\u0101rdiem. Iesp\u0113jams, \u0161ie v\u0101rdi jau daudzk\u0101rt dzird\u0113ti, bet varb\u016bt g\u016bsi k\u0101du jaunu ideju savam jaunajam m\u012blulim. Tom\u0113r vislab\u0101kie ka\u0137u v\u0101rdi ir t\u0101di, kas nedaudz tevi saj\u016bsmina.\" \/>\n<meta property=\"og:url\" content=\"https:\/\/www.whisker.lv\/popularakie-kaku-vardi-latvija\/\" \/>\n<meta property=\"og:site_name\" content=\"Whisker\" \/>\n<meta property=\"article:publisher\" content=\"https:\/\/www.facebook.com\/whisker.lv\/\" \/>\n<meta property=\"article:modified_time\" content=\"2019-07-02T03:05:59+00:00\" \/>\n<meta property=\"og:image\" content=\"https:\/\/www.whisker.lv\/wp-content\/uploads\/2019\/01\/animal-cat-face-close-up-416160.jpg\" \/>\n\t<meta property=\"og:image:width\" content=\"1024\" \/>\n\t<meta property=\"og:image:height\" content=\"683\" \/>\n\t<meta property=\"og:image:type\" content=\"image\/jpeg\" \/>\n<meta name=\"twitter:card\" content=\"summary_large_image\" \/>\n<meta name=\"twitter:label1\" content=\"Est. reading time\" \/>\n\t<meta name=\"twitter:data1\" content=\"2 minutes\" \/>\n<script type=\"application\/ld+json\" class=\"yoast-schema-graph\">{\"@context\":\"https:\/\/schema.org\",\"@graph\":[{\"@type\":\"WebPage\",\"@id\":\"https:\/\/www.whisker.lv\/popularakie-kaku-vardi-latvija\/\",\"url\":\"https:\/\/www.whisker.lv\/popularakie-kaku-vardi-latvija\/\",\"name\":\"50 popul\u0101r\u0101kie ka\u0137u v\u0101rdi Latvij\u0101 - Whisker.lv | M\u012blu\u013cu pieskat\u012b\u0161anas serviss\",\"isPartOf\":{\"@id\":\"https:\/\/www.whisker.lv\/#website\"},\"primaryImageOfPage\":{\"@id\":\"https:\/\/www.whisker.lv\/popularakie-kaku-vardi-latvija\/#primaryimage\"},\"image\":{\"@id\":\"https:\/\/www.whisker.lv\/popularakie-kaku-vardi-latvija\/#primaryimage\"},\"thumbnailUrl\":\"https:\/\/www.whisker.lv\/wp-content\/uploads\/2019\/01\/animal-cat-face-close-up-416160.jpg\",\"datePublished\":\"2019-01-20T07:51:57+00:00\",\"dateModified\":\"2019-07-02T03:05:59+00:00\",\"description\":\"Esi su\u0146u vai ka\u0137u cilv\u0113ks? Pam\u0113\u0123ini abus! Whisker iepaz\u012bstin\u0101ja ar popul\u0101r\u0101kajiem su\u0146u v\u0101rdiem un nu laiks apl\u016bkot popul\u0101r\u0101kos ka\u0137u v\u0101rdus Latvij\u0101.\",\"breadcrumb\":{\"@id\":\"https:\/\/www.whisker.lv\/popularakie-kaku-vardi-latvija\/#breadcrumb\"},\"inLanguage\":\"ru-RU\",\"potentialAction\":[{\"@type\":\"ReadAction\",\"target\":[\"https:\/\/www.whisker.lv\/popularakie-kaku-vardi-latvija\/\"]}]},{\"@type\":\"ImageObject\",\"inLanguage\":\"ru-RU\",\"@id\":\"https:\/\/www.whisker.lv\/popularakie-kaku-vardi-latvija\/#primaryimage\",\"url\":\"https:\/\/www.whisker.lv\/wp-content\/uploads\/2019\/01\/animal-cat-face-close-up-416160.jpg\",\"contentUrl\":\"https:\/\/www.whisker.lv\/wp-content\/uploads\/2019\/01\/animal-cat-face-close-up-416160.jpg\"},{\"@type\":\"BreadcrumbList\",\"@id\":\"https:\/\/www.whisker.lv\/popularakie-kaku-vardi-latvija\/#breadcrumb\",\"itemListElement\":[{\"@type\":\"ListItem\",\"position\":1,\"name\":\"S\u0101kums\",\"item\":\"https:\/\/www.whisker.lv\/\"},{\"@type\":\"ListItem\",\"position\":2,\"name\":\"50 popul\u0101r\u0101kie ka\u0137u v\u0101rdi Latvij\u0101\"}]},{\"@type\":\"WebSite\",\"@id\":\"https:\/\/www.whisker.lv\/#website\",\"url\":\"https:\/\/www.whisker.lv\/\",\"name\":\"Whisker\",\"description\":\"Tavs pal\u012bgs m\u0101jdzivnieku pieskat\u012b\u0161an\u0101\",\"potentialAction\":[{\"@type\":\"SearchAction\",\"target\":{\"@type\":\"EntryPoint\",\"urlTemplate\":\"https:\/\/www.whisker.lv\/?s={search_term_string}\"},\"query-input\":\"required name=search_term_string\"}],\"inLanguage\":\"ru-RU\"}]}<\/script>\n<!-- \/ Yoast SEO plugin. -->","yoast_head_json":{"title":"50 popul\u0101r\u0101kie ka\u0137u v\u0101rdi Latvij\u0101 - Whisker.lv | M\u012blu\u013cu pieskat\u012b\u0161anas serviss","robots":{"index":"index","follow":"follow","max-snippet":"max-snippet:-1","max-image-preview":"max-image-preview:large","max-video-preview":"max-video-preview:-1"},"canonical":"https:\/\/www.whisker.lv\/popularakie-kaku-vardi-latvija\/","og_locale":"ru_RU","og_type":"article","og_title":"50 popul\u0101r\u0101kie ka\u0137u v\u0101rdi Latvij\u0101","og_description":"Esi su\u0146u vai ka\u0137u cilv\u0113ks? Varb\u016bt pam\u0113\u0123ini abus! Whisker pied\u0101v\u0101ja iepaz\u012bties ar 50 popul\u0101r\u0101kajiem su\u0146u v\u0101rdiem Latvij\u0101 un tagad esam gatavi iepaz\u012bstin\u0101t ar popul\u0101r\u0101kajiem ka\u0137u v\u0101rdiem. Iesp\u0113jams, \u0161ie v\u0101rdi jau daudzk\u0101rt dzird\u0113ti, bet varb\u016bt g\u016bsi k\u0101du jaunu ideju savam jaunajam m\u012blulim. Tom\u0113r vislab\u0101kie ka\u0137u v\u0101rdi ir t\u0101di, kas nedaudz tevi saj\u016bsmina.","og_url":"https:\/\/www.whisker.lv\/popularakie-kaku-vardi-latvija\/","og_site_name":"Whisker","article_publisher":"https:\/\/www.facebook.com\/whisker.lv\/","article_modified_time":"2019-07-02T03:05:59+00:00","og_image":[{"width":1024,"height":683,"url":"https:\/\/www.whisker.lv\/wp-content\/uploads\/2019\/01\/animal-cat-face-close-up-416160.jpg","type":"image\/jpeg"}],"twitter_card":"summary_large_image","twitter_misc":{"Est. reading time":"2 minutes"},"schema":{"@context":"https:\/\/schema.org","@graph":[{"@type":"WebPage","@id":"https:\/\/www.whisker.lv\/popularakie-kaku-vardi-latvija\/","url":"https:\/\/www.whisker.lv\/popularakie-kaku-vardi-latvija\/","name":"50 popul\u0101r\u0101kie ka\u0137u v\u0101rdi Latvij\u0101 - Whisker.lv | M\u012blu\u013cu pieskat\u012b\u0161anas serviss","isPartOf":{"@id":"https:\/\/www.whisker.lv\/#website"},"primaryImageOfPage":{"@id":"https:\/\/www.whisker.lv\/popularakie-kaku-vardi-latvija\/#primaryimage"},"image":{"@id":"https:\/\/www.whisker.lv\/popularakie-kaku-vardi-latvija\/#primaryimage"},"thumbnailUrl":"https:\/\/www.whisker.lv\/wp-content\/uploads\/2019\/01\/animal-cat-face-close-up-416160.jpg","datePublished":"2019-01-20T07:51:57+00:00","dateModified":"2019-07-02T03:05:59+00:00","description":"Esi su\u0146u vai ka\u0137u cilv\u0113ks? Pam\u0113\u0123ini abus! Whisker iepaz\u012bstin\u0101ja ar popul\u0101r\u0101kajiem su\u0146u v\u0101rdiem un nu laiks apl\u016bkot popul\u0101r\u0101kos ka\u0137u v\u0101rdus Latvij\u0101.","breadcrumb":{"@id":"https:\/\/www.whisker.lv\/popularakie-kaku-vardi-latvija\/#breadcrumb"},"inLanguage":"ru-RU","potentialAction":[{"@type":"ReadAction","target":["https:\/\/www.whisker.lv\/popularakie-kaku-vardi-latvija\/"]}]},{"@type":"ImageObject","inLanguage":"ru-RU","@id":"https:\/\/www.whisker.lv\/popularakie-kaku-vardi-latvija\/#primaryimage","url":"https:\/\/www.whisker.lv\/wp-content\/uploads\/2019\/01\/animal-cat-face-close-up-416160.jpg","contentUrl":"https:\/\/www.whisker.lv\/wp-content\/uploads\/2019\/01\/animal-cat-face-close-up-416160.jpg"},{"@type":"BreadcrumbList","@id":"https:\/\/www.whisker.lv\/popularakie-kaku-vardi-latvija\/#breadcrumb","itemListElement":[{"@type":"ListItem","position":1,"name":"S\u0101kums","item":"https:\/\/www.whisker.lv\/"},{"@type":"ListItem","position":2,"name":"50 popul\u0101r\u0101kie ka\u0137u v\u0101rdi Latvij\u0101"}]},{"@type":"WebSite","@id":"https:\/\/www.whisker.lv\/#website","url":"https:\/\/www.whisker.lv\/","name":"Whisker","description":"Tavs pal\u012bgs m\u0101jdzivnieku pieskat\u012b\u0161an\u0101","potentialAction":[{"@type":"SearchAction","target":{"@type":"EntryPoint","urlTemplate":"https:\/\/www.whisker.lv\/?s={search_term_string}"},"query-input":"required name=search_term_string"}],"inLanguage":"ru-RU"}]}},"_links":{"self":[{"href":"https:\/\/www.whisker.lv\/ru\/wp-json\/wp\/v2\/pages\/7415"}],"collection":[{"href":"https:\/\/www.whisker.lv\/ru\/wp-json\/wp\/v2\/pages"}],"about":[{"href":"https:\/\/www.whisker.lv\/ru\/wp-json\/wp\/v2\/types\/page"}],"author":[{"embeddable":true,"href":"https:\/\/www.whisker.lv\/ru\/wp-json\/wp\/v2\/users\/1"}],"replies":[{"embeddable":true,"href":"https:\/\/www.whisker.lv\/ru\/wp-json\/wp\/v2\/comments?post=7415"}],"version-history":[{"count":15,"href":"https:\/\/www.whisker.lv\/ru\/wp-json\/wp\/v2\/pages\/7415\/revisions"}],"predecessor-version":[{"id":7419,"href":"https:\/\/www.whisker.lv\/ru\/wp-json\/wp\/v2\/pages\/7415\/revisions\/7419"}],"wp:attachment":[{"href":"https:\/\/www.whisker.lv\/ru\/wp-json\/wp\/v2\/media?parent=7415"}],"curies":[{"name":"wp","href":"https:\/\/api.w.org\/{rel}","templated":true}]}}