



{"id":7822,"date":"2019-02-22T04:34:32","date_gmt":"2019-02-22T02:04:32","guid":{"rendered":"https:\/\/www.whisker.lv\/?page_id=7822"},"modified":"2019-10-29T22:36:54","modified_gmt":"2019-10-29T20:36:54","slug":"pakalpojumi","status":"publish","type":"page","link":"https:\/\/www.whisker.lv\/ru\/pakalpojumi\/","title":{"rendered":"Pakalpojumi"},"content":{"rendered":"[vc_row][vc_column width=&#8221;1\/2&#8243;][vc_single_image image=&#8221;7824&#8243; alignment=&#8221;center&#8221; style=&#8221;vc_box_circle_2&#8243; title=&#8221;\u0412\u044b\u0433\u0443\u043b \u0441\u043e\u0431\u0430\u043a&#8221;][vc_column_text]\n<h4 style=\"text-align: center;\"><span style=\"color: #000000;\">\u041f\u043e\u043c\u043e\u0449\u043d\u0438\u043a\u0438 Whisker \u0432\u044b\u0432\u0435\u0434\u0443\u0442 \u043d\u0430 \u043f\u0440\u043e\u0433\u0443\u043b\u043a\u0443 \u0442\u0432\u043e\u044e \u0441\u043e\u0431\u0430\u043a\u0443 \u0438 \u043e\u0431\u0435\u0441\u043f\u0435\u0447\u0430\u0442 \u0435\u0439 \u043d\u0435\u043e\u0431\u0445\u043e\u0434\u0438\u043c\u0443\u044e \u0444\u0438\u0437\u0438\u0447\u0435\u0441\u043a\u0443\u044e \u043d\u0430\u0433\u0440\u0443\u0437\u043a\u0443.<\/span><\/h4>\n[\/vc_column_text][vc_btn title=&#8221;\u0423\u0437\u043d\u0430\u0442\u044c \u0431\u043e\u043b\u044c\u0448\u0435&#8221; style=&#8221;modern&#8221; color=&#8221;primary&#8221; align=&#8221;center&#8221; link=&#8221;url:http%3A%2F%2Fwhisker.lv%2Fru%2F%D0%B2%D1%8B%D0%B3%D1%83%D0%BB-%D1%81%D0%BE%D0%B1%D0%B0%D0%BA%2F|||&#8221;][\/vc_column][vc_column width=&#8221;1\/2&#8243;][vc_single_image image=&#8221;7831&#8243; alignment=&#8221;center&#8221; style=&#8221;vc_box_circle_2&#8243; title=&#8221;\u041f\u0440\u0438\u0441\u043c\u043e\u0442\u0440 \u0443 \u043f\u043e\u043c\u043e\u0449\u043d\u0438\u043a\u0430&#8221;][vc_column_text]\n<h4 style=\"text-align: center;\"><span style=\"color: #000000;\">\u0415\u0441\u0442\u044c \u043b\u0438 \u0443 \u0422\u0435\u0431\u044f \u043c\u0435\u0441\u0442\u043e, \u0433\u0434\u0435 \u0441\u043c\u043e\u0436\u0435\u0442 \u043e\u0441\u0442\u0430\u0442\u044c\u0441\u044f \u0422\u0432\u043e\u0439 \u043f\u0438\u0442\u043e\u043c\u0435\u0446 \u0432 \u0422\u0432\u043e\u0451 \u043e\u0442\u0441\u0443\u0442\u0441\u0442\u0432\u0438\u0435? \u0412\u044b\u0431\u0435\u0440\u0438 \u043f\u0440\u0438\u0441\u043c\u043e\u0442\u0440 \u0443 \u043f\u043e\u043c\u043e\u0449\u043d\u0438\u043a\u0430 \u0434\u043e\u043c\u0430.<\/span><\/h4>\n[\/vc_column_text][vc_btn title=&#8221;\u0423\u0437\u043d\u0430\u0442\u044c \u0431\u043e\u043b\u044c\u0448\u0435&#8221; style=&#8221;modern&#8221; color=&#8221;primary&#8221; align=&#8221;center&#8221; link=&#8221;url:http%3A%2F%2Fwhisker.lv%2Fru%2F%D0%B3%D0%BE%D1%81%D1%82%D0%B8%D0%BD%D0%B8%D1%86%D0%B0-%D0%B4%D0%BB%D1%8F-%D0%B6%D0%B8%D0%B2%D0%BE%D1%82%D0%BD%D1%8B%D1%85%2F|||&#8221;][\/vc_column][\/vc_row][vc_row][vc_column width=&#8221;1\/2&#8243;][vc_single_image image=&#8221;7832&#8243; alignment=&#8221;center&#8221; style=&#8221;vc_box_circle_2&#8243; title=&#8221;\u041f\u0440\u0438\u0441\u043c\u043e\u0442\u0440 \u043d\u0430 \u0434\u043e\u043c\u0443 \u0443 \u043a\u043b\u0438\u0435\u043d\u0442\u0430&#8221;][vc_column_text]\n<h4 style=\"text-align: center;\"><span style=\"color: #000000;\">\u0422\u0432\u043e\u0435\u043c\u0443 \u043f\u0438\u0442\u043e\u043c\u0446\u0443 \u043e\u0431\u0435\u0441\u043f\u0435\u0447\u0438\u0432\u0430\u044e\u0442\u0441\u044f \u043f\u0440\u0438\u0432\u044b\u0447\u043d\u044b\u0435 \u0434\u043e\u043c\u0430\u0448\u043d\u0438\u0435 \u0443\u0441\u043b\u043e\u0432\u0438\u044f \u0432 \u0442\u043e \u0432\u0440\u0435\u043c\u044f, \u043f\u043e\u043a\u0430 \u0445\u043e\u0437\u044f\u0438\u043d \u043e\u0442\u0441\u0443\u0442\u0441\u0442\u0432\u0443\u0435\u0442.<\/span><\/h4>\n[\/vc_column_text][vc_btn title=&#8221;\u0423\u0437\u043d\u0430\u0442\u044c \u0431\u043e\u043b\u044c\u0448\u0435&#8221; style=&#8221;modern&#8221; color=&#8221;primary&#8221; align=&#8221;center&#8221; link=&#8221;url:http%3A%2F%2Fwhisker.lv%2Fru%2F%D0%BF%D0%B5%D1%80%D0%B5%D0%B4%D0%B5%D1%80%D0%B6%D0%BA%D0%B0-%D0%B6%D0%B8%D0%B2%D0%BE%D1%82%D0%BD%D1%8B%D1%85%2F|||&#8221;][\/vc_column][vc_column width=&#8221;1\/2&#8243;][vc_single_image image=&#8221;7417&#8243; alignment=&#8221;center&#8221; style=&#8221;vc_box_circle_2&#8243; title=&#8221;\u0412\u0438\u0437\u0438\u0442\u044b \u043d\u0430 \u0434\u043e\u043c&#8221;][vc_column_text]\n<h4 style=\"text-align: center;\"><span style=\"color: #000000;\">\u041f\u043e\u043a\u0430 \u0422\u044b \u0431\u0443\u0434\u0435\u0448\u044c \u043e\u0442\u0441\u0443\u0442\u0441\u0442\u0432\u043e\u0432\u0430\u0442\u044c, \u043c\u044b \u043f\u043e\u0441\u0435\u0442\u0438\u043c \u0422\u0432\u043e\u044e \u043a\u043e\u0448\u043a\u0443 \u0438 \u043e\u0431\u0435\u0441\u043f\u0435\u0447\u0438\u043c \u0435\u0451 \u043a\u043e\u0440\u043c\u043e\u043c, \u0432\u043e\u0434\u043e\u0439 \u0438 \u043e\u0431\u0449\u0435\u0441\u0442\u0432\u043e\u043c.<\/span><\/h4>\n[\/vc_column_text][vc_btn title=&#8221;\u0423\u0437\u043d\u0430\u0442\u044c \u0431\u043e\u043b\u044c\u0448\u0435&#8221; style=&#8221;modern&#8221; color=&#8221;primary&#8221; align=&#8221;center&#8221; link=&#8221;url:http%3A%2F%2Fwhisker.lv%2Fru%2F%D0%BF%D0%B5%D1%80%D0%B5%D0%B4%D0%B5%D1%80%D0%B6%D0%BA%D0%B0-%D0%BA%D0%BE%D1%88%D0%B5%D0%BA%2F|||&#8221;][\/vc_column][\/vc_row][vc_row][vc_column width=&#8221;1\/4&#8243;][\/vc_column][vc_column width=&#8221;1\/2&#8243;][vc_single_image image=&#8221;2300&#8243; alignment=&#8221;center&#8221; style=&#8221;vc_box_circle_2&#8243; title=&#8221;\u041f\u0440\u0438\u0441\u043c\u043e\u0442\u0440 \u0432 \u0442\u0435\u0447\u0435\u043d\u0438\u0435 \u0434\u043d\u044f&#8221;][vc_column_text]\n<h4 style=\"text-align: center;\"><span style=\"color: #000000;\">\u00a0M\u044b \u043e\u0431\u0435\u0441\u043f\u0435\u0447\u0438\u043c \u0432\u0441\u0451 \u043d\u0435\u043e\u0431\u0445\u043e\u0434\u0438\u043c\u043e\u0435, \u0447\u0442\u043e\u0431\u044b \u0442\u0432\u043e\u044f \u0441\u043e\u0431\u0430\u043a\u0430 \u0432 \u0442\u0435\u0447\u0435\u043d\u0438\u0435 \u0434\u043d\u044f \u0431\u044b\u043b \u0437\u0430\u043d\u044f\u0442\u00a0<\/span><span style=\"color: #000000;\">\u0438\u00a0<\/span><span style=\"color: #000000;\">\u043f\u043e\u0431\u044b\u0432\u0430\u043b \u043d\u0430 \u043f\u0440\u043e\u0433\u0443\u043b\u043a\u0435.<\/span><\/h4>\n[\/vc_column_text][vc_btn title=&#8221;\u0423\u0437\u043d\u0430\u0442\u044c \u0431\u043e\u043b\u044c\u0448\u0435&#8221; style=&#8221;modern&#8221; color=&#8221;primary&#8221; align=&#8221;center&#8221; link=&#8221;url:http%3A%2F%2Fwhisker.lv%2Fru%2F%D0%BE%D1%82%D0%B5%D0%BB%D1%8C-%D0%B4%D0%BB%D1%8F-%D1%81%D0%BE%D0%B1%D0%B0%D0%BA%2F|||&#8221;][\/vc_column][vc_column width=&#8221;1\/4&#8243;][\/vc_column][\/vc_row]\n","protected":false},"excerpt":{"rendered":"<p>[vc_row][vc_column width=&#8221;1\/2&#8243;][vc_single_image image=&#8221;7824&#8243; alignment=&#8221;center&#8221; style=&#8221;vc_box_circle_2&#8243; title=&#8221;\u0412\u044b\u0433\u0443\u043b \u0441\u043e\u0431\u0430\u043a&#8221;][vc_column_text] \u041f\u043e\u043c\u043e\u0449\u043d\u0438\u043a\u0438 Whisker \u0432\u044b\u0432\u0435\u0434\u0443\u0442 \u043d\u0430 \u043f\u0440\u043e\u0433\u0443\u043b\u043a\u0443 \u0442\u0432\u043e\u044e \u0441\u043e\u0431\u0430\u043a\u0443 \u0438 \u043e\u0431\u0435\u0441\u043f\u0435\u0447\u0430\u0442 \u0435\u0439 \u043d\u0435\u043e\u0431\u0445\u043e\u0434\u0438\u043c\u0443\u044e \u0444\u0438\u0437\u0438\u0447\u0435\u0441\u043a\u0443\u044e \u043d\u0430\u0433\u0440\u0443\u0437\u043a\u0443. [\/vc_column_text][vc_btn title=&#8221;\u0423\u0437\u043d\u0430\u0442\u044c \u0431\u043e\u043b\u044c\u0448\u0435&#8221; style=&#8221;modern&#8221; color=&#8221;primary&#8221; align=&#8221;center&#8221; link=&#8221;url:http%3A%2F%2Fwhisker.lv%2Fru%2F%D0%B2%D1%8B%D0%B3%D1%83%D0%BB-%D1%81%D0%BE%D0%B1%D0%B0%D0%BA%2F|||&#8221;][\/vc_column][vc_column width=&#8221;1\/2&#8243;][vc_single_image image=&#8221;7831&#8243; alignment=&#8221;center&#8221; style=&#8221;vc_box_circle_2&#8243; title=&#8221;\u041f\u0440\u0438\u0441\u043c\u043e\u0442\u0440 \u0443 \u043f\u043e\u043c\u043e\u0449\u043d\u0438\u043a\u0430&#8221;][vc_column_text] \u0415\u0441\u0442\u044c \u043b\u0438 \u0443 \u0422\u0435\u0431\u044f \u043c\u0435\u0441\u0442\u043e, \u0433\u0434\u0435 \u0441\u043c\u043e\u0436\u0435\u0442 \u043e\u0441\u0442\u0430\u0442\u044c\u0441\u044f \u0422\u0432\u043e\u0439 \u043f\u0438\u0442\u043e\u043c\u0435\u0446 \u0432 \u0422\u0432\u043e\u0451 \u043e\u0442\u0441\u0443\u0442\u0441\u0442\u0432\u0438\u0435? \u0412\u044b\u0431\u0435\u0440\u0438 \u043f\u0440\u0438\u0441\u043c\u043e\u0442\u0440 \u0443 \u043f\u043e\u043c\u043e\u0449\u043d\u0438\u043a\u0430 \u0434\u043e\u043c\u0430. [\/vc_column_text][vc_btn title=&#8221;\u0423\u0437\u043d\u0430\u0442\u044c \u0431\u043e\u043b\u044c\u0448\u0435&#8221; [&hellip;]<\/p>\n","protected":false},"author":1,"featured_media":0,"parent":0,"menu_order":0,"comment_status":"closed","ping_status":"closed","template":"page-fullwidth.php","meta":{"_acf_changed":false,"_glsr_average":0,"_glsr_ranking":0,"_glsr_reviews":0,"footnotes":""},"translation":{"provider":"WPGlobus","version":"2.12.2","language":"ru","enabled_languages":["lv","en","ru"],"languages":{"lv":{"title":true,"content":true,"excerpt":false},"en":{"title":false,"content":true,"excerpt":false},"ru":{"title":false,"content":true,"excerpt":false}}},"acf":[],"yoast_head":"<!-- This site is optimized with the Yoast SEO plugin v22.5 - https:\/\/yoast.com\/wordpress\/plugins\/seo\/ -->\n<title>\u0413\u043e\u0441\u0442\u0438\u043d\u0438\u0446\u0430 \u0434\u043b\u044f \u0434\u043e\u043c\u0430\u0448\u043d\u0438\u0445 \u0436\u0438\u0432\u043e\u0442\u043d\u044b\u0445 - Whisker.lv \u0414\u043e\u043c\u0430\u0448\u043d\u0435\u0435 \u0433\u043e\u0441\u0442\u0438\u043d\u0438\u0446\u0430.<\/title>\n<meta name=\"description\" content=\"\u0413\u043e\u0441\u0442\u0438\u043d\u0438\u0446\u0430 \u0434\u043b\u044f \u0434\u043e\u043c\u0430\u0448\u043d\u0438\u0445 \u0436\u0438\u0432\u043e\u0442\u043d\u044b\u0445. \u041c\u044b \u043e\u0431\u0435\u0441\u043f\u0435\u0447\u0438\u043c \u0422\u0432\u043e\u0435\u043c\u0443 \u043f\u0438\u0442\u043e\u043c\u0446\u0443 \u0442\u0430\u043a\u0438\u0435 \u0443\u0441\u043b\u043e\u0432\u0438\u044f, \u0432 \u043a\u043e\u0442\u043e\u0440\u044b\u0445 \u043e\u043d \u0431\u0443\u0434\u0435\u0442 \u0441\u0447\u0430\u0441\u0442\u043b\u0438\u0432 \u0438 \u0431\u0443\u0434\u0435\u0442 \u043f\u043e\u043b\u0443\u0447\u0430\u0442\u044c \u043c\u043d\u043e\u0433\u043e \u0432\u043d\u0438\u043c\u0430\u043d\u0438\u044f.\" \/>\n<meta name=\"robots\" content=\"index, follow, max-snippet:-1, max-image-preview:large, max-video-preview:-1\" \/>\n<link rel=\"canonical\" href=\"https:\/\/www.whisker.lv\/pakalpojumi\/\" \/>\n<meta property=\"og:locale\" content=\"ru_RU\" \/>\n<meta property=\"og:type\" content=\"article\" \/>\n<meta property=\"og:title\" content=\"Whisker pakalpojumi\" \/>\n<meta property=\"og:description\" content=\"Nepiecie\u0161amas su\u0146u un ka\u0137u pieskat\u012b\u0161ana? Su\u0146u pastaigas? Ien\u0101c Whisker platform\u0101 un atrodi zino\u0161u pal\u012bgu, kur\u0161 par\u016bp\u0113sies par tavu m\u012bluli.\" \/>\n<meta property=\"og:url\" content=\"https:\/\/www.whisker.lv\/pakalpojumi\/\" \/>\n<meta property=\"og:site_name\" content=\"Whisker\" \/>\n<meta property=\"article:publisher\" content=\"https:\/\/www.facebook.com\/whisker.lv\/\" \/>\n<meta property=\"article:modified_time\" content=\"2019-10-29T20:36:54+00:00\" \/>\n<meta property=\"og:image\" content=\"https:\/\/www.whisker.lv\/wp-content\/uploads\/2019\/02\/IMG_0474.jpg\" \/>\n\t<meta property=\"og:image:width\" content=\"683\" \/>\n\t<meta property=\"og:image:height\" content=\"1024\" \/>\n\t<meta property=\"og:image:type\" content=\"image\/jpeg\" \/>\n<meta name=\"twitter:card\" content=\"summary_large_image\" \/>\n<meta name=\"twitter:label1\" content=\"Est. reading time\" \/>\n\t<meta name=\"twitter:data1\" content=\"7 minutes\" \/>\n<script type=\"application\/ld+json\" class=\"yoast-schema-graph\">{\"@context\":\"https:\/\/schema.org\",\"@graph\":[{\"@type\":\"WebPage\",\"@id\":\"https:\/\/www.whisker.lv\/pakalpojumi\/\",\"url\":\"https:\/\/www.whisker.lv\/pakalpojumi\/\",\"name\":\"Pakalpojumi - Whisker.lv Su\u0146u un ka\u0137u pieskat\u012b\u0161ana, su\u0146u pastaigas\",\"isPartOf\":{\"@id\":\"https:\/\/www.whisker.lv\/#website\"},\"datePublished\":\"2019-02-22T02:04:32+00:00\",\"dateModified\":\"2019-10-29T20:36:54+00:00\",\"description\":\"\u0413\u043e\u0441\u0442\u0438\u043d\u0438\u0446\u0430 \u0434\u043b\u044f \u0434\u043e\u043c\u0430\u0448\u043d\u0438\u0445 \u0436\u0438\u0432\u043e\u0442\u043d\u044b\u0445. \u041c\u044b \u043e\u0431\u0435\u0441\u043f\u0435\u0447\u0438\u043c \u0422\u0432\u043e\u0435\u043c\u0443 \u043f\u0438\u0442\u043e\u043c\u0446\u0443 \u0442\u0430\u043a\u0438\u0435 \u0443\u0441\u043b\u043e\u0432\u0438\u044f, \u0432 \u043a\u043e\u0442\u043e\u0440\u044b\u0445 \u043e\u043d \u0431\u0443\u0434\u0435\u0442 \u0441\u0447\u0430\u0441\u0442\u043b\u0438\u0432 \u0438 \u0431\u0443\u0434\u0435\u0442 \u043f\u043e\u043b\u0443\u0447\u0430\u0442\u044c \u043c\u043d\u043e\u0433\u043e \u0432\u043d\u0438\u043c\u0430\u043d\u0438\u044f.\",\"breadcrumb\":{\"@id\":\"https:\/\/www.whisker.lv\/pakalpojumi\/#breadcrumb\"},\"inLanguage\":\"ru-RU\",\"potentialAction\":[{\"@type\":\"ReadAction\",\"target\":[\"https:\/\/www.whisker.lv\/pakalpojumi\/\"]}]},{\"@type\":\"BreadcrumbList\",\"@id\":\"https:\/\/www.whisker.lv\/pakalpojumi\/#breadcrumb\",\"itemListElement\":[{\"@type\":\"ListItem\",\"position\":1,\"name\":\"S\u0101kums\",\"item\":\"https:\/\/www.whisker.lv\/\"},{\"@type\":\"ListItem\",\"position\":2,\"name\":\"Pakalpojumi\"}]},{\"@type\":\"WebSite\",\"@id\":\"https:\/\/www.whisker.lv\/#website\",\"url\":\"https:\/\/www.whisker.lv\/\",\"name\":\"Whisker\",\"description\":\"Tavs pal\u012bgs m\u0101jdzivnieku pieskat\u012b\u0161an\u0101\",\"potentialAction\":[{\"@type\":\"SearchAction\",\"target\":{\"@type\":\"EntryPoint\",\"urlTemplate\":\"https:\/\/www.whisker.lv\/?s={search_term_string}\"},\"query-input\":\"required name=search_term_string\"}],\"inLanguage\":\"ru-RU\"}]}<\/script>\n<!-- \/ Yoast SEO plugin. -->","yoast_head_json":{"title":"\u0413\u043e\u0441\u0442\u0438\u043d\u0438\u0446\u0430 \u0434\u043b\u044f \u0434\u043e\u043c\u0430\u0448\u043d\u0438\u0445 \u0436\u0438\u0432\u043e\u0442\u043d\u044b\u0445 - Whisker.lv \u0414\u043e\u043c\u0430\u0448\u043d\u0435\u0435 \u0433\u043e\u0441\u0442\u0438\u043d\u0438\u0446\u0430.","description":"\u0413\u043e\u0441\u0442\u0438\u043d\u0438\u0446\u0430 \u0434\u043b\u044f \u0434\u043e\u043c\u0430\u0448\u043d\u0438\u0445 \u0436\u0438\u0432\u043e\u0442\u043d\u044b\u0445. \u041c\u044b \u043e\u0431\u0435\u0441\u043f\u0435\u0447\u0438\u043c \u0422\u0432\u043e\u0435\u043c\u0443 \u043f\u0438\u0442\u043e\u043c\u0446\u0443 \u0442\u0430\u043a\u0438\u0435 \u0443\u0441\u043b\u043e\u0432\u0438\u044f, \u0432 \u043a\u043e\u0442\u043e\u0440\u044b\u0445 \u043e\u043d \u0431\u0443\u0434\u0435\u0442 \u0441\u0447\u0430\u0441\u0442\u043b\u0438\u0432 \u0438 \u0431\u0443\u0434\u0435\u0442 \u043f\u043e\u043b\u0443\u0447\u0430\u0442\u044c \u043c\u043d\u043e\u0433\u043e \u0432\u043d\u0438\u043c\u0430\u043d\u0438\u044f.","robots":{"index":"index","follow":"follow","max-snippet":"max-snippet:-1","max-image-preview":"max-image-preview:large","max-video-preview":"max-video-preview:-1"},"canonical":"https:\/\/www.whisker.lv\/pakalpojumi\/","og_locale":"ru_RU","og_type":"article","og_title":"Whisker pakalpojumi","og_description":"Nepiecie\u0161amas su\u0146u un ka\u0137u pieskat\u012b\u0161ana? Su\u0146u pastaigas? Ien\u0101c Whisker platform\u0101 un atrodi zino\u0161u pal\u012bgu, kur\u0161 par\u016bp\u0113sies par tavu m\u012bluli.","og_url":"https:\/\/www.whisker.lv\/pakalpojumi\/","og_site_name":"Whisker","article_publisher":"https:\/\/www.facebook.com\/whisker.lv\/","article_modified_time":"2019-10-29T20:36:54+00:00","og_image":[{"width":683,"height":1024,"url":"https:\/\/www.whisker.lv\/wp-content\/uploads\/2019\/02\/IMG_0474.jpg","type":"image\/jpeg"}],"twitter_card":"summary_large_image","twitter_misc":{"Est. reading time":"7 minutes"},"schema":{"@context":"https:\/\/schema.org","@graph":[{"@type":"WebPage","@id":"https:\/\/www.whisker.lv\/pakalpojumi\/","url":"https:\/\/www.whisker.lv\/pakalpojumi\/","name":"Pakalpojumi - Whisker.lv Su\u0146u un ka\u0137u pieskat\u012b\u0161ana, su\u0146u pastaigas","isPartOf":{"@id":"https:\/\/www.whisker.lv\/#website"},"datePublished":"2019-02-22T02:04:32+00:00","dateModified":"2019-10-29T20:36:54+00:00","description":"\u0413\u043e\u0441\u0442\u0438\u043d\u0438\u0446\u0430 \u0434\u043b\u044f \u0434\u043e\u043c\u0430\u0448\u043d\u0438\u0445 \u0436\u0438\u0432\u043e\u0442\u043d\u044b\u0445. \u041c\u044b \u043e\u0431\u0435\u0441\u043f\u0435\u0447\u0438\u043c \u0422\u0432\u043e\u0435\u043c\u0443 \u043f\u0438\u0442\u043e\u043c\u0446\u0443 \u0442\u0430\u043a\u0438\u0435 \u0443\u0441\u043b\u043e\u0432\u0438\u044f, \u0432 \u043a\u043e\u0442\u043e\u0440\u044b\u0445 \u043e\u043d \u0431\u0443\u0434\u0435\u0442 \u0441\u0447\u0430\u0441\u0442\u043b\u0438\u0432 \u0438 \u0431\u0443\u0434\u0435\u0442 \u043f\u043e\u043b\u0443\u0447\u0430\u0442\u044c \u043c\u043d\u043e\u0433\u043e \u0432\u043d\u0438\u043c\u0430\u043d\u0438\u044f.","breadcrumb":{"@id":"https:\/\/www.whisker.lv\/pakalpojumi\/#breadcrumb"},"inLanguage":"ru-RU","potentialAction":[{"@type":"ReadAction","target":["https:\/\/www.whisker.lv\/pakalpojumi\/"]}]},{"@type":"BreadcrumbList","@id":"https:\/\/www.whisker.lv\/pakalpojumi\/#breadcrumb","itemListElement":[{"@type":"ListItem","position":1,"name":"S\u0101kums","item":"https:\/\/www.whisker.lv\/"},{"@type":"ListItem","position":2,"name":"Pakalpojumi"}]},{"@type":"WebSite","@id":"https:\/\/www.whisker.lv\/#website","url":"https:\/\/www.whisker.lv\/","name":"Whisker","description":"Tavs pal\u012bgs m\u0101jdzivnieku pieskat\u012b\u0161an\u0101","potentialAction":[{"@type":"SearchAction","target":{"@type":"EntryPoint","urlTemplate":"https:\/\/www.whisker.lv\/?s={search_term_string}"},"query-input":"required name=search_term_string"}],"inLanguage":"ru-RU"}]}},"_links":{"self":[{"href":"https:\/\/www.whisker.lv\/ru\/wp-json\/wp\/v2\/pages\/7822"}],"collection":[{"href":"https:\/\/www.whisker.lv\/ru\/wp-json\/wp\/v2\/pages"}],"about":[{"href":"https:\/\/www.whisker.lv\/ru\/wp-json\/wp\/v2\/types\/page"}],"author":[{"embeddable":true,"href":"https:\/\/www.whisker.lv\/ru\/wp-json\/wp\/v2\/users\/1"}],"replies":[{"embeddable":true,"href":"https:\/\/www.whisker.lv\/ru\/wp-json\/wp\/v2\/comments?post=7822"}],"version-history":[{"count":44,"href":"https:\/\/www.whisker.lv\/ru\/wp-json\/wp\/v2\/pages\/7822\/revisions"}],"predecessor-version":[{"id":20007,"href":"https:\/\/www.whisker.lv\/ru\/wp-json\/wp\/v2\/pages\/7822\/revisions\/20007"}],"wp:attachment":[{"href":"https:\/\/www.whisker.lv\/ru\/wp-json\/wp\/v2\/media?parent=7822"}],"curies":[{"name":"wp","href":"https:\/\/api.w.org\/{rel}","templated":true}]}}