



{"id":7848,"date":"2019-02-22T07:07:19","date_gmt":"2019-02-22T04:37:19","guid":{"rendered":"https:\/\/www.whisker.lv\/?page_id=7848"},"modified":"2019-03-04T01:40:08","modified_gmt":"2019-03-03T23:40:08","slug":"sunu-kaku-pieskatisana-pie-klienta","status":"publish","type":"page","link":"https:\/\/www.whisker.lv\/ru\/sunu-kaku-pieskatisana-pie-klienta\/","title":{"rendered":"Su\u0146u ka\u0137u pieskat\u012b\u0161ana pie klienta"},"content":{"rendered":"<h3 style=\"text-align: center;\"><span style=\"color: #000000;\"><strong>Pieskat\u012b\u0161ana pie klienta m\u0101j\u0101s<\/strong><\/span><\/h3>\n<p>&nbsp;<\/p>\n<p><span style=\"color: #000000;\">Pieskat\u012b\u0161ana pie klienta m\u0101j\u0101s &#8211; m\u012blulim tiek nodro\u0161in\u0101ti vi\u0146a ierastie m\u0101jas apst\u0101k\u013ci, kam\u0113r saimnieks ir promb\u016btn\u0113. Iepriek\u0161 vienojoties par pieskat\u012b\u0161anas laikiem, Whisker pal\u012bgs atrad\u012bsies pie jums m\u0101j\u0101s, lai pavad\u012btu laiku kop\u0101 ar m\u012bluli, pabarotu, sam\u012b\u013cotu un dotos pastaig\u0101s. Tas b\u016btu gandr\u012bz t\u0101pat k\u0101, ja m\u0101j\u0101s b\u016btu j\u016bs pats. Pirm\u0101 iepaz\u012b\u0161an\u0101s viz\u012bte ar Whisker pal\u012bgu ir bezmaksas. Visi m\u0101jdz\u012bvnieki uz pakalpojuma laiku ir apdro\u0161in\u0101ti.<\/span><\/p>\n<p>&nbsp;<\/p>\n<h4><strong>\u00a0 \u00a0 \u00a0 <span style=\"color: #000000;\">\u00a0 Ieguvumi:<\/span><\/strong><\/h4>\n<ul>\n<li><span style=\"color: #000000;\">Zino\u0161i un dz\u012bvniekus m\u012blo\u0161i pal\u012bgi;<\/span><\/li>\n<li><span style=\"color: #000000;\">M\u012blulim neb\u016bs emocion\u0101ls stress esot prom no m\u0101j\u0101m;<\/span><\/li>\n<li><span style=\"color: #000000;\">Individu\u0101la pieeja;<\/span><\/li>\n<li><span style=\"color: #000000;\">Ikdienas rut\u012bnas iev\u0113ro\u0161ana;<\/span><\/li>\n<li><span style=\"color: #000000;\">Aktivit\u0101tes;<\/span><\/li>\n<li><span style=\"color: #000000;\">Pastaigas;<\/span><\/li>\n<li><span style=\"color: #000000;\">Komunik\u0101cija ar pal\u012bgu;<\/span><\/li>\n<li><span style=\"color: #000000;\">Foto atskaites k\u0101 m\u012blulim kl\u0101jas;<\/span><\/li>\n<li><span style=\"color: #000000;\">M\u0101jok\u013ca dro\u0161\u012bbas iev\u0113ro\u0161ana;<\/span><\/li>\n<\/ul>\n<h3 style=\"text-align: center;\"><a href=\"https:\/\/www.whisker.lv\/paligi-r\/\" target=\"_blank\" rel=\"noopener\"><strong>\u00a0Visi Whisker pal\u012bgi\u00a0<\/strong><\/a><\/h3>\n<p>&nbsp;<\/p>\n<p><img decoding=\"async\" class=\"aligncenter wp-image-8501\" src=\"https:\/\/www.whisker.lv\/wp-content\/uploads\/2019\/03\/IMG_0057.jpg\" alt=\"Su\u0146u un ka\u0137u pieskat\u012b\u0161ana\" width=\"1000\" height=\"667\" srcset=\"https:\/\/www.whisker.lv\/wp-content\/uploads\/2019\/03\/IMG_0057.jpg 3500w, https:\/\/www.whisker.lv\/wp-content\/uploads\/2019\/03\/IMG_0057-300x200.jpg 300w, https:\/\/www.whisker.lv\/wp-content\/uploads\/2019\/03\/IMG_0057-768x512.jpg 768w, https:\/\/www.whisker.lv\/wp-content\/uploads\/2019\/03\/IMG_0057-1024x683.jpg 1024w\" sizes=\"(max-width: 1000px) 100vw, 1000px\" \/><\/p>\n<p>&nbsp;<\/p>\n","protected":false},"excerpt":{"rendered":"<p>Pieskat\u012b\u0161ana pie klienta m\u0101j\u0101s &nbsp; Pieskat\u012b\u0161ana pie klienta m\u0101j\u0101s &#8211; m\u012blulim tiek nodro\u0161in\u0101ti vi\u0146a ierastie m\u0101jas apst\u0101k\u013ci, kam\u0113r saimnieks ir promb\u016btn\u0113. Iepriek\u0161 vienojoties par pieskat\u012b\u0161anas laikiem, Whisker pal\u012bgs atrad\u012bsies pie jums m\u0101j\u0101s, lai pavad\u012btu laiku kop\u0101 ar m\u012bluli, pabarotu, sam\u012b\u013cotu un dotos pastaig\u0101s. Tas b\u016btu gandr\u012bz t\u0101pat k\u0101, ja m\u0101j\u0101s b\u016btu j\u016bs pats. Pirm\u0101 iepaz\u012b\u0161an\u0101s [&hellip;]<\/p>\n","protected":false},"author":1,"featured_media":0,"parent":0,"menu_order":0,"comment_status":"closed","ping_status":"closed","template":"page-fullwidth.php","meta":{"_acf_changed":false,"_glsr_average":0,"_glsr_ranking":0,"_glsr_reviews":0,"footnotes":""},"translation":{"provider":"WPGlobus","version":"2.12.2","language":"ru","enabled_languages":["lv","en","ru"],"languages":{"lv":{"title":true,"content":true,"excerpt":false},"en":{"title":false,"content":false,"excerpt":false},"ru":{"title":false,"content":false,"excerpt":false}}},"acf":[],"yoast_head":"<!-- This site is optimized with the Yoast SEO plugin v22.5 - https:\/\/yoast.com\/wordpress\/plugins\/seo\/ -->\n<title>Su\u0146u ka\u0137u pieskat\u012b\u0161ana pie klienta - Whisker - M\u012blu\u013cu pieskat\u012b\u0161anas serviss<\/title>\n<meta name=\"robots\" content=\"index, follow, max-snippet:-1, max-image-preview:large, max-video-preview:-1\" \/>\n<link rel=\"canonical\" href=\"https:\/\/www.whisker.lv\/sunu-kaku-pieskatisana-pie-klienta\/\" \/>\n<meta property=\"og:locale\" content=\"ru_RU\" \/>\n<meta property=\"og:type\" content=\"article\" \/>\n<meta property=\"og:title\" content=\"Su\u0146u ka\u0137u pieskat\u012b\u0161ana pie klienta - Whisker\" \/>\n<meta property=\"og:url\" content=\"https:\/\/www.whisker.lv\/sunu-kaku-pieskatisana-pie-klienta\/\" \/>\n<meta property=\"og:site_name\" content=\"Whisker\" \/>\n<meta property=\"article:publisher\" content=\"https:\/\/www.facebook.com\/whisker.lv\/\" \/>\n<meta property=\"article:modified_time\" content=\"2019-03-03T23:40:08+00:00\" \/>\n<meta property=\"og:image\" content=\"https:\/\/www.whisker.lv\/wp-content\/uploads\/2019\/03\/IMG_0057.jpg\" \/>\n<meta name=\"twitter:card\" content=\"summary_large_image\" \/>\n<meta name=\"twitter:label1\" content=\"Est. reading time\" \/>\n\t<meta name=\"twitter:data1\" content=\"1 minute\" \/>\n<script type=\"application\/ld+json\" class=\"yoast-schema-graph\">{\"@context\":\"https:\/\/schema.org\",\"@graph\":[{\"@type\":\"WebPage\",\"@id\":\"https:\/\/www.whisker.lv\/sunu-kaku-pieskatisana-pie-klienta\/\",\"url\":\"https:\/\/www.whisker.lv\/sunu-kaku-pieskatisana-pie-klienta\/\",\"name\":\"Su\u0146u ka\u0137u pieskat\u012b\u0161ana pie klienta - Whisker - M\u012blu\u013cu pieskat\u012b\u0161anas serviss\",\"isPartOf\":{\"@id\":\"https:\/\/www.whisker.lv\/#website\"},\"primaryImageOfPage\":{\"@id\":\"https:\/\/www.whisker.lv\/sunu-kaku-pieskatisana-pie-klienta\/#primaryimage\"},\"image\":{\"@id\":\"https:\/\/www.whisker.lv\/sunu-kaku-pieskatisana-pie-klienta\/#primaryimage\"},\"thumbnailUrl\":\"https:\/\/www.whisker.lv\/wp-content\/uploads\/2019\/03\/IMG_0057.jpg\",\"datePublished\":\"2019-02-22T04:37:19+00:00\",\"dateModified\":\"2019-03-03T23:40:08+00:00\",\"description\":\"Su\u0146u un ka\u0137u pieskat\u012b\u0161anas serviss. Pieskat\u012b\u0161ana pie klienta m\u0101j\u0101s \u2013 m\u012blulim tiek nodro\u0161in\u0101ti vi\u0146a ierastie m\u0101jas apst\u0101k\u013ci saimnieka promb\u016btnes laik\u0101.\",\"breadcrumb\":{\"@id\":\"https:\/\/www.whisker.lv\/sunu-kaku-pieskatisana-pie-klienta\/#breadcrumb\"},\"inLanguage\":\"ru-RU\",\"potentialAction\":[{\"@type\":\"ReadAction\",\"target\":[\"https:\/\/www.whisker.lv\/sunu-kaku-pieskatisana-pie-klienta\/\"]}]},{\"@type\":\"ImageObject\",\"inLanguage\":\"ru-RU\",\"@id\":\"https:\/\/www.whisker.lv\/sunu-kaku-pieskatisana-pie-klienta\/#primaryimage\",\"url\":\"https:\/\/www.whisker.lv\/wp-content\/uploads\/2019\/03\/IMG_0057.jpg\",\"contentUrl\":\"https:\/\/www.whisker.lv\/wp-content\/uploads\/2019\/03\/IMG_0057.jpg\"},{\"@type\":\"BreadcrumbList\",\"@id\":\"https:\/\/www.whisker.lv\/sunu-kaku-pieskatisana-pie-klienta\/#breadcrumb\",\"itemListElement\":[{\"@type\":\"ListItem\",\"position\":1,\"name\":\"S\u0101kums\",\"item\":\"https:\/\/www.whisker.lv\/\"},{\"@type\":\"ListItem\",\"position\":2,\"name\":\"Su\u0146u ka\u0137u pieskat\u012b\u0161ana pie klienta\"}]},{\"@type\":\"WebSite\",\"@id\":\"https:\/\/www.whisker.lv\/#website\",\"url\":\"https:\/\/www.whisker.lv\/\",\"name\":\"Whisker\",\"description\":\"Tavs pal\u012bgs m\u0101jdzivnieku pieskat\u012b\u0161an\u0101\",\"potentialAction\":[{\"@type\":\"SearchAction\",\"target\":{\"@type\":\"EntryPoint\",\"urlTemplate\":\"https:\/\/www.whisker.lv\/?s={search_term_string}\"},\"query-input\":\"required name=search_term_string\"}],\"inLanguage\":\"ru-RU\"}]}<\/script>\n<!-- \/ Yoast SEO plugin. -->","yoast_head_json":{"title":"Su\u0146u ka\u0137u pieskat\u012b\u0161ana pie klienta - Whisker - M\u012blu\u013cu pieskat\u012b\u0161anas serviss","robots":{"index":"index","follow":"follow","max-snippet":"max-snippet:-1","max-image-preview":"max-image-preview:large","max-video-preview":"max-video-preview:-1"},"canonical":"https:\/\/www.whisker.lv\/sunu-kaku-pieskatisana-pie-klienta\/","og_locale":"ru_RU","og_type":"article","og_title":"Su\u0146u ka\u0137u pieskat\u012b\u0161ana pie klienta - Whisker","og_url":"https:\/\/www.whisker.lv\/sunu-kaku-pieskatisana-pie-klienta\/","og_site_name":"Whisker","article_publisher":"https:\/\/www.facebook.com\/whisker.lv\/","article_modified_time":"2019-03-03T23:40:08+00:00","og_image":[{"url":"https:\/\/www.whisker.lv\/wp-content\/uploads\/2019\/03\/IMG_0057.jpg"}],"twitter_card":"summary_large_image","twitter_misc":{"Est. reading time":"1 minute"},"schema":{"@context":"https:\/\/schema.org","@graph":[{"@type":"WebPage","@id":"https:\/\/www.whisker.lv\/sunu-kaku-pieskatisana-pie-klienta\/","url":"https:\/\/www.whisker.lv\/sunu-kaku-pieskatisana-pie-klienta\/","name":"Su\u0146u ka\u0137u pieskat\u012b\u0161ana pie klienta - Whisker - M\u012blu\u013cu pieskat\u012b\u0161anas serviss","isPartOf":{"@id":"https:\/\/www.whisker.lv\/#website"},"primaryImageOfPage":{"@id":"https:\/\/www.whisker.lv\/sunu-kaku-pieskatisana-pie-klienta\/#primaryimage"},"image":{"@id":"https:\/\/www.whisker.lv\/sunu-kaku-pieskatisana-pie-klienta\/#primaryimage"},"thumbnailUrl":"https:\/\/www.whisker.lv\/wp-content\/uploads\/2019\/03\/IMG_0057.jpg","datePublished":"2019-02-22T04:37:19+00:00","dateModified":"2019-03-03T23:40:08+00:00","description":"Su\u0146u un ka\u0137u pieskat\u012b\u0161anas serviss. Pieskat\u012b\u0161ana pie klienta m\u0101j\u0101s \u2013 m\u012blulim tiek nodro\u0161in\u0101ti vi\u0146a ierastie m\u0101jas apst\u0101k\u013ci saimnieka promb\u016btnes laik\u0101.","breadcrumb":{"@id":"https:\/\/www.whisker.lv\/sunu-kaku-pieskatisana-pie-klienta\/#breadcrumb"},"inLanguage":"ru-RU","potentialAction":[{"@type":"ReadAction","target":["https:\/\/www.whisker.lv\/sunu-kaku-pieskatisana-pie-klienta\/"]}]},{"@type":"ImageObject","inLanguage":"ru-RU","@id":"https:\/\/www.whisker.lv\/sunu-kaku-pieskatisana-pie-klienta\/#primaryimage","url":"https:\/\/www.whisker.lv\/wp-content\/uploads\/2019\/03\/IMG_0057.jpg","contentUrl":"https:\/\/www.whisker.lv\/wp-content\/uploads\/2019\/03\/IMG_0057.jpg"},{"@type":"BreadcrumbList","@id":"https:\/\/www.whisker.lv\/sunu-kaku-pieskatisana-pie-klienta\/#breadcrumb","itemListElement":[{"@type":"ListItem","position":1,"name":"S\u0101kums","item":"https:\/\/www.whisker.lv\/"},{"@type":"ListItem","position":2,"name":"Su\u0146u ka\u0137u pieskat\u012b\u0161ana pie klienta"}]},{"@type":"WebSite","@id":"https:\/\/www.whisker.lv\/#website","url":"https:\/\/www.whisker.lv\/","name":"Whisker","description":"Tavs pal\u012bgs m\u0101jdzivnieku pieskat\u012b\u0161an\u0101","potentialAction":[{"@type":"SearchAction","target":{"@type":"EntryPoint","urlTemplate":"https:\/\/www.whisker.lv\/?s={search_term_string}"},"query-input":"required name=search_term_string"}],"inLanguage":"ru-RU"}]}},"_links":{"self":[{"href":"https:\/\/www.whisker.lv\/ru\/wp-json\/wp\/v2\/pages\/7848"}],"collection":[{"href":"https:\/\/www.whisker.lv\/ru\/wp-json\/wp\/v2\/pages"}],"about":[{"href":"https:\/\/www.whisker.lv\/ru\/wp-json\/wp\/v2\/types\/page"}],"author":[{"embeddable":true,"href":"https:\/\/www.whisker.lv\/ru\/wp-json\/wp\/v2\/users\/1"}],"replies":[{"embeddable":true,"href":"https:\/\/www.whisker.lv\/ru\/wp-json\/wp\/v2\/comments?post=7848"}],"version-history":[{"count":15,"href":"https:\/\/www.whisker.lv\/ru\/wp-json\/wp\/v2\/pages\/7848\/revisions"}],"predecessor-version":[{"id":8509,"href":"https:\/\/www.whisker.lv\/ru\/wp-json\/wp\/v2\/pages\/7848\/revisions\/8509"}],"wp:attachment":[{"href":"https:\/\/www.whisker.lv\/ru\/wp-json\/wp\/v2\/media?parent=7848"}],"curies":[{"name":"wp","href":"https:\/\/api.w.org\/{rel}","templated":true}]}}