



{"id":7850,"date":"2019-02-22T07:08:57","date_gmt":"2019-02-22T04:38:57","guid":{"rendered":"https:\/\/www.whisker.lv\/?page_id=7850"},"modified":"2019-03-04T02:01:18","modified_gmt":"2019-03-04T00:01:18","slug":"dzivnieku-majas-vizites","status":"publish","type":"page","link":"https:\/\/www.whisker.lv\/ru\/dzivnieku-majas-vizites\/","title":{"rendered":"Dz\u012bvnieku m\u0101jas viz\u012btes"},"content":{"rendered":"<h2 style=\"text-align: center;\"><span style=\"color: #000000;\"><strong>M\u0101jas viz\u012btes<\/strong><\/span><\/h2>\n<p><span style=\"color: #000000;\">Kam\u0113r esi promb\u016btn\u0113, apciemosim tavu ka\u0137i un nodro\u0161in\u0101sim vi\u0146u ar \u0113dienu, \u016bdeni un ar\u012b sabiedr\u012bbu. 30 min\u016b\u0161u viz\u012bt\u0113s par\u016bp\u0113simies, lai m\u012blulis sa\u0146em nepiecie\u0161amo apr\u016bpi, m\u012blest\u012bbu un uzman\u012bbu.<\/span><\/p>\n<h4><strong><span style=\"color: #000000;\">\u00a0 \u00a0 \u00a0 \u00a0 <\/span><\/strong><\/h4>\n<h4><strong><span style=\"color: #000000;\">\u00a0 \u00a0 \u00a0 \u00a0 \u00a0M\u0101jas viz\u012b\u0161u ieguvumi:<\/span><\/strong><\/h4>\n<ul>\n<li><span style=\"color: #000000;\">Zino\u0161i un dz\u012bvniekus m\u012blo\u0161i pal\u012bgi;<\/span><\/li>\n<li><span style=\"color: #000000;\">P\u0101rliecin\u0101simies, ka ka\u0137im ir \u0113diens un svaigs \u016bdens;<\/span><\/li>\n<li><span style=\"color: #000000;\">Sam\u012b\u013cosim un sniegsim uzman\u012bbu;<\/span><\/li>\n<li><span style=\"color: #000000;\">Izt\u012br\u012bsim ka\u0137a kast\u012bti;<\/span><\/li>\n<li><span style=\"color: #000000;\">Medikamentu lieto\u0161ana, ja tas nepiecie\u0161ams;<\/span><\/li>\n<li><span style=\"color: #000000;\">M\u0101jok\u013ca dro\u0161\u012bbas iev\u0113ro\u0161ana;<\/span><\/li>\n<\/ul>\n<h3 style=\"text-align: center;\"><a href=\"https:\/\/www.whisker.lv\/paligi-r\/\" target=\"_blank\" rel=\"noopener\">Visi Whisker pal\u012bgi<\/a><\/h3>\n<p>&nbsp;<\/p>\n<p><img decoding=\"async\" class=\"aligncenter wp-image-8512\" src=\"https:\/\/www.whisker.lv\/wp-content\/uploads\/2019\/03\/IMG_9998-3.jpg\" alt=\"Ka\u0137u pieskat\u012b\u0161ana\" width=\"1000\" height=\"667\" srcset=\"https:\/\/www.whisker.lv\/wp-content\/uploads\/2019\/03\/IMG_9998-3.jpg 3500w, https:\/\/www.whisker.lv\/wp-content\/uploads\/2019\/03\/IMG_9998-3-300x200.jpg 300w, https:\/\/www.whisker.lv\/wp-content\/uploads\/2019\/03\/IMG_9998-3-768x512.jpg 768w, https:\/\/www.whisker.lv\/wp-content\/uploads\/2019\/03\/IMG_9998-3-1024x683.jpg 1024w\" sizes=\"(max-width: 1000px) 100vw, 1000px\" \/><\/p>\n","protected":false},"excerpt":{"rendered":"<p>M\u0101jas viz\u012btes Kam\u0113r esi promb\u016btn\u0113, apciemosim tavu ka\u0137i un nodro\u0161in\u0101sim vi\u0146u ar \u0113dienu, \u016bdeni un ar\u012b sabiedr\u012bbu. 30 min\u016b\u0161u viz\u012bt\u0113s par\u016bp\u0113simies, lai m\u012blulis sa\u0146em nepiecie\u0161amo apr\u016bpi, m\u012blest\u012bbu un uzman\u012bbu. \u00a0 \u00a0 \u00a0 \u00a0 \u00a0 \u00a0 \u00a0 \u00a0 \u00a0M\u0101jas viz\u012b\u0161u ieguvumi: Zino\u0161i un dz\u012bvniekus m\u012blo\u0161i pal\u012bgi; P\u0101rliecin\u0101simies, ka ka\u0137im ir \u0113diens un svaigs \u016bdens; Sam\u012b\u013cosim un [&hellip;]<\/p>\n","protected":false},"author":1,"featured_media":0,"parent":0,"menu_order":0,"comment_status":"closed","ping_status":"closed","template":"page-fullwidth.php","meta":{"_acf_changed":false,"_glsr_average":0,"_glsr_ranking":0,"_glsr_reviews":0,"footnotes":""},"translation":{"provider":"WPGlobus","version":"2.12.2","language":"ru","enabled_languages":["lv","en","ru"],"languages":{"lv":{"title":true,"content":true,"excerpt":false},"en":{"title":false,"content":false,"excerpt":false},"ru":{"title":false,"content":false,"excerpt":false}}},"acf":[],"yoast_head":"<!-- This site is optimized with the Yoast SEO plugin v22.5 - https:\/\/yoast.com\/wordpress\/plugins\/seo\/ -->\n<title>Ka\u0137u pieskat\u012b\u0161ana. Dz\u012bvnieku m\u0101jas viz\u012btes - Whisker.lv<\/title>\n<meta name=\"robots\" content=\"index, follow, max-snippet:-1, max-image-preview:large, max-video-preview:-1\" \/>\n<link rel=\"canonical\" href=\"https:\/\/www.whisker.lv\/dzivnieku-majas-vizites\/\" \/>\n<meta property=\"og:locale\" content=\"ru_RU\" \/>\n<meta property=\"og:type\" content=\"article\" \/>\n<meta property=\"og:title\" content=\"Dz\u012bvnieku m\u0101jas viz\u012btes - Whisker\" \/>\n<meta property=\"og:url\" content=\"https:\/\/www.whisker.lv\/dzivnieku-majas-vizites\/\" \/>\n<meta property=\"og:site_name\" content=\"Whisker\" \/>\n<meta property=\"article:publisher\" content=\"https:\/\/www.facebook.com\/whisker.lv\/\" \/>\n<meta property=\"article:modified_time\" content=\"2019-03-04T00:01:18+00:00\" \/>\n<meta property=\"og:image\" content=\"https:\/\/www.whisker.lv\/wp-content\/uploads\/2019\/03\/IMG_9998-3.jpg\" \/>\n<meta name=\"twitter:card\" content=\"summary_large_image\" \/>\n<meta name=\"twitter:label1\" content=\"Est. reading time\" \/>\n\t<meta name=\"twitter:data1\" content=\"1 minute\" \/>\n<script type=\"application\/ld+json\" class=\"yoast-schema-graph\">{\"@context\":\"https:\/\/schema.org\",\"@graph\":[{\"@type\":\"WebPage\",\"@id\":\"https:\/\/www.whisker.lv\/dzivnieku-majas-vizites\/\",\"url\":\"https:\/\/www.whisker.lv\/dzivnieku-majas-vizites\/\",\"name\":\"Ka\u0137u pieskat\u012b\u0161ana. Dz\u012bvnieku m\u0101jas viz\u012btes - Whisker.lv\",\"isPartOf\":{\"@id\":\"https:\/\/www.whisker.lv\/#website\"},\"primaryImageOfPage\":{\"@id\":\"https:\/\/www.whisker.lv\/dzivnieku-majas-vizites\/#primaryimage\"},\"image\":{\"@id\":\"https:\/\/www.whisker.lv\/dzivnieku-majas-vizites\/#primaryimage\"},\"thumbnailUrl\":\"https:\/\/www.whisker.lv\/wp-content\/uploads\/2019\/03\/IMG_9998-3.jpg\",\"datePublished\":\"2019-02-22T04:38:57+00:00\",\"dateModified\":\"2019-03-04T00:01:18+00:00\",\"description\":\"Ka\u0137u pieskat\u012b\u0161ana. Pieskat\u012b\u0161ana pie klienta m\u0101j\u0101s \u2013 m\u012blulim tiek nodro\u0161in\u0101ti vi\u0146a ierastie m\u0101jas apst\u0101k\u013ci saimnieka promb\u016btnes laik\u0101.\",\"breadcrumb\":{\"@id\":\"https:\/\/www.whisker.lv\/dzivnieku-majas-vizites\/#breadcrumb\"},\"inLanguage\":\"ru-RU\",\"potentialAction\":[{\"@type\":\"ReadAction\",\"target\":[\"https:\/\/www.whisker.lv\/dzivnieku-majas-vizites\/\"]}]},{\"@type\":\"ImageObject\",\"inLanguage\":\"ru-RU\",\"@id\":\"https:\/\/www.whisker.lv\/dzivnieku-majas-vizites\/#primaryimage\",\"url\":\"https:\/\/www.whisker.lv\/wp-content\/uploads\/2019\/03\/IMG_9998-3.jpg\",\"contentUrl\":\"https:\/\/www.whisker.lv\/wp-content\/uploads\/2019\/03\/IMG_9998-3.jpg\"},{\"@type\":\"BreadcrumbList\",\"@id\":\"https:\/\/www.whisker.lv\/dzivnieku-majas-vizites\/#breadcrumb\",\"itemListElement\":[{\"@type\":\"ListItem\",\"position\":1,\"name\":\"S\u0101kums\",\"item\":\"https:\/\/www.whisker.lv\/\"},{\"@type\":\"ListItem\",\"position\":2,\"name\":\"Dz\u012bvnieku m\u0101jas viz\u012btes\"}]},{\"@type\":\"WebSite\",\"@id\":\"https:\/\/www.whisker.lv\/#website\",\"url\":\"https:\/\/www.whisker.lv\/\",\"name\":\"Whisker\",\"description\":\"Tavs pal\u012bgs m\u0101jdzivnieku pieskat\u012b\u0161an\u0101\",\"potentialAction\":[{\"@type\":\"SearchAction\",\"target\":{\"@type\":\"EntryPoint\",\"urlTemplate\":\"https:\/\/www.whisker.lv\/?s={search_term_string}\"},\"query-input\":\"required name=search_term_string\"}],\"inLanguage\":\"ru-RU\"}]}<\/script>\n<!-- \/ Yoast SEO plugin. -->","yoast_head_json":{"title":"Ka\u0137u pieskat\u012b\u0161ana. Dz\u012bvnieku m\u0101jas viz\u012btes - Whisker.lv","robots":{"index":"index","follow":"follow","max-snippet":"max-snippet:-1","max-image-preview":"max-image-preview:large","max-video-preview":"max-video-preview:-1"},"canonical":"https:\/\/www.whisker.lv\/dzivnieku-majas-vizites\/","og_locale":"ru_RU","og_type":"article","og_title":"Dz\u012bvnieku m\u0101jas viz\u012btes - Whisker","og_url":"https:\/\/www.whisker.lv\/dzivnieku-majas-vizites\/","og_site_name":"Whisker","article_publisher":"https:\/\/www.facebook.com\/whisker.lv\/","article_modified_time":"2019-03-04T00:01:18+00:00","og_image":[{"url":"https:\/\/www.whisker.lv\/wp-content\/uploads\/2019\/03\/IMG_9998-3.jpg"}],"twitter_card":"summary_large_image","twitter_misc":{"Est. reading time":"1 minute"},"schema":{"@context":"https:\/\/schema.org","@graph":[{"@type":"WebPage","@id":"https:\/\/www.whisker.lv\/dzivnieku-majas-vizites\/","url":"https:\/\/www.whisker.lv\/dzivnieku-majas-vizites\/","name":"Ka\u0137u pieskat\u012b\u0161ana. Dz\u012bvnieku m\u0101jas viz\u012btes - Whisker.lv","isPartOf":{"@id":"https:\/\/www.whisker.lv\/#website"},"primaryImageOfPage":{"@id":"https:\/\/www.whisker.lv\/dzivnieku-majas-vizites\/#primaryimage"},"image":{"@id":"https:\/\/www.whisker.lv\/dzivnieku-majas-vizites\/#primaryimage"},"thumbnailUrl":"https:\/\/www.whisker.lv\/wp-content\/uploads\/2019\/03\/IMG_9998-3.jpg","datePublished":"2019-02-22T04:38:57+00:00","dateModified":"2019-03-04T00:01:18+00:00","description":"Ka\u0137u pieskat\u012b\u0161ana. Pieskat\u012b\u0161ana pie klienta m\u0101j\u0101s \u2013 m\u012blulim tiek nodro\u0161in\u0101ti vi\u0146a ierastie m\u0101jas apst\u0101k\u013ci saimnieka promb\u016btnes laik\u0101.","breadcrumb":{"@id":"https:\/\/www.whisker.lv\/dzivnieku-majas-vizites\/#breadcrumb"},"inLanguage":"ru-RU","potentialAction":[{"@type":"ReadAction","target":["https:\/\/www.whisker.lv\/dzivnieku-majas-vizites\/"]}]},{"@type":"ImageObject","inLanguage":"ru-RU","@id":"https:\/\/www.whisker.lv\/dzivnieku-majas-vizites\/#primaryimage","url":"https:\/\/www.whisker.lv\/wp-content\/uploads\/2019\/03\/IMG_9998-3.jpg","contentUrl":"https:\/\/www.whisker.lv\/wp-content\/uploads\/2019\/03\/IMG_9998-3.jpg"},{"@type":"BreadcrumbList","@id":"https:\/\/www.whisker.lv\/dzivnieku-majas-vizites\/#breadcrumb","itemListElement":[{"@type":"ListItem","position":1,"name":"S\u0101kums","item":"https:\/\/www.whisker.lv\/"},{"@type":"ListItem","position":2,"name":"Dz\u012bvnieku m\u0101jas viz\u012btes"}]},{"@type":"WebSite","@id":"https:\/\/www.whisker.lv\/#website","url":"https:\/\/www.whisker.lv\/","name":"Whisker","description":"Tavs pal\u012bgs m\u0101jdzivnieku pieskat\u012b\u0161an\u0101","potentialAction":[{"@type":"SearchAction","target":{"@type":"EntryPoint","urlTemplate":"https:\/\/www.whisker.lv\/?s={search_term_string}"},"query-input":"required name=search_term_string"}],"inLanguage":"ru-RU"}]}},"_links":{"self":[{"href":"https:\/\/www.whisker.lv\/ru\/wp-json\/wp\/v2\/pages\/7850"}],"collection":[{"href":"https:\/\/www.whisker.lv\/ru\/wp-json\/wp\/v2\/pages"}],"about":[{"href":"https:\/\/www.whisker.lv\/ru\/wp-json\/wp\/v2\/types\/page"}],"author":[{"embeddable":true,"href":"https:\/\/www.whisker.lv\/ru\/wp-json\/wp\/v2\/users\/1"}],"replies":[{"embeddable":true,"href":"https:\/\/www.whisker.lv\/ru\/wp-json\/wp\/v2\/comments?post=7850"}],"version-history":[{"count":9,"href":"https:\/\/www.whisker.lv\/ru\/wp-json\/wp\/v2\/pages\/7850\/revisions"}],"predecessor-version":[{"id":8513,"href":"https:\/\/www.whisker.lv\/ru\/wp-json\/wp\/v2\/pages\/7850\/revisions\/8513"}],"wp:attachment":[{"href":"https:\/\/www.whisker.lv\/ru\/wp-json\/wp\/v2\/media?parent=7850"}],"curies":[{"name":"wp","href":"https:\/\/api.w.org\/{rel}","templated":true}]}}