



{"id":7852,"date":"2019-02-22T07:10:30","date_gmt":"2019-02-22T04:40:30","guid":{"rendered":"https:\/\/www.whisker.lv\/?page_id=7852"},"modified":"2019-03-03T23:19:54","modified_gmt":"2019-03-03T21:19:54","slug":"sunu-pieskatisana-pa-dienu","status":"publish","type":"page","link":"https:\/\/www.whisker.lv\/ru\/sunu-pieskatisana-pa-dienu\/","title":{"rendered":"Su\u0146u pieskat\u012b\u0161ana pa dienu"},"content":{"rendered":"<h3 style=\"text-align: center;\"><span style=\"color: #000000;\"><strong>Pieskat\u012b\u0161ana pa dienu<\/strong><\/span><\/h3>\n<p>&nbsp;<\/p>\n<p><span style=\"color: #000000;\">Neatst\u0101j savu m\u012bluli visu dienu m\u0101j\u0101s vienu. Neatkar\u012bgi vai pieskat\u012b\u0161ana ir pie Whisker pal\u012bga vai pie tevis m\u0101j\u0101s, m\u0113s nodro\u0161in\u0101m visu nepiecie\u0161amo, lai suns pa dienu ir nodarbin\u0101ts, izstaig\u0101jies un laim\u012bgs sagaida saimniekus p\u0101rn\u0101kam m\u0101j\u0101s.<\/span><\/p>\n<p>&nbsp;<\/p>\n<h4><span style=\"color: #000000;\"><strong>\u00a0 \u00a0 \u00a0 \u00a0 \u00a0Ieguvumi:<\/strong><\/span><\/h4>\n<ul>\n<li><span style=\"color: #000000;\">Zino\u0161i un dz\u012bvniekus m\u012blo\u0161i pal\u012bgi;<\/span><\/li>\n<li><span style=\"color: #000000;\">Individu\u0101la pieeja;<\/span><\/li>\n<li><span style=\"color: #000000;\">Ikdienas rut\u012bnas iev\u0113ro\u0161ana;<\/span><\/li>\n<li><span style=\"color: #000000;\">Aktivit\u0101tes;<\/span><\/li>\n<li><span style=\"color: #000000;\">Pastaigas;<\/span><\/li>\n<li><span style=\"color: #000000;\">Komunik\u0101cija ar saimnieku;<\/span><\/li>\n<li><span style=\"color: #000000;\">Medikamentu lieto\u0161ana, ja tas nepiecie\u0161ams;<\/span><\/li>\n<li><span style=\"color: #000000;\">M\u0101jok\u013ca dro\u0161\u012bbas iev\u0113ro\u0161ana (esot pie klienta);<\/span><\/li>\n<\/ul>\n<h3 style=\"text-align: center;\"><a href=\"https:\/\/www.whisker.lv\/paligi-r\/\" target=\"_blank\" rel=\"noopener\">Visi Whisker pal\u012bgi<\/a><\/h3>\n<p>&nbsp;<\/p>\n<p><img decoding=\"async\" class=\"aligncenter wp-image-8515\" src=\"https:\/\/www.whisker.lv\/wp-content\/uploads\/2019\/03\/IMG_4981.jpg\" alt=\"Su\u0146u pieskat\u012b\u0161ana\" width=\"1000\" height=\"667\" srcset=\"https:\/\/www.whisker.lv\/wp-content\/uploads\/2019\/03\/IMG_4981.jpg 3500w, https:\/\/www.whisker.lv\/wp-content\/uploads\/2019\/03\/IMG_4981-300x200.jpg 300w, https:\/\/www.whisker.lv\/wp-content\/uploads\/2019\/03\/IMG_4981-768x512.jpg 768w, https:\/\/www.whisker.lv\/wp-content\/uploads\/2019\/03\/IMG_4981-1024x683.jpg 1024w\" sizes=\"(max-width: 1000px) 100vw, 1000px\" \/><\/p>\n","protected":false},"excerpt":{"rendered":"<p>Pieskat\u012b\u0161ana pa dienu &nbsp; Neatst\u0101j savu m\u012bluli visu dienu m\u0101j\u0101s vienu. Neatkar\u012bgi vai pieskat\u012b\u0161ana ir pie Whisker pal\u012bga vai pie tevis m\u0101j\u0101s, m\u0113s nodro\u0161in\u0101m visu nepiecie\u0161amo, lai suns pa dienu ir nodarbin\u0101ts, izstaig\u0101jies un laim\u012bgs sagaida saimniekus p\u0101rn\u0101kam m\u0101j\u0101s. &nbsp; \u00a0 \u00a0 \u00a0 \u00a0 \u00a0Ieguvumi: Zino\u0161i un dz\u012bvniekus m\u012blo\u0161i pal\u012bgi; Individu\u0101la pieeja; Ikdienas rut\u012bnas iev\u0113ro\u0161ana; [&hellip;]<\/p>\n","protected":false},"author":1,"featured_media":0,"parent":0,"menu_order":0,"comment_status":"closed","ping_status":"closed","template":"page-fullwidth.php","meta":{"_acf_changed":false,"_glsr_average":0,"_glsr_ranking":0,"_glsr_reviews":0,"footnotes":""},"translation":{"provider":"WPGlobus","version":"2.12.2","language":"ru","enabled_languages":["lv","en","ru"],"languages":{"lv":{"title":true,"content":true,"excerpt":false},"en":{"title":false,"content":false,"excerpt":false},"ru":{"title":false,"content":false,"excerpt":false}}},"acf":[],"yoast_head":"<!-- This site is optimized with the Yoast SEO plugin v22.5 - https:\/\/yoast.com\/wordpress\/plugins\/seo\/ -->\n<title>Su\u0146u pieskat\u012b\u0161ana pa dienu - Whisker<\/title>\n<meta name=\"robots\" content=\"index, follow, max-snippet:-1, max-image-preview:large, max-video-preview:-1\" \/>\n<link rel=\"canonical\" href=\"https:\/\/www.whisker.lv\/sunu-pieskatisana-pa-dienu\/\" \/>\n<meta property=\"og:locale\" content=\"ru_RU\" \/>\n<meta property=\"og:type\" content=\"article\" \/>\n<meta property=\"og:title\" content=\"Su\u0146u pieskat\u012b\u0161ana pa dienu - Whisker\" \/>\n<meta property=\"og:url\" content=\"https:\/\/www.whisker.lv\/sunu-pieskatisana-pa-dienu\/\" \/>\n<meta property=\"og:site_name\" content=\"Whisker\" \/>\n<meta property=\"article:publisher\" content=\"https:\/\/www.facebook.com\/whisker.lv\/\" \/>\n<meta property=\"article:modified_time\" content=\"2019-03-03T21:19:54+00:00\" \/>\n<meta property=\"og:image\" content=\"https:\/\/www.whisker.lv\/wp-content\/uploads\/2019\/03\/IMG_4981.jpg\" \/>\n<meta name=\"twitter:card\" content=\"summary_large_image\" \/>\n<meta name=\"twitter:label1\" content=\"Est. reading time\" \/>\n\t<meta name=\"twitter:data1\" content=\"1 minute\" \/>\n<script type=\"application\/ld+json\" class=\"yoast-schema-graph\">{\"@context\":\"https:\/\/schema.org\",\"@graph\":[{\"@type\":\"WebPage\",\"@id\":\"https:\/\/www.whisker.lv\/sunu-pieskatisana-pa-dienu\/\",\"url\":\"https:\/\/www.whisker.lv\/sunu-pieskatisana-pa-dienu\/\",\"name\":\"Su\u0146u pieskat\u012b\u0161ana pa dienu - Whisker\",\"isPartOf\":{\"@id\":\"https:\/\/www.whisker.lv\/#website\"},\"primaryImageOfPage\":{\"@id\":\"https:\/\/www.whisker.lv\/sunu-pieskatisana-pa-dienu\/#primaryimage\"},\"image\":{\"@id\":\"https:\/\/www.whisker.lv\/sunu-pieskatisana-pa-dienu\/#primaryimage\"},\"thumbnailUrl\":\"https:\/\/www.whisker.lv\/wp-content\/uploads\/2019\/03\/IMG_4981.jpg\",\"datePublished\":\"2019-02-22T04:40:30+00:00\",\"dateModified\":\"2019-03-03T21:19:54+00:00\",\"breadcrumb\":{\"@id\":\"https:\/\/www.whisker.lv\/sunu-pieskatisana-pa-dienu\/#breadcrumb\"},\"inLanguage\":\"ru-RU\",\"potentialAction\":[{\"@type\":\"ReadAction\",\"target\":[\"https:\/\/www.whisker.lv\/sunu-pieskatisana-pa-dienu\/\"]}]},{\"@type\":\"ImageObject\",\"inLanguage\":\"ru-RU\",\"@id\":\"https:\/\/www.whisker.lv\/sunu-pieskatisana-pa-dienu\/#primaryimage\",\"url\":\"https:\/\/www.whisker.lv\/wp-content\/uploads\/2019\/03\/IMG_4981.jpg\",\"contentUrl\":\"https:\/\/www.whisker.lv\/wp-content\/uploads\/2019\/03\/IMG_4981.jpg\"},{\"@type\":\"BreadcrumbList\",\"@id\":\"https:\/\/www.whisker.lv\/sunu-pieskatisana-pa-dienu\/#breadcrumb\",\"itemListElement\":[{\"@type\":\"ListItem\",\"position\":1,\"name\":\"S\u0101kums\",\"item\":\"https:\/\/www.whisker.lv\/\"},{\"@type\":\"ListItem\",\"position\":2,\"name\":\"Su\u0146u pieskat\u012b\u0161ana pa dienu\"}]},{\"@type\":\"WebSite\",\"@id\":\"https:\/\/www.whisker.lv\/#website\",\"url\":\"https:\/\/www.whisker.lv\/\",\"name\":\"Whisker\",\"description\":\"Tavs pal\u012bgs m\u0101jdzivnieku pieskat\u012b\u0161an\u0101\",\"potentialAction\":[{\"@type\":\"SearchAction\",\"target\":{\"@type\":\"EntryPoint\",\"urlTemplate\":\"https:\/\/www.whisker.lv\/?s={search_term_string}\"},\"query-input\":\"required name=search_term_string\"}],\"inLanguage\":\"ru-RU\"}]}<\/script>\n<!-- \/ Yoast SEO plugin. -->","yoast_head_json":{"title":"Su\u0146u pieskat\u012b\u0161ana pa dienu - Whisker","robots":{"index":"index","follow":"follow","max-snippet":"max-snippet:-1","max-image-preview":"max-image-preview:large","max-video-preview":"max-video-preview:-1"},"canonical":"https:\/\/www.whisker.lv\/sunu-pieskatisana-pa-dienu\/","og_locale":"ru_RU","og_type":"article","og_title":"Su\u0146u pieskat\u012b\u0161ana pa dienu - Whisker","og_url":"https:\/\/www.whisker.lv\/sunu-pieskatisana-pa-dienu\/","og_site_name":"Whisker","article_publisher":"https:\/\/www.facebook.com\/whisker.lv\/","article_modified_time":"2019-03-03T21:19:54+00:00","og_image":[{"url":"https:\/\/www.whisker.lv\/wp-content\/uploads\/2019\/03\/IMG_4981.jpg"}],"twitter_card":"summary_large_image","twitter_misc":{"Est. reading time":"1 minute"},"schema":{"@context":"https:\/\/schema.org","@graph":[{"@type":"WebPage","@id":"https:\/\/www.whisker.lv\/sunu-pieskatisana-pa-dienu\/","url":"https:\/\/www.whisker.lv\/sunu-pieskatisana-pa-dienu\/","name":"Su\u0146u pieskat\u012b\u0161ana pa dienu - Whisker","isPartOf":{"@id":"https:\/\/www.whisker.lv\/#website"},"primaryImageOfPage":{"@id":"https:\/\/www.whisker.lv\/sunu-pieskatisana-pa-dienu\/#primaryimage"},"image":{"@id":"https:\/\/www.whisker.lv\/sunu-pieskatisana-pa-dienu\/#primaryimage"},"thumbnailUrl":"https:\/\/www.whisker.lv\/wp-content\/uploads\/2019\/03\/IMG_4981.jpg","datePublished":"2019-02-22T04:40:30+00:00","dateModified":"2019-03-03T21:19:54+00:00","breadcrumb":{"@id":"https:\/\/www.whisker.lv\/sunu-pieskatisana-pa-dienu\/#breadcrumb"},"inLanguage":"ru-RU","potentialAction":[{"@type":"ReadAction","target":["https:\/\/www.whisker.lv\/sunu-pieskatisana-pa-dienu\/"]}]},{"@type":"ImageObject","inLanguage":"ru-RU","@id":"https:\/\/www.whisker.lv\/sunu-pieskatisana-pa-dienu\/#primaryimage","url":"https:\/\/www.whisker.lv\/wp-content\/uploads\/2019\/03\/IMG_4981.jpg","contentUrl":"https:\/\/www.whisker.lv\/wp-content\/uploads\/2019\/03\/IMG_4981.jpg"},{"@type":"BreadcrumbList","@id":"https:\/\/www.whisker.lv\/sunu-pieskatisana-pa-dienu\/#breadcrumb","itemListElement":[{"@type":"ListItem","position":1,"name":"S\u0101kums","item":"https:\/\/www.whisker.lv\/"},{"@type":"ListItem","position":2,"name":"Su\u0146u pieskat\u012b\u0161ana pa dienu"}]},{"@type":"WebSite","@id":"https:\/\/www.whisker.lv\/#website","url":"https:\/\/www.whisker.lv\/","name":"Whisker","description":"Tavs pal\u012bgs m\u0101jdzivnieku pieskat\u012b\u0161an\u0101","potentialAction":[{"@type":"SearchAction","target":{"@type":"EntryPoint","urlTemplate":"https:\/\/www.whisker.lv\/?s={search_term_string}"},"query-input":"required name=search_term_string"}],"inLanguage":"ru-RU"}]}},"_links":{"self":[{"href":"https:\/\/www.whisker.lv\/ru\/wp-json\/wp\/v2\/pages\/7852"}],"collection":[{"href":"https:\/\/www.whisker.lv\/ru\/wp-json\/wp\/v2\/pages"}],"about":[{"href":"https:\/\/www.whisker.lv\/ru\/wp-json\/wp\/v2\/types\/page"}],"author":[{"embeddable":true,"href":"https:\/\/www.whisker.lv\/ru\/wp-json\/wp\/v2\/users\/1"}],"replies":[{"embeddable":true,"href":"https:\/\/www.whisker.lv\/ru\/wp-json\/wp\/v2\/comments?post=7852"}],"version-history":[{"count":5,"href":"https:\/\/www.whisker.lv\/ru\/wp-json\/wp\/v2\/pages\/7852\/revisions"}],"predecessor-version":[{"id":8516,"href":"https:\/\/www.whisker.lv\/ru\/wp-json\/wp\/v2\/pages\/7852\/revisions\/8516"}],"wp:attachment":[{"href":"https:\/\/www.whisker.lv\/ru\/wp-json\/wp\/v2\/media?parent=7852"}],"curies":[{"name":"wp","href":"https:\/\/api.w.org\/{rel}","templated":true}]}}