



{"id":8569,"date":"2019-03-04T22:50:07","date_gmt":"2019-03-04T20:50:07","guid":{"rendered":"https:\/\/www.whisker.lv\/?page_id=8569"},"modified":"2019-03-05T01:46:59","modified_gmt":"2019-03-04T23:46:59","slug":"%d0%bf%d0%b5%d1%80%d0%b5%d0%b4%d0%b5%d1%80%d0%b6%d0%ba%d0%b0-%d0%ba%d0%be%d1%88%d0%b5%d0%ba","status":"publish","type":"page","link":"https:\/\/www.whisker.lv\/ru\/%d0%bf%d0%b5%d1%80%d0%b5%d0%b4%d0%b5%d1%80%d0%b6%d0%ba%d0%b0-%d0%ba%d0%be%d1%88%d0%b5%d0%ba\/","title":{"rendered":"\u0412\u0438\u0437\u0438\u0442\u044b \u043d\u0430 \u0434\u043e\u043c"},"content":{"rendered":"<h2 style=\"text-align: center;\"><strong><span style=\"color: #000000;\">\u0412\u0438\u0437\u0438\u0442\u044b \u043d\u0430 \u0434\u043e\u043c<\/span><\/strong><\/h2>\n<p>&nbsp;<\/p>\n<p><span style=\"color: #000000;\">\u041f\u043e\u043a\u0430 \u0422\u044b \u0431\u0443\u0434\u0435\u0448\u044c \u043e\u0442\u0441\u0443\u0442\u0441\u0442\u0432\u043e\u0432\u0430\u0442\u044c, \u043c\u044b \u043f\u043e\u0441\u0435\u0442\u0438\u043c \u0422\u0432\u043e\u044e \u043a\u043e\u0448\u043a\u0443 \u0438 \u043e\u0431\u0435\u0441\u043f\u0435\u0447\u0438\u043c \u0435\u0451 \u043a\u043e\u0440\u043c\u043e\u043c, \u0432\u043e\u0434\u043e\u0439 \u0438 \u043e\u0431\u0449\u0435\u0441\u0442\u0432\u043e\u043c. \u0412 \u0442\u0435\u0447\u0435\u043d\u0438\u0435 30-\u043c\u0438\u043d\u0443\u0442\u043d\u043e\u0433\u043e \u0432\u0438\u0437\u0438\u0442\u0430 \u043c\u044b \u043f\u043e\u0437\u0430\u0431\u043e\u0442\u0438\u043c\u0441\u044f \u043e \u0442\u043e\u043c, \u0447\u0442\u043e\u0431\u044b \u043f\u0438\u0442\u043e\u043c\u0435\u0446 \u043f\u043e\u043b\u0443\u0447\u0438\u043b \u043d\u0435\u043e\u0431\u0445\u043e\u0434\u0438\u043c\u044b\u0439 \u0443\u0445\u043e\u0434, \u043b\u044e\u0431\u043e\u0432\u044c \u0438 \u0432\u043d\u0438\u043c\u0430\u043d\u0438\u0435.<\/span><\/p>\n<p>&nbsp;<\/p>\n<h4><strong><span style=\"color: #000000;\">\u0427\u0442\u043e \u0422\u044b \u043f\u0440\u0438\u043e\u0431\u0440\u0435\u0442\u0430\u0435\u0448\u044c, \u0438\u0441\u043f\u043e\u043b\u044c\u0437\u0443\u044f \u0434\u043e\u043c\u0430\u0448\u043d\u0438\u0435 \u0432\u0438\u0437\u0438\u0442\u044b \u043d\u0430 \u0434\u043e\u043c Whisker:<\/span><\/strong><\/h4>\n<ul>\n<li><span style=\"color: #000000;\">\u0417\u043d\u0430\u044e\u0449\u0438\u0435 \u0438 \u043b\u044e\u0431\u044f\u0449\u0438\u0435 \u0436\u0438\u0432\u043e\u0442\u043d\u044b\u0445 \u043f\u043e\u043c\u043e\u0449\u043d\u0438\u043a\u0438;<\/span><\/li>\n<li><span style=\"color: #000000;\">\u041c\u044b \u0443\u0431\u0435\u0434\u0438\u043c\u0441\u044f, \u0447\u0442\u043e \u0443 \u043a\u043e\u0448\u043a\u0438 \u0435\u0441\u0442\u044c \u043a\u043e\u0440\u043c \u0438 \u0441\u0432\u0435\u0436\u0430\u044f \u0432\u043e\u0434\u0430;<\/span><\/li>\n<li><span style=\"color: #000000;\">\u041f\u0440\u0438\u043b\u0430\u0441\u043a\u0430\u0435\u043c \u0438 \u043e\u043a\u0430\u0436\u0435\u043c \u0432\u043d\u0438\u043c\u0430\u043d\u0438\u0435;<\/span><\/li>\n<li><span style=\"color: #000000;\">\u0412\u044b\u0447\u0438\u0441\u0442\u0438\u043c \u043a\u043e\u0448\u043a\u0435 \u043b\u043e\u0442\u043e\u043a;<\/span><\/li>\n<li><span style=\"color: #000000;\">\u0412\u0432\u0435\u0434\u0435\u043d\u0438\u0435 \u043c\u0435\u0434\u0438\u043a\u0430\u043c\u0435\u043d\u0442\u043e\u0432 (\u0435\u0441\u043b\u0438 \u043d\u0435\u043e\u0431\u0445\u043e\u0434\u0438\u043c\u043e);<\/span><\/li>\n<li><span style=\"color: #000000;\">\u0421\u043e\u0445\u0440\u0430\u043d\u0435\u043d\u0438\u0435 \u0436\u0438\u043b\u0438\u0449\u0430 \u0432 \u0431\u0435\u0437\u043e\u043f\u0430\u0441\u043d\u043e\u0441\u0442\u0438;<\/span><\/li>\n<\/ul>\n<h3 style=\"text-align: center;\"><a href=\"https:\/\/www.whisker.lv\/ru\/paligi-r\/\" target=\"_blank\" rel=\"noopener\"><strong>B\u0441\u0435 \u043f\u043e\u043c\u043e\u0449\u043d\u0438\u043a\u0438 Whisker<\/strong><\/a><\/h3>\n<p>&nbsp;<\/p>\n<p><img decoding=\"async\" class=\"aligncenter wp-image-8512\" src=\"https:\/\/www.whisker.lv\/wp-content\/uploads\/2019\/03\/IMG_9998-3.jpg\" alt=\"Ka\u0137u pieskat\u012b\u0161ana\" width=\"1000\" height=\"667\" srcset=\"https:\/\/www.whisker.lv\/wp-content\/uploads\/2019\/03\/IMG_9998-3.jpg 3500w, https:\/\/www.whisker.lv\/wp-content\/uploads\/2019\/03\/IMG_9998-3-300x200.jpg 300w, https:\/\/www.whisker.lv\/wp-content\/uploads\/2019\/03\/IMG_9998-3-768x512.jpg 768w, https:\/\/www.whisker.lv\/wp-content\/uploads\/2019\/03\/IMG_9998-3-1024x683.jpg 1024w\" sizes=\"(max-width: 1000px) 100vw, 1000px\" \/><\/p>\n","protected":false},"excerpt":{"rendered":"<p>\u0412\u0438\u0437\u0438\u0442\u044b \u043d\u0430 \u0434\u043e\u043c &nbsp; \u041f\u043e\u043a\u0430 \u0422\u044b \u0431\u0443\u0434\u0435\u0448\u044c \u043e\u0442\u0441\u0443\u0442\u0441\u0442\u0432\u043e\u0432\u0430\u0442\u044c, \u043c\u044b \u043f\u043e\u0441\u0435\u0442\u0438\u043c \u0422\u0432\u043e\u044e \u043a\u043e\u0448\u043a\u0443 \u0438 \u043e\u0431\u0435\u0441\u043f\u0435\u0447\u0438\u043c \u0435\u0451 \u043a\u043e\u0440\u043c\u043e\u043c, \u0432\u043e\u0434\u043e\u0439 \u0438 \u043e\u0431\u0449\u0435\u0441\u0442\u0432\u043e\u043c. \u0412 \u0442\u0435\u0447\u0435\u043d\u0438\u0435 30-\u043c\u0438\u043d\u0443\u0442\u043d\u043e\u0433\u043e \u0432\u0438\u0437\u0438\u0442\u0430 \u043c\u044b \u043f\u043e\u0437\u0430\u0431\u043e\u0442\u0438\u043c\u0441\u044f \u043e \u0442\u043e\u043c, \u0447\u0442\u043e\u0431\u044b \u043f\u0438\u0442\u043e\u043c\u0435\u0446 \u043f\u043e\u043b\u0443\u0447\u0438\u043b \u043d\u0435\u043e\u0431\u0445\u043e\u0434\u0438\u043c\u044b\u0439 \u0443\u0445\u043e\u0434, \u043b\u044e\u0431\u043e\u0432\u044c \u0438 \u0432\u043d\u0438\u043c\u0430\u043d\u0438\u0435. &nbsp; \u0427\u0442\u043e \u0422\u044b \u043f\u0440\u0438\u043e\u0431\u0440\u0435\u0442\u0430\u0435\u0448\u044c, \u0438\u0441\u043f\u043e\u043b\u044c\u0437\u0443\u044f \u0434\u043e\u043c\u0430\u0448\u043d\u0438\u0435 \u0432\u0438\u0437\u0438\u0442\u044b \u043d\u0430 \u0434\u043e\u043c Whisker: \u0417\u043d\u0430\u044e\u0449\u0438\u0435 \u0438 \u043b\u044e\u0431\u044f\u0449\u0438\u0435 \u0436\u0438\u0432\u043e\u0442\u043d\u044b\u0445 \u043f\u043e\u043c\u043e\u0449\u043d\u0438\u043a\u0438; \u041c\u044b \u0443\u0431\u0435\u0434\u0438\u043c\u0441\u044f, \u0447\u0442\u043e \u0443 \u043a\u043e\u0448\u043a\u0438 [&hellip;]<\/p>\n","protected":false},"author":1,"featured_media":0,"parent":0,"menu_order":0,"comment_status":"closed","ping_status":"closed","template":"page-fullwidth.php","meta":{"_acf_changed":false,"_glsr_average":0,"_glsr_ranking":0,"_glsr_reviews":0,"footnotes":""},"translation":{"provider":"WPGlobus","version":"2.12.2","language":"ru","enabled_languages":["lv","en","ru"],"languages":{"lv":{"title":true,"content":true,"excerpt":false},"en":{"title":false,"content":false,"excerpt":false},"ru":{"title":false,"content":false,"excerpt":false}}},"acf":[],"yoast_head":"<!-- This site is optimized with the Yoast SEO plugin v22.5 - https:\/\/yoast.com\/wordpress\/plugins\/seo\/ -->\n<title>\u0412\u0438\u0437\u0438\u0442\u044b \u043d\u0430 \u0434\u043e\u043c - Whisker .lv \u041f\u0435\u0440\u0435\u0434\u0435\u0440\u0436\u043a\u0430 \u043a\u043e\u0448\u0435\u043a \u0438 \u0441\u043e\u0431\u0430\u043a.<\/title>\n<meta name=\"robots\" content=\"index, follow, max-snippet:-1, max-image-preview:large, max-video-preview:-1\" \/>\n<link rel=\"canonical\" href=\"https:\/\/www.whisker.lv\/\u043f\u0435\u0440\u0435\u0434\u0435\u0440\u0436\u043a\u0430-\u043a\u043e\u0448\u0435\u043a\/\" \/>\n<meta property=\"og:locale\" content=\"ru_RU\" \/>\n<meta property=\"og:type\" content=\"article\" \/>\n<meta property=\"og:title\" content=\"\u0412\u0438\u0437\u0438\u0442\u044b \u043d\u0430 \u0434\u043e\u043c - Whisker\" \/>\n<meta property=\"og:url\" content=\"https:\/\/www.whisker.lv\/\u043f\u0435\u0440\u0435\u0434\u0435\u0440\u0436\u043a\u0430-\u043a\u043e\u0448\u0435\u043a\/\" \/>\n<meta property=\"og:site_name\" content=\"Whisker\" \/>\n<meta property=\"article:publisher\" content=\"https:\/\/www.facebook.com\/whisker.lv\/\" \/>\n<meta property=\"article:modified_time\" content=\"2019-03-04T23:46:59+00:00\" \/>\n<meta property=\"og:image\" content=\"https:\/\/www.whisker.lv\/wp-content\/uploads\/2019\/03\/IMG_9998-3.jpg\" \/>\n<meta name=\"twitter:card\" content=\"summary_large_image\" \/>\n<script type=\"application\/ld+json\" class=\"yoast-schema-graph\">{\"@context\":\"https:\/\/schema.org\",\"@graph\":[{\"@type\":\"WebPage\",\"@id\":\"https:\/\/www.whisker.lv\/%d0%bf%d0%b5%d1%80%d0%b5%d0%b4%d0%b5%d1%80%d0%b6%d0%ba%d0%b0-%d0%ba%d0%be%d1%88%d0%b5%d0%ba\/\",\"url\":\"https:\/\/www.whisker.lv\/%d0%bf%d0%b5%d1%80%d0%b5%d0%b4%d0%b5%d1%80%d0%b6%d0%ba%d0%b0-%d0%ba%d0%be%d1%88%d0%b5%d0%ba\/\",\"name\":\"\u0412\u0438\u0437\u0438\u0442\u044b \u043d\u0430 \u0434\u043e\u043c - Whisker .lv \u041f\u0435\u0440\u0435\u0434\u0435\u0440\u0436\u043a\u0430 \u043a\u043e\u0448\u0435\u043a \u0438 \u0441\u043e\u0431\u0430\u043a.\",\"isPartOf\":{\"@id\":\"https:\/\/www.whisker.lv\/#website\"},\"primaryImageOfPage\":{\"@id\":\"https:\/\/www.whisker.lv\/%d0%bf%d0%b5%d1%80%d0%b5%d0%b4%d0%b5%d1%80%d0%b6%d0%ba%d0%b0-%d0%ba%d0%be%d1%88%d0%b5%d0%ba\/#primaryimage\"},\"image\":{\"@id\":\"https:\/\/www.whisker.lv\/%d0%bf%d0%b5%d1%80%d0%b5%d0%b4%d0%b5%d1%80%d0%b6%d0%ba%d0%b0-%d0%ba%d0%be%d1%88%d0%b5%d0%ba\/#primaryimage\"},\"thumbnailUrl\":\"https:\/\/www.whisker.lv\/wp-content\/uploads\/2019\/03\/IMG_9998-3.jpg\",\"datePublished\":\"2019-03-04T20:50:07+00:00\",\"dateModified\":\"2019-03-04T23:46:59+00:00\",\"description\":\"\u041f\u0435\u0440\u0435\u0434\u0435\u0440\u0436\u043a\u0430 \u043a\u043e\u0448\u0435\u043a. \u041f\u0435\u0440\u0435\u0434\u0435\u0440\u0436\u043a\u0430 \u0436\u0438\u0432\u043e\u0442\u043d\u044b\u0445. \u041f\u043e\u043a\u0430 \u0422\u044b \u0431\u0443\u0434\u0435\u0448\u044c \u043e\u0442\u0441\u0443\u0442\u0441\u0442\u0432\u043e\u0432\u0430\u0442\u044c, \u043c\u044b \u043f\u043e\u0441\u0435\u0442\u0438\u043c \u0422\u0432\u043e\u044e \u043a\u043e\u0448\u043a\u0443 \u0438 \u043e\u0431\u0435\u0441\u043f\u0435\u0447\u0438\u043c \u0435\u0451 \u043a\u043e\u0440\u043c\u043e\u043c, \u0432\u043e\u0434\u043e\u0439 \u0438 \u043e\u0431\u0449\u0435\u0441\u0442\u0432\u043e\u043c.\",\"breadcrumb\":{\"@id\":\"https:\/\/www.whisker.lv\/%d0%bf%d0%b5%d1%80%d0%b5%d0%b4%d0%b5%d1%80%d0%b6%d0%ba%d0%b0-%d0%ba%d0%be%d1%88%d0%b5%d0%ba\/#breadcrumb\"},\"inLanguage\":\"ru-RU\",\"potentialAction\":[{\"@type\":\"ReadAction\",\"target\":[\"https:\/\/www.whisker.lv\/%d0%bf%d0%b5%d1%80%d0%b5%d0%b4%d0%b5%d1%80%d0%b6%d0%ba%d0%b0-%d0%ba%d0%be%d1%88%d0%b5%d0%ba\/\"]}]},{\"@type\":\"ImageObject\",\"inLanguage\":\"ru-RU\",\"@id\":\"https:\/\/www.whisker.lv\/%d0%bf%d0%b5%d1%80%d0%b5%d0%b4%d0%b5%d1%80%d0%b6%d0%ba%d0%b0-%d0%ba%d0%be%d1%88%d0%b5%d0%ba\/#primaryimage\",\"url\":\"https:\/\/www.whisker.lv\/wp-content\/uploads\/2019\/03\/IMG_9998-3.jpg\",\"contentUrl\":\"https:\/\/www.whisker.lv\/wp-content\/uploads\/2019\/03\/IMG_9998-3.jpg\"},{\"@type\":\"BreadcrumbList\",\"@id\":\"https:\/\/www.whisker.lv\/%d0%bf%d0%b5%d1%80%d0%b5%d0%b4%d0%b5%d1%80%d0%b6%d0%ba%d0%b0-%d0%ba%d0%be%d1%88%d0%b5%d0%ba\/#breadcrumb\",\"itemListElement\":[{\"@type\":\"ListItem\",\"position\":1,\"name\":\"S\u0101kums\",\"item\":\"https:\/\/www.whisker.lv\/\"},{\"@type\":\"ListItem\",\"position\":2,\"name\":\"\u0412\u0438\u0437\u0438\u0442\u044b \u043d\u0430 \u0434\u043e\u043c\"}]},{\"@type\":\"WebSite\",\"@id\":\"https:\/\/www.whisker.lv\/#website\",\"url\":\"https:\/\/www.whisker.lv\/\",\"name\":\"Whisker\",\"description\":\"Tavs pal\u012bgs m\u0101jdzivnieku pieskat\u012b\u0161an\u0101\",\"potentialAction\":[{\"@type\":\"SearchAction\",\"target\":{\"@type\":\"EntryPoint\",\"urlTemplate\":\"https:\/\/www.whisker.lv\/?s={search_term_string}\"},\"query-input\":\"required name=search_term_string\"}],\"inLanguage\":\"ru-RU\"}]}<\/script>\n<!-- \/ Yoast SEO plugin. -->","yoast_head_json":{"title":"\u0412\u0438\u0437\u0438\u0442\u044b \u043d\u0430 \u0434\u043e\u043c - Whisker .lv \u041f\u0435\u0440\u0435\u0434\u0435\u0440\u0436\u043a\u0430 \u043a\u043e\u0448\u0435\u043a \u0438 \u0441\u043e\u0431\u0430\u043a.","robots":{"index":"index","follow":"follow","max-snippet":"max-snippet:-1","max-image-preview":"max-image-preview:large","max-video-preview":"max-video-preview:-1"},"canonical":"https:\/\/www.whisker.lv\/\u043f\u0435\u0440\u0435\u0434\u0435\u0440\u0436\u043a\u0430-\u043a\u043e\u0448\u0435\u043a\/","og_locale":"ru_RU","og_type":"article","og_title":"\u0412\u0438\u0437\u0438\u0442\u044b \u043d\u0430 \u0434\u043e\u043c - Whisker","og_url":"https:\/\/www.whisker.lv\/\u043f\u0435\u0440\u0435\u0434\u0435\u0440\u0436\u043a\u0430-\u043a\u043e\u0448\u0435\u043a\/","og_site_name":"Whisker","article_publisher":"https:\/\/www.facebook.com\/whisker.lv\/","article_modified_time":"2019-03-04T23:46:59+00:00","og_image":[{"url":"https:\/\/www.whisker.lv\/wp-content\/uploads\/2019\/03\/IMG_9998-3.jpg"}],"twitter_card":"summary_large_image","schema":{"@context":"https:\/\/schema.org","@graph":[{"@type":"WebPage","@id":"https:\/\/www.whisker.lv\/%d0%bf%d0%b5%d1%80%d0%b5%d0%b4%d0%b5%d1%80%d0%b6%d0%ba%d0%b0-%d0%ba%d0%be%d1%88%d0%b5%d0%ba\/","url":"https:\/\/www.whisker.lv\/%d0%bf%d0%b5%d1%80%d0%b5%d0%b4%d0%b5%d1%80%d0%b6%d0%ba%d0%b0-%d0%ba%d0%be%d1%88%d0%b5%d0%ba\/","name":"\u0412\u0438\u0437\u0438\u0442\u044b \u043d\u0430 \u0434\u043e\u043c - Whisker .lv \u041f\u0435\u0440\u0435\u0434\u0435\u0440\u0436\u043a\u0430 \u043a\u043e\u0448\u0435\u043a \u0438 \u0441\u043e\u0431\u0430\u043a.","isPartOf":{"@id":"https:\/\/www.whisker.lv\/#website"},"primaryImageOfPage":{"@id":"https:\/\/www.whisker.lv\/%d0%bf%d0%b5%d1%80%d0%b5%d0%b4%d0%b5%d1%80%d0%b6%d0%ba%d0%b0-%d0%ba%d0%be%d1%88%d0%b5%d0%ba\/#primaryimage"},"image":{"@id":"https:\/\/www.whisker.lv\/%d0%bf%d0%b5%d1%80%d0%b5%d0%b4%d0%b5%d1%80%d0%b6%d0%ba%d0%b0-%d0%ba%d0%be%d1%88%d0%b5%d0%ba\/#primaryimage"},"thumbnailUrl":"https:\/\/www.whisker.lv\/wp-content\/uploads\/2019\/03\/IMG_9998-3.jpg","datePublished":"2019-03-04T20:50:07+00:00","dateModified":"2019-03-04T23:46:59+00:00","description":"\u041f\u0435\u0440\u0435\u0434\u0435\u0440\u0436\u043a\u0430 \u043a\u043e\u0448\u0435\u043a. \u041f\u0435\u0440\u0435\u0434\u0435\u0440\u0436\u043a\u0430 \u0436\u0438\u0432\u043e\u0442\u043d\u044b\u0445. \u041f\u043e\u043a\u0430 \u0422\u044b \u0431\u0443\u0434\u0435\u0448\u044c \u043e\u0442\u0441\u0443\u0442\u0441\u0442\u0432\u043e\u0432\u0430\u0442\u044c, \u043c\u044b \u043f\u043e\u0441\u0435\u0442\u0438\u043c \u0422\u0432\u043e\u044e \u043a\u043e\u0448\u043a\u0443 \u0438 \u043e\u0431\u0435\u0441\u043f\u0435\u0447\u0438\u043c \u0435\u0451 \u043a\u043e\u0440\u043c\u043e\u043c, \u0432\u043e\u0434\u043e\u0439 \u0438 \u043e\u0431\u0449\u0435\u0441\u0442\u0432\u043e\u043c.","breadcrumb":{"@id":"https:\/\/www.whisker.lv\/%d0%bf%d0%b5%d1%80%d0%b5%d0%b4%d0%b5%d1%80%d0%b6%d0%ba%d0%b0-%d0%ba%d0%be%d1%88%d0%b5%d0%ba\/#breadcrumb"},"inLanguage":"ru-RU","potentialAction":[{"@type":"ReadAction","target":["https:\/\/www.whisker.lv\/%d0%bf%d0%b5%d1%80%d0%b5%d0%b4%d0%b5%d1%80%d0%b6%d0%ba%d0%b0-%d0%ba%d0%be%d1%88%d0%b5%d0%ba\/"]}]},{"@type":"ImageObject","inLanguage":"ru-RU","@id":"https:\/\/www.whisker.lv\/%d0%bf%d0%b5%d1%80%d0%b5%d0%b4%d0%b5%d1%80%d0%b6%d0%ba%d0%b0-%d0%ba%d0%be%d1%88%d0%b5%d0%ba\/#primaryimage","url":"https:\/\/www.whisker.lv\/wp-content\/uploads\/2019\/03\/IMG_9998-3.jpg","contentUrl":"https:\/\/www.whisker.lv\/wp-content\/uploads\/2019\/03\/IMG_9998-3.jpg"},{"@type":"BreadcrumbList","@id":"https:\/\/www.whisker.lv\/%d0%bf%d0%b5%d1%80%d0%b5%d0%b4%d0%b5%d1%80%d0%b6%d0%ba%d0%b0-%d0%ba%d0%be%d1%88%d0%b5%d0%ba\/#breadcrumb","itemListElement":[{"@type":"ListItem","position":1,"name":"S\u0101kums","item":"https:\/\/www.whisker.lv\/"},{"@type":"ListItem","position":2,"name":"\u0412\u0438\u0437\u0438\u0442\u044b \u043d\u0430 \u0434\u043e\u043c"}]},{"@type":"WebSite","@id":"https:\/\/www.whisker.lv\/#website","url":"https:\/\/www.whisker.lv\/","name":"Whisker","description":"Tavs pal\u012bgs m\u0101jdzivnieku pieskat\u012b\u0161an\u0101","potentialAction":[{"@type":"SearchAction","target":{"@type":"EntryPoint","urlTemplate":"https:\/\/www.whisker.lv\/?s={search_term_string}"},"query-input":"required name=search_term_string"}],"inLanguage":"ru-RU"}]}},"_links":{"self":[{"href":"https:\/\/www.whisker.lv\/ru\/wp-json\/wp\/v2\/pages\/8569"}],"collection":[{"href":"https:\/\/www.whisker.lv\/ru\/wp-json\/wp\/v2\/pages"}],"about":[{"href":"https:\/\/www.whisker.lv\/ru\/wp-json\/wp\/v2\/types\/page"}],"author":[{"embeddable":true,"href":"https:\/\/www.whisker.lv\/ru\/wp-json\/wp\/v2\/users\/1"}],"replies":[{"embeddable":true,"href":"https:\/\/www.whisker.lv\/ru\/wp-json\/wp\/v2\/comments?post=8569"}],"version-history":[{"count":4,"href":"https:\/\/www.whisker.lv\/ru\/wp-json\/wp\/v2\/pages\/8569\/revisions"}],"predecessor-version":[{"id":8571,"href":"https:\/\/www.whisker.lv\/ru\/wp-json\/wp\/v2\/pages\/8569\/revisions\/8571"}],"wp:attachment":[{"href":"https:\/\/www.whisker.lv\/ru\/wp-json\/wp\/v2\/media?parent=8569"}],"curies":[{"name":"wp","href":"https:\/\/api.w.org\/{rel}","templated":true}]}}