



{"id":8595,"date":"2019-03-05T04:09:33","date_gmt":"2019-03-05T02:09:33","guid":{"rendered":"https:\/\/www.whisker.lv\/?page_id=8595"},"modified":"2019-04-03T21:36:18","modified_gmt":"2019-04-03T19:36:18","slug":"amerikanu-eskimosu-spics","status":"publish","type":"page","link":"https:\/\/www.whisker.lv\/ru\/sunu-skirnes\/amerikanu-eskimosu-spics\/","title":{"rendered":"Amerik\u0101\u0146u eskimosu \u0161pics"},"content":{"rendered":"[vc_row][vc_column][vc_text_separator title=&#8221;Amerik\u0101\u0146u eskimosu \u0161pics&#8221; border_width=&#8221;8&#8243;][\/vc_column][\/vc_row][vc_row][vc_column width=&#8221;1\/2&#8243;][vc_single_image image=&#8221;8637&#8243; img_size=&#8221;full&#8221; alignment=&#8221;center&#8221; style=&#8221;vc_box_rounded&#8221;][\/vc_column][vc_column width=&#8221;1\/2&#8243;][vc_column_text]<span style=\"color: #000000;\"><strong>Dzimtene:<\/strong> ASV<\/span><\/p>\n<p><span style=\"color: #000000;\"><strong>Funkcija:<\/strong> dekorat\u012bvais suns<\/span><\/p>\n<p><span style=\"color: #000000;\"><strong>Izcel\u0161an\u0101s:<\/strong> ap 1900. g.<\/span><\/p>\n<p><span style=\"color: #000000;\"><strong>Skausta augstums:<\/strong> 28-31 cm<\/span><\/p>\n<p><span style=\"color: #000000;\"><strong>Masa:<\/strong> 3-5 kg<\/span><\/p>\n<p><span style=\"color: #000000;\"><strong>Raksturs:<\/strong> sirsn\u012bgs, paklaus\u012bgs<\/span><\/p>\n<p><span style=\"color: #000000;\"><strong>Dz\u012bves ilgums:<\/strong> 13-15 gadi<\/span>[\/vc_column_text][\/vc_column][\/vc_row][vc_row][vc_column][vc_column_text]<span style=\"color: #000000;\">Par to, ka \u0161is suns pieder pie \u0161piciem, liecina spicais purns, kupl\u0101 aste un biezais ka\u017eoks. P\u0113c smail\u0101 purna un V veida aus\u012bm suns l\u012bdzin\u0101s lapsai. Ka\u017eoks ir biezs un gar\u0161. Gredzen\u0101 saliekt\u0101 aste kl\u0101j muguru. Mazais suns ir sp\u0113c\u012bgs, musku\u013cots, ar platu muguru. Ka\u017eoka pamatkr\u0101sa ir balta, ta\u010du reiz\u0113m uz t\u0101s paman\u0101mi kr\u0113mkr\u0101sas plankumi\u0146i.<\/span><\/p>\n<p><span style=\"color: #000000;\"><strong>V\u0113sture.<\/strong> Amerik\u0101\u0146u su\u0146u audz\u0113t\u0101ji pielika daudz p\u016b\u013cu, lai selekcijas ce\u013c\u0101 ieg\u016btu \u0161\u0137irni ar baltu ka\u017eoka kr\u0101sojumu. J\u0101piebilst, ka tas p\u0101rmantots no v\u0101cu \u0161piciem.<\/span><\/p>\n<p><span style=\"color: #000000;\"><strong>Piez\u012bme.<\/strong> Neatkar\u012bgi no lieluma, visi tr\u012bs Amerikas eskimosu \u0161picu \u0161\u0137irnes paveidi tiek v\u0113rt\u0113ti p\u0113c viena standarta.<\/span>[\/vc_column_text][\/vc_column][\/vc_row]\n","protected":false},"excerpt":{"rendered":"<p>[vc_row][vc_column][vc_text_separator title=&#8221;Amerik\u0101\u0146u eskimosu \u0161pics&#8221; border_width=&#8221;8&#8243;][\/vc_column][\/vc_row][vc_row][vc_column width=&#8221;1\/2&#8243;][vc_single_image image=&#8221;8637&#8243; img_size=&#8221;full&#8221; alignment=&#8221;center&#8221; style=&#8221;vc_box_rounded&#8221;][\/vc_column][vc_column width=&#8221;1\/2&#8243;][vc_column_text]Dzimtene: ASV Funkcija: dekorat\u012bvais suns Izcel\u0161an\u0101s: ap 1900. g. Skausta augstums: 28-31 cm Masa: 3-5 kg Raksturs: sirsn\u012bgs, paklaus\u012bgs Dz\u012bves ilgums: 13-15 gadi[\/vc_column_text][\/vc_column][\/vc_row][vc_row][vc_column][vc_column_text]Par to, ka \u0161is suns pieder pie \u0161piciem, liecina spicais purns, kupl\u0101 aste un biezais ka\u017eoks. P\u0113c smail\u0101 purna un V veida aus\u012bm [&hellip;]<\/p>\n","protected":false},"author":1,"featured_media":0,"parent":8016,"menu_order":0,"comment_status":"closed","ping_status":"closed","template":"page-fullwidth.php","meta":{"_acf_changed":false,"_glsr_average":0,"_glsr_ranking":0,"_glsr_reviews":0,"footnotes":""},"translation":{"provider":"WPGlobus","version":"2.12.2","language":"ru","enabled_languages":["lv","en","ru"],"languages":{"lv":{"title":true,"content":true,"excerpt":false},"en":{"title":false,"content":false,"excerpt":false},"ru":{"title":false,"content":false,"excerpt":false}}},"acf":[],"yoast_head":"<!-- This site is optimized with the Yoast SEO plugin v22.5 - https:\/\/yoast.com\/wordpress\/plugins\/seo\/ -->\n<title>Amerik\u0101\u0146u eskimosu \u0161pics - Whisker.lv | Su\u0146u \u0161\u0137irnes<\/title>\n<meta name=\"robots\" content=\"index, follow, max-snippet:-1, max-image-preview:large, max-video-preview:-1\" \/>\n<link rel=\"canonical\" href=\"https:\/\/www.whisker.lv\/sunu-skirnes\/amerikanu-eskimosu-spics\/\" \/>\n<meta property=\"og:locale\" content=\"ru_RU\" \/>\n<meta property=\"og:type\" content=\"article\" \/>\n<meta property=\"og:title\" content=\"Amerik\u0101\u0146u eskimosu \u0161pics - Whisker\" \/>\n<meta property=\"og:url\" content=\"https:\/\/www.whisker.lv\/sunu-skirnes\/amerikanu-eskimosu-spics\/\" \/>\n<meta property=\"og:site_name\" content=\"Whisker\" \/>\n<meta property=\"article:publisher\" content=\"https:\/\/www.facebook.com\/whisker.lv\/\" \/>\n<meta property=\"article:modified_time\" content=\"2019-04-03T19:36:18+00:00\" \/>\n<meta name=\"twitter:card\" content=\"summary_large_image\" \/>\n<meta name=\"twitter:label1\" content=\"Est. reading time\" \/>\n\t<meta name=\"twitter:data1\" content=\"1 minute\" \/>\n<script type=\"application\/ld+json\" class=\"yoast-schema-graph\">{\"@context\":\"https:\/\/schema.org\",\"@graph\":[{\"@type\":\"WebPage\",\"@id\":\"https:\/\/www.whisker.lv\/sunu-skirnes\/amerikanu-eskimosu-spics\/\",\"url\":\"https:\/\/www.whisker.lv\/sunu-skirnes\/amerikanu-eskimosu-spics\/\",\"name\":\"Amerik\u0101\u0146u eskimosu \u0161pics - Whisker.lv | Su\u0146u \u0161\u0137irnes\",\"isPartOf\":{\"@id\":\"https:\/\/www.whisker.lv\/#website\"},\"datePublished\":\"2019-03-05T02:09:33+00:00\",\"dateModified\":\"2019-04-03T19:36:18+00:00\",\"description\":\"Amerik\u0101\u0146u eskimosu \u0161pics - p\u0113c smail\u0101 purna un V veida aus\u012bm suns l\u012bdzin\u0101s lapsai. Ka\u017eoks ir biezs un gar\u0161. Gredzen\u0101 saliekt\u0101 aste kl\u0101j muguru.\",\"breadcrumb\":{\"@id\":\"https:\/\/www.whisker.lv\/sunu-skirnes\/amerikanu-eskimosu-spics\/#breadcrumb\"},\"inLanguage\":\"ru-RU\",\"potentialAction\":[{\"@type\":\"ReadAction\",\"target\":[\"https:\/\/www.whisker.lv\/sunu-skirnes\/amerikanu-eskimosu-spics\/\"]}]},{\"@type\":\"BreadcrumbList\",\"@id\":\"https:\/\/www.whisker.lv\/sunu-skirnes\/amerikanu-eskimosu-spics\/#breadcrumb\",\"itemListElement\":[{\"@type\":\"ListItem\",\"position\":1,\"name\":\"S\u0101kums\",\"item\":\"https:\/\/www.whisker.lv\/\"},{\"@type\":\"ListItem\",\"position\":2,\"name\":\"Su\u0146u \u0161\u0137irnes\",\"item\":\"https:\/\/www.whisker.lv\/sunu-skirnes\/\"},{\"@type\":\"ListItem\",\"position\":3,\"name\":\"Amerik\u0101\u0146u eskimosu \u0161pics\"}]},{\"@type\":\"WebSite\",\"@id\":\"https:\/\/www.whisker.lv\/#website\",\"url\":\"https:\/\/www.whisker.lv\/\",\"name\":\"Whisker\",\"description\":\"Tavs pal\u012bgs m\u0101jdzivnieku pieskat\u012b\u0161an\u0101\",\"potentialAction\":[{\"@type\":\"SearchAction\",\"target\":{\"@type\":\"EntryPoint\",\"urlTemplate\":\"https:\/\/www.whisker.lv\/?s={search_term_string}\"},\"query-input\":\"required name=search_term_string\"}],\"inLanguage\":\"ru-RU\"}]}<\/script>\n<!-- \/ Yoast SEO plugin. -->","yoast_head_json":{"title":"Amerik\u0101\u0146u eskimosu \u0161pics - Whisker.lv | Su\u0146u \u0161\u0137irnes","robots":{"index":"index","follow":"follow","max-snippet":"max-snippet:-1","max-image-preview":"max-image-preview:large","max-video-preview":"max-video-preview:-1"},"canonical":"https:\/\/www.whisker.lv\/sunu-skirnes\/amerikanu-eskimosu-spics\/","og_locale":"ru_RU","og_type":"article","og_title":"Amerik\u0101\u0146u eskimosu \u0161pics - Whisker","og_url":"https:\/\/www.whisker.lv\/sunu-skirnes\/amerikanu-eskimosu-spics\/","og_site_name":"Whisker","article_publisher":"https:\/\/www.facebook.com\/whisker.lv\/","article_modified_time":"2019-04-03T19:36:18+00:00","twitter_card":"summary_large_image","twitter_misc":{"Est. reading time":"1 minute"},"schema":{"@context":"https:\/\/schema.org","@graph":[{"@type":"WebPage","@id":"https:\/\/www.whisker.lv\/sunu-skirnes\/amerikanu-eskimosu-spics\/","url":"https:\/\/www.whisker.lv\/sunu-skirnes\/amerikanu-eskimosu-spics\/","name":"Amerik\u0101\u0146u eskimosu \u0161pics - Whisker.lv | Su\u0146u \u0161\u0137irnes","isPartOf":{"@id":"https:\/\/www.whisker.lv\/#website"},"datePublished":"2019-03-05T02:09:33+00:00","dateModified":"2019-04-03T19:36:18+00:00","description":"Amerik\u0101\u0146u eskimosu \u0161pics - p\u0113c smail\u0101 purna un V veida aus\u012bm suns l\u012bdzin\u0101s lapsai. Ka\u017eoks ir biezs un gar\u0161. Gredzen\u0101 saliekt\u0101 aste kl\u0101j muguru.","breadcrumb":{"@id":"https:\/\/www.whisker.lv\/sunu-skirnes\/amerikanu-eskimosu-spics\/#breadcrumb"},"inLanguage":"ru-RU","potentialAction":[{"@type":"ReadAction","target":["https:\/\/www.whisker.lv\/sunu-skirnes\/amerikanu-eskimosu-spics\/"]}]},{"@type":"BreadcrumbList","@id":"https:\/\/www.whisker.lv\/sunu-skirnes\/amerikanu-eskimosu-spics\/#breadcrumb","itemListElement":[{"@type":"ListItem","position":1,"name":"S\u0101kums","item":"https:\/\/www.whisker.lv\/"},{"@type":"ListItem","position":2,"name":"Su\u0146u \u0161\u0137irnes","item":"https:\/\/www.whisker.lv\/sunu-skirnes\/"},{"@type":"ListItem","position":3,"name":"Amerik\u0101\u0146u eskimosu \u0161pics"}]},{"@type":"WebSite","@id":"https:\/\/www.whisker.lv\/#website","url":"https:\/\/www.whisker.lv\/","name":"Whisker","description":"Tavs pal\u012bgs m\u0101jdzivnieku pieskat\u012b\u0161an\u0101","potentialAction":[{"@type":"SearchAction","target":{"@type":"EntryPoint","urlTemplate":"https:\/\/www.whisker.lv\/?s={search_term_string}"},"query-input":"required name=search_term_string"}],"inLanguage":"ru-RU"}]}},"_links":{"self":[{"href":"https:\/\/www.whisker.lv\/ru\/wp-json\/wp\/v2\/pages\/8595"}],"collection":[{"href":"https:\/\/www.whisker.lv\/ru\/wp-json\/wp\/v2\/pages"}],"about":[{"href":"https:\/\/www.whisker.lv\/ru\/wp-json\/wp\/v2\/types\/page"}],"author":[{"embeddable":true,"href":"https:\/\/www.whisker.lv\/ru\/wp-json\/wp\/v2\/users\/1"}],"replies":[{"embeddable":true,"href":"https:\/\/www.whisker.lv\/ru\/wp-json\/wp\/v2\/comments?post=8595"}],"version-history":[{"count":6,"href":"https:\/\/www.whisker.lv\/ru\/wp-json\/wp\/v2\/pages\/8595\/revisions"}],"predecessor-version":[{"id":11145,"href":"https:\/\/www.whisker.lv\/ru\/wp-json\/wp\/v2\/pages\/8595\/revisions\/11145"}],"up":[{"embeddable":true,"href":"https:\/\/www.whisker.lv\/ru\/wp-json\/wp\/v2\/pages\/8016"}],"wp:attachment":[{"href":"https:\/\/www.whisker.lv\/ru\/wp-json\/wp\/v2\/media?parent=8595"}],"curies":[{"name":"wp","href":"https:\/\/api.w.org\/{rel}","templated":true}]}}