



{"id":8601,"date":"2019-03-05T04:31:52","date_gmt":"2019-03-05T02:31:52","guid":{"rendered":"https:\/\/www.whisker.lv\/?page_id=8601"},"modified":"2019-04-03T21:36:57","modified_gmt":"2019-04-03T19:36:57","slug":"amerikanu-lapsu-suns","status":"publish","type":"page","link":"https:\/\/www.whisker.lv\/ru\/sunu-skirnes\/amerikanu-lapsu-suns\/","title":{"rendered":"Amerik\u0101\u0146u lapsu suns"},"content":{"rendered":"[vc_row][vc_column][vc_text_separator title=&#8221;Amerik\u0101\u0146u lapsu suns&#8221; border_width=&#8221;8&#8243;][\/vc_column][\/vc_row][vc_row][vc_column width=&#8221;1\/2&#8243;][vc_single_image image=&#8221;8029&#8243; img_size=&#8221;large&#8221; alignment=&#8221;center&#8221; style=&#8221;vc_box_rounded&#8221;][\/vc_column][vc_column width=&#8221;1\/2&#8243;][vc_column_text]\n<p>&nbsp;<\/p>\n<p><span style=\"color: #000000;\"><strong>Dzimtene:<\/strong> ASV<\/span><\/p>\n<p><span style=\"color: #000000;\"><strong>Funkcija:<\/strong> lapsu dzin\u0113js<\/span><\/p>\n<p><span style=\"color: #000000;\"><strong>Izcel\u0161an\u0101s:<\/strong> ap 1700. g.<\/span><\/p>\n<p><span style=\"color: #000000;\"><strong>Skausta augstums:<\/strong> 53-64 cm<\/span><\/p>\n<p><span style=\"color: #000000;\"><strong>Masa:<\/strong> 30-34 kg<\/span><\/p>\n<p><span style=\"color: #000000;\"><strong>Raksturs:<\/strong> Akt\u012bvs, draudz\u012bgs<\/span><\/p>\n<p><span style=\"color: #000000;\"><strong>Dz\u012bves ilgums:<\/strong> 10-12 gadi<\/span>[\/vc_column_text][\/vc_column][\/vc_row][vc_row][vc_column][vc_column_text]<span style=\"color: #000000;\">Sal\u012bdzin\u0101jum\u0101 ar ang\u013cu lapsu suni, amerik\u0101\u0146u lapsu sunim ir viegl\u0101ka \u0137erme\u0146a konstrukcija, maz\u0101ka masa, \u0101tr\u0101ka gaita un lab\u0101k att\u012bst\u012bta o\u017ea. \u012asais, bl\u012bvais ka\u017eoks labi piegu\u013c \u0137ermenim. \u0160\u0137irnes standarts pie\u013cauj visda\u017e\u0101d\u0101k\u0101s ka\u017eoka kr\u0101sojuma kombin\u0101cijas, tom\u0113r sac\u012bk\u0161u ring\u0101 visbie\u017e\u0101k redzami tr\u012bskr\u0101sainie su\u0146i.<\/span><\/p>\n<p><span style=\"color: #000000;\"><strong>V\u0113sture.<\/strong> \u0160\u0137irne c\u0113lusies no ang\u013cu med\u012bbu su\u0146iem, kurus 1650. gad\u0101 uz Zieme\u013cameriku atveda Roberts Br\u016bks. Gadsimtu v\u0113l\u0101k vi\u0146us sakrustoja ar fran\u010du med\u012bbu su\u0146iem, kurus D\u017eord\u017eam Va\u0161ingtonam ats\u016bt\u012bja \u0123ener\u0101lis Lafajets.<\/span><\/p>\n<p><span style=\"color: #000000;\"><strong>Piez\u012bme.<\/strong> Amerik\u0101\u0146u lapsu su\u0146u melodisk\u0101s rejas bie\u017ei tiek atska\u0146otas un iek\u013cautas m\u016bzik\u0101los ska\u0146darbos.<\/span>[\/vc_column_text][\/vc_column][\/vc_row]\n","protected":false},"excerpt":{"rendered":"<p>[vc_row][vc_column][vc_text_separator title=&#8221;Amerik\u0101\u0146u lapsu suns&#8221; border_width=&#8221;8&#8243;][\/vc_column][\/vc_row][vc_row][vc_column width=&#8221;1\/2&#8243;][vc_single_image image=&#8221;8029&#8243; img_size=&#8221;large&#8221; alignment=&#8221;center&#8221; style=&#8221;vc_box_rounded&#8221;][\/vc_column][vc_column width=&#8221;1\/2&#8243;][vc_column_text] &nbsp; Dzimtene: ASV Funkcija: lapsu dzin\u0113js Izcel\u0161an\u0101s: ap 1700. g. Skausta augstums: 53-64 cm Masa: 30-34 kg Raksturs: Akt\u012bvs, draudz\u012bgs Dz\u012bves ilgums: 10-12 gadi[\/vc_column_text][\/vc_column][\/vc_row][vc_row][vc_column][vc_column_text]Sal\u012bdzin\u0101jum\u0101 ar ang\u013cu lapsu suni, amerik\u0101\u0146u lapsu sunim ir viegl\u0101ka \u0137erme\u0146a konstrukcija, maz\u0101ka masa, \u0101tr\u0101ka gaita un lab\u0101k att\u012bst\u012bta o\u017ea. \u012asais, [&hellip;]<\/p>\n","protected":false},"author":1,"featured_media":0,"parent":8016,"menu_order":0,"comment_status":"closed","ping_status":"closed","template":"page-fullwidth.php","meta":{"_acf_changed":false,"_glsr_average":0,"_glsr_ranking":0,"_glsr_reviews":0,"footnotes":""},"translation":{"provider":"WPGlobus","version":"2.12.2","language":"ru","enabled_languages":["lv","en","ru"],"languages":{"lv":{"title":true,"content":true,"excerpt":false},"en":{"title":false,"content":false,"excerpt":false},"ru":{"title":false,"content":false,"excerpt":false}}},"acf":[],"yoast_head":"<!-- This site is optimized with the Yoast SEO plugin v22.5 - https:\/\/yoast.com\/wordpress\/plugins\/seo\/ -->\n<title>Amerik\u0101\u0146u lapsu suns - Whisker.lv | Su\u0146u \u0161\u0137irnes - Amerik\u0101\u0146u lapsu suns<\/title>\n<meta name=\"robots\" content=\"index, follow, max-snippet:-1, max-image-preview:large, max-video-preview:-1\" \/>\n<link rel=\"canonical\" href=\"https:\/\/www.whisker.lv\/sunu-skirnes\/amerikanu-lapsu-suns\/\" \/>\n<meta property=\"og:locale\" content=\"ru_RU\" \/>\n<meta property=\"og:type\" content=\"article\" \/>\n<meta property=\"og:title\" content=\"Amerik\u0101\u0146u lapsu suns - Whisker\" \/>\n<meta property=\"og:url\" content=\"https:\/\/www.whisker.lv\/sunu-skirnes\/amerikanu-lapsu-suns\/\" \/>\n<meta property=\"og:site_name\" content=\"Whisker\" \/>\n<meta property=\"article:publisher\" content=\"https:\/\/www.facebook.com\/whisker.lv\/\" \/>\n<meta property=\"article:modified_time\" content=\"2019-04-03T19:36:57+00:00\" \/>\n<meta name=\"twitter:card\" content=\"summary_large_image\" \/>\n<meta name=\"twitter:label1\" content=\"Est. reading time\" \/>\n\t<meta name=\"twitter:data1\" content=\"1 minute\" \/>\n<script type=\"application\/ld+json\" class=\"yoast-schema-graph\">{\"@context\":\"https:\/\/schema.org\",\"@graph\":[{\"@type\":\"WebPage\",\"@id\":\"https:\/\/www.whisker.lv\/sunu-skirnes\/amerikanu-lapsu-suns\/\",\"url\":\"https:\/\/www.whisker.lv\/sunu-skirnes\/amerikanu-lapsu-suns\/\",\"name\":\"Amerik\u0101\u0146u lapsu suns - Whisker.lv | Su\u0146u \u0161\u0137irnes - Amerik\u0101\u0146u lapsu suns\",\"isPartOf\":{\"@id\":\"https:\/\/www.whisker.lv\/#website\"},\"datePublished\":\"2019-03-05T02:31:52+00:00\",\"dateModified\":\"2019-04-03T19:36:57+00:00\",\"description\":\"Amerik\u0101\u0146u lapsu suns - sal\u012bdzin\u0101jum\u0101 ar ang\u013cu lapsu suni tam viegl\u0101ka \u0137erme\u0146a konstrukcija, maz\u0101ka masa, \u0101tr\u0101ka gaita un lab\u0101k att\u012bst\u012bta o\u017ea.\",\"breadcrumb\":{\"@id\":\"https:\/\/www.whisker.lv\/sunu-skirnes\/amerikanu-lapsu-suns\/#breadcrumb\"},\"inLanguage\":\"ru-RU\",\"potentialAction\":[{\"@type\":\"ReadAction\",\"target\":[\"https:\/\/www.whisker.lv\/sunu-skirnes\/amerikanu-lapsu-suns\/\"]}]},{\"@type\":\"BreadcrumbList\",\"@id\":\"https:\/\/www.whisker.lv\/sunu-skirnes\/amerikanu-lapsu-suns\/#breadcrumb\",\"itemListElement\":[{\"@type\":\"ListItem\",\"position\":1,\"name\":\"S\u0101kums\",\"item\":\"https:\/\/www.whisker.lv\/\"},{\"@type\":\"ListItem\",\"position\":2,\"name\":\"Su\u0146u \u0161\u0137irnes\",\"item\":\"https:\/\/www.whisker.lv\/sunu-skirnes\/\"},{\"@type\":\"ListItem\",\"position\":3,\"name\":\"Amerik\u0101\u0146u lapsu suns\"}]},{\"@type\":\"WebSite\",\"@id\":\"https:\/\/www.whisker.lv\/#website\",\"url\":\"https:\/\/www.whisker.lv\/\",\"name\":\"Whisker\",\"description\":\"Tavs pal\u012bgs m\u0101jdzivnieku pieskat\u012b\u0161an\u0101\",\"potentialAction\":[{\"@type\":\"SearchAction\",\"target\":{\"@type\":\"EntryPoint\",\"urlTemplate\":\"https:\/\/www.whisker.lv\/?s={search_term_string}\"},\"query-input\":\"required name=search_term_string\"}],\"inLanguage\":\"ru-RU\"}]}<\/script>\n<!-- \/ Yoast SEO plugin. -->","yoast_head_json":{"title":"Amerik\u0101\u0146u lapsu suns - Whisker.lv | Su\u0146u \u0161\u0137irnes - Amerik\u0101\u0146u lapsu suns","robots":{"index":"index","follow":"follow","max-snippet":"max-snippet:-1","max-image-preview":"max-image-preview:large","max-video-preview":"max-video-preview:-1"},"canonical":"https:\/\/www.whisker.lv\/sunu-skirnes\/amerikanu-lapsu-suns\/","og_locale":"ru_RU","og_type":"article","og_title":"Amerik\u0101\u0146u lapsu suns - Whisker","og_url":"https:\/\/www.whisker.lv\/sunu-skirnes\/amerikanu-lapsu-suns\/","og_site_name":"Whisker","article_publisher":"https:\/\/www.facebook.com\/whisker.lv\/","article_modified_time":"2019-04-03T19:36:57+00:00","twitter_card":"summary_large_image","twitter_misc":{"Est. reading time":"1 minute"},"schema":{"@context":"https:\/\/schema.org","@graph":[{"@type":"WebPage","@id":"https:\/\/www.whisker.lv\/sunu-skirnes\/amerikanu-lapsu-suns\/","url":"https:\/\/www.whisker.lv\/sunu-skirnes\/amerikanu-lapsu-suns\/","name":"Amerik\u0101\u0146u lapsu suns - Whisker.lv | Su\u0146u \u0161\u0137irnes - Amerik\u0101\u0146u lapsu suns","isPartOf":{"@id":"https:\/\/www.whisker.lv\/#website"},"datePublished":"2019-03-05T02:31:52+00:00","dateModified":"2019-04-03T19:36:57+00:00","description":"Amerik\u0101\u0146u lapsu suns - sal\u012bdzin\u0101jum\u0101 ar ang\u013cu lapsu suni tam viegl\u0101ka \u0137erme\u0146a konstrukcija, maz\u0101ka masa, \u0101tr\u0101ka gaita un lab\u0101k att\u012bst\u012bta o\u017ea.","breadcrumb":{"@id":"https:\/\/www.whisker.lv\/sunu-skirnes\/amerikanu-lapsu-suns\/#breadcrumb"},"inLanguage":"ru-RU","potentialAction":[{"@type":"ReadAction","target":["https:\/\/www.whisker.lv\/sunu-skirnes\/amerikanu-lapsu-suns\/"]}]},{"@type":"BreadcrumbList","@id":"https:\/\/www.whisker.lv\/sunu-skirnes\/amerikanu-lapsu-suns\/#breadcrumb","itemListElement":[{"@type":"ListItem","position":1,"name":"S\u0101kums","item":"https:\/\/www.whisker.lv\/"},{"@type":"ListItem","position":2,"name":"Su\u0146u \u0161\u0137irnes","item":"https:\/\/www.whisker.lv\/sunu-skirnes\/"},{"@type":"ListItem","position":3,"name":"Amerik\u0101\u0146u lapsu suns"}]},{"@type":"WebSite","@id":"https:\/\/www.whisker.lv\/#website","url":"https:\/\/www.whisker.lv\/","name":"Whisker","description":"Tavs pal\u012bgs m\u0101jdzivnieku pieskat\u012b\u0161an\u0101","potentialAction":[{"@type":"SearchAction","target":{"@type":"EntryPoint","urlTemplate":"https:\/\/www.whisker.lv\/?s={search_term_string}"},"query-input":"required name=search_term_string"}],"inLanguage":"ru-RU"}]}},"_links":{"self":[{"href":"https:\/\/www.whisker.lv\/ru\/wp-json\/wp\/v2\/pages\/8601"}],"collection":[{"href":"https:\/\/www.whisker.lv\/ru\/wp-json\/wp\/v2\/pages"}],"about":[{"href":"https:\/\/www.whisker.lv\/ru\/wp-json\/wp\/v2\/types\/page"}],"author":[{"embeddable":true,"href":"https:\/\/www.whisker.lv\/ru\/wp-json\/wp\/v2\/users\/1"}],"replies":[{"embeddable":true,"href":"https:\/\/www.whisker.lv\/ru\/wp-json\/wp\/v2\/comments?post=8601"}],"version-history":[{"count":5,"href":"https:\/\/www.whisker.lv\/ru\/wp-json\/wp\/v2\/pages\/8601\/revisions"}],"predecessor-version":[{"id":11108,"href":"https:\/\/www.whisker.lv\/ru\/wp-json\/wp\/v2\/pages\/8601\/revisions\/11108"}],"up":[{"embeddable":true,"href":"https:\/\/www.whisker.lv\/ru\/wp-json\/wp\/v2\/pages\/8016"}],"wp:attachment":[{"href":"https:\/\/www.whisker.lv\/ru\/wp-json\/wp\/v2\/media?parent=8601"}],"curies":[{"name":"wp","href":"https:\/\/api.w.org\/{rel}","templated":true}]}}