



{"id":8661,"date":"2019-03-06T20:35:57","date_gmt":"2019-03-06T18:35:57","guid":{"rendered":"https:\/\/www.whisker.lv\/?page_id=8661"},"modified":"2019-04-03T21:30:24","modified_gmt":"2019-04-03T19:30:24","slug":"afenpincers","status":"publish","type":"page","link":"https:\/\/www.whisker.lv\/ru\/sunu-skirnes\/afenpincers\/","title":{"rendered":"Afenpin\u010ders"},"content":{"rendered":"[vc_row][vc_column][vc_text_separator title=&#8221;Afenpin\u010ders&#8221; border_width=&#8221;8&#8243;][\/vc_column][\/vc_row][vc_row][vc_column width=&#8221;1\/2&#8243;][vc_single_image image=&#8221;8666&#8243; img_size=&#8221;large&#8221; alignment=&#8221;center&#8221; style=&#8221;vc_box_rounded&#8221;][\/vc_column][vc_column width=&#8221;1\/2&#8243;][vc_column_text]\n<p>&nbsp;<\/p>\n<p><span style=\"color: #000000;\"><strong>Dzimtene:<\/strong> V\u0101cija<\/span><\/p>\n<p><span style=\"color: #000000;\"><strong>Funkcija:<\/strong> grauz\u0113ju \u0137\u0113r\u0101js<\/span><\/p>\n<p><span style=\"color: #000000;\"><strong>Izcel\u0161an\u0101s<\/strong>: ap 1600. g.<\/span><\/p>\n<p><span style=\"color: #000000;\"><strong>Skausta augstums:<\/strong> 25 cm<\/span><\/p>\n<p><span style=\"color: #000000;\"><strong>Masa:<\/strong> 3-3,5 kg<\/span><\/p>\n<p><span style=\"color: #000000;\"><strong>Raksturs:<\/strong> modrs, kluss<\/span><\/p>\n<p><span style=\"color: #000000;\"><strong>Dz\u012bves ilgums:<\/strong> 12-15 gadi<\/span>[\/vc_column_text][\/vc_column][\/vc_row][vc_row][vc_column][vc_column_text]<span style=\"color: #000000;\">Saplacin\u0101tais purni\u0146\u0161, izteikt\u0101 p\u0101reja no pieres uz degunu, liel\u0101s, apa\u013c\u0101s acis, st\u0101v\u0101s ausis, plat\u0101 galva un savdab\u012bgais apmatojums pie\u0161\u0137ir \u0161im mazajam terjeram \u012bpatn\u0113ju, neb\u0113dn\u012bgu izskatu. Apmatojuma garums da\u017e\u0101s \u0137erme\u0146a viet\u0101s vari\u0113.<\/span><\/p>\n<p><span style=\"color: #000000;\"><strong>V\u0113sture.<\/strong> Par afenpin\u010dera priek\u0161te\u010diem prec\u012bzas infom\u0101cijas nav. Dom\u0101jams, ka viens no tiem ir Briseles grifons.<\/span><\/p>\n<p><span style=\"color: #000000;\"><strong>Piez\u012bme.<\/strong> Kaut gan vi\u0146am ir mazs augums, afenpin\u010ders ir lielisks sargsuns.<\/span><\/p>\n[\/vc_column_text][\/vc_column][\/vc_row]\n","protected":false},"excerpt":{"rendered":"<p>[vc_row][vc_column][vc_text_separator title=&#8221;Afenpin\u010ders&#8221; border_width=&#8221;8&#8243;][\/vc_column][\/vc_row][vc_row][vc_column width=&#8221;1\/2&#8243;][vc_single_image image=&#8221;8666&#8243; img_size=&#8221;large&#8221; alignment=&#8221;center&#8221; style=&#8221;vc_box_rounded&#8221;][\/vc_column][vc_column width=&#8221;1\/2&#8243;][vc_column_text] &nbsp; Dzimtene: V\u0101cija Funkcija: grauz\u0113ju \u0137\u0113r\u0101js Izcel\u0161an\u0101s: ap 1600. g. Skausta augstums: 25 cm Masa: 3-3,5 kg Raksturs: modrs, kluss Dz\u012bves ilgums: 12-15 gadi[\/vc_column_text][\/vc_column][\/vc_row][vc_row][vc_column][vc_column_text]Saplacin\u0101tais purni\u0146\u0161, izteikt\u0101 p\u0101reja no pieres uz degunu, liel\u0101s, apa\u013c\u0101s acis, st\u0101v\u0101s ausis, plat\u0101 galva un savdab\u012bgais apmatojums pie\u0161\u0137ir \u0161im mazajam terjeram \u012bpatn\u0113ju, [&hellip;]<\/p>\n","protected":false},"author":1,"featured_media":0,"parent":8016,"menu_order":0,"comment_status":"closed","ping_status":"closed","template":"page-fullwidth.php","meta":{"_acf_changed":false,"_glsr_average":0,"_glsr_ranking":0,"_glsr_reviews":0,"footnotes":""},"translation":{"provider":"WPGlobus","version":"2.12.2","language":"ru","enabled_languages":["lv","en","ru"],"languages":{"lv":{"title":true,"content":true,"excerpt":false},"en":{"title":false,"content":false,"excerpt":false},"ru":{"title":false,"content":false,"excerpt":false}}},"acf":[],"yoast_head":"<!-- This site is optimized with the Yoast SEO plugin v22.5 - https:\/\/yoast.com\/wordpress\/plugins\/seo\/ -->\n<title>Afenpin\u010ders - Whisker .lv| Su\u0146u \u0161\u0137irnes - Afenpin\u010ders<\/title>\n<meta name=\"robots\" content=\"index, follow, max-snippet:-1, max-image-preview:large, max-video-preview:-1\" \/>\n<link rel=\"canonical\" href=\"https:\/\/www.whisker.lv\/sunu-skirnes\/afenpincers\/\" \/>\n<meta property=\"og:locale\" content=\"ru_RU\" \/>\n<meta property=\"og:type\" content=\"article\" \/>\n<meta property=\"og:title\" content=\"Afenpin\u010ders - Whisker\" \/>\n<meta property=\"og:url\" content=\"https:\/\/www.whisker.lv\/sunu-skirnes\/afenpincers\/\" \/>\n<meta property=\"og:site_name\" content=\"Whisker\" \/>\n<meta property=\"article:publisher\" content=\"https:\/\/www.facebook.com\/whisker.lv\/\" \/>\n<meta property=\"article:modified_time\" content=\"2019-04-03T19:30:24+00:00\" \/>\n<meta name=\"twitter:card\" content=\"summary_large_image\" \/>\n<meta name=\"twitter:label1\" content=\"Est. reading time\" \/>\n\t<meta name=\"twitter:data1\" content=\"1 minute\" \/>\n<script type=\"application\/ld+json\" class=\"yoast-schema-graph\">{\"@context\":\"https:\/\/schema.org\",\"@graph\":[{\"@type\":\"WebPage\",\"@id\":\"https:\/\/www.whisker.lv\/sunu-skirnes\/afenpincers\/\",\"url\":\"https:\/\/www.whisker.lv\/sunu-skirnes\/afenpincers\/\",\"name\":\"Afenpin\u010ders - Whisker .lv| Su\u0146u \u0161\u0137irnes - Afenpin\u010ders\",\"isPartOf\":{\"@id\":\"https:\/\/www.whisker.lv\/#website\"},\"datePublished\":\"2019-03-06T18:35:57+00:00\",\"dateModified\":\"2019-04-03T19:30:24+00:00\",\"description\":\"Afenpin\u010deram ir lielas, apa\u013cas acis, st\u0101v\u0101s ausis, plata galva un savdab\u012bgs apmatojums, kas pie\u0161\u0137ir \u0161im mazajam terjeram \u012bpatn\u0113ju, neb\u0113dn\u012bgu izskatu.\",\"breadcrumb\":{\"@id\":\"https:\/\/www.whisker.lv\/sunu-skirnes\/afenpincers\/#breadcrumb\"},\"inLanguage\":\"ru-RU\",\"potentialAction\":[{\"@type\":\"ReadAction\",\"target\":[\"https:\/\/www.whisker.lv\/sunu-skirnes\/afenpincers\/\"]}]},{\"@type\":\"BreadcrumbList\",\"@id\":\"https:\/\/www.whisker.lv\/sunu-skirnes\/afenpincers\/#breadcrumb\",\"itemListElement\":[{\"@type\":\"ListItem\",\"position\":1,\"name\":\"S\u0101kums\",\"item\":\"https:\/\/www.whisker.lv\/\"},{\"@type\":\"ListItem\",\"position\":2,\"name\":\"Su\u0146u \u0161\u0137irnes\",\"item\":\"https:\/\/www.whisker.lv\/sunu-skirnes\/\"},{\"@type\":\"ListItem\",\"position\":3,\"name\":\"Afenpin\u010ders\"}]},{\"@type\":\"WebSite\",\"@id\":\"https:\/\/www.whisker.lv\/#website\",\"url\":\"https:\/\/www.whisker.lv\/\",\"name\":\"Whisker\",\"description\":\"Tavs pal\u012bgs m\u0101jdzivnieku pieskat\u012b\u0161an\u0101\",\"potentialAction\":[{\"@type\":\"SearchAction\",\"target\":{\"@type\":\"EntryPoint\",\"urlTemplate\":\"https:\/\/www.whisker.lv\/?s={search_term_string}\"},\"query-input\":\"required name=search_term_string\"}],\"inLanguage\":\"ru-RU\"}]}<\/script>\n<!-- \/ Yoast SEO plugin. -->","yoast_head_json":{"title":"Afenpin\u010ders - Whisker .lv| Su\u0146u \u0161\u0137irnes - Afenpin\u010ders","robots":{"index":"index","follow":"follow","max-snippet":"max-snippet:-1","max-image-preview":"max-image-preview:large","max-video-preview":"max-video-preview:-1"},"canonical":"https:\/\/www.whisker.lv\/sunu-skirnes\/afenpincers\/","og_locale":"ru_RU","og_type":"article","og_title":"Afenpin\u010ders - Whisker","og_url":"https:\/\/www.whisker.lv\/sunu-skirnes\/afenpincers\/","og_site_name":"Whisker","article_publisher":"https:\/\/www.facebook.com\/whisker.lv\/","article_modified_time":"2019-04-03T19:30:24+00:00","twitter_card":"summary_large_image","twitter_misc":{"Est. reading time":"1 minute"},"schema":{"@context":"https:\/\/schema.org","@graph":[{"@type":"WebPage","@id":"https:\/\/www.whisker.lv\/sunu-skirnes\/afenpincers\/","url":"https:\/\/www.whisker.lv\/sunu-skirnes\/afenpincers\/","name":"Afenpin\u010ders - Whisker .lv| Su\u0146u \u0161\u0137irnes - Afenpin\u010ders","isPartOf":{"@id":"https:\/\/www.whisker.lv\/#website"},"datePublished":"2019-03-06T18:35:57+00:00","dateModified":"2019-04-03T19:30:24+00:00","description":"Afenpin\u010deram ir lielas, apa\u013cas acis, st\u0101v\u0101s ausis, plata galva un savdab\u012bgs apmatojums, kas pie\u0161\u0137ir \u0161im mazajam terjeram \u012bpatn\u0113ju, neb\u0113dn\u012bgu izskatu.","breadcrumb":{"@id":"https:\/\/www.whisker.lv\/sunu-skirnes\/afenpincers\/#breadcrumb"},"inLanguage":"ru-RU","potentialAction":[{"@type":"ReadAction","target":["https:\/\/www.whisker.lv\/sunu-skirnes\/afenpincers\/"]}]},{"@type":"BreadcrumbList","@id":"https:\/\/www.whisker.lv\/sunu-skirnes\/afenpincers\/#breadcrumb","itemListElement":[{"@type":"ListItem","position":1,"name":"S\u0101kums","item":"https:\/\/www.whisker.lv\/"},{"@type":"ListItem","position":2,"name":"Su\u0146u \u0161\u0137irnes","item":"https:\/\/www.whisker.lv\/sunu-skirnes\/"},{"@type":"ListItem","position":3,"name":"Afenpin\u010ders"}]},{"@type":"WebSite","@id":"https:\/\/www.whisker.lv\/#website","url":"https:\/\/www.whisker.lv\/","name":"Whisker","description":"Tavs pal\u012bgs m\u0101jdzivnieku pieskat\u012b\u0161an\u0101","potentialAction":[{"@type":"SearchAction","target":{"@type":"EntryPoint","urlTemplate":"https:\/\/www.whisker.lv\/?s={search_term_string}"},"query-input":"required name=search_term_string"}],"inLanguage":"ru-RU"}]}},"_links":{"self":[{"href":"https:\/\/www.whisker.lv\/ru\/wp-json\/wp\/v2\/pages\/8661"}],"collection":[{"href":"https:\/\/www.whisker.lv\/ru\/wp-json\/wp\/v2\/pages"}],"about":[{"href":"https:\/\/www.whisker.lv\/ru\/wp-json\/wp\/v2\/types\/page"}],"author":[{"embeddable":true,"href":"https:\/\/www.whisker.lv\/ru\/wp-json\/wp\/v2\/users\/1"}],"replies":[{"embeddable":true,"href":"https:\/\/www.whisker.lv\/ru\/wp-json\/wp\/v2\/comments?post=8661"}],"version-history":[{"count":6,"href":"https:\/\/www.whisker.lv\/ru\/wp-json\/wp\/v2\/pages\/8661\/revisions"}],"predecessor-version":[{"id":11106,"href":"https:\/\/www.whisker.lv\/ru\/wp-json\/wp\/v2\/pages\/8661\/revisions\/11106"}],"up":[{"embeddable":true,"href":"https:\/\/www.whisker.lv\/ru\/wp-json\/wp\/v2\/pages\/8016"}],"wp:attachment":[{"href":"https:\/\/www.whisker.lv\/ru\/wp-json\/wp\/v2\/media?parent=8661"}],"curies":[{"name":"wp","href":"https:\/\/api.w.org\/{rel}","templated":true}]}}