



{"id":8668,"date":"2019-03-06T20:55:02","date_gmt":"2019-03-06T18:55:02","guid":{"rendered":"https:\/\/www.whisker.lv\/?page_id=8668"},"modified":"2019-04-03T21:32:48","modified_gmt":"2019-04-03T19:32:48","slug":"afganu-kurts","status":"publish","type":"page","link":"https:\/\/www.whisker.lv\/ru\/sunu-skirnes\/afganu-kurts\/","title":{"rendered":"Afg\u0101\u0146u kurts"},"content":{"rendered":"[vc_row][vc_column][vc_text_separator title=&#8221;Afg\u0101\u0146u kurts&#8221; border_width=&#8221;8&#8243;][\/vc_column][\/vc_row][vc_row][vc_column width=&#8221;1\/2&#8243;][vc_single_image image=&#8221;8021&#8243; img_size=&#8221;large&#8221; alignment=&#8221;center&#8221; style=&#8221;vc_box_rounded&#8221;][\/vc_column][vc_column width=&#8221;1\/2&#8243;][vc_column_text]\n<p><span style=\"color: #000000;\"><strong>Dzimtene:<\/strong> Afganist\u0101na<\/span><\/p>\n<p><span style=\"color: #000000;\"><strong>Funkcija<\/strong>: gaze\u013cu un vilku dzin\u0113js<\/span><\/p>\n<p><span style=\"color: #000000;\"><strong>Izcel\u0161an\u0101s:<\/strong> ap 1600. g.<\/span><\/p>\n<p><span style=\"color: #000000;\"><strong>Skausta augstums:<\/strong> 65-74 cm<\/span><\/p>\n<p><span style=\"color: #000000;\"><strong>Masa:<\/strong> 23-27 kg<\/span><\/p>\n<p><span style=\"color: #000000;\"><strong>Raksturs:<\/strong> dz\u012bvespriec\u012bgs, akt\u012bvs<\/span><\/p>\n<p><span style=\"color: #000000;\"><strong>Dz\u012bves ilgums:<\/strong> 12-18 gadi<\/span>[\/vc_column_text][\/vc_column][\/vc_row][vc_row][vc_column][vc_column_text]<span style=\"color: #000000;\">Elegantais afg\u0101\u0146u kurts ar garo, z\u012bdaino, br\u012bvi kr\u012bto\u0161o apmatojumu ir \u013coti iecien\u012bts \u0123imenes m\u012blulis, neraugoties pat uz to, ka apmatojuma kop\u0161ana un \u201ctradicion\u0101l\u0101 iet\u0113rpa\u201d izveide prasa daudz laika un p\u016b\u013cu. P\u0113d\u0113jo piecdesmit gadu laik\u0101 selekcijas rezult\u0101t\u0101 ir ieg\u016bts suns ar daudz gar\u0101ku apmatojumu. P\u0101rvietojoties afg\u0101\u0146u kurts ce\u013c augtu k\u0101jas.<\/span><\/p>\n<p><span style=\"color: #000000;\"><strong>V\u0113sture.<\/strong> Eiropie\u0161i afg\u0101\u0146u kurtu pirmo reizi ieraudz\u012bga 19. gadsimta beig\u0101s, kad no ang\u013cu-afg\u0101\u0146u kara m\u0101jup atgriez\u0101s zald\u0101ti. Toreiz eksist\u0113ja neizsak\u0101mi daudz \u0161\u0137irnes paveidi, kas galvenok\u0101rt at\u0161\u0137ir\u0101s p\u0113c izm\u0113riem. M\u016bsdienas, kad izveidota t\u012br\u0161\u0137irne, \u0161\u012bs at\u0161\u0137ir\u012bbas ir pazudu\u0161as.<\/span><\/p>\n<p><span style=\"color: #000000;\"><strong>Piez\u012bme.<\/strong> Atl\u0113tiskajiem su\u0146iem nepiecie\u0161amas regul\u0101ras fiziskas nodarb\u012bbas. Reiz\u0113m vi\u0146i m\u0113dz aizb\u0113gt no saimnieka. Tas, iesp\u0113jams, liecina, ka su\u0146iem v\u0113l arvien ir saglab\u0101jies mednieka instinkts.<\/span><\/p>\n<p><span style=\"color: #000000;\"><strong>Citi nosaukumi.<\/strong> Tazi. Afg\u0101\u0146u v\u0113ja suns.<\/span>[\/vc_column_text][\/vc_column][\/vc_row]\n","protected":false},"excerpt":{"rendered":"<p>[vc_row][vc_column][vc_text_separator title=&#8221;Afg\u0101\u0146u kurts&#8221; border_width=&#8221;8&#8243;][\/vc_column][\/vc_row][vc_row][vc_column width=&#8221;1\/2&#8243;][vc_single_image image=&#8221;8021&#8243; img_size=&#8221;large&#8221; alignment=&#8221;center&#8221; style=&#8221;vc_box_rounded&#8221;][\/vc_column][vc_column width=&#8221;1\/2&#8243;][vc_column_text] Dzimtene: Afganist\u0101na Funkcija: gaze\u013cu un vilku dzin\u0113js Izcel\u0161an\u0101s: ap 1600. g. Skausta augstums: 65-74 cm Masa: 23-27 kg Raksturs: dz\u012bvespriec\u012bgs, akt\u012bvs Dz\u012bves ilgums: 12-18 gadi[\/vc_column_text][\/vc_column][\/vc_row][vc_row][vc_column][vc_column_text]Elegantais afg\u0101\u0146u kurts ar garo, z\u012bdaino, br\u012bvi kr\u012bto\u0161o apmatojumu ir \u013coti iecien\u012bts \u0123imenes m\u012blulis, neraugoties pat uz to, ka apmatojuma kop\u0161ana [&hellip;]<\/p>\n","protected":false},"author":1,"featured_media":0,"parent":8016,"menu_order":0,"comment_status":"closed","ping_status":"closed","template":"page-fullwidth.php","meta":{"_acf_changed":false,"_glsr_average":0,"_glsr_ranking":0,"_glsr_reviews":0,"footnotes":""},"translation":{"provider":"WPGlobus","version":"2.12.2","language":"ru","enabled_languages":["lv","en","ru"],"languages":{"lv":{"title":true,"content":true,"excerpt":false},"en":{"title":false,"content":false,"excerpt":false},"ru":{"title":false,"content":false,"excerpt":false}}},"acf":[],"yoast_head":"<!-- This site is optimized with the Yoast SEO plugin v22.5 - https:\/\/yoast.com\/wordpress\/plugins\/seo\/ -->\n<title>Afg\u0101\u0146u kurts - Whisker.lv | Su\u0146u \u0161\u0137irnes - Afg\u0101\u0146u kurts<\/title>\n<meta name=\"robots\" content=\"index, follow, max-snippet:-1, max-image-preview:large, max-video-preview:-1\" \/>\n<link rel=\"canonical\" href=\"https:\/\/www.whisker.lv\/sunu-skirnes\/afganu-kurts\/\" \/>\n<meta property=\"og:locale\" content=\"ru_RU\" \/>\n<meta property=\"og:type\" content=\"article\" \/>\n<meta property=\"og:title\" content=\"Afg\u0101\u0146u kurts - Whisker\" \/>\n<meta property=\"og:url\" content=\"https:\/\/www.whisker.lv\/sunu-skirnes\/afganu-kurts\/\" \/>\n<meta property=\"og:site_name\" content=\"Whisker\" \/>\n<meta property=\"article:publisher\" content=\"https:\/\/www.facebook.com\/whisker.lv\/\" \/>\n<meta property=\"article:modified_time\" content=\"2019-04-03T19:32:48+00:00\" \/>\n<meta name=\"twitter:card\" content=\"summary_large_image\" \/>\n<meta name=\"twitter:label1\" content=\"Est. reading time\" \/>\n\t<meta name=\"twitter:data1\" content=\"1 minute\" \/>\n<script type=\"application\/ld+json\" class=\"yoast-schema-graph\">{\"@context\":\"https:\/\/schema.org\",\"@graph\":[{\"@type\":\"WebPage\",\"@id\":\"https:\/\/www.whisker.lv\/sunu-skirnes\/afganu-kurts\/\",\"url\":\"https:\/\/www.whisker.lv\/sunu-skirnes\/afganu-kurts\/\",\"name\":\"Afg\u0101\u0146u kurts - Whisker.lv | Su\u0146u \u0161\u0137irnes - Afg\u0101\u0146u kurts\",\"isPartOf\":{\"@id\":\"https:\/\/www.whisker.lv\/#website\"},\"datePublished\":\"2019-03-06T18:55:02+00:00\",\"dateModified\":\"2019-04-03T19:32:48+00:00\",\"description\":\"Afg\u0101\u0146u kurts ar garo, br\u012bvi kr\u012bto\u0161o apmatojumu ir \u013coti iecien\u012bts \u0123imenes m\u012blulis, neraugoties pat uz to, ka apmatojuma kop\u0161ana prasa daudz laika un p\u016b\u013cu.\",\"breadcrumb\":{\"@id\":\"https:\/\/www.whisker.lv\/sunu-skirnes\/afganu-kurts\/#breadcrumb\"},\"inLanguage\":\"ru-RU\",\"potentialAction\":[{\"@type\":\"ReadAction\",\"target\":[\"https:\/\/www.whisker.lv\/sunu-skirnes\/afganu-kurts\/\"]}]},{\"@type\":\"BreadcrumbList\",\"@id\":\"https:\/\/www.whisker.lv\/sunu-skirnes\/afganu-kurts\/#breadcrumb\",\"itemListElement\":[{\"@type\":\"ListItem\",\"position\":1,\"name\":\"S\u0101kums\",\"item\":\"https:\/\/www.whisker.lv\/\"},{\"@type\":\"ListItem\",\"position\":2,\"name\":\"Su\u0146u \u0161\u0137irnes\",\"item\":\"https:\/\/www.whisker.lv\/sunu-skirnes\/\"},{\"@type\":\"ListItem\",\"position\":3,\"name\":\"Afg\u0101\u0146u kurts\"}]},{\"@type\":\"WebSite\",\"@id\":\"https:\/\/www.whisker.lv\/#website\",\"url\":\"https:\/\/www.whisker.lv\/\",\"name\":\"Whisker\",\"description\":\"Tavs pal\u012bgs m\u0101jdzivnieku pieskat\u012b\u0161an\u0101\",\"potentialAction\":[{\"@type\":\"SearchAction\",\"target\":{\"@type\":\"EntryPoint\",\"urlTemplate\":\"https:\/\/www.whisker.lv\/?s={search_term_string}\"},\"query-input\":\"required name=search_term_string\"}],\"inLanguage\":\"ru-RU\"}]}<\/script>\n<!-- \/ Yoast SEO plugin. -->","yoast_head_json":{"title":"Afg\u0101\u0146u kurts - Whisker.lv | Su\u0146u \u0161\u0137irnes - Afg\u0101\u0146u kurts","robots":{"index":"index","follow":"follow","max-snippet":"max-snippet:-1","max-image-preview":"max-image-preview:large","max-video-preview":"max-video-preview:-1"},"canonical":"https:\/\/www.whisker.lv\/sunu-skirnes\/afganu-kurts\/","og_locale":"ru_RU","og_type":"article","og_title":"Afg\u0101\u0146u kurts - Whisker","og_url":"https:\/\/www.whisker.lv\/sunu-skirnes\/afganu-kurts\/","og_site_name":"Whisker","article_publisher":"https:\/\/www.facebook.com\/whisker.lv\/","article_modified_time":"2019-04-03T19:32:48+00:00","twitter_card":"summary_large_image","twitter_misc":{"Est. reading time":"1 minute"},"schema":{"@context":"https:\/\/schema.org","@graph":[{"@type":"WebPage","@id":"https:\/\/www.whisker.lv\/sunu-skirnes\/afganu-kurts\/","url":"https:\/\/www.whisker.lv\/sunu-skirnes\/afganu-kurts\/","name":"Afg\u0101\u0146u kurts - Whisker.lv | Su\u0146u \u0161\u0137irnes - Afg\u0101\u0146u kurts","isPartOf":{"@id":"https:\/\/www.whisker.lv\/#website"},"datePublished":"2019-03-06T18:55:02+00:00","dateModified":"2019-04-03T19:32:48+00:00","description":"Afg\u0101\u0146u kurts ar garo, br\u012bvi kr\u012bto\u0161o apmatojumu ir \u013coti iecien\u012bts \u0123imenes m\u012blulis, neraugoties pat uz to, ka apmatojuma kop\u0161ana prasa daudz laika un p\u016b\u013cu.","breadcrumb":{"@id":"https:\/\/www.whisker.lv\/sunu-skirnes\/afganu-kurts\/#breadcrumb"},"inLanguage":"ru-RU","potentialAction":[{"@type":"ReadAction","target":["https:\/\/www.whisker.lv\/sunu-skirnes\/afganu-kurts\/"]}]},{"@type":"BreadcrumbList","@id":"https:\/\/www.whisker.lv\/sunu-skirnes\/afganu-kurts\/#breadcrumb","itemListElement":[{"@type":"ListItem","position":1,"name":"S\u0101kums","item":"https:\/\/www.whisker.lv\/"},{"@type":"ListItem","position":2,"name":"Su\u0146u \u0161\u0137irnes","item":"https:\/\/www.whisker.lv\/sunu-skirnes\/"},{"@type":"ListItem","position":3,"name":"Afg\u0101\u0146u kurts"}]},{"@type":"WebSite","@id":"https:\/\/www.whisker.lv\/#website","url":"https:\/\/www.whisker.lv\/","name":"Whisker","description":"Tavs pal\u012bgs m\u0101jdzivnieku pieskat\u012b\u0161an\u0101","potentialAction":[{"@type":"SearchAction","target":{"@type":"EntryPoint","urlTemplate":"https:\/\/www.whisker.lv\/?s={search_term_string}"},"query-input":"required name=search_term_string"}],"inLanguage":"ru-RU"}]}},"_links":{"self":[{"href":"https:\/\/www.whisker.lv\/ru\/wp-json\/wp\/v2\/pages\/8668"}],"collection":[{"href":"https:\/\/www.whisker.lv\/ru\/wp-json\/wp\/v2\/pages"}],"about":[{"href":"https:\/\/www.whisker.lv\/ru\/wp-json\/wp\/v2\/types\/page"}],"author":[{"embeddable":true,"href":"https:\/\/www.whisker.lv\/ru\/wp-json\/wp\/v2\/users\/1"}],"replies":[{"embeddable":true,"href":"https:\/\/www.whisker.lv\/ru\/wp-json\/wp\/v2\/comments?post=8668"}],"version-history":[{"count":6,"href":"https:\/\/www.whisker.lv\/ru\/wp-json\/wp\/v2\/pages\/8668\/revisions"}],"predecessor-version":[{"id":11109,"href":"https:\/\/www.whisker.lv\/ru\/wp-json\/wp\/v2\/pages\/8668\/revisions\/11109"}],"up":[{"embeddable":true,"href":"https:\/\/www.whisker.lv\/ru\/wp-json\/wp\/v2\/pages\/8016"}],"wp:attachment":[{"href":"https:\/\/www.whisker.lv\/ru\/wp-json\/wp\/v2\/media?parent=8668"}],"curies":[{"name":"wp","href":"https:\/\/api.w.org\/{rel}","templated":true}]}}