



{"id":8680,"date":"2019-03-06T21:24:20","date_gmt":"2019-03-06T19:24:20","guid":{"rendered":"https:\/\/www.whisker.lv\/?page_id=8680"},"modified":"2019-04-03T21:34:44","modified_gmt":"2019-04-03T19:34:44","slug":"alaskas-malamuts","status":"publish","type":"page","link":"https:\/\/www.whisker.lv\/ru\/sunu-skirnes\/alaskas-malamuts\/","title":{"rendered":"A\u013caskas malamuts"},"content":{"rendered":"[vc_row][vc_column][vc_text_separator title=&#8221;A\u013caskas malamuts&#8221; border_width=&#8221;8&#8243;][\/vc_column][\/vc_row][vc_row][vc_column width=&#8221;1\/2&#8243;][vc_single_image image=&#8221;8682&#8243; img_size=&#8221;full&#8221; alignment=&#8221;center&#8221; style=&#8221;vc_box_rounded&#8221;][\/vc_column][vc_column width=&#8221;1\/2&#8243;][vc_column_text]<span style=\"color: #000000;\"><strong>Dzimtene:<\/strong> ASV<\/span><\/p>\n<p><span style=\"color: #000000;\"><strong>Funkcija:<\/strong> kamanu vilc\u0113js<\/span><\/p>\n<p><span style=\"color: #000000;\"><strong>Izcel\u0161an\u0101s:<\/strong> 3000. p.m.\u0113.<\/span><\/p>\n<p><span style=\"color: #000000;\"><strong>Skausta augstums<\/strong>: 58-71 cm<\/span><\/p>\n<p><span style=\"color: #000000;\"><strong>Masa:<\/strong> 39-57 kg<\/span><\/p>\n<p><span style=\"color: #000000;\"><strong>Raksturs:<\/strong> akt\u012bvs, \u013coti ener\u0123isks<\/span><\/p>\n<p><span style=\"color: #000000;\"><strong>Dz\u012bves ilgums:<\/strong> 10-14 gadi<\/span>[\/vc_column_text][\/vc_column][\/vc_row][vc_row][vc_column][vc_column_text]<span style=\"color: #000000;\">Sp\u0113c\u012bgais un varenais zieme\u013cu suns slavens savas iztur\u012bbas, nevis \u0101truma d\u0113\u013c k\u0101 p\u0101r\u0113jie zieme\u013cos m\u012bto\u0161ie sugasbr\u0101\u013ci. Bl\u012bvais divsl\u0101\u0146u ka\u017eoks lieliski pasarg\u0101 suni bargajos klimatiskajos apst\u0101k\u013cos. Rupjie akotmati apsedz biezu, vilnainu un iee\u013c\u013cotu pavilnu. Uz pleciem, kakla un mugurpus\u0113 akotmati ir gar\u0101ki nek\u0101 cit\u0101s \u0137erme\u0146a viet\u0101s. Ka\u017eoks m\u0113dz b\u016bt visda\u017e\u0101d\u0101kos to\u0146os \u2013 no gai\u0161i pel\u0113ka l\u012bdz pat melnam vai no zeltaina l\u012bdz rudam un rudi br\u016bnam.<\/span><\/p>\n<p><span style=\"color: #000000;\"><strong>V\u0113sture.<\/strong> \u0160\u0137irne nosaukta A\u013caskas zieme\u013crietumos dz\u012bvojo\u0161\u0101s malamutu cilts v\u0101rd\u0101. Vi\u0146i bija klejot\u0101ji, un su\u0146i tika izmantoti kamanu vilk\u0161anai, parce\u013coties no vienas apme\u0161an\u0101s vietas uz citu.<\/span><\/p>\n<p><span style=\"color: #000000;\"><strong>Piez\u012bme.<\/strong> Lielajam un sp\u0113c\u012bgajam sunim jau no agras b\u0113rn\u012bbas nepiecie\u0161ams daudz fizisku vingrin\u0101jumu. L\u012bdz pat m\u016bsdien\u0101m malamutiem saglab\u0101jies sp\u0113c\u012bgs bara instinkts, kas reiz\u0113m var izpausties k\u0101 agresija pret sugasbr\u0101\u013ciem. Savuk\u0101rt attiec\u012bb\u0101s ar cilv\u0113kiem malamuts ir draudz\u012bgs un sirsn\u012bgs.<\/span>[\/vc_column_text][\/vc_column][\/vc_row]\n","protected":false},"excerpt":{"rendered":"<p>[vc_row][vc_column][vc_text_separator title=&#8221;A\u013caskas malamuts&#8221; border_width=&#8221;8&#8243;][\/vc_column][\/vc_row][vc_row][vc_column width=&#8221;1\/2&#8243;][vc_single_image image=&#8221;8682&#8243; img_size=&#8221;full&#8221; alignment=&#8221;center&#8221; style=&#8221;vc_box_rounded&#8221;][\/vc_column][vc_column width=&#8221;1\/2&#8243;][vc_column_text]Dzimtene: ASV Funkcija: kamanu vilc\u0113js Izcel\u0161an\u0101s: 3000. p.m.\u0113. Skausta augstums: 58-71 cm Masa: 39-57 kg Raksturs: akt\u012bvs, \u013coti ener\u0123isks Dz\u012bves ilgums: 10-14 gadi[\/vc_column_text][\/vc_column][\/vc_row][vc_row][vc_column][vc_column_text]Sp\u0113c\u012bgais un varenais zieme\u013cu suns slavens savas iztur\u012bbas, nevis \u0101truma d\u0113\u013c k\u0101 p\u0101r\u0113jie zieme\u013cos m\u012bto\u0161ie sugasbr\u0101\u013ci. Bl\u012bvais divsl\u0101\u0146u ka\u017eoks lieliski pasarg\u0101 suni bargajos klimatiskajos [&hellip;]<\/p>\n","protected":false},"author":1,"featured_media":0,"parent":8016,"menu_order":0,"comment_status":"closed","ping_status":"closed","template":"page-fullwidth.php","meta":{"_acf_changed":false,"_glsr_average":0,"_glsr_ranking":0,"_glsr_reviews":0,"footnotes":""},"translation":{"provider":"WPGlobus","version":"2.12.2","language":"ru","enabled_languages":["lv","en","ru"],"languages":{"lv":{"title":true,"content":true,"excerpt":false},"en":{"title":false,"content":false,"excerpt":false},"ru":{"title":false,"content":false,"excerpt":false}}},"acf":[],"yoast_head":"<!-- This site is optimized with the Yoast SEO plugin v22.5 - https:\/\/yoast.com\/wordpress\/plugins\/seo\/ -->\n<title>A\u013caskas malamuts - Whisker.lv | Su\u0146u \u0161\u0137irnes - A\u013caskas malamuts<\/title>\n<meta name=\"robots\" content=\"index, follow, max-snippet:-1, max-image-preview:large, max-video-preview:-1\" \/>\n<link rel=\"canonical\" href=\"https:\/\/www.whisker.lv\/sunu-skirnes\/alaskas-malamuts\/\" \/>\n<meta property=\"og:locale\" content=\"ru_RU\" \/>\n<meta property=\"og:type\" content=\"article\" \/>\n<meta property=\"og:title\" content=\"A\u013caskas malamuts - Whisker\" \/>\n<meta property=\"og:url\" content=\"https:\/\/www.whisker.lv\/sunu-skirnes\/alaskas-malamuts\/\" \/>\n<meta property=\"og:site_name\" content=\"Whisker\" \/>\n<meta property=\"article:publisher\" content=\"https:\/\/www.facebook.com\/whisker.lv\/\" \/>\n<meta property=\"article:modified_time\" content=\"2019-04-03T19:34:44+00:00\" \/>\n<meta name=\"twitter:card\" content=\"summary_large_image\" \/>\n<meta name=\"twitter:label1\" content=\"Est. reading time\" \/>\n\t<meta name=\"twitter:data1\" content=\"1 minute\" \/>\n<script type=\"application\/ld+json\" class=\"yoast-schema-graph\">{\"@context\":\"https:\/\/schema.org\",\"@graph\":[{\"@type\":\"WebPage\",\"@id\":\"https:\/\/www.whisker.lv\/sunu-skirnes\/alaskas-malamuts\/\",\"url\":\"https:\/\/www.whisker.lv\/sunu-skirnes\/alaskas-malamuts\/\",\"name\":\"A\u013caskas malamuts - Whisker.lv | Su\u0146u \u0161\u0137irnes - A\u013caskas malamuts\",\"isPartOf\":{\"@id\":\"https:\/\/www.whisker.lv\/#website\"},\"datePublished\":\"2019-03-06T19:24:20+00:00\",\"dateModified\":\"2019-04-03T19:34:44+00:00\",\"description\":\"A\u013caskas malamuts - jau no agras b\u0113rn\u012bbas nepiecie\u0161ams daudz fizisku vingrin\u0101jumu. L\u012bdz pat m\u016bsdien\u0101m malamutiem saglab\u0101jies sp\u0113c\u012bgs bara instinkts.\",\"breadcrumb\":{\"@id\":\"https:\/\/www.whisker.lv\/sunu-skirnes\/alaskas-malamuts\/#breadcrumb\"},\"inLanguage\":\"ru-RU\",\"potentialAction\":[{\"@type\":\"ReadAction\",\"target\":[\"https:\/\/www.whisker.lv\/sunu-skirnes\/alaskas-malamuts\/\"]}]},{\"@type\":\"BreadcrumbList\",\"@id\":\"https:\/\/www.whisker.lv\/sunu-skirnes\/alaskas-malamuts\/#breadcrumb\",\"itemListElement\":[{\"@type\":\"ListItem\",\"position\":1,\"name\":\"S\u0101kums\",\"item\":\"https:\/\/www.whisker.lv\/\"},{\"@type\":\"ListItem\",\"position\":2,\"name\":\"Su\u0146u \u0161\u0137irnes\",\"item\":\"https:\/\/www.whisker.lv\/sunu-skirnes\/\"},{\"@type\":\"ListItem\",\"position\":3,\"name\":\"A\u013caskas malamuts\"}]},{\"@type\":\"WebSite\",\"@id\":\"https:\/\/www.whisker.lv\/#website\",\"url\":\"https:\/\/www.whisker.lv\/\",\"name\":\"Whisker\",\"description\":\"Tavs pal\u012bgs m\u0101jdzivnieku pieskat\u012b\u0161an\u0101\",\"potentialAction\":[{\"@type\":\"SearchAction\",\"target\":{\"@type\":\"EntryPoint\",\"urlTemplate\":\"https:\/\/www.whisker.lv\/?s={search_term_string}\"},\"query-input\":\"required name=search_term_string\"}],\"inLanguage\":\"ru-RU\"}]}<\/script>\n<!-- \/ Yoast SEO plugin. -->","yoast_head_json":{"title":"A\u013caskas malamuts - Whisker.lv | Su\u0146u \u0161\u0137irnes - A\u013caskas malamuts","robots":{"index":"index","follow":"follow","max-snippet":"max-snippet:-1","max-image-preview":"max-image-preview:large","max-video-preview":"max-video-preview:-1"},"canonical":"https:\/\/www.whisker.lv\/sunu-skirnes\/alaskas-malamuts\/","og_locale":"ru_RU","og_type":"article","og_title":"A\u013caskas malamuts - Whisker","og_url":"https:\/\/www.whisker.lv\/sunu-skirnes\/alaskas-malamuts\/","og_site_name":"Whisker","article_publisher":"https:\/\/www.facebook.com\/whisker.lv\/","article_modified_time":"2019-04-03T19:34:44+00:00","twitter_card":"summary_large_image","twitter_misc":{"Est. reading time":"1 minute"},"schema":{"@context":"https:\/\/schema.org","@graph":[{"@type":"WebPage","@id":"https:\/\/www.whisker.lv\/sunu-skirnes\/alaskas-malamuts\/","url":"https:\/\/www.whisker.lv\/sunu-skirnes\/alaskas-malamuts\/","name":"A\u013caskas malamuts - Whisker.lv | Su\u0146u \u0161\u0137irnes - A\u013caskas malamuts","isPartOf":{"@id":"https:\/\/www.whisker.lv\/#website"},"datePublished":"2019-03-06T19:24:20+00:00","dateModified":"2019-04-03T19:34:44+00:00","description":"A\u013caskas malamuts - jau no agras b\u0113rn\u012bbas nepiecie\u0161ams daudz fizisku vingrin\u0101jumu. L\u012bdz pat m\u016bsdien\u0101m malamutiem saglab\u0101jies sp\u0113c\u012bgs bara instinkts.","breadcrumb":{"@id":"https:\/\/www.whisker.lv\/sunu-skirnes\/alaskas-malamuts\/#breadcrumb"},"inLanguage":"ru-RU","potentialAction":[{"@type":"ReadAction","target":["https:\/\/www.whisker.lv\/sunu-skirnes\/alaskas-malamuts\/"]}]},{"@type":"BreadcrumbList","@id":"https:\/\/www.whisker.lv\/sunu-skirnes\/alaskas-malamuts\/#breadcrumb","itemListElement":[{"@type":"ListItem","position":1,"name":"S\u0101kums","item":"https:\/\/www.whisker.lv\/"},{"@type":"ListItem","position":2,"name":"Su\u0146u \u0161\u0137irnes","item":"https:\/\/www.whisker.lv\/sunu-skirnes\/"},{"@type":"ListItem","position":3,"name":"A\u013caskas malamuts"}]},{"@type":"WebSite","@id":"https:\/\/www.whisker.lv\/#website","url":"https:\/\/www.whisker.lv\/","name":"Whisker","description":"Tavs pal\u012bgs m\u0101jdzivnieku pieskat\u012b\u0161an\u0101","potentialAction":[{"@type":"SearchAction","target":{"@type":"EntryPoint","urlTemplate":"https:\/\/www.whisker.lv\/?s={search_term_string}"},"query-input":"required name=search_term_string"}],"inLanguage":"ru-RU"}]}},"_links":{"self":[{"href":"https:\/\/www.whisker.lv\/ru\/wp-json\/wp\/v2\/pages\/8680"}],"collection":[{"href":"https:\/\/www.whisker.lv\/ru\/wp-json\/wp\/v2\/pages"}],"about":[{"href":"https:\/\/www.whisker.lv\/ru\/wp-json\/wp\/v2\/types\/page"}],"author":[{"embeddable":true,"href":"https:\/\/www.whisker.lv\/ru\/wp-json\/wp\/v2\/users\/1"}],"replies":[{"embeddable":true,"href":"https:\/\/www.whisker.lv\/ru\/wp-json\/wp\/v2\/comments?post=8680"}],"version-history":[{"count":6,"href":"https:\/\/www.whisker.lv\/ru\/wp-json\/wp\/v2\/pages\/8680\/revisions"}],"predecessor-version":[{"id":11143,"href":"https:\/\/www.whisker.lv\/ru\/wp-json\/wp\/v2\/pages\/8680\/revisions\/11143"}],"up":[{"embeddable":true,"href":"https:\/\/www.whisker.lv\/ru\/wp-json\/wp\/v2\/pages\/8016"}],"wp:attachment":[{"href":"https:\/\/www.whisker.lv\/ru\/wp-json\/wp\/v2\/media?parent=8680"}],"curies":[{"name":"wp","href":"https:\/\/api.w.org\/{rel}","templated":true}]}}