



{"id":8761,"date":"2019-03-08T01:48:15","date_gmt":"2019-03-07T23:48:15","guid":{"rendered":"https:\/\/www.whisker.lv\/?page_id=8761"},"modified":"2019-04-02T04:07:21","modified_gmt":"2019-04-02T02:07:21","slug":"pet-sitting-at-clients-place","status":"publish","type":"page","link":"https:\/\/www.whisker.lv\/ru\/pet-sitting-at-clients-place\/","title":{"rendered":"Pet sitting at client\u2019s place"},"content":{"rendered":"<h2 style=\"text-align: center;\"><strong><span style=\"color: #000000;\">Pet sitting at client\u2019s place<\/span><\/strong><\/h2>\n<p>&nbsp;<\/p>\n<p><span style=\"color: #000000;\">Your pet can stay home with used conditions and our caretaker will come to you. First, caretaker and client arrange service times and then Whisker\u2019s caretaker will come to your place to spend time, feed, go for walks and show some love to your pet. It would be almost the same thing as you would be home. First introductory visit is for free. All pets are insured at the time of the service.<\/span><\/p>\n<p>&nbsp;<\/p>\n<p><strong><span style=\"color: #000000;\">Benefits of using Whisker service: <\/span><\/strong><\/p>\n<ul>\n<li><span style=\"color: #000000;\">Knowledgeable and animal loving caretakers;<\/span><\/li>\n<li><span style=\"color: #000000;\">Your pet will not have extra stress as if being away from home;<\/span><\/li>\n<li><span style=\"color: #000000;\">Individual care;<\/span><\/li>\n<li><span style=\"color: #000000;\">Service based on the routine;<\/span><\/li>\n<li><span style=\"color: #000000;\">Activities;<\/span><\/li>\n<li><span style=\"color: #000000;\">Walks;<\/span><\/li>\n<li><span style=\"color: #000000;\">Communication with a caretaker;<\/span><\/li>\n<li><span style=\"color: #000000;\">Photo updates on how your pet is doing;<\/span><\/li>\n<li><span style=\"color: #000000;\">Home safety;<\/span><\/li>\n<\/ul>\n<h3 style=\"text-align: center;\"><span style=\"color: #88b949;\"><strong>All Whisker caretakers<\/strong><\/span><\/h3>\n<p>&nbsp;<\/p>\n<p><img decoding=\"async\" class=\"aligncenter wp-image-8501\" src=\"https:\/\/www.whisker.lv\/wp-content\/uploads\/2019\/03\/IMG_0057.jpg\" alt=\"Su\u0146u un ka\u0137u pieskat\u012b\u0161ana\" width=\"1000\" height=\"667\" srcset=\"https:\/\/www.whisker.lv\/wp-content\/uploads\/2019\/03\/IMG_0057.jpg 3500w, https:\/\/www.whisker.lv\/wp-content\/uploads\/2019\/03\/IMG_0057-300x200.jpg 300w, https:\/\/www.whisker.lv\/wp-content\/uploads\/2019\/03\/IMG_0057-768x512.jpg 768w, https:\/\/www.whisker.lv\/wp-content\/uploads\/2019\/03\/IMG_0057-1024x683.jpg 1024w\" sizes=\"(max-width: 1000px) 100vw, 1000px\" \/><\/p>\n","protected":false},"excerpt":{"rendered":"<p>Pet sitting at client\u2019s place &nbsp; Your pet can stay home with used conditions and our caretaker will come to you. First, caretaker and client arrange service times and then Whisker\u2019s caretaker will come to your place to spend time, feed, go for walks and show some love to your pet. It would be almost [&hellip;]<\/p>\n","protected":false},"author":1,"featured_media":0,"parent":0,"menu_order":0,"comment_status":"closed","ping_status":"closed","template":"page-fullwidth.php","meta":{"_acf_changed":false,"_glsr_average":0,"_glsr_ranking":0,"_glsr_reviews":0,"footnotes":""},"translation":{"provider":"WPGlobus","version":"2.12.2","language":"ru","enabled_languages":["lv","en","ru"],"languages":{"lv":{"title":true,"content":true,"excerpt":false},"en":{"title":false,"content":false,"excerpt":false},"ru":{"title":false,"content":false,"excerpt":false}}},"acf":[],"yoast_head":"<!-- This site is optimized with the Yoast SEO plugin v22.5 - https:\/\/yoast.com\/wordpress\/plugins\/seo\/ -->\n<title>Pet sitting at client\u2019s place - Whisker.lv | Pet hotel. Cat hotel. Animal hotel.<\/title>\n<meta name=\"robots\" content=\"index, follow, max-snippet:-1, max-image-preview:large, max-video-preview:-1\" \/>\n<link rel=\"canonical\" href=\"https:\/\/www.whisker.lv\/pet-sitting-at-clients-place\/\" \/>\n<meta property=\"og:locale\" content=\"ru_RU\" \/>\n<meta property=\"og:type\" content=\"article\" \/>\n<meta property=\"og:title\" content=\"Pet sitting at client\u2019s place - Whisker\" \/>\n<meta property=\"og:url\" content=\"https:\/\/www.whisker.lv\/pet-sitting-at-clients-place\/\" \/>\n<meta property=\"og:site_name\" content=\"Whisker\" \/>\n<meta property=\"article:publisher\" content=\"https:\/\/www.facebook.com\/whisker.lv\/\" \/>\n<meta property=\"article:modified_time\" content=\"2019-04-02T02:07:21+00:00\" \/>\n<meta property=\"og:image\" content=\"https:\/\/www.whisker.lv\/wp-content\/uploads\/2019\/03\/IMG_0057.jpg\" \/>\n<meta name=\"twitter:card\" content=\"summary_large_image\" \/>\n<meta name=\"twitter:label1\" content=\"Est. reading time\" \/>\n\t<meta name=\"twitter:data1\" content=\"1 minute\" \/>\n<script type=\"application\/ld+json\" class=\"yoast-schema-graph\">{\"@context\":\"https:\/\/schema.org\",\"@graph\":[{\"@type\":\"WebPage\",\"@id\":\"https:\/\/www.whisker.lv\/pet-sitting-at-clients-place\/\",\"url\":\"https:\/\/www.whisker.lv\/pet-sitting-at-clients-place\/\",\"name\":\"Pet sitting at client\u2019s place - Whisker.lv | Pet hotel. Cat hotel. Animal hotel.\",\"isPartOf\":{\"@id\":\"https:\/\/www.whisker.lv\/#website\"},\"primaryImageOfPage\":{\"@id\":\"https:\/\/www.whisker.lv\/pet-sitting-at-clients-place\/#primaryimage\"},\"image\":{\"@id\":\"https:\/\/www.whisker.lv\/pet-sitting-at-clients-place\/#primaryimage\"},\"thumbnailUrl\":\"https:\/\/www.whisker.lv\/wp-content\/uploads\/2019\/03\/IMG_0057.jpg\",\"datePublished\":\"2019-03-07T23:48:15+00:00\",\"dateModified\":\"2019-04-02T02:07:21+00:00\",\"description\":\"Pet sitting - it would be almost the same thing as you would be home. First introductory visit is for free. All pets are insured at the time of the service.\",\"breadcrumb\":{\"@id\":\"https:\/\/www.whisker.lv\/pet-sitting-at-clients-place\/#breadcrumb\"},\"inLanguage\":\"ru-RU\",\"potentialAction\":[{\"@type\":\"ReadAction\",\"target\":[\"https:\/\/www.whisker.lv\/pet-sitting-at-clients-place\/\"]}]},{\"@type\":\"ImageObject\",\"inLanguage\":\"ru-RU\",\"@id\":\"https:\/\/www.whisker.lv\/pet-sitting-at-clients-place\/#primaryimage\",\"url\":\"https:\/\/www.whisker.lv\/wp-content\/uploads\/2019\/03\/IMG_0057.jpg\",\"contentUrl\":\"https:\/\/www.whisker.lv\/wp-content\/uploads\/2019\/03\/IMG_0057.jpg\"},{\"@type\":\"BreadcrumbList\",\"@id\":\"https:\/\/www.whisker.lv\/pet-sitting-at-clients-place\/#breadcrumb\",\"itemListElement\":[{\"@type\":\"ListItem\",\"position\":1,\"name\":\"S\u0101kums\",\"item\":\"https:\/\/www.whisker.lv\/\"},{\"@type\":\"ListItem\",\"position\":2,\"name\":\"Pet sitting at client\u2019s place\"}]},{\"@type\":\"WebSite\",\"@id\":\"https:\/\/www.whisker.lv\/#website\",\"url\":\"https:\/\/www.whisker.lv\/\",\"name\":\"Whisker\",\"description\":\"Tavs pal\u012bgs m\u0101jdzivnieku pieskat\u012b\u0161an\u0101\",\"potentialAction\":[{\"@type\":\"SearchAction\",\"target\":{\"@type\":\"EntryPoint\",\"urlTemplate\":\"https:\/\/www.whisker.lv\/?s={search_term_string}\"},\"query-input\":\"required name=search_term_string\"}],\"inLanguage\":\"ru-RU\"}]}<\/script>\n<!-- \/ Yoast SEO plugin. -->","yoast_head_json":{"title":"Pet sitting at client\u2019s place - Whisker.lv | Pet hotel. Cat hotel. Animal hotel.","robots":{"index":"index","follow":"follow","max-snippet":"max-snippet:-1","max-image-preview":"max-image-preview:large","max-video-preview":"max-video-preview:-1"},"canonical":"https:\/\/www.whisker.lv\/pet-sitting-at-clients-place\/","og_locale":"ru_RU","og_type":"article","og_title":"Pet sitting at client\u2019s place - Whisker","og_url":"https:\/\/www.whisker.lv\/pet-sitting-at-clients-place\/","og_site_name":"Whisker","article_publisher":"https:\/\/www.facebook.com\/whisker.lv\/","article_modified_time":"2019-04-02T02:07:21+00:00","og_image":[{"url":"https:\/\/www.whisker.lv\/wp-content\/uploads\/2019\/03\/IMG_0057.jpg"}],"twitter_card":"summary_large_image","twitter_misc":{"Est. reading time":"1 minute"},"schema":{"@context":"https:\/\/schema.org","@graph":[{"@type":"WebPage","@id":"https:\/\/www.whisker.lv\/pet-sitting-at-clients-place\/","url":"https:\/\/www.whisker.lv\/pet-sitting-at-clients-place\/","name":"Pet sitting at client\u2019s place - Whisker.lv | Pet hotel. Cat hotel. Animal hotel.","isPartOf":{"@id":"https:\/\/www.whisker.lv\/#website"},"primaryImageOfPage":{"@id":"https:\/\/www.whisker.lv\/pet-sitting-at-clients-place\/#primaryimage"},"image":{"@id":"https:\/\/www.whisker.lv\/pet-sitting-at-clients-place\/#primaryimage"},"thumbnailUrl":"https:\/\/www.whisker.lv\/wp-content\/uploads\/2019\/03\/IMG_0057.jpg","datePublished":"2019-03-07T23:48:15+00:00","dateModified":"2019-04-02T02:07:21+00:00","description":"Pet sitting - it would be almost the same thing as you would be home. First introductory visit is for free. All pets are insured at the time of the service.","breadcrumb":{"@id":"https:\/\/www.whisker.lv\/pet-sitting-at-clients-place\/#breadcrumb"},"inLanguage":"ru-RU","potentialAction":[{"@type":"ReadAction","target":["https:\/\/www.whisker.lv\/pet-sitting-at-clients-place\/"]}]},{"@type":"ImageObject","inLanguage":"ru-RU","@id":"https:\/\/www.whisker.lv\/pet-sitting-at-clients-place\/#primaryimage","url":"https:\/\/www.whisker.lv\/wp-content\/uploads\/2019\/03\/IMG_0057.jpg","contentUrl":"https:\/\/www.whisker.lv\/wp-content\/uploads\/2019\/03\/IMG_0057.jpg"},{"@type":"BreadcrumbList","@id":"https:\/\/www.whisker.lv\/pet-sitting-at-clients-place\/#breadcrumb","itemListElement":[{"@type":"ListItem","position":1,"name":"S\u0101kums","item":"https:\/\/www.whisker.lv\/"},{"@type":"ListItem","position":2,"name":"Pet sitting at client\u2019s place"}]},{"@type":"WebSite","@id":"https:\/\/www.whisker.lv\/#website","url":"https:\/\/www.whisker.lv\/","name":"Whisker","description":"Tavs pal\u012bgs m\u0101jdzivnieku pieskat\u012b\u0161an\u0101","potentialAction":[{"@type":"SearchAction","target":{"@type":"EntryPoint","urlTemplate":"https:\/\/www.whisker.lv\/?s={search_term_string}"},"query-input":"required name=search_term_string"}],"inLanguage":"ru-RU"}]}},"_links":{"self":[{"href":"https:\/\/www.whisker.lv\/ru\/wp-json\/wp\/v2\/pages\/8761"}],"collection":[{"href":"https:\/\/www.whisker.lv\/ru\/wp-json\/wp\/v2\/pages"}],"about":[{"href":"https:\/\/www.whisker.lv\/ru\/wp-json\/wp\/v2\/types\/page"}],"author":[{"embeddable":true,"href":"https:\/\/www.whisker.lv\/ru\/wp-json\/wp\/v2\/users\/1"}],"replies":[{"embeddable":true,"href":"https:\/\/www.whisker.lv\/ru\/wp-json\/wp\/v2\/comments?post=8761"}],"version-history":[{"count":3,"href":"https:\/\/www.whisker.lv\/ru\/wp-json\/wp\/v2\/pages\/8761\/revisions"}],"predecessor-version":[{"id":8764,"href":"https:\/\/www.whisker.lv\/ru\/wp-json\/wp\/v2\/pages\/8761\/revisions\/8764"}],"wp:attachment":[{"href":"https:\/\/www.whisker.lv\/ru\/wp-json\/wp\/v2\/media?parent=8761"}],"curies":[{"name":"wp","href":"https:\/\/api.w.org\/{rel}","templated":true}]}}