



{"id":8766,"date":"2019-03-08T02:34:33","date_gmt":"2019-03-08T00:34:33","guid":{"rendered":"https:\/\/www.whisker.lv\/?page_id=8766"},"modified":"2019-04-02T03:58:33","modified_gmt":"2019-04-02T01:58:33","slug":"home-visits","status":"publish","type":"page","link":"https:\/\/www.whisker.lv\/ru\/home-visits\/","title":{"rendered":"Home visits"},"content":{"rendered":"<h2 style=\"text-align: center;\"><strong><span style=\"color: #000000;\">Home visits<\/span><\/strong><\/h2>\n<p>&nbsp;<\/p>\n<p><span style=\"color: #000000;\">While you are away, a caretaker will visit your cat and make sure to provide food, fresh water and good company. We offer 30 minute visits to make sure you cat has all the necessities and love.<\/span><\/p>\n<p>&nbsp;<\/p>\n<p><strong><span style=\"color: #000000;\">\u00a0 \u00a0 \u00a0 \u00a0 \u00a0Benefits of using home visits:<\/span><\/strong><\/p>\n<ul>\n<li><span style=\"color: #000000;\">Knowledgeable and animal loving caretakers;<\/span><\/li>\n<li><span style=\"color: #000000;\">Will make sure that your cat has food and water;<\/span><\/li>\n<li><span style=\"color: #000000;\">Will pet your cat and give lots of attention;<\/span><\/li>\n<li><span style=\"color: #000000;\">Will clean the litter;<\/span><\/li>\n<li><span style=\"color: #000000;\">Administration of medication, if needed;<\/span><\/li>\n<li><span style=\"color: #000000;\">Home safety;<\/span><\/li>\n<\/ul>\n<h3 style=\"text-align: center;\"><a href=\"https:\/\/www.whisker.lv\/en\/paligi-r\/\"><span style=\"color: #88b949;\"><strong>All Whisker caretakers<\/strong><\/span><\/a><\/h3>\n<p>&nbsp;<\/p>\n<p><img decoding=\"async\" class=\"aligncenter wp-image-8512\" src=\"https:\/\/www.whisker.lv\/wp-content\/uploads\/2019\/03\/IMG_9998-3.jpg\" alt=\"Ka\u0137u pieskat\u012b\u0161ana\" width=\"1000\" height=\"667\" srcset=\"https:\/\/www.whisker.lv\/wp-content\/uploads\/2019\/03\/IMG_9998-3.jpg 3500w, https:\/\/www.whisker.lv\/wp-content\/uploads\/2019\/03\/IMG_9998-3-300x200.jpg 300w, https:\/\/www.whisker.lv\/wp-content\/uploads\/2019\/03\/IMG_9998-3-768x512.jpg 768w, https:\/\/www.whisker.lv\/wp-content\/uploads\/2019\/03\/IMG_9998-3-1024x683.jpg 1024w\" sizes=\"(max-width: 1000px) 100vw, 1000px\" \/><\/p>\n","protected":false},"excerpt":{"rendered":"<p>Home visits &nbsp; While you are away, a caretaker will visit your cat and make sure to provide food, fresh water and good company. We offer 30 minute visits to make sure you cat has all the necessities and love. &nbsp; \u00a0 \u00a0 \u00a0 \u00a0 \u00a0Benefits of using home visits: Knowledgeable and animal loving caretakers; [&hellip;]<\/p>\n","protected":false},"author":1,"featured_media":0,"parent":0,"menu_order":0,"comment_status":"closed","ping_status":"closed","template":"page-fullwidth.php","meta":{"_acf_changed":false,"_glsr_average":0,"_glsr_ranking":0,"_glsr_reviews":0,"footnotes":""},"translation":{"provider":"WPGlobus","version":"2.12.2","language":"ru","enabled_languages":["lv","en","ru"],"languages":{"lv":{"title":true,"content":true,"excerpt":false},"en":{"title":false,"content":false,"excerpt":false},"ru":{"title":false,"content":false,"excerpt":false}}},"acf":[],"yoast_head":"<!-- This site is optimized with the Yoast SEO plugin v22.5 - https:\/\/yoast.com\/wordpress\/plugins\/seo\/ -->\n<title>Home visits - Whisker.lv | Dog walking and pet sitting service<\/title>\n<meta name=\"robots\" content=\"index, follow, max-snippet:-1, max-image-preview:large, max-video-preview:-1\" \/>\n<link rel=\"canonical\" href=\"https:\/\/www.whisker.lv\/home-visits\/\" \/>\n<meta property=\"og:locale\" content=\"ru_RU\" \/>\n<meta property=\"og:type\" content=\"article\" \/>\n<meta property=\"og:title\" content=\"Home visits - Whisker\" \/>\n<meta property=\"og:url\" content=\"https:\/\/www.whisker.lv\/home-visits\/\" \/>\n<meta property=\"og:site_name\" content=\"Whisker\" \/>\n<meta property=\"article:publisher\" content=\"https:\/\/www.facebook.com\/whisker.lv\/\" \/>\n<meta property=\"article:modified_time\" content=\"2019-04-02T01:58:33+00:00\" \/>\n<meta property=\"og:image\" content=\"https:\/\/www.whisker.lv\/wp-content\/uploads\/2019\/03\/IMG_9998-3.jpg\" \/>\n<meta name=\"twitter:card\" content=\"summary_large_image\" \/>\n<script type=\"application\/ld+json\" class=\"yoast-schema-graph\">{\"@context\":\"https:\/\/schema.org\",\"@graph\":[{\"@type\":\"WebPage\",\"@id\":\"https:\/\/www.whisker.lv\/home-visits\/\",\"url\":\"https:\/\/www.whisker.lv\/home-visits\/\",\"name\":\"Home visits - Whisker.lv | Dog walking and pet sitting service\",\"isPartOf\":{\"@id\":\"https:\/\/www.whisker.lv\/#website\"},\"primaryImageOfPage\":{\"@id\":\"https:\/\/www.whisker.lv\/home-visits\/#primaryimage\"},\"image\":{\"@id\":\"https:\/\/www.whisker.lv\/home-visits\/#primaryimage\"},\"thumbnailUrl\":\"https:\/\/www.whisker.lv\/wp-content\/uploads\/2019\/03\/IMG_9998-3.jpg\",\"datePublished\":\"2019-03-08T00:34:33+00:00\",\"dateModified\":\"2019-04-02T01:58:33+00:00\",\"description\":\"Home visits - while you are away, a caretaker will visit your cat and make sure to provide food, fresh water and good company.\",\"breadcrumb\":{\"@id\":\"https:\/\/www.whisker.lv\/home-visits\/#breadcrumb\"},\"inLanguage\":\"ru-RU\",\"potentialAction\":[{\"@type\":\"ReadAction\",\"target\":[\"https:\/\/www.whisker.lv\/home-visits\/\"]}]},{\"@type\":\"ImageObject\",\"inLanguage\":\"ru-RU\",\"@id\":\"https:\/\/www.whisker.lv\/home-visits\/#primaryimage\",\"url\":\"https:\/\/www.whisker.lv\/wp-content\/uploads\/2019\/03\/IMG_9998-3.jpg\",\"contentUrl\":\"https:\/\/www.whisker.lv\/wp-content\/uploads\/2019\/03\/IMG_9998-3.jpg\"},{\"@type\":\"BreadcrumbList\",\"@id\":\"https:\/\/www.whisker.lv\/home-visits\/#breadcrumb\",\"itemListElement\":[{\"@type\":\"ListItem\",\"position\":1,\"name\":\"S\u0101kums\",\"item\":\"https:\/\/www.whisker.lv\/\"},{\"@type\":\"ListItem\",\"position\":2,\"name\":\"Home visits\"}]},{\"@type\":\"WebSite\",\"@id\":\"https:\/\/www.whisker.lv\/#website\",\"url\":\"https:\/\/www.whisker.lv\/\",\"name\":\"Whisker\",\"description\":\"Tavs pal\u012bgs m\u0101jdzivnieku pieskat\u012b\u0161an\u0101\",\"potentialAction\":[{\"@type\":\"SearchAction\",\"target\":{\"@type\":\"EntryPoint\",\"urlTemplate\":\"https:\/\/www.whisker.lv\/?s={search_term_string}\"},\"query-input\":\"required name=search_term_string\"}],\"inLanguage\":\"ru-RU\"}]}<\/script>\n<!-- \/ Yoast SEO plugin. -->","yoast_head_json":{"title":"Home visits - Whisker.lv | Dog walking and pet sitting service","robots":{"index":"index","follow":"follow","max-snippet":"max-snippet:-1","max-image-preview":"max-image-preview:large","max-video-preview":"max-video-preview:-1"},"canonical":"https:\/\/www.whisker.lv\/home-visits\/","og_locale":"ru_RU","og_type":"article","og_title":"Home visits - Whisker","og_url":"https:\/\/www.whisker.lv\/home-visits\/","og_site_name":"Whisker","article_publisher":"https:\/\/www.facebook.com\/whisker.lv\/","article_modified_time":"2019-04-02T01:58:33+00:00","og_image":[{"url":"https:\/\/www.whisker.lv\/wp-content\/uploads\/2019\/03\/IMG_9998-3.jpg"}],"twitter_card":"summary_large_image","schema":{"@context":"https:\/\/schema.org","@graph":[{"@type":"WebPage","@id":"https:\/\/www.whisker.lv\/home-visits\/","url":"https:\/\/www.whisker.lv\/home-visits\/","name":"Home visits - Whisker.lv | Dog walking and pet sitting service","isPartOf":{"@id":"https:\/\/www.whisker.lv\/#website"},"primaryImageOfPage":{"@id":"https:\/\/www.whisker.lv\/home-visits\/#primaryimage"},"image":{"@id":"https:\/\/www.whisker.lv\/home-visits\/#primaryimage"},"thumbnailUrl":"https:\/\/www.whisker.lv\/wp-content\/uploads\/2019\/03\/IMG_9998-3.jpg","datePublished":"2019-03-08T00:34:33+00:00","dateModified":"2019-04-02T01:58:33+00:00","description":"Home visits - while you are away, a caretaker will visit your cat and make sure to provide food, fresh water and good company.","breadcrumb":{"@id":"https:\/\/www.whisker.lv\/home-visits\/#breadcrumb"},"inLanguage":"ru-RU","potentialAction":[{"@type":"ReadAction","target":["https:\/\/www.whisker.lv\/home-visits\/"]}]},{"@type":"ImageObject","inLanguage":"ru-RU","@id":"https:\/\/www.whisker.lv\/home-visits\/#primaryimage","url":"https:\/\/www.whisker.lv\/wp-content\/uploads\/2019\/03\/IMG_9998-3.jpg","contentUrl":"https:\/\/www.whisker.lv\/wp-content\/uploads\/2019\/03\/IMG_9998-3.jpg"},{"@type":"BreadcrumbList","@id":"https:\/\/www.whisker.lv\/home-visits\/#breadcrumb","itemListElement":[{"@type":"ListItem","position":1,"name":"S\u0101kums","item":"https:\/\/www.whisker.lv\/"},{"@type":"ListItem","position":2,"name":"Home visits"}]},{"@type":"WebSite","@id":"https:\/\/www.whisker.lv\/#website","url":"https:\/\/www.whisker.lv\/","name":"Whisker","description":"Tavs pal\u012bgs m\u0101jdzivnieku pieskat\u012b\u0161an\u0101","potentialAction":[{"@type":"SearchAction","target":{"@type":"EntryPoint","urlTemplate":"https:\/\/www.whisker.lv\/?s={search_term_string}"},"query-input":"required name=search_term_string"}],"inLanguage":"ru-RU"}]}},"_links":{"self":[{"href":"https:\/\/www.whisker.lv\/ru\/wp-json\/wp\/v2\/pages\/8766"}],"collection":[{"href":"https:\/\/www.whisker.lv\/ru\/wp-json\/wp\/v2\/pages"}],"about":[{"href":"https:\/\/www.whisker.lv\/ru\/wp-json\/wp\/v2\/types\/page"}],"author":[{"embeddable":true,"href":"https:\/\/www.whisker.lv\/ru\/wp-json\/wp\/v2\/users\/1"}],"replies":[{"embeddable":true,"href":"https:\/\/www.whisker.lv\/ru\/wp-json\/wp\/v2\/comments?post=8766"}],"version-history":[{"count":3,"href":"https:\/\/www.whisker.lv\/ru\/wp-json\/wp\/v2\/pages\/8766\/revisions"}],"predecessor-version":[{"id":8769,"href":"https:\/\/www.whisker.lv\/ru\/wp-json\/wp\/v2\/pages\/8766\/revisions\/8769"}],"wp:attachment":[{"href":"https:\/\/www.whisker.lv\/ru\/wp-json\/wp\/v2\/media?parent=8766"}],"curies":[{"name":"wp","href":"https:\/\/api.w.org\/{rel}","templated":true}]}}