



{"id":8790,"date":"2019-03-08T04:52:54","date_gmt":"2019-03-08T02:52:54","guid":{"rendered":"https:\/\/www.whisker.lv\/?page_id=8790"},"modified":"2019-04-03T22:04:16","modified_gmt":"2019-04-03T20:04:16","slug":"bardainais-kollijs","status":"publish","type":"page","link":"https:\/\/www.whisker.lv\/ru\/sunu-skirnes\/bardainais-kollijs\/","title":{"rendered":"B\u0101rdainais kollijs"},"content":{"rendered":"[vc_row][vc_column][vc_text_separator title=&#8221;B\u0101rdainais kollijs&#8221; border_width=&#8221;8&#8243;][\/vc_column][\/vc_row][vc_row][vc_column width=&#8221;1\/2&#8243;][vc_single_image image=&#8221;8053&#8243; img_size=&#8221;large&#8221; alignment=&#8221;center&#8221; style=&#8221;vc_box_rounded&#8221;][\/vc_column][vc_column width=&#8221;1\/2&#8243;][vc_column_text]<span style=\"color: #000000;\"><strong>Dzimtene:<\/strong> Lielbrit\u0101nija<\/span><\/p>\n<p><span style=\"color: #000000;\"><strong>Funkcija:<\/strong> aitu suns<\/span><\/p>\n<p><span style=\"color: #000000;\"><strong>Izcel\u0161an\u0101s:<\/strong> ap 1500. g.<\/span><\/p>\n<p><span style=\"color: #000000;\"><strong>Skausta augstums:<\/strong> 51-56 cm<\/span><\/p>\n<p><span style=\"color: #000000;\"><strong>Masa:<\/strong> 18-27 kg<\/span><\/p>\n<p><span style=\"color: #000000;\"><strong>Raksturs:<\/strong> akt\u012bvs, draudz\u012bgs<\/span><\/p>\n<p><span style=\"color: #000000;\"><strong>Dz\u012bves ilgums:<\/strong> 12-14 gadi<\/span>[\/vc_column_text][\/vc_column][\/vc_row][vc_row][vc_column][vc_column_text]<span style=\"color: #000000;\">Lai ar\u012b p\u0113c eksterjera \u0161\u012bs \u0161\u0137irnes su\u0146i l\u012bdzin\u0101s ang\u013cu aitu sunim, tom\u0113r b\u0101rdainie kolliji ir daudz slaid\u0101ki un ar viegl\u0101ku miesasb\u016bvi. Vid\u0113ji garais apmatojums ir nedaudz sav\u0113lies. Sunim ir atl\u0113tisks un sp\u0113c\u012bgi veidots \u0137ermenis.<\/span><\/p>\n<p><span style=\"color: #000000;\"><strong>V\u0113sture.<\/strong> Dom\u0101jams, ka b\u0101rdainais kollijs c\u0113lies no Polijas zemienes aitu su\u0146iem, kurus uz Skotiju atvedu\u0161i j\u016brnieki. Kaut ar\u012b su\u0146i lieliski tiek gal\u0101 ar gana pien\u0101kumu pild\u012b\u0161anu, m\u016bsdien\u0101s b\u0101rdainie kolliji arvien vair\u0101k tiek tur\u0113ti m\u0101j\u0101s k\u0101 kompanjoni un \u0123imenes m\u012blu\u013ci.<\/span><\/p>\n<p><span style=\"color: #000000;\"><strong>Piez\u012bme.<\/strong> B\u0101rdainais kollijs labpr\u0101t gu\u013c \u0101r\u0101.<\/span><\/p>\n[\/vc_column_text][\/vc_column][\/vc_row]\n","protected":false},"excerpt":{"rendered":"<p>[vc_row][vc_column][vc_text_separator title=&#8221;B\u0101rdainais kollijs&#8221; border_width=&#8221;8&#8243;][\/vc_column][\/vc_row][vc_row][vc_column width=&#8221;1\/2&#8243;][vc_single_image image=&#8221;8053&#8243; img_size=&#8221;large&#8221; alignment=&#8221;center&#8221; style=&#8221;vc_box_rounded&#8221;][\/vc_column][vc_column width=&#8221;1\/2&#8243;][vc_column_text]Dzimtene: Lielbrit\u0101nija Funkcija: aitu suns Izcel\u0161an\u0101s: ap 1500. g. Skausta augstums: 51-56 cm Masa: 18-27 kg Raksturs: akt\u012bvs, draudz\u012bgs Dz\u012bves ilgums: 12-14 gadi[\/vc_column_text][\/vc_column][\/vc_row][vc_row][vc_column][vc_column_text]Lai ar\u012b p\u0113c eksterjera \u0161\u012bs \u0161\u0137irnes su\u0146i l\u012bdzin\u0101s ang\u013cu aitu sunim, tom\u0113r b\u0101rdainie kolliji ir daudz slaid\u0101ki un ar viegl\u0101ku miesasb\u016bvi. Vid\u0113ji garais apmatojums [&hellip;]<\/p>\n","protected":false},"author":1,"featured_media":0,"parent":8016,"menu_order":0,"comment_status":"closed","ping_status":"closed","template":"page-fullwidth.php","meta":{"_acf_changed":false,"_glsr_average":0,"_glsr_ranking":0,"_glsr_reviews":0,"footnotes":""},"translation":{"provider":"WPGlobus","version":"2.12.2","language":"ru","enabled_languages":["lv","en","ru"],"languages":{"lv":{"title":true,"content":true,"excerpt":false},"en":{"title":false,"content":false,"excerpt":false},"ru":{"title":false,"content":false,"excerpt":false}}},"acf":[],"yoast_head":"<!-- This site is optimized with the Yoast SEO plugin v22.5 - https:\/\/yoast.com\/wordpress\/plugins\/seo\/ -->\n<title>B\u0101rdainais kollijs - Whisker.lv | Su\u0146u \u0161\u0137irnes - b\u0101rdainais kollijs<\/title>\n<meta name=\"robots\" content=\"index, follow, max-snippet:-1, max-image-preview:large, max-video-preview:-1\" \/>\n<link rel=\"canonical\" href=\"https:\/\/www.whisker.lv\/sunu-skirnes\/bardainais-kollijs\/\" \/>\n<meta property=\"og:locale\" content=\"ru_RU\" \/>\n<meta property=\"og:type\" content=\"article\" \/>\n<meta property=\"og:title\" content=\"B\u0101rdainais kollijs - Whisker\" \/>\n<meta property=\"og:url\" content=\"https:\/\/www.whisker.lv\/sunu-skirnes\/bardainais-kollijs\/\" \/>\n<meta property=\"og:site_name\" content=\"Whisker\" \/>\n<meta property=\"article:publisher\" content=\"https:\/\/www.facebook.com\/whisker.lv\/\" \/>\n<meta property=\"article:modified_time\" content=\"2019-04-03T20:04:16+00:00\" \/>\n<meta name=\"twitter:card\" content=\"summary_large_image\" \/>\n<meta name=\"twitter:label1\" content=\"Est. reading time\" \/>\n\t<meta name=\"twitter:data1\" content=\"1 minute\" \/>\n<script type=\"application\/ld+json\" class=\"yoast-schema-graph\">{\"@context\":\"https:\/\/schema.org\",\"@graph\":[{\"@type\":\"WebPage\",\"@id\":\"https:\/\/www.whisker.lv\/sunu-skirnes\/bardainais-kollijs\/\",\"url\":\"https:\/\/www.whisker.lv\/sunu-skirnes\/bardainais-kollijs\/\",\"name\":\"B\u0101rdainais kollijs - Whisker.lv | Su\u0146u \u0161\u0137irnes - b\u0101rdainais kollijs\",\"isPartOf\":{\"@id\":\"https:\/\/www.whisker.lv\/#website\"},\"datePublished\":\"2019-03-08T02:52:54+00:00\",\"dateModified\":\"2019-04-03T20:04:16+00:00\",\"description\":\"Lai ar\u012b p\u0113c eksterjera b\u0101rdainais kollijs l\u012bdzin\u0101s ang\u013cu aitu sunim, tom\u0113r \u0161ie su\u0146i ir daudz slaid\u0101ki un ar viegl\u0101ku miesasb\u016bvi.\",\"breadcrumb\":{\"@id\":\"https:\/\/www.whisker.lv\/sunu-skirnes\/bardainais-kollijs\/#breadcrumb\"},\"inLanguage\":\"ru-RU\",\"potentialAction\":[{\"@type\":\"ReadAction\",\"target\":[\"https:\/\/www.whisker.lv\/sunu-skirnes\/bardainais-kollijs\/\"]}]},{\"@type\":\"BreadcrumbList\",\"@id\":\"https:\/\/www.whisker.lv\/sunu-skirnes\/bardainais-kollijs\/#breadcrumb\",\"itemListElement\":[{\"@type\":\"ListItem\",\"position\":1,\"name\":\"S\u0101kums\",\"item\":\"https:\/\/www.whisker.lv\/\"},{\"@type\":\"ListItem\",\"position\":2,\"name\":\"Su\u0146u \u0161\u0137irnes\",\"item\":\"https:\/\/www.whisker.lv\/sunu-skirnes\/\"},{\"@type\":\"ListItem\",\"position\":3,\"name\":\"B\u0101rdainais kollijs\"}]},{\"@type\":\"WebSite\",\"@id\":\"https:\/\/www.whisker.lv\/#website\",\"url\":\"https:\/\/www.whisker.lv\/\",\"name\":\"Whisker\",\"description\":\"Tavs pal\u012bgs m\u0101jdzivnieku pieskat\u012b\u0161an\u0101\",\"potentialAction\":[{\"@type\":\"SearchAction\",\"target\":{\"@type\":\"EntryPoint\",\"urlTemplate\":\"https:\/\/www.whisker.lv\/?s={search_term_string}\"},\"query-input\":\"required name=search_term_string\"}],\"inLanguage\":\"ru-RU\"}]}<\/script>\n<!-- \/ Yoast SEO plugin. -->","yoast_head_json":{"title":"B\u0101rdainais kollijs - Whisker.lv | Su\u0146u \u0161\u0137irnes - b\u0101rdainais kollijs","robots":{"index":"index","follow":"follow","max-snippet":"max-snippet:-1","max-image-preview":"max-image-preview:large","max-video-preview":"max-video-preview:-1"},"canonical":"https:\/\/www.whisker.lv\/sunu-skirnes\/bardainais-kollijs\/","og_locale":"ru_RU","og_type":"article","og_title":"B\u0101rdainais kollijs - Whisker","og_url":"https:\/\/www.whisker.lv\/sunu-skirnes\/bardainais-kollijs\/","og_site_name":"Whisker","article_publisher":"https:\/\/www.facebook.com\/whisker.lv\/","article_modified_time":"2019-04-03T20:04:16+00:00","twitter_card":"summary_large_image","twitter_misc":{"Est. reading time":"1 minute"},"schema":{"@context":"https:\/\/schema.org","@graph":[{"@type":"WebPage","@id":"https:\/\/www.whisker.lv\/sunu-skirnes\/bardainais-kollijs\/","url":"https:\/\/www.whisker.lv\/sunu-skirnes\/bardainais-kollijs\/","name":"B\u0101rdainais kollijs - Whisker.lv | Su\u0146u \u0161\u0137irnes - b\u0101rdainais kollijs","isPartOf":{"@id":"https:\/\/www.whisker.lv\/#website"},"datePublished":"2019-03-08T02:52:54+00:00","dateModified":"2019-04-03T20:04:16+00:00","description":"Lai ar\u012b p\u0113c eksterjera b\u0101rdainais kollijs l\u012bdzin\u0101s ang\u013cu aitu sunim, tom\u0113r \u0161ie su\u0146i ir daudz slaid\u0101ki un ar viegl\u0101ku miesasb\u016bvi.","breadcrumb":{"@id":"https:\/\/www.whisker.lv\/sunu-skirnes\/bardainais-kollijs\/#breadcrumb"},"inLanguage":"ru-RU","potentialAction":[{"@type":"ReadAction","target":["https:\/\/www.whisker.lv\/sunu-skirnes\/bardainais-kollijs\/"]}]},{"@type":"BreadcrumbList","@id":"https:\/\/www.whisker.lv\/sunu-skirnes\/bardainais-kollijs\/#breadcrumb","itemListElement":[{"@type":"ListItem","position":1,"name":"S\u0101kums","item":"https:\/\/www.whisker.lv\/"},{"@type":"ListItem","position":2,"name":"Su\u0146u \u0161\u0137irnes","item":"https:\/\/www.whisker.lv\/sunu-skirnes\/"},{"@type":"ListItem","position":3,"name":"B\u0101rdainais kollijs"}]},{"@type":"WebSite","@id":"https:\/\/www.whisker.lv\/#website","url":"https:\/\/www.whisker.lv\/","name":"Whisker","description":"Tavs pal\u012bgs m\u0101jdzivnieku pieskat\u012b\u0161an\u0101","potentialAction":[{"@type":"SearchAction","target":{"@type":"EntryPoint","urlTemplate":"https:\/\/www.whisker.lv\/?s={search_term_string}"},"query-input":"required name=search_term_string"}],"inLanguage":"ru-RU"}]}},"_links":{"self":[{"href":"https:\/\/www.whisker.lv\/ru\/wp-json\/wp\/v2\/pages\/8790"}],"collection":[{"href":"https:\/\/www.whisker.lv\/ru\/wp-json\/wp\/v2\/pages"}],"about":[{"href":"https:\/\/www.whisker.lv\/ru\/wp-json\/wp\/v2\/types\/page"}],"author":[{"embeddable":true,"href":"https:\/\/www.whisker.lv\/ru\/wp-json\/wp\/v2\/users\/1"}],"replies":[{"embeddable":true,"href":"https:\/\/www.whisker.lv\/ru\/wp-json\/wp\/v2\/comments?post=8790"}],"version-history":[{"count":4,"href":"https:\/\/www.whisker.lv\/ru\/wp-json\/wp\/v2\/pages\/8790\/revisions"}],"predecessor-version":[{"id":11115,"href":"https:\/\/www.whisker.lv\/ru\/wp-json\/wp\/v2\/pages\/8790\/revisions\/11115"}],"up":[{"embeddable":true,"href":"https:\/\/www.whisker.lv\/ru\/wp-json\/wp\/v2\/pages\/8016"}],"wp:attachment":[{"href":"https:\/\/www.whisker.lv\/ru\/wp-json\/wp\/v2\/media?parent=8790"}],"curies":[{"name":"wp","href":"https:\/\/api.w.org\/{rel}","templated":true}]}}