



{"id":8805,"date":"2019-03-08T05:15:17","date_gmt":"2019-03-08T03:15:17","guid":{"rendered":"https:\/\/www.whisker.lv\/?page_id=8805"},"modified":"2019-04-03T22:10:27","modified_gmt":"2019-04-03T20:10:27","slug":"bernes-ganu-suns","status":"publish","type":"page","link":"https:\/\/www.whisker.lv\/ru\/sunu-skirnes\/bernes-ganu-suns\/","title":{"rendered":"Bernes ganu suns"},"content":{"rendered":"[vc_row][vc_column][vc_text_separator title=&#8221;Bernes ganu suns&#8221; border_width=&#8221;8&#8243;][\/vc_column][\/vc_row][vc_row][vc_column width=&#8221;1\/2&#8243;][vc_single_image image=&#8221;8807&#8243; img_size=&#8221;full&#8221; alignment=&#8221;center&#8221; style=&#8221;vc_box_rounded&#8221;][\/vc_column][vc_column width=&#8221;1\/2&#8243;][vc_column_text]<span style=\"color: #000000;\"><strong>Dzimtene:<\/strong> \u0160veice<\/span><\/p>\n<p><span style=\"color: #000000;\"><strong>Funkcija<\/strong>: ratu vilc\u0113js<\/span><\/p>\n<p><span style=\"color: #000000;\"><strong>Izcel\u0161an\u0101s<\/strong>: 100. p.m.\u0113.<\/span><\/p>\n<p><span style=\"color: #000000;\"><strong>Skausta augstums:<\/strong> 58-70 cm<\/span><\/p>\n<p><span style=\"color: #000000;\"><strong>Masa:<\/strong> 40-44 kg<\/span><\/p>\n<p><span style=\"color: #000000;\"><strong>Raksturs<\/strong>: sirsn\u012bgs, draudz\u012bgs<\/span><\/p>\n<p><span style=\"color: #000000;\"><strong>Dz\u012bves ilgums:<\/strong> 7-10 gadi<\/span>[\/vc_column_text][\/vc_column][\/vc_row][vc_row][vc_column][vc_column_text]<span style=\"color: #000000;\">Popul\u0101r\u0101k\u0101 \u0160veices ganu su\u0146u \u0161\u0137irne. No p\u0101r\u0113jiem ciltsbr\u0101\u013ciem to var at\u0161\u0137irt p\u0113c ka\u017eoka, kuru veido gar\u0161, viegli vi\u013c\u0146ots apmatojums bez jebk\u0101d\u0101m sporgainuma paz\u012bm\u0113m. Ka\u017eoku kr\u0101sa un plankumu izk\u0101rtojums ir t\u0101ds pats k\u0101 p\u0101r\u0113jiem \u0160veices ganu su\u0146iem. Balt\u0101 sv\u012btra uz pieres, purna un kr\u016bt\u012bm ir galven\u0101s Bernes ganu su\u0146a paz\u012bmes. Balti laukumi ir ar\u012b uz \u0137ep\u0101m un astes gali\u0146a. Ja lielo un labsird\u012bgo suni p\u0101rdom\u0101ti audzina, vi\u0146\u0161 k\u013c\u016bst par lielisku sabiedroto.<\/span><\/p>\n<p><span style=\"color: #000000;\"><strong>V\u0113sture.<\/strong> Dom\u0101jams, ka \u0161\u0137irnes pirmie eksempl\u0101ri tika ieg\u016bti, krustojot senos \u0160veices ganu su\u0146us ar sargsu\u0146u priek\u0161te\u010diem, kuri \u0160veic\u0113 nok\u013cuva romie\u0161u le\u0123iona iebrukuma laik\u0101. Bernes ganu su\u0146i bija neaizt\u0101jami pal\u012bgi lauku dabos, sevi\u0161\u0137i Bernes kantona zemniekiem. Savuk\u0101rt tirgus dien\u0101s \u0161ie su\u0146i vilka aud\u0113ju ratus ar gatavo produkciju.<\/span><\/p>\n<p><span style=\"color: #000000;\"><strong>Piez\u012bme.<\/strong> \u0160ie darba su\u0146i ir labi paz\u012bstami kontinent\u0101laj\u0101 Eirop\u0101, ta\u010du citviet pasaul\u0113 par vi\u0146iem zin\u0101ms visai maz.<\/span><\/p>\n<p><span style=\"color: #000000;\"><strong>Otrs nosaukums<\/strong>. Bernes kalnu suns.<\/span>[\/vc_column_text][\/vc_column][\/vc_row]\n","protected":false},"excerpt":{"rendered":"<p>[vc_row][vc_column][vc_text_separator title=&#8221;Bernes ganu suns&#8221; border_width=&#8221;8&#8243;][\/vc_column][\/vc_row][vc_row][vc_column width=&#8221;1\/2&#8243;][vc_single_image image=&#8221;8807&#8243; img_size=&#8221;full&#8221; alignment=&#8221;center&#8221; style=&#8221;vc_box_rounded&#8221;][\/vc_column][vc_column width=&#8221;1\/2&#8243;][vc_column_text]Dzimtene: \u0160veice Funkcija: ratu vilc\u0113js Izcel\u0161an\u0101s: 100. p.m.\u0113. Skausta augstums: 58-70 cm Masa: 40-44 kg Raksturs: sirsn\u012bgs, draudz\u012bgs Dz\u012bves ilgums: 7-10 gadi[\/vc_column_text][\/vc_column][\/vc_row][vc_row][vc_column][vc_column_text]Popul\u0101r\u0101k\u0101 \u0160veices ganu su\u0146u \u0161\u0137irne. No p\u0101r\u0113jiem ciltsbr\u0101\u013ciem to var at\u0161\u0137irt p\u0113c ka\u017eoka, kuru veido gar\u0161, viegli vi\u013c\u0146ots apmatojums bez jebk\u0101d\u0101m sporgainuma paz\u012bm\u0113m. Ka\u017eoku [&hellip;]<\/p>\n","protected":false},"author":1,"featured_media":0,"parent":8016,"menu_order":0,"comment_status":"closed","ping_status":"closed","template":"page-fullwidth.php","meta":{"_acf_changed":false,"_glsr_average":0,"_glsr_ranking":0,"_glsr_reviews":0,"footnotes":""},"translation":{"provider":"WPGlobus","version":"2.12.2","language":"ru","enabled_languages":["lv","en","ru"],"languages":{"lv":{"title":true,"content":true,"excerpt":false},"en":{"title":false,"content":false,"excerpt":false},"ru":{"title":false,"content":false,"excerpt":false}}},"acf":[],"yoast_head":"<!-- This site is optimized with the Yoast SEO plugin v22.5 - https:\/\/yoast.com\/wordpress\/plugins\/seo\/ -->\n<title>Bernes ganu suns - Whisker.lv | Su\u0146u \u0161\u0137irnes - Bernes ganu suns<\/title>\n<meta name=\"robots\" content=\"index, follow, max-snippet:-1, max-image-preview:large, max-video-preview:-1\" \/>\n<link rel=\"canonical\" href=\"https:\/\/www.whisker.lv\/sunu-skirnes\/bernes-ganu-suns\/\" \/>\n<meta property=\"og:locale\" content=\"ru_RU\" \/>\n<meta property=\"og:type\" content=\"article\" \/>\n<meta property=\"og:title\" content=\"Bernes ganu suns - Whisker\" \/>\n<meta property=\"og:url\" content=\"https:\/\/www.whisker.lv\/sunu-skirnes\/bernes-ganu-suns\/\" \/>\n<meta property=\"og:site_name\" content=\"Whisker\" \/>\n<meta property=\"article:publisher\" content=\"https:\/\/www.facebook.com\/whisker.lv\/\" \/>\n<meta property=\"article:modified_time\" content=\"2019-04-03T20:10:27+00:00\" \/>\n<meta name=\"twitter:card\" content=\"summary_large_image\" \/>\n<meta name=\"twitter:label1\" content=\"Est. reading time\" \/>\n\t<meta name=\"twitter:data1\" content=\"1 minute\" \/>\n<script type=\"application\/ld+json\" class=\"yoast-schema-graph\">{\"@context\":\"https:\/\/schema.org\",\"@graph\":[{\"@type\":\"WebPage\",\"@id\":\"https:\/\/www.whisker.lv\/sunu-skirnes\/bernes-ganu-suns\/\",\"url\":\"https:\/\/www.whisker.lv\/sunu-skirnes\/bernes-ganu-suns\/\",\"name\":\"Bernes ganu suns - Whisker.lv | Su\u0146u \u0161\u0137irnes - Bernes ganu suns\",\"isPartOf\":{\"@id\":\"https:\/\/www.whisker.lv\/#website\"},\"datePublished\":\"2019-03-08T03:15:17+00:00\",\"dateModified\":\"2019-04-03T20:10:27+00:00\",\"description\":\"Bernes ganu suns - balt\u0101 sv\u012btra uz pieres, purna un kr\u016bt\u012bm ir galven\u0101s Bernes ganu su\u0146a paz\u012bmes. Balti laukumi ir ar\u012b uz \u0137ep\u0101m un astes gali\u0146a.\",\"breadcrumb\":{\"@id\":\"https:\/\/www.whisker.lv\/sunu-skirnes\/bernes-ganu-suns\/#breadcrumb\"},\"inLanguage\":\"ru-RU\",\"potentialAction\":[{\"@type\":\"ReadAction\",\"target\":[\"https:\/\/www.whisker.lv\/sunu-skirnes\/bernes-ganu-suns\/\"]}]},{\"@type\":\"BreadcrumbList\",\"@id\":\"https:\/\/www.whisker.lv\/sunu-skirnes\/bernes-ganu-suns\/#breadcrumb\",\"itemListElement\":[{\"@type\":\"ListItem\",\"position\":1,\"name\":\"S\u0101kums\",\"item\":\"https:\/\/www.whisker.lv\/\"},{\"@type\":\"ListItem\",\"position\":2,\"name\":\"Su\u0146u \u0161\u0137irnes\",\"item\":\"https:\/\/www.whisker.lv\/sunu-skirnes\/\"},{\"@type\":\"ListItem\",\"position\":3,\"name\":\"Bernes ganu suns\"}]},{\"@type\":\"WebSite\",\"@id\":\"https:\/\/www.whisker.lv\/#website\",\"url\":\"https:\/\/www.whisker.lv\/\",\"name\":\"Whisker\",\"description\":\"Tavs pal\u012bgs m\u0101jdzivnieku pieskat\u012b\u0161an\u0101\",\"potentialAction\":[{\"@type\":\"SearchAction\",\"target\":{\"@type\":\"EntryPoint\",\"urlTemplate\":\"https:\/\/www.whisker.lv\/?s={search_term_string}\"},\"query-input\":\"required name=search_term_string\"}],\"inLanguage\":\"ru-RU\"}]}<\/script>\n<!-- \/ Yoast SEO plugin. -->","yoast_head_json":{"title":"Bernes ganu suns - Whisker.lv | Su\u0146u \u0161\u0137irnes - Bernes ganu suns","robots":{"index":"index","follow":"follow","max-snippet":"max-snippet:-1","max-image-preview":"max-image-preview:large","max-video-preview":"max-video-preview:-1"},"canonical":"https:\/\/www.whisker.lv\/sunu-skirnes\/bernes-ganu-suns\/","og_locale":"ru_RU","og_type":"article","og_title":"Bernes ganu suns - Whisker","og_url":"https:\/\/www.whisker.lv\/sunu-skirnes\/bernes-ganu-suns\/","og_site_name":"Whisker","article_publisher":"https:\/\/www.facebook.com\/whisker.lv\/","article_modified_time":"2019-04-03T20:10:27+00:00","twitter_card":"summary_large_image","twitter_misc":{"Est. reading time":"1 minute"},"schema":{"@context":"https:\/\/schema.org","@graph":[{"@type":"WebPage","@id":"https:\/\/www.whisker.lv\/sunu-skirnes\/bernes-ganu-suns\/","url":"https:\/\/www.whisker.lv\/sunu-skirnes\/bernes-ganu-suns\/","name":"Bernes ganu suns - Whisker.lv | Su\u0146u \u0161\u0137irnes - Bernes ganu suns","isPartOf":{"@id":"https:\/\/www.whisker.lv\/#website"},"datePublished":"2019-03-08T03:15:17+00:00","dateModified":"2019-04-03T20:10:27+00:00","description":"Bernes ganu suns - balt\u0101 sv\u012btra uz pieres, purna un kr\u016bt\u012bm ir galven\u0101s Bernes ganu su\u0146a paz\u012bmes. Balti laukumi ir ar\u012b uz \u0137ep\u0101m un astes gali\u0146a.","breadcrumb":{"@id":"https:\/\/www.whisker.lv\/sunu-skirnes\/bernes-ganu-suns\/#breadcrumb"},"inLanguage":"ru-RU","potentialAction":[{"@type":"ReadAction","target":["https:\/\/www.whisker.lv\/sunu-skirnes\/bernes-ganu-suns\/"]}]},{"@type":"BreadcrumbList","@id":"https:\/\/www.whisker.lv\/sunu-skirnes\/bernes-ganu-suns\/#breadcrumb","itemListElement":[{"@type":"ListItem","position":1,"name":"S\u0101kums","item":"https:\/\/www.whisker.lv\/"},{"@type":"ListItem","position":2,"name":"Su\u0146u \u0161\u0137irnes","item":"https:\/\/www.whisker.lv\/sunu-skirnes\/"},{"@type":"ListItem","position":3,"name":"Bernes ganu suns"}]},{"@type":"WebSite","@id":"https:\/\/www.whisker.lv\/#website","url":"https:\/\/www.whisker.lv\/","name":"Whisker","description":"Tavs pal\u012bgs m\u0101jdzivnieku pieskat\u012b\u0161an\u0101","potentialAction":[{"@type":"SearchAction","target":{"@type":"EntryPoint","urlTemplate":"https:\/\/www.whisker.lv\/?s={search_term_string}"},"query-input":"required name=search_term_string"}],"inLanguage":"ru-RU"}]}},"_links":{"self":[{"href":"https:\/\/www.whisker.lv\/ru\/wp-json\/wp\/v2\/pages\/8805"}],"collection":[{"href":"https:\/\/www.whisker.lv\/ru\/wp-json\/wp\/v2\/pages"}],"about":[{"href":"https:\/\/www.whisker.lv\/ru\/wp-json\/wp\/v2\/types\/page"}],"author":[{"embeddable":true,"href":"https:\/\/www.whisker.lv\/ru\/wp-json\/wp\/v2\/users\/1"}],"replies":[{"embeddable":true,"href":"https:\/\/www.whisker.lv\/ru\/wp-json\/wp\/v2\/comments?post=8805"}],"version-history":[{"count":5,"href":"https:\/\/www.whisker.lv\/ru\/wp-json\/wp\/v2\/pages\/8805\/revisions"}],"predecessor-version":[{"id":11155,"href":"https:\/\/www.whisker.lv\/ru\/wp-json\/wp\/v2\/pages\/8805\/revisions\/11155"}],"up":[{"embeddable":true,"href":"https:\/\/www.whisker.lv\/ru\/wp-json\/wp\/v2\/pages\/8016"}],"wp:attachment":[{"href":"https:\/\/www.whisker.lv\/ru\/wp-json\/wp\/v2\/media?parent=8805"}],"curies":[{"name":"wp","href":"https:\/\/api.w.org\/{rel}","templated":true}]}}