



{"id":8830,"date":"2019-03-08T05:59:27","date_gmt":"2019-03-08T03:59:27","guid":{"rendered":"https:\/\/www.whisker.lv\/?page_id=8830"},"modified":"2019-04-03T22:13:13","modified_gmt":"2019-04-03T20:13:13","slug":"borderkollijs","status":"publish","type":"page","link":"https:\/\/www.whisker.lv\/ru\/sunu-skirnes\/borderkollijs\/","title":{"rendered":"Borderkollijs"},"content":{"rendered":"[vc_row][vc_column][vc_text_separator title=&#8221;Borderkollijs&#8221; border_width=&#8221;8&#8243;][\/vc_column][\/vc_row][vc_row][vc_column width=&#8221;1\/2&#8243;][vc_single_image image=&#8221;8832&#8243; img_size=&#8221;full&#8221; alignment=&#8221;center&#8221; style=&#8221;vc_box_rounded&#8221;][\/vc_column][vc_column width=&#8221;1\/2&#8243;][vc_column_text]<span style=\"color: #000000;\"><strong>Dzimtene:<\/strong> Lielbrit\u0101nija<\/span><\/p>\n<p><span style=\"color: #000000;\"><strong>Funkcija<\/strong>: aitu suns<\/span><\/p>\n<p><span style=\"color: #000000;\"><strong>Izcel\u0161an\u0101s:<\/strong> ap 1700. g.<\/span><\/p>\n<p><span style=\"color: #000000;\"><strong>Skausta augstums:<\/strong> 46-54 cm<\/span><\/p>\n<p><span style=\"color: #000000;\"><strong>Masa:<\/strong> 14-20 kg<\/span><\/p>\n<p><span style=\"color: #000000;\"><strong>Raksturs<\/strong>: akt\u012bvs, inteli\u0123ents<\/span><\/p>\n<p><span style=\"color: #000000;\"><strong>Dz\u012bves ilgums:<\/strong> 12-15 gadi<\/span>[\/vc_column_text][\/vc_column][\/vc_row][vc_row][vc_column][vc_column_text]<span style=\"color: #000000;\">\u0160o \u0161\u0137irni ir viegli paz\u012bt p\u0113c ka\u017eoka melnbalt\u0101 kr\u0101sojuma, ta\u010du j\u0101\u0146em v\u0113r\u0101, ka tas var b\u016bt ar\u012b citos to\u0146os.<\/span><\/p>\n<p><span style=\"color: #000000;\"><strong>V\u0113sture.<\/strong> Tikai 1976. gad\u0101 Britu Kennelklubs apstiprin\u0101ja \u0161\u0137irnes standartu, kaut gan borderkollijus jau ilgu laiku pirms tam audz\u0113ja Skotijas un Anglijas pierobe\u017eas re\u0123ion\u0101, kur vi\u0146i zemniekiem bija neaizst\u0101jami pal\u012bgi gan\u0101mpulku uzraudz\u012b\u0161an\u0101. <\/span><\/p>\n<p><span style=\"color: #000000;\"><strong>Piez\u012bme.<\/strong> Borderkollijam ir \u013coti viegla gaita. Ejot vi\u0146\u0161 tikai nedaudz atrauj p\u0113das no zemes.<\/span>[\/vc_column_text][\/vc_column][\/vc_row]\n","protected":false},"excerpt":{"rendered":"<p>[vc_row][vc_column][vc_text_separator title=&#8221;Borderkollijs&#8221; border_width=&#8221;8&#8243;][\/vc_column][\/vc_row][vc_row][vc_column width=&#8221;1\/2&#8243;][vc_single_image image=&#8221;8832&#8243; img_size=&#8221;full&#8221; alignment=&#8221;center&#8221; style=&#8221;vc_box_rounded&#8221;][\/vc_column][vc_column width=&#8221;1\/2&#8243;][vc_column_text]Dzimtene: Lielbrit\u0101nija Funkcija: aitu suns Izcel\u0161an\u0101s: ap 1700. g. Skausta augstums: 46-54 cm Masa: 14-20 kg Raksturs: akt\u012bvs, inteli\u0123ents Dz\u012bves ilgums: 12-15 gadi[\/vc_column_text][\/vc_column][\/vc_row][vc_row][vc_column][vc_column_text]\u0160o \u0161\u0137irni ir viegli paz\u012bt p\u0113c ka\u017eoka melnbalt\u0101 kr\u0101sojuma, ta\u010du j\u0101\u0146em v\u0113r\u0101, ka tas var b\u016bt ar\u012b citos to\u0146os. V\u0113sture. Tikai 1976. gad\u0101 Britu Kennelklubs [&hellip;]<\/p>\n","protected":false},"author":1,"featured_media":0,"parent":8016,"menu_order":0,"comment_status":"closed","ping_status":"closed","template":"page-fullwidth.php","meta":{"_acf_changed":false,"_glsr_average":0,"_glsr_ranking":0,"_glsr_reviews":0,"footnotes":""},"translation":{"provider":"WPGlobus","version":"2.12.2","language":"ru","enabled_languages":["lv","en","ru"],"languages":{"lv":{"title":true,"content":true,"excerpt":false},"en":{"title":false,"content":false,"excerpt":false},"ru":{"title":false,"content":false,"excerpt":false}}},"acf":[],"yoast_head":"<!-- This site is optimized with the Yoast SEO plugin v22.5 - https:\/\/yoast.com\/wordpress\/plugins\/seo\/ -->\n<title>Borderkollijs - Whisker.lv | Su\u0146u \u0161\u0137irnes - Borderkollijs<\/title>\n<meta name=\"robots\" content=\"index, follow, max-snippet:-1, max-image-preview:large, max-video-preview:-1\" \/>\n<link rel=\"canonical\" href=\"https:\/\/www.whisker.lv\/sunu-skirnes\/borderkollijs\/\" \/>\n<meta property=\"og:locale\" content=\"ru_RU\" \/>\n<meta property=\"og:type\" content=\"article\" \/>\n<meta property=\"og:title\" content=\"Borderkollijs - Whisker\" \/>\n<meta property=\"og:url\" content=\"https:\/\/www.whisker.lv\/sunu-skirnes\/borderkollijs\/\" \/>\n<meta property=\"og:site_name\" content=\"Whisker\" \/>\n<meta property=\"article:publisher\" content=\"https:\/\/www.facebook.com\/whisker.lv\/\" \/>\n<meta property=\"article:modified_time\" content=\"2019-04-03T20:13:13+00:00\" \/>\n<meta name=\"twitter:card\" content=\"summary_large_image\" \/>\n<meta name=\"twitter:label1\" content=\"Est. reading time\" \/>\n\t<meta name=\"twitter:data1\" content=\"1 minute\" \/>\n<script type=\"application\/ld+json\" class=\"yoast-schema-graph\">{\"@context\":\"https:\/\/schema.org\",\"@graph\":[{\"@type\":\"WebPage\",\"@id\":\"https:\/\/www.whisker.lv\/sunu-skirnes\/borderkollijs\/\",\"url\":\"https:\/\/www.whisker.lv\/sunu-skirnes\/borderkollijs\/\",\"name\":\"Borderkollijs - Whisker.lv | Su\u0146u \u0161\u0137irnes - Borderkollijs\",\"isPartOf\":{\"@id\":\"https:\/\/www.whisker.lv\/#website\"},\"datePublished\":\"2019-03-08T03:59:27+00:00\",\"dateModified\":\"2019-04-03T20:13:13+00:00\",\"description\":\"Borederkollijs - \u0161o \u0161\u0137irni ir viegli paz\u012bt p\u0113c ka\u017eoka melnbalt\u0101 kr\u0101sojuma, ta\u010du j\u0101\u0146em v\u0113r\u0101, ka tas var b\u016bt ar\u012b citos to\u0146os.\",\"breadcrumb\":{\"@id\":\"https:\/\/www.whisker.lv\/sunu-skirnes\/borderkollijs\/#breadcrumb\"},\"inLanguage\":\"ru-RU\",\"potentialAction\":[{\"@type\":\"ReadAction\",\"target\":[\"https:\/\/www.whisker.lv\/sunu-skirnes\/borderkollijs\/\"]}]},{\"@type\":\"BreadcrumbList\",\"@id\":\"https:\/\/www.whisker.lv\/sunu-skirnes\/borderkollijs\/#breadcrumb\",\"itemListElement\":[{\"@type\":\"ListItem\",\"position\":1,\"name\":\"S\u0101kums\",\"item\":\"https:\/\/www.whisker.lv\/\"},{\"@type\":\"ListItem\",\"position\":2,\"name\":\"Su\u0146u \u0161\u0137irnes\",\"item\":\"https:\/\/www.whisker.lv\/sunu-skirnes\/\"},{\"@type\":\"ListItem\",\"position\":3,\"name\":\"Borderkollijs\"}]},{\"@type\":\"WebSite\",\"@id\":\"https:\/\/www.whisker.lv\/#website\",\"url\":\"https:\/\/www.whisker.lv\/\",\"name\":\"Whisker\",\"description\":\"Tavs pal\u012bgs m\u0101jdzivnieku pieskat\u012b\u0161an\u0101\",\"potentialAction\":[{\"@type\":\"SearchAction\",\"target\":{\"@type\":\"EntryPoint\",\"urlTemplate\":\"https:\/\/www.whisker.lv\/?s={search_term_string}\"},\"query-input\":\"required name=search_term_string\"}],\"inLanguage\":\"ru-RU\"}]}<\/script>\n<!-- \/ Yoast SEO plugin. -->","yoast_head_json":{"title":"Borderkollijs - Whisker.lv | Su\u0146u \u0161\u0137irnes - Borderkollijs","robots":{"index":"index","follow":"follow","max-snippet":"max-snippet:-1","max-image-preview":"max-image-preview:large","max-video-preview":"max-video-preview:-1"},"canonical":"https:\/\/www.whisker.lv\/sunu-skirnes\/borderkollijs\/","og_locale":"ru_RU","og_type":"article","og_title":"Borderkollijs - Whisker","og_url":"https:\/\/www.whisker.lv\/sunu-skirnes\/borderkollijs\/","og_site_name":"Whisker","article_publisher":"https:\/\/www.facebook.com\/whisker.lv\/","article_modified_time":"2019-04-03T20:13:13+00:00","twitter_card":"summary_large_image","twitter_misc":{"Est. reading time":"1 minute"},"schema":{"@context":"https:\/\/schema.org","@graph":[{"@type":"WebPage","@id":"https:\/\/www.whisker.lv\/sunu-skirnes\/borderkollijs\/","url":"https:\/\/www.whisker.lv\/sunu-skirnes\/borderkollijs\/","name":"Borderkollijs - Whisker.lv | Su\u0146u \u0161\u0137irnes - Borderkollijs","isPartOf":{"@id":"https:\/\/www.whisker.lv\/#website"},"datePublished":"2019-03-08T03:59:27+00:00","dateModified":"2019-04-03T20:13:13+00:00","description":"Borederkollijs - \u0161o \u0161\u0137irni ir viegli paz\u012bt p\u0113c ka\u017eoka melnbalt\u0101 kr\u0101sojuma, ta\u010du j\u0101\u0146em v\u0113r\u0101, ka tas var b\u016bt ar\u012b citos to\u0146os.","breadcrumb":{"@id":"https:\/\/www.whisker.lv\/sunu-skirnes\/borderkollijs\/#breadcrumb"},"inLanguage":"ru-RU","potentialAction":[{"@type":"ReadAction","target":["https:\/\/www.whisker.lv\/sunu-skirnes\/borderkollijs\/"]}]},{"@type":"BreadcrumbList","@id":"https:\/\/www.whisker.lv\/sunu-skirnes\/borderkollijs\/#breadcrumb","itemListElement":[{"@type":"ListItem","position":1,"name":"S\u0101kums","item":"https:\/\/www.whisker.lv\/"},{"@type":"ListItem","position":2,"name":"Su\u0146u \u0161\u0137irnes","item":"https:\/\/www.whisker.lv\/sunu-skirnes\/"},{"@type":"ListItem","position":3,"name":"Borderkollijs"}]},{"@type":"WebSite","@id":"https:\/\/www.whisker.lv\/#website","url":"https:\/\/www.whisker.lv\/","name":"Whisker","description":"Tavs pal\u012bgs m\u0101jdzivnieku pieskat\u012b\u0161an\u0101","potentialAction":[{"@type":"SearchAction","target":{"@type":"EntryPoint","urlTemplate":"https:\/\/www.whisker.lv\/?s={search_term_string}"},"query-input":"required name=search_term_string"}],"inLanguage":"ru-RU"}]}},"_links":{"self":[{"href":"https:\/\/www.whisker.lv\/ru\/wp-json\/wp\/v2\/pages\/8830"}],"collection":[{"href":"https:\/\/www.whisker.lv\/ru\/wp-json\/wp\/v2\/pages"}],"about":[{"href":"https:\/\/www.whisker.lv\/ru\/wp-json\/wp\/v2\/types\/page"}],"author":[{"embeddable":true,"href":"https:\/\/www.whisker.lv\/ru\/wp-json\/wp\/v2\/users\/1"}],"replies":[{"embeddable":true,"href":"https:\/\/www.whisker.lv\/ru\/wp-json\/wp\/v2\/comments?post=8830"}],"version-history":[{"count":3,"href":"https:\/\/www.whisker.lv\/ru\/wp-json\/wp\/v2\/pages\/8830\/revisions"}],"predecessor-version":[{"id":8834,"href":"https:\/\/www.whisker.lv\/ru\/wp-json\/wp\/v2\/pages\/8830\/revisions\/8834"}],"up":[{"embeddable":true,"href":"https:\/\/www.whisker.lv\/ru\/wp-json\/wp\/v2\/pages\/8016"}],"wp:attachment":[{"href":"https:\/\/www.whisker.lv\/ru\/wp-json\/wp\/v2\/media?parent=8830"}],"curies":[{"name":"wp","href":"https:\/\/api.w.org\/{rel}","templated":true}]}}