



{"id":8916,"date":"2019-03-12T20:23:22","date_gmt":"2019-03-12T18:23:22","guid":{"rendered":"https:\/\/www.whisker.lv\/?page_id=8916"},"modified":"2019-04-03T23:35:53","modified_gmt":"2019-04-03T21:35:53","slug":"velsas-terjers","status":"publish","type":"page","link":"https:\/\/www.whisker.lv\/ru\/sunu-skirnes\/velsas-terjers\/","title":{"rendered":"Velsas terjers"},"content":{"rendered":"[vc_row][vc_column][vc_text_separator title=&#8221;Velsas terjers &#8221; border_width=&#8221;8&#8243;][\/vc_column][\/vc_row][vc_row][vc_column width=&#8221;1\/2&#8243;][vc_single_image image=&#8221;8918&#8243; img_size=&#8221;full&#8221; alignment=&#8221;center&#8221; style=&#8221;vc_box_rounded&#8221;][\/vc_column][vc_column width=&#8221;1\/2&#8243;][vc_column_text]<span style=\"color: #000000;\"><strong>Dzimtene:<\/strong> Lielbrit\u0101nija<\/span><\/p>\n<p><span style=\"color: #000000;\"><strong>Funkcija:<\/strong> \u017eurku \u0137\u0113r\u0101js<\/span><\/p>\n<p><span style=\"color: #000000;\"><strong>Izcel\u0161an\u0101s:<\/strong> ap 1800. g.<\/span><\/p>\n<p><span style=\"color: #000000;\"><strong>Skausta augstums:<\/strong> 36-39 cm<\/span><\/p>\n<p><span style=\"color: #000000;\"><strong>Masa:<\/strong> 9-10 kg<\/span><\/p>\n<p><span style=\"color: #000000;\"><strong>Raksturs:<\/strong> akt\u012bvs, rota\u013c\u012bgs<\/span><\/p>\n<p><span style=\"color: #000000;\"><strong>Dz\u012bves ilgums:<\/strong> 12-15 gadi<\/span>[\/vc_column_text][\/vc_column][\/vc_row][vc_row][vc_column][vc_column_text]<span style=\"color: #000000;\">Velsas terjerus bie\u017ei m\u0113dz sajaukt ar Leiklendas terjeriem. Galven\u0101 at\u0161\u0137ir\u012bba \u2013 Velsas terjeriem ir plat\u0101ka galva un cit\u0101ds ka\u017eoka kr\u0101sojums. Apmatojums liel\u0101koties ir ruds ar melniem l\u0101sumiem. Da\u017ek\u0101rt ka\u017eok\u0101 ir pie\u013caujamas ar\u012b tr\u012bs kr\u0101sas \u2013 ruda, melna un iesirma, bet tikai tad, ja uz \u0137ep\u0101m nav melnu plankumu.<\/span><\/p>\n<p><span style=\"color: #000000;\"><strong>V\u0113sture.<\/strong> Lielbrit\u0101nijas Kennelklubs \u0161\u0137irni pirmo reizi re\u0123istr\u0113ja 1886. gad\u0101, p\u0113c diviem gadiem t\u0101 par\u0101d\u012bj\u0101s ar\u012b ASV.<\/span><\/p>\n<p><span style=\"color: #000000;\"><strong>Piez\u012bme.<\/strong> Lai su\u0146a ka\u017eoks atbilstu izst\u0101des pras\u012bb\u0101m, tos divreiz gad\u0101 j\u0101trimm\u0113.<\/span><\/p>\n[\/vc_column_text][\/vc_column][\/vc_row]\n","protected":false},"excerpt":{"rendered":"<p>[vc_row][vc_column][vc_text_separator title=&#8221;Velsas terjers &#8221; border_width=&#8221;8&#8243;][\/vc_column][\/vc_row][vc_row][vc_column width=&#8221;1\/2&#8243;][vc_single_image image=&#8221;8918&#8243; img_size=&#8221;full&#8221; alignment=&#8221;center&#8221; style=&#8221;vc_box_rounded&#8221;][\/vc_column][vc_column width=&#8221;1\/2&#8243;][vc_column_text]Dzimtene: Lielbrit\u0101nija Funkcija: \u017eurku \u0137\u0113r\u0101js Izcel\u0161an\u0101s: ap 1800. g. Skausta augstums: 36-39 cm Masa: 9-10 kg Raksturs: akt\u012bvs, rota\u013c\u012bgs Dz\u012bves ilgums: 12-15 gadi[\/vc_column_text][\/vc_column][\/vc_row][vc_row][vc_column][vc_column_text]Velsas terjerus bie\u017ei m\u0113dz sajaukt ar Leiklendas terjeriem. Galven\u0101 at\u0161\u0137ir\u012bba \u2013 Velsas terjeriem ir plat\u0101ka galva un cit\u0101ds ka\u017eoka kr\u0101sojums. Apmatojums liel\u0101koties ir [&hellip;]<\/p>\n","protected":false},"author":1,"featured_media":0,"parent":8016,"menu_order":0,"comment_status":"closed","ping_status":"closed","template":"page-fullwidth.php","meta":{"_acf_changed":false,"_glsr_average":0,"_glsr_ranking":0,"_glsr_reviews":0,"footnotes":""},"translation":{"provider":"WPGlobus","version":"2.12.2","language":"ru","enabled_languages":["lv","en","ru"],"languages":{"lv":{"title":true,"content":true,"excerpt":false},"en":{"title":false,"content":false,"excerpt":false},"ru":{"title":false,"content":false,"excerpt":false}}},"acf":[],"yoast_head":"<!-- This site is optimized with the Yoast SEO plugin v22.5 - https:\/\/yoast.com\/wordpress\/plugins\/seo\/ -->\n<title>Velsas terjers - Whisker.lv | Su\u0146u \u0161\u0137irnes - Velsas terjers<\/title>\n<meta name=\"robots\" content=\"index, follow, max-snippet:-1, max-image-preview:large, max-video-preview:-1\" \/>\n<link rel=\"canonical\" href=\"https:\/\/www.whisker.lv\/sunu-skirnes\/velsas-terjers\/\" \/>\n<meta property=\"og:locale\" content=\"ru_RU\" \/>\n<meta property=\"og:type\" content=\"article\" \/>\n<meta property=\"og:title\" content=\"Velsas terjers - Whisker\" \/>\n<meta property=\"og:url\" content=\"https:\/\/www.whisker.lv\/sunu-skirnes\/velsas-terjers\/\" \/>\n<meta property=\"og:site_name\" content=\"Whisker\" \/>\n<meta property=\"article:publisher\" content=\"https:\/\/www.facebook.com\/whisker.lv\/\" \/>\n<meta property=\"article:modified_time\" content=\"2019-04-03T21:35:53+00:00\" \/>\n<meta name=\"twitter:card\" content=\"summary_large_image\" \/>\n<meta name=\"twitter:label1\" content=\"Est. reading time\" \/>\n\t<meta name=\"twitter:data1\" content=\"1 minute\" \/>\n<script type=\"application\/ld+json\" class=\"yoast-schema-graph\">{\"@context\":\"https:\/\/schema.org\",\"@graph\":[{\"@type\":\"WebPage\",\"@id\":\"https:\/\/www.whisker.lv\/sunu-skirnes\/velsas-terjers\/\",\"url\":\"https:\/\/www.whisker.lv\/sunu-skirnes\/velsas-terjers\/\",\"name\":\"Velsas terjers - Whisker.lv | Su\u0146u \u0161\u0137irnes - Velsas terjers\",\"isPartOf\":{\"@id\":\"https:\/\/www.whisker.lv\/#website\"},\"datePublished\":\"2019-03-12T18:23:22+00:00\",\"dateModified\":\"2019-04-03T21:35:53+00:00\",\"description\":\"Velsas terjers - tos bie\u017ei m\u0113dz sajaukt ar Leiklendas terjeriem. Galven\u0101 at\u0161\u0137ir\u012bba \u2013 Velsas terjeriem ir plat\u0101ka galva un cit\u0101ds ka\u017eoka kr\u0101sojums.\",\"breadcrumb\":{\"@id\":\"https:\/\/www.whisker.lv\/sunu-skirnes\/velsas-terjers\/#breadcrumb\"},\"inLanguage\":\"ru-RU\",\"potentialAction\":[{\"@type\":\"ReadAction\",\"target\":[\"https:\/\/www.whisker.lv\/sunu-skirnes\/velsas-terjers\/\"]}]},{\"@type\":\"BreadcrumbList\",\"@id\":\"https:\/\/www.whisker.lv\/sunu-skirnes\/velsas-terjers\/#breadcrumb\",\"itemListElement\":[{\"@type\":\"ListItem\",\"position\":1,\"name\":\"S\u0101kums\",\"item\":\"https:\/\/www.whisker.lv\/\"},{\"@type\":\"ListItem\",\"position\":2,\"name\":\"Su\u0146u \u0161\u0137irnes\",\"item\":\"https:\/\/www.whisker.lv\/sunu-skirnes\/\"},{\"@type\":\"ListItem\",\"position\":3,\"name\":\"Velsas terjers\"}]},{\"@type\":\"WebSite\",\"@id\":\"https:\/\/www.whisker.lv\/#website\",\"url\":\"https:\/\/www.whisker.lv\/\",\"name\":\"Whisker\",\"description\":\"Tavs pal\u012bgs m\u0101jdzivnieku pieskat\u012b\u0161an\u0101\",\"potentialAction\":[{\"@type\":\"SearchAction\",\"target\":{\"@type\":\"EntryPoint\",\"urlTemplate\":\"https:\/\/www.whisker.lv\/?s={search_term_string}\"},\"query-input\":\"required name=search_term_string\"}],\"inLanguage\":\"ru-RU\"}]}<\/script>\n<!-- \/ Yoast SEO plugin. -->","yoast_head_json":{"title":"Velsas terjers - Whisker.lv | Su\u0146u \u0161\u0137irnes - Velsas terjers","robots":{"index":"index","follow":"follow","max-snippet":"max-snippet:-1","max-image-preview":"max-image-preview:large","max-video-preview":"max-video-preview:-1"},"canonical":"https:\/\/www.whisker.lv\/sunu-skirnes\/velsas-terjers\/","og_locale":"ru_RU","og_type":"article","og_title":"Velsas terjers - Whisker","og_url":"https:\/\/www.whisker.lv\/sunu-skirnes\/velsas-terjers\/","og_site_name":"Whisker","article_publisher":"https:\/\/www.facebook.com\/whisker.lv\/","article_modified_time":"2019-04-03T21:35:53+00:00","twitter_card":"summary_large_image","twitter_misc":{"Est. reading time":"1 minute"},"schema":{"@context":"https:\/\/schema.org","@graph":[{"@type":"WebPage","@id":"https:\/\/www.whisker.lv\/sunu-skirnes\/velsas-terjers\/","url":"https:\/\/www.whisker.lv\/sunu-skirnes\/velsas-terjers\/","name":"Velsas terjers - Whisker.lv | Su\u0146u \u0161\u0137irnes - Velsas terjers","isPartOf":{"@id":"https:\/\/www.whisker.lv\/#website"},"datePublished":"2019-03-12T18:23:22+00:00","dateModified":"2019-04-03T21:35:53+00:00","description":"Velsas terjers - tos bie\u017ei m\u0113dz sajaukt ar Leiklendas terjeriem. Galven\u0101 at\u0161\u0137ir\u012bba \u2013 Velsas terjeriem ir plat\u0101ka galva un cit\u0101ds ka\u017eoka kr\u0101sojums.","breadcrumb":{"@id":"https:\/\/www.whisker.lv\/sunu-skirnes\/velsas-terjers\/#breadcrumb"},"inLanguage":"ru-RU","potentialAction":[{"@type":"ReadAction","target":["https:\/\/www.whisker.lv\/sunu-skirnes\/velsas-terjers\/"]}]},{"@type":"BreadcrumbList","@id":"https:\/\/www.whisker.lv\/sunu-skirnes\/velsas-terjers\/#breadcrumb","itemListElement":[{"@type":"ListItem","position":1,"name":"S\u0101kums","item":"https:\/\/www.whisker.lv\/"},{"@type":"ListItem","position":2,"name":"Su\u0146u \u0161\u0137irnes","item":"https:\/\/www.whisker.lv\/sunu-skirnes\/"},{"@type":"ListItem","position":3,"name":"Velsas terjers"}]},{"@type":"WebSite","@id":"https:\/\/www.whisker.lv\/#website","url":"https:\/\/www.whisker.lv\/","name":"Whisker","description":"Tavs pal\u012bgs m\u0101jdzivnieku pieskat\u012b\u0161an\u0101","potentialAction":[{"@type":"SearchAction","target":{"@type":"EntryPoint","urlTemplate":"https:\/\/www.whisker.lv\/?s={search_term_string}"},"query-input":"required name=search_term_string"}],"inLanguage":"ru-RU"}]}},"_links":{"self":[{"href":"https:\/\/www.whisker.lv\/ru\/wp-json\/wp\/v2\/pages\/8916"}],"collection":[{"href":"https:\/\/www.whisker.lv\/ru\/wp-json\/wp\/v2\/pages"}],"about":[{"href":"https:\/\/www.whisker.lv\/ru\/wp-json\/wp\/v2\/types\/page"}],"author":[{"embeddable":true,"href":"https:\/\/www.whisker.lv\/ru\/wp-json\/wp\/v2\/users\/1"}],"replies":[{"embeddable":true,"href":"https:\/\/www.whisker.lv\/ru\/wp-json\/wp\/v2\/comments?post=8916"}],"version-history":[{"count":3,"href":"https:\/\/www.whisker.lv\/ru\/wp-json\/wp\/v2\/pages\/8916\/revisions"}],"predecessor-version":[{"id":8920,"href":"https:\/\/www.whisker.lv\/ru\/wp-json\/wp\/v2\/pages\/8916\/revisions\/8920"}],"up":[{"embeddable":true,"href":"https:\/\/www.whisker.lv\/ru\/wp-json\/wp\/v2\/pages\/8016"}],"wp:attachment":[{"href":"https:\/\/www.whisker.lv\/ru\/wp-json\/wp\/v2\/media?parent=8916"}],"curies":[{"name":"wp","href":"https:\/\/api.w.org\/{rel}","templated":true}]}}