



{"id":8931,"date":"2019-03-12T20:43:49","date_gmt":"2019-03-12T18:43:49","guid":{"rendered":"https:\/\/www.whisker.lv\/?page_id=8931"},"modified":"2019-04-03T23:34:19","modified_gmt":"2019-04-03T21:34:19","slug":"veimaras-suns","status":"publish","type":"page","link":"https:\/\/www.whisker.lv\/ru\/sunu-skirnes\/veimaras-suns\/","title":{"rendered":"Veim\u0101ras suns"},"content":{"rendered":"[vc_row][vc_column][vc_text_separator title=&#8221;Veim\u0101ras suns&#8221; border_width=&#8221;8&#8243;][\/vc_column][\/vc_row][vc_row][vc_column width=&#8221;1\/2&#8243;][vc_single_image image=&#8221;8358&#8243; img_size=&#8221;large&#8221; alignment=&#8221;center&#8221; style=&#8221;vc_box_rounded&#8221;][\/vc_column][vc_column width=&#8221;1\/2&#8243;][vc_column_text]<span style=\"color: #000000;\"><strong>Dzimtene:<\/strong> V\u0101cija<\/span><\/p>\n<p><span style=\"color: #000000;\"><strong>Funkcija:<\/strong> lielo dz\u012bvnieku p\u0113ddzinis<\/span><\/p>\n<p><span style=\"color: #000000;\"><strong>Izcel\u0161an\u0101s:<\/strong> ap 1600. g.<\/span><\/p>\n<p><span style=\"color: #000000;\"><strong>Skausta augstums:<\/strong> 56-69 cm<\/span><\/p>\n<p><span style=\"color: #000000;\"><strong>Masa:<\/strong> 32-39 kg<\/span><\/p>\n<p><span style=\"color: #000000;\"><strong>Raksturs:<\/strong> modrs, ir atbild\u012bbas izj\u016bta<\/span><\/p>\n<p><span style=\"color: #000000;\"><strong>Dz\u012bves ilgums:<\/strong> 10-13 gadi<\/span>[\/vc_column_text][\/vc_column][\/vc_row][vc_row][vc_column][vc_column_text]<span style=\"color: #000000;\">No \u0161\u012bs \u0161\u0137irnes su\u0146iem str\u0101vo elegance un di\u017ecilt\u012bba. Vid\u0113ji lielajam med\u012bbu sunim ir gluds, sp\u012bd\u012bgs, pel\u0113ks ka\u017eoks un viegli iez\u012bm\u0113ta p\u0101reja no pieres uz sp\u0113c\u012bgo purnu. \u0160\u012bs \u0161\u0137irnes su\u0146i ir labi paz\u012bstami \u013coti daudz\u0101s pasaules valst\u012bs. Reiz \u0161os su\u0146us, kuri c\u0113lu\u0161ies no slavenajiem v\u0101cu med\u012bbu su\u0146iem, d\u0113v\u0113ja par Veim\u0101ras pointeriem. Nenogurdin\u0101majam Veim\u0101ras sunim ir garas, musku\u013cotas k\u0101jas, laba o\u017ea, pak\u013c\u0101v\u012bgs un draudz\u012bgs raksturs, respekt\u012bvi, visas ide\u0101lam med\u012bbu sunim nepiecie\u0161am\u0101s \u012bpa\u0161\u012bbas. \u0160\u012b ir viena no septi\u0146\u0101m su\u0146u \u0161\u0137irn\u0113m, kas sp\u0113j veikt tr\u012bs funkcijas \u2013 med\u012bt, atrast med\u012bjumu un to atnest saimniekam. Atkar\u012bb\u0101 no ka\u017eoka garuma su\u0146us iedala \u012bsspalvainajos un garspalvainajos. Ta\u010du Veim\u0101ras su\u0146u garspalvain\u0101 forma ASV netiek ofici\u0101li atz\u012bta.\u00a0<\/span><\/p>\n<p><span style=\"color: #000000;\"><strong>V\u0113sture.<\/strong> P\u0113c vienas teorijas, \u0161\u012b \u0161\u0137irne radusies seno albino v\u0101cu pointeru mut\u0101cijas rezult\u0101t\u0101. Otra versija \u2013 \u0161\u0137irne c\u0113lusies, krustojot parasto pointeru ar bezv\u0101rda dzelteno pointeru. \u0160\u0137irne selekcion\u0113ta Veim\u0101ras lielhercoga K\u0101r\u013ca Augusta uzraudz\u012bb\u0101.<\/span><\/p>\n<p><span style=\"color: #000000;\"><strong>Piez\u012bme.<\/strong> Prec\u012bzs \u0161\u0137irnes izveido\u0161anas laiks nav zin\u0101ms. Iesp\u0113jams, tas noticis 17. gadsimt\u0101, kad dz\u012bvoja fl\u0101mu m\u0101kslinieks Van Deiks, jo vi\u0146a glezn\u0101s atveidoti Veim\u0101ras su\u0146iem l\u012bdz\u012bgi su\u0146i.<\/span><\/p>\n<p><span style=\"color: #000000;\"><strong>Otrs nosaukums.<\/strong> Veim\u0101ras putnu suns.<\/span>[\/vc_column_text][\/vc_column][\/vc_row]\n","protected":false},"excerpt":{"rendered":"<p>[vc_row][vc_column][vc_text_separator title=&#8221;Veim\u0101ras suns&#8221; border_width=&#8221;8&#8243;][\/vc_column][\/vc_row][vc_row][vc_column width=&#8221;1\/2&#8243;][vc_single_image image=&#8221;8358&#8243; img_size=&#8221;large&#8221; alignment=&#8221;center&#8221; style=&#8221;vc_box_rounded&#8221;][\/vc_column][vc_column width=&#8221;1\/2&#8243;][vc_column_text]Dzimtene: V\u0101cija Funkcija: lielo dz\u012bvnieku p\u0113ddzinis Izcel\u0161an\u0101s: ap 1600. g. Skausta augstums: 56-69 cm Masa: 32-39 kg Raksturs: modrs, ir atbild\u012bbas izj\u016bta Dz\u012bves ilgums: 10-13 gadi[\/vc_column_text][\/vc_column][\/vc_row][vc_row][vc_column][vc_column_text]No \u0161\u012bs \u0161\u0137irnes su\u0146iem str\u0101vo elegance un di\u017ecilt\u012bba. Vid\u0113ji lielajam med\u012bbu sunim ir gluds, sp\u012bd\u012bgs, pel\u0113ks ka\u017eoks un viegli iez\u012bm\u0113ta p\u0101reja [&hellip;]<\/p>\n","protected":false},"author":1,"featured_media":0,"parent":8016,"menu_order":0,"comment_status":"closed","ping_status":"closed","template":"page-fullwidth.php","meta":{"_acf_changed":false,"_glsr_average":0,"_glsr_ranking":0,"_glsr_reviews":0,"footnotes":""},"translation":{"provider":"WPGlobus","version":"2.12.2","language":"ru","enabled_languages":["lv","en","ru"],"languages":{"lv":{"title":true,"content":true,"excerpt":false},"en":{"title":false,"content":false,"excerpt":false},"ru":{"title":false,"content":false,"excerpt":false}}},"acf":[],"yoast_head":"<!-- This site is optimized with the Yoast SEO plugin v22.5 - https:\/\/yoast.com\/wordpress\/plugins\/seo\/ -->\n<title>Veim\u0101ras suns - Whisker.lv | Su\u0146u \u0161\u0137irnes - Veim\u0101ras suns<\/title>\n<meta name=\"robots\" content=\"index, follow, max-snippet:-1, max-image-preview:large, max-video-preview:-1\" \/>\n<link rel=\"canonical\" href=\"https:\/\/www.whisker.lv\/sunu-skirnes\/veimaras-suns\/\" \/>\n<meta property=\"og:locale\" content=\"ru_RU\" \/>\n<meta property=\"og:type\" content=\"article\" \/>\n<meta property=\"og:title\" content=\"Veim\u0101ras suns - Whisker\" \/>\n<meta property=\"og:url\" content=\"https:\/\/www.whisker.lv\/sunu-skirnes\/veimaras-suns\/\" \/>\n<meta property=\"og:site_name\" content=\"Whisker\" \/>\n<meta property=\"article:publisher\" content=\"https:\/\/www.facebook.com\/whisker.lv\/\" \/>\n<meta property=\"article:modified_time\" content=\"2019-04-03T21:34:19+00:00\" \/>\n<meta name=\"twitter:card\" content=\"summary_large_image\" \/>\n<meta name=\"twitter:label1\" content=\"Est. reading time\" \/>\n\t<meta name=\"twitter:data1\" content=\"2 minutes\" \/>\n<script type=\"application\/ld+json\" class=\"yoast-schema-graph\">{\"@context\":\"https:\/\/schema.org\",\"@graph\":[{\"@type\":\"WebPage\",\"@id\":\"https:\/\/www.whisker.lv\/sunu-skirnes\/veimaras-suns\/\",\"url\":\"https:\/\/www.whisker.lv\/sunu-skirnes\/veimaras-suns\/\",\"name\":\"Veim\u0101ras suns - Whisker.lv | Su\u0146u \u0161\u0137irnes - Veim\u0101ras suns\",\"isPartOf\":{\"@id\":\"https:\/\/www.whisker.lv\/#website\"},\"datePublished\":\"2019-03-12T18:43:49+00:00\",\"dateModified\":\"2019-04-03T21:34:19+00:00\",\"description\":\"Veim\u0101ras suns - no \u0161\u012bs \u0161\u0137irnes su\u0146iem str\u0101vo elegance un di\u017ecilt\u012bba. \u0160\u012bs \u0161\u0137irnes su\u0146i ir labi paz\u012bstami \u013coti daudz\u0101s pasaules valst\u012bs.\",\"breadcrumb\":{\"@id\":\"https:\/\/www.whisker.lv\/sunu-skirnes\/veimaras-suns\/#breadcrumb\"},\"inLanguage\":\"ru-RU\",\"potentialAction\":[{\"@type\":\"ReadAction\",\"target\":[\"https:\/\/www.whisker.lv\/sunu-skirnes\/veimaras-suns\/\"]}]},{\"@type\":\"BreadcrumbList\",\"@id\":\"https:\/\/www.whisker.lv\/sunu-skirnes\/veimaras-suns\/#breadcrumb\",\"itemListElement\":[{\"@type\":\"ListItem\",\"position\":1,\"name\":\"S\u0101kums\",\"item\":\"https:\/\/www.whisker.lv\/\"},{\"@type\":\"ListItem\",\"position\":2,\"name\":\"Su\u0146u \u0161\u0137irnes\",\"item\":\"https:\/\/www.whisker.lv\/sunu-skirnes\/\"},{\"@type\":\"ListItem\",\"position\":3,\"name\":\"Veim\u0101ras suns\"}]},{\"@type\":\"WebSite\",\"@id\":\"https:\/\/www.whisker.lv\/#website\",\"url\":\"https:\/\/www.whisker.lv\/\",\"name\":\"Whisker\",\"description\":\"Tavs pal\u012bgs m\u0101jdzivnieku pieskat\u012b\u0161an\u0101\",\"potentialAction\":[{\"@type\":\"SearchAction\",\"target\":{\"@type\":\"EntryPoint\",\"urlTemplate\":\"https:\/\/www.whisker.lv\/?s={search_term_string}\"},\"query-input\":\"required name=search_term_string\"}],\"inLanguage\":\"ru-RU\"}]}<\/script>\n<!-- \/ Yoast SEO plugin. -->","yoast_head_json":{"title":"Veim\u0101ras suns - Whisker.lv | Su\u0146u \u0161\u0137irnes - Veim\u0101ras suns","robots":{"index":"index","follow":"follow","max-snippet":"max-snippet:-1","max-image-preview":"max-image-preview:large","max-video-preview":"max-video-preview:-1"},"canonical":"https:\/\/www.whisker.lv\/sunu-skirnes\/veimaras-suns\/","og_locale":"ru_RU","og_type":"article","og_title":"Veim\u0101ras suns - Whisker","og_url":"https:\/\/www.whisker.lv\/sunu-skirnes\/veimaras-suns\/","og_site_name":"Whisker","article_publisher":"https:\/\/www.facebook.com\/whisker.lv\/","article_modified_time":"2019-04-03T21:34:19+00:00","twitter_card":"summary_large_image","twitter_misc":{"Est. reading time":"2 minutes"},"schema":{"@context":"https:\/\/schema.org","@graph":[{"@type":"WebPage","@id":"https:\/\/www.whisker.lv\/sunu-skirnes\/veimaras-suns\/","url":"https:\/\/www.whisker.lv\/sunu-skirnes\/veimaras-suns\/","name":"Veim\u0101ras suns - Whisker.lv | Su\u0146u \u0161\u0137irnes - Veim\u0101ras suns","isPartOf":{"@id":"https:\/\/www.whisker.lv\/#website"},"datePublished":"2019-03-12T18:43:49+00:00","dateModified":"2019-04-03T21:34:19+00:00","description":"Veim\u0101ras suns - no \u0161\u012bs \u0161\u0137irnes su\u0146iem str\u0101vo elegance un di\u017ecilt\u012bba. \u0160\u012bs \u0161\u0137irnes su\u0146i ir labi paz\u012bstami \u013coti daudz\u0101s pasaules valst\u012bs.","breadcrumb":{"@id":"https:\/\/www.whisker.lv\/sunu-skirnes\/veimaras-suns\/#breadcrumb"},"inLanguage":"ru-RU","potentialAction":[{"@type":"ReadAction","target":["https:\/\/www.whisker.lv\/sunu-skirnes\/veimaras-suns\/"]}]},{"@type":"BreadcrumbList","@id":"https:\/\/www.whisker.lv\/sunu-skirnes\/veimaras-suns\/#breadcrumb","itemListElement":[{"@type":"ListItem","position":1,"name":"S\u0101kums","item":"https:\/\/www.whisker.lv\/"},{"@type":"ListItem","position":2,"name":"Su\u0146u \u0161\u0137irnes","item":"https:\/\/www.whisker.lv\/sunu-skirnes\/"},{"@type":"ListItem","position":3,"name":"Veim\u0101ras suns"}]},{"@type":"WebSite","@id":"https:\/\/www.whisker.lv\/#website","url":"https:\/\/www.whisker.lv\/","name":"Whisker","description":"Tavs pal\u012bgs m\u0101jdzivnieku pieskat\u012b\u0161an\u0101","potentialAction":[{"@type":"SearchAction","target":{"@type":"EntryPoint","urlTemplate":"https:\/\/www.whisker.lv\/?s={search_term_string}"},"query-input":"required name=search_term_string"}],"inLanguage":"ru-RU"}]}},"_links":{"self":[{"href":"https:\/\/www.whisker.lv\/ru\/wp-json\/wp\/v2\/pages\/8931"}],"collection":[{"href":"https:\/\/www.whisker.lv\/ru\/wp-json\/wp\/v2\/pages"}],"about":[{"href":"https:\/\/www.whisker.lv\/ru\/wp-json\/wp\/v2\/types\/page"}],"author":[{"embeddable":true,"href":"https:\/\/www.whisker.lv\/ru\/wp-json\/wp\/v2\/users\/1"}],"replies":[{"embeddable":true,"href":"https:\/\/www.whisker.lv\/ru\/wp-json\/wp\/v2\/comments?post=8931"}],"version-history":[{"count":5,"href":"https:\/\/www.whisker.lv\/ru\/wp-json\/wp\/v2\/pages\/8931\/revisions"}],"predecessor-version":[{"id":11230,"href":"https:\/\/www.whisker.lv\/ru\/wp-json\/wp\/v2\/pages\/8931\/revisions\/11230"}],"up":[{"embeddable":true,"href":"https:\/\/www.whisker.lv\/ru\/wp-json\/wp\/v2\/pages\/8016"}],"wp:attachment":[{"href":"https:\/\/www.whisker.lv\/ru\/wp-json\/wp\/v2\/media?parent=8931"}],"curies":[{"name":"wp","href":"https:\/\/api.w.org\/{rel}","templated":true}]}}