



{"id":8936,"date":"2019-03-12T20:53:07","date_gmt":"2019-03-12T18:53:07","guid":{"rendered":"https:\/\/www.whisker.lv\/?page_id=8936"},"modified":"2019-04-03T23:33:48","modified_gmt":"2019-04-03T21:33:48","slug":"vacu-isspalvainais-putnu-suns","status":"publish","type":"page","link":"https:\/\/www.whisker.lv\/ru\/sunu-skirnes\/vacu-isspalvainais-putnu-suns\/","title":{"rendered":"V\u0101cu \u012bsspalvainais putnu suns"},"content":{"rendered":"[vc_row][vc_column][vc_text_separator title=&#8221;V\u0101cu \u012bsspalvainais putnu suns &#8221; border_width=&#8221;8&#8243;][\/vc_column][\/vc_row][vc_row][vc_column width=&#8221;1\/2&#8243;][vc_single_image image=&#8221;8938&#8243; img_size=&#8221;full&#8221; alignment=&#8221;center&#8221; style=&#8221;vc_box_rounded&#8221;][\/vc_column][vc_column width=&#8221;1\/2&#8243;][vc_column_text]<span style=\"color: #000000;\"><strong>Dzimtene:<\/strong> V\u0101cija<\/span><\/p>\n<p><span style=\"color: #000000;\"><strong>Funkcija:<\/strong> putnu suns<\/span><\/p>\n<p><span style=\"color: #000000;\"><strong>Izcel\u0161an\u0101s:<\/strong> 1800. g.<\/span><\/p>\n<p><span style=\"color: #000000;\"><strong>Skausta augstums:<\/strong> 53-64 cm<\/span><\/p>\n<p><span style=\"color: #000000;\"><strong>Masa:<\/strong> 20-32 kg<\/span><\/p>\n<p><span style=\"color: #000000;\"><strong>Raksturs:<\/strong> dz\u012bvespriec\u012bgs, modrs<\/span><\/p>\n<p><span style=\"color: #000000;\"><strong>Dz\u012bves ilgums:<\/strong> 10-12 gadi<\/span>[\/vc_column_text][\/vc_column][\/vc_row][vc_row][vc_column][vc_column_text]<span style=\"color: #000000;\">V\u0101cu \u012bsspalvain\u0101 putnusu\u0146a proporcijas ir harmoniski veidotas. Atl\u0113tiskais \u0137ermenis pal\u012bdz sunim kust\u0113ties graciozi un aristokr\u0101tiski. Tas ir suns, kas rada p\u0101rliec\u012bbu par t\u0101 sp\u0113ku, iztur\u012bbu un \u0101trumu. Popul\u0101r\u0101kie \u0161\u0137irnes kr\u0101sojumi ir balts ar br\u016bnu un br\u016bns, bet ir pie\u013caujami ar\u012b balta ar melnu un melna kr\u0101sa.V\u0101cu \u012bsspalvainais putnusuns ir psihiski l\u012bdzsvarots, uztic\u012bgs savai \u0123imenei, sabiedrisks un bez noslieces uz agresivit\u0101ti.\u00a0<\/span><\/p>\n<p><span style=\"color: #000000;\"><strong>V\u0113sture.<\/strong> V\u0101cu \u012bsspalvain\u0101 putnusu\u0146a (kurch\u0101ra) izcelsme s\u0101k\u0101s ar putnu med\u012bb\u0101m. \u0160ie su\u0146i non\u0101ca V\u0101cij\u0101 no Francijas, Sp\u0101nijas un fl\u0101mu valst\u012bm. Kurch\u0101ra sen\u010dos ir sastopami sp\u0101\u0146u pointeri, v\u0101cu putnusu\u0146i, bladhaundi, ang\u013cu pointeri un citas \u0161\u0137irnes.<\/span><\/p>\n<p><span style=\"color: #000000;\"><strong>Piez\u012bme.<\/strong> Med\u012bbu lauk\u0101 v\u0101cu \u012bsspalvainais putnusuns no mier\u012bga un uzman\u012bga m\u0101jas m\u012blu\u013ca p\u0101rv\u0113r\u0161as veikl\u0101, izveic\u012bg\u0101 un uzticam\u0101 pal\u012bg\u0101. Kurch\u0101rs ir vesel\u012bgs un reti slimo.<\/span><\/p>\n<p>&nbsp;<\/p>\n[\/vc_column_text][\/vc_column][\/vc_row]\n","protected":false},"excerpt":{"rendered":"<p>[vc_row][vc_column][vc_text_separator title=&#8221;V\u0101cu \u012bsspalvainais putnu suns &#8221; border_width=&#8221;8&#8243;][\/vc_column][\/vc_row][vc_row][vc_column width=&#8221;1\/2&#8243;][vc_single_image image=&#8221;8938&#8243; img_size=&#8221;full&#8221; alignment=&#8221;center&#8221; style=&#8221;vc_box_rounded&#8221;][\/vc_column][vc_column width=&#8221;1\/2&#8243;][vc_column_text]Dzimtene: V\u0101cija Funkcija: putnu suns Izcel\u0161an\u0101s: 1800. g. Skausta augstums: 53-64 cm Masa: 20-32 kg Raksturs: dz\u012bvespriec\u012bgs, modrs Dz\u012bves ilgums: 10-12 gadi[\/vc_column_text][\/vc_column][\/vc_row][vc_row][vc_column][vc_column_text]V\u0101cu \u012bsspalvain\u0101 putnusu\u0146a proporcijas ir harmoniski veidotas. Atl\u0113tiskais \u0137ermenis pal\u012bdz sunim kust\u0113ties graciozi un aristokr\u0101tiski. Tas ir suns, kas rada p\u0101rliec\u012bbu par [&hellip;]<\/p>\n","protected":false},"author":1,"featured_media":0,"parent":8016,"menu_order":0,"comment_status":"closed","ping_status":"closed","template":"page-fullwidth.php","meta":{"_acf_changed":false,"_glsr_average":0,"_glsr_ranking":0,"_glsr_reviews":0,"footnotes":""},"translation":{"provider":"WPGlobus","version":"2.12.2","language":"ru","enabled_languages":["lv","en","ru"],"languages":{"lv":{"title":true,"content":true,"excerpt":false},"en":{"title":false,"content":false,"excerpt":false},"ru":{"title":false,"content":false,"excerpt":false}}},"acf":[],"yoast_head":"<!-- This site is optimized with the Yoast SEO plugin v22.5 - https:\/\/yoast.com\/wordpress\/plugins\/seo\/ -->\n<title>V\u0101cu \u012bsspalvainais putnu suns - Whisker.lv | Su\u0146u \u0161\u0137irnes<\/title>\n<meta name=\"robots\" content=\"index, follow, max-snippet:-1, max-image-preview:large, max-video-preview:-1\" \/>\n<link rel=\"canonical\" href=\"https:\/\/www.whisker.lv\/sunu-skirnes\/vacu-isspalvainais-putnu-suns\/\" \/>\n<meta property=\"og:locale\" content=\"ru_RU\" \/>\n<meta property=\"og:type\" content=\"article\" \/>\n<meta property=\"og:title\" content=\"V\u0101cu \u012bsspalvainais putnu suns - Whisker\" \/>\n<meta property=\"og:url\" content=\"https:\/\/www.whisker.lv\/sunu-skirnes\/vacu-isspalvainais-putnu-suns\/\" \/>\n<meta property=\"og:site_name\" content=\"Whisker\" \/>\n<meta property=\"article:publisher\" content=\"https:\/\/www.facebook.com\/whisker.lv\/\" \/>\n<meta property=\"article:modified_time\" content=\"2019-04-03T21:33:48+00:00\" \/>\n<meta name=\"twitter:card\" content=\"summary_large_image\" \/>\n<meta name=\"twitter:label1\" content=\"Est. reading time\" \/>\n\t<meta name=\"twitter:data1\" content=\"1 minute\" \/>\n<script type=\"application\/ld+json\" class=\"yoast-schema-graph\">{\"@context\":\"https:\/\/schema.org\",\"@graph\":[{\"@type\":\"WebPage\",\"@id\":\"https:\/\/www.whisker.lv\/sunu-skirnes\/vacu-isspalvainais-putnu-suns\/\",\"url\":\"https:\/\/www.whisker.lv\/sunu-skirnes\/vacu-isspalvainais-putnu-suns\/\",\"name\":\"V\u0101cu \u012bsspalvainais putnu suns - Whisker.lv | Su\u0146u \u0161\u0137irnes\",\"isPartOf\":{\"@id\":\"https:\/\/www.whisker.lv\/#website\"},\"datePublished\":\"2019-03-12T18:53:07+00:00\",\"dateModified\":\"2019-04-03T21:33:48+00:00\",\"description\":\"V\u0101cu \u012bsspalvainais putnusuns - t\u0101 proporcijas ir harmoniski veidotas. Atl\u0113tiskais \u0137ermenis pal\u012bdz sunim kust\u0113ties graciozi un aristokr\u0101tiski.\",\"breadcrumb\":{\"@id\":\"https:\/\/www.whisker.lv\/sunu-skirnes\/vacu-isspalvainais-putnu-suns\/#breadcrumb\"},\"inLanguage\":\"ru-RU\",\"potentialAction\":[{\"@type\":\"ReadAction\",\"target\":[\"https:\/\/www.whisker.lv\/sunu-skirnes\/vacu-isspalvainais-putnu-suns\/\"]}]},{\"@type\":\"BreadcrumbList\",\"@id\":\"https:\/\/www.whisker.lv\/sunu-skirnes\/vacu-isspalvainais-putnu-suns\/#breadcrumb\",\"itemListElement\":[{\"@type\":\"ListItem\",\"position\":1,\"name\":\"S\u0101kums\",\"item\":\"https:\/\/www.whisker.lv\/\"},{\"@type\":\"ListItem\",\"position\":2,\"name\":\"Su\u0146u \u0161\u0137irnes\",\"item\":\"https:\/\/www.whisker.lv\/sunu-skirnes\/\"},{\"@type\":\"ListItem\",\"position\":3,\"name\":\"V\u0101cu \u012bsspalvainais putnu suns\"}]},{\"@type\":\"WebSite\",\"@id\":\"https:\/\/www.whisker.lv\/#website\",\"url\":\"https:\/\/www.whisker.lv\/\",\"name\":\"Whisker\",\"description\":\"Tavs pal\u012bgs m\u0101jdzivnieku pieskat\u012b\u0161an\u0101\",\"potentialAction\":[{\"@type\":\"SearchAction\",\"target\":{\"@type\":\"EntryPoint\",\"urlTemplate\":\"https:\/\/www.whisker.lv\/?s={search_term_string}\"},\"query-input\":\"required name=search_term_string\"}],\"inLanguage\":\"ru-RU\"}]}<\/script>\n<!-- \/ Yoast SEO plugin. -->","yoast_head_json":{"title":"V\u0101cu \u012bsspalvainais putnu suns - Whisker.lv | Su\u0146u \u0161\u0137irnes","robots":{"index":"index","follow":"follow","max-snippet":"max-snippet:-1","max-image-preview":"max-image-preview:large","max-video-preview":"max-video-preview:-1"},"canonical":"https:\/\/www.whisker.lv\/sunu-skirnes\/vacu-isspalvainais-putnu-suns\/","og_locale":"ru_RU","og_type":"article","og_title":"V\u0101cu \u012bsspalvainais putnu suns - Whisker","og_url":"https:\/\/www.whisker.lv\/sunu-skirnes\/vacu-isspalvainais-putnu-suns\/","og_site_name":"Whisker","article_publisher":"https:\/\/www.facebook.com\/whisker.lv\/","article_modified_time":"2019-04-03T21:33:48+00:00","twitter_card":"summary_large_image","twitter_misc":{"Est. reading time":"1 minute"},"schema":{"@context":"https:\/\/schema.org","@graph":[{"@type":"WebPage","@id":"https:\/\/www.whisker.lv\/sunu-skirnes\/vacu-isspalvainais-putnu-suns\/","url":"https:\/\/www.whisker.lv\/sunu-skirnes\/vacu-isspalvainais-putnu-suns\/","name":"V\u0101cu \u012bsspalvainais putnu suns - Whisker.lv | Su\u0146u \u0161\u0137irnes","isPartOf":{"@id":"https:\/\/www.whisker.lv\/#website"},"datePublished":"2019-03-12T18:53:07+00:00","dateModified":"2019-04-03T21:33:48+00:00","description":"V\u0101cu \u012bsspalvainais putnusuns - t\u0101 proporcijas ir harmoniski veidotas. Atl\u0113tiskais \u0137ermenis pal\u012bdz sunim kust\u0113ties graciozi un aristokr\u0101tiski.","breadcrumb":{"@id":"https:\/\/www.whisker.lv\/sunu-skirnes\/vacu-isspalvainais-putnu-suns\/#breadcrumb"},"inLanguage":"ru-RU","potentialAction":[{"@type":"ReadAction","target":["https:\/\/www.whisker.lv\/sunu-skirnes\/vacu-isspalvainais-putnu-suns\/"]}]},{"@type":"BreadcrumbList","@id":"https:\/\/www.whisker.lv\/sunu-skirnes\/vacu-isspalvainais-putnu-suns\/#breadcrumb","itemListElement":[{"@type":"ListItem","position":1,"name":"S\u0101kums","item":"https:\/\/www.whisker.lv\/"},{"@type":"ListItem","position":2,"name":"Su\u0146u \u0161\u0137irnes","item":"https:\/\/www.whisker.lv\/sunu-skirnes\/"},{"@type":"ListItem","position":3,"name":"V\u0101cu \u012bsspalvainais putnu suns"}]},{"@type":"WebSite","@id":"https:\/\/www.whisker.lv\/#website","url":"https:\/\/www.whisker.lv\/","name":"Whisker","description":"Tavs pal\u012bgs m\u0101jdzivnieku pieskat\u012b\u0161an\u0101","potentialAction":[{"@type":"SearchAction","target":{"@type":"EntryPoint","urlTemplate":"https:\/\/www.whisker.lv\/?s={search_term_string}"},"query-input":"required name=search_term_string"}],"inLanguage":"ru-RU"}]}},"_links":{"self":[{"href":"https:\/\/www.whisker.lv\/ru\/wp-json\/wp\/v2\/pages\/8936"}],"collection":[{"href":"https:\/\/www.whisker.lv\/ru\/wp-json\/wp\/v2\/pages"}],"about":[{"href":"https:\/\/www.whisker.lv\/ru\/wp-json\/wp\/v2\/types\/page"}],"author":[{"embeddable":true,"href":"https:\/\/www.whisker.lv\/ru\/wp-json\/wp\/v2\/users\/1"}],"replies":[{"embeddable":true,"href":"https:\/\/www.whisker.lv\/ru\/wp-json\/wp\/v2\/comments?post=8936"}],"version-history":[{"count":3,"href":"https:\/\/www.whisker.lv\/ru\/wp-json\/wp\/v2\/pages\/8936\/revisions"}],"predecessor-version":[{"id":8940,"href":"https:\/\/www.whisker.lv\/ru\/wp-json\/wp\/v2\/pages\/8936\/revisions\/8940"}],"up":[{"embeddable":true,"href":"https:\/\/www.whisker.lv\/ru\/wp-json\/wp\/v2\/pages\/8016"}],"wp:attachment":[{"href":"https:\/\/www.whisker.lv\/ru\/wp-json\/wp\/v2\/media?parent=8936"}],"curies":[{"name":"wp","href":"https:\/\/api.w.org\/{rel}","templated":true}]}}