



{"id":8988,"date":"2019-03-12T22:42:02","date_gmt":"2019-03-12T20:42:02","guid":{"rendered":"https:\/\/www.whisker.lv\/?page_id=8988"},"modified":"2019-04-03T23:28:42","modified_gmt":"2019-04-03T21:28:42","slug":"tervirens","status":"publish","type":"page","link":"https:\/\/www.whisker.lv\/ru\/sunu-skirnes\/tervirens\/","title":{"rendered":"Tervirens"},"content":{"rendered":"[vc_row][vc_column][vc_text_separator title=&#8221;Tervirens&#8221; border_width=&#8221;8&#8243;][\/vc_column][\/vc_row][vc_row][vc_column width=&#8221;1\/2&#8243;][vc_single_image image=&#8221;8990&#8243; img_size=&#8221;full&#8221; alignment=&#8221;center&#8221; style=&#8221;vc_box_rounded&#8221;][\/vc_column][vc_column width=&#8221;1\/2&#8243;][vc_column_text]<span style=\"color: #000000;\"><strong>Dzimtene:<\/strong> Be\u013c\u0123ija<\/span><\/p>\n<p><span style=\"color: #000000;\"><strong>Funkcija:<\/strong> ganu suns<\/span><\/p>\n<p><span style=\"color: #000000;\"><strong>Izcel\u0161an\u0101s:<\/strong> 1890. g.<\/span><\/p>\n<p><span style=\"color: #000000;\"><strong>Skausta augstums:<\/strong> 56-66 cm<\/span><\/p>\n<p><span style=\"color: #000000;\"><strong>Masa:<\/strong> 28 kg<\/span><\/p>\n<p><span style=\"color: #000000;\"><strong>Raksturs:<\/strong> pak\u013c\u0101v\u012bgs, uzticams<\/span><\/p>\n<p><span style=\"color: #000000;\"><strong>Dz\u012bves ilgums:<\/strong> 12-14 gadi<\/span>[\/vc_column_text][\/vc_column][\/vc_row][vc_row][vc_column][vc_column_text]<span style=\"color: #000000;\">\u0160\u012b ir be\u013c\u0123u aitu su\u0146u \u0161\u0137irne. Ja ne\u0146em v\u0113r\u0101 ka\u017eoka kr\u0101sojumu, t\u0101 ir \u013coti l\u012bdz\u012bga gr\u012bnend\u0101lu \u0161\u0137irnei. \u012apa\u0161a uzman\u012bba j\u0101piever\u0161 tervirena savdab\u012bgajam ka\u017eoka kr\u0101sojumam \u2013 matu gali\u0146i ir tum\u0161\u0101ki nek\u0101 p\u0101r\u0113jais apmatojums, t\u0101p\u0113c su\u0146a mugura, pleci un s\u0101ni izskat\u0101s gandr\u012bz melni. Sevi\u0161\u0137i tas ir izteikts su\u0146iem. Kuc\u0113m ka\u017eoks ir \u012bs\u0101ks nek\u0101 su\u0146iem.<\/span><\/p>\n<p><span style=\"color: #000000;\"><strong>V\u0113sture.<\/strong> \u0160\u0137irne izveidota 1891. gad\u0101 Be\u013c\u0123ijas veterin\u0101rijas augstskol\u0101 profesora Reula vad\u012bb\u0101.<\/span><\/p>\n<p><span style=\"color: #000000;\"><strong>Piez\u012bme.<\/strong> \u0160\u0137irnei ir tie pa\u0161i sen\u010di k\u0101 p\u0101r\u0113jiem be\u013c\u0123u aitu su\u0146iem. T\u0101 ir \u013coti tuvu radniec\u012bga ar gr\u012bnend\u0101lu su\u0146u \u0161\u0137irni. To apstiprina fakts, ka krustojot divus gr\u012bnend\u0101lus, reiz\u0113m iesp\u0113jams ieg\u016bt tervirenus.<\/span><\/p>\n<p><span style=\"color: #000000;\"><strong>Citi nosaukumi.<\/strong> Be\u013c\u0123u tervirens.<\/span>[\/vc_column_text][\/vc_column][\/vc_row]\n","protected":false},"excerpt":{"rendered":"<p>[vc_row][vc_column][vc_text_separator title=&#8221;Tervirens&#8221; border_width=&#8221;8&#8243;][\/vc_column][\/vc_row][vc_row][vc_column width=&#8221;1\/2&#8243;][vc_single_image image=&#8221;8990&#8243; img_size=&#8221;full&#8221; alignment=&#8221;center&#8221; style=&#8221;vc_box_rounded&#8221;][\/vc_column][vc_column width=&#8221;1\/2&#8243;][vc_column_text]Dzimtene: Be\u013c\u0123ija Funkcija: ganu suns Izcel\u0161an\u0101s: 1890. g. Skausta augstums: 56-66 cm Masa: 28 kg Raksturs: pak\u013c\u0101v\u012bgs, uzticams Dz\u012bves ilgums: 12-14 gadi[\/vc_column_text][\/vc_column][\/vc_row][vc_row][vc_column][vc_column_text]\u0160\u012b ir be\u013c\u0123u aitu su\u0146u \u0161\u0137irne. Ja ne\u0146em v\u0113r\u0101 ka\u017eoka kr\u0101sojumu, t\u0101 ir \u013coti l\u012bdz\u012bga gr\u012bnend\u0101lu \u0161\u0137irnei. \u012apa\u0161a uzman\u012bba j\u0101piever\u0161 tervirena savdab\u012bgajam ka\u017eoka kr\u0101sojumam \u2013 matu [&hellip;]<\/p>\n","protected":false},"author":1,"featured_media":0,"parent":8016,"menu_order":0,"comment_status":"closed","ping_status":"closed","template":"page-fullwidth.php","meta":{"_acf_changed":false,"_glsr_average":0,"_glsr_ranking":0,"_glsr_reviews":0,"footnotes":""},"translation":{"provider":"WPGlobus","version":"2.12.2","language":"ru","enabled_languages":["lv","en","ru"],"languages":{"lv":{"title":true,"content":true,"excerpt":false},"en":{"title":false,"content":false,"excerpt":false},"ru":{"title":false,"content":false,"excerpt":false}}},"acf":[],"yoast_head":"<!-- This site is optimized with the Yoast SEO plugin v22.5 - https:\/\/yoast.com\/wordpress\/plugins\/seo\/ -->\n<title>Tervirens - Whisker.lv | Su\u0146u \u0161\u0137irnes - Tervirens<\/title>\n<meta name=\"robots\" content=\"index, follow, max-snippet:-1, max-image-preview:large, max-video-preview:-1\" \/>\n<link rel=\"canonical\" href=\"https:\/\/www.whisker.lv\/sunu-skirnes\/tervirens\/\" \/>\n<meta property=\"og:locale\" content=\"ru_RU\" \/>\n<meta property=\"og:type\" content=\"article\" \/>\n<meta property=\"og:title\" content=\"Tervirens - Whisker\" \/>\n<meta property=\"og:url\" content=\"https:\/\/www.whisker.lv\/sunu-skirnes\/tervirens\/\" \/>\n<meta property=\"og:site_name\" content=\"Whisker\" \/>\n<meta property=\"article:publisher\" content=\"https:\/\/www.facebook.com\/whisker.lv\/\" \/>\n<meta property=\"article:modified_time\" content=\"2019-04-03T21:28:42+00:00\" \/>\n<meta name=\"twitter:card\" content=\"summary_large_image\" \/>\n<meta name=\"twitter:label1\" content=\"Est. reading time\" \/>\n\t<meta name=\"twitter:data1\" content=\"1 minute\" \/>\n<script type=\"application\/ld+json\" class=\"yoast-schema-graph\">{\"@context\":\"https:\/\/schema.org\",\"@graph\":[{\"@type\":\"WebPage\",\"@id\":\"https:\/\/www.whisker.lv\/sunu-skirnes\/tervirens\/\",\"url\":\"https:\/\/www.whisker.lv\/sunu-skirnes\/tervirens\/\",\"name\":\"Tervirens - Whisker.lv | Su\u0146u \u0161\u0137irnes - Tervirens\",\"isPartOf\":{\"@id\":\"https:\/\/www.whisker.lv\/#website\"},\"datePublished\":\"2019-03-12T20:42:02+00:00\",\"dateModified\":\"2019-04-03T21:28:42+00:00\",\"description\":\"Tervirens - \u012bpa\u0161a uzman\u012bba j\u0101piever\u0161 tervirena savdab\u012bgajam ka\u017eoka kr\u0101sojumam \u2013 matu gali\u0146i ir tum\u0161\u0101ki nek\u0101 p\u0101r\u0113jais apmatojums.\",\"breadcrumb\":{\"@id\":\"https:\/\/www.whisker.lv\/sunu-skirnes\/tervirens\/#breadcrumb\"},\"inLanguage\":\"ru-RU\",\"potentialAction\":[{\"@type\":\"ReadAction\",\"target\":[\"https:\/\/www.whisker.lv\/sunu-skirnes\/tervirens\/\"]}]},{\"@type\":\"BreadcrumbList\",\"@id\":\"https:\/\/www.whisker.lv\/sunu-skirnes\/tervirens\/#breadcrumb\",\"itemListElement\":[{\"@type\":\"ListItem\",\"position\":1,\"name\":\"S\u0101kums\",\"item\":\"https:\/\/www.whisker.lv\/\"},{\"@type\":\"ListItem\",\"position\":2,\"name\":\"Su\u0146u \u0161\u0137irnes\",\"item\":\"https:\/\/www.whisker.lv\/sunu-skirnes\/\"},{\"@type\":\"ListItem\",\"position\":3,\"name\":\"Tervirens\"}]},{\"@type\":\"WebSite\",\"@id\":\"https:\/\/www.whisker.lv\/#website\",\"url\":\"https:\/\/www.whisker.lv\/\",\"name\":\"Whisker\",\"description\":\"Tavs pal\u012bgs m\u0101jdzivnieku pieskat\u012b\u0161an\u0101\",\"potentialAction\":[{\"@type\":\"SearchAction\",\"target\":{\"@type\":\"EntryPoint\",\"urlTemplate\":\"https:\/\/www.whisker.lv\/?s={search_term_string}\"},\"query-input\":\"required name=search_term_string\"}],\"inLanguage\":\"ru-RU\"}]}<\/script>\n<!-- \/ Yoast SEO plugin. -->","yoast_head_json":{"title":"Tervirens - Whisker.lv | Su\u0146u \u0161\u0137irnes - Tervirens","robots":{"index":"index","follow":"follow","max-snippet":"max-snippet:-1","max-image-preview":"max-image-preview:large","max-video-preview":"max-video-preview:-1"},"canonical":"https:\/\/www.whisker.lv\/sunu-skirnes\/tervirens\/","og_locale":"ru_RU","og_type":"article","og_title":"Tervirens - Whisker","og_url":"https:\/\/www.whisker.lv\/sunu-skirnes\/tervirens\/","og_site_name":"Whisker","article_publisher":"https:\/\/www.facebook.com\/whisker.lv\/","article_modified_time":"2019-04-03T21:28:42+00:00","twitter_card":"summary_large_image","twitter_misc":{"Est. reading time":"1 minute"},"schema":{"@context":"https:\/\/schema.org","@graph":[{"@type":"WebPage","@id":"https:\/\/www.whisker.lv\/sunu-skirnes\/tervirens\/","url":"https:\/\/www.whisker.lv\/sunu-skirnes\/tervirens\/","name":"Tervirens - Whisker.lv | Su\u0146u \u0161\u0137irnes - Tervirens","isPartOf":{"@id":"https:\/\/www.whisker.lv\/#website"},"datePublished":"2019-03-12T20:42:02+00:00","dateModified":"2019-04-03T21:28:42+00:00","description":"Tervirens - \u012bpa\u0161a uzman\u012bba j\u0101piever\u0161 tervirena savdab\u012bgajam ka\u017eoka kr\u0101sojumam \u2013 matu gali\u0146i ir tum\u0161\u0101ki nek\u0101 p\u0101r\u0113jais apmatojums.","breadcrumb":{"@id":"https:\/\/www.whisker.lv\/sunu-skirnes\/tervirens\/#breadcrumb"},"inLanguage":"ru-RU","potentialAction":[{"@type":"ReadAction","target":["https:\/\/www.whisker.lv\/sunu-skirnes\/tervirens\/"]}]},{"@type":"BreadcrumbList","@id":"https:\/\/www.whisker.lv\/sunu-skirnes\/tervirens\/#breadcrumb","itemListElement":[{"@type":"ListItem","position":1,"name":"S\u0101kums","item":"https:\/\/www.whisker.lv\/"},{"@type":"ListItem","position":2,"name":"Su\u0146u \u0161\u0137irnes","item":"https:\/\/www.whisker.lv\/sunu-skirnes\/"},{"@type":"ListItem","position":3,"name":"Tervirens"}]},{"@type":"WebSite","@id":"https:\/\/www.whisker.lv\/#website","url":"https:\/\/www.whisker.lv\/","name":"Whisker","description":"Tavs pal\u012bgs m\u0101jdzivnieku pieskat\u012b\u0161an\u0101","potentialAction":[{"@type":"SearchAction","target":{"@type":"EntryPoint","urlTemplate":"https:\/\/www.whisker.lv\/?s={search_term_string}"},"query-input":"required name=search_term_string"}],"inLanguage":"ru-RU"}]}},"_links":{"self":[{"href":"https:\/\/www.whisker.lv\/ru\/wp-json\/wp\/v2\/pages\/8988"}],"collection":[{"href":"https:\/\/www.whisker.lv\/ru\/wp-json\/wp\/v2\/pages"}],"about":[{"href":"https:\/\/www.whisker.lv\/ru\/wp-json\/wp\/v2\/types\/page"}],"author":[{"embeddable":true,"href":"https:\/\/www.whisker.lv\/ru\/wp-json\/wp\/v2\/users\/1"}],"replies":[{"embeddable":true,"href":"https:\/\/www.whisker.lv\/ru\/wp-json\/wp\/v2\/comments?post=8988"}],"version-history":[{"count":3,"href":"https:\/\/www.whisker.lv\/ru\/wp-json\/wp\/v2\/pages\/8988\/revisions"}],"predecessor-version":[{"id":11213,"href":"https:\/\/www.whisker.lv\/ru\/wp-json\/wp\/v2\/pages\/8988\/revisions\/11213"}],"up":[{"embeddable":true,"href":"https:\/\/www.whisker.lv\/ru\/wp-json\/wp\/v2\/pages\/8016"}],"wp:attachment":[{"href":"https:\/\/www.whisker.lv\/ru\/wp-json\/wp\/v2\/media?parent=8988"}],"curies":[{"name":"wp","href":"https:\/\/api.w.org\/{rel}","templated":true}]}}