



{"id":8999,"date":"2019-03-13T02:35:41","date_gmt":"2019-03-13T00:35:41","guid":{"rendered":"https:\/\/www.whisker.lv\/?page_id=8999"},"modified":"2019-04-03T23:28:13","modified_gmt":"2019-04-03T21:28:13","slug":"sitcu","status":"publish","type":"page","link":"https:\/\/www.whisker.lv\/ru\/sunu-skirnes\/sitcu\/","title":{"rendered":"\u0160itcu"},"content":{"rendered":"[vc_row][vc_column][vc_text_separator title=&#8221;\u0160itcu &#8221; border_width=&#8221;8&#8243;][\/vc_column][\/vc_row][vc_row][vc_column width=&#8221;1\/2&#8243;][vc_single_image image=&#8221;9001&#8243; img_size=&#8221;full&#8221; alignment=&#8221;center&#8221; style=&#8221;vc_box_rounded&#8221;][\/vc_column][vc_column width=&#8221;1\/2&#8243;][vc_column_text]<span style=\"color: #000000;\"><strong>Dzimtene:<\/strong> \u0136\u012bna<\/span><\/p>\n<p><span style=\"color: #000000;\"><strong>Funkcija:<\/strong>\u00a0\u0137\u012bnie\u0161u galma suns<\/span><\/p>\n<p><span style=\"color: #000000;\"><strong>Izcel\u0161an\u0101s<\/strong>: ap 1600. g.<\/span><\/p>\n<p><span style=\"color: #000000;\"><strong>Skausta augstums:<\/strong> 27 cm<\/span><\/p>\n<p><span style=\"color: #000000;\"><strong>Masa:<\/strong> 5-7 kg<\/span><\/p>\n<p><span style=\"color: #000000;\"><strong>Raksturs:<\/strong> maigs, uztic\u012bgs<\/span><\/p>\n<p><span style=\"color: #000000;\"><strong>Dz\u012bves ilgums:<\/strong> 10-18 gadi<\/span>[\/vc_column_text][\/vc_column][\/vc_row][vc_row][vc_column][vc_column_text]<span style=\"color: #000000;\">Bie\u017ei vien \u0161itcu \u0161\u0137irnes neat\u0161\u0137ir no Tibetas Lhasas apso \u0161kirnes su\u0146iem. T\u0101p\u0113c j\u0101atceras, ka \u0161itcu \u0161\u0137irnes sunim ir biezs, \u013coti m\u012bksts un viegli vi\u013c\u0146ots apmatojums, bet spalva, kas aug uz purna, padara vi\u0146u l\u012bdz\u012bgu krizant\u0113mas ziedam.<\/span><\/p>\n<p><span style=\"color: #000000;\"><strong>V\u0113sture.<\/strong> \u0160itcu dzimtene ir Pekina. \u0160\u0137irne izveidota, krustojot augum\u0101 mazo \u0161\u0137ir\u0146u \u0137\u012bnie\u0161u un Tibetas su\u0146us.<\/span><\/p>\n<p><span style=\"color: #000000;\"><strong>Piez\u012bme.<\/strong> Daudzus gadus \u0161itcu baud\u012bju\u0161i \u012bpa\u0161as privil\u0113\u0123ijas \u0136\u012bnas imperatora galm\u0101.<\/span><\/p>\n<p><span style=\"color: #000000;\"><strong>Otrs nosaukums.<\/strong> Krizant\u0113mu suns.<\/span>[\/vc_column_text][\/vc_column][\/vc_row]\n","protected":false},"excerpt":{"rendered":"<p>[vc_row][vc_column][vc_text_separator title=&#8221;\u0160itcu &#8221; border_width=&#8221;8&#8243;][\/vc_column][\/vc_row][vc_row][vc_column width=&#8221;1\/2&#8243;][vc_single_image image=&#8221;9001&#8243; img_size=&#8221;full&#8221; alignment=&#8221;center&#8221; style=&#8221;vc_box_rounded&#8221;][\/vc_column][vc_column width=&#8221;1\/2&#8243;][vc_column_text]Dzimtene: \u0136\u012bna Funkcija:\u00a0\u0137\u012bnie\u0161u galma suns Izcel\u0161an\u0101s: ap 1600. g. Skausta augstums: 27 cm Masa: 5-7 kg Raksturs: maigs, uztic\u012bgs Dz\u012bves ilgums: 10-18 gadi[\/vc_column_text][\/vc_column][\/vc_row][vc_row][vc_column][vc_column_text]Bie\u017ei vien \u0161itcu \u0161\u0137irnes neat\u0161\u0137ir no Tibetas Lhasas apso \u0161kirnes su\u0146iem. T\u0101p\u0113c j\u0101atceras, ka \u0161itcu \u0161\u0137irnes sunim ir biezs, \u013coti m\u012bksts un viegli vi\u013c\u0146ots [&hellip;]<\/p>\n","protected":false},"author":1,"featured_media":0,"parent":8016,"menu_order":0,"comment_status":"closed","ping_status":"closed","template":"page-fullwidth.php","meta":{"_acf_changed":false,"_glsr_average":0,"_glsr_ranking":0,"_glsr_reviews":0,"footnotes":""},"translation":{"provider":"WPGlobus","version":"2.12.2","language":"ru","enabled_languages":["lv","en","ru"],"languages":{"lv":{"title":true,"content":true,"excerpt":false},"en":{"title":false,"content":false,"excerpt":false},"ru":{"title":false,"content":false,"excerpt":false}}},"acf":[],"yoast_head":"<!-- This site is optimized with the Yoast SEO plugin v22.5 - https:\/\/yoast.com\/wordpress\/plugins\/seo\/ -->\n<title>\u0160itcu - Whisker.lv | Su\u0146u \u0161\u0137irnes - \u0160itcu<\/title>\n<meta name=\"robots\" content=\"index, follow, max-snippet:-1, max-image-preview:large, max-video-preview:-1\" \/>\n<link rel=\"canonical\" href=\"https:\/\/www.whisker.lv\/sunu-skirnes\/sitcu\/\" \/>\n<meta property=\"og:locale\" content=\"ru_RU\" \/>\n<meta property=\"og:type\" content=\"article\" \/>\n<meta property=\"og:title\" content=\"\u0160itcu - Whisker\" \/>\n<meta property=\"og:url\" content=\"https:\/\/www.whisker.lv\/sunu-skirnes\/sitcu\/\" \/>\n<meta property=\"og:site_name\" content=\"Whisker\" \/>\n<meta property=\"article:publisher\" content=\"https:\/\/www.facebook.com\/whisker.lv\/\" \/>\n<meta property=\"article:modified_time\" content=\"2019-04-03T21:28:13+00:00\" \/>\n<meta name=\"twitter:card\" content=\"summary_large_image\" \/>\n<meta name=\"twitter:label1\" content=\"Est. reading time\" \/>\n\t<meta name=\"twitter:data1\" content=\"1 minute\" \/>\n<script type=\"application\/ld+json\" class=\"yoast-schema-graph\">{\"@context\":\"https:\/\/schema.org\",\"@graph\":[{\"@type\":\"WebPage\",\"@id\":\"https:\/\/www.whisker.lv\/sunu-skirnes\/sitcu\/\",\"url\":\"https:\/\/www.whisker.lv\/sunu-skirnes\/sitcu\/\",\"name\":\"\u0160itcu - Whisker.lv | Su\u0146u \u0161\u0137irnes - \u0160itcu\",\"isPartOf\":{\"@id\":\"https:\/\/www.whisker.lv\/#website\"},\"datePublished\":\"2019-03-13T00:35:41+00:00\",\"dateModified\":\"2019-04-03T21:28:13+00:00\",\"description\":\"Bie\u017ei vien \u0161itcu \u0161\u0137irnes neat\u0161\u0137ir no Tibetas Lhasas apso \u0161kirnes su\u0146iem.T\u0101p\u0113c j\u0101atceras, ka \u0161itcu \u0161\u0137irnes sunim ir biezs, \u013coti m\u012bksts un vi\u013c\u0146ots apmatojums.\",\"breadcrumb\":{\"@id\":\"https:\/\/www.whisker.lv\/sunu-skirnes\/sitcu\/#breadcrumb\"},\"inLanguage\":\"ru-RU\",\"potentialAction\":[{\"@type\":\"ReadAction\",\"target\":[\"https:\/\/www.whisker.lv\/sunu-skirnes\/sitcu\/\"]}]},{\"@type\":\"BreadcrumbList\",\"@id\":\"https:\/\/www.whisker.lv\/sunu-skirnes\/sitcu\/#breadcrumb\",\"itemListElement\":[{\"@type\":\"ListItem\",\"position\":1,\"name\":\"S\u0101kums\",\"item\":\"https:\/\/www.whisker.lv\/\"},{\"@type\":\"ListItem\",\"position\":2,\"name\":\"Su\u0146u \u0161\u0137irnes\",\"item\":\"https:\/\/www.whisker.lv\/sunu-skirnes\/\"},{\"@type\":\"ListItem\",\"position\":3,\"name\":\"\u0160itcu\"}]},{\"@type\":\"WebSite\",\"@id\":\"https:\/\/www.whisker.lv\/#website\",\"url\":\"https:\/\/www.whisker.lv\/\",\"name\":\"Whisker\",\"description\":\"Tavs pal\u012bgs m\u0101jdzivnieku pieskat\u012b\u0161an\u0101\",\"potentialAction\":[{\"@type\":\"SearchAction\",\"target\":{\"@type\":\"EntryPoint\",\"urlTemplate\":\"https:\/\/www.whisker.lv\/?s={search_term_string}\"},\"query-input\":\"required name=search_term_string\"}],\"inLanguage\":\"ru-RU\"}]}<\/script>\n<!-- \/ Yoast SEO plugin. -->","yoast_head_json":{"title":"\u0160itcu - Whisker.lv | Su\u0146u \u0161\u0137irnes - \u0160itcu","robots":{"index":"index","follow":"follow","max-snippet":"max-snippet:-1","max-image-preview":"max-image-preview:large","max-video-preview":"max-video-preview:-1"},"canonical":"https:\/\/www.whisker.lv\/sunu-skirnes\/sitcu\/","og_locale":"ru_RU","og_type":"article","og_title":"\u0160itcu - Whisker","og_url":"https:\/\/www.whisker.lv\/sunu-skirnes\/sitcu\/","og_site_name":"Whisker","article_publisher":"https:\/\/www.facebook.com\/whisker.lv\/","article_modified_time":"2019-04-03T21:28:13+00:00","twitter_card":"summary_large_image","twitter_misc":{"Est. reading time":"1 minute"},"schema":{"@context":"https:\/\/schema.org","@graph":[{"@type":"WebPage","@id":"https:\/\/www.whisker.lv\/sunu-skirnes\/sitcu\/","url":"https:\/\/www.whisker.lv\/sunu-skirnes\/sitcu\/","name":"\u0160itcu - Whisker.lv | Su\u0146u \u0161\u0137irnes - \u0160itcu","isPartOf":{"@id":"https:\/\/www.whisker.lv\/#website"},"datePublished":"2019-03-13T00:35:41+00:00","dateModified":"2019-04-03T21:28:13+00:00","description":"Bie\u017ei vien \u0161itcu \u0161\u0137irnes neat\u0161\u0137ir no Tibetas Lhasas apso \u0161kirnes su\u0146iem.T\u0101p\u0113c j\u0101atceras, ka \u0161itcu \u0161\u0137irnes sunim ir biezs, \u013coti m\u012bksts un vi\u013c\u0146ots apmatojums.","breadcrumb":{"@id":"https:\/\/www.whisker.lv\/sunu-skirnes\/sitcu\/#breadcrumb"},"inLanguage":"ru-RU","potentialAction":[{"@type":"ReadAction","target":["https:\/\/www.whisker.lv\/sunu-skirnes\/sitcu\/"]}]},{"@type":"BreadcrumbList","@id":"https:\/\/www.whisker.lv\/sunu-skirnes\/sitcu\/#breadcrumb","itemListElement":[{"@type":"ListItem","position":1,"name":"S\u0101kums","item":"https:\/\/www.whisker.lv\/"},{"@type":"ListItem","position":2,"name":"Su\u0146u \u0161\u0137irnes","item":"https:\/\/www.whisker.lv\/sunu-skirnes\/"},{"@type":"ListItem","position":3,"name":"\u0160itcu"}]},{"@type":"WebSite","@id":"https:\/\/www.whisker.lv\/#website","url":"https:\/\/www.whisker.lv\/","name":"Whisker","description":"Tavs pal\u012bgs m\u0101jdzivnieku pieskat\u012b\u0161an\u0101","potentialAction":[{"@type":"SearchAction","target":{"@type":"EntryPoint","urlTemplate":"https:\/\/www.whisker.lv\/?s={search_term_string}"},"query-input":"required name=search_term_string"}],"inLanguage":"ru-RU"}]}},"_links":{"self":[{"href":"https:\/\/www.whisker.lv\/ru\/wp-json\/wp\/v2\/pages\/8999"}],"collection":[{"href":"https:\/\/www.whisker.lv\/ru\/wp-json\/wp\/v2\/pages"}],"about":[{"href":"https:\/\/www.whisker.lv\/ru\/wp-json\/wp\/v2\/types\/page"}],"author":[{"embeddable":true,"href":"https:\/\/www.whisker.lv\/ru\/wp-json\/wp\/v2\/users\/1"}],"replies":[{"embeddable":true,"href":"https:\/\/www.whisker.lv\/ru\/wp-json\/wp\/v2\/comments?post=8999"}],"version-history":[{"count":3,"href":"https:\/\/www.whisker.lv\/ru\/wp-json\/wp\/v2\/pages\/8999\/revisions"}],"predecessor-version":[{"id":9003,"href":"https:\/\/www.whisker.lv\/ru\/wp-json\/wp\/v2\/pages\/8999\/revisions\/9003"}],"up":[{"embeddable":true,"href":"https:\/\/www.whisker.lv\/ru\/wp-json\/wp\/v2\/pages\/8016"}],"wp:attachment":[{"href":"https:\/\/www.whisker.lv\/ru\/wp-json\/wp\/v2\/media?parent=8999"}],"curies":[{"name":"wp","href":"https:\/\/api.w.org\/{rel}","templated":true}]}}