



{"id":9004,"date":"2019-03-13T02:42:43","date_gmt":"2019-03-13T00:42:43","guid":{"rendered":"https:\/\/www.whisker.lv\/?page_id=9004"},"modified":"2019-04-03T23:27:44","modified_gmt":"2019-04-03T21:27:44","slug":"siperke","status":"publish","type":"page","link":"https:\/\/www.whisker.lv\/ru\/sunu-skirnes\/siperke\/","title":{"rendered":"\u0160iperke"},"content":{"rendered":"[vc_row][vc_column][vc_text_separator title=&#8221;\u0160iperke&#8221; border_width=&#8221;8&#8243;][\/vc_column][\/vc_row][vc_row][vc_column width=&#8221;1\/2&#8243;][vc_single_image image=&#8221;9006&#8243; img_size=&#8221;full&#8221; alignment=&#8221;center&#8221; style=&#8221;vc_box_rounded&#8221;][\/vc_column][vc_column width=&#8221;1\/2&#8243;][vc_column_text]<span style=\"color: #000000;\"><strong>Dzimtene:<\/strong> Be\u013c\u0123ija<\/span><\/p>\n<p><span style=\"color: #000000;\"><strong>Funkcija<\/strong>: bar\u017eu sargsuns<\/span><\/p>\n<p><span style=\"color: #000000;\"><strong>Izcel\u0161an\u0101s:<\/strong> ap 1500. g.<\/span><\/p>\n<p><span style=\"color: #000000;\"><strong>Skausta augstums:<\/strong> 25-33 cm<\/span><\/p>\n<p><span style=\"color: #000000;\"><strong>Masa:<\/strong> 5,5-7,5 kg<\/span><\/p>\n<p><span style=\"color: #000000;\"><strong>Raksturs:<\/strong> modrs, uzticams<\/span><\/p>\n<p><span style=\"color: #000000;\"><strong>Dz\u012bves ilgums:<\/strong> 12-14 gadi<\/span>[\/vc_column_text][\/vc_column][\/vc_row][vc_row][vc_column][vc_column_text]<span style=\"color: #000000;\">\u0160iperke ir relat\u012bvi mazs, bet \u013coti pievilc\u012bgs \u0161picu grupas sun\u012btis. Garie, biezie un rupjie akomati veido kuplu apkakli. ASV apstiprin\u0101tais \u0161iperkes \u0161\u0137irnes standarts atz\u012bst tikai melnus su\u0146us, ta\u010du cit\u0101s valst\u012bs akcept\u0113ti ar\u012b citu kr\u0101sas \u0161iperkes.<\/span><\/p>\n<p><span style=\"color: #000000;\"><strong>V\u0113sture.<\/strong> \u0160iperke vienm\u0113r ir pieskait\u012bts pie mazo su\u0146u grupas. S\u0101kotn\u0113ji vi\u0146u izmantoja bar\u017eu apsarg\u0101\u0161anai. Dom\u0101jams, ka \u0161\u0137irnes nosaukums aizg\u016bts no fl\u0101mu valodas v\u0101rda, kas tulkojum\u0101 noz\u012bm\u0113 \u201cmazais laivinieks\u201d.<\/span><\/p>\n<p><span style=\"color: #000000;\"><strong>Piez\u012bme.<\/strong> \u0160iperkes kuc\u0113ni liel\u0101koties piedzimst bezastaini. Izst\u0101\u017eu su\u0146iem astei j\u0101b\u016bt sa\u012bsin\u0101tai.<\/span><\/p>\n[\/vc_column_text][\/vc_column][\/vc_row]\n","protected":false},"excerpt":{"rendered":"<p>[vc_row][vc_column][vc_text_separator title=&#8221;\u0160iperke&#8221; border_width=&#8221;8&#8243;][\/vc_column][\/vc_row][vc_row][vc_column width=&#8221;1\/2&#8243;][vc_single_image image=&#8221;9006&#8243; img_size=&#8221;full&#8221; alignment=&#8221;center&#8221; style=&#8221;vc_box_rounded&#8221;][\/vc_column][vc_column width=&#8221;1\/2&#8243;][vc_column_text]Dzimtene: Be\u013c\u0123ija Funkcija: bar\u017eu sargsuns Izcel\u0161an\u0101s: ap 1500. g. Skausta augstums: 25-33 cm Masa: 5,5-7,5 kg Raksturs: modrs, uzticams Dz\u012bves ilgums: 12-14 gadi[\/vc_column_text][\/vc_column][\/vc_row][vc_row][vc_column][vc_column_text]\u0160iperke ir relat\u012bvi mazs, bet \u013coti pievilc\u012bgs \u0161picu grupas sun\u012btis. Garie, biezie un rupjie akomati veido kuplu apkakli. ASV apstiprin\u0101tais \u0161iperkes \u0161\u0137irnes standarts atz\u012bst tikai [&hellip;]<\/p>\n","protected":false},"author":1,"featured_media":0,"parent":8016,"menu_order":0,"comment_status":"closed","ping_status":"closed","template":"page-fullwidth.php","meta":{"_acf_changed":false,"_glsr_average":0,"_glsr_ranking":0,"_glsr_reviews":0,"footnotes":""},"translation":{"provider":"WPGlobus","version":"2.12.2","language":"ru","enabled_languages":["lv","en","ru"],"languages":{"lv":{"title":true,"content":true,"excerpt":false},"en":{"title":false,"content":false,"excerpt":false},"ru":{"title":false,"content":false,"excerpt":false}}},"acf":[],"yoast_head":"<!-- This site is optimized with the Yoast SEO plugin v22.5 - https:\/\/yoast.com\/wordpress\/plugins\/seo\/ -->\n<title>\u0160iperke - Whisker.lv | Su\u0146u \u0161\u0137irnes - \u0160iperke<\/title>\n<meta name=\"robots\" content=\"index, follow, max-snippet:-1, max-image-preview:large, max-video-preview:-1\" \/>\n<link rel=\"canonical\" href=\"https:\/\/www.whisker.lv\/sunu-skirnes\/siperke\/\" \/>\n<meta property=\"og:locale\" content=\"ru_RU\" \/>\n<meta property=\"og:type\" content=\"article\" \/>\n<meta property=\"og:title\" content=\"\u0160iperke - Whisker\" \/>\n<meta property=\"og:url\" content=\"https:\/\/www.whisker.lv\/sunu-skirnes\/siperke\/\" \/>\n<meta property=\"og:site_name\" content=\"Whisker\" \/>\n<meta property=\"article:publisher\" content=\"https:\/\/www.facebook.com\/whisker.lv\/\" \/>\n<meta property=\"article:modified_time\" content=\"2019-04-03T21:27:44+00:00\" \/>\n<meta name=\"twitter:card\" content=\"summary_large_image\" \/>\n<meta name=\"twitter:label1\" content=\"Est. reading time\" \/>\n\t<meta name=\"twitter:data1\" content=\"1 minute\" \/>\n<script type=\"application\/ld+json\" class=\"yoast-schema-graph\">{\"@context\":\"https:\/\/schema.org\",\"@graph\":[{\"@type\":\"WebPage\",\"@id\":\"https:\/\/www.whisker.lv\/sunu-skirnes\/siperke\/\",\"url\":\"https:\/\/www.whisker.lv\/sunu-skirnes\/siperke\/\",\"name\":\"\u0160iperke - Whisker.lv | Su\u0146u \u0161\u0137irnes - \u0160iperke\",\"isPartOf\":{\"@id\":\"https:\/\/www.whisker.lv\/#website\"},\"datePublished\":\"2019-03-13T00:42:43+00:00\",\"dateModified\":\"2019-04-03T21:27:44+00:00\",\"description\":\"\u0160iperke ir relat\u012bvi mazs, bet \u013coti pievilc\u012bgs \u0161picu grupas sun\u012btis. Garie, biezie un rupjie akomati veido kuplu apkakli.\",\"breadcrumb\":{\"@id\":\"https:\/\/www.whisker.lv\/sunu-skirnes\/siperke\/#breadcrumb\"},\"inLanguage\":\"ru-RU\",\"potentialAction\":[{\"@type\":\"ReadAction\",\"target\":[\"https:\/\/www.whisker.lv\/sunu-skirnes\/siperke\/\"]}]},{\"@type\":\"BreadcrumbList\",\"@id\":\"https:\/\/www.whisker.lv\/sunu-skirnes\/siperke\/#breadcrumb\",\"itemListElement\":[{\"@type\":\"ListItem\",\"position\":1,\"name\":\"S\u0101kums\",\"item\":\"https:\/\/www.whisker.lv\/\"},{\"@type\":\"ListItem\",\"position\":2,\"name\":\"Su\u0146u \u0161\u0137irnes\",\"item\":\"https:\/\/www.whisker.lv\/sunu-skirnes\/\"},{\"@type\":\"ListItem\",\"position\":3,\"name\":\"\u0160iperke\"}]},{\"@type\":\"WebSite\",\"@id\":\"https:\/\/www.whisker.lv\/#website\",\"url\":\"https:\/\/www.whisker.lv\/\",\"name\":\"Whisker\",\"description\":\"Tavs pal\u012bgs m\u0101jdzivnieku pieskat\u012b\u0161an\u0101\",\"potentialAction\":[{\"@type\":\"SearchAction\",\"target\":{\"@type\":\"EntryPoint\",\"urlTemplate\":\"https:\/\/www.whisker.lv\/?s={search_term_string}\"},\"query-input\":\"required name=search_term_string\"}],\"inLanguage\":\"ru-RU\"}]}<\/script>\n<!-- \/ Yoast SEO plugin. -->","yoast_head_json":{"title":"\u0160iperke - Whisker.lv | Su\u0146u \u0161\u0137irnes - \u0160iperke","robots":{"index":"index","follow":"follow","max-snippet":"max-snippet:-1","max-image-preview":"max-image-preview:large","max-video-preview":"max-video-preview:-1"},"canonical":"https:\/\/www.whisker.lv\/sunu-skirnes\/siperke\/","og_locale":"ru_RU","og_type":"article","og_title":"\u0160iperke - Whisker","og_url":"https:\/\/www.whisker.lv\/sunu-skirnes\/siperke\/","og_site_name":"Whisker","article_publisher":"https:\/\/www.facebook.com\/whisker.lv\/","article_modified_time":"2019-04-03T21:27:44+00:00","twitter_card":"summary_large_image","twitter_misc":{"Est. reading time":"1 minute"},"schema":{"@context":"https:\/\/schema.org","@graph":[{"@type":"WebPage","@id":"https:\/\/www.whisker.lv\/sunu-skirnes\/siperke\/","url":"https:\/\/www.whisker.lv\/sunu-skirnes\/siperke\/","name":"\u0160iperke - Whisker.lv | Su\u0146u \u0161\u0137irnes - \u0160iperke","isPartOf":{"@id":"https:\/\/www.whisker.lv\/#website"},"datePublished":"2019-03-13T00:42:43+00:00","dateModified":"2019-04-03T21:27:44+00:00","description":"\u0160iperke ir relat\u012bvi mazs, bet \u013coti pievilc\u012bgs \u0161picu grupas sun\u012btis. Garie, biezie un rupjie akomati veido kuplu apkakli.","breadcrumb":{"@id":"https:\/\/www.whisker.lv\/sunu-skirnes\/siperke\/#breadcrumb"},"inLanguage":"ru-RU","potentialAction":[{"@type":"ReadAction","target":["https:\/\/www.whisker.lv\/sunu-skirnes\/siperke\/"]}]},{"@type":"BreadcrumbList","@id":"https:\/\/www.whisker.lv\/sunu-skirnes\/siperke\/#breadcrumb","itemListElement":[{"@type":"ListItem","position":1,"name":"S\u0101kums","item":"https:\/\/www.whisker.lv\/"},{"@type":"ListItem","position":2,"name":"Su\u0146u \u0161\u0137irnes","item":"https:\/\/www.whisker.lv\/sunu-skirnes\/"},{"@type":"ListItem","position":3,"name":"\u0160iperke"}]},{"@type":"WebSite","@id":"https:\/\/www.whisker.lv\/#website","url":"https:\/\/www.whisker.lv\/","name":"Whisker","description":"Tavs pal\u012bgs m\u0101jdzivnieku pieskat\u012b\u0161an\u0101","potentialAction":[{"@type":"SearchAction","target":{"@type":"EntryPoint","urlTemplate":"https:\/\/www.whisker.lv\/?s={search_term_string}"},"query-input":"required name=search_term_string"}],"inLanguage":"ru-RU"}]}},"_links":{"self":[{"href":"https:\/\/www.whisker.lv\/ru\/wp-json\/wp\/v2\/pages\/9004"}],"collection":[{"href":"https:\/\/www.whisker.lv\/ru\/wp-json\/wp\/v2\/pages"}],"about":[{"href":"https:\/\/www.whisker.lv\/ru\/wp-json\/wp\/v2\/types\/page"}],"author":[{"embeddable":true,"href":"https:\/\/www.whisker.lv\/ru\/wp-json\/wp\/v2\/users\/1"}],"replies":[{"embeddable":true,"href":"https:\/\/www.whisker.lv\/ru\/wp-json\/wp\/v2\/comments?post=9004"}],"version-history":[{"count":3,"href":"https:\/\/www.whisker.lv\/ru\/wp-json\/wp\/v2\/pages\/9004\/revisions"}],"predecessor-version":[{"id":9008,"href":"https:\/\/www.whisker.lv\/ru\/wp-json\/wp\/v2\/pages\/9004\/revisions\/9008"}],"up":[{"embeddable":true,"href":"https:\/\/www.whisker.lv\/ru\/wp-json\/wp\/v2\/pages\/8016"}],"wp:attachment":[{"href":"https:\/\/www.whisker.lv\/ru\/wp-json\/wp\/v2\/media?parent=9004"}],"curies":[{"name":"wp","href":"https:\/\/api.w.org\/{rel}","templated":true}]}}