



{"id":9009,"date":"2019-03-13T02:48:27","date_gmt":"2019-03-13T00:48:27","guid":{"rendered":"https:\/\/www.whisker.lv\/?page_id=9009"},"modified":"2020-01-06T05:03:52","modified_gmt":"2020-01-06T03:03:52","slug":"seltijs","status":"publish","type":"page","link":"https:\/\/www.whisker.lv\/ru\/sunu-skirnes\/seltijs\/","title":{"rendered":"\u0160eltijs"},"content":{"rendered":"[vc_row][vc_column][vc_text_separator title=&#8221;\u0160eltijs&#8221; border_width=&#8221;8&#8243;][\/vc_column][\/vc_row][vc_row][vc_column width=&#8221;1\/2&#8243;][vc_single_image image=&#8221;9011&#8243; img_size=&#8221;full&#8221; alignment=&#8221;center&#8221; style=&#8221;vc_box_rounded&#8221;][\/vc_column][vc_column width=&#8221;1\/2&#8243;][vc_column_text]<span style=\"color: #000000;\"><strong>Dzimtene:<\/strong> Lielbrit\u0101nija<\/span><\/p>\n<p><span style=\"color: #000000;\"><strong>Funkcija:<\/strong> aitu suns<\/span><\/p>\n<p><span style=\"color: #000000;\"><strong>Izcel\u0161an\u0101s:<\/strong> ap 1700. g.<\/span><\/p>\n<p><span style=\"color: #000000;\"><strong>Skausta augstums:<\/strong> 35-37 cm<\/span><\/p>\n<p><span style=\"color: #000000;\"><strong>Masa:<\/strong> 6-7 kg<\/span><\/p>\n<p><span style=\"color: #000000;\"><strong>Raksturs:<\/strong> akt\u012bvs, inteli\u0123ents<\/span><\/p>\n<p><span style=\"color: #000000;\"><strong>Dz\u012bves ilgums:<\/strong> 12-14 gadi<\/span>[\/vc_column_text][\/vc_column][\/vc_row][vc_row][vc_column][vc_column_text]\u0160etlendas aitu suns ir \u0101rk\u0101rt\u012bgi inteli\u0123enta, ener\u0123iska \u0161\u0137irne, kuru ir viegli apm\u0101c\u012bt, t\u0101p\u0113c vi\u0146i ir pasaules klases meistari ad\u017eilit\u012b, gan\u0101mpulku uzraudz\u012b\u0161an\u0101 un izcili paklaus\u012bb\u0101. Vi\u0146u loj\u0101lais, intuit\u012bvais raksturs noz\u012bm\u0113 to, ka vi\u0146i var darboties ar\u012b k\u0101 terapijas su\u0146i. \u0160eltijiem ir rakstur\u012bga piesardz\u012bba pret sve\u0161iniekiem un \u0161\u012bs rakstura iez\u012bmes d\u0113\u013c \u0161\u012b \u0161\u0137irne ir lielisks \u0123imenes sargsuns. Vis\u0101di cit\u0101di \u0160eltiji ir \u013coti rota\u013c\u012bgas un sirsn\u012bgas dabas m\u012blu\u013ci.<\/p>\n<p>Lai gan \u0160eltiji joproj\u0101m ir zin\u0101mi k\u0101 izcili gan\u0101mpulku sargi, \u0161odien \u0161o \u0161\u0137irni bie\u017e\u0101k uzskata par \u0123imenes m\u012bluli vai pavado\u0146u suni, pateicoties t\u0101 skaistumam un labsird\u012bgumam. <span style=\"color: #000000;\">\u0160eltijam jeb \u0160etlandas aitu sunim at\u0161\u0137ir\u012bb\u0101 no garspalvainajiem kollijiem ir maz\u0101ks augums. Nelielam, burv\u012bgajam aitu sunim ir bieza pavilna un kuplas kr\u0113pes.<\/span><\/p>\n<p>Atl\u0113tiskajiem un akt\u012bvajiem \u0160eltijiem nepiecie\u0161ama vismaz m\u0113rena ikdienas slodze. Piel\u0101gojam\u0101 rakstura d\u0113\u013c vi\u0146i viegli asimil\u0113sies j\u016bsu \u0123imenes dz\u012bvesveidam \u2013 pat \u0123imen\u0113s, kas dz\u012bvo vair\u0101k pils\u0113tvid\u0113 vai neatteiksies izbaud\u012bt izbraukumus kop\u0101 ar saviem saimniekiem.<\/p>\n<p>Agr\u012bnas socializ\u0101cijas un apm\u0101c\u012bbas nodarb\u012bbas j\u0101s\u0101k kuc\u0113nu vecum\u0101. T\u0101 k\u0101 \u0160eltiji ir \u013coti inteli\u0123enti un v\u0113las izpatikt, tos ir viegli apm\u0101c\u012bt un vi\u0146i var b\u016bt izcili s\u0101kot no pamata paklaus\u012bbas un beidzot ar ad\u017eilit\u012b sportu.<\/p>\n<p>\u0160eltiji ir viena no vok\u0101l\u0101kaj\u0101m su\u0146u \u0161\u0137irn\u0113m, t\u0101d\u0113\u013c \u012bpa\u0161niekiem j\u0101b\u016bt gataviem m\u0101c\u012bt \u0160etlendas aitu suni, kad rie\u0161ana ir un, kad t\u0101 nav piem\u0113rota. T\u0101 k\u0101 t\u0101 ir gan\u0101mpulka \u0161\u0137irne, \u0160eltijiem pat\u012bk dz\u012bties paka\u013c kust\u012bg\u0101m liet\u0101m, ieskaitot automa\u0161\u012bnas, t\u0101p\u0113c vi\u0146u dro\u0161\u012bbai ide\u0101l\u0101 gad\u012bjum\u0101 ir nepiecie\u0161ama no\u017eogota teritorija un pastaigas pavad\u0101. \u0160\u012b \u0161\u0137irne var b\u016bt \u013coti aizdom\u012bga pret sve\u0161iniekiem un pat b\u0113rniem, t\u0101d\u0113\u013c bez pien\u0101c\u012bgas apm\u0101c\u012bbas un socializ\u0101cijas var trok\u0161\u0146ot un\u00a0past\u0101v\u012bgi riet.<\/p>\n<p><span style=\"color: #000000;\"><strong>V\u0113sture.<\/strong> \u0160\u0137irnes dzimtene ir \u0160etlandas salas pie Skotijas krastiem.<\/span><\/p>\n<p><span style=\"color: #000000;\"><strong>Piez\u012bme.<\/strong> \u0160eltiji \u013coti pie\u0137eras saimniekam.<\/span>[\/vc_column_text][\/vc_column][\/vc_row]\n","protected":false},"excerpt":{"rendered":"<p>[vc_row][vc_column][vc_text_separator title=&#8221;\u0160eltijs&#8221; border_width=&#8221;8&#8243;][\/vc_column][\/vc_row][vc_row][vc_column width=&#8221;1\/2&#8243;][vc_single_image image=&#8221;9011&#8243; img_size=&#8221;full&#8221; alignment=&#8221;center&#8221; style=&#8221;vc_box_rounded&#8221;][\/vc_column][vc_column width=&#8221;1\/2&#8243;][vc_column_text]Dzimtene: Lielbrit\u0101nija Funkcija: aitu suns Izcel\u0161an\u0101s: ap 1700. g. Skausta augstums: 35-37 cm Masa: 6-7 kg Raksturs: akt\u012bvs, inteli\u0123ents Dz\u012bves ilgums: 12-14 gadi[\/vc_column_text][\/vc_column][\/vc_row][vc_row][vc_column][vc_column_text]\u0160etlendas aitu suns ir \u0101rk\u0101rt\u012bgi inteli\u0123enta, ener\u0123iska \u0161\u0137irne, kuru ir viegli apm\u0101c\u012bt, t\u0101p\u0113c vi\u0146i ir pasaules klases meistari ad\u017eilit\u012b, gan\u0101mpulku uzraudz\u012b\u0161an\u0101 un izcili paklaus\u012bb\u0101. Vi\u0146u [&hellip;]<\/p>\n","protected":false},"author":1,"featured_media":0,"parent":8016,"menu_order":0,"comment_status":"closed","ping_status":"closed","template":"page-fullwidth.php","meta":{"_acf_changed":false,"_glsr_average":0,"_glsr_ranking":0,"_glsr_reviews":0,"footnotes":""},"translation":{"provider":"WPGlobus","version":"2.12.2","language":"ru","enabled_languages":["lv","en","ru"],"languages":{"lv":{"title":true,"content":true,"excerpt":false},"en":{"title":false,"content":false,"excerpt":false},"ru":{"title":false,"content":false,"excerpt":false}}},"acf":[],"yoast_head":"<!-- This site is optimized with the Yoast SEO plugin v22.5 - https:\/\/yoast.com\/wordpress\/plugins\/seo\/ -->\n<title>\u0160eltijs jeb \u0160etlendas aitu suns - Whisker.lv | Su\u0146u \u0161\u0137irnes - \u0160eltijs<\/title>\n<meta name=\"robots\" content=\"index, follow, max-snippet:-1, max-image-preview:large, max-video-preview:-1\" \/>\n<link rel=\"canonical\" href=\"https:\/\/www.whisker.lv\/sunu-skirnes\/seltijs\/\" \/>\n<meta property=\"og:locale\" content=\"ru_RU\" \/>\n<meta property=\"og:type\" content=\"article\" \/>\n<meta property=\"og:title\" content=\"\u0160eltijs - Whisker\" \/>\n<meta property=\"og:url\" content=\"https:\/\/www.whisker.lv\/sunu-skirnes\/seltijs\/\" \/>\n<meta property=\"og:site_name\" content=\"Whisker\" \/>\n<meta property=\"article:publisher\" content=\"https:\/\/www.facebook.com\/whisker.lv\/\" \/>\n<meta property=\"article:modified_time\" content=\"2020-01-06T03:03:52+00:00\" \/>\n<meta name=\"twitter:card\" content=\"summary_large_image\" \/>\n<meta name=\"twitter:label1\" content=\"Est. reading time\" \/>\n\t<meta name=\"twitter:data1\" content=\"2 minutes\" \/>\n<script type=\"application\/ld+json\" class=\"yoast-schema-graph\">{\"@context\":\"https:\/\/schema.org\",\"@graph\":[{\"@type\":\"WebPage\",\"@id\":\"https:\/\/www.whisker.lv\/sunu-skirnes\/seltijs\/\",\"url\":\"https:\/\/www.whisker.lv\/sunu-skirnes\/seltijs\/\",\"name\":\"\u0160eltijs jeb \u0160etlendas aitu suns - Whisker.lv | Su\u0146u \u0161\u0137irnes - \u0160eltijs\",\"isPartOf\":{\"@id\":\"https:\/\/www.whisker.lv\/#website\"},\"datePublished\":\"2019-03-13T00:48:27+00:00\",\"dateModified\":\"2020-01-06T03:03:52+00:00\",\"description\":\"\u0160eltijs jeb \u0160etlendas aitu suns - at\u0161\u0137ir\u012bb\u0101 no garspalvainajiem kollijiem ir maz\u0101ks augums. Nelielam aitu sunim ir bieza pavilna un kuplas kr\u0113pes.\",\"breadcrumb\":{\"@id\":\"https:\/\/www.whisker.lv\/sunu-skirnes\/seltijs\/#breadcrumb\"},\"inLanguage\":\"ru-RU\",\"potentialAction\":[{\"@type\":\"ReadAction\",\"target\":[\"https:\/\/www.whisker.lv\/sunu-skirnes\/seltijs\/\"]}]},{\"@type\":\"BreadcrumbList\",\"@id\":\"https:\/\/www.whisker.lv\/sunu-skirnes\/seltijs\/#breadcrumb\",\"itemListElement\":[{\"@type\":\"ListItem\",\"position\":1,\"name\":\"S\u0101kums\",\"item\":\"https:\/\/www.whisker.lv\/\"},{\"@type\":\"ListItem\",\"position\":2,\"name\":\"Su\u0146u \u0161\u0137irnes\",\"item\":\"https:\/\/www.whisker.lv\/sunu-skirnes\/\"},{\"@type\":\"ListItem\",\"position\":3,\"name\":\"\u0160eltijs\"}]},{\"@type\":\"WebSite\",\"@id\":\"https:\/\/www.whisker.lv\/#website\",\"url\":\"https:\/\/www.whisker.lv\/\",\"name\":\"Whisker\",\"description\":\"Tavs pal\u012bgs m\u0101jdzivnieku pieskat\u012b\u0161an\u0101\",\"potentialAction\":[{\"@type\":\"SearchAction\",\"target\":{\"@type\":\"EntryPoint\",\"urlTemplate\":\"https:\/\/www.whisker.lv\/?s={search_term_string}\"},\"query-input\":\"required name=search_term_string\"}],\"inLanguage\":\"ru-RU\"}]}<\/script>\n<!-- \/ Yoast SEO plugin. -->","yoast_head_json":{"title":"\u0160eltijs jeb \u0160etlendas aitu suns - Whisker.lv | Su\u0146u \u0161\u0137irnes - \u0160eltijs","robots":{"index":"index","follow":"follow","max-snippet":"max-snippet:-1","max-image-preview":"max-image-preview:large","max-video-preview":"max-video-preview:-1"},"canonical":"https:\/\/www.whisker.lv\/sunu-skirnes\/seltijs\/","og_locale":"ru_RU","og_type":"article","og_title":"\u0160eltijs - Whisker","og_url":"https:\/\/www.whisker.lv\/sunu-skirnes\/seltijs\/","og_site_name":"Whisker","article_publisher":"https:\/\/www.facebook.com\/whisker.lv\/","article_modified_time":"2020-01-06T03:03:52+00:00","twitter_card":"summary_large_image","twitter_misc":{"Est. reading time":"2 minutes"},"schema":{"@context":"https:\/\/schema.org","@graph":[{"@type":"WebPage","@id":"https:\/\/www.whisker.lv\/sunu-skirnes\/seltijs\/","url":"https:\/\/www.whisker.lv\/sunu-skirnes\/seltijs\/","name":"\u0160eltijs jeb \u0160etlendas aitu suns - Whisker.lv | Su\u0146u \u0161\u0137irnes - \u0160eltijs","isPartOf":{"@id":"https:\/\/www.whisker.lv\/#website"},"datePublished":"2019-03-13T00:48:27+00:00","dateModified":"2020-01-06T03:03:52+00:00","description":"\u0160eltijs jeb \u0160etlendas aitu suns - at\u0161\u0137ir\u012bb\u0101 no garspalvainajiem kollijiem ir maz\u0101ks augums. Nelielam aitu sunim ir bieza pavilna un kuplas kr\u0113pes.","breadcrumb":{"@id":"https:\/\/www.whisker.lv\/sunu-skirnes\/seltijs\/#breadcrumb"},"inLanguage":"ru-RU","potentialAction":[{"@type":"ReadAction","target":["https:\/\/www.whisker.lv\/sunu-skirnes\/seltijs\/"]}]},{"@type":"BreadcrumbList","@id":"https:\/\/www.whisker.lv\/sunu-skirnes\/seltijs\/#breadcrumb","itemListElement":[{"@type":"ListItem","position":1,"name":"S\u0101kums","item":"https:\/\/www.whisker.lv\/"},{"@type":"ListItem","position":2,"name":"Su\u0146u \u0161\u0137irnes","item":"https:\/\/www.whisker.lv\/sunu-skirnes\/"},{"@type":"ListItem","position":3,"name":"\u0160eltijs"}]},{"@type":"WebSite","@id":"https:\/\/www.whisker.lv\/#website","url":"https:\/\/www.whisker.lv\/","name":"Whisker","description":"Tavs pal\u012bgs m\u0101jdzivnieku pieskat\u012b\u0161an\u0101","potentialAction":[{"@type":"SearchAction","target":{"@type":"EntryPoint","urlTemplate":"https:\/\/www.whisker.lv\/?s={search_term_string}"},"query-input":"required name=search_term_string"}],"inLanguage":"ru-RU"}]}},"_links":{"self":[{"href":"https:\/\/www.whisker.lv\/ru\/wp-json\/wp\/v2\/pages\/9009"}],"collection":[{"href":"https:\/\/www.whisker.lv\/ru\/wp-json\/wp\/v2\/pages"}],"about":[{"href":"https:\/\/www.whisker.lv\/ru\/wp-json\/wp\/v2\/types\/page"}],"author":[{"embeddable":true,"href":"https:\/\/www.whisker.lv\/ru\/wp-json\/wp\/v2\/users\/1"}],"replies":[{"embeddable":true,"href":"https:\/\/www.whisker.lv\/ru\/wp-json\/wp\/v2\/comments?post=9009"}],"version-history":[{"count":5,"href":"https:\/\/www.whisker.lv\/ru\/wp-json\/wp\/v2\/pages\/9009\/revisions"}],"predecessor-version":[{"id":22445,"href":"https:\/\/www.whisker.lv\/ru\/wp-json\/wp\/v2\/pages\/9009\/revisions\/22445"}],"up":[{"embeddable":true,"href":"https:\/\/www.whisker.lv\/ru\/wp-json\/wp\/v2\/pages\/8016"}],"wp:attachment":[{"href":"https:\/\/www.whisker.lv\/ru\/wp-json\/wp\/v2\/media?parent=9009"}],"curies":[{"name":"wp","href":"https:\/\/api.w.org\/{rel}","templated":true}]}}