



{"id":9044,"date":"2019-03-13T03:30:04","date_gmt":"2019-03-13T01:30:04","guid":{"rendered":"https:\/\/www.whisker.lv\/?page_id=9044"},"modified":"2019-04-03T23:23:58","modified_gmt":"2019-04-03T21:23:58","slug":"skaiterjers","status":"publish","type":"page","link":"https:\/\/www.whisker.lv\/ru\/sunu-skirnes\/skaiterjers\/","title":{"rendered":"Skaiterjers"},"content":{"rendered":"[vc_row][vc_column][vc_text_separator title=&#8221;Skaiterjers&#8221; border_width=&#8221;8&#8243;][\/vc_column][\/vc_row][vc_row][vc_column width=&#8221;1\/2&#8243;][vc_single_image image=&#8221;8335&#8243; img_size=&#8221;large&#8221; alignment=&#8221;center&#8221; style=&#8221;vc_box_rounded&#8221;][\/vc_column][vc_column width=&#8221;1\/2&#8243;][vc_column_text]<span style=\"color: #000000;\"><strong>Dzimtene:<\/strong> Lielbrit\u0101nija<\/span><\/p>\n<p><span style=\"color: #000000;\"><strong>Funkcija:<\/strong> lapsu un \u0101p\u0161u dzin\u0113js<\/span><\/p>\n<p><span style=\"color: #000000;\"><strong>Izcel\u0161an\u0101s:<\/strong> ap 1500. g.<\/span><\/p>\n<p><span style=\"color: #000000;\"><strong>Skausta augstums:<\/strong> 23-25 cm<\/span><\/p>\n<p><span style=\"color: #000000;\"><strong>Masa:<\/strong> 8,5-10,5 kg<\/span><\/p>\n<p><span style=\"color: #000000;\"><strong>Raksturs:<\/strong> loj\u0101ls, dz\u012bvespriec\u012bgs<\/span><\/p>\n<p><span style=\"color: #000000;\"><strong>Dz\u012bves ilgums:<\/strong> 12-14 gadi<\/span>[\/vc_column_text][\/vc_column][\/vc_row][vc_row][vc_column][vc_column_text]<span style=\"color: #000000;\">Lai skaiterjera garenais, nokarenais apmatojums b\u016btu nevainojams, tam nepiecie\u0161ama r\u016bp\u012bga kop\u0161ana. Uz galvas apmatojums ir \u012bs\u0101ks un m\u012bkst\u0101ks nek\u0101 citviet. Garie mati aizsedz acis un nokar\u0101jas p\u0101ri pierei un lielaj\u0101m priek\u0161\u0137ep\u0101m. Da\u017eiem skaiterjeriem uz kr\u016bt\u012bm m\u0113dz b\u016bt balti laukumi.<\/span><\/p>\n<p><span style=\"color: #000000;\"><strong>V\u0113sture.<\/strong> Skaiterjeru dzimtene ir Skajas sala, kas atrodas Hebridu salu arhipel\u0101g\u0101. \u0160\u0137irne veidota tie\u0161i lapsu un \u0101p\u0161u med\u012bb\u0101m.<\/span><\/p>\n<p><span style=\"color: #000000;\"><strong>Piez\u012bme.<\/strong> Tikai tr\u012bs gadu vecum\u0101 jaun\u0101 skaiterjera ka\u017eoks s\u0101k l\u012bdzin\u0101ties pieaugu\u0161a su\u0146a apmatojumam.<\/span><\/p>\n[\/vc_column_text][\/vc_column][\/vc_row]\n","protected":false},"excerpt":{"rendered":"<p>[vc_row][vc_column][vc_text_separator title=&#8221;Skaiterjers&#8221; border_width=&#8221;8&#8243;][\/vc_column][\/vc_row][vc_row][vc_column width=&#8221;1\/2&#8243;][vc_single_image image=&#8221;8335&#8243; img_size=&#8221;large&#8221; alignment=&#8221;center&#8221; style=&#8221;vc_box_rounded&#8221;][\/vc_column][vc_column width=&#8221;1\/2&#8243;][vc_column_text]Dzimtene: Lielbrit\u0101nija Funkcija: lapsu un \u0101p\u0161u dzin\u0113js Izcel\u0161an\u0101s: ap 1500. g. Skausta augstums: 23-25 cm Masa: 8,5-10,5 kg Raksturs: loj\u0101ls, dz\u012bvespriec\u012bgs Dz\u012bves ilgums: 12-14 gadi[\/vc_column_text][\/vc_column][\/vc_row][vc_row][vc_column][vc_column_text]Lai skaiterjera garenais, nokarenais apmatojums b\u016btu nevainojams, tam nepiecie\u0161ama r\u016bp\u012bga kop\u0161ana. Uz galvas apmatojums ir \u012bs\u0101ks un m\u012bkst\u0101ks nek\u0101 citviet. Garie mati aizsedz [&hellip;]<\/p>\n","protected":false},"author":1,"featured_media":0,"parent":8016,"menu_order":0,"comment_status":"closed","ping_status":"closed","template":"page-fullwidth.php","meta":{"_acf_changed":false,"_glsr_average":0,"_glsr_ranking":0,"_glsr_reviews":0,"footnotes":""},"translation":{"provider":"WPGlobus","version":"2.12.2","language":"ru","enabled_languages":["lv","en","ru"],"languages":{"lv":{"title":true,"content":true,"excerpt":false},"en":{"title":false,"content":false,"excerpt":false},"ru":{"title":false,"content":false,"excerpt":false}}},"acf":[],"yoast_head":"<!-- This site is optimized with the Yoast SEO plugin v22.5 - https:\/\/yoast.com\/wordpress\/plugins\/seo\/ -->\n<title>Skaiterjers - Whisker.lv | Su\u0146u \u0161\u0137irnes - Skaiterjers<\/title>\n<meta name=\"robots\" content=\"index, follow, max-snippet:-1, max-image-preview:large, max-video-preview:-1\" \/>\n<link rel=\"canonical\" href=\"https:\/\/www.whisker.lv\/sunu-skirnes\/skaiterjers\/\" \/>\n<meta property=\"og:locale\" content=\"ru_RU\" \/>\n<meta property=\"og:type\" content=\"article\" \/>\n<meta property=\"og:title\" content=\"Skaiterjers - Whisker\" \/>\n<meta property=\"og:url\" content=\"https:\/\/www.whisker.lv\/sunu-skirnes\/skaiterjers\/\" \/>\n<meta property=\"og:site_name\" content=\"Whisker\" \/>\n<meta property=\"article:publisher\" content=\"https:\/\/www.facebook.com\/whisker.lv\/\" \/>\n<meta property=\"article:modified_time\" content=\"2019-04-03T21:23:58+00:00\" \/>\n<meta name=\"twitter:card\" content=\"summary_large_image\" \/>\n<meta name=\"twitter:label1\" content=\"Est. reading time\" \/>\n\t<meta name=\"twitter:data1\" content=\"1 minute\" \/>\n<script type=\"application\/ld+json\" class=\"yoast-schema-graph\">{\"@context\":\"https:\/\/schema.org\",\"@graph\":[{\"@type\":\"WebPage\",\"@id\":\"https:\/\/www.whisker.lv\/sunu-skirnes\/skaiterjers\/\",\"url\":\"https:\/\/www.whisker.lv\/sunu-skirnes\/skaiterjers\/\",\"name\":\"Skaiterjers - Whisker.lv | Su\u0146u \u0161\u0137irnes - Skaiterjers\",\"isPartOf\":{\"@id\":\"https:\/\/www.whisker.lv\/#website\"},\"datePublished\":\"2019-03-13T01:30:04+00:00\",\"dateModified\":\"2019-04-03T21:23:58+00:00\",\"description\":\"Skaiterjers - tam uz galvas apmatojums ir \u012bs\u0101ks un m\u012bkst\u0101ks nek\u0101 citviet. Garie mati aizsedz acis un nokar\u0101jas p\u0101ri pierei un lielaj\u0101m priek\u0161\u0137ep\u0101m.\",\"breadcrumb\":{\"@id\":\"https:\/\/www.whisker.lv\/sunu-skirnes\/skaiterjers\/#breadcrumb\"},\"inLanguage\":\"ru-RU\",\"potentialAction\":[{\"@type\":\"ReadAction\",\"target\":[\"https:\/\/www.whisker.lv\/sunu-skirnes\/skaiterjers\/\"]}]},{\"@type\":\"BreadcrumbList\",\"@id\":\"https:\/\/www.whisker.lv\/sunu-skirnes\/skaiterjers\/#breadcrumb\",\"itemListElement\":[{\"@type\":\"ListItem\",\"position\":1,\"name\":\"S\u0101kums\",\"item\":\"https:\/\/www.whisker.lv\/\"},{\"@type\":\"ListItem\",\"position\":2,\"name\":\"Su\u0146u \u0161\u0137irnes\",\"item\":\"https:\/\/www.whisker.lv\/sunu-skirnes\/\"},{\"@type\":\"ListItem\",\"position\":3,\"name\":\"Skaiterjers\"}]},{\"@type\":\"WebSite\",\"@id\":\"https:\/\/www.whisker.lv\/#website\",\"url\":\"https:\/\/www.whisker.lv\/\",\"name\":\"Whisker\",\"description\":\"Tavs pal\u012bgs m\u0101jdzivnieku pieskat\u012b\u0161an\u0101\",\"potentialAction\":[{\"@type\":\"SearchAction\",\"target\":{\"@type\":\"EntryPoint\",\"urlTemplate\":\"https:\/\/www.whisker.lv\/?s={search_term_string}\"},\"query-input\":\"required name=search_term_string\"}],\"inLanguage\":\"ru-RU\"}]}<\/script>\n<!-- \/ Yoast SEO plugin. -->","yoast_head_json":{"title":"Skaiterjers - Whisker.lv | Su\u0146u \u0161\u0137irnes - Skaiterjers","robots":{"index":"index","follow":"follow","max-snippet":"max-snippet:-1","max-image-preview":"max-image-preview:large","max-video-preview":"max-video-preview:-1"},"canonical":"https:\/\/www.whisker.lv\/sunu-skirnes\/skaiterjers\/","og_locale":"ru_RU","og_type":"article","og_title":"Skaiterjers - Whisker","og_url":"https:\/\/www.whisker.lv\/sunu-skirnes\/skaiterjers\/","og_site_name":"Whisker","article_publisher":"https:\/\/www.facebook.com\/whisker.lv\/","article_modified_time":"2019-04-03T21:23:58+00:00","twitter_card":"summary_large_image","twitter_misc":{"Est. reading time":"1 minute"},"schema":{"@context":"https:\/\/schema.org","@graph":[{"@type":"WebPage","@id":"https:\/\/www.whisker.lv\/sunu-skirnes\/skaiterjers\/","url":"https:\/\/www.whisker.lv\/sunu-skirnes\/skaiterjers\/","name":"Skaiterjers - Whisker.lv | Su\u0146u \u0161\u0137irnes - Skaiterjers","isPartOf":{"@id":"https:\/\/www.whisker.lv\/#website"},"datePublished":"2019-03-13T01:30:04+00:00","dateModified":"2019-04-03T21:23:58+00:00","description":"Skaiterjers - tam uz galvas apmatojums ir \u012bs\u0101ks un m\u012bkst\u0101ks nek\u0101 citviet. Garie mati aizsedz acis un nokar\u0101jas p\u0101ri pierei un lielaj\u0101m priek\u0161\u0137ep\u0101m.","breadcrumb":{"@id":"https:\/\/www.whisker.lv\/sunu-skirnes\/skaiterjers\/#breadcrumb"},"inLanguage":"ru-RU","potentialAction":[{"@type":"ReadAction","target":["https:\/\/www.whisker.lv\/sunu-skirnes\/skaiterjers\/"]}]},{"@type":"BreadcrumbList","@id":"https:\/\/www.whisker.lv\/sunu-skirnes\/skaiterjers\/#breadcrumb","itemListElement":[{"@type":"ListItem","position":1,"name":"S\u0101kums","item":"https:\/\/www.whisker.lv\/"},{"@type":"ListItem","position":2,"name":"Su\u0146u \u0161\u0137irnes","item":"https:\/\/www.whisker.lv\/sunu-skirnes\/"},{"@type":"ListItem","position":3,"name":"Skaiterjers"}]},{"@type":"WebSite","@id":"https:\/\/www.whisker.lv\/#website","url":"https:\/\/www.whisker.lv\/","name":"Whisker","description":"Tavs pal\u012bgs m\u0101jdzivnieku pieskat\u012b\u0161an\u0101","potentialAction":[{"@type":"SearchAction","target":{"@type":"EntryPoint","urlTemplate":"https:\/\/www.whisker.lv\/?s={search_term_string}"},"query-input":"required name=search_term_string"}],"inLanguage":"ru-RU"}]}},"_links":{"self":[{"href":"https:\/\/www.whisker.lv\/ru\/wp-json\/wp\/v2\/pages\/9044"}],"collection":[{"href":"https:\/\/www.whisker.lv\/ru\/wp-json\/wp\/v2\/pages"}],"about":[{"href":"https:\/\/www.whisker.lv\/ru\/wp-json\/wp\/v2\/types\/page"}],"author":[{"embeddable":true,"href":"https:\/\/www.whisker.lv\/ru\/wp-json\/wp\/v2\/users\/1"}],"replies":[{"embeddable":true,"href":"https:\/\/www.whisker.lv\/ru\/wp-json\/wp\/v2\/comments?post=9044"}],"version-history":[{"count":4,"href":"https:\/\/www.whisker.lv\/ru\/wp-json\/wp\/v2\/pages\/9044\/revisions"}],"predecessor-version":[{"id":11093,"href":"https:\/\/www.whisker.lv\/ru\/wp-json\/wp\/v2\/pages\/9044\/revisions\/11093"}],"up":[{"embeddable":true,"href":"https:\/\/www.whisker.lv\/ru\/wp-json\/wp\/v2\/pages\/8016"}],"wp:attachment":[{"href":"https:\/\/www.whisker.lv\/ru\/wp-json\/wp\/v2\/media?parent=9044"}],"curies":[{"name":"wp","href":"https:\/\/api.w.org\/{rel}","templated":true}]}}