



{"id":9074,"date":"2019-03-13T04:04:49","date_gmt":"2019-03-13T02:04:49","guid":{"rendered":"https:\/\/www.whisker.lv\/?page_id=9074"},"modified":"2019-04-03T23:21:13","modified_gmt":"2019-04-03T21:21:13","slug":"samojeds","status":"publish","type":"page","link":"https:\/\/www.whisker.lv\/ru\/sunu-skirnes\/samojeds\/","title":{"rendered":"Samojeds"},"content":{"rendered":"[vc_row][vc_column][vc_text_separator title=&#8221;Samojeds&#8221; border_width=&#8221;8&#8243;][\/vc_column][\/vc_row][vc_row][vc_column width=&#8221;1\/2&#8243;][vc_single_image image=&#8221;9076&#8243; img_size=&#8221;full&#8221; alignment=&#8221;center&#8221; style=&#8221;vc_box_rounded&#8221;][\/vc_column][vc_column width=&#8221;1\/2&#8243;][vc_column_text]<span style=\"color: #000000;\"><strong>Dzimtene:<\/strong> Krievija<\/span><\/p>\n<p><span style=\"color: #000000;\"><strong>Funkcija:<\/strong> zieme\u013cbrie\u017eu gans<\/span><\/p>\n<p><span style=\"color: #000000;\"><strong>Izcel\u0161an\u0101s:<\/strong> ap 1600. g.<\/span><\/p>\n<p><span style=\"color: #000000;\"><strong>Skausta augstums:<\/strong> 46-56 cm<\/span><\/p>\n<p><span style=\"color: #000000;\"><strong>Masa:<\/strong> 23-29,5 kg<\/span><\/p>\n<p><span style=\"color: #000000;\"><strong>Raksturs:<\/strong> sabiedrisks<\/span><\/p>\n<p><span style=\"color: #000000;\"><strong>Dz\u012bves ilgums:<\/strong> 12-14 gadi<\/span>[\/vc_column_text][\/vc_column][\/vc_row][vc_row][vc_column][vc_column_text]<span style=\"color: #000000;\">\u0160iem zieme\u013cu su\u0146iem ir \u013coti kupls ka\u017eoks, kuru veido divi sl\u0101\u0146i. Virs\u0113j\u0101 sl\u0101n\u012b ir gari, \u016bdensnecaurlaid\u012bgi akomati, bet pavilna \u2013 bl\u012bva un bieza. Samojedi ir ne tikai iecien\u012bti un pievilc\u012bgi \u0123imenes m\u012blu\u013ci, bet ar\u012b lieliski nartu vilc\u0113ji.<\/span><\/p>\n<p><span style=\"color: #000000;\"><strong>V\u0113sture.<\/strong> Dom\u0101jams, ka samojedu \u0161\u0137irnes pamat\u0101 ir divpadmit su\u0146i, kuri arktik\u0101 ierad\u0101s kop\u0101 ar ce\u013cot\u0101jiem un p\u0113tniekiem. \u0160\u0137irni izveidoja toreiz klejojo\u0161\u0101 samojedu cilts, kas m\u016bsdien\u0101s dz\u012bvo Ur\u0101lu kalnu zieme\u013caustrumu da\u013c\u0101.<\/span><\/p>\n<p><span style=\"color: #000000;\"><strong>Piez\u012bme.<\/strong> Pol\u0101rp\u0113tnieki Roberts Skots un Ruals Amundsens samojedus izmantoju\u0161i nartu vilk\u0161anai.<\/span><\/p>\n[\/vc_column_text][\/vc_column][\/vc_row]\n","protected":false},"excerpt":{"rendered":"<p>[vc_row][vc_column][vc_text_separator title=&#8221;Samojeds&#8221; border_width=&#8221;8&#8243;][\/vc_column][\/vc_row][vc_row][vc_column width=&#8221;1\/2&#8243;][vc_single_image image=&#8221;9076&#8243; img_size=&#8221;full&#8221; alignment=&#8221;center&#8221; style=&#8221;vc_box_rounded&#8221;][\/vc_column][vc_column width=&#8221;1\/2&#8243;][vc_column_text]Dzimtene: Krievija Funkcija: zieme\u013cbrie\u017eu gans Izcel\u0161an\u0101s: ap 1600. g. Skausta augstums: 46-56 cm Masa: 23-29,5 kg Raksturs: sabiedrisks Dz\u012bves ilgums: 12-14 gadi[\/vc_column_text][\/vc_column][\/vc_row][vc_row][vc_column][vc_column_text]\u0160iem zieme\u013cu su\u0146iem ir \u013coti kupls ka\u017eoks, kuru veido divi sl\u0101\u0146i. Virs\u0113j\u0101 sl\u0101n\u012b ir gari, \u016bdensnecaurlaid\u012bgi akomati, bet pavilna \u2013 bl\u012bva un bieza. Samojedi ir ne [&hellip;]<\/p>\n","protected":false},"author":1,"featured_media":0,"parent":8016,"menu_order":0,"comment_status":"closed","ping_status":"closed","template":"page-fullwidth.php","meta":{"_acf_changed":false,"_glsr_average":0,"_glsr_ranking":0,"_glsr_reviews":0,"footnotes":""},"translation":{"provider":"WPGlobus","version":"2.12.2","language":"ru","enabled_languages":["lv","en","ru"],"languages":{"lv":{"title":true,"content":true,"excerpt":false},"en":{"title":false,"content":false,"excerpt":false},"ru":{"title":false,"content":false,"excerpt":false}}},"acf":[],"yoast_head":"<!-- This site is optimized with the Yoast SEO plugin v22.5 - https:\/\/yoast.com\/wordpress\/plugins\/seo\/ -->\n<title>Samojeds - Whisker.lv | Su\u0146u \u0161\u0137irnes - Samojeds<\/title>\n<meta name=\"robots\" content=\"index, follow, max-snippet:-1, max-image-preview:large, max-video-preview:-1\" \/>\n<link rel=\"canonical\" href=\"https:\/\/www.whisker.lv\/sunu-skirnes\/samojeds\/\" \/>\n<meta property=\"og:locale\" content=\"ru_RU\" \/>\n<meta property=\"og:type\" content=\"article\" \/>\n<meta property=\"og:title\" content=\"Samojeds - Whisker\" \/>\n<meta property=\"og:url\" content=\"https:\/\/www.whisker.lv\/sunu-skirnes\/samojeds\/\" \/>\n<meta property=\"og:site_name\" content=\"Whisker\" \/>\n<meta property=\"article:publisher\" content=\"https:\/\/www.facebook.com\/whisker.lv\/\" \/>\n<meta property=\"article:modified_time\" content=\"2019-04-03T21:21:13+00:00\" \/>\n<meta name=\"twitter:card\" content=\"summary_large_image\" \/>\n<meta name=\"twitter:label1\" content=\"Est. reading time\" \/>\n\t<meta name=\"twitter:data1\" content=\"1 minute\" \/>\n<script type=\"application\/ld+json\" class=\"yoast-schema-graph\">{\"@context\":\"https:\/\/schema.org\",\"@graph\":[{\"@type\":\"WebPage\",\"@id\":\"https:\/\/www.whisker.lv\/sunu-skirnes\/samojeds\/\",\"url\":\"https:\/\/www.whisker.lv\/sunu-skirnes\/samojeds\/\",\"name\":\"Samojeds - Whisker.lv | Su\u0146u \u0161\u0137irnes - Samojeds\",\"isPartOf\":{\"@id\":\"https:\/\/www.whisker.lv\/#website\"},\"datePublished\":\"2019-03-13T02:04:49+00:00\",\"dateModified\":\"2019-04-03T21:21:13+00:00\",\"description\":\"\u0160iem zieme\u013cu su\u0146iem ir kupls ka\u017eoks, kuru veido divi sl\u0101\u0146i. Samojeds ir ne tikai iecien\u012bts un pievilc\u012bgs \u0123imenes m\u012blu\u013cis, bet ar\u012b lielisks nartu vilc\u0113js.\",\"breadcrumb\":{\"@id\":\"https:\/\/www.whisker.lv\/sunu-skirnes\/samojeds\/#breadcrumb\"},\"inLanguage\":\"ru-RU\",\"potentialAction\":[{\"@type\":\"ReadAction\",\"target\":[\"https:\/\/www.whisker.lv\/sunu-skirnes\/samojeds\/\"]}]},{\"@type\":\"BreadcrumbList\",\"@id\":\"https:\/\/www.whisker.lv\/sunu-skirnes\/samojeds\/#breadcrumb\",\"itemListElement\":[{\"@type\":\"ListItem\",\"position\":1,\"name\":\"S\u0101kums\",\"item\":\"https:\/\/www.whisker.lv\/\"},{\"@type\":\"ListItem\",\"position\":2,\"name\":\"Su\u0146u \u0161\u0137irnes\",\"item\":\"https:\/\/www.whisker.lv\/sunu-skirnes\/\"},{\"@type\":\"ListItem\",\"position\":3,\"name\":\"Samojeds\"}]},{\"@type\":\"WebSite\",\"@id\":\"https:\/\/www.whisker.lv\/#website\",\"url\":\"https:\/\/www.whisker.lv\/\",\"name\":\"Whisker\",\"description\":\"Tavs pal\u012bgs m\u0101jdzivnieku pieskat\u012b\u0161an\u0101\",\"potentialAction\":[{\"@type\":\"SearchAction\",\"target\":{\"@type\":\"EntryPoint\",\"urlTemplate\":\"https:\/\/www.whisker.lv\/?s={search_term_string}\"},\"query-input\":\"required name=search_term_string\"}],\"inLanguage\":\"ru-RU\"}]}<\/script>\n<!-- \/ Yoast SEO plugin. -->","yoast_head_json":{"title":"Samojeds - Whisker.lv | Su\u0146u \u0161\u0137irnes - Samojeds","robots":{"index":"index","follow":"follow","max-snippet":"max-snippet:-1","max-image-preview":"max-image-preview:large","max-video-preview":"max-video-preview:-1"},"canonical":"https:\/\/www.whisker.lv\/sunu-skirnes\/samojeds\/","og_locale":"ru_RU","og_type":"article","og_title":"Samojeds - Whisker","og_url":"https:\/\/www.whisker.lv\/sunu-skirnes\/samojeds\/","og_site_name":"Whisker","article_publisher":"https:\/\/www.facebook.com\/whisker.lv\/","article_modified_time":"2019-04-03T21:21:13+00:00","twitter_card":"summary_large_image","twitter_misc":{"Est. reading time":"1 minute"},"schema":{"@context":"https:\/\/schema.org","@graph":[{"@type":"WebPage","@id":"https:\/\/www.whisker.lv\/sunu-skirnes\/samojeds\/","url":"https:\/\/www.whisker.lv\/sunu-skirnes\/samojeds\/","name":"Samojeds - Whisker.lv | Su\u0146u \u0161\u0137irnes - Samojeds","isPartOf":{"@id":"https:\/\/www.whisker.lv\/#website"},"datePublished":"2019-03-13T02:04:49+00:00","dateModified":"2019-04-03T21:21:13+00:00","description":"\u0160iem zieme\u013cu su\u0146iem ir kupls ka\u017eoks, kuru veido divi sl\u0101\u0146i. Samojeds ir ne tikai iecien\u012bts un pievilc\u012bgs \u0123imenes m\u012blu\u013cis, bet ar\u012b lielisks nartu vilc\u0113js.","breadcrumb":{"@id":"https:\/\/www.whisker.lv\/sunu-skirnes\/samojeds\/#breadcrumb"},"inLanguage":"ru-RU","potentialAction":[{"@type":"ReadAction","target":["https:\/\/www.whisker.lv\/sunu-skirnes\/samojeds\/"]}]},{"@type":"BreadcrumbList","@id":"https:\/\/www.whisker.lv\/sunu-skirnes\/samojeds\/#breadcrumb","itemListElement":[{"@type":"ListItem","position":1,"name":"S\u0101kums","item":"https:\/\/www.whisker.lv\/"},{"@type":"ListItem","position":2,"name":"Su\u0146u \u0161\u0137irnes","item":"https:\/\/www.whisker.lv\/sunu-skirnes\/"},{"@type":"ListItem","position":3,"name":"Samojeds"}]},{"@type":"WebSite","@id":"https:\/\/www.whisker.lv\/#website","url":"https:\/\/www.whisker.lv\/","name":"Whisker","description":"Tavs pal\u012bgs m\u0101jdzivnieku pieskat\u012b\u0161an\u0101","potentialAction":[{"@type":"SearchAction","target":{"@type":"EntryPoint","urlTemplate":"https:\/\/www.whisker.lv\/?s={search_term_string}"},"query-input":"required name=search_term_string"}],"inLanguage":"ru-RU"}]}},"_links":{"self":[{"href":"https:\/\/www.whisker.lv\/ru\/wp-json\/wp\/v2\/pages\/9074"}],"collection":[{"href":"https:\/\/www.whisker.lv\/ru\/wp-json\/wp\/v2\/pages"}],"about":[{"href":"https:\/\/www.whisker.lv\/ru\/wp-json\/wp\/v2\/types\/page"}],"author":[{"embeddable":true,"href":"https:\/\/www.whisker.lv\/ru\/wp-json\/wp\/v2\/users\/1"}],"replies":[{"embeddable":true,"href":"https:\/\/www.whisker.lv\/ru\/wp-json\/wp\/v2\/comments?post=9074"}],"version-history":[{"count":3,"href":"https:\/\/www.whisker.lv\/ru\/wp-json\/wp\/v2\/pages\/9074\/revisions"}],"predecessor-version":[{"id":9078,"href":"https:\/\/www.whisker.lv\/ru\/wp-json\/wp\/v2\/pages\/9074\/revisions\/9078"}],"up":[{"embeddable":true,"href":"https:\/\/www.whisker.lv\/ru\/wp-json\/wp\/v2\/pages\/8016"}],"wp:attachment":[{"href":"https:\/\/www.whisker.lv\/ru\/wp-json\/wp\/v2\/media?parent=9074"}],"curies":[{"name":"wp","href":"https:\/\/api.w.org\/{rel}","templated":true}]}}