



{"id":9162,"date":"2019-03-13T19:19:07","date_gmt":"2019-03-13T17:19:07","guid":{"rendered":"https:\/\/www.whisker.lv\/?page_id=9162"},"modified":"2019-04-03T23:20:09","modified_gmt":"2019-04-03T21:20:09","slug":"rudais-kunhaunds","status":"publish","type":"page","link":"https:\/\/www.whisker.lv\/ru\/sunu-skirnes\/rudais-kunhaunds\/","title":{"rendered":"Rudais k\u016bnhaunds"},"content":{"rendered":"[vc_row][vc_column][vc_text_separator title=&#8221; Rudais k\u016bnhaunds &#8221; border_width=&#8221;8&#8243;][\/vc_column][\/vc_row][vc_row][vc_column width=&#8221;1\/2&#8243;][vc_single_image image=&#8221;9164&#8243; img_size=&#8221;full&#8221; alignment=&#8221;center&#8221; style=&#8221;vc_box_rounded&#8221;][\/vc_column][vc_column width=&#8221;1\/2&#8243;][vc_column_text]<span style=\"color: #000000;\"><strong>Dzimtene:<\/strong> ASV<\/span><\/p>\n<p><span style=\"color: #000000;\"><strong>Funkcija:<\/strong> jenotu dzin\u0113js<\/span><\/p>\n<p><span style=\"color: #000000;\"><strong>Izcel\u0161an\u0101s:<\/strong> ap 1700. g.<\/span><\/p>\n<p><span style=\"color: #000000;\"><strong>Skausta augstums:<\/strong> 53-66 cm<\/span><\/p>\n<p><span style=\"color: #000000;\"><strong>Masa:<\/strong> 23-32 kg<\/span><\/p>\n<p><span style=\"color: #000000;\"><strong>Raksturs:<\/strong> noteikts, sirsn\u012bgs<\/span><\/p>\n<p><span style=\"color: #000000;\"><strong>Dz\u012bves ilgums:<\/strong> 12-15 gadi<\/span>[\/vc_column_text][\/vc_column][\/vc_row][vc_row][vc_column][vc_column_text]<span style=\"color: #000000;\">\u0160\u0137irni viegli var paz\u012bt p\u0113c sarkan\u012bg\u0101 apmatojuma, turkl\u0101t \u0161is ir vien\u012bgais k\u016bnhaunds ar vienkr\u0101sainu ka\u017eoku. Da\u017eiem \u012bpat\u0146iem uz k\u0101j\u0101m un kr\u016bt\u012bm m\u0113dz b\u016bt baltas iez\u012bmes, ta\u010du tas nav pretrun\u0101 ar \u0161\u0137irnes standartu un su\u0146u izst\u0101d\u0113s par to nepie\u0161\u0137ir soda punktus. P\u0113d\u0113jos gados \u0161ie draudz\u012bgie vid\u0113ja lieluma su\u0146i k\u013c\u016bst arvien popul\u0101r\u0101ki ASV.<\/span><\/p>\n<p><span style=\"color: #000000;\"><strong>V\u0113sture.<\/strong> ASV \u0161os su\u0146us paz\u012bst vair\u0101k nek\u0101 divsimt gadu. Vi\u0146u priek\u0161te\u010diem apmatojum\u0101 bija vair\u0101k balto iez\u012bmju.<\/span><\/p>\n<p><span style=\"color: #000000;\"><strong>Piez\u012bme.<\/strong> Iesp\u0113jams, ka \u0161\u0137irnes nosaukums ang\u013cu valod\u0101 aizg\u016bts no Tenes\u012b \u0161tata dz\u012bvoju\u0161\u0101 su\u0146u audz\u0113t\u0101ja P\u012btera Redbona uzv\u0101rda.<\/span><\/p>\n[\/vc_column_text][\/vc_column][\/vc_row]\n","protected":false},"excerpt":{"rendered":"<p>[vc_row][vc_column][vc_text_separator title=&#8221; Rudais k\u016bnhaunds &#8221; border_width=&#8221;8&#8243;][\/vc_column][\/vc_row][vc_row][vc_column width=&#8221;1\/2&#8243;][vc_single_image image=&#8221;9164&#8243; img_size=&#8221;full&#8221; alignment=&#8221;center&#8221; style=&#8221;vc_box_rounded&#8221;][\/vc_column][vc_column width=&#8221;1\/2&#8243;][vc_column_text]Dzimtene: ASV Funkcija: jenotu dzin\u0113js Izcel\u0161an\u0101s: ap 1700. g. Skausta augstums: 53-66 cm Masa: 23-32 kg Raksturs: noteikts, sirsn\u012bgs Dz\u012bves ilgums: 12-15 gadi[\/vc_column_text][\/vc_column][\/vc_row][vc_row][vc_column][vc_column_text]\u0160\u0137irni viegli var paz\u012bt p\u0113c sarkan\u012bg\u0101 apmatojuma, turkl\u0101t \u0161is ir vien\u012bgais k\u016bnhaunds ar vienkr\u0101sainu ka\u017eoku. Da\u017eiem \u012bpat\u0146iem uz k\u0101j\u0101m un kr\u016bt\u012bm m\u0113dz [&hellip;]<\/p>\n","protected":false},"author":1,"featured_media":0,"parent":8016,"menu_order":0,"comment_status":"closed","ping_status":"closed","template":"page-fullwidth.php","meta":{"_acf_changed":false,"_glsr_average":0,"_glsr_ranking":0,"_glsr_reviews":0,"footnotes":""},"translation":{"provider":"WPGlobus","version":"2.12.2","language":"ru","enabled_languages":["lv","en","ru"],"languages":{"lv":{"title":true,"content":true,"excerpt":false},"en":{"title":false,"content":false,"excerpt":false},"ru":{"title":false,"content":false,"excerpt":false}}},"acf":[],"yoast_head":"<!-- This site is optimized with the Yoast SEO plugin v22.5 - https:\/\/yoast.com\/wordpress\/plugins\/seo\/ -->\n<title>Rudais k\u016bnhaunds - Whisker.lv | Su\u0146u \u0161\u0137irnes - Rudais k\u016bnhaunds<\/title>\n<meta name=\"robots\" content=\"index, follow, max-snippet:-1, max-image-preview:large, max-video-preview:-1\" \/>\n<link rel=\"canonical\" href=\"https:\/\/www.whisker.lv\/sunu-skirnes\/rudais-kunhaunds\/\" \/>\n<meta property=\"og:locale\" content=\"ru_RU\" \/>\n<meta property=\"og:type\" content=\"article\" \/>\n<meta property=\"og:title\" content=\"Rudais k\u016bnhaunds - Whisker\" \/>\n<meta property=\"og:url\" content=\"https:\/\/www.whisker.lv\/sunu-skirnes\/rudais-kunhaunds\/\" \/>\n<meta property=\"og:site_name\" content=\"Whisker\" \/>\n<meta property=\"article:publisher\" content=\"https:\/\/www.facebook.com\/whisker.lv\/\" \/>\n<meta property=\"article:modified_time\" content=\"2019-04-03T21:20:09+00:00\" \/>\n<meta name=\"twitter:card\" content=\"summary_large_image\" \/>\n<meta name=\"twitter:label1\" content=\"Est. reading time\" \/>\n\t<meta name=\"twitter:data1\" content=\"1 minute\" \/>\n<script type=\"application\/ld+json\" class=\"yoast-schema-graph\">{\"@context\":\"https:\/\/schema.org\",\"@graph\":[{\"@type\":\"WebPage\",\"@id\":\"https:\/\/www.whisker.lv\/sunu-skirnes\/rudais-kunhaunds\/\",\"url\":\"https:\/\/www.whisker.lv\/sunu-skirnes\/rudais-kunhaunds\/\",\"name\":\"Rudais k\u016bnhaunds - Whisker.lv | Su\u0146u \u0161\u0137irnes - Rudais k\u016bnhaunds\",\"isPartOf\":{\"@id\":\"https:\/\/www.whisker.lv\/#website\"},\"datePublished\":\"2019-03-13T17:19:07+00:00\",\"dateModified\":\"2019-04-03T21:20:09+00:00\",\"description\":\"Rudais k\u016bnhaunds - \u0161o \u0161\u0137irni viegli var paz\u012bt p\u0113c sarkan\u012bg\u0101 apmatojuma, turkl\u0101t \u0161is ir vien\u012bgais k\u016bnhaunds ar vienkr\u0101sainu ka\u017eoku.\",\"breadcrumb\":{\"@id\":\"https:\/\/www.whisker.lv\/sunu-skirnes\/rudais-kunhaunds\/#breadcrumb\"},\"inLanguage\":\"ru-RU\",\"potentialAction\":[{\"@type\":\"ReadAction\",\"target\":[\"https:\/\/www.whisker.lv\/sunu-skirnes\/rudais-kunhaunds\/\"]}]},{\"@type\":\"BreadcrumbList\",\"@id\":\"https:\/\/www.whisker.lv\/sunu-skirnes\/rudais-kunhaunds\/#breadcrumb\",\"itemListElement\":[{\"@type\":\"ListItem\",\"position\":1,\"name\":\"S\u0101kums\",\"item\":\"https:\/\/www.whisker.lv\/\"},{\"@type\":\"ListItem\",\"position\":2,\"name\":\"Su\u0146u \u0161\u0137irnes\",\"item\":\"https:\/\/www.whisker.lv\/sunu-skirnes\/\"},{\"@type\":\"ListItem\",\"position\":3,\"name\":\"Rudais k\u016bnhaunds\"}]},{\"@type\":\"WebSite\",\"@id\":\"https:\/\/www.whisker.lv\/#website\",\"url\":\"https:\/\/www.whisker.lv\/\",\"name\":\"Whisker\",\"description\":\"Tavs pal\u012bgs m\u0101jdzivnieku pieskat\u012b\u0161an\u0101\",\"potentialAction\":[{\"@type\":\"SearchAction\",\"target\":{\"@type\":\"EntryPoint\",\"urlTemplate\":\"https:\/\/www.whisker.lv\/?s={search_term_string}\"},\"query-input\":\"required name=search_term_string\"}],\"inLanguage\":\"ru-RU\"}]}<\/script>\n<!-- \/ Yoast SEO plugin. -->","yoast_head_json":{"title":"Rudais k\u016bnhaunds - Whisker.lv | Su\u0146u \u0161\u0137irnes - Rudais k\u016bnhaunds","robots":{"index":"index","follow":"follow","max-snippet":"max-snippet:-1","max-image-preview":"max-image-preview:large","max-video-preview":"max-video-preview:-1"},"canonical":"https:\/\/www.whisker.lv\/sunu-skirnes\/rudais-kunhaunds\/","og_locale":"ru_RU","og_type":"article","og_title":"Rudais k\u016bnhaunds - Whisker","og_url":"https:\/\/www.whisker.lv\/sunu-skirnes\/rudais-kunhaunds\/","og_site_name":"Whisker","article_publisher":"https:\/\/www.facebook.com\/whisker.lv\/","article_modified_time":"2019-04-03T21:20:09+00:00","twitter_card":"summary_large_image","twitter_misc":{"Est. reading time":"1 minute"},"schema":{"@context":"https:\/\/schema.org","@graph":[{"@type":"WebPage","@id":"https:\/\/www.whisker.lv\/sunu-skirnes\/rudais-kunhaunds\/","url":"https:\/\/www.whisker.lv\/sunu-skirnes\/rudais-kunhaunds\/","name":"Rudais k\u016bnhaunds - Whisker.lv | Su\u0146u \u0161\u0137irnes - Rudais k\u016bnhaunds","isPartOf":{"@id":"https:\/\/www.whisker.lv\/#website"},"datePublished":"2019-03-13T17:19:07+00:00","dateModified":"2019-04-03T21:20:09+00:00","description":"Rudais k\u016bnhaunds - \u0161o \u0161\u0137irni viegli var paz\u012bt p\u0113c sarkan\u012bg\u0101 apmatojuma, turkl\u0101t \u0161is ir vien\u012bgais k\u016bnhaunds ar vienkr\u0101sainu ka\u017eoku.","breadcrumb":{"@id":"https:\/\/www.whisker.lv\/sunu-skirnes\/rudais-kunhaunds\/#breadcrumb"},"inLanguage":"ru-RU","potentialAction":[{"@type":"ReadAction","target":["https:\/\/www.whisker.lv\/sunu-skirnes\/rudais-kunhaunds\/"]}]},{"@type":"BreadcrumbList","@id":"https:\/\/www.whisker.lv\/sunu-skirnes\/rudais-kunhaunds\/#breadcrumb","itemListElement":[{"@type":"ListItem","position":1,"name":"S\u0101kums","item":"https:\/\/www.whisker.lv\/"},{"@type":"ListItem","position":2,"name":"Su\u0146u \u0161\u0137irnes","item":"https:\/\/www.whisker.lv\/sunu-skirnes\/"},{"@type":"ListItem","position":3,"name":"Rudais k\u016bnhaunds"}]},{"@type":"WebSite","@id":"https:\/\/www.whisker.lv\/#website","url":"https:\/\/www.whisker.lv\/","name":"Whisker","description":"Tavs pal\u012bgs m\u0101jdzivnieku pieskat\u012b\u0161an\u0101","potentialAction":[{"@type":"SearchAction","target":{"@type":"EntryPoint","urlTemplate":"https:\/\/www.whisker.lv\/?s={search_term_string}"},"query-input":"required name=search_term_string"}],"inLanguage":"ru-RU"}]}},"_links":{"self":[{"href":"https:\/\/www.whisker.lv\/ru\/wp-json\/wp\/v2\/pages\/9162"}],"collection":[{"href":"https:\/\/www.whisker.lv\/ru\/wp-json\/wp\/v2\/pages"}],"about":[{"href":"https:\/\/www.whisker.lv\/ru\/wp-json\/wp\/v2\/types\/page"}],"author":[{"embeddable":true,"href":"https:\/\/www.whisker.lv\/ru\/wp-json\/wp\/v2\/users\/1"}],"replies":[{"embeddable":true,"href":"https:\/\/www.whisker.lv\/ru\/wp-json\/wp\/v2\/comments?post=9162"}],"version-history":[{"count":3,"href":"https:\/\/www.whisker.lv\/ru\/wp-json\/wp\/v2\/pages\/9162\/revisions"}],"predecessor-version":[{"id":9166,"href":"https:\/\/www.whisker.lv\/ru\/wp-json\/wp\/v2\/pages\/9162\/revisions\/9166"}],"up":[{"embeddable":true,"href":"https:\/\/www.whisker.lv\/ru\/wp-json\/wp\/v2\/pages\/8016"}],"wp:attachment":[{"href":"https:\/\/www.whisker.lv\/ru\/wp-json\/wp\/v2\/media?parent=9162"}],"curies":[{"name":"wp","href":"https:\/\/api.w.org\/{rel}","templated":true}]}}