



{"id":9177,"date":"2019-03-13T19:41:18","date_gmt":"2019-03-13T17:41:18","guid":{"rendered":"https:\/\/www.whisker.lv\/?page_id=9177"},"modified":"2019-04-03T23:18:33","modified_gmt":"2019-04-03T21:18:33","slug":"pundursnaucers","status":"publish","type":"page","link":"https:\/\/www.whisker.lv\/ru\/sunu-skirnes\/pundursnaucers\/","title":{"rendered":"Pundur\u0161naucers"},"content":{"rendered":"[vc_row][vc_column][vc_text_separator title=&#8221;Pundur\u0161anucers&#8221; border_width=&#8221;8&#8243;][\/vc_column][\/vc_row][vc_row][vc_column width=&#8221;1\/2&#8243;][vc_single_image image=&#8221;9179&#8243; img_size=&#8221;full&#8221; alignment=&#8221;center&#8221; style=&#8221;vc_box_rounded&#8221;][\/vc_column][vc_column width=&#8221;1\/2&#8243;][vc_column_text]<span style=\"color: #000000;\"><strong>Dzimtene:<\/strong> V\u0101cija<\/span><\/p>\n<p><span style=\"color: #000000;\"><strong>Funkcija:<\/strong> \u017eurku \u0137\u0113r\u0101js<\/span><\/p>\n<p><span style=\"color: #000000;\"><strong>Izcel\u0161an\u0101s:<\/strong> ap 1400. g.<\/span><\/p>\n<p><span style=\"color: #000000;\"><strong>Skausta augstums:<\/strong> 33-36 cm<\/span><\/p>\n<p><span style=\"color: #000000;\"><strong>Masa:<\/strong> 6-7 kg<\/span><\/p>\n<p><span style=\"color: #000000;\"><strong>Raksturs:<\/strong> dz\u012bvespriec\u012bgs, \u013coti draudz\u012bgs<\/span><\/p>\n<p><span style=\"color: #000000;\"><strong>Dz\u012bves ilgums:<\/strong> 12-15 gadi<\/span>[\/vc_column_text][\/vc_column][\/vc_row][vc_row][vc_column][vc_column_text]<span style=\"color: #000000;\">Eksterjera galven\u0101s poz\u012bcij\u0101s pundur\u0161naucers l\u012bdzin\u0101s savam augum\u0101 liel\u0101kajam ciltsbr\u0101lim milzu \u0161nauceram \u2013 kuplas uzacis, asas, sariem l\u012bdz\u012bgas \u016bsas un vaigub\u0101rda. Pundur\u0161nauceram ir kvadr\u0101tveida \u0137ermenis ar taisnu, l\u012bdzenu muguru un labi veidotiem aug\u0161stilbiem.\u00a0<\/span><\/p>\n<p><span style=\"color: #000000;\"><strong>V\u0113sture.<\/strong> Dom\u0101jams, ka \u0161naucera pundura foma ieg\u016bta, krustojot \u0161nauceru un afenpin\u010deru. Lielbrit\u0101nij\u0101 \u0161\u012bs \u0161\u0137irnes su\u0146i pirmo reizi par\u0101d\u012bj\u0101s 1928. gad\u0101. Pundur\u0161nauceri ir lieliski \u017eurku mednieki.<\/span><\/p>\n<p><span style=\"color: #000000;\"><strong>Piez\u012bme.<\/strong> Pundur\u0161naucera apmatojums j\u0101cerpj vismaz divas reizes gad\u0101, k\u0101 ar\u012b regul\u0101ri j\u0101izpl\u016bc nedz\u012bvie mati. Vaigub\u0101rda un gar\u0101kie mati j\u0101suk\u0101 ik dienu.<\/span>[\/vc_column_text][\/vc_column][\/vc_row]\n","protected":false},"excerpt":{"rendered":"<p>[vc_row][vc_column][vc_text_separator title=&#8221;Pundur\u0161anucers&#8221; border_width=&#8221;8&#8243;][\/vc_column][\/vc_row][vc_row][vc_column width=&#8221;1\/2&#8243;][vc_single_image image=&#8221;9179&#8243; img_size=&#8221;full&#8221; alignment=&#8221;center&#8221; style=&#8221;vc_box_rounded&#8221;][\/vc_column][vc_column width=&#8221;1\/2&#8243;][vc_column_text]Dzimtene: V\u0101cija Funkcija: \u017eurku \u0137\u0113r\u0101js Izcel\u0161an\u0101s: ap 1400. g. Skausta augstums: 33-36 cm Masa: 6-7 kg Raksturs: dz\u012bvespriec\u012bgs, \u013coti draudz\u012bgs Dz\u012bves ilgums: 12-15 gadi[\/vc_column_text][\/vc_column][\/vc_row][vc_row][vc_column][vc_column_text]Eksterjera galven\u0101s poz\u012bcij\u0101s pundur\u0161naucers l\u012bdzin\u0101s savam augum\u0101 liel\u0101kajam ciltsbr\u0101lim milzu \u0161nauceram \u2013 kuplas uzacis, asas, sariem l\u012bdz\u012bgas \u016bsas un vaigub\u0101rda. Pundur\u0161nauceram ir kvadr\u0101tveida \u0137ermenis [&hellip;]<\/p>\n","protected":false},"author":1,"featured_media":0,"parent":8016,"menu_order":0,"comment_status":"closed","ping_status":"closed","template":"page-fullwidth.php","meta":{"_acf_changed":false,"_glsr_average":0,"_glsr_ranking":0,"_glsr_reviews":0,"footnotes":""},"translation":{"provider":"WPGlobus","version":"2.12.2","language":"ru","enabled_languages":["lv","en","ru"],"languages":{"lv":{"title":true,"content":true,"excerpt":false},"en":{"title":false,"content":false,"excerpt":false},"ru":{"title":false,"content":false,"excerpt":false}}},"acf":[],"yoast_head":"<!-- This site is optimized with the Yoast SEO plugin v22.5 - https:\/\/yoast.com\/wordpress\/plugins\/seo\/ -->\n<title>Pundur\u0161naucers - Whisker.lv | Su\u0146u \u0161\u0137irnes - Pundur\u0161naucers<\/title>\n<meta name=\"robots\" content=\"index, follow, max-snippet:-1, max-image-preview:large, max-video-preview:-1\" \/>\n<link rel=\"canonical\" href=\"https:\/\/www.whisker.lv\/sunu-skirnes\/pundursnaucers\/\" \/>\n<meta property=\"og:locale\" content=\"ru_RU\" \/>\n<meta property=\"og:type\" content=\"article\" \/>\n<meta property=\"og:title\" content=\"Pundur\u0161naucers - Whisker\" \/>\n<meta property=\"og:url\" content=\"https:\/\/www.whisker.lv\/sunu-skirnes\/pundursnaucers\/\" \/>\n<meta property=\"og:site_name\" content=\"Whisker\" \/>\n<meta property=\"article:publisher\" content=\"https:\/\/www.facebook.com\/whisker.lv\/\" \/>\n<meta property=\"article:modified_time\" content=\"2019-04-03T21:18:33+00:00\" \/>\n<meta name=\"twitter:card\" content=\"summary_large_image\" \/>\n<meta name=\"twitter:label1\" content=\"Est. reading time\" \/>\n\t<meta name=\"twitter:data1\" content=\"1 minute\" \/>\n<script type=\"application\/ld+json\" class=\"yoast-schema-graph\">{\"@context\":\"https:\/\/schema.org\",\"@graph\":[{\"@type\":\"WebPage\",\"@id\":\"https:\/\/www.whisker.lv\/sunu-skirnes\/pundursnaucers\/\",\"url\":\"https:\/\/www.whisker.lv\/sunu-skirnes\/pundursnaucers\/\",\"name\":\"Pundur\u0161naucers - Whisker.lv | Su\u0146u \u0161\u0137irnes - Pundur\u0161naucers\",\"isPartOf\":{\"@id\":\"https:\/\/www.whisker.lv\/#website\"},\"datePublished\":\"2019-03-13T17:41:18+00:00\",\"dateModified\":\"2019-04-03T21:18:33+00:00\",\"description\":\"Eksterjera galven\u0101s poz\u012bcij\u0101s pundur\u0161naucers l\u012bdzin\u0101s savam augum\u0101 liel\u0101kajam ciltsbr\u0101lim milzu \u0161nauceram \u2013 kuplas uzacis, asas \u016bsas un vaigub\u0101rda.\",\"breadcrumb\":{\"@id\":\"https:\/\/www.whisker.lv\/sunu-skirnes\/pundursnaucers\/#breadcrumb\"},\"inLanguage\":\"ru-RU\",\"potentialAction\":[{\"@type\":\"ReadAction\",\"target\":[\"https:\/\/www.whisker.lv\/sunu-skirnes\/pundursnaucers\/\"]}]},{\"@type\":\"BreadcrumbList\",\"@id\":\"https:\/\/www.whisker.lv\/sunu-skirnes\/pundursnaucers\/#breadcrumb\",\"itemListElement\":[{\"@type\":\"ListItem\",\"position\":1,\"name\":\"S\u0101kums\",\"item\":\"https:\/\/www.whisker.lv\/\"},{\"@type\":\"ListItem\",\"position\":2,\"name\":\"Su\u0146u \u0161\u0137irnes\",\"item\":\"https:\/\/www.whisker.lv\/sunu-skirnes\/\"},{\"@type\":\"ListItem\",\"position\":3,\"name\":\"Pundur\u0161naucers\"}]},{\"@type\":\"WebSite\",\"@id\":\"https:\/\/www.whisker.lv\/#website\",\"url\":\"https:\/\/www.whisker.lv\/\",\"name\":\"Whisker\",\"description\":\"Tavs pal\u012bgs m\u0101jdzivnieku pieskat\u012b\u0161an\u0101\",\"potentialAction\":[{\"@type\":\"SearchAction\",\"target\":{\"@type\":\"EntryPoint\",\"urlTemplate\":\"https:\/\/www.whisker.lv\/?s={search_term_string}\"},\"query-input\":\"required name=search_term_string\"}],\"inLanguage\":\"ru-RU\"}]}<\/script>\n<!-- \/ Yoast SEO plugin. -->","yoast_head_json":{"title":"Pundur\u0161naucers - Whisker.lv | Su\u0146u \u0161\u0137irnes - Pundur\u0161naucers","robots":{"index":"index","follow":"follow","max-snippet":"max-snippet:-1","max-image-preview":"max-image-preview:large","max-video-preview":"max-video-preview:-1"},"canonical":"https:\/\/www.whisker.lv\/sunu-skirnes\/pundursnaucers\/","og_locale":"ru_RU","og_type":"article","og_title":"Pundur\u0161naucers - Whisker","og_url":"https:\/\/www.whisker.lv\/sunu-skirnes\/pundursnaucers\/","og_site_name":"Whisker","article_publisher":"https:\/\/www.facebook.com\/whisker.lv\/","article_modified_time":"2019-04-03T21:18:33+00:00","twitter_card":"summary_large_image","twitter_misc":{"Est. reading time":"1 minute"},"schema":{"@context":"https:\/\/schema.org","@graph":[{"@type":"WebPage","@id":"https:\/\/www.whisker.lv\/sunu-skirnes\/pundursnaucers\/","url":"https:\/\/www.whisker.lv\/sunu-skirnes\/pundursnaucers\/","name":"Pundur\u0161naucers - Whisker.lv | Su\u0146u \u0161\u0137irnes - Pundur\u0161naucers","isPartOf":{"@id":"https:\/\/www.whisker.lv\/#website"},"datePublished":"2019-03-13T17:41:18+00:00","dateModified":"2019-04-03T21:18:33+00:00","description":"Eksterjera galven\u0101s poz\u012bcij\u0101s pundur\u0161naucers l\u012bdzin\u0101s savam augum\u0101 liel\u0101kajam ciltsbr\u0101lim milzu \u0161nauceram \u2013 kuplas uzacis, asas \u016bsas un vaigub\u0101rda.","breadcrumb":{"@id":"https:\/\/www.whisker.lv\/sunu-skirnes\/pundursnaucers\/#breadcrumb"},"inLanguage":"ru-RU","potentialAction":[{"@type":"ReadAction","target":["https:\/\/www.whisker.lv\/sunu-skirnes\/pundursnaucers\/"]}]},{"@type":"BreadcrumbList","@id":"https:\/\/www.whisker.lv\/sunu-skirnes\/pundursnaucers\/#breadcrumb","itemListElement":[{"@type":"ListItem","position":1,"name":"S\u0101kums","item":"https:\/\/www.whisker.lv\/"},{"@type":"ListItem","position":2,"name":"Su\u0146u \u0161\u0137irnes","item":"https:\/\/www.whisker.lv\/sunu-skirnes\/"},{"@type":"ListItem","position":3,"name":"Pundur\u0161naucers"}]},{"@type":"WebSite","@id":"https:\/\/www.whisker.lv\/#website","url":"https:\/\/www.whisker.lv\/","name":"Whisker","description":"Tavs pal\u012bgs m\u0101jdzivnieku pieskat\u012b\u0161an\u0101","potentialAction":[{"@type":"SearchAction","target":{"@type":"EntryPoint","urlTemplate":"https:\/\/www.whisker.lv\/?s={search_term_string}"},"query-input":"required name=search_term_string"}],"inLanguage":"ru-RU"}]}},"_links":{"self":[{"href":"https:\/\/www.whisker.lv\/ru\/wp-json\/wp\/v2\/pages\/9177"}],"collection":[{"href":"https:\/\/www.whisker.lv\/ru\/wp-json\/wp\/v2\/pages"}],"about":[{"href":"https:\/\/www.whisker.lv\/ru\/wp-json\/wp\/v2\/types\/page"}],"author":[{"embeddable":true,"href":"https:\/\/www.whisker.lv\/ru\/wp-json\/wp\/v2\/users\/1"}],"replies":[{"embeddable":true,"href":"https:\/\/www.whisker.lv\/ru\/wp-json\/wp\/v2\/comments?post=9177"}],"version-history":[{"count":5,"href":"https:\/\/www.whisker.lv\/ru\/wp-json\/wp\/v2\/pages\/9177\/revisions"}],"predecessor-version":[{"id":11207,"href":"https:\/\/www.whisker.lv\/ru\/wp-json\/wp\/v2\/pages\/9177\/revisions\/11207"}],"up":[{"embeddable":true,"href":"https:\/\/www.whisker.lv\/ru\/wp-json\/wp\/v2\/pages\/8016"}],"wp:attachment":[{"href":"https:\/\/www.whisker.lv\/ru\/wp-json\/wp\/v2\/media?parent=9177"}],"curies":[{"name":"wp","href":"https:\/\/api.w.org\/{rel}","templated":true}]}}