



{"id":9184,"date":"2019-03-13T19:51:46","date_gmt":"2019-03-13T17:51:46","guid":{"rendered":"https:\/\/www.whisker.lv\/?page_id=9184"},"modified":"2019-04-03T23:17:59","modified_gmt":"2019-04-03T21:17:59","slug":"pundurpincers","status":"publish","type":"page","link":"https:\/\/www.whisker.lv\/ru\/sunu-skirnes\/pundurpincers\/","title":{"rendered":"Pundurpin\u010ders"},"content":{"rendered":"[vc_row][vc_column][vc_text_separator title=&#8221;Pundurpin\u010ders&#8221; border_width=&#8221;8&#8243;][\/vc_column][\/vc_row][vc_row][vc_column width=&#8221;1\/2&#8243;][vc_single_image image=&#8221;9186&#8243; img_size=&#8221;full&#8221; alignment=&#8221;center&#8221; style=&#8221;vc_box_rounded&#8221;][\/vc_column][vc_column width=&#8221;1\/2&#8243;][vc_column_text]<span style=\"color: #000000;\"><strong>Dzimtene:<\/strong> V\u0101cija<\/span><\/p>\n<p><span style=\"color: #000000;\"><strong>Funkcija:<\/strong> \u017eurku \u0137\u0113r\u0101js<\/span><\/p>\n<p><span style=\"color: #000000;\"><strong>Izcel\u0161an\u0101s:<\/strong> ap 1800. g.<\/span><\/p>\n<p><span style=\"color: #000000;\"><strong>Skausta augstums:<\/strong> 25-30 cm<\/span><\/p>\n<p><span style=\"color: #000000;\"><strong>Masa:<\/strong> 4-5 kg<\/span><\/p>\n<p><span style=\"color: #000000;\"><strong>Raksturs:<\/strong> mo\u017es, dz\u012bvespriec\u012bgs<\/span><\/p>\n<p><span style=\"color: #000000;\"><strong>Dz\u012bves ilgums:<\/strong> 12-16 gadi<\/span>[\/vc_column_text][\/vc_column][\/vc_row][vc_row][vc_column][vc_column_text]<span style=\"color: #000000;\">Plec\u012bgais, straujais terjers ir atl\u0113tisks, sp\u0113c\u012bgas miesasb\u016bves suns, kur\u0161 skrien \u0101tr\u0101k nek\u0101 augum\u0101 liel\u0101ki su\u0146i. Viena no pundurpin\u010dera rakstur\u012bg\u0101kaj\u0101m iez\u012bm\u0113m ir \u201czirga gaita\u201d (skrienot saliec ce\u013cus).<\/span><\/p>\n<p><span style=\"color: #000000;\"><strong>V\u0113sture.<\/strong> Sen\u0101 \u0161\u0137irne att\u012bst\u012bjusies no v\u0101cu terjeriem. V\u0101cu pin\u010deru audz\u0113t\u0101ju klubs nodibin\u0101ts 1895. gad\u0101. Tad izveidoja ar\u012b \u0161\u0137ines standartu.<\/span><\/p>\n<p><span style=\"color: #000000;\"><strong>Piez\u012bme.<\/strong> K\u0101dreiz \u0161os su\u0146us d\u0113v\u0113ja par stinu pin\u010deriem, jo vi\u0146i ir l\u012bdz\u012bgi V\u0101cijas me\u017eos m\u012bto\u0161aj\u0101m stirn\u0101m.<\/span><\/p>\n<p><span style=\"color: #000000;\"><strong>Otrs nosaukums.<\/strong> Stirnu pin\u010ders.<\/span>[\/vc_column_text][\/vc_column][\/vc_row]\n","protected":false},"excerpt":{"rendered":"<p>[vc_row][vc_column][vc_text_separator title=&#8221;Pundurpin\u010ders&#8221; border_width=&#8221;8&#8243;][\/vc_column][\/vc_row][vc_row][vc_column width=&#8221;1\/2&#8243;][vc_single_image image=&#8221;9186&#8243; img_size=&#8221;full&#8221; alignment=&#8221;center&#8221; style=&#8221;vc_box_rounded&#8221;][\/vc_column][vc_column width=&#8221;1\/2&#8243;][vc_column_text]Dzimtene: V\u0101cija Funkcija: \u017eurku \u0137\u0113r\u0101js Izcel\u0161an\u0101s: ap 1800. g. Skausta augstums: 25-30 cm Masa: 4-5 kg Raksturs: mo\u017es, dz\u012bvespriec\u012bgs Dz\u012bves ilgums: 12-16 gadi[\/vc_column_text][\/vc_column][\/vc_row][vc_row][vc_column][vc_column_text]Plec\u012bgais, straujais terjers ir atl\u0113tisks, sp\u0113c\u012bgas miesasb\u016bves suns, kur\u0161 skrien \u0101tr\u0101k nek\u0101 augum\u0101 liel\u0101ki su\u0146i. Viena no pundurpin\u010dera rakstur\u012bg\u0101kaj\u0101m iez\u012bm\u0113m ir \u201czirga gaita\u201d (skrienot saliec [&hellip;]<\/p>\n","protected":false},"author":1,"featured_media":0,"parent":8016,"menu_order":0,"comment_status":"closed","ping_status":"closed","template":"page-fullwidth.php","meta":{"_acf_changed":false,"_glsr_average":0,"_glsr_ranking":0,"_glsr_reviews":0,"footnotes":""},"translation":{"provider":"WPGlobus","version":"2.12.2","language":"ru","enabled_languages":["lv","en","ru"],"languages":{"lv":{"title":true,"content":true,"excerpt":false},"en":{"title":false,"content":false,"excerpt":false},"ru":{"title":false,"content":false,"excerpt":false}}},"acf":[],"yoast_head":"<!-- This site is optimized with the Yoast SEO plugin v22.5 - https:\/\/yoast.com\/wordpress\/plugins\/seo\/ -->\n<title>Pundurpin\u010ders - Whisker.lv | Su\u0146u \u0161\u0137irnes - Pundurpin\u010ders<\/title>\n<meta name=\"robots\" content=\"index, follow, max-snippet:-1, max-image-preview:large, max-video-preview:-1\" \/>\n<link rel=\"canonical\" href=\"https:\/\/www.whisker.lv\/sunu-skirnes\/pundurpincers\/\" \/>\n<meta property=\"og:locale\" content=\"ru_RU\" \/>\n<meta property=\"og:type\" content=\"article\" \/>\n<meta property=\"og:title\" content=\"Pundurpin\u010ders - Whisker\" \/>\n<meta property=\"og:url\" content=\"https:\/\/www.whisker.lv\/sunu-skirnes\/pundurpincers\/\" \/>\n<meta property=\"og:site_name\" content=\"Whisker\" \/>\n<meta property=\"article:publisher\" content=\"https:\/\/www.facebook.com\/whisker.lv\/\" \/>\n<meta property=\"article:modified_time\" content=\"2019-04-03T21:17:59+00:00\" \/>\n<meta name=\"twitter:card\" content=\"summary_large_image\" \/>\n<meta name=\"twitter:label1\" content=\"Est. reading time\" \/>\n\t<meta name=\"twitter:data1\" content=\"1 minute\" \/>\n<script type=\"application\/ld+json\" class=\"yoast-schema-graph\">{\"@context\":\"https:\/\/schema.org\",\"@graph\":[{\"@type\":\"WebPage\",\"@id\":\"https:\/\/www.whisker.lv\/sunu-skirnes\/pundurpincers\/\",\"url\":\"https:\/\/www.whisker.lv\/sunu-skirnes\/pundurpincers\/\",\"name\":\"Pundurpin\u010ders - Whisker.lv | Su\u0146u \u0161\u0137irnes - Pundurpin\u010ders\",\"isPartOf\":{\"@id\":\"https:\/\/www.whisker.lv\/#website\"},\"datePublished\":\"2019-03-13T17:51:46+00:00\",\"dateModified\":\"2019-04-03T21:17:59+00:00\",\"description\":\"Pundurpin\u010ders - \u0161is plec\u012bgais, straujais terjers ir atl\u0113tisks, sp\u0113c\u012bgas miesasb\u016bves suns, kur\u0161 skrien \u0101tr\u0101k nek\u0101 augum\u0101 liel\u0101ki su\u0146i.\",\"breadcrumb\":{\"@id\":\"https:\/\/www.whisker.lv\/sunu-skirnes\/pundurpincers\/#breadcrumb\"},\"inLanguage\":\"ru-RU\",\"potentialAction\":[{\"@type\":\"ReadAction\",\"target\":[\"https:\/\/www.whisker.lv\/sunu-skirnes\/pundurpincers\/\"]}]},{\"@type\":\"BreadcrumbList\",\"@id\":\"https:\/\/www.whisker.lv\/sunu-skirnes\/pundurpincers\/#breadcrumb\",\"itemListElement\":[{\"@type\":\"ListItem\",\"position\":1,\"name\":\"S\u0101kums\",\"item\":\"https:\/\/www.whisker.lv\/\"},{\"@type\":\"ListItem\",\"position\":2,\"name\":\"Su\u0146u \u0161\u0137irnes\",\"item\":\"https:\/\/www.whisker.lv\/sunu-skirnes\/\"},{\"@type\":\"ListItem\",\"position\":3,\"name\":\"Pundurpin\u010ders\"}]},{\"@type\":\"WebSite\",\"@id\":\"https:\/\/www.whisker.lv\/#website\",\"url\":\"https:\/\/www.whisker.lv\/\",\"name\":\"Whisker\",\"description\":\"Tavs pal\u012bgs m\u0101jdzivnieku pieskat\u012b\u0161an\u0101\",\"potentialAction\":[{\"@type\":\"SearchAction\",\"target\":{\"@type\":\"EntryPoint\",\"urlTemplate\":\"https:\/\/www.whisker.lv\/?s={search_term_string}\"},\"query-input\":\"required name=search_term_string\"}],\"inLanguage\":\"ru-RU\"}]}<\/script>\n<!-- \/ Yoast SEO plugin. -->","yoast_head_json":{"title":"Pundurpin\u010ders - Whisker.lv | Su\u0146u \u0161\u0137irnes - Pundurpin\u010ders","robots":{"index":"index","follow":"follow","max-snippet":"max-snippet:-1","max-image-preview":"max-image-preview:large","max-video-preview":"max-video-preview:-1"},"canonical":"https:\/\/www.whisker.lv\/sunu-skirnes\/pundurpincers\/","og_locale":"ru_RU","og_type":"article","og_title":"Pundurpin\u010ders - Whisker","og_url":"https:\/\/www.whisker.lv\/sunu-skirnes\/pundurpincers\/","og_site_name":"Whisker","article_publisher":"https:\/\/www.facebook.com\/whisker.lv\/","article_modified_time":"2019-04-03T21:17:59+00:00","twitter_card":"summary_large_image","twitter_misc":{"Est. reading time":"1 minute"},"schema":{"@context":"https:\/\/schema.org","@graph":[{"@type":"WebPage","@id":"https:\/\/www.whisker.lv\/sunu-skirnes\/pundurpincers\/","url":"https:\/\/www.whisker.lv\/sunu-skirnes\/pundurpincers\/","name":"Pundurpin\u010ders - Whisker.lv | Su\u0146u \u0161\u0137irnes - Pundurpin\u010ders","isPartOf":{"@id":"https:\/\/www.whisker.lv\/#website"},"datePublished":"2019-03-13T17:51:46+00:00","dateModified":"2019-04-03T21:17:59+00:00","description":"Pundurpin\u010ders - \u0161is plec\u012bgais, straujais terjers ir atl\u0113tisks, sp\u0113c\u012bgas miesasb\u016bves suns, kur\u0161 skrien \u0101tr\u0101k nek\u0101 augum\u0101 liel\u0101ki su\u0146i.","breadcrumb":{"@id":"https:\/\/www.whisker.lv\/sunu-skirnes\/pundurpincers\/#breadcrumb"},"inLanguage":"ru-RU","potentialAction":[{"@type":"ReadAction","target":["https:\/\/www.whisker.lv\/sunu-skirnes\/pundurpincers\/"]}]},{"@type":"BreadcrumbList","@id":"https:\/\/www.whisker.lv\/sunu-skirnes\/pundurpincers\/#breadcrumb","itemListElement":[{"@type":"ListItem","position":1,"name":"S\u0101kums","item":"https:\/\/www.whisker.lv\/"},{"@type":"ListItem","position":2,"name":"Su\u0146u \u0161\u0137irnes","item":"https:\/\/www.whisker.lv\/sunu-skirnes\/"},{"@type":"ListItem","position":3,"name":"Pundurpin\u010ders"}]},{"@type":"WebSite","@id":"https:\/\/www.whisker.lv\/#website","url":"https:\/\/www.whisker.lv\/","name":"Whisker","description":"Tavs pal\u012bgs m\u0101jdzivnieku pieskat\u012b\u0161an\u0101","potentialAction":[{"@type":"SearchAction","target":{"@type":"EntryPoint","urlTemplate":"https:\/\/www.whisker.lv\/?s={search_term_string}"},"query-input":"required name=search_term_string"}],"inLanguage":"ru-RU"}]}},"_links":{"self":[{"href":"https:\/\/www.whisker.lv\/ru\/wp-json\/wp\/v2\/pages\/9184"}],"collection":[{"href":"https:\/\/www.whisker.lv\/ru\/wp-json\/wp\/v2\/pages"}],"about":[{"href":"https:\/\/www.whisker.lv\/ru\/wp-json\/wp\/v2\/types\/page"}],"author":[{"embeddable":true,"href":"https:\/\/www.whisker.lv\/ru\/wp-json\/wp\/v2\/users\/1"}],"replies":[{"embeddable":true,"href":"https:\/\/www.whisker.lv\/ru\/wp-json\/wp\/v2\/comments?post=9184"}],"version-history":[{"count":4,"href":"https:\/\/www.whisker.lv\/ru\/wp-json\/wp\/v2\/pages\/9184\/revisions"}],"predecessor-version":[{"id":11091,"href":"https:\/\/www.whisker.lv\/ru\/wp-json\/wp\/v2\/pages\/9184\/revisions\/11091"}],"up":[{"embeddable":true,"href":"https:\/\/www.whisker.lv\/ru\/wp-json\/wp\/v2\/pages\/8016"}],"wp:attachment":[{"href":"https:\/\/www.whisker.lv\/ru\/wp-json\/wp\/v2\/media?parent=9184"}],"curies":[{"name":"wp","href":"https:\/\/api.w.org\/{rel}","templated":true}]}}