



{"id":9189,"date":"2019-03-13T19:57:36","date_gmt":"2019-03-13T17:57:36","guid":{"rendered":"https:\/\/www.whisker.lv\/?page_id=9189"},"modified":"2019-04-03T23:17:22","modified_gmt":"2019-04-03T21:17:22","slug":"puli","status":"publish","type":"page","link":"https:\/\/www.whisker.lv\/ru\/sunu-skirnes\/puli\/","title":{"rendered":"Puli"},"content":{"rendered":"[vc_row][vc_column][vc_text_separator title=&#8221;Puli&#8221; border_width=&#8221;8&#8243;][\/vc_column][\/vc_row][vc_row][vc_column width=&#8221;1\/2&#8243;][vc_single_image image=&#8221;8318&#8243; img_size=&#8221;large&#8221; alignment=&#8221;center&#8221; style=&#8221;vc_box_rounded&#8221;][\/vc_column][vc_column width=&#8221;1\/2&#8243;][vc_column_text]<span style=\"color: #000000;\"><strong>Dzimtene:<\/strong> Ung\u0101rija<\/span><\/p>\n<p><span style=\"color: #000000;\"><strong>Funkcija:<\/strong> aitu suns<\/span><\/p>\n<p><span style=\"color: #000000;\"><strong>Izcel\u0161an\u0101s:<\/strong> ap 900. g.<\/span><\/p>\n<p><span style=\"color: #000000;\"><strong>Skausta augstums:<\/strong> 36-48 cm<\/span><\/p>\n<p><span style=\"color: #000000;\"><strong>Masa:<\/strong> 9-18 kg<\/span><\/p>\n<p><span style=\"color: #000000;\"><strong>Raksturs:<\/strong> paklaus\u012bgs, ir atbild\u012bbas saj\u016bta<\/span><\/p>\n<p><span style=\"color: #000000;\"><strong>Dz\u012bves ilgums:<\/strong> 10-15 gadi<\/span>[\/vc_column_text][\/vc_column][\/vc_row][vc_row][vc_column][vc_column_text]<span style=\"color: #000000;\">\u0160o sp\u0113c\u012bgo suni viegli var paz\u012bt p\u0113c savdab\u012bg\u0101 \u201cauklu vijuma\u201d ka\u017eoka. Tom\u0113r p\u0113d\u0113jos gados ASV v\u0113rojama tendence ekspon\u0113t puli \u0161\u0137irnes su\u0146us, kuriem ir vilnains ka\u017eoks.<\/span><\/p>\n<p><span style=\"color: #000000;\"><strong>V\u0113sture.<\/strong> \u0160\u0137irnes izcelsme nav \u012bsti noskaidrota. Iesp\u0113jams, ka t\u0101 c\u0113lusies no senajiem tibetie\u0161u su\u0146iem. Ung\u0101rij\u0101 puli veic aitu gana pien\u0101kumus, bet p\u0113d\u0113jos gados paklaus\u012bgais dz\u012bvnieks k\u013cuvis par lielisku pal\u012bgu policistiem.<\/span><\/p>\n<p><span style=\"color: #000000;\"><strong>Piez\u012bme.<\/strong> Katra \u201caukla\u201d j\u0101kpoj atsevi\u0161\u0137i.<\/span>[\/vc_column_text][\/vc_column][\/vc_row]\n","protected":false},"excerpt":{"rendered":"<p>[vc_row][vc_column][vc_text_separator title=&#8221;Puli&#8221; border_width=&#8221;8&#8243;][\/vc_column][\/vc_row][vc_row][vc_column width=&#8221;1\/2&#8243;][vc_single_image image=&#8221;8318&#8243; img_size=&#8221;large&#8221; alignment=&#8221;center&#8221; style=&#8221;vc_box_rounded&#8221;][\/vc_column][vc_column width=&#8221;1\/2&#8243;][vc_column_text]Dzimtene: Ung\u0101rija Funkcija: aitu suns Izcel\u0161an\u0101s: ap 900. g. Skausta augstums: 36-48 cm Masa: 9-18 kg Raksturs: paklaus\u012bgs, ir atbild\u012bbas saj\u016bta Dz\u012bves ilgums: 10-15 gadi[\/vc_column_text][\/vc_column][\/vc_row][vc_row][vc_column][vc_column_text]\u0160o sp\u0113c\u012bgo suni viegli var paz\u012bt p\u0113c savdab\u012bg\u0101 \u201cauklu vijuma\u201d ka\u017eoka. Tom\u0113r p\u0113d\u0113jos gados ASV v\u0113rojama tendence ekspon\u0113t puli \u0161\u0137irnes su\u0146us, kuriem ir [&hellip;]<\/p>\n","protected":false},"author":1,"featured_media":0,"parent":8016,"menu_order":0,"comment_status":"closed","ping_status":"closed","template":"page-fullwidth.php","meta":{"_acf_changed":false,"_glsr_average":0,"_glsr_ranking":0,"_glsr_reviews":0,"footnotes":""},"translation":{"provider":"WPGlobus","version":"2.12.2","language":"ru","enabled_languages":["lv","en","ru"],"languages":{"lv":{"title":true,"content":true,"excerpt":false},"en":{"title":false,"content":false,"excerpt":false},"ru":{"title":false,"content":false,"excerpt":false}}},"acf":[],"yoast_head":"<!-- This site is optimized with the Yoast SEO plugin v22.5 - https:\/\/yoast.com\/wordpress\/plugins\/seo\/ -->\n<title>Puli - Whisker<\/title>\n<meta name=\"robots\" content=\"index, follow, max-snippet:-1, max-image-preview:large, max-video-preview:-1\" \/>\n<link rel=\"canonical\" href=\"https:\/\/www.whisker.lv\/en\/sunu-skirnes\/puli\/\" \/>\n<meta property=\"og:locale\" content=\"ru_RU\" \/>\n<meta property=\"og:type\" content=\"article\" \/>\n<meta property=\"og:title\" content=\"Puli - Whisker\" \/>\n<meta property=\"og:url\" content=\"https:\/\/www.whisker.lv\/en\/sunu-skirnes\/puli\/\" \/>\n<meta property=\"og:site_name\" content=\"Whisker\" \/>\n<meta property=\"article:publisher\" content=\"https:\/\/www.facebook.com\/whisker.lv\/\" \/>\n<meta property=\"article:modified_time\" content=\"2019-04-03T21:17:22+00:00\" \/>\n<meta name=\"twitter:card\" content=\"summary_large_image\" \/>\n<meta name=\"twitter:label1\" content=\"Est. reading time\" \/>\n\t<meta name=\"twitter:data1\" content=\"1 minute\" \/>\n<script type=\"application\/ld+json\" class=\"yoast-schema-graph\">{\"@context\":\"https:\/\/schema.org\",\"@graph\":[{\"@type\":\"WebPage\",\"@id\":\"https:\/\/www.whisker.lv\/en\/sunu-skirnes\/puli\/\",\"url\":\"https:\/\/www.whisker.lv\/en\/sunu-skirnes\/puli\/\",\"name\":\"Puli - Whisker\",\"isPartOf\":{\"@id\":\"https:\/\/www.whisker.lv\/#website\"},\"datePublished\":\"2019-03-13T17:57:36+00:00\",\"dateModified\":\"2019-04-03T21:17:22+00:00\",\"description\":\"Ung\u0101rij\u0101 puli veic aitu gana pien\u0101kumus, bet p\u0113d\u0113jos gados paklaus\u012bgais dz\u012bvnieks k\u013cuvis par lielisku pal\u012bgu policistiem.\",\"breadcrumb\":{\"@id\":\"https:\/\/www.whisker.lv\/en\/sunu-skirnes\/puli\/#breadcrumb\"},\"inLanguage\":\"ru-RU\",\"potentialAction\":[{\"@type\":\"ReadAction\",\"target\":[\"https:\/\/www.whisker.lv\/en\/sunu-skirnes\/puli\/\"]}]},{\"@type\":\"BreadcrumbList\",\"@id\":\"https:\/\/www.whisker.lv\/en\/sunu-skirnes\/puli\/#breadcrumb\",\"itemListElement\":[{\"@type\":\"ListItem\",\"position\":1,\"name\":\"S\u0101kums\",\"item\":\"https:\/\/www.whisker.lv\/\"},{\"@type\":\"ListItem\",\"position\":2,\"name\":\"Su\u0146u \u0161\u0137irnes\",\"item\":\"https:\/\/www.whisker.lv\/sunu-skirnes\/\"},{\"@type\":\"ListItem\",\"position\":3,\"name\":\"Puli\"}]},{\"@type\":\"WebSite\",\"@id\":\"https:\/\/www.whisker.lv\/#website\",\"url\":\"https:\/\/www.whisker.lv\/\",\"name\":\"Whisker\",\"description\":\"Tavs pal\u012bgs m\u0101jdzivnieku pieskat\u012b\u0161an\u0101\",\"potentialAction\":[{\"@type\":\"SearchAction\",\"target\":{\"@type\":\"EntryPoint\",\"urlTemplate\":\"https:\/\/www.whisker.lv\/?s={search_term_string}\"},\"query-input\":\"required name=search_term_string\"}],\"inLanguage\":\"ru-RU\"}]}<\/script>\n<!-- \/ Yoast SEO plugin. -->","yoast_head_json":{"title":"Puli - Whisker","robots":{"index":"index","follow":"follow","max-snippet":"max-snippet:-1","max-image-preview":"max-image-preview:large","max-video-preview":"max-video-preview:-1"},"canonical":"https:\/\/www.whisker.lv\/en\/sunu-skirnes\/puli\/","og_locale":"ru_RU","og_type":"article","og_title":"Puli - Whisker","og_url":"https:\/\/www.whisker.lv\/en\/sunu-skirnes\/puli\/","og_site_name":"Whisker","article_publisher":"https:\/\/www.facebook.com\/whisker.lv\/","article_modified_time":"2019-04-03T21:17:22+00:00","twitter_card":"summary_large_image","twitter_misc":{"Est. reading time":"1 minute"},"schema":{"@context":"https:\/\/schema.org","@graph":[{"@type":"WebPage","@id":"https:\/\/www.whisker.lv\/en\/sunu-skirnes\/puli\/","url":"https:\/\/www.whisker.lv\/en\/sunu-skirnes\/puli\/","name":"Puli - Whisker","isPartOf":{"@id":"https:\/\/www.whisker.lv\/#website"},"datePublished":"2019-03-13T17:57:36+00:00","dateModified":"2019-04-03T21:17:22+00:00","description":"Ung\u0101rij\u0101 puli veic aitu gana pien\u0101kumus, bet p\u0113d\u0113jos gados paklaus\u012bgais dz\u012bvnieks k\u013cuvis par lielisku pal\u012bgu policistiem.","breadcrumb":{"@id":"https:\/\/www.whisker.lv\/en\/sunu-skirnes\/puli\/#breadcrumb"},"inLanguage":"ru-RU","potentialAction":[{"@type":"ReadAction","target":["https:\/\/www.whisker.lv\/en\/sunu-skirnes\/puli\/"]}]},{"@type":"BreadcrumbList","@id":"https:\/\/www.whisker.lv\/en\/sunu-skirnes\/puli\/#breadcrumb","itemListElement":[{"@type":"ListItem","position":1,"name":"S\u0101kums","item":"https:\/\/www.whisker.lv\/"},{"@type":"ListItem","position":2,"name":"Su\u0146u \u0161\u0137irnes","item":"https:\/\/www.whisker.lv\/sunu-skirnes\/"},{"@type":"ListItem","position":3,"name":"Puli"}]},{"@type":"WebSite","@id":"https:\/\/www.whisker.lv\/#website","url":"https:\/\/www.whisker.lv\/","name":"Whisker","description":"Tavs pal\u012bgs m\u0101jdzivnieku pieskat\u012b\u0161an\u0101","potentialAction":[{"@type":"SearchAction","target":{"@type":"EntryPoint","urlTemplate":"https:\/\/www.whisker.lv\/?s={search_term_string}"},"query-input":"required name=search_term_string"}],"inLanguage":"ru-RU"}]}},"_links":{"self":[{"href":"https:\/\/www.whisker.lv\/ru\/wp-json\/wp\/v2\/pages\/9189"}],"collection":[{"href":"https:\/\/www.whisker.lv\/ru\/wp-json\/wp\/v2\/pages"}],"about":[{"href":"https:\/\/www.whisker.lv\/ru\/wp-json\/wp\/v2\/types\/page"}],"author":[{"embeddable":true,"href":"https:\/\/www.whisker.lv\/ru\/wp-json\/wp\/v2\/users\/1"}],"replies":[{"embeddable":true,"href":"https:\/\/www.whisker.lv\/ru\/wp-json\/wp\/v2\/comments?post=9189"}],"version-history":[{"count":4,"href":"https:\/\/www.whisker.lv\/ru\/wp-json\/wp\/v2\/pages\/9189\/revisions"}],"predecessor-version":[{"id":11090,"href":"https:\/\/www.whisker.lv\/ru\/wp-json\/wp\/v2\/pages\/9189\/revisions\/11090"}],"up":[{"embeddable":true,"href":"https:\/\/www.whisker.lv\/ru\/wp-json\/wp\/v2\/pages\/8016"}],"wp:attachment":[{"href":"https:\/\/www.whisker.lv\/ru\/wp-json\/wp\/v2\/media?parent=9189"}],"curies":[{"name":"wp","href":"https:\/\/api.w.org\/{rel}","templated":true}]}}