



{"id":9194,"date":"2019-03-13T20:05:15","date_gmt":"2019-03-13T18:05:15","guid":{"rendered":"https:\/\/www.whisker.lv\/?page_id=9194"},"modified":"2019-04-03T23:16:28","modified_gmt":"2019-04-03T21:16:28","slug":"portugalu-udenssuns","status":"publish","type":"page","link":"https:\/\/www.whisker.lv\/ru\/sunu-skirnes\/portugalu-udenssuns\/","title":{"rendered":"Portug\u0101\u013cu \u016bdenssuns"},"content":{"rendered":"[vc_row][vc_column][vc_text_separator title=&#8221;Portug\u0101\u013cu \u016bdenssuns&#8221; border_width=&#8221;8&#8243;][\/vc_column][\/vc_row][vc_row][vc_column width=&#8221;1\/2&#8243;][vc_gallery type=&#8221;flexslider_slide&#8221; interval=&#8221;0&#8243; images=&#8221;8317,9196&#8243; img_size=&#8221;large&#8221;][\/vc_column][vc_column width=&#8221;1\/2&#8243;][vc_column_text]<span style=\"color: #000000;\"><strong>Dzimtene:<\/strong> Portug\u0101le<\/span><\/p>\n<p><span style=\"color: #000000;\"><strong>Funkcija:<\/strong> med\u012bjuma izne\u0161ana no j\u016bras<\/span><\/p>\n<p><span style=\"color: #000000;\"><strong>Izcel\u0161an\u0101s:<\/strong> ap 1500. g.<\/span><\/p>\n<p><span style=\"color: #000000;\"><strong>Skausta augstums:<\/strong> 41-56 cm<\/span><\/p>\n<p><span style=\"color: #000000;\"><strong>Masa:<\/strong> 16-25 kg<\/span><\/p>\n<p><span style=\"color: #000000;\"><strong>Raksturs:<\/strong> pak\u013c\u0101v\u012bgs, draudz\u012bgs<\/span><\/p>\n<p><span style=\"color: #000000;\"><strong>Dz\u012bves ilgums:<\/strong> 11-13 gadi<\/span>[\/vc_column_text][\/vc_column][\/vc_row][vc_row][vc_column][vc_column_text]<span style=\"color: #000000;\">Atkar\u012bb\u0101 no ka\u017eoku tipa \u0161\u0137irni iedala divos paveidos. Pirm\u0101 paveida su\u0146iem ir gar\u0161, vi\u013c\u0146ots apmatojums, kas viet\u0101m veido lielas sporgas, bet otr\u0101 paveida su\u0146iem ka\u017eoks ir \u012bs\u0101ks un biez\u0101ks, ar bl\u012bv\u0101k\u0101m sprog\u0101m. Abu paveidu su\u0146u ka\u017eokam nav pavilnas.<\/span><\/p>\n<p><span style=\"color: #000000;\"><strong>V\u0113sture. <\/strong>\u0160\u012b ir sena putnu \u0161\u0137irne. Portug\u0101\u013cu \u016bdenssu\u0146us bija iecien\u012bju\u0161i Algarves re\u0123iona zvejnieki Portug\u0101l\u0113. \u016adenssu\u0146i atnesa p\u0101ri bortam p\u0101rkritu\u0161us priek\u0161metus, k\u0101 ar\u012b kalpoja k\u0101 zi\u0146ne\u0161i starp laiv\u0101m.<\/span><\/p>\n<p><span style=\"color: #000000;\"><strong>Piez\u012bme.<\/strong> L\u012bdz 1960. gadam bija saglab\u0101ju\u0161ies tikai piecdesmit portug\u0101\u013cu \u016bdenssu\u0146u, ta\u010du m\u016bsdien\u0101s \u0161\u012b \u0161\u0137irne ir labi paz\u012bstama Eirop\u0101.<\/span>[\/vc_column_text][\/vc_column][\/vc_row]\n","protected":false},"excerpt":{"rendered":"<p>[vc_row][vc_column][vc_text_separator title=&#8221;Portug\u0101\u013cu \u016bdenssuns&#8221; border_width=&#8221;8&#8243;][\/vc_column][\/vc_row][vc_row][vc_column width=&#8221;1\/2&#8243;][vc_gallery type=&#8221;flexslider_slide&#8221; interval=&#8221;0&#8243; images=&#8221;8317,9196&#8243; img_size=&#8221;large&#8221;][\/vc_column][vc_column width=&#8221;1\/2&#8243;][vc_column_text]Dzimtene: Portug\u0101le Funkcija: med\u012bjuma izne\u0161ana no j\u016bras Izcel\u0161an\u0101s: ap 1500. g. Skausta augstums: 41-56 cm Masa: 16-25 kg Raksturs: pak\u013c\u0101v\u012bgs, draudz\u012bgs Dz\u012bves ilgums: 11-13 gadi[\/vc_column_text][\/vc_column][\/vc_row][vc_row][vc_column][vc_column_text]Atkar\u012bb\u0101 no ka\u017eoku tipa \u0161\u0137irni iedala divos paveidos. Pirm\u0101 paveida su\u0146iem ir gar\u0161, vi\u013c\u0146ots apmatojums, kas viet\u0101m veido lielas sporgas, bet otr\u0101 [&hellip;]<\/p>\n","protected":false},"author":1,"featured_media":0,"parent":8016,"menu_order":0,"comment_status":"closed","ping_status":"closed","template":"page-fullwidth.php","meta":{"_acf_changed":false,"_glsr_average":0,"_glsr_ranking":0,"_glsr_reviews":0,"footnotes":""},"translation":{"provider":"WPGlobus","version":"2.12.2","language":"ru","enabled_languages":["lv","en","ru"],"languages":{"lv":{"title":true,"content":true,"excerpt":false},"en":{"title":false,"content":false,"excerpt":false},"ru":{"title":false,"content":false,"excerpt":false}}},"acf":[],"yoast_head":"<!-- This site is optimized with the Yoast SEO plugin v22.5 - https:\/\/yoast.com\/wordpress\/plugins\/seo\/ -->\n<title>Portug\u0101\u013cu \u016bdenssuns - Whisker.lv | Su\u0146u \u0161\u0137irnes - Portug\u0101\u013cu \u016bdenssuns<\/title>\n<meta name=\"robots\" content=\"index, follow, max-snippet:-1, max-image-preview:large, max-video-preview:-1\" \/>\n<link rel=\"canonical\" href=\"https:\/\/www.whisker.lv\/sunu-skirnes\/portugalu-udenssuns\/\" \/>\n<meta property=\"og:locale\" content=\"ru_RU\" \/>\n<meta property=\"og:type\" content=\"article\" \/>\n<meta property=\"og:title\" content=\"Portug\u0101\u013cu \u016bdenssuns - Whisker\" \/>\n<meta property=\"og:url\" content=\"https:\/\/www.whisker.lv\/sunu-skirnes\/portugalu-udenssuns\/\" \/>\n<meta property=\"og:site_name\" content=\"Whisker\" \/>\n<meta property=\"article:publisher\" content=\"https:\/\/www.facebook.com\/whisker.lv\/\" \/>\n<meta property=\"article:modified_time\" content=\"2019-04-03T21:16:28+00:00\" \/>\n<meta name=\"twitter:card\" content=\"summary_large_image\" \/>\n<meta name=\"twitter:label1\" content=\"Est. reading time\" \/>\n\t<meta name=\"twitter:data1\" content=\"1 minute\" \/>\n<script type=\"application\/ld+json\" class=\"yoast-schema-graph\">{\"@context\":\"https:\/\/schema.org\",\"@graph\":[{\"@type\":\"WebPage\",\"@id\":\"https:\/\/www.whisker.lv\/sunu-skirnes\/portugalu-udenssuns\/\",\"url\":\"https:\/\/www.whisker.lv\/sunu-skirnes\/portugalu-udenssuns\/\",\"name\":\"Portug\u0101\u013cu \u016bdenssuns - Whisker.lv | Su\u0146u \u0161\u0137irnes - Portug\u0101\u013cu \u016bdenssuns\",\"isPartOf\":{\"@id\":\"https:\/\/www.whisker.lv\/#website\"},\"datePublished\":\"2019-03-13T18:05:15+00:00\",\"dateModified\":\"2019-04-03T21:16:28+00:00\",\"description\":\"Portug\u0101\u013cu \u016bdenssuns - \u0161o \u0161\u0137irni iedala divos paveidos. Pirm\u0101 paveida su\u0146iem ir gar\u0161, vi\u013c\u0146ots apmatojums, bet otr\u0101 paveida su\u0146iem ka\u017eoks ir \u012bs\u0101ks un biez\u0101ks.\",\"breadcrumb\":{\"@id\":\"https:\/\/www.whisker.lv\/sunu-skirnes\/portugalu-udenssuns\/#breadcrumb\"},\"inLanguage\":\"ru-RU\",\"potentialAction\":[{\"@type\":\"ReadAction\",\"target\":[\"https:\/\/www.whisker.lv\/sunu-skirnes\/portugalu-udenssuns\/\"]}]},{\"@type\":\"BreadcrumbList\",\"@id\":\"https:\/\/www.whisker.lv\/sunu-skirnes\/portugalu-udenssuns\/#breadcrumb\",\"itemListElement\":[{\"@type\":\"ListItem\",\"position\":1,\"name\":\"S\u0101kums\",\"item\":\"https:\/\/www.whisker.lv\/\"},{\"@type\":\"ListItem\",\"position\":2,\"name\":\"Su\u0146u \u0161\u0137irnes\",\"item\":\"https:\/\/www.whisker.lv\/sunu-skirnes\/\"},{\"@type\":\"ListItem\",\"position\":3,\"name\":\"Portug\u0101\u013cu \u016bdenssuns\"}]},{\"@type\":\"WebSite\",\"@id\":\"https:\/\/www.whisker.lv\/#website\",\"url\":\"https:\/\/www.whisker.lv\/\",\"name\":\"Whisker\",\"description\":\"Tavs pal\u012bgs m\u0101jdzivnieku pieskat\u012b\u0161an\u0101\",\"potentialAction\":[{\"@type\":\"SearchAction\",\"target\":{\"@type\":\"EntryPoint\",\"urlTemplate\":\"https:\/\/www.whisker.lv\/?s={search_term_string}\"},\"query-input\":\"required name=search_term_string\"}],\"inLanguage\":\"ru-RU\"}]}<\/script>\n<!-- \/ Yoast SEO plugin. -->","yoast_head_json":{"title":"Portug\u0101\u013cu \u016bdenssuns - Whisker.lv | Su\u0146u \u0161\u0137irnes - Portug\u0101\u013cu \u016bdenssuns","robots":{"index":"index","follow":"follow","max-snippet":"max-snippet:-1","max-image-preview":"max-image-preview:large","max-video-preview":"max-video-preview:-1"},"canonical":"https:\/\/www.whisker.lv\/sunu-skirnes\/portugalu-udenssuns\/","og_locale":"ru_RU","og_type":"article","og_title":"Portug\u0101\u013cu \u016bdenssuns - Whisker","og_url":"https:\/\/www.whisker.lv\/sunu-skirnes\/portugalu-udenssuns\/","og_site_name":"Whisker","article_publisher":"https:\/\/www.facebook.com\/whisker.lv\/","article_modified_time":"2019-04-03T21:16:28+00:00","twitter_card":"summary_large_image","twitter_misc":{"Est. reading time":"1 minute"},"schema":{"@context":"https:\/\/schema.org","@graph":[{"@type":"WebPage","@id":"https:\/\/www.whisker.lv\/sunu-skirnes\/portugalu-udenssuns\/","url":"https:\/\/www.whisker.lv\/sunu-skirnes\/portugalu-udenssuns\/","name":"Portug\u0101\u013cu \u016bdenssuns - Whisker.lv | Su\u0146u \u0161\u0137irnes - Portug\u0101\u013cu \u016bdenssuns","isPartOf":{"@id":"https:\/\/www.whisker.lv\/#website"},"datePublished":"2019-03-13T18:05:15+00:00","dateModified":"2019-04-03T21:16:28+00:00","description":"Portug\u0101\u013cu \u016bdenssuns - \u0161o \u0161\u0137irni iedala divos paveidos. Pirm\u0101 paveida su\u0146iem ir gar\u0161, vi\u013c\u0146ots apmatojums, bet otr\u0101 paveida su\u0146iem ka\u017eoks ir \u012bs\u0101ks un biez\u0101ks.","breadcrumb":{"@id":"https:\/\/www.whisker.lv\/sunu-skirnes\/portugalu-udenssuns\/#breadcrumb"},"inLanguage":"ru-RU","potentialAction":[{"@type":"ReadAction","target":["https:\/\/www.whisker.lv\/sunu-skirnes\/portugalu-udenssuns\/"]}]},{"@type":"BreadcrumbList","@id":"https:\/\/www.whisker.lv\/sunu-skirnes\/portugalu-udenssuns\/#breadcrumb","itemListElement":[{"@type":"ListItem","position":1,"name":"S\u0101kums","item":"https:\/\/www.whisker.lv\/"},{"@type":"ListItem","position":2,"name":"Su\u0146u \u0161\u0137irnes","item":"https:\/\/www.whisker.lv\/sunu-skirnes\/"},{"@type":"ListItem","position":3,"name":"Portug\u0101\u013cu \u016bdenssuns"}]},{"@type":"WebSite","@id":"https:\/\/www.whisker.lv\/#website","url":"https:\/\/www.whisker.lv\/","name":"Whisker","description":"Tavs pal\u012bgs m\u0101jdzivnieku pieskat\u012b\u0161an\u0101","potentialAction":[{"@type":"SearchAction","target":{"@type":"EntryPoint","urlTemplate":"https:\/\/www.whisker.lv\/?s={search_term_string}"},"query-input":"required name=search_term_string"}],"inLanguage":"ru-RU"}]}},"_links":{"self":[{"href":"https:\/\/www.whisker.lv\/ru\/wp-json\/wp\/v2\/pages\/9194"}],"collection":[{"href":"https:\/\/www.whisker.lv\/ru\/wp-json\/wp\/v2\/pages"}],"about":[{"href":"https:\/\/www.whisker.lv\/ru\/wp-json\/wp\/v2\/types\/page"}],"author":[{"embeddable":true,"href":"https:\/\/www.whisker.lv\/ru\/wp-json\/wp\/v2\/users\/1"}],"replies":[{"embeddable":true,"href":"https:\/\/www.whisker.lv\/ru\/wp-json\/wp\/v2\/comments?post=9194"}],"version-history":[{"count":5,"href":"https:\/\/www.whisker.lv\/ru\/wp-json\/wp\/v2\/pages\/9194\/revisions"}],"predecessor-version":[{"id":11206,"href":"https:\/\/www.whisker.lv\/ru\/wp-json\/wp\/v2\/pages\/9194\/revisions\/11206"}],"up":[{"embeddable":true,"href":"https:\/\/www.whisker.lv\/ru\/wp-json\/wp\/v2\/pages\/8016"}],"wp:attachment":[{"href":"https:\/\/www.whisker.lv\/ru\/wp-json\/wp\/v2\/media?parent=9194"}],"curies":[{"name":"wp","href":"https:\/\/api.w.org\/{rel}","templated":true}]}}