



{"id":9214,"date":"2019-03-13T20:27:07","date_gmt":"2019-03-13T18:27:07","guid":{"rendered":"https:\/\/www.whisker.lv\/?page_id=9214"},"modified":"2019-04-03T23:13:27","modified_gmt":"2019-04-03T21:13:27","slug":"plota-suns","status":"publish","type":"page","link":"https:\/\/www.whisker.lv\/ru\/sunu-skirnes\/plota-suns\/","title":{"rendered":"Plota suns"},"content":{"rendered":"[vc_row][vc_column][vc_text_separator title=&#8221;Plota suns&#8221; border_width=&#8221;8&#8243;][\/vc_column][\/vc_row][vc_row][vc_column width=&#8221;1\/2&#8243;][vc_single_image image=&#8221;8313&#8243; img_size=&#8221;full&#8221; alignment=&#8221;center&#8221; style=&#8221;vc_box_rounded&#8221;][\/vc_column][vc_column width=&#8221;1\/2&#8243;][vc_column_text]<span style=\"color: #000000;\"><strong>Dzimtene:<\/strong> ASV<\/span><\/p>\n<p><span style=\"color: #000000;\"><strong>Funkcija:<\/strong> l\u0101\u010du dzin\u0113js<\/span><\/p>\n<p><span style=\"color: #000000;\"><strong>Izcel\u0161an\u0101s:<\/strong> ap 1700. g.<\/span><\/p>\n<p><span style=\"color: #000000;\"><strong>Skausta augstums:<\/strong> 51-61 cm<\/span><\/p>\n<p><span style=\"color: #000000;\"><strong>Masa:<\/strong> 20-25 kg<\/span><\/p>\n<p><span style=\"color: #000000;\"><strong>Raksturs:<\/strong> akt\u012bvs, ir atbild\u012bbas izj\u016bta<\/span><\/p>\n<p><span style=\"color: #000000;\"><strong>Dz\u012bves ilgums:<\/strong> 12-14 gadi<\/span>[\/vc_column_text][\/vc_column][\/vc_row][vc_row][vc_column][vc_column_text]<span style=\"color: #000000;\">\u0160\u012bs \u0161\u0137irnes su\u0146iem ir gara, nedaudz ieliekta, augstu pacelta aste, nokarenas ausis un sp\u0113c\u012bgs \u0137ermenis. Dzenoties paka\u013c med\u012bjumam, suns sp\u0113j p\u0101rvar\u0113t \u013coti garas distances. Saodis l\u0101\u010da p\u0113das, vi\u0146\u0161 dro\u0161i un neatlaid\u012bgi vi\u0146iem seko.<\/span><\/p>\n<p><span style=\"color: #000000;\"><strong>V\u0113sture.<\/strong> \u0160\u0137irne nosaukta v\u0101cu emigranta Plota v\u0101rd\u0101, kur\u0161 ASV ierad\u0101s 1750. gad\u0101 un sav\u0101 savrupm\u0101j\u0101 \u0161\u0137irni pilnveidoja vair\u0101k\u0101s su\u0146u paaudz\u0113s.<\/span><\/p>\n<p><span style=\"color: #000000;\"><strong>Piez\u012bme.<\/strong> Ar\u012b m\u016bsdien\u0101s \u0161os sp\u0113c\u012bgos su\u0146us izmanto med\u012bb\u0101s k\u0101 dzin\u0113jsu\u0146us.<\/span>[\/vc_column_text][\/vc_column][\/vc_row]\n","protected":false},"excerpt":{"rendered":"<p>[vc_row][vc_column][vc_text_separator title=&#8221;Plota suns&#8221; border_width=&#8221;8&#8243;][\/vc_column][\/vc_row][vc_row][vc_column width=&#8221;1\/2&#8243;][vc_single_image image=&#8221;8313&#8243; img_size=&#8221;full&#8221; alignment=&#8221;center&#8221; style=&#8221;vc_box_rounded&#8221;][\/vc_column][vc_column width=&#8221;1\/2&#8243;][vc_column_text]Dzimtene: ASV Funkcija: l\u0101\u010du dzin\u0113js Izcel\u0161an\u0101s: ap 1700. g. Skausta augstums: 51-61 cm Masa: 20-25 kg Raksturs: akt\u012bvs, ir atbild\u012bbas izj\u016bta Dz\u012bves ilgums: 12-14 gadi[\/vc_column_text][\/vc_column][\/vc_row][vc_row][vc_column][vc_column_text]\u0160\u012bs \u0161\u0137irnes su\u0146iem ir gara, nedaudz ieliekta, augstu pacelta aste, nokarenas ausis un sp\u0113c\u012bgs \u0137ermenis. Dzenoties paka\u013c med\u012bjumam, suns sp\u0113j p\u0101rvar\u0113t \u013coti [&hellip;]<\/p>\n","protected":false},"author":1,"featured_media":0,"parent":8016,"menu_order":0,"comment_status":"closed","ping_status":"closed","template":"page-fullwidth.php","meta":{"_acf_changed":false,"_glsr_average":0,"_glsr_ranking":0,"_glsr_reviews":0,"footnotes":""},"translation":{"provider":"WPGlobus","version":"2.12.2","language":"ru","enabled_languages":["lv","en","ru"],"languages":{"lv":{"title":true,"content":true,"excerpt":false},"en":{"title":false,"content":false,"excerpt":false},"ru":{"title":false,"content":false,"excerpt":false}}},"acf":[],"yoast_head":"<!-- This site is optimized with the Yoast SEO plugin v22.5 - https:\/\/yoast.com\/wordpress\/plugins\/seo\/ -->\n<title>Plota suns - Whisker.lv | Su\u0146u \u0161\u0137irnes - Plota suns<\/title>\n<meta name=\"robots\" content=\"index, follow, max-snippet:-1, max-image-preview:large, max-video-preview:-1\" \/>\n<link rel=\"canonical\" href=\"https:\/\/www.whisker.lv\/sunu-skirnes\/plota-suns\/\" \/>\n<meta property=\"og:locale\" content=\"ru_RU\" \/>\n<meta property=\"og:type\" content=\"article\" \/>\n<meta property=\"og:title\" content=\"Plota suns - Whisker\" \/>\n<meta property=\"og:url\" content=\"https:\/\/www.whisker.lv\/sunu-skirnes\/plota-suns\/\" \/>\n<meta property=\"og:site_name\" content=\"Whisker\" \/>\n<meta property=\"article:publisher\" content=\"https:\/\/www.facebook.com\/whisker.lv\/\" \/>\n<meta property=\"article:modified_time\" content=\"2019-04-03T21:13:27+00:00\" \/>\n<meta name=\"twitter:card\" content=\"summary_large_image\" \/>\n<meta name=\"twitter:label1\" content=\"Est. reading time\" \/>\n\t<meta name=\"twitter:data1\" content=\"1 minute\" \/>\n<script type=\"application\/ld+json\" class=\"yoast-schema-graph\">{\"@context\":\"https:\/\/schema.org\",\"@graph\":[{\"@type\":\"WebPage\",\"@id\":\"https:\/\/www.whisker.lv\/sunu-skirnes\/plota-suns\/\",\"url\":\"https:\/\/www.whisker.lv\/sunu-skirnes\/plota-suns\/\",\"name\":\"Plota suns - Whisker.lv | Su\u0146u \u0161\u0137irnes - Plota suns\",\"isPartOf\":{\"@id\":\"https:\/\/www.whisker.lv\/#website\"},\"datePublished\":\"2019-03-13T18:27:07+00:00\",\"dateModified\":\"2019-04-03T21:13:27+00:00\",\"description\":\"Plota suns dzenoties paka\u013c med\u012bjumam, sp\u0113j p\u0101rvar\u0113t \u013coti garas distances. Saodis l\u0101\u010da p\u0113das, vi\u0146\u0161 dro\u0161i un neatlaid\u012bgi vi\u0146iem seko.\",\"breadcrumb\":{\"@id\":\"https:\/\/www.whisker.lv\/sunu-skirnes\/plota-suns\/#breadcrumb\"},\"inLanguage\":\"ru-RU\",\"potentialAction\":[{\"@type\":\"ReadAction\",\"target\":[\"https:\/\/www.whisker.lv\/sunu-skirnes\/plota-suns\/\"]}]},{\"@type\":\"BreadcrumbList\",\"@id\":\"https:\/\/www.whisker.lv\/sunu-skirnes\/plota-suns\/#breadcrumb\",\"itemListElement\":[{\"@type\":\"ListItem\",\"position\":1,\"name\":\"S\u0101kums\",\"item\":\"https:\/\/www.whisker.lv\/\"},{\"@type\":\"ListItem\",\"position\":2,\"name\":\"Su\u0146u \u0161\u0137irnes\",\"item\":\"https:\/\/www.whisker.lv\/sunu-skirnes\/\"},{\"@type\":\"ListItem\",\"position\":3,\"name\":\"Plota suns\"}]},{\"@type\":\"WebSite\",\"@id\":\"https:\/\/www.whisker.lv\/#website\",\"url\":\"https:\/\/www.whisker.lv\/\",\"name\":\"Whisker\",\"description\":\"Tavs pal\u012bgs m\u0101jdzivnieku pieskat\u012b\u0161an\u0101\",\"potentialAction\":[{\"@type\":\"SearchAction\",\"target\":{\"@type\":\"EntryPoint\",\"urlTemplate\":\"https:\/\/www.whisker.lv\/?s={search_term_string}\"},\"query-input\":\"required name=search_term_string\"}],\"inLanguage\":\"ru-RU\"}]}<\/script>\n<!-- \/ Yoast SEO plugin. -->","yoast_head_json":{"title":"Plota suns - Whisker.lv | Su\u0146u \u0161\u0137irnes - Plota suns","robots":{"index":"index","follow":"follow","max-snippet":"max-snippet:-1","max-image-preview":"max-image-preview:large","max-video-preview":"max-video-preview:-1"},"canonical":"https:\/\/www.whisker.lv\/sunu-skirnes\/plota-suns\/","og_locale":"ru_RU","og_type":"article","og_title":"Plota suns - Whisker","og_url":"https:\/\/www.whisker.lv\/sunu-skirnes\/plota-suns\/","og_site_name":"Whisker","article_publisher":"https:\/\/www.facebook.com\/whisker.lv\/","article_modified_time":"2019-04-03T21:13:27+00:00","twitter_card":"summary_large_image","twitter_misc":{"Est. reading time":"1 minute"},"schema":{"@context":"https:\/\/schema.org","@graph":[{"@type":"WebPage","@id":"https:\/\/www.whisker.lv\/sunu-skirnes\/plota-suns\/","url":"https:\/\/www.whisker.lv\/sunu-skirnes\/plota-suns\/","name":"Plota suns - Whisker.lv | Su\u0146u \u0161\u0137irnes - Plota suns","isPartOf":{"@id":"https:\/\/www.whisker.lv\/#website"},"datePublished":"2019-03-13T18:27:07+00:00","dateModified":"2019-04-03T21:13:27+00:00","description":"Plota suns dzenoties paka\u013c med\u012bjumam, sp\u0113j p\u0101rvar\u0113t \u013coti garas distances. Saodis l\u0101\u010da p\u0113das, vi\u0146\u0161 dro\u0161i un neatlaid\u012bgi vi\u0146iem seko.","breadcrumb":{"@id":"https:\/\/www.whisker.lv\/sunu-skirnes\/plota-suns\/#breadcrumb"},"inLanguage":"ru-RU","potentialAction":[{"@type":"ReadAction","target":["https:\/\/www.whisker.lv\/sunu-skirnes\/plota-suns\/"]}]},{"@type":"BreadcrumbList","@id":"https:\/\/www.whisker.lv\/sunu-skirnes\/plota-suns\/#breadcrumb","itemListElement":[{"@type":"ListItem","position":1,"name":"S\u0101kums","item":"https:\/\/www.whisker.lv\/"},{"@type":"ListItem","position":2,"name":"Su\u0146u \u0161\u0137irnes","item":"https:\/\/www.whisker.lv\/sunu-skirnes\/"},{"@type":"ListItem","position":3,"name":"Plota suns"}]},{"@type":"WebSite","@id":"https:\/\/www.whisker.lv\/#website","url":"https:\/\/www.whisker.lv\/","name":"Whisker","description":"Tavs pal\u012bgs m\u0101jdzivnieku pieskat\u012b\u0161an\u0101","potentialAction":[{"@type":"SearchAction","target":{"@type":"EntryPoint","urlTemplate":"https:\/\/www.whisker.lv\/?s={search_term_string}"},"query-input":"required name=search_term_string"}],"inLanguage":"ru-RU"}]}},"_links":{"self":[{"href":"https:\/\/www.whisker.lv\/ru\/wp-json\/wp\/v2\/pages\/9214"}],"collection":[{"href":"https:\/\/www.whisker.lv\/ru\/wp-json\/wp\/v2\/pages"}],"about":[{"href":"https:\/\/www.whisker.lv\/ru\/wp-json\/wp\/v2\/types\/page"}],"author":[{"embeddable":true,"href":"https:\/\/www.whisker.lv\/ru\/wp-json\/wp\/v2\/users\/1"}],"replies":[{"embeddable":true,"href":"https:\/\/www.whisker.lv\/ru\/wp-json\/wp\/v2\/comments?post=9214"}],"version-history":[{"count":4,"href":"https:\/\/www.whisker.lv\/ru\/wp-json\/wp\/v2\/pages\/9214\/revisions"}],"predecessor-version":[{"id":11205,"href":"https:\/\/www.whisker.lv\/ru\/wp-json\/wp\/v2\/pages\/9214\/revisions\/11205"}],"up":[{"embeddable":true,"href":"https:\/\/www.whisker.lv\/ru\/wp-json\/wp\/v2\/pages\/8016"}],"wp:attachment":[{"href":"https:\/\/www.whisker.lv\/ru\/wp-json\/wp\/v2\/media?parent=9214"}],"curies":[{"name":"wp","href":"https:\/\/api.w.org\/{rel}","templated":true}]}}