



{"id":9262,"date":"2019-03-14T00:51:41","date_gmt":"2019-03-13T22:51:41","guid":{"rendered":"https:\/\/www.whisker.lv\/?page_id=9262"},"modified":"2019-04-03T23:09:52","modified_gmt":"2019-04-03T21:09:52","slug":"norvegu-buhunds","status":"publish","type":"page","link":"https:\/\/www.whisker.lv\/ru\/sunu-skirnes\/norvegu-buhunds\/","title":{"rendered":"Norv\u0113\u0123u buhunds"},"content":{"rendered":"[vc_row][vc_column][vc_text_separator title=&#8221;Norv\u0113\u0123u buhunds&#8221; border_width=&#8221;8&#8243;][\/vc_column][\/vc_row][vc_row][vc_column width=&#8221;1\/2&#8243;][vc_single_image image=&#8221;9264&#8243; img_size=&#8221;full&#8221; alignment=&#8221;center&#8221; style=&#8221;vc_box_rounded&#8221;][\/vc_column][vc_column width=&#8221;1\/2&#8243;][vc_column_text]<span style=\"color: #000000;\"><strong>Dzimtene:<\/strong> Norv\u0113\u0123ija<\/span><\/p>\n<p><span style=\"color: #000000;\"><strong>Funkcija:<\/strong> ganu suns<\/span><\/p>\n<p><span style=\"color: #000000;\"><strong>Izcel\u0161an\u0101s:<\/strong> ap 800. g.<\/span><\/p>\n<p><span style=\"color: #000000;\"><strong>Skausta augstums:<\/strong>\u00a043-46 cm<\/span><\/p>\n<p><span style=\"color: #000000;\"><strong>Masa:<\/strong>\u00a024-26 kg<\/span><\/p>\n<p><span style=\"color: #000000;\"><strong>Raksturs:<\/strong>\u00a0drosm\u012bgs, sabiedrisks<\/span><\/p>\n<p><span style=\"color: #000000;\"><strong>Dz\u012bves ilgums:<\/strong> 12-15 gadi<\/span>[\/vc_column_text][\/vc_column][\/vc_row][vc_row][vc_column][vc_column_text]<span style=\"color: #000000;\">T\u0101pat k\u0101 daudz\u0101m zieme\u013cos izveidot\u0101m su\u0146u \u0161\u0137irn\u0113m, ar\u012b \u0161ai piem\u012bt \u0161piciem rakstur\u012bg\u0101s iez\u012bmes. Sunim ir st\u0101vas, smailas ausis, sp\u0113c\u012bgs \u0137ermenis, bet uz muguras \u2013 gredzen\u0101 saritin\u0101ta aste.<\/span><\/p>\n<p><span style=\"color: #000000;\"><strong>V\u0113sture.<\/strong> Suns veidots visda\u017e\u0101d\u0101ko darbu veik\u0161anai lauku saimniec\u012bb\u0101s. Vi\u0146am ir tik labi att\u012bst\u012bts ganu su\u0146a instinkts, ka suns pat var uzman\u012bt mazus c\u0101l\u012b\u0161us.<\/span><\/p>\n<p><span style=\"color: #000000;\"><strong>Piez\u012bme.<\/strong> \u0160\u0137irnes nosaukums veidots no norv\u0113\u0123u valodas v\u0101rda <em>bu<\/em>, kas tulkojum\u0101 noz\u012bm\u0113 <em>\u201c\u0161\u0137\u016bnis\u201d<\/em> vai <em>\u201cstallis\u201d.<\/em><\/span>[\/vc_column_text][\/vc_column][\/vc_row]\n","protected":false},"excerpt":{"rendered":"<p>[vc_row][vc_column][vc_text_separator title=&#8221;Norv\u0113\u0123u buhunds&#8221; border_width=&#8221;8&#8243;][\/vc_column][\/vc_row][vc_row][vc_column width=&#8221;1\/2&#8243;][vc_single_image image=&#8221;9264&#8243; img_size=&#8221;full&#8221; alignment=&#8221;center&#8221; style=&#8221;vc_box_rounded&#8221;][\/vc_column][vc_column width=&#8221;1\/2&#8243;][vc_column_text]Dzimtene: Norv\u0113\u0123ija Funkcija: ganu suns Izcel\u0161an\u0101s: ap 800. g. Skausta augstums:\u00a043-46 cm Masa:\u00a024-26 kg Raksturs:\u00a0drosm\u012bgs, sabiedrisks Dz\u012bves ilgums: 12-15 gadi[\/vc_column_text][\/vc_column][\/vc_row][vc_row][vc_column][vc_column_text]T\u0101pat k\u0101 daudz\u0101m zieme\u013cos izveidot\u0101m su\u0146u \u0161\u0137irn\u0113m, ar\u012b \u0161ai piem\u012bt \u0161piciem rakstur\u012bg\u0101s iez\u012bmes. Sunim ir st\u0101vas, smailas ausis, sp\u0113c\u012bgs \u0137ermenis, bet uz muguras \u2013 gredzen\u0101 saritin\u0101ta aste. [&hellip;]<\/p>\n","protected":false},"author":1,"featured_media":0,"parent":8016,"menu_order":0,"comment_status":"closed","ping_status":"closed","template":"page-fullwidth.php","meta":{"_acf_changed":false,"_glsr_average":0,"_glsr_ranking":0,"_glsr_reviews":0,"footnotes":""},"translation":{"provider":"WPGlobus","version":"2.12.2","language":"ru","enabled_languages":["lv","en","ru"],"languages":{"lv":{"title":true,"content":true,"excerpt":false},"en":{"title":false,"content":false,"excerpt":false},"ru":{"title":false,"content":false,"excerpt":false}}},"acf":[],"yoast_head":"<!-- This site is optimized with the Yoast SEO plugin v22.5 - https:\/\/yoast.com\/wordpress\/plugins\/seo\/ -->\n<title>Norv\u0113\u0123u buhunds - Whisker.lv | Su\u0146u \u0161\u0137irnes - Norv\u0113\u0123u budhunds<\/title>\n<meta name=\"robots\" content=\"index, follow, max-snippet:-1, max-image-preview:large, max-video-preview:-1\" \/>\n<link rel=\"canonical\" href=\"https:\/\/www.whisker.lv\/sunu-skirnes\/norvegu-buhunds\/\" \/>\n<meta property=\"og:locale\" content=\"ru_RU\" \/>\n<meta property=\"og:type\" content=\"article\" \/>\n<meta property=\"og:title\" content=\"Norv\u0113\u0123u buhunds - Whisker\" \/>\n<meta property=\"og:url\" content=\"https:\/\/www.whisker.lv\/sunu-skirnes\/norvegu-buhunds\/\" \/>\n<meta property=\"og:site_name\" content=\"Whisker\" \/>\n<meta property=\"article:publisher\" content=\"https:\/\/www.facebook.com\/whisker.lv\/\" \/>\n<meta property=\"article:modified_time\" content=\"2019-04-03T21:09:52+00:00\" \/>\n<meta name=\"twitter:card\" content=\"summary_large_image\" \/>\n<meta name=\"twitter:label1\" content=\"Est. reading time\" \/>\n\t<meta name=\"twitter:data1\" content=\"1 minute\" \/>\n<script type=\"application\/ld+json\" class=\"yoast-schema-graph\">{\"@context\":\"https:\/\/schema.org\",\"@graph\":[{\"@type\":\"WebPage\",\"@id\":\"https:\/\/www.whisker.lv\/sunu-skirnes\/norvegu-buhunds\/\",\"url\":\"https:\/\/www.whisker.lv\/sunu-skirnes\/norvegu-buhunds\/\",\"name\":\"Norv\u0113\u0123u buhunds - Whisker.lv | Su\u0146u \u0161\u0137irnes - Norv\u0113\u0123u budhunds\",\"isPartOf\":{\"@id\":\"https:\/\/www.whisker.lv\/#website\"},\"datePublished\":\"2019-03-13T22:51:41+00:00\",\"dateModified\":\"2019-04-03T21:09:52+00:00\",\"description\":\"Norv\u0113\u0123u budhunds - tiem piem\u012bt \u0161piciem rakstur\u012bg\u0101s iez\u012bmes. Sunim ir st\u0101vas, smailas ausis, sp\u0113c\u012bgs \u0137ermenis, bet uz muguras \u2013 gredzen\u0101 saritin\u0101ta aste.\",\"breadcrumb\":{\"@id\":\"https:\/\/www.whisker.lv\/sunu-skirnes\/norvegu-buhunds\/#breadcrumb\"},\"inLanguage\":\"ru-RU\",\"potentialAction\":[{\"@type\":\"ReadAction\",\"target\":[\"https:\/\/www.whisker.lv\/sunu-skirnes\/norvegu-buhunds\/\"]}]},{\"@type\":\"BreadcrumbList\",\"@id\":\"https:\/\/www.whisker.lv\/sunu-skirnes\/norvegu-buhunds\/#breadcrumb\",\"itemListElement\":[{\"@type\":\"ListItem\",\"position\":1,\"name\":\"S\u0101kums\",\"item\":\"https:\/\/www.whisker.lv\/\"},{\"@type\":\"ListItem\",\"position\":2,\"name\":\"Su\u0146u \u0161\u0137irnes\",\"item\":\"https:\/\/www.whisker.lv\/sunu-skirnes\/\"},{\"@type\":\"ListItem\",\"position\":3,\"name\":\"Norv\u0113\u0123u buhunds\"}]},{\"@type\":\"WebSite\",\"@id\":\"https:\/\/www.whisker.lv\/#website\",\"url\":\"https:\/\/www.whisker.lv\/\",\"name\":\"Whisker\",\"description\":\"Tavs pal\u012bgs m\u0101jdzivnieku pieskat\u012b\u0161an\u0101\",\"potentialAction\":[{\"@type\":\"SearchAction\",\"target\":{\"@type\":\"EntryPoint\",\"urlTemplate\":\"https:\/\/www.whisker.lv\/?s={search_term_string}\"},\"query-input\":\"required name=search_term_string\"}],\"inLanguage\":\"ru-RU\"}]}<\/script>\n<!-- \/ Yoast SEO plugin. -->","yoast_head_json":{"title":"Norv\u0113\u0123u buhunds - Whisker.lv | Su\u0146u \u0161\u0137irnes - Norv\u0113\u0123u budhunds","robots":{"index":"index","follow":"follow","max-snippet":"max-snippet:-1","max-image-preview":"max-image-preview:large","max-video-preview":"max-video-preview:-1"},"canonical":"https:\/\/www.whisker.lv\/sunu-skirnes\/norvegu-buhunds\/","og_locale":"ru_RU","og_type":"article","og_title":"Norv\u0113\u0123u buhunds - Whisker","og_url":"https:\/\/www.whisker.lv\/sunu-skirnes\/norvegu-buhunds\/","og_site_name":"Whisker","article_publisher":"https:\/\/www.facebook.com\/whisker.lv\/","article_modified_time":"2019-04-03T21:09:52+00:00","twitter_card":"summary_large_image","twitter_misc":{"Est. reading time":"1 minute"},"schema":{"@context":"https:\/\/schema.org","@graph":[{"@type":"WebPage","@id":"https:\/\/www.whisker.lv\/sunu-skirnes\/norvegu-buhunds\/","url":"https:\/\/www.whisker.lv\/sunu-skirnes\/norvegu-buhunds\/","name":"Norv\u0113\u0123u buhunds - Whisker.lv | Su\u0146u \u0161\u0137irnes - Norv\u0113\u0123u budhunds","isPartOf":{"@id":"https:\/\/www.whisker.lv\/#website"},"datePublished":"2019-03-13T22:51:41+00:00","dateModified":"2019-04-03T21:09:52+00:00","description":"Norv\u0113\u0123u budhunds - tiem piem\u012bt \u0161piciem rakstur\u012bg\u0101s iez\u012bmes. Sunim ir st\u0101vas, smailas ausis, sp\u0113c\u012bgs \u0137ermenis, bet uz muguras \u2013 gredzen\u0101 saritin\u0101ta aste.","breadcrumb":{"@id":"https:\/\/www.whisker.lv\/sunu-skirnes\/norvegu-buhunds\/#breadcrumb"},"inLanguage":"ru-RU","potentialAction":[{"@type":"ReadAction","target":["https:\/\/www.whisker.lv\/sunu-skirnes\/norvegu-buhunds\/"]}]},{"@type":"BreadcrumbList","@id":"https:\/\/www.whisker.lv\/sunu-skirnes\/norvegu-buhunds\/#breadcrumb","itemListElement":[{"@type":"ListItem","position":1,"name":"S\u0101kums","item":"https:\/\/www.whisker.lv\/"},{"@type":"ListItem","position":2,"name":"Su\u0146u \u0161\u0137irnes","item":"https:\/\/www.whisker.lv\/sunu-skirnes\/"},{"@type":"ListItem","position":3,"name":"Norv\u0113\u0123u buhunds"}]},{"@type":"WebSite","@id":"https:\/\/www.whisker.lv\/#website","url":"https:\/\/www.whisker.lv\/","name":"Whisker","description":"Tavs pal\u012bgs m\u0101jdzivnieku pieskat\u012b\u0161an\u0101","potentialAction":[{"@type":"SearchAction","target":{"@type":"EntryPoint","urlTemplate":"https:\/\/www.whisker.lv\/?s={search_term_string}"},"query-input":"required name=search_term_string"}],"inLanguage":"ru-RU"}]}},"_links":{"self":[{"href":"https:\/\/www.whisker.lv\/ru\/wp-json\/wp\/v2\/pages\/9262"}],"collection":[{"href":"https:\/\/www.whisker.lv\/ru\/wp-json\/wp\/v2\/pages"}],"about":[{"href":"https:\/\/www.whisker.lv\/ru\/wp-json\/wp\/v2\/types\/page"}],"author":[{"embeddable":true,"href":"https:\/\/www.whisker.lv\/ru\/wp-json\/wp\/v2\/users\/1"}],"replies":[{"embeddable":true,"href":"https:\/\/www.whisker.lv\/ru\/wp-json\/wp\/v2\/comments?post=9262"}],"version-history":[{"count":4,"href":"https:\/\/www.whisker.lv\/ru\/wp-json\/wp\/v2\/pages\/9262\/revisions"}],"predecessor-version":[{"id":11201,"href":"https:\/\/www.whisker.lv\/ru\/wp-json\/wp\/v2\/pages\/9262\/revisions\/11201"}],"up":[{"embeddable":true,"href":"https:\/\/www.whisker.lv\/ru\/wp-json\/wp\/v2\/pages\/8016"}],"wp:attachment":[{"href":"https:\/\/www.whisker.lv\/ru\/wp-json\/wp\/v2\/media?parent=9262"}],"curies":[{"name":"wp","href":"https:\/\/api.w.org\/{rel}","templated":true}]}}