



{"id":9315,"date":"2019-03-14T02:14:56","date_gmt":"2019-03-14T00:14:56","guid":{"rendered":"https:\/\/www.whisker.lv\/?page_id=9315"},"modified":"2019-04-03T23:04:24","modified_gmt":"2019-04-03T21:04:24","slug":"mazais-lauvassunits","status":"publish","type":"page","link":"https:\/\/www.whisker.lv\/ru\/sunu-skirnes\/mazais-lauvassunits\/","title":{"rendered":"Mazais lauvassun\u012bts"},"content":{"rendered":"[vc_row][vc_column][vc_text_separator title=&#8221;Mazais lauvassun\u012bts&#8221; border_width=&#8221;8&#8243;][\/vc_column][\/vc_row][vc_row][vc_column width=&#8221;1\/2&#8243;][vc_single_image image=&#8221;9317&#8243; img_size=&#8221;full&#8221; alignment=&#8221;center&#8221; style=&#8221;vc_box_rounded&#8221;][\/vc_column][vc_column width=&#8221;1\/2&#8243;][vc_column_text]<span style=\"color: #000000;\"><strong>Dzimtene:<\/strong> Francija<\/span><\/p>\n<p><span style=\"color: #000000;\"><strong>Funkcija:<\/strong> dekorat\u012bvais suns<\/span><\/p>\n<p><span style=\"color: #000000;\"><strong>Izcel\u0161an\u0101s:<\/strong> ap 1500. g.<\/span><\/p>\n<p><span style=\"color: #000000;\"><strong>Skausta augstums:<\/strong> 25-33 cm<\/span><\/p>\n<p><span style=\"color: #000000;\"><strong>Masa:<\/strong> 4-8 kg<\/span><\/p>\n<p><span style=\"color: #000000;\"><strong>Raksturs:<\/strong> darb\u012bgs, sirsn\u012bgs<\/span><\/p>\n<p><span style=\"color: #000000;\"><strong>Dz\u012bves ilgums:<\/strong> 13-15 gadi<\/span>[\/vc_column_text][\/vc_column][\/vc_row][vc_row][vc_column][vc_column_text]<span style=\"color: #000000;\">Mazais suns ir c\u0113lies no bi\u0161oniem. Ros\u012bgais dz\u012bvnieks patiesi atg\u0101dina lauvu, jo vi\u0146a z\u012bdainais, garais un vi\u013c\u0146ainais apmatojums parasti tiek nocirpts no \u0137erme\u0146a vidus l\u012bdz paka\u013ck\u0101ju loc\u012btav\u0101m. Ka\u017eokam nepiecie\u0161ama r\u016bp\u012bga kop\u0161ana. To c\u0113rp \u201clauvas\u201d cirpum\u0101. Aste ir kaila, tikai pa\u0161\u0101 gali\u0146\u0101 ir pu\u0161\u0137is.<\/span><\/p>\n<p><span style=\"color: #000000;\"><strong>V\u0113sture.<\/strong> Jau no senajiem laikiem \u0161\u012b \u0161\u0137irne bija popul\u0101ra Eiropas aristokr\u0101tu vid\u016b. Laikam t\u0101p\u0113c 17. gadsimta beig\u0101s m\u0101kslinieks Goija, gleznojot hercogienes Albas portretu, atveidojis ar\u012b mazo lauvassun\u012bti. Tom\u0113r v\u0113l\u0101kajos gadsimtos \u0161\u012b \u0161\u0137irne vairs nebija tik popul\u0101ra, un 20. gadsimta se\u0161desmitajos gados t\u0101 tika atz\u012bta par vienu no ret\u0101kaj\u0101m vis\u0101 pasaul\u0113.<\/span><\/p>\n<p><span style=\"color: #000000;\"><strong>Piez\u012bme.<\/strong> P\u0113d\u0113jos gados \u0161ie inteli\u0123entie, draudz\u012bgie su\u0146i s\u0101k atg\u016bt savu k\u0101dreiz\u0113jo popularit\u0101ti. Sevi\u0161\u0137i interese par \u0161o \u0161\u0137irni ir ASV.<\/span>[\/vc_column_text][\/vc_column][\/vc_row]\n","protected":false},"excerpt":{"rendered":"<p>[vc_row][vc_column][vc_text_separator title=&#8221;Mazais lauvassun\u012bts&#8221; border_width=&#8221;8&#8243;][\/vc_column][\/vc_row][vc_row][vc_column width=&#8221;1\/2&#8243;][vc_single_image image=&#8221;9317&#8243; img_size=&#8221;full&#8221; alignment=&#8221;center&#8221; style=&#8221;vc_box_rounded&#8221;][\/vc_column][vc_column width=&#8221;1\/2&#8243;][vc_column_text]Dzimtene: Francija Funkcija: dekorat\u012bvais suns Izcel\u0161an\u0101s: ap 1500. g. Skausta augstums: 25-33 cm Masa: 4-8 kg Raksturs: darb\u012bgs, sirsn\u012bgs Dz\u012bves ilgums: 13-15 gadi[\/vc_column_text][\/vc_column][\/vc_row][vc_row][vc_column][vc_column_text]Mazais suns ir c\u0113lies no bi\u0161oniem. Ros\u012bgais dz\u012bvnieks patiesi atg\u0101dina lauvu, jo vi\u0146a z\u012bdainais, garais un vi\u013c\u0146ainais apmatojums parasti tiek nocirpts no \u0137erme\u0146a vidus [&hellip;]<\/p>\n","protected":false},"author":1,"featured_media":0,"parent":8016,"menu_order":0,"comment_status":"closed","ping_status":"closed","template":"page-fullwidth.php","meta":{"_acf_changed":false,"_glsr_average":0,"_glsr_ranking":0,"_glsr_reviews":0,"footnotes":""},"translation":{"provider":"WPGlobus","version":"2.12.2","language":"ru","enabled_languages":["lv","en","ru"],"languages":{"lv":{"title":true,"content":true,"excerpt":false},"en":{"title":false,"content":false,"excerpt":false},"ru":{"title":false,"content":false,"excerpt":false}}},"acf":[],"yoast_head":"<!-- This site is optimized with the Yoast SEO plugin v22.5 - https:\/\/yoast.com\/wordpress\/plugins\/seo\/ -->\n<title>Mazais lauvassun\u012bts - Whisker.lv | Su\u0146u \u0161\u0137irnes - Mazais lauvassun\u012bts<\/title>\n<meta name=\"robots\" content=\"index, follow, max-snippet:-1, max-image-preview:large, max-video-preview:-1\" \/>\n<link rel=\"canonical\" href=\"https:\/\/www.whisker.lv\/sunu-skirnes\/mazais-lauvassunits\/\" \/>\n<meta property=\"og:locale\" content=\"ru_RU\" \/>\n<meta property=\"og:type\" content=\"article\" \/>\n<meta property=\"og:title\" content=\"Mazais lauvassun\u012bts - Whisker\" \/>\n<meta property=\"og:url\" content=\"https:\/\/www.whisker.lv\/sunu-skirnes\/mazais-lauvassunits\/\" \/>\n<meta property=\"og:site_name\" content=\"Whisker\" \/>\n<meta property=\"article:publisher\" content=\"https:\/\/www.facebook.com\/whisker.lv\/\" \/>\n<meta property=\"article:modified_time\" content=\"2019-04-03T21:04:24+00:00\" \/>\n<meta name=\"twitter:card\" content=\"summary_large_image\" \/>\n<meta name=\"twitter:label1\" content=\"Est. reading time\" \/>\n\t<meta name=\"twitter:data1\" content=\"1 minute\" \/>\n<script type=\"application\/ld+json\" class=\"yoast-schema-graph\">{\"@context\":\"https:\/\/schema.org\",\"@graph\":[{\"@type\":\"WebPage\",\"@id\":\"https:\/\/www.whisker.lv\/sunu-skirnes\/mazais-lauvassunits\/\",\"url\":\"https:\/\/www.whisker.lv\/sunu-skirnes\/mazais-lauvassunits\/\",\"name\":\"Mazais lauvassun\u012bts - Whisker.lv | Su\u0146u \u0161\u0137irnes - Mazais lauvassun\u012bts\",\"isPartOf\":{\"@id\":\"https:\/\/www.whisker.lv\/#website\"},\"datePublished\":\"2019-03-14T00:14:56+00:00\",\"dateModified\":\"2019-04-03T21:04:24+00:00\",\"description\":\"Mazais lauvassun\u012bts patiesi atg\u0101dina lauvu, jo vi\u0146a z\u012bdainais un vi\u013c\u0146ainais apmatojums parasti tiek nocirpts no \u0137erme\u0146a vidus l\u012bdz paka\u013ck\u0101ju locitav\u0101m.\",\"breadcrumb\":{\"@id\":\"https:\/\/www.whisker.lv\/sunu-skirnes\/mazais-lauvassunits\/#breadcrumb\"},\"inLanguage\":\"ru-RU\",\"potentialAction\":[{\"@type\":\"ReadAction\",\"target\":[\"https:\/\/www.whisker.lv\/sunu-skirnes\/mazais-lauvassunits\/\"]}]},{\"@type\":\"BreadcrumbList\",\"@id\":\"https:\/\/www.whisker.lv\/sunu-skirnes\/mazais-lauvassunits\/#breadcrumb\",\"itemListElement\":[{\"@type\":\"ListItem\",\"position\":1,\"name\":\"S\u0101kums\",\"item\":\"https:\/\/www.whisker.lv\/\"},{\"@type\":\"ListItem\",\"position\":2,\"name\":\"Su\u0146u \u0161\u0137irnes\",\"item\":\"https:\/\/www.whisker.lv\/sunu-skirnes\/\"},{\"@type\":\"ListItem\",\"position\":3,\"name\":\"Mazais lauvassun\u012bts\"}]},{\"@type\":\"WebSite\",\"@id\":\"https:\/\/www.whisker.lv\/#website\",\"url\":\"https:\/\/www.whisker.lv\/\",\"name\":\"Whisker\",\"description\":\"Tavs pal\u012bgs m\u0101jdzivnieku pieskat\u012b\u0161an\u0101\",\"potentialAction\":[{\"@type\":\"SearchAction\",\"target\":{\"@type\":\"EntryPoint\",\"urlTemplate\":\"https:\/\/www.whisker.lv\/?s={search_term_string}\"},\"query-input\":\"required name=search_term_string\"}],\"inLanguage\":\"ru-RU\"}]}<\/script>\n<!-- \/ Yoast SEO plugin. -->","yoast_head_json":{"title":"Mazais lauvassun\u012bts - Whisker.lv | Su\u0146u \u0161\u0137irnes - Mazais lauvassun\u012bts","robots":{"index":"index","follow":"follow","max-snippet":"max-snippet:-1","max-image-preview":"max-image-preview:large","max-video-preview":"max-video-preview:-1"},"canonical":"https:\/\/www.whisker.lv\/sunu-skirnes\/mazais-lauvassunits\/","og_locale":"ru_RU","og_type":"article","og_title":"Mazais lauvassun\u012bts - Whisker","og_url":"https:\/\/www.whisker.lv\/sunu-skirnes\/mazais-lauvassunits\/","og_site_name":"Whisker","article_publisher":"https:\/\/www.facebook.com\/whisker.lv\/","article_modified_time":"2019-04-03T21:04:24+00:00","twitter_card":"summary_large_image","twitter_misc":{"Est. reading time":"1 minute"},"schema":{"@context":"https:\/\/schema.org","@graph":[{"@type":"WebPage","@id":"https:\/\/www.whisker.lv\/sunu-skirnes\/mazais-lauvassunits\/","url":"https:\/\/www.whisker.lv\/sunu-skirnes\/mazais-lauvassunits\/","name":"Mazais lauvassun\u012bts - Whisker.lv | Su\u0146u \u0161\u0137irnes - Mazais lauvassun\u012bts","isPartOf":{"@id":"https:\/\/www.whisker.lv\/#website"},"datePublished":"2019-03-14T00:14:56+00:00","dateModified":"2019-04-03T21:04:24+00:00","description":"Mazais lauvassun\u012bts patiesi atg\u0101dina lauvu, jo vi\u0146a z\u012bdainais un vi\u013c\u0146ainais apmatojums parasti tiek nocirpts no \u0137erme\u0146a vidus l\u012bdz paka\u013ck\u0101ju locitav\u0101m.","breadcrumb":{"@id":"https:\/\/www.whisker.lv\/sunu-skirnes\/mazais-lauvassunits\/#breadcrumb"},"inLanguage":"ru-RU","potentialAction":[{"@type":"ReadAction","target":["https:\/\/www.whisker.lv\/sunu-skirnes\/mazais-lauvassunits\/"]}]},{"@type":"BreadcrumbList","@id":"https:\/\/www.whisker.lv\/sunu-skirnes\/mazais-lauvassunits\/#breadcrumb","itemListElement":[{"@type":"ListItem","position":1,"name":"S\u0101kums","item":"https:\/\/www.whisker.lv\/"},{"@type":"ListItem","position":2,"name":"Su\u0146u \u0161\u0137irnes","item":"https:\/\/www.whisker.lv\/sunu-skirnes\/"},{"@type":"ListItem","position":3,"name":"Mazais lauvassun\u012bts"}]},{"@type":"WebSite","@id":"https:\/\/www.whisker.lv\/#website","url":"https:\/\/www.whisker.lv\/","name":"Whisker","description":"Tavs pal\u012bgs m\u0101jdzivnieku pieskat\u012b\u0161an\u0101","potentialAction":[{"@type":"SearchAction","target":{"@type":"EntryPoint","urlTemplate":"https:\/\/www.whisker.lv\/?s={search_term_string}"},"query-input":"required name=search_term_string"}],"inLanguage":"ru-RU"}]}},"_links":{"self":[{"href":"https:\/\/www.whisker.lv\/ru\/wp-json\/wp\/v2\/pages\/9315"}],"collection":[{"href":"https:\/\/www.whisker.lv\/ru\/wp-json\/wp\/v2\/pages"}],"about":[{"href":"https:\/\/www.whisker.lv\/ru\/wp-json\/wp\/v2\/types\/page"}],"author":[{"embeddable":true,"href":"https:\/\/www.whisker.lv\/ru\/wp-json\/wp\/v2\/users\/1"}],"replies":[{"embeddable":true,"href":"https:\/\/www.whisker.lv\/ru\/wp-json\/wp\/v2\/comments?post=9315"}],"version-history":[{"count":5,"href":"https:\/\/www.whisker.lv\/ru\/wp-json\/wp\/v2\/pages\/9315\/revisions"}],"predecessor-version":[{"id":11194,"href":"https:\/\/www.whisker.lv\/ru\/wp-json\/wp\/v2\/pages\/9315\/revisions\/11194"}],"up":[{"embeddable":true,"href":"https:\/\/www.whisker.lv\/ru\/wp-json\/wp\/v2\/pages\/8016"}],"wp:attachment":[{"href":"https:\/\/www.whisker.lv\/ru\/wp-json\/wp\/v2\/media?parent=9315"}],"curies":[{"name":"wp","href":"https:\/\/api.w.org\/{rel}","templated":true}]}}