



{"id":9357,"date":"2019-03-14T19:37:24","date_gmt":"2019-03-14T17:37:24","guid":{"rendered":"https:\/\/www.whisker.lv\/?page_id=9357"},"modified":"2019-04-03T22:58:28","modified_gmt":"2019-04-03T20:58:28","slug":"lielais-sveices-ganu-suns","status":"publish","type":"page","link":"https:\/\/www.whisker.lv\/ru\/sunu-skirnes\/lielais-sveices-ganu-suns\/","title":{"rendered":"Lielais \u0160veices ganu suns"},"content":{"rendered":"[vc_row][vc_column][vc_text_separator title=&#8221;Lielais \u0160veices ganu suns&#8221; border_width=&#8221;8&#8243;][\/vc_column][\/vc_row][vc_row][vc_column width=&#8221;1\/2&#8243;][vc_single_image image=&#8221;9359&#8243; img_size=&#8221;full&#8221; alignment=&#8221;center&#8221; style=&#8221;vc_box_rounded&#8221;][\/vc_column][vc_column width=&#8221;1\/2&#8243;][vc_column_text]<span style=\"color: #000000;\"><strong>Dzimtene:<\/strong> \u0160veice<\/span><\/p>\n<p><span style=\"color: #000000;\"><strong>Funkcija:<\/strong> vilc\u0113js lauku ferm\u0101s<\/span><\/p>\n<p><span style=\"color: #000000;\"><strong>Izcel\u0161an\u0101s<\/strong>: ap 300. g.<\/span><\/p>\n<p><span style=\"color: #000000;\"><strong>Skausta augstums:<\/strong> 60-72 cm<\/span><\/p>\n<p><span style=\"color: #000000;\"><strong>Masa:<\/strong> 59-61 kg<\/span><\/p>\n<p><span style=\"color: #000000;\"><strong>Raksturs:<\/strong> akt\u012bvs, mierm\u012bl\u012bgs<\/span><\/p>\n<p><span style=\"color: #000000;\"><strong>Dz\u012bves ilgums:<\/strong> 8-11 gadi<\/span>[\/vc_column_text][\/vc_column][\/vc_row][vc_row][vc_column][vc_column_text]<span style=\"color: #000000;\">Liel\u0101kais no \u010detru \u0161\u0137ir\u0146u \u0160veices ganu su\u0146iem. Sunim ir gluds apmatojums un gara, zemu nolaista aste. T\u0101pat k\u0101 p\u0101r\u0113jiem ciltsbr\u0101\u013ciem, ar\u012b \u0161iem su\u0146iem ir \u0160veices kalnu su\u0146iem rakstur\u012bga iez\u012bme \u2013 balta sv\u012btra p\u0101ri pierei, purnam un kr\u016bt\u012bm uz rudi melna apmatojuma. Balti laukumi ir ar\u012b uz \u0137ep\u0101m un astes gali\u0146a.<\/span><\/p>\n<p><span style=\"color: #000000;\"><strong>V\u0113sture.<\/strong> Gadsimtiem ilgi ganu su\u0146i str\u0101d\u0101ju\u0161i \u0160veices lauku saimniec\u012bb\u0101s. Ta\u010du 19. gadsimta vid\u016b vi\u0146u skaits strauji saruka, bet 19. un 20. gadsimta mij\u0101 \u0161\u0137irne bija tuvu izmir\u0161anai. T\u0101p\u0113c atliku\u0161os t\u012br\u0161\u0137irnes su\u0146us krustoja ar \u012bsspalvainajiem sanbern\u0101riem. M\u016bsdien\u0101s \u0161\u0137irnes past\u0101v\u0113\u0161ana vairs nav apdraud\u0113ta. 1968. gad\u0101 \u0161os su\u0146us ieveda ar\u012b ASV.<\/span><\/p>\n<p><span style=\"color: #000000;\"><strong>Piez\u012bme.<\/strong> Kaut ar\u012b suns ir liels, ka\u017eoka kop\u0161ana neprasa daudz p\u016b\u013cu.<\/span><\/p>\n<p><span style=\"color: #000000;\"><strong>Otrs nosaukums.<\/strong> Lielais \u0160veices kalnu suns.<\/span>[\/vc_column_text][\/vc_column][\/vc_row]\n","protected":false},"excerpt":{"rendered":"<p>[vc_row][vc_column][vc_text_separator title=&#8221;Lielais \u0160veices ganu suns&#8221; border_width=&#8221;8&#8243;][\/vc_column][\/vc_row][vc_row][vc_column width=&#8221;1\/2&#8243;][vc_single_image image=&#8221;9359&#8243; img_size=&#8221;full&#8221; alignment=&#8221;center&#8221; style=&#8221;vc_box_rounded&#8221;][\/vc_column][vc_column width=&#8221;1\/2&#8243;][vc_column_text]Dzimtene: \u0160veice Funkcija: vilc\u0113js lauku ferm\u0101s Izcel\u0161an\u0101s: ap 300. g. Skausta augstums: 60-72 cm Masa: 59-61 kg Raksturs: akt\u012bvs, mierm\u012bl\u012bgs Dz\u012bves ilgums: 8-11 gadi[\/vc_column_text][\/vc_column][\/vc_row][vc_row][vc_column][vc_column_text]Liel\u0101kais no \u010detru \u0161\u0137ir\u0146u \u0160veices ganu su\u0146iem. Sunim ir gluds apmatojums un gara, zemu nolaista aste. T\u0101pat k\u0101 p\u0101r\u0113jiem ciltsbr\u0101\u013ciem, ar\u012b [&hellip;]<\/p>\n","protected":false},"author":1,"featured_media":0,"parent":8016,"menu_order":0,"comment_status":"closed","ping_status":"closed","template":"page-fullwidth.php","meta":{"_acf_changed":false,"_glsr_average":0,"_glsr_ranking":0,"_glsr_reviews":0,"footnotes":""},"translation":{"provider":"WPGlobus","version":"2.12.2","language":"ru","enabled_languages":["lv","en","ru"],"languages":{"lv":{"title":true,"content":true,"excerpt":false},"en":{"title":false,"content":false,"excerpt":false},"ru":{"title":false,"content":false,"excerpt":false}}},"acf":[],"yoast_head":"<!-- This site is optimized with the Yoast SEO plugin v22.5 - https:\/\/yoast.com\/wordpress\/plugins\/seo\/ -->\n<title>Lielais \u0160veices ganu suns - Whisker<\/title>\n<meta name=\"robots\" content=\"index, follow, max-snippet:-1, max-image-preview:large, max-video-preview:-1\" \/>\n<link rel=\"canonical\" href=\"https:\/\/www.whisker.lv\/en\/sunu-skirnes\/lielais-sveices-ganu-suns\/\" \/>\n<meta property=\"og:locale\" content=\"ru_RU\" \/>\n<meta property=\"og:type\" content=\"article\" \/>\n<meta property=\"og:title\" content=\"Lielais \u0160veices ganu suns - Whisker\" \/>\n<meta property=\"og:url\" content=\"https:\/\/www.whisker.lv\/en\/sunu-skirnes\/lielais-sveices-ganu-suns\/\" \/>\n<meta property=\"og:site_name\" content=\"Whisker\" \/>\n<meta property=\"article:publisher\" content=\"https:\/\/www.facebook.com\/whisker.lv\/\" \/>\n<meta property=\"article:modified_time\" content=\"2019-04-03T20:58:28+00:00\" \/>\n<meta name=\"twitter:card\" content=\"summary_large_image\" \/>\n<meta name=\"twitter:label1\" content=\"Est. reading time\" \/>\n\t<meta name=\"twitter:data1\" content=\"1 minute\" \/>\n<script type=\"application\/ld+json\" class=\"yoast-schema-graph\">{\"@context\":\"https:\/\/schema.org\",\"@graph\":[{\"@type\":\"WebPage\",\"@id\":\"https:\/\/www.whisker.lv\/en\/sunu-skirnes\/lielais-sveices-ganu-suns\/\",\"url\":\"https:\/\/www.whisker.lv\/en\/sunu-skirnes\/lielais-sveices-ganu-suns\/\",\"name\":\"Lielais \u0160veices ganu suns - Whisker\",\"isPartOf\":{\"@id\":\"https:\/\/www.whisker.lv\/#website\"},\"datePublished\":\"2019-03-14T17:37:24+00:00\",\"dateModified\":\"2019-04-03T20:58:28+00:00\",\"description\":\"Lielais \u0160veices ganu suns ir liel\u0101kais no \u010detru \u0161\u0137ir\u0146u \u0160veices ganu su\u0146iem. Sunim ir gluds apmatojums un gara, zemu nolaista aste.\",\"breadcrumb\":{\"@id\":\"https:\/\/www.whisker.lv\/en\/sunu-skirnes\/lielais-sveices-ganu-suns\/#breadcrumb\"},\"inLanguage\":\"ru-RU\",\"potentialAction\":[{\"@type\":\"ReadAction\",\"target\":[\"https:\/\/www.whisker.lv\/en\/sunu-skirnes\/lielais-sveices-ganu-suns\/\"]}]},{\"@type\":\"BreadcrumbList\",\"@id\":\"https:\/\/www.whisker.lv\/en\/sunu-skirnes\/lielais-sveices-ganu-suns\/#breadcrumb\",\"itemListElement\":[{\"@type\":\"ListItem\",\"position\":1,\"name\":\"S\u0101kums\",\"item\":\"https:\/\/www.whisker.lv\/\"},{\"@type\":\"ListItem\",\"position\":2,\"name\":\"Su\u0146u \u0161\u0137irnes\",\"item\":\"https:\/\/www.whisker.lv\/sunu-skirnes\/\"},{\"@type\":\"ListItem\",\"position\":3,\"name\":\"Lielais \u0160veices ganu suns\"}]},{\"@type\":\"WebSite\",\"@id\":\"https:\/\/www.whisker.lv\/#website\",\"url\":\"https:\/\/www.whisker.lv\/\",\"name\":\"Whisker\",\"description\":\"Tavs pal\u012bgs m\u0101jdzivnieku pieskat\u012b\u0161an\u0101\",\"potentialAction\":[{\"@type\":\"SearchAction\",\"target\":{\"@type\":\"EntryPoint\",\"urlTemplate\":\"https:\/\/www.whisker.lv\/?s={search_term_string}\"},\"query-input\":\"required name=search_term_string\"}],\"inLanguage\":\"ru-RU\"}]}<\/script>\n<!-- \/ Yoast SEO plugin. -->","yoast_head_json":{"title":"Lielais \u0160veices ganu suns - Whisker","robots":{"index":"index","follow":"follow","max-snippet":"max-snippet:-1","max-image-preview":"max-image-preview:large","max-video-preview":"max-video-preview:-1"},"canonical":"https:\/\/www.whisker.lv\/en\/sunu-skirnes\/lielais-sveices-ganu-suns\/","og_locale":"ru_RU","og_type":"article","og_title":"Lielais \u0160veices ganu suns - Whisker","og_url":"https:\/\/www.whisker.lv\/en\/sunu-skirnes\/lielais-sveices-ganu-suns\/","og_site_name":"Whisker","article_publisher":"https:\/\/www.facebook.com\/whisker.lv\/","article_modified_time":"2019-04-03T20:58:28+00:00","twitter_card":"summary_large_image","twitter_misc":{"Est. reading time":"1 minute"},"schema":{"@context":"https:\/\/schema.org","@graph":[{"@type":"WebPage","@id":"https:\/\/www.whisker.lv\/en\/sunu-skirnes\/lielais-sveices-ganu-suns\/","url":"https:\/\/www.whisker.lv\/en\/sunu-skirnes\/lielais-sveices-ganu-suns\/","name":"Lielais \u0160veices ganu suns - Whisker","isPartOf":{"@id":"https:\/\/www.whisker.lv\/#website"},"datePublished":"2019-03-14T17:37:24+00:00","dateModified":"2019-04-03T20:58:28+00:00","description":"Lielais \u0160veices ganu suns ir liel\u0101kais no \u010detru \u0161\u0137ir\u0146u \u0160veices ganu su\u0146iem. Sunim ir gluds apmatojums un gara, zemu nolaista aste.","breadcrumb":{"@id":"https:\/\/www.whisker.lv\/en\/sunu-skirnes\/lielais-sveices-ganu-suns\/#breadcrumb"},"inLanguage":"ru-RU","potentialAction":[{"@type":"ReadAction","target":["https:\/\/www.whisker.lv\/en\/sunu-skirnes\/lielais-sveices-ganu-suns\/"]}]},{"@type":"BreadcrumbList","@id":"https:\/\/www.whisker.lv\/en\/sunu-skirnes\/lielais-sveices-ganu-suns\/#breadcrumb","itemListElement":[{"@type":"ListItem","position":1,"name":"S\u0101kums","item":"https:\/\/www.whisker.lv\/"},{"@type":"ListItem","position":2,"name":"Su\u0146u \u0161\u0137irnes","item":"https:\/\/www.whisker.lv\/sunu-skirnes\/"},{"@type":"ListItem","position":3,"name":"Lielais \u0160veices ganu suns"}]},{"@type":"WebSite","@id":"https:\/\/www.whisker.lv\/#website","url":"https:\/\/www.whisker.lv\/","name":"Whisker","description":"Tavs pal\u012bgs m\u0101jdzivnieku pieskat\u012b\u0161an\u0101","potentialAction":[{"@type":"SearchAction","target":{"@type":"EntryPoint","urlTemplate":"https:\/\/www.whisker.lv\/?s={search_term_string}"},"query-input":"required name=search_term_string"}],"inLanguage":"ru-RU"}]}},"_links":{"self":[{"href":"https:\/\/www.whisker.lv\/ru\/wp-json\/wp\/v2\/pages\/9357"}],"collection":[{"href":"https:\/\/www.whisker.lv\/ru\/wp-json\/wp\/v2\/pages"}],"about":[{"href":"https:\/\/www.whisker.lv\/ru\/wp-json\/wp\/v2\/types\/page"}],"author":[{"embeddable":true,"href":"https:\/\/www.whisker.lv\/ru\/wp-json\/wp\/v2\/users\/1"}],"replies":[{"embeddable":true,"href":"https:\/\/www.whisker.lv\/ru\/wp-json\/wp\/v2\/comments?post=9357"}],"version-history":[{"count":5,"href":"https:\/\/www.whisker.lv\/ru\/wp-json\/wp\/v2\/pages\/9357\/revisions"}],"predecessor-version":[{"id":11189,"href":"https:\/\/www.whisker.lv\/ru\/wp-json\/wp\/v2\/pages\/9357\/revisions\/11189"}],"up":[{"embeddable":true,"href":"https:\/\/www.whisker.lv\/ru\/wp-json\/wp\/v2\/pages\/8016"}],"wp:attachment":[{"href":"https:\/\/www.whisker.lv\/ru\/wp-json\/wp\/v2\/media?parent=9357"}],"curies":[{"name":"wp","href":"https:\/\/api.w.org\/{rel}","templated":true}]}}