



{"id":9362,"date":"2019-03-14T19:43:55","date_gmt":"2019-03-14T17:43:55","guid":{"rendered":"https:\/\/www.whisker.lv\/?page_id=9362"},"modified":"2019-04-03T22:57:53","modified_gmt":"2019-04-03T20:57:53","slug":"lielais-pudelis","status":"publish","type":"page","link":"https:\/\/www.whisker.lv\/ru\/sunu-skirnes\/lielais-pudelis\/","title":{"rendered":"Lielais p\u016bdelis"},"content":{"rendered":"[vc_row][vc_column][vc_text_separator title=&#8221;Lielais p\u016bdelis &#8221; border_width=&#8221;8&#8243;][\/vc_column][\/vc_row][vc_row][vc_column width=&#8221;1\/2&#8243;][vc_single_image image=&#8221;9364&#8243; img_size=&#8221;full&#8221; alignment=&#8221;center&#8221; style=&#8221;vc_box_rounded&#8221;][\/vc_column][vc_column width=&#8221;1\/2&#8243;][vc_column_text]<span style=\"color: #000000;\"><strong>Dzimtene:<\/strong> V\u0101cija<\/span><\/p>\n<p><span style=\"color: #000000;\"><strong>Funkcija:<\/strong> \u016bdensputnu suns<\/span><\/p>\n<p><span style=\"color: #000000;\"><strong>Izcel\u0161an\u0101s:<\/strong> ap 1400. g.<\/span><\/p>\n<p><span style=\"color: #000000;\"><strong>Skausta augstums:<\/strong> 38 cm<\/span><\/p>\n<p><span style=\"color: #000000;\"><strong>Masa:<\/strong> 20,5-32 kg<\/span><\/p>\n<p><span style=\"color: #000000;\"><strong>Raksturs:<\/strong> gudrs, dz\u012bvespriec\u012bgs<\/span><\/p>\n<p><span style=\"color: #000000;\"><strong>Dz\u012bves ilgums:<\/strong> 10-18 gadiem<\/span>[\/vc_column_text][\/vc_column][\/vc_row][vc_row][vc_column][vc_column_text]<span style=\"color: #000000;\">Liel\u0101kais no trijiem p\u016bde\u013cu paveidiem. Elegantais, harmoniski att\u012bst\u012btais suns ir izcils putnu mednieks, kur\u0161 sp\u0113j atrast un iznest med\u012bjumu gan no upes, gan purv\u0101ja. Su\u0146a ka\u017eoks veidots t\u0101, lai gar\u0101kais apmatojums kl\u0101tu loc\u012btavas, turkl\u0101t gar\u0101s \u0137epas palielina peldsp\u0113ju.<\/span><\/p>\n<p><span style=\"color: #000000;\"><strong>V\u0113sture.<\/strong> P\u016bde\u013cu dzimtene ir V\u0101cija, tom\u0113r \u0161\u0137iet, ka m\u016bsdienu p\u016bde\u013ci c\u0113lu\u0161ies no reti sastopam\u0101 fran\u010du \u016bdensputnu su\u0146a barbeta.<\/span><\/p>\n<p><span style=\"color: #000000;\"><strong>Piez\u012bme.<\/strong> P\u016bdelim apmatojums apgr\u016btina kust\u012bbas \u016bden\u012b, t\u0101p\u0113c to nepiecie\u0161ams apcirpt.<\/span>[\/vc_column_text][\/vc_column][\/vc_row]\n","protected":false},"excerpt":{"rendered":"<p>[vc_row][vc_column][vc_text_separator title=&#8221;Lielais p\u016bdelis &#8221; border_width=&#8221;8&#8243;][\/vc_column][\/vc_row][vc_row][vc_column width=&#8221;1\/2&#8243;][vc_single_image image=&#8221;9364&#8243; img_size=&#8221;full&#8221; alignment=&#8221;center&#8221; style=&#8221;vc_box_rounded&#8221;][\/vc_column][vc_column width=&#8221;1\/2&#8243;][vc_column_text]Dzimtene: V\u0101cija Funkcija: \u016bdensputnu suns Izcel\u0161an\u0101s: ap 1400. g. Skausta augstums: 38 cm Masa: 20,5-32 kg Raksturs: gudrs, dz\u012bvespriec\u012bgs Dz\u012bves ilgums: 10-18 gadiem[\/vc_column_text][\/vc_column][\/vc_row][vc_row][vc_column][vc_column_text]Liel\u0101kais no trijiem p\u016bde\u013cu paveidiem. Elegantais, harmoniski att\u012bst\u012btais suns ir izcils putnu mednieks, kur\u0161 sp\u0113j atrast un iznest med\u012bjumu gan no upes, gan [&hellip;]<\/p>\n","protected":false},"author":1,"featured_media":0,"parent":8016,"menu_order":0,"comment_status":"closed","ping_status":"closed","template":"page-fullwidth.php","meta":{"_acf_changed":false,"_glsr_average":0,"_glsr_ranking":0,"_glsr_reviews":0,"footnotes":""},"translation":{"provider":"WPGlobus","version":"2.12.2","language":"ru","enabled_languages":["lv","en","ru"],"languages":{"lv":{"title":true,"content":true,"excerpt":false},"en":{"title":false,"content":false,"excerpt":false},"ru":{"title":false,"content":false,"excerpt":false}}},"acf":[],"yoast_head":"<!-- This site is optimized with the Yoast SEO plugin v22.5 - https:\/\/yoast.com\/wordpress\/plugins\/seo\/ -->\n<title>Lielais p\u016bdelis - Whisker.lv | Su\u0146u \u0161\u0137irnes - Lielais p\u016bdelis<\/title>\n<meta name=\"robots\" content=\"index, follow, max-snippet:-1, max-image-preview:large, max-video-preview:-1\" \/>\n<link rel=\"canonical\" href=\"https:\/\/www.whisker.lv\/sunu-skirnes\/lielais-pudelis\/\" \/>\n<meta property=\"og:locale\" content=\"ru_RU\" \/>\n<meta property=\"og:type\" content=\"article\" \/>\n<meta property=\"og:title\" content=\"Lielais p\u016bdelis - Whisker\" \/>\n<meta property=\"og:url\" content=\"https:\/\/www.whisker.lv\/sunu-skirnes\/lielais-pudelis\/\" \/>\n<meta property=\"og:site_name\" content=\"Whisker\" \/>\n<meta property=\"article:publisher\" content=\"https:\/\/www.facebook.com\/whisker.lv\/\" \/>\n<meta property=\"article:modified_time\" content=\"2019-04-03T20:57:53+00:00\" \/>\n<meta name=\"twitter:card\" content=\"summary_large_image\" \/>\n<meta name=\"twitter:label1\" content=\"Est. reading time\" \/>\n\t<meta name=\"twitter:data1\" content=\"1 minute\" \/>\n<script type=\"application\/ld+json\" class=\"yoast-schema-graph\">{\"@context\":\"https:\/\/schema.org\",\"@graph\":[{\"@type\":\"WebPage\",\"@id\":\"https:\/\/www.whisker.lv\/sunu-skirnes\/lielais-pudelis\/\",\"url\":\"https:\/\/www.whisker.lv\/sunu-skirnes\/lielais-pudelis\/\",\"name\":\"Lielais p\u016bdelis - Whisker.lv | Su\u0146u \u0161\u0137irnes - Lielais p\u016bdelis\",\"isPartOf\":{\"@id\":\"https:\/\/www.whisker.lv\/#website\"},\"datePublished\":\"2019-03-14T17:43:55+00:00\",\"dateModified\":\"2019-04-03T20:57:53+00:00\",\"description\":\"Lielais p\u016bdelis - su\u0146a ka\u017eoks veidots t\u0101, lai gar\u0101kais apmatojums kl\u0101tu loc\u012btavas, turkl\u0101t gar\u0101s \u0137epas palielina peldsp\u0113ju.\",\"breadcrumb\":{\"@id\":\"https:\/\/www.whisker.lv\/sunu-skirnes\/lielais-pudelis\/#breadcrumb\"},\"inLanguage\":\"ru-RU\",\"potentialAction\":[{\"@type\":\"ReadAction\",\"target\":[\"https:\/\/www.whisker.lv\/sunu-skirnes\/lielais-pudelis\/\"]}]},{\"@type\":\"BreadcrumbList\",\"@id\":\"https:\/\/www.whisker.lv\/sunu-skirnes\/lielais-pudelis\/#breadcrumb\",\"itemListElement\":[{\"@type\":\"ListItem\",\"position\":1,\"name\":\"S\u0101kums\",\"item\":\"https:\/\/www.whisker.lv\/\"},{\"@type\":\"ListItem\",\"position\":2,\"name\":\"Su\u0146u \u0161\u0137irnes\",\"item\":\"https:\/\/www.whisker.lv\/sunu-skirnes\/\"},{\"@type\":\"ListItem\",\"position\":3,\"name\":\"Lielais p\u016bdelis\"}]},{\"@type\":\"WebSite\",\"@id\":\"https:\/\/www.whisker.lv\/#website\",\"url\":\"https:\/\/www.whisker.lv\/\",\"name\":\"Whisker\",\"description\":\"Tavs pal\u012bgs m\u0101jdzivnieku pieskat\u012b\u0161an\u0101\",\"potentialAction\":[{\"@type\":\"SearchAction\",\"target\":{\"@type\":\"EntryPoint\",\"urlTemplate\":\"https:\/\/www.whisker.lv\/?s={search_term_string}\"},\"query-input\":\"required name=search_term_string\"}],\"inLanguage\":\"ru-RU\"}]}<\/script>\n<!-- \/ Yoast SEO plugin. -->","yoast_head_json":{"title":"Lielais p\u016bdelis - Whisker.lv | Su\u0146u \u0161\u0137irnes - Lielais p\u016bdelis","robots":{"index":"index","follow":"follow","max-snippet":"max-snippet:-1","max-image-preview":"max-image-preview:large","max-video-preview":"max-video-preview:-1"},"canonical":"https:\/\/www.whisker.lv\/sunu-skirnes\/lielais-pudelis\/","og_locale":"ru_RU","og_type":"article","og_title":"Lielais p\u016bdelis - Whisker","og_url":"https:\/\/www.whisker.lv\/sunu-skirnes\/lielais-pudelis\/","og_site_name":"Whisker","article_publisher":"https:\/\/www.facebook.com\/whisker.lv\/","article_modified_time":"2019-04-03T20:57:53+00:00","twitter_card":"summary_large_image","twitter_misc":{"Est. reading time":"1 minute"},"schema":{"@context":"https:\/\/schema.org","@graph":[{"@type":"WebPage","@id":"https:\/\/www.whisker.lv\/sunu-skirnes\/lielais-pudelis\/","url":"https:\/\/www.whisker.lv\/sunu-skirnes\/lielais-pudelis\/","name":"Lielais p\u016bdelis - Whisker.lv | Su\u0146u \u0161\u0137irnes - Lielais p\u016bdelis","isPartOf":{"@id":"https:\/\/www.whisker.lv\/#website"},"datePublished":"2019-03-14T17:43:55+00:00","dateModified":"2019-04-03T20:57:53+00:00","description":"Lielais p\u016bdelis - su\u0146a ka\u017eoks veidots t\u0101, lai gar\u0101kais apmatojums kl\u0101tu loc\u012btavas, turkl\u0101t gar\u0101s \u0137epas palielina peldsp\u0113ju.","breadcrumb":{"@id":"https:\/\/www.whisker.lv\/sunu-skirnes\/lielais-pudelis\/#breadcrumb"},"inLanguage":"ru-RU","potentialAction":[{"@type":"ReadAction","target":["https:\/\/www.whisker.lv\/sunu-skirnes\/lielais-pudelis\/"]}]},{"@type":"BreadcrumbList","@id":"https:\/\/www.whisker.lv\/sunu-skirnes\/lielais-pudelis\/#breadcrumb","itemListElement":[{"@type":"ListItem","position":1,"name":"S\u0101kums","item":"https:\/\/www.whisker.lv\/"},{"@type":"ListItem","position":2,"name":"Su\u0146u \u0161\u0137irnes","item":"https:\/\/www.whisker.lv\/sunu-skirnes\/"},{"@type":"ListItem","position":3,"name":"Lielais p\u016bdelis"}]},{"@type":"WebSite","@id":"https:\/\/www.whisker.lv\/#website","url":"https:\/\/www.whisker.lv\/","name":"Whisker","description":"Tavs pal\u012bgs m\u0101jdzivnieku pieskat\u012b\u0161an\u0101","potentialAction":[{"@type":"SearchAction","target":{"@type":"EntryPoint","urlTemplate":"https:\/\/www.whisker.lv\/?s={search_term_string}"},"query-input":"required name=search_term_string"}],"inLanguage":"ru-RU"}]}},"_links":{"self":[{"href":"https:\/\/www.whisker.lv\/ru\/wp-json\/wp\/v2\/pages\/9362"}],"collection":[{"href":"https:\/\/www.whisker.lv\/ru\/wp-json\/wp\/v2\/pages"}],"about":[{"href":"https:\/\/www.whisker.lv\/ru\/wp-json\/wp\/v2\/types\/page"}],"author":[{"embeddable":true,"href":"https:\/\/www.whisker.lv\/ru\/wp-json\/wp\/v2\/users\/1"}],"replies":[{"embeddable":true,"href":"https:\/\/www.whisker.lv\/ru\/wp-json\/wp\/v2\/comments?post=9362"}],"version-history":[{"count":3,"href":"https:\/\/www.whisker.lv\/ru\/wp-json\/wp\/v2\/pages\/9362\/revisions"}],"predecessor-version":[{"id":9366,"href":"https:\/\/www.whisker.lv\/ru\/wp-json\/wp\/v2\/pages\/9362\/revisions\/9366"}],"up":[{"embeddable":true,"href":"https:\/\/www.whisker.lv\/ru\/wp-json\/wp\/v2\/pages\/8016"}],"wp:attachment":[{"href":"https:\/\/www.whisker.lv\/ru\/wp-json\/wp\/v2\/media?parent=9362"}],"curies":[{"name":"wp","href":"https:\/\/api.w.org\/{rel}","templated":true}]}}