



{"id":9399,"date":"2019-03-14T23:32:46","date_gmt":"2019-03-14T21:32:46","guid":{"rendered":"https:\/\/www.whisker.lv\/?page_id=9399"},"modified":"2019-04-03T22:57:25","modified_gmt":"2019-04-03T20:57:25","slug":"lhasas-apso","status":"publish","type":"page","link":"https:\/\/www.whisker.lv\/ru\/sunu-skirnes\/lhasas-apso\/","title":{"rendered":"Lhasas apso"},"content":{"rendered":"[vc_row][vc_column][vc_text_separator title=&#8221;Lhasas apso&#8221; border_width=&#8221;8&#8243;][\/vc_column][\/vc_row][vc_row][vc_column width=&#8221;1\/2&#8243;][vc_single_image image=&#8221;8171&#8243; img_size=&#8221;full&#8221; alignment=&#8221;center&#8221; style=&#8221;vc_box_rounded&#8221;][\/vc_column][vc_column width=&#8221;1\/2&#8243;][vc_column_text]<span style=\"color: #000000;\"><strong>Dzimtene:<\/strong> Tibeta<\/span><\/p>\n<p><span style=\"color: #000000;\"><strong>Funkcija:<\/strong> m\u016bku pavadonis<\/span><\/p>\n<p><span style=\"color: #000000;\"><strong>Izcel\u0161an\u0101s:<\/strong> ap 600. g.<\/span><\/p>\n<p><span style=\"color: #000000;\"><strong>Skausta augstums:<\/strong> 25-28 cm<\/span><\/p>\n<p><span style=\"color: #000000;\"><strong>Masa:<\/strong> 6-7 kg<\/span><\/p>\n<p><span style=\"color: #000000;\"><strong>Raksturs:<\/strong> maigs, uzticams<\/span><\/p>\n<p><span style=\"color: #000000;\"><strong>Dz\u012bves ilgums:<\/strong> 12-15 gadi<\/span>[\/vc_column_text][\/vc_column][\/vc_row][vc_row][vc_column][vc_column_text]<span style=\"color: #000000;\">Nelielais Lhasas apso suns ir \u013coti iztur\u012bgs. \u0160\u012bs \u0161\u0137irnes su\u0146iem ir lieliska dzirde, t\u0101p\u0113c vi\u0146i ir br\u012bni\u0161\u0137\u012bgi sargsu\u0146i. V\u0101rds \u201cLhasa\u201d c\u0113lies no Tibetas galvaspils\u0113tas nosaukuma, bet \u201capso\u201d, iesp\u0113jams, noz\u012bm\u0113 \u201cl\u012bdz\u012bgs \u0101zim\u201d, jo sunim ir \u013coti gar\u0161, biezs apmatojums. Greznais ka\u017eoks vi\u0146us izce\u013c p\u0101r\u0113jo ciltsbr\u0101\u013cu vid\u016b. Garais apmatojums aizkl\u0101j Lhasas apso acis. Sunim ir izteikta b\u0101rda un \u016bsas.<\/span><\/p>\n<p><span style=\"color: #000000;\"><strong>V\u0113sture.<\/strong> \u0160\u012b Tibet\u0101 izveidot\u0101 \u0161\u0137irne Eirop\u0101 k\u013cuva paz\u012bstama tikai nesen. Lhasas apso ir viena no tradicion\u0101l\u0101kaj\u0101m Dalailamas d\u0101van\u0101m.<\/span><\/p>\n<p><span style=\"color: #000000;\"><strong>Piez\u012bme.<\/strong> Lhasas apso garais, biezais ka\u017eoks bie\u017ei j\u0101suk\u0101.<\/span>[\/vc_column_text][\/vc_column][\/vc_row]\n","protected":false},"excerpt":{"rendered":"<p>[vc_row][vc_column][vc_text_separator title=&#8221;Lhasas apso&#8221; border_width=&#8221;8&#8243;][\/vc_column][\/vc_row][vc_row][vc_column width=&#8221;1\/2&#8243;][vc_single_image image=&#8221;8171&#8243; img_size=&#8221;full&#8221; alignment=&#8221;center&#8221; style=&#8221;vc_box_rounded&#8221;][\/vc_column][vc_column width=&#8221;1\/2&#8243;][vc_column_text]Dzimtene: Tibeta Funkcija: m\u016bku pavadonis Izcel\u0161an\u0101s: ap 600. g. Skausta augstums: 25-28 cm Masa: 6-7 kg Raksturs: maigs, uzticams Dz\u012bves ilgums: 12-15 gadi[\/vc_column_text][\/vc_column][\/vc_row][vc_row][vc_column][vc_column_text]Nelielais Lhasas apso suns ir \u013coti iztur\u012bgs. \u0160\u012bs \u0161\u0137irnes su\u0146iem ir lieliska dzirde, t\u0101p\u0113c vi\u0146i ir br\u012bni\u0161\u0137\u012bgi sargsu\u0146i. V\u0101rds \u201cLhasa\u201d c\u0113lies no Tibetas galvaspils\u0113tas [&hellip;]<\/p>\n","protected":false},"author":1,"featured_media":0,"parent":8016,"menu_order":0,"comment_status":"closed","ping_status":"closed","template":"page-fullwidth.php","meta":{"_acf_changed":false,"_glsr_average":0,"_glsr_ranking":0,"_glsr_reviews":0,"footnotes":""},"translation":{"provider":"WPGlobus","version":"2.12.2","language":"ru","enabled_languages":["lv","en","ru"],"languages":{"lv":{"title":true,"content":true,"excerpt":false},"en":{"title":false,"content":false,"excerpt":false},"ru":{"title":false,"content":false,"excerpt":false}}},"acf":[],"yoast_head":"<!-- This site is optimized with the Yoast SEO plugin v22.5 - https:\/\/yoast.com\/wordpress\/plugins\/seo\/ -->\n<title>Lhasas apso - Whisker.lv | Su\u0146u \u0161kirnes - Lhasas apso<\/title>\n<meta name=\"robots\" content=\"index, follow, max-snippet:-1, max-image-preview:large, max-video-preview:-1\" \/>\n<link rel=\"canonical\" href=\"https:\/\/www.whisker.lv\/sunu-skirnes\/lhasas-apso\/\" \/>\n<meta property=\"og:locale\" content=\"ru_RU\" \/>\n<meta property=\"og:type\" content=\"article\" \/>\n<meta property=\"og:title\" content=\"Lhasas apso - Whisker\" \/>\n<meta property=\"og:url\" content=\"https:\/\/www.whisker.lv\/sunu-skirnes\/lhasas-apso\/\" \/>\n<meta property=\"og:site_name\" content=\"Whisker\" \/>\n<meta property=\"article:publisher\" content=\"https:\/\/www.facebook.com\/whisker.lv\/\" \/>\n<meta property=\"article:modified_time\" content=\"2019-04-03T20:57:25+00:00\" \/>\n<meta name=\"twitter:card\" content=\"summary_large_image\" \/>\n<meta name=\"twitter:label1\" content=\"Est. reading time\" \/>\n\t<meta name=\"twitter:data1\" content=\"1 minute\" \/>\n<script type=\"application\/ld+json\" class=\"yoast-schema-graph\">{\"@context\":\"https:\/\/schema.org\",\"@graph\":[{\"@type\":\"WebPage\",\"@id\":\"https:\/\/www.whisker.lv\/sunu-skirnes\/lhasas-apso\/\",\"url\":\"https:\/\/www.whisker.lv\/sunu-skirnes\/lhasas-apso\/\",\"name\":\"Lhasas apso - Whisker.lv | Su\u0146u \u0161kirnes - Lhasas apso\",\"isPartOf\":{\"@id\":\"https:\/\/www.whisker.lv\/#website\"},\"datePublished\":\"2019-03-14T21:32:46+00:00\",\"dateModified\":\"2019-04-03T20:57:25+00:00\",\"description\":\"Neliels Lhasa apso ir \u013coti iztur\u012bgs suns. \u0160\u012bs \u0161\u0137irnes su\u0146iem ir lieliska dzirde, t\u0101p\u0113c vi\u0146i ir br\u012bni\u0161\u0137\u012bgi sargsu\u0146i. Sunim ir izteikta b\u0101rda un \u016bsas.\",\"breadcrumb\":{\"@id\":\"https:\/\/www.whisker.lv\/sunu-skirnes\/lhasas-apso\/#breadcrumb\"},\"inLanguage\":\"ru-RU\",\"potentialAction\":[{\"@type\":\"ReadAction\",\"target\":[\"https:\/\/www.whisker.lv\/sunu-skirnes\/lhasas-apso\/\"]}]},{\"@type\":\"BreadcrumbList\",\"@id\":\"https:\/\/www.whisker.lv\/sunu-skirnes\/lhasas-apso\/#breadcrumb\",\"itemListElement\":[{\"@type\":\"ListItem\",\"position\":1,\"name\":\"S\u0101kums\",\"item\":\"https:\/\/www.whisker.lv\/\"},{\"@type\":\"ListItem\",\"position\":2,\"name\":\"Su\u0146u \u0161\u0137irnes\",\"item\":\"https:\/\/www.whisker.lv\/sunu-skirnes\/\"},{\"@type\":\"ListItem\",\"position\":3,\"name\":\"Lhasas apso\"}]},{\"@type\":\"WebSite\",\"@id\":\"https:\/\/www.whisker.lv\/#website\",\"url\":\"https:\/\/www.whisker.lv\/\",\"name\":\"Whisker\",\"description\":\"Tavs pal\u012bgs m\u0101jdzivnieku pieskat\u012b\u0161an\u0101\",\"potentialAction\":[{\"@type\":\"SearchAction\",\"target\":{\"@type\":\"EntryPoint\",\"urlTemplate\":\"https:\/\/www.whisker.lv\/?s={search_term_string}\"},\"query-input\":\"required name=search_term_string\"}],\"inLanguage\":\"ru-RU\"}]}<\/script>\n<!-- \/ Yoast SEO plugin. -->","yoast_head_json":{"title":"Lhasas apso - Whisker.lv | Su\u0146u \u0161kirnes - Lhasas apso","robots":{"index":"index","follow":"follow","max-snippet":"max-snippet:-1","max-image-preview":"max-image-preview:large","max-video-preview":"max-video-preview:-1"},"canonical":"https:\/\/www.whisker.lv\/sunu-skirnes\/lhasas-apso\/","og_locale":"ru_RU","og_type":"article","og_title":"Lhasas apso - Whisker","og_url":"https:\/\/www.whisker.lv\/sunu-skirnes\/lhasas-apso\/","og_site_name":"Whisker","article_publisher":"https:\/\/www.facebook.com\/whisker.lv\/","article_modified_time":"2019-04-03T20:57:25+00:00","twitter_card":"summary_large_image","twitter_misc":{"Est. reading time":"1 minute"},"schema":{"@context":"https:\/\/schema.org","@graph":[{"@type":"WebPage","@id":"https:\/\/www.whisker.lv\/sunu-skirnes\/lhasas-apso\/","url":"https:\/\/www.whisker.lv\/sunu-skirnes\/lhasas-apso\/","name":"Lhasas apso - Whisker.lv | Su\u0146u \u0161kirnes - Lhasas apso","isPartOf":{"@id":"https:\/\/www.whisker.lv\/#website"},"datePublished":"2019-03-14T21:32:46+00:00","dateModified":"2019-04-03T20:57:25+00:00","description":"Neliels Lhasa apso ir \u013coti iztur\u012bgs suns. \u0160\u012bs \u0161\u0137irnes su\u0146iem ir lieliska dzirde, t\u0101p\u0113c vi\u0146i ir br\u012bni\u0161\u0137\u012bgi sargsu\u0146i. Sunim ir izteikta b\u0101rda un \u016bsas.","breadcrumb":{"@id":"https:\/\/www.whisker.lv\/sunu-skirnes\/lhasas-apso\/#breadcrumb"},"inLanguage":"ru-RU","potentialAction":[{"@type":"ReadAction","target":["https:\/\/www.whisker.lv\/sunu-skirnes\/lhasas-apso\/"]}]},{"@type":"BreadcrumbList","@id":"https:\/\/www.whisker.lv\/sunu-skirnes\/lhasas-apso\/#breadcrumb","itemListElement":[{"@type":"ListItem","position":1,"name":"S\u0101kums","item":"https:\/\/www.whisker.lv\/"},{"@type":"ListItem","position":2,"name":"Su\u0146u \u0161\u0137irnes","item":"https:\/\/www.whisker.lv\/sunu-skirnes\/"},{"@type":"ListItem","position":3,"name":"Lhasas apso"}]},{"@type":"WebSite","@id":"https:\/\/www.whisker.lv\/#website","url":"https:\/\/www.whisker.lv\/","name":"Whisker","description":"Tavs pal\u012bgs m\u0101jdzivnieku pieskat\u012b\u0161an\u0101","potentialAction":[{"@type":"SearchAction","target":{"@type":"EntryPoint","urlTemplate":"https:\/\/www.whisker.lv\/?s={search_term_string}"},"query-input":"required name=search_term_string"}],"inLanguage":"ru-RU"}]}},"_links":{"self":[{"href":"https:\/\/www.whisker.lv\/ru\/wp-json\/wp\/v2\/pages\/9399"}],"collection":[{"href":"https:\/\/www.whisker.lv\/ru\/wp-json\/wp\/v2\/pages"}],"about":[{"href":"https:\/\/www.whisker.lv\/ru\/wp-json\/wp\/v2\/types\/page"}],"author":[{"embeddable":true,"href":"https:\/\/www.whisker.lv\/ru\/wp-json\/wp\/v2\/users\/1"}],"replies":[{"embeddable":true,"href":"https:\/\/www.whisker.lv\/ru\/wp-json\/wp\/v2\/comments?post=9399"}],"version-history":[{"count":5,"href":"https:\/\/www.whisker.lv\/ru\/wp-json\/wp\/v2\/pages\/9399\/revisions"}],"predecessor-version":[{"id":11187,"href":"https:\/\/www.whisker.lv\/ru\/wp-json\/wp\/v2\/pages\/9399\/revisions\/11187"}],"up":[{"embeddable":true,"href":"https:\/\/www.whisker.lv\/ru\/wp-json\/wp\/v2\/pages\/8016"}],"wp:attachment":[{"href":"https:\/\/www.whisker.lv\/ru\/wp-json\/wp\/v2\/media?parent=9399"}],"curies":[{"name":"wp","href":"https:\/\/api.w.org\/{rel}","templated":true}]}}