



{"id":9413,"date":"2019-03-15T00:00:21","date_gmt":"2019-03-14T22:00:21","guid":{"rendered":"https:\/\/www.whisker.lv\/?page_id=9413"},"modified":"2019-04-03T22:55:51","modified_gmt":"2019-04-03T20:55:51","slug":"lauku-spaniels","status":"publish","type":"page","link":"https:\/\/www.whisker.lv\/ru\/sunu-skirnes\/lauku-spaniels\/","title":{"rendered":"Lauku spaniels"},"content":{"rendered":"[vc_row][vc_column][vc_text_separator title=&#8221;Lauku spaniels&#8221; border_width=&#8221;8&#8243;][\/vc_column][\/vc_row][vc_row][vc_column width=&#8221;1\/2&#8243;][vc_single_image image=&#8221;8168&#8243; img_size=&#8221;full&#8221; alignment=&#8221;center&#8221; style=&#8221;vc_box_rounded&#8221;][\/vc_column][vc_column width=&#8221;1\/2&#8243;][vc_column_text]<span style=\"color: #000000;\"><strong>Dzimtene:<\/strong> Lielbrit\u0101nija<\/span><\/p>\n<p><span style=\"color: #000000;\"><strong>Funkcija:<\/strong> putnu suns<\/span><\/p>\n<p><span style=\"color: #000000;\"><strong>Izcel\u0161an\u0101s:<\/strong> ap 1800. g.<\/span><\/p>\n<p><span style=\"color: #000000;\"><strong>Skausta augstums:<\/strong> 46cm<\/span><\/p>\n<p><span style=\"color: #000000;\"><strong>Masa:<\/strong> 16-23 kg<\/span><\/p>\n<p><span style=\"color: #000000;\"><strong>Raksturs:<\/strong> nosv\u0113rts, draudz\u012bgs<\/span><\/p>\n<p><span style=\"color: #000000;\"><strong>Dz\u012bves ilgums:<\/strong> 12-13 gadi<\/span>[\/vc_column_text][\/vc_column][\/vc_row][vc_row][vc_column][vc_column_text]<span style=\"color: #000000;\">\u0160\u012bs \u0161\u0137irnes spanieliem \u0137erme\u0146a garums p\u0101rsniedz augstumu. Sunim ir z\u012bdains, taisns apmatojums. S\u0101kum\u0101 \u0161\u0137irnei bija otrs paveids \u2013 kokerspaniels.<\/span><\/p>\n<p><span style=\"color: #000000;\"><strong>V\u0113sture.<\/strong> 1892. gad\u0101 lauku spanielus un kokerspanielus s\u0101ka izdal\u012bt k\u0101 atsevi\u0161\u0137as su\u0146u \u0161\u0137irnes. Turpm\u0101kajos gados lauka spanieli bie\u017ei tika sap\u0101roti ar Saseksas spanieliem. Tas gandr\u012bz noveda l\u012bdz \u0161\u0137irnes piln\u012bgai izzu\u0161anai.<\/span><\/p>\n<p><span style=\"color: #000000;\"><strong>Piez\u012bme.<\/strong> \u0160ie spanieli ir lieliski putnu mednieki.<\/span>[\/vc_column_text][\/vc_column][\/vc_row]\n","protected":false},"excerpt":{"rendered":"<p>[vc_row][vc_column][vc_text_separator title=&#8221;Lauku spaniels&#8221; border_width=&#8221;8&#8243;][\/vc_column][\/vc_row][vc_row][vc_column width=&#8221;1\/2&#8243;][vc_single_image image=&#8221;8168&#8243; img_size=&#8221;full&#8221; alignment=&#8221;center&#8221; style=&#8221;vc_box_rounded&#8221;][\/vc_column][vc_column width=&#8221;1\/2&#8243;][vc_column_text]Dzimtene: Lielbrit\u0101nija Funkcija: putnu suns Izcel\u0161an\u0101s: ap 1800. g. Skausta augstums: 46cm Masa: 16-23 kg Raksturs: nosv\u0113rts, draudz\u012bgs Dz\u012bves ilgums: 12-13 gadi[\/vc_column_text][\/vc_column][\/vc_row][vc_row][vc_column][vc_column_text]\u0160\u012bs \u0161\u0137irnes spanieliem \u0137erme\u0146a garums p\u0101rsniedz augstumu. Sunim ir z\u012bdains, taisns apmatojums. S\u0101kum\u0101 \u0161\u0137irnei bija otrs paveids \u2013 kokerspaniels. V\u0113sture. 1892. gad\u0101 lauku spanielus un [&hellip;]<\/p>\n","protected":false},"author":1,"featured_media":0,"parent":8016,"menu_order":0,"comment_status":"closed","ping_status":"closed","template":"page-fullwidth.php","meta":{"_acf_changed":false,"_glsr_average":0,"_glsr_ranking":0,"_glsr_reviews":0,"footnotes":""},"translation":{"provider":"WPGlobus","version":"2.12.2","language":"ru","enabled_languages":["lv","en","ru"],"languages":{"lv":{"title":true,"content":true,"excerpt":false},"en":{"title":false,"content":false,"excerpt":false},"ru":{"title":false,"content":false,"excerpt":false}}},"acf":[],"yoast_head":"<!-- This site is optimized with the Yoast SEO plugin v22.5 - https:\/\/yoast.com\/wordpress\/plugins\/seo\/ -->\n<title>Lauku spaniels - Whisker.lv | Su\u0146u \u0161\u0137irnes - Lauku spaniels<\/title>\n<meta name=\"robots\" content=\"index, follow, max-snippet:-1, max-image-preview:large, max-video-preview:-1\" \/>\n<link rel=\"canonical\" href=\"https:\/\/www.whisker.lv\/sunu-skirnes\/lauku-spaniels\/\" \/>\n<meta property=\"og:locale\" content=\"ru_RU\" \/>\n<meta property=\"og:type\" content=\"article\" \/>\n<meta property=\"og:title\" content=\"Lauku spaniels - Whisker\" \/>\n<meta property=\"og:url\" content=\"https:\/\/www.whisker.lv\/sunu-skirnes\/lauku-spaniels\/\" \/>\n<meta property=\"og:site_name\" content=\"Whisker\" \/>\n<meta property=\"article:publisher\" content=\"https:\/\/www.facebook.com\/whisker.lv\/\" \/>\n<meta property=\"article:modified_time\" content=\"2019-04-03T20:55:51+00:00\" \/>\n<meta name=\"twitter:card\" content=\"summary_large_image\" \/>\n<meta name=\"twitter:label1\" content=\"Est. reading time\" \/>\n\t<meta name=\"twitter:data1\" content=\"1 minute\" \/>\n<script type=\"application\/ld+json\" class=\"yoast-schema-graph\">{\"@context\":\"https:\/\/schema.org\",\"@graph\":[{\"@type\":\"WebPage\",\"@id\":\"https:\/\/www.whisker.lv\/sunu-skirnes\/lauku-spaniels\/\",\"url\":\"https:\/\/www.whisker.lv\/sunu-skirnes\/lauku-spaniels\/\",\"name\":\"Lauku spaniels - Whisker.lv | Su\u0146u \u0161\u0137irnes - Lauku spaniels\",\"isPartOf\":{\"@id\":\"https:\/\/www.whisker.lv\/#website\"},\"datePublished\":\"2019-03-14T22:00:21+00:00\",\"dateModified\":\"2019-04-03T20:55:51+00:00\",\"description\":\"Lauku spaniels - \u0161\u0137irnes spanieliem \u0137erme\u0146a garums p\u0101rsniedz auugstumu.Sunim ir z\u012bdains, taisns apmatojums.S\u0101kum\u0101 \u0161\u0137irnei bija otrs paveids \u2013 kokerspaniels.\",\"breadcrumb\":{\"@id\":\"https:\/\/www.whisker.lv\/sunu-skirnes\/lauku-spaniels\/#breadcrumb\"},\"inLanguage\":\"ru-RU\",\"potentialAction\":[{\"@type\":\"ReadAction\",\"target\":[\"https:\/\/www.whisker.lv\/sunu-skirnes\/lauku-spaniels\/\"]}]},{\"@type\":\"BreadcrumbList\",\"@id\":\"https:\/\/www.whisker.lv\/sunu-skirnes\/lauku-spaniels\/#breadcrumb\",\"itemListElement\":[{\"@type\":\"ListItem\",\"position\":1,\"name\":\"S\u0101kums\",\"item\":\"https:\/\/www.whisker.lv\/\"},{\"@type\":\"ListItem\",\"position\":2,\"name\":\"Su\u0146u \u0161\u0137irnes\",\"item\":\"https:\/\/www.whisker.lv\/sunu-skirnes\/\"},{\"@type\":\"ListItem\",\"position\":3,\"name\":\"Lauku spaniels\"}]},{\"@type\":\"WebSite\",\"@id\":\"https:\/\/www.whisker.lv\/#website\",\"url\":\"https:\/\/www.whisker.lv\/\",\"name\":\"Whisker\",\"description\":\"Tavs pal\u012bgs m\u0101jdzivnieku pieskat\u012b\u0161an\u0101\",\"potentialAction\":[{\"@type\":\"SearchAction\",\"target\":{\"@type\":\"EntryPoint\",\"urlTemplate\":\"https:\/\/www.whisker.lv\/?s={search_term_string}\"},\"query-input\":\"required name=search_term_string\"}],\"inLanguage\":\"ru-RU\"}]}<\/script>\n<!-- \/ Yoast SEO plugin. -->","yoast_head_json":{"title":"Lauku spaniels - Whisker.lv | Su\u0146u \u0161\u0137irnes - Lauku spaniels","robots":{"index":"index","follow":"follow","max-snippet":"max-snippet:-1","max-image-preview":"max-image-preview:large","max-video-preview":"max-video-preview:-1"},"canonical":"https:\/\/www.whisker.lv\/sunu-skirnes\/lauku-spaniels\/","og_locale":"ru_RU","og_type":"article","og_title":"Lauku spaniels - Whisker","og_url":"https:\/\/www.whisker.lv\/sunu-skirnes\/lauku-spaniels\/","og_site_name":"Whisker","article_publisher":"https:\/\/www.facebook.com\/whisker.lv\/","article_modified_time":"2019-04-03T20:55:51+00:00","twitter_card":"summary_large_image","twitter_misc":{"Est. reading time":"1 minute"},"schema":{"@context":"https:\/\/schema.org","@graph":[{"@type":"WebPage","@id":"https:\/\/www.whisker.lv\/sunu-skirnes\/lauku-spaniels\/","url":"https:\/\/www.whisker.lv\/sunu-skirnes\/lauku-spaniels\/","name":"Lauku spaniels - Whisker.lv | Su\u0146u \u0161\u0137irnes - Lauku spaniels","isPartOf":{"@id":"https:\/\/www.whisker.lv\/#website"},"datePublished":"2019-03-14T22:00:21+00:00","dateModified":"2019-04-03T20:55:51+00:00","description":"Lauku spaniels - \u0161\u0137irnes spanieliem \u0137erme\u0146a garums p\u0101rsniedz auugstumu.Sunim ir z\u012bdains, taisns apmatojums.S\u0101kum\u0101 \u0161\u0137irnei bija otrs paveids \u2013 kokerspaniels.","breadcrumb":{"@id":"https:\/\/www.whisker.lv\/sunu-skirnes\/lauku-spaniels\/#breadcrumb"},"inLanguage":"ru-RU","potentialAction":[{"@type":"ReadAction","target":["https:\/\/www.whisker.lv\/sunu-skirnes\/lauku-spaniels\/"]}]},{"@type":"BreadcrumbList","@id":"https:\/\/www.whisker.lv\/sunu-skirnes\/lauku-spaniels\/#breadcrumb","itemListElement":[{"@type":"ListItem","position":1,"name":"S\u0101kums","item":"https:\/\/www.whisker.lv\/"},{"@type":"ListItem","position":2,"name":"Su\u0146u \u0161\u0137irnes","item":"https:\/\/www.whisker.lv\/sunu-skirnes\/"},{"@type":"ListItem","position":3,"name":"Lauku spaniels"}]},{"@type":"WebSite","@id":"https:\/\/www.whisker.lv\/#website","url":"https:\/\/www.whisker.lv\/","name":"Whisker","description":"Tavs pal\u012bgs m\u0101jdzivnieku pieskat\u012b\u0161an\u0101","potentialAction":[{"@type":"SearchAction","target":{"@type":"EntryPoint","urlTemplate":"https:\/\/www.whisker.lv\/?s={search_term_string}"},"query-input":"required name=search_term_string"}],"inLanguage":"ru-RU"}]}},"_links":{"self":[{"href":"https:\/\/www.whisker.lv\/ru\/wp-json\/wp\/v2\/pages\/9413"}],"collection":[{"href":"https:\/\/www.whisker.lv\/ru\/wp-json\/wp\/v2\/pages"}],"about":[{"href":"https:\/\/www.whisker.lv\/ru\/wp-json\/wp\/v2\/types\/page"}],"author":[{"embeddable":true,"href":"https:\/\/www.whisker.lv\/ru\/wp-json\/wp\/v2\/users\/1"}],"replies":[{"embeddable":true,"href":"https:\/\/www.whisker.lv\/ru\/wp-json\/wp\/v2\/comments?post=9413"}],"version-history":[{"count":5,"href":"https:\/\/www.whisker.lv\/ru\/wp-json\/wp\/v2\/pages\/9413\/revisions"}],"predecessor-version":[{"id":11185,"href":"https:\/\/www.whisker.lv\/ru\/wp-json\/wp\/v2\/pages\/9413\/revisions\/11185"}],"up":[{"embeddable":true,"href":"https:\/\/www.whisker.lv\/ru\/wp-json\/wp\/v2\/pages\/8016"}],"wp:attachment":[{"href":"https:\/\/www.whisker.lv\/ru\/wp-json\/wp\/v2\/media?parent=9413"}],"curies":[{"name":"wp","href":"https:\/\/api.w.org\/{rel}","templated":true}]}}