



{"id":9418,"date":"2019-03-15T00:05:52","date_gmt":"2019-03-14T22:05:52","guid":{"rendered":"https:\/\/www.whisker.lv\/?page_id=9418"},"modified":"2020-02-06T21:36:02","modified_gmt":"2020-02-06T19:36:02","slug":"labradors","status":"publish","type":"page","link":"https:\/\/www.whisker.lv\/ru\/sunu-skirnes\/labradors\/","title":{"rendered":"Labradors"},"content":{"rendered":"[vc_row][vc_column][vc_text_separator title=&#8221;Labradors&#8221; border_width=&#8221;8&#8243;][\/vc_column][\/vc_row][vc_row][vc_column width=&#8221;1\/2&#8243;][vc_single_image image=&#8221;9420&#8243; img_size=&#8221;full&#8221; alignment=&#8221;center&#8221; style=&#8221;vc_box_rounded&#8221;][\/vc_column][vc_column width=&#8221;1\/2&#8243;][vc_column_text]<span style=\"color: #000000;\"><strong>Dzimtene:<\/strong> Kan\u0101da<\/span><\/p>\n<p><span style=\"color: #000000;\"><strong>Funkcija:<\/strong> zvejnieku pal\u012bgs<\/span><\/p>\n<p><span style=\"color: #000000;\"><strong>Izcel\u0161an\u0101s:<\/strong> ap 1800. g.<\/span><\/p>\n<p><span style=\"color: #000000;\"><strong>Skausta augstums:<\/strong> 54-57 cm<\/span><\/p>\n<p><span style=\"color: #000000;\"><strong>Masa:<\/strong> 25-34 kg<\/span><\/p>\n<p><span style=\"color: #000000;\"><strong>Raksturs:<\/strong> nosv\u0113rts, draudz\u012bgs<\/span><\/p>\n<p><span style=\"color: #000000;\"><strong>Dz\u012bves ilgums<\/strong>: 10-12 gadi<\/span>[\/vc_column_text][\/vc_column][\/vc_row][vc_row][vc_column][vc_column_text]Labradors retr\u012bvers ir paz\u012bstams ar savu intelektu, smalko raksturu un labu temperamentu. Lai ar\u012b tos audz\u0113 k\u0101 med\u012bbu su\u0146us, \u0161\u012bs \u012bpa\u0161\u012bbas labradorus padara ar\u012b par lieliskiem kompanjoniem. Papildus sav\u0101m sportiskaj\u0101m sp\u0113j\u0101m, labradori sp\u0113j b\u016bt izcili dienesta su\u0146i. \u0160\u0137irnes p\u0101rst\u0101vji bie\u017ei tiek apm\u0101c\u012bti, lai k\u013c\u016btu par su\u0146iem-pavado\u0146iem, k\u0101 ar\u012b terapijas su\u0146iem. Labradori pilda ar\u012b t\u0101das funkcijas k\u0101 narkotiku un spr\u0101gstvielu mekl\u0113\u0161ana, gl\u0101b\u0161ana uz sauzemes un \u016bden\u012b.<\/p>\n<p>Labradoriem ir gludi, \u016bdensnecaurlaid\u012bgi ka\u017eoki un \u016bdriem l\u012bdz\u012bgas astes, kas padara tos par izciliem \u016bdens su\u0146iem. Inteli\u0123ento, \u012bsspalvaino retr\u012bveru no vi\u0146a ciltsbr\u0101\u013ciem at\u0161\u0137ir galvenok\u0101rt \u0161\u012b savdab\u012bg\u0101 aste, kuru kl\u0101j \u012bsi mati\u0146i. Pamatn\u0113 \u013coti resn\u0101 aste pak\u0101peniski k\u013c\u016bst tiev\u0101ka un beidzas ar smailu galu. Labradors ir rupjas konstukcijas sp\u0113c\u012bgs suns ar platu galvu, mas\u012bvu purnu un musku\u013cotu kaklu.<\/p>\n<p><strong>V\u0113sture.<\/strong> \u0160\u0137irnes dzimtene ir \u0145\u016bfaundlendas sala, kur labradors pal\u012bdz\u0113ja zvejniekiem izvilkt krast\u0101 t\u012bklus. M\u016bsdien\u0101s labradori kalpo ne tikai k\u0101 putnu su\u0146i un sargsu\u0146i, bet ar\u012b k\u013cuvu\u0161i par iecien\u012btiem \u0123imenes m\u012blu\u013ciem. Bie\u017ei vien \u0161ie su\u0146i tiek apm\u0101c\u012bti narkotiku un spr\u0101gstvielu mekl\u0113\u0161an\u0101.<\/p>\n<p><strong>Piez\u012bme.<\/strong> Ja sunim ir p\u0101r\u0101k maz fizisku nodarb\u012bbu, vi\u0146\u0161 aptaukojas.[\/vc_column_text][\/vc_column][\/vc_row]\n","protected":false},"excerpt":{"rendered":"<p>[vc_row][vc_column][vc_text_separator title=&#8221;Labradors&#8221; border_width=&#8221;8&#8243;][\/vc_column][\/vc_row][vc_row][vc_column width=&#8221;1\/2&#8243;][vc_single_image image=&#8221;9420&#8243; img_size=&#8221;full&#8221; alignment=&#8221;center&#8221; style=&#8221;vc_box_rounded&#8221;][\/vc_column][vc_column width=&#8221;1\/2&#8243;][vc_column_text]Dzimtene: Kan\u0101da Funkcija: zvejnieku pal\u012bgs Izcel\u0161an\u0101s: ap 1800. g. Skausta augstums: 54-57 cm Masa: 25-34 kg Raksturs: nosv\u0113rts, draudz\u012bgs Dz\u012bves ilgums: 10-12 gadi[\/vc_column_text][\/vc_column][\/vc_row][vc_row][vc_column][vc_column_text]Labradors retr\u012bvers ir paz\u012bstams ar savu intelektu, smalko raksturu un labu temperamentu. Lai ar\u012b tos audz\u0113 k\u0101 med\u012bbu su\u0146us, \u0161\u012bs \u012bpa\u0161\u012bbas labradorus padara ar\u012b par [&hellip;]<\/p>\n","protected":false},"author":1,"featured_media":0,"parent":8016,"menu_order":0,"comment_status":"closed","ping_status":"closed","template":"page-fullwidth.php","meta":{"_acf_changed":false,"_glsr_average":0,"_glsr_ranking":0,"_glsr_reviews":0,"footnotes":""},"translation":{"provider":"WPGlobus","version":"2.12.2","language":"ru","enabled_languages":["lv","en","ru"],"languages":{"lv":{"title":true,"content":true,"excerpt":false},"en":{"title":false,"content":false,"excerpt":false},"ru":{"title":false,"content":false,"excerpt":false}}},"acf":[],"yoast_head":"<!-- This site is optimized with the Yoast SEO plugin v22.5 - https:\/\/yoast.com\/wordpress\/plugins\/seo\/ -->\n<title>Labradors - Whisker.lv | Su\u0146u \u0161\u0137irnes - Labradors<\/title>\n<meta name=\"robots\" content=\"index, follow, max-snippet:-1, max-image-preview:large, max-video-preview:-1\" \/>\n<link rel=\"canonical\" href=\"https:\/\/www.whisker.lv\/sunu-skirnes\/labradors\/\" \/>\n<meta property=\"og:locale\" content=\"ru_RU\" \/>\n<meta property=\"og:type\" content=\"article\" \/>\n<meta property=\"og:title\" content=\"Labradors - Whisker\" \/>\n<meta property=\"og:url\" content=\"https:\/\/www.whisker.lv\/sunu-skirnes\/labradors\/\" \/>\n<meta property=\"og:site_name\" content=\"Whisker\" \/>\n<meta property=\"article:publisher\" content=\"https:\/\/www.facebook.com\/whisker.lv\/\" \/>\n<meta property=\"article:modified_time\" content=\"2020-02-06T19:36:02+00:00\" \/>\n<meta name=\"twitter:card\" content=\"summary_large_image\" \/>\n<meta name=\"twitter:label1\" content=\"Est. reading time\" \/>\n\t<meta name=\"twitter:data1\" content=\"2 minutes\" \/>\n<script type=\"application\/ld+json\" class=\"yoast-schema-graph\">{\"@context\":\"https:\/\/schema.org\",\"@graph\":[{\"@type\":\"WebPage\",\"@id\":\"https:\/\/www.whisker.lv\/sunu-skirnes\/labradors\/\",\"url\":\"https:\/\/www.whisker.lv\/sunu-skirnes\/labradors\/\",\"name\":\"Labradors - Whisker.lv | Su\u0146u \u0161\u0137irnes - Labradors\",\"isPartOf\":{\"@id\":\"https:\/\/www.whisker.lv\/#website\"},\"datePublished\":\"2019-03-14T22:05:52+00:00\",\"dateModified\":\"2020-02-06T19:36:02+00:00\",\"description\":\"Labradors ir rupjas konstukcijas sp\u0113c\u012bgs suns ar platu galvu, mas\u012bvu purnu un musku\u013cotu kaklu. Ja sunim ir p\u0101r\u0101k maz fizisku nodarb\u012bbu, vi\u0146\u0161 aptaukojas.\",\"breadcrumb\":{\"@id\":\"https:\/\/www.whisker.lv\/sunu-skirnes\/labradors\/#breadcrumb\"},\"inLanguage\":\"ru-RU\",\"potentialAction\":[{\"@type\":\"ReadAction\",\"target\":[\"https:\/\/www.whisker.lv\/sunu-skirnes\/labradors\/\"]}]},{\"@type\":\"BreadcrumbList\",\"@id\":\"https:\/\/www.whisker.lv\/sunu-skirnes\/labradors\/#breadcrumb\",\"itemListElement\":[{\"@type\":\"ListItem\",\"position\":1,\"name\":\"S\u0101kums\",\"item\":\"https:\/\/www.whisker.lv\/\"},{\"@type\":\"ListItem\",\"position\":2,\"name\":\"Su\u0146u \u0161\u0137irnes\",\"item\":\"https:\/\/www.whisker.lv\/sunu-skirnes\/\"},{\"@type\":\"ListItem\",\"position\":3,\"name\":\"Labradors\"}]},{\"@type\":\"WebSite\",\"@id\":\"https:\/\/www.whisker.lv\/#website\",\"url\":\"https:\/\/www.whisker.lv\/\",\"name\":\"Whisker\",\"description\":\"Tavs pal\u012bgs m\u0101jdzivnieku pieskat\u012b\u0161an\u0101\",\"potentialAction\":[{\"@type\":\"SearchAction\",\"target\":{\"@type\":\"EntryPoint\",\"urlTemplate\":\"https:\/\/www.whisker.lv\/?s={search_term_string}\"},\"query-input\":\"required name=search_term_string\"}],\"inLanguage\":\"ru-RU\"}]}<\/script>\n<!-- \/ Yoast SEO plugin. -->","yoast_head_json":{"title":"Labradors - Whisker.lv | Su\u0146u \u0161\u0137irnes - Labradors","robots":{"index":"index","follow":"follow","max-snippet":"max-snippet:-1","max-image-preview":"max-image-preview:large","max-video-preview":"max-video-preview:-1"},"canonical":"https:\/\/www.whisker.lv\/sunu-skirnes\/labradors\/","og_locale":"ru_RU","og_type":"article","og_title":"Labradors - Whisker","og_url":"https:\/\/www.whisker.lv\/sunu-skirnes\/labradors\/","og_site_name":"Whisker","article_publisher":"https:\/\/www.facebook.com\/whisker.lv\/","article_modified_time":"2020-02-06T19:36:02+00:00","twitter_card":"summary_large_image","twitter_misc":{"Est. reading time":"2 minutes"},"schema":{"@context":"https:\/\/schema.org","@graph":[{"@type":"WebPage","@id":"https:\/\/www.whisker.lv\/sunu-skirnes\/labradors\/","url":"https:\/\/www.whisker.lv\/sunu-skirnes\/labradors\/","name":"Labradors - Whisker.lv | Su\u0146u \u0161\u0137irnes - Labradors","isPartOf":{"@id":"https:\/\/www.whisker.lv\/#website"},"datePublished":"2019-03-14T22:05:52+00:00","dateModified":"2020-02-06T19:36:02+00:00","description":"Labradors ir rupjas konstukcijas sp\u0113c\u012bgs suns ar platu galvu, mas\u012bvu purnu un musku\u013cotu kaklu. Ja sunim ir p\u0101r\u0101k maz fizisku nodarb\u012bbu, vi\u0146\u0161 aptaukojas.","breadcrumb":{"@id":"https:\/\/www.whisker.lv\/sunu-skirnes\/labradors\/#breadcrumb"},"inLanguage":"ru-RU","potentialAction":[{"@type":"ReadAction","target":["https:\/\/www.whisker.lv\/sunu-skirnes\/labradors\/"]}]},{"@type":"BreadcrumbList","@id":"https:\/\/www.whisker.lv\/sunu-skirnes\/labradors\/#breadcrumb","itemListElement":[{"@type":"ListItem","position":1,"name":"S\u0101kums","item":"https:\/\/www.whisker.lv\/"},{"@type":"ListItem","position":2,"name":"Su\u0146u \u0161\u0137irnes","item":"https:\/\/www.whisker.lv\/sunu-skirnes\/"},{"@type":"ListItem","position":3,"name":"Labradors"}]},{"@type":"WebSite","@id":"https:\/\/www.whisker.lv\/#website","url":"https:\/\/www.whisker.lv\/","name":"Whisker","description":"Tavs pal\u012bgs m\u0101jdzivnieku pieskat\u012b\u0161an\u0101","potentialAction":[{"@type":"SearchAction","target":{"@type":"EntryPoint","urlTemplate":"https:\/\/www.whisker.lv\/?s={search_term_string}"},"query-input":"required name=search_term_string"}],"inLanguage":"ru-RU"}]}},"_links":{"self":[{"href":"https:\/\/www.whisker.lv\/ru\/wp-json\/wp\/v2\/pages\/9418"}],"collection":[{"href":"https:\/\/www.whisker.lv\/ru\/wp-json\/wp\/v2\/pages"}],"about":[{"href":"https:\/\/www.whisker.lv\/ru\/wp-json\/wp\/v2\/types\/page"}],"author":[{"embeddable":true,"href":"https:\/\/www.whisker.lv\/ru\/wp-json\/wp\/v2\/users\/1"}],"replies":[{"embeddable":true,"href":"https:\/\/www.whisker.lv\/ru\/wp-json\/wp\/v2\/comments?post=9418"}],"version-history":[{"count":5,"href":"https:\/\/www.whisker.lv\/ru\/wp-json\/wp\/v2\/pages\/9418\/revisions"}],"predecessor-version":[{"id":23576,"href":"https:\/\/www.whisker.lv\/ru\/wp-json\/wp\/v2\/pages\/9418\/revisions\/23576"}],"up":[{"embeddable":true,"href":"https:\/\/www.whisker.lv\/ru\/wp-json\/wp\/v2\/pages\/8016"}],"wp:attachment":[{"href":"https:\/\/www.whisker.lv\/ru\/wp-json\/wp\/v2\/media?parent=9418"}],"curies":[{"name":"wp","href":"https:\/\/api.w.org\/{rel}","templated":true}]}}