



{"id":9423,"date":"2019-03-15T02:20:59","date_gmt":"2019-03-15T00:20:59","guid":{"rendered":"https:\/\/www.whisker.lv\/?page_id=9423"},"modified":"2019-04-03T22:54:53","modified_gmt":"2019-04-03T20:54:53","slug":"kinas-cekulainais-suns","status":"publish","type":"page","link":"https:\/\/www.whisker.lv\/ru\/sunu-skirnes\/kinas-cekulainais-suns\/","title":{"rendered":"\u0136\u012bnas cekulainais suns"},"content":{"rendered":"[vc_row][vc_column][vc_text_separator title=&#8221;\u0136\u012bnas cekulainais suns&#8221; border_width=&#8221;8&#8243;][\/vc_column][\/vc_row][vc_row][vc_column width=&#8221;1\/2&#8243;][vc_gallery type=&#8221;flexslider_slide&#8221; interval=&#8221;0&#8243; images=&#8221;8165,9425&#8243; img_size=&#8221;large&#8221; onclick=&#8221;&#8221;][\/vc_column][vc_column width=&#8221;1\/2&#8243;][vc_column_text]<span style=\"color: #000000;\"><strong>Dzimtene:<\/strong> \u0136\u012bna<\/span><\/p>\n<p><span style=\"color: #000000;\"><strong>Funkcija:<\/strong> dekorat\u012bvais suns<\/span><\/p>\n<p><span style=\"color: #000000;\"><strong>Izcel\u0161an\u0101s:<\/strong>\u00a0100. p.m.\u0113.<\/span><\/p>\n<p><span style=\"color: #000000;\"><strong>Skausta augstums:<\/strong> 23-33 cm<\/span><\/p>\n<p><span style=\"color: #000000;\"><strong>Masa:<\/strong> 2-5,5 kg<\/span><\/p>\n<p><span style=\"color: #000000;\"><strong>Raksturs:<\/strong> mo\u017es, sirsn\u012bgs<\/span><\/p>\n<p><span style=\"color: #000000;\"><strong>Dz\u012bves ilgums:<\/strong> 13-18 gadi<\/span>[\/vc_column_text][\/vc_column][\/vc_row][vc_row][vc_column][vc_column_text]<span style=\"color: #000000;\">\u0136\u012bnas cekulainie su\u0146i ir neliela auguma, bet \u013coti izveic\u012bgi. \u0160\u0137irnei ir divi paveidi. Viens no tiem ir kailais suns, kuram apmatojums saglab\u0101jies tikai galvvid\u016b, uz \u0137ep\u0101m un ar\u012b astes gal\u0101, kur ir liels matu pu\u0161\u0137is. Otrs t\u0101 saucamais \u201cp\u016bdersloti\u0146as\u201d suns, kuram saglab\u0101jies maigs apmatojums ar m\u012bkstu pavilnu. Abu \u0161\u0137irnes paveidu su\u0146iem ka\u017eoka kr\u0101sojums var b\u016bt vair\u0101kos to\u0146os.<\/span><\/p>\n<p><span style=\"color: #000000;\"><strong>V\u0113sture.<\/strong> Gadsimtiem ilgi \u0161ie su\u0146i bija sastopami \u0136\u012bn\u0101. Pla\u0161\u0101k vi\u0146i k\u013cuva paz\u012bstam\u0101ki Ha\u0146u dinastijas vald\u012b\u0161anas laik\u0101.<\/span><\/p>\n<p><span style=\"color: #000000;\"><strong>Piez\u012bme.<\/strong> Kail\u0101 su\u0146a glud\u0101 un maig\u0101 \u0101da ir \u013coti j\u016bt\u012bga pret saules stariem.<\/span>[\/vc_column_text][\/vc_column][\/vc_row]\n","protected":false},"excerpt":{"rendered":"<p>[vc_row][vc_column][vc_text_separator title=&#8221;\u0136\u012bnas cekulainais suns&#8221; border_width=&#8221;8&#8243;][\/vc_column][\/vc_row][vc_row][vc_column width=&#8221;1\/2&#8243;][vc_gallery type=&#8221;flexslider_slide&#8221; interval=&#8221;0&#8243; images=&#8221;8165,9425&#8243; img_size=&#8221;large&#8221; onclick=&#8221;&#8221;][\/vc_column][vc_column width=&#8221;1\/2&#8243;][vc_column_text]Dzimtene: \u0136\u012bna Funkcija: dekorat\u012bvais suns Izcel\u0161an\u0101s:\u00a0100. p.m.\u0113. Skausta augstums: 23-33 cm Masa: 2-5,5 kg Raksturs: mo\u017es, sirsn\u012bgs Dz\u012bves ilgums: 13-18 gadi[\/vc_column_text][\/vc_column][\/vc_row][vc_row][vc_column][vc_column_text]\u0136\u012bnas cekulainie su\u0146i ir neliela auguma, bet \u013coti izveic\u012bgi. \u0160\u0137irnei ir divi paveidi. Viens no tiem ir kailais suns, kuram apmatojums saglab\u0101jies tikai galvvid\u016b, [&hellip;]<\/p>\n","protected":false},"author":1,"featured_media":0,"parent":8016,"menu_order":0,"comment_status":"closed","ping_status":"closed","template":"page-fullwidth.php","meta":{"_acf_changed":false,"_glsr_average":0,"_glsr_ranking":0,"_glsr_reviews":0,"footnotes":""},"translation":{"provider":"WPGlobus","version":"2.12.2","language":"ru","enabled_languages":["lv","en","ru"],"languages":{"lv":{"title":true,"content":true,"excerpt":false},"en":{"title":false,"content":false,"excerpt":false},"ru":{"title":false,"content":false,"excerpt":false}}},"acf":[],"yoast_head":"<!-- This site is optimized with the Yoast SEO plugin v22.5 - https:\/\/yoast.com\/wordpress\/plugins\/seo\/ -->\n<title>\u0136\u012bnas cekulainais suns - Whisker.lv | Su\u0146u \u0161\u0137irnes - \u0136\u012bnas cekulainais suns<\/title>\n<meta name=\"robots\" content=\"index, follow, max-snippet:-1, max-image-preview:large, max-video-preview:-1\" \/>\n<link rel=\"canonical\" href=\"https:\/\/www.whisker.lv\/sunu-skirnes\/kinas-cekulainais-suns\/\" \/>\n<meta property=\"og:locale\" content=\"ru_RU\" \/>\n<meta property=\"og:type\" content=\"article\" \/>\n<meta property=\"og:title\" content=\"\u0136\u012bnas cekulainais suns - Whisker\" \/>\n<meta property=\"og:url\" content=\"https:\/\/www.whisker.lv\/sunu-skirnes\/kinas-cekulainais-suns\/\" \/>\n<meta property=\"og:site_name\" content=\"Whisker\" \/>\n<meta property=\"article:publisher\" content=\"https:\/\/www.facebook.com\/whisker.lv\/\" \/>\n<meta property=\"article:modified_time\" content=\"2019-04-03T20:54:53+00:00\" \/>\n<meta name=\"twitter:card\" content=\"summary_large_image\" \/>\n<meta name=\"twitter:label1\" content=\"Est. reading time\" \/>\n\t<meta name=\"twitter:data1\" content=\"1 minute\" \/>\n<script type=\"application\/ld+json\" class=\"yoast-schema-graph\">{\"@context\":\"https:\/\/schema.org\",\"@graph\":[{\"@type\":\"WebPage\",\"@id\":\"https:\/\/www.whisker.lv\/sunu-skirnes\/kinas-cekulainais-suns\/\",\"url\":\"https:\/\/www.whisker.lv\/sunu-skirnes\/kinas-cekulainais-suns\/\",\"name\":\"\u0136\u012bnas cekulainais suns - Whisker.lv | Su\u0146u \u0161\u0137irnes - \u0136\u012bnas cekulainais suns\",\"isPartOf\":{\"@id\":\"https:\/\/www.whisker.lv\/#website\"},\"datePublished\":\"2019-03-15T00:20:59+00:00\",\"dateModified\":\"2019-04-03T20:54:53+00:00\",\"description\":\"\u0136\u012bnas cekulainais suns - neliela auguma,bet \u013coti izveic\u012bgs.\u0160\u0137irnei ir divi paveidi.Viens no tiem ir kailais suns,kuram apmatojums saglab\u0101jies tikai galvvid\u016b\",\"breadcrumb\":{\"@id\":\"https:\/\/www.whisker.lv\/sunu-skirnes\/kinas-cekulainais-suns\/#breadcrumb\"},\"inLanguage\":\"ru-RU\",\"potentialAction\":[{\"@type\":\"ReadAction\",\"target\":[\"https:\/\/www.whisker.lv\/sunu-skirnes\/kinas-cekulainais-suns\/\"]}]},{\"@type\":\"BreadcrumbList\",\"@id\":\"https:\/\/www.whisker.lv\/sunu-skirnes\/kinas-cekulainais-suns\/#breadcrumb\",\"itemListElement\":[{\"@type\":\"ListItem\",\"position\":1,\"name\":\"S\u0101kums\",\"item\":\"https:\/\/www.whisker.lv\/\"},{\"@type\":\"ListItem\",\"position\":2,\"name\":\"Su\u0146u \u0161\u0137irnes\",\"item\":\"https:\/\/www.whisker.lv\/sunu-skirnes\/\"},{\"@type\":\"ListItem\",\"position\":3,\"name\":\"\u0136\u012bnas cekulainais suns\"}]},{\"@type\":\"WebSite\",\"@id\":\"https:\/\/www.whisker.lv\/#website\",\"url\":\"https:\/\/www.whisker.lv\/\",\"name\":\"Whisker\",\"description\":\"Tavs pal\u012bgs m\u0101jdzivnieku pieskat\u012b\u0161an\u0101\",\"potentialAction\":[{\"@type\":\"SearchAction\",\"target\":{\"@type\":\"EntryPoint\",\"urlTemplate\":\"https:\/\/www.whisker.lv\/?s={search_term_string}\"},\"query-input\":\"required name=search_term_string\"}],\"inLanguage\":\"ru-RU\"}]}<\/script>\n<!-- \/ Yoast SEO plugin. -->","yoast_head_json":{"title":"\u0136\u012bnas cekulainais suns - Whisker.lv | Su\u0146u \u0161\u0137irnes - \u0136\u012bnas cekulainais suns","robots":{"index":"index","follow":"follow","max-snippet":"max-snippet:-1","max-image-preview":"max-image-preview:large","max-video-preview":"max-video-preview:-1"},"canonical":"https:\/\/www.whisker.lv\/sunu-skirnes\/kinas-cekulainais-suns\/","og_locale":"ru_RU","og_type":"article","og_title":"\u0136\u012bnas cekulainais suns - Whisker","og_url":"https:\/\/www.whisker.lv\/sunu-skirnes\/kinas-cekulainais-suns\/","og_site_name":"Whisker","article_publisher":"https:\/\/www.facebook.com\/whisker.lv\/","article_modified_time":"2019-04-03T20:54:53+00:00","twitter_card":"summary_large_image","twitter_misc":{"Est. reading time":"1 minute"},"schema":{"@context":"https:\/\/schema.org","@graph":[{"@type":"WebPage","@id":"https:\/\/www.whisker.lv\/sunu-skirnes\/kinas-cekulainais-suns\/","url":"https:\/\/www.whisker.lv\/sunu-skirnes\/kinas-cekulainais-suns\/","name":"\u0136\u012bnas cekulainais suns - Whisker.lv | Su\u0146u \u0161\u0137irnes - \u0136\u012bnas cekulainais suns","isPartOf":{"@id":"https:\/\/www.whisker.lv\/#website"},"datePublished":"2019-03-15T00:20:59+00:00","dateModified":"2019-04-03T20:54:53+00:00","description":"\u0136\u012bnas cekulainais suns - neliela auguma,bet \u013coti izveic\u012bgs.\u0160\u0137irnei ir divi paveidi.Viens no tiem ir kailais suns,kuram apmatojums saglab\u0101jies tikai galvvid\u016b","breadcrumb":{"@id":"https:\/\/www.whisker.lv\/sunu-skirnes\/kinas-cekulainais-suns\/#breadcrumb"},"inLanguage":"ru-RU","potentialAction":[{"@type":"ReadAction","target":["https:\/\/www.whisker.lv\/sunu-skirnes\/kinas-cekulainais-suns\/"]}]},{"@type":"BreadcrumbList","@id":"https:\/\/www.whisker.lv\/sunu-skirnes\/kinas-cekulainais-suns\/#breadcrumb","itemListElement":[{"@type":"ListItem","position":1,"name":"S\u0101kums","item":"https:\/\/www.whisker.lv\/"},{"@type":"ListItem","position":2,"name":"Su\u0146u \u0161\u0137irnes","item":"https:\/\/www.whisker.lv\/sunu-skirnes\/"},{"@type":"ListItem","position":3,"name":"\u0136\u012bnas cekulainais suns"}]},{"@type":"WebSite","@id":"https:\/\/www.whisker.lv\/#website","url":"https:\/\/www.whisker.lv\/","name":"Whisker","description":"Tavs pal\u012bgs m\u0101jdzivnieku pieskat\u012b\u0161an\u0101","potentialAction":[{"@type":"SearchAction","target":{"@type":"EntryPoint","urlTemplate":"https:\/\/www.whisker.lv\/?s={search_term_string}"},"query-input":"required name=search_term_string"}],"inLanguage":"ru-RU"}]}},"_links":{"self":[{"href":"https:\/\/www.whisker.lv\/ru\/wp-json\/wp\/v2\/pages\/9423"}],"collection":[{"href":"https:\/\/www.whisker.lv\/ru\/wp-json\/wp\/v2\/pages"}],"about":[{"href":"https:\/\/www.whisker.lv\/ru\/wp-json\/wp\/v2\/types\/page"}],"author":[{"embeddable":true,"href":"https:\/\/www.whisker.lv\/ru\/wp-json\/wp\/v2\/users\/1"}],"replies":[{"embeddable":true,"href":"https:\/\/www.whisker.lv\/ru\/wp-json\/wp\/v2\/comments?post=9423"}],"version-history":[{"count":8,"href":"https:\/\/www.whisker.lv\/ru\/wp-json\/wp\/v2\/pages\/9423\/revisions"}],"predecessor-version":[{"id":11317,"href":"https:\/\/www.whisker.lv\/ru\/wp-json\/wp\/v2\/pages\/9423\/revisions\/11317"}],"up":[{"embeddable":true,"href":"https:\/\/www.whisker.lv\/ru\/wp-json\/wp\/v2\/pages\/8016"}],"wp:attachment":[{"href":"https:\/\/www.whisker.lv\/ru\/wp-json\/wp\/v2\/media?parent=9423"}],"curies":[{"name":"wp","href":"https:\/\/api.w.org\/{rel}","templated":true}]}}