



{"id":9447,"date":"2019-03-15T03:26:45","date_gmt":"2019-03-15T01:26:45","guid":{"rendered":"https:\/\/www.whisker.lv\/?page_id=9447"},"modified":"2019-04-03T22:52:18","modified_gmt":"2019-04-03T20:52:18","slug":"kokerspaniels","status":"publish","type":"page","link":"https:\/\/www.whisker.lv\/ru\/sunu-skirnes\/kokerspaniels\/","title":{"rendered":"Kokerspaniels"},"content":{"rendered":"[vc_row][vc_column][vc_text_separator title=&#8221;Kokerspaniels&#8221; border_width=&#8221;8&#8243;][\/vc_column][\/vc_row][vc_row][vc_column width=&#8221;1\/2&#8243;][vc_single_image image=&#8221;9449&#8243; img_size=&#8221;full&#8221; alignment=&#8221;center&#8221; style=&#8221;vc_box_rounded&#8221;][\/vc_column][vc_column width=&#8221;1\/2&#8243;][vc_column_text]<span style=\"color: #000000;\"><strong>Dzimtene:<\/strong> Lielbrit\u0101nija<\/span><\/p>\n<p><span style=\"color: #000000;\"><strong>Funkcija:<\/strong>\u00a0putnu suns<\/span><\/p>\n<p><span style=\"color: #000000;\"><strong>Izcel\u0161an\u0101s:<\/strong> ap 1800. g.<\/span><\/p>\n<p><span style=\"color: #000000;\"><strong>Skausta augstums:<\/strong> 38-41 cm<\/span><\/p>\n<p><span style=\"color: #000000;\"><strong>Masa:<\/strong> 13-15 kg<\/span><\/p>\n<p><span style=\"color: #000000;\"><strong>Raksturs:<\/strong> sirsn\u012bgs, ir atbild\u012bbas izj\u016bta<\/span><\/p>\n<p><span style=\"color: #000000;\"><strong>Dz\u012bves ilgums:<\/strong> 12-14 gadi<\/span>[\/vc_column_text][\/vc_column][\/vc_row][vc_row][vc_column][vc_column_text]<span style=\"color: #000000;\">\u0160iem su\u0146iem ir liels deguns, mas\u012bvs purns un labi iez\u012bm\u0113ta p\u0101reja no pieres uz samer\u0101 st\u016brainu purnu. Kokerspaniels ir ide\u0101ls putnu suns, jo vi\u0146\u0161 upuri tikai satver, taj\u0101 neieko\u017eoties. Kokerspanielam ir gara, z\u012bdaina un taisna spalva. Vienkr\u0101sainajiem su\u0146iem balta iez\u012bme dr\u012bkst b\u016bt tikai uz kr\u016bt\u012bm.<\/span><\/p>\n<p><span style=\"color: #000000;\"><strong>V\u0113sture.<\/strong> Kokerspanielu dzimtene ir Velsa un Anglijas dienvidaustrumi, kur vi\u0146i tika audz\u0113ti putnu med\u012bb\u0101m.<\/span><\/p>\n<p><span style=\"color: #000000;\"><strong>Piez\u012bme.<\/strong> Sunim ir garas, nokarenas ausis, kur\u0101s bie\u017ei vien iem\u0101jo \u0113rces vai ie\u0137eras dad\u017ei. Tas var izrais\u012bt da\u017e\u0101das slim\u012bbas.<\/span><\/p>\n<p><span style=\"color: #000000;\"><strong>Otrs nosaukums.<\/strong> Ang\u013cu kokerspaniels.<\/span>[\/vc_column_text][\/vc_column][\/vc_row]\n","protected":false},"excerpt":{"rendered":"<p>[vc_row][vc_column][vc_text_separator title=&#8221;Kokerspaniels&#8221; border_width=&#8221;8&#8243;][\/vc_column][\/vc_row][vc_row][vc_column width=&#8221;1\/2&#8243;][vc_single_image image=&#8221;9449&#8243; img_size=&#8221;full&#8221; alignment=&#8221;center&#8221; style=&#8221;vc_box_rounded&#8221;][\/vc_column][vc_column width=&#8221;1\/2&#8243;][vc_column_text]Dzimtene: Lielbrit\u0101nija Funkcija:\u00a0putnu suns Izcel\u0161an\u0101s: ap 1800. g. Skausta augstums: 38-41 cm Masa: 13-15 kg Raksturs: sirsn\u012bgs, ir atbild\u012bbas izj\u016bta Dz\u012bves ilgums: 12-14 gadi[\/vc_column_text][\/vc_column][\/vc_row][vc_row][vc_column][vc_column_text]\u0160iem su\u0146iem ir liels deguns, mas\u012bvs purns un labi iez\u012bm\u0113ta p\u0101reja no pieres uz samer\u0101 st\u016brainu purnu. Kokerspaniels ir ide\u0101ls putnu suns, jo vi\u0146\u0161 [&hellip;]<\/p>\n","protected":false},"author":1,"featured_media":0,"parent":8016,"menu_order":0,"comment_status":"closed","ping_status":"closed","template":"page-fullwidth.php","meta":{"_acf_changed":false,"_glsr_average":0,"_glsr_ranking":0,"_glsr_reviews":0,"footnotes":""},"translation":{"provider":"WPGlobus","version":"2.12.2","language":"ru","enabled_languages":["lv","en","ru"],"languages":{"lv":{"title":true,"content":true,"excerpt":false},"en":{"title":false,"content":false,"excerpt":false},"ru":{"title":false,"content":false,"excerpt":false}}},"acf":[],"yoast_head":"<!-- This site is optimized with the Yoast SEO plugin v22.5 - https:\/\/yoast.com\/wordpress\/plugins\/seo\/ -->\n<title>Kokerspaniels - Whisker.lv | Su\u0146u \u0161\u0137irnes - Kokerspaniels<\/title>\n<meta name=\"robots\" content=\"index, follow, max-snippet:-1, max-image-preview:large, max-video-preview:-1\" \/>\n<link rel=\"canonical\" href=\"https:\/\/www.whisker.lv\/sunu-skirnes\/kokerspaniels\/\" \/>\n<meta property=\"og:locale\" content=\"ru_RU\" \/>\n<meta property=\"og:type\" content=\"article\" \/>\n<meta property=\"og:title\" content=\"Kokerspaniels - Whisker\" \/>\n<meta property=\"og:url\" content=\"https:\/\/www.whisker.lv\/sunu-skirnes\/kokerspaniels\/\" \/>\n<meta property=\"og:site_name\" content=\"Whisker\" \/>\n<meta property=\"article:publisher\" content=\"https:\/\/www.facebook.com\/whisker.lv\/\" \/>\n<meta property=\"article:modified_time\" content=\"2019-04-03T20:52:18+00:00\" \/>\n<meta name=\"twitter:card\" content=\"summary_large_image\" \/>\n<meta name=\"twitter:label1\" content=\"Est. reading time\" \/>\n\t<meta name=\"twitter:data1\" content=\"1 minute\" \/>\n<script type=\"application\/ld+json\" class=\"yoast-schema-graph\">{\"@context\":\"https:\/\/schema.org\",\"@graph\":[{\"@type\":\"WebPage\",\"@id\":\"https:\/\/www.whisker.lv\/sunu-skirnes\/kokerspaniels\/\",\"url\":\"https:\/\/www.whisker.lv\/sunu-skirnes\/kokerspaniels\/\",\"name\":\"Kokerspaniels - Whisker.lv | Su\u0146u \u0161\u0137irnes - Kokerspaniels\",\"isPartOf\":{\"@id\":\"https:\/\/www.whisker.lv\/#website\"},\"datePublished\":\"2019-03-15T01:26:45+00:00\",\"dateModified\":\"2019-04-03T20:52:18+00:00\",\"description\":\"\u0160iem su\u0146iem ir liels deguns un labi iez\u012bm\u0113ta p\u0101reja no pieres uz purnu. Kokerspaniels ir ide\u0101ls putnu suns, jo vi\u0146\u0161 upuri tikai satver, taj\u0101 neieko\u017eoties.\",\"breadcrumb\":{\"@id\":\"https:\/\/www.whisker.lv\/sunu-skirnes\/kokerspaniels\/#breadcrumb\"},\"inLanguage\":\"ru-RU\",\"potentialAction\":[{\"@type\":\"ReadAction\",\"target\":[\"https:\/\/www.whisker.lv\/sunu-skirnes\/kokerspaniels\/\"]}]},{\"@type\":\"BreadcrumbList\",\"@id\":\"https:\/\/www.whisker.lv\/sunu-skirnes\/kokerspaniels\/#breadcrumb\",\"itemListElement\":[{\"@type\":\"ListItem\",\"position\":1,\"name\":\"S\u0101kums\",\"item\":\"https:\/\/www.whisker.lv\/\"},{\"@type\":\"ListItem\",\"position\":2,\"name\":\"Su\u0146u \u0161\u0137irnes\",\"item\":\"https:\/\/www.whisker.lv\/sunu-skirnes\/\"},{\"@type\":\"ListItem\",\"position\":3,\"name\":\"Kokerspaniels\"}]},{\"@type\":\"WebSite\",\"@id\":\"https:\/\/www.whisker.lv\/#website\",\"url\":\"https:\/\/www.whisker.lv\/\",\"name\":\"Whisker\",\"description\":\"Tavs pal\u012bgs m\u0101jdzivnieku pieskat\u012b\u0161an\u0101\",\"potentialAction\":[{\"@type\":\"SearchAction\",\"target\":{\"@type\":\"EntryPoint\",\"urlTemplate\":\"https:\/\/www.whisker.lv\/?s={search_term_string}\"},\"query-input\":\"required name=search_term_string\"}],\"inLanguage\":\"ru-RU\"}]}<\/script>\n<!-- \/ Yoast SEO plugin. -->","yoast_head_json":{"title":"Kokerspaniels - Whisker.lv | Su\u0146u \u0161\u0137irnes - Kokerspaniels","robots":{"index":"index","follow":"follow","max-snippet":"max-snippet:-1","max-image-preview":"max-image-preview:large","max-video-preview":"max-video-preview:-1"},"canonical":"https:\/\/www.whisker.lv\/sunu-skirnes\/kokerspaniels\/","og_locale":"ru_RU","og_type":"article","og_title":"Kokerspaniels - Whisker","og_url":"https:\/\/www.whisker.lv\/sunu-skirnes\/kokerspaniels\/","og_site_name":"Whisker","article_publisher":"https:\/\/www.facebook.com\/whisker.lv\/","article_modified_time":"2019-04-03T20:52:18+00:00","twitter_card":"summary_large_image","twitter_misc":{"Est. reading time":"1 minute"},"schema":{"@context":"https:\/\/schema.org","@graph":[{"@type":"WebPage","@id":"https:\/\/www.whisker.lv\/sunu-skirnes\/kokerspaniels\/","url":"https:\/\/www.whisker.lv\/sunu-skirnes\/kokerspaniels\/","name":"Kokerspaniels - Whisker.lv | Su\u0146u \u0161\u0137irnes - Kokerspaniels","isPartOf":{"@id":"https:\/\/www.whisker.lv\/#website"},"datePublished":"2019-03-15T01:26:45+00:00","dateModified":"2019-04-03T20:52:18+00:00","description":"\u0160iem su\u0146iem ir liels deguns un labi iez\u012bm\u0113ta p\u0101reja no pieres uz purnu. Kokerspaniels ir ide\u0101ls putnu suns, jo vi\u0146\u0161 upuri tikai satver, taj\u0101 neieko\u017eoties.","breadcrumb":{"@id":"https:\/\/www.whisker.lv\/sunu-skirnes\/kokerspaniels\/#breadcrumb"},"inLanguage":"ru-RU","potentialAction":[{"@type":"ReadAction","target":["https:\/\/www.whisker.lv\/sunu-skirnes\/kokerspaniels\/"]}]},{"@type":"BreadcrumbList","@id":"https:\/\/www.whisker.lv\/sunu-skirnes\/kokerspaniels\/#breadcrumb","itemListElement":[{"@type":"ListItem","position":1,"name":"S\u0101kums","item":"https:\/\/www.whisker.lv\/"},{"@type":"ListItem","position":2,"name":"Su\u0146u \u0161\u0137irnes","item":"https:\/\/www.whisker.lv\/sunu-skirnes\/"},{"@type":"ListItem","position":3,"name":"Kokerspaniels"}]},{"@type":"WebSite","@id":"https:\/\/www.whisker.lv\/#website","url":"https:\/\/www.whisker.lv\/","name":"Whisker","description":"Tavs pal\u012bgs m\u0101jdzivnieku pieskat\u012b\u0161an\u0101","potentialAction":[{"@type":"SearchAction","target":{"@type":"EntryPoint","urlTemplate":"https:\/\/www.whisker.lv\/?s={search_term_string}"},"query-input":"required name=search_term_string"}],"inLanguage":"ru-RU"}]}},"_links":{"self":[{"href":"https:\/\/www.whisker.lv\/ru\/wp-json\/wp\/v2\/pages\/9447"}],"collection":[{"href":"https:\/\/www.whisker.lv\/ru\/wp-json\/wp\/v2\/pages"}],"about":[{"href":"https:\/\/www.whisker.lv\/ru\/wp-json\/wp\/v2\/types\/page"}],"author":[{"embeddable":true,"href":"https:\/\/www.whisker.lv\/ru\/wp-json\/wp\/v2\/users\/1"}],"replies":[{"embeddable":true,"href":"https:\/\/www.whisker.lv\/ru\/wp-json\/wp\/v2\/comments?post=9447"}],"version-history":[{"count":4,"href":"https:\/\/www.whisker.lv\/ru\/wp-json\/wp\/v2\/pages\/9447\/revisions"}],"predecessor-version":[{"id":11179,"href":"https:\/\/www.whisker.lv\/ru\/wp-json\/wp\/v2\/pages\/9447\/revisions\/11179"}],"up":[{"embeddable":true,"href":"https:\/\/www.whisker.lv\/ru\/wp-json\/wp\/v2\/pages\/8016"}],"wp:attachment":[{"href":"https:\/\/www.whisker.lv\/ru\/wp-json\/wp\/v2\/media?parent=9447"}],"curies":[{"name":"wp","href":"https:\/\/api.w.org\/{rel}","templated":true}]}}