



{"id":9452,"date":"2019-03-15T03:32:18","date_gmt":"2019-03-15T01:32:18","guid":{"rendered":"https:\/\/www.whisker.lv\/?page_id=9452"},"modified":"2019-04-03T22:51:46","modified_gmt":"2019-04-03T20:51:46","slug":"klamberspaniels","status":"publish","type":"page","link":"https:\/\/www.whisker.lv\/ru\/sunu-skirnes\/klamberspaniels\/","title":{"rendered":"Klamberspaniels"},"content":{"rendered":"[vc_row][vc_column][vc_text_separator title=&#8221;Klamberspaniels&#8221; border_width=&#8221;8&#8243;][\/vc_column][\/vc_row][vc_row][vc_column width=&#8221;1\/2&#8243;][vc_single_image image=&#8221;9454&#8243; img_size=&#8221;full&#8221; alignment=&#8221;center&#8221; style=&#8221;vc_box_rounded&#8221;][\/vc_column][vc_column width=&#8221;1\/2&#8243;][vc_column_text]<span style=\"color: #000000;\"><strong>Dzimtene:<\/strong> Lielbrit\u0101nija<\/span><\/p>\n<p><span style=\"color: #000000;\"><strong>Funkcija:<\/strong> putnu suns<\/span><\/p>\n<p><span style=\"color: #000000;\"><strong>Izcel\u0161an\u0101s:<\/strong> ap 1800. g.<\/span><\/p>\n<p><span style=\"color: #000000;\"><strong>Skausta augstums:<\/strong> 48-51 cm<\/span><\/p>\n<p><span style=\"color: #000000;\"><strong>Masa:<\/strong> 29-36 kg<\/span><\/p>\n<p><span style=\"color: #000000;\"><strong>Raksturs:<\/strong> noteikts, ir atbild\u012bbas saj\u016bta<\/span><\/p>\n<p><span style=\"color: #000000;\"><strong>Dz\u012bves ilgums:<\/strong> 10-12 gadi<\/span>[\/vc_column_text][\/vc_column][\/vc_row][vc_row][vc_column][vc_column_text]<span style=\"color: #000000;\">\u0160is spaniels nav tik \u0101trs un izveic\u012bgs k\u0101 vi\u0146a cilts br\u0101\u013ci. Tom\u0113r to kompens\u0113 su\u0146a sp\u0113ks un iztur\u012bba. Dz\u012bvniekam ir liela un plata galva, izteikta p\u0101reja no plakan\u0101s pieres uz purnu un iekritu\u0161as acis. Uz kakla un kr\u016bt\u012bm kuplais un z\u012bdainais ka\u017eoks ir sevi\u0161\u0137i biezs. \u0160\u0137irnes standarts pie\u013cauj, ka sniegbalto ka\u017eoku izraibina citronkr\u0101sas vai oran\u017ei plankumi\u0146i.<\/span><\/p>\n<p><span style=\"color: #000000;\"><strong>V\u0113sture.<\/strong> Lieli nopelni t\u012br\u0137\u0161irnes izveido\u0161an\u0101 ir \u0145\u016bk\u0101slas hercogam. Vi\u0146\u0161 nodarboj\u0101s ar \u0161\u012bs \u0161\u0137irnes pilnveido\u0161anu sav\u0101 dzimtas \u012bpa\u0161um\u0101, kas atrad\u0101s Klamberas park\u0101. No t\u0101 ar\u012b c\u0113lies \u0161\u0137irnes nosaukums. Dom\u0101jams, ka hercogs \u0161o su\u0146u priek\u0161te\u010dus atveda no Francijas. Klamberspanielus iem\u012b\u013coja pricis Alberts un vi\u0146a d\u0113ls, v\u0113l\u0101kais Anglijas karalis Edvarts VII. Ar\u012b karalis D\u017eord\u017es V nebija vienaldz\u012bgs pret \u0161iem su\u0146iem.<\/span>[\/vc_column_text][\/vc_column][\/vc_row]\n","protected":false},"excerpt":{"rendered":"<p>[vc_row][vc_column][vc_text_separator title=&#8221;Klamberspaniels&#8221; border_width=&#8221;8&#8243;][\/vc_column][\/vc_row][vc_row][vc_column width=&#8221;1\/2&#8243;][vc_single_image image=&#8221;9454&#8243; img_size=&#8221;full&#8221; alignment=&#8221;center&#8221; style=&#8221;vc_box_rounded&#8221;][\/vc_column][vc_column width=&#8221;1\/2&#8243;][vc_column_text]Dzimtene: Lielbrit\u0101nija Funkcija: putnu suns Izcel\u0161an\u0101s: ap 1800. g. Skausta augstums: 48-51 cm Masa: 29-36 kg Raksturs: noteikts, ir atbild\u012bbas saj\u016bta Dz\u012bves ilgums: 10-12 gadi[\/vc_column_text][\/vc_column][\/vc_row][vc_row][vc_column][vc_column_text]\u0160is spaniels nav tik \u0101trs un izveic\u012bgs k\u0101 vi\u0146a cilts br\u0101\u013ci. Tom\u0113r to kompens\u0113 su\u0146a sp\u0113ks un iztur\u012bba. Dz\u012bvniekam ir liela un plata [&hellip;]<\/p>\n","protected":false},"author":1,"featured_media":0,"parent":8016,"menu_order":0,"comment_status":"closed","ping_status":"closed","template":"page-fullwidth.php","meta":{"_acf_changed":false,"_glsr_average":0,"_glsr_ranking":0,"_glsr_reviews":0,"footnotes":""},"translation":{"provider":"WPGlobus","version":"2.12.2","language":"ru","enabled_languages":["lv","en","ru"],"languages":{"lv":{"title":true,"content":true,"excerpt":false},"en":{"title":false,"content":false,"excerpt":false},"ru":{"title":false,"content":false,"excerpt":false}}},"acf":[],"yoast_head":"<!-- This site is optimized with the Yoast SEO plugin v22.5 - https:\/\/yoast.com\/wordpress\/plugins\/seo\/ -->\n<title>Klamberspaniels - Whisker.lv | Su\u0146u \u0161\u0137irnes - Klamberspaniels<\/title>\n<meta name=\"robots\" content=\"index, follow, max-snippet:-1, max-image-preview:large, max-video-preview:-1\" \/>\n<link rel=\"canonical\" href=\"https:\/\/www.whisker.lv\/sunu-skirnes\/klamberspaniels\/\" \/>\n<meta property=\"og:locale\" content=\"ru_RU\" \/>\n<meta property=\"og:type\" content=\"article\" \/>\n<meta property=\"og:title\" content=\"Klamberspaniels - Whisker\" \/>\n<meta property=\"og:url\" content=\"https:\/\/www.whisker.lv\/sunu-skirnes\/klamberspaniels\/\" \/>\n<meta property=\"og:site_name\" content=\"Whisker\" \/>\n<meta property=\"article:publisher\" content=\"https:\/\/www.facebook.com\/whisker.lv\/\" \/>\n<meta property=\"article:modified_time\" content=\"2019-04-03T20:51:46+00:00\" \/>\n<meta name=\"twitter:card\" content=\"summary_large_image\" \/>\n<meta name=\"twitter:label1\" content=\"Est. reading time\" \/>\n\t<meta name=\"twitter:data1\" content=\"1 minute\" \/>\n<script type=\"application\/ld+json\" class=\"yoast-schema-graph\">{\"@context\":\"https:\/\/schema.org\",\"@graph\":[{\"@type\":\"WebPage\",\"@id\":\"https:\/\/www.whisker.lv\/sunu-skirnes\/klamberspaniels\/\",\"url\":\"https:\/\/www.whisker.lv\/sunu-skirnes\/klamberspaniels\/\",\"name\":\"Klamberspaniels - Whisker.lv | Su\u0146u \u0161\u0137irnes - Klamberspaniels\",\"isPartOf\":{\"@id\":\"https:\/\/www.whisker.lv\/#website\"},\"datePublished\":\"2019-03-15T01:32:18+00:00\",\"dateModified\":\"2019-04-03T20:51:46+00:00\",\"description\":\"Klamberspaniels - \u0161is spaniels nav tik \u0101trs un izveic\u012bgs k\u0101 vi\u0146a cilts br\u0101\u013ci. Tom\u0113r to kompens\u0113 su\u0146a sp\u0113ks un iztur\u012bba.\",\"breadcrumb\":{\"@id\":\"https:\/\/www.whisker.lv\/sunu-skirnes\/klamberspaniels\/#breadcrumb\"},\"inLanguage\":\"ru-RU\",\"potentialAction\":[{\"@type\":\"ReadAction\",\"target\":[\"https:\/\/www.whisker.lv\/sunu-skirnes\/klamberspaniels\/\"]}]},{\"@type\":\"BreadcrumbList\",\"@id\":\"https:\/\/www.whisker.lv\/sunu-skirnes\/klamberspaniels\/#breadcrumb\",\"itemListElement\":[{\"@type\":\"ListItem\",\"position\":1,\"name\":\"S\u0101kums\",\"item\":\"https:\/\/www.whisker.lv\/\"},{\"@type\":\"ListItem\",\"position\":2,\"name\":\"Su\u0146u \u0161\u0137irnes\",\"item\":\"https:\/\/www.whisker.lv\/sunu-skirnes\/\"},{\"@type\":\"ListItem\",\"position\":3,\"name\":\"Klamberspaniels\"}]},{\"@type\":\"WebSite\",\"@id\":\"https:\/\/www.whisker.lv\/#website\",\"url\":\"https:\/\/www.whisker.lv\/\",\"name\":\"Whisker\",\"description\":\"Tavs pal\u012bgs m\u0101jdzivnieku pieskat\u012b\u0161an\u0101\",\"potentialAction\":[{\"@type\":\"SearchAction\",\"target\":{\"@type\":\"EntryPoint\",\"urlTemplate\":\"https:\/\/www.whisker.lv\/?s={search_term_string}\"},\"query-input\":\"required name=search_term_string\"}],\"inLanguage\":\"ru-RU\"}]}<\/script>\n<!-- \/ Yoast SEO plugin. -->","yoast_head_json":{"title":"Klamberspaniels - Whisker.lv | Su\u0146u \u0161\u0137irnes - Klamberspaniels","robots":{"index":"index","follow":"follow","max-snippet":"max-snippet:-1","max-image-preview":"max-image-preview:large","max-video-preview":"max-video-preview:-1"},"canonical":"https:\/\/www.whisker.lv\/sunu-skirnes\/klamberspaniels\/","og_locale":"ru_RU","og_type":"article","og_title":"Klamberspaniels - Whisker","og_url":"https:\/\/www.whisker.lv\/sunu-skirnes\/klamberspaniels\/","og_site_name":"Whisker","article_publisher":"https:\/\/www.facebook.com\/whisker.lv\/","article_modified_time":"2019-04-03T20:51:46+00:00","twitter_card":"summary_large_image","twitter_misc":{"Est. reading time":"1 minute"},"schema":{"@context":"https:\/\/schema.org","@graph":[{"@type":"WebPage","@id":"https:\/\/www.whisker.lv\/sunu-skirnes\/klamberspaniels\/","url":"https:\/\/www.whisker.lv\/sunu-skirnes\/klamberspaniels\/","name":"Klamberspaniels - Whisker.lv | Su\u0146u \u0161\u0137irnes - Klamberspaniels","isPartOf":{"@id":"https:\/\/www.whisker.lv\/#website"},"datePublished":"2019-03-15T01:32:18+00:00","dateModified":"2019-04-03T20:51:46+00:00","description":"Klamberspaniels - \u0161is spaniels nav tik \u0101trs un izveic\u012bgs k\u0101 vi\u0146a cilts br\u0101\u013ci. Tom\u0113r to kompens\u0113 su\u0146a sp\u0113ks un iztur\u012bba.","breadcrumb":{"@id":"https:\/\/www.whisker.lv\/sunu-skirnes\/klamberspaniels\/#breadcrumb"},"inLanguage":"ru-RU","potentialAction":[{"@type":"ReadAction","target":["https:\/\/www.whisker.lv\/sunu-skirnes\/klamberspaniels\/"]}]},{"@type":"BreadcrumbList","@id":"https:\/\/www.whisker.lv\/sunu-skirnes\/klamberspaniels\/#breadcrumb","itemListElement":[{"@type":"ListItem","position":1,"name":"S\u0101kums","item":"https:\/\/www.whisker.lv\/"},{"@type":"ListItem","position":2,"name":"Su\u0146u \u0161\u0137irnes","item":"https:\/\/www.whisker.lv\/sunu-skirnes\/"},{"@type":"ListItem","position":3,"name":"Klamberspaniels"}]},{"@type":"WebSite","@id":"https:\/\/www.whisker.lv\/#website","url":"https:\/\/www.whisker.lv\/","name":"Whisker","description":"Tavs pal\u012bgs m\u0101jdzivnieku pieskat\u012b\u0161an\u0101","potentialAction":[{"@type":"SearchAction","target":{"@type":"EntryPoint","urlTemplate":"https:\/\/www.whisker.lv\/?s={search_term_string}"},"query-input":"required name=search_term_string"}],"inLanguage":"ru-RU"}]}},"_links":{"self":[{"href":"https:\/\/www.whisker.lv\/ru\/wp-json\/wp\/v2\/pages\/9452"}],"collection":[{"href":"https:\/\/www.whisker.lv\/ru\/wp-json\/wp\/v2\/pages"}],"about":[{"href":"https:\/\/www.whisker.lv\/ru\/wp-json\/wp\/v2\/types\/page"}],"author":[{"embeddable":true,"href":"https:\/\/www.whisker.lv\/ru\/wp-json\/wp\/v2\/users\/1"}],"replies":[{"embeddable":true,"href":"https:\/\/www.whisker.lv\/ru\/wp-json\/wp\/v2\/comments?post=9452"}],"version-history":[{"count":4,"href":"https:\/\/www.whisker.lv\/ru\/wp-json\/wp\/v2\/pages\/9452\/revisions"}],"predecessor-version":[{"id":11059,"href":"https:\/\/www.whisker.lv\/ru\/wp-json\/wp\/v2\/pages\/9452\/revisions\/11059"}],"up":[{"embeddable":true,"href":"https:\/\/www.whisker.lv\/ru\/wp-json\/wp\/v2\/pages\/8016"}],"wp:attachment":[{"href":"https:\/\/www.whisker.lv\/ru\/wp-json\/wp\/v2\/media?parent=9452"}],"curies":[{"name":"wp","href":"https:\/\/api.w.org\/{rel}","templated":true}]}}