



{"id":9467,"date":"2019-03-15T03:46:38","date_gmt":"2019-03-15T01:46:38","guid":{"rendered":"https:\/\/www.whisker.lv\/?page_id=9467"},"modified":"2019-04-03T22:49:43","modified_gmt":"2019-04-03T20:49:43","slug":"keri-bigls","status":"publish","type":"page","link":"https:\/\/www.whisker.lv\/ru\/sunu-skirnes\/keri-bigls\/","title":{"rendered":"Keri b\u012bgls"},"content":{"rendered":"[vc_row][vc_column][vc_text_separator title=&#8221;Keri b\u012bgls&#8221; border_width=&#8221;8&#8243;][\/vc_column][\/vc_row][vc_row][vc_column width=&#8221;1\/2&#8243;][vc_single_image image=&#8221;9470&#8243; img_size=&#8221;full&#8221; alignment=&#8221;center&#8221; style=&#8221;vc_box_rounded&#8221;][\/vc_column][vc_column width=&#8221;1\/2&#8243;][vc_column_text]<span style=\"color: #000000;\"><strong>Dzimtene:<\/strong> \u012arija<\/span><\/p>\n<p><span style=\"color: #000000;\"><strong>Funkcija:<\/strong> za\u0137u dzin\u0113js<\/span><\/p>\n<p><span style=\"color: #000000;\"><strong>Izcel\u0161an\u0101s:<\/strong> ap 1500. g.<\/span><\/p>\n<p><span style=\"color: #000000;\"><strong>Skausta augstums:<\/strong> 56-55 cm<\/span><\/p>\n<p><span style=\"color: #000000;\"><strong>Masa:<\/strong> 20-27 kg<\/span><\/p>\n<p><span style=\"color: #000000;\"><strong>Raksturs:<\/strong> akt\u012bvs, draudz\u012bgs<\/span><\/p>\n<p><span style=\"color: #000000;\"><strong>Dz\u012bves ilgums:<\/strong> 12-15 gadi<\/span>[\/vc_column_text][\/vc_column][\/vc_row][vc_row][vc_column][vc_column_text]<span style=\"color: #000000;\">\u0160is suns ir daudz liel\u0101ks par b\u012bglu. Vi\u0146a ka\u017eoks parasti ir meln\u0101 un rud\u0101 kr\u0101s\u0101, ta\u010du da\u017ek\u0101rt ir tr\u012bskr\u0101saini vai l\u0101sumaini su\u0146i. Aizraut\u012bgajam medniekam ir \u012bss apmatojums, liels purns un nokarenas vid\u0113ja lieluma ausis. Kaut ar\u012b Keri b\u012bglam ir ilga pastav\u0113\u0161anas v\u0113sture un ori\u0123in\u0101ls eksterjers, vi\u0146u neatz\u012bst par atsevi\u0161\u0137u su\u0146u \u0161\u0137irni pat dzimtaj\u0101 \u012arij\u0101.<\/span><\/p>\n<p><span style=\"color: #000000;\"><strong>V\u0113sture.<\/strong> V\u0113l arvien nav \u012bstas skaidr\u012bbas par su\u0146a izcel\u0161anos. Iesp\u0113jams, vi\u0146\u0161 radies no lieliem su\u0146iem, kuri med\u012bju\u0161i brie\u017eus. Analiz\u0113jot su\u0146a eksterjera \u012bpatn\u012bbas, speci\u0101listi pie\u013cauj radniec\u012bbu ar bladhaundiem.<\/span><\/p>\n<p><span style=\"color: #000000;\"><strong>Piez\u012bme.<\/strong> M\u016bsdien\u0101s \u0161ie su\u0146i p\u0101rsvar\u0101 med\u012b mazus zv\u0113ri\u0146us un putnus.<\/span>[\/vc_column_text][\/vc_column][\/vc_row]\n","protected":false},"excerpt":{"rendered":"<p>[vc_row][vc_column][vc_text_separator title=&#8221;Keri b\u012bgls&#8221; border_width=&#8221;8&#8243;][\/vc_column][\/vc_row][vc_row][vc_column width=&#8221;1\/2&#8243;][vc_single_image image=&#8221;9470&#8243; img_size=&#8221;full&#8221; alignment=&#8221;center&#8221; style=&#8221;vc_box_rounded&#8221;][\/vc_column][vc_column width=&#8221;1\/2&#8243;][vc_column_text]Dzimtene: \u012arija Funkcija: za\u0137u dzin\u0113js Izcel\u0161an\u0101s: ap 1500. g. Skausta augstums: 56-55 cm Masa: 20-27 kg Raksturs: akt\u012bvs, draudz\u012bgs Dz\u012bves ilgums: 12-15 gadi[\/vc_column_text][\/vc_column][\/vc_row][vc_row][vc_column][vc_column_text]\u0160is suns ir daudz liel\u0101ks par b\u012bglu. Vi\u0146a ka\u017eoks parasti ir meln\u0101 un rud\u0101 kr\u0101s\u0101, ta\u010du da\u017ek\u0101rt ir tr\u012bskr\u0101saini vai l\u0101sumaini su\u0146i. Aizraut\u012bgajam medniekam [&hellip;]<\/p>\n","protected":false},"author":1,"featured_media":0,"parent":8016,"menu_order":0,"comment_status":"closed","ping_status":"closed","template":"page-fullwidth.php","meta":{"_acf_changed":false,"_glsr_average":0,"_glsr_ranking":0,"_glsr_reviews":0,"footnotes":""},"translation":{"provider":"WPGlobus","version":"2.12.2","language":"ru","enabled_languages":["lv","en","ru"],"languages":{"lv":{"title":true,"content":true,"excerpt":false},"en":{"title":false,"content":false,"excerpt":false},"ru":{"title":false,"content":false,"excerpt":false}}},"acf":[],"yoast_head":"<!-- This site is optimized with the Yoast SEO plugin v22.5 - https:\/\/yoast.com\/wordpress\/plugins\/seo\/ -->\n<title>Keri b\u012bgls - Whisker.lv | Su\u0146u \u0161\u0137irnes - Keri b\u012bgls<\/title>\n<meta name=\"robots\" content=\"index, follow, max-snippet:-1, max-image-preview:large, max-video-preview:-1\" \/>\n<link rel=\"canonical\" href=\"https:\/\/www.whisker.lv\/sunu-skirnes\/keri-bigls\/\" \/>\n<meta property=\"og:locale\" content=\"ru_RU\" \/>\n<meta property=\"og:type\" content=\"article\" \/>\n<meta property=\"og:title\" content=\"Keri b\u012bgls - Whisker\" \/>\n<meta property=\"og:url\" content=\"https:\/\/www.whisker.lv\/sunu-skirnes\/keri-bigls\/\" \/>\n<meta property=\"og:site_name\" content=\"Whisker\" \/>\n<meta property=\"article:publisher\" content=\"https:\/\/www.facebook.com\/whisker.lv\/\" \/>\n<meta property=\"article:modified_time\" content=\"2019-04-03T20:49:43+00:00\" \/>\n<meta name=\"twitter:card\" content=\"summary_large_image\" \/>\n<meta name=\"twitter:label1\" content=\"Est. reading time\" \/>\n\t<meta name=\"twitter:data1\" content=\"1 minute\" \/>\n<script type=\"application\/ld+json\" class=\"yoast-schema-graph\">{\"@context\":\"https:\/\/schema.org\",\"@graph\":[{\"@type\":\"WebPage\",\"@id\":\"https:\/\/www.whisker.lv\/sunu-skirnes\/keri-bigls\/\",\"url\":\"https:\/\/www.whisker.lv\/sunu-skirnes\/keri-bigls\/\",\"name\":\"Keri b\u012bgls - Whisker.lv | Su\u0146u \u0161\u0137irnes - Keri b\u012bgls\",\"isPartOf\":{\"@id\":\"https:\/\/www.whisker.lv\/#website\"},\"datePublished\":\"2019-03-15T01:46:38+00:00\",\"dateModified\":\"2019-04-03T20:49:43+00:00\",\"description\":\"Keri b\u012bgls - \u0161is suns ir daudz liel\u0101ks par b\u012bglu. Aizraut\u012bgajam medniekam ir \u012bss apmatojums, liels purns un nokarenas vid\u0113ja lieluma ausis.\",\"breadcrumb\":{\"@id\":\"https:\/\/www.whisker.lv\/sunu-skirnes\/keri-bigls\/#breadcrumb\"},\"inLanguage\":\"ru-RU\",\"potentialAction\":[{\"@type\":\"ReadAction\",\"target\":[\"https:\/\/www.whisker.lv\/sunu-skirnes\/keri-bigls\/\"]}]},{\"@type\":\"BreadcrumbList\",\"@id\":\"https:\/\/www.whisker.lv\/sunu-skirnes\/keri-bigls\/#breadcrumb\",\"itemListElement\":[{\"@type\":\"ListItem\",\"position\":1,\"name\":\"S\u0101kums\",\"item\":\"https:\/\/www.whisker.lv\/\"},{\"@type\":\"ListItem\",\"position\":2,\"name\":\"Su\u0146u \u0161\u0137irnes\",\"item\":\"https:\/\/www.whisker.lv\/sunu-skirnes\/\"},{\"@type\":\"ListItem\",\"position\":3,\"name\":\"Keri b\u012bgls\"}]},{\"@type\":\"WebSite\",\"@id\":\"https:\/\/www.whisker.lv\/#website\",\"url\":\"https:\/\/www.whisker.lv\/\",\"name\":\"Whisker\",\"description\":\"Tavs pal\u012bgs m\u0101jdzivnieku pieskat\u012b\u0161an\u0101\",\"potentialAction\":[{\"@type\":\"SearchAction\",\"target\":{\"@type\":\"EntryPoint\",\"urlTemplate\":\"https:\/\/www.whisker.lv\/?s={search_term_string}\"},\"query-input\":\"required name=search_term_string\"}],\"inLanguage\":\"ru-RU\"}]}<\/script>\n<!-- \/ Yoast SEO plugin. -->","yoast_head_json":{"title":"Keri b\u012bgls - Whisker.lv | Su\u0146u \u0161\u0137irnes - Keri b\u012bgls","robots":{"index":"index","follow":"follow","max-snippet":"max-snippet:-1","max-image-preview":"max-image-preview:large","max-video-preview":"max-video-preview:-1"},"canonical":"https:\/\/www.whisker.lv\/sunu-skirnes\/keri-bigls\/","og_locale":"ru_RU","og_type":"article","og_title":"Keri b\u012bgls - Whisker","og_url":"https:\/\/www.whisker.lv\/sunu-skirnes\/keri-bigls\/","og_site_name":"Whisker","article_publisher":"https:\/\/www.facebook.com\/whisker.lv\/","article_modified_time":"2019-04-03T20:49:43+00:00","twitter_card":"summary_large_image","twitter_misc":{"Est. reading time":"1 minute"},"schema":{"@context":"https:\/\/schema.org","@graph":[{"@type":"WebPage","@id":"https:\/\/www.whisker.lv\/sunu-skirnes\/keri-bigls\/","url":"https:\/\/www.whisker.lv\/sunu-skirnes\/keri-bigls\/","name":"Keri b\u012bgls - Whisker.lv | Su\u0146u \u0161\u0137irnes - Keri b\u012bgls","isPartOf":{"@id":"https:\/\/www.whisker.lv\/#website"},"datePublished":"2019-03-15T01:46:38+00:00","dateModified":"2019-04-03T20:49:43+00:00","description":"Keri b\u012bgls - \u0161is suns ir daudz liel\u0101ks par b\u012bglu. Aizraut\u012bgajam medniekam ir \u012bss apmatojums, liels purns un nokarenas vid\u0113ja lieluma ausis.","breadcrumb":{"@id":"https:\/\/www.whisker.lv\/sunu-skirnes\/keri-bigls\/#breadcrumb"},"inLanguage":"ru-RU","potentialAction":[{"@type":"ReadAction","target":["https:\/\/www.whisker.lv\/sunu-skirnes\/keri-bigls\/"]}]},{"@type":"BreadcrumbList","@id":"https:\/\/www.whisker.lv\/sunu-skirnes\/keri-bigls\/#breadcrumb","itemListElement":[{"@type":"ListItem","position":1,"name":"S\u0101kums","item":"https:\/\/www.whisker.lv\/"},{"@type":"ListItem","position":2,"name":"Su\u0146u \u0161\u0137irnes","item":"https:\/\/www.whisker.lv\/sunu-skirnes\/"},{"@type":"ListItem","position":3,"name":"Keri b\u012bgls"}]},{"@type":"WebSite","@id":"https:\/\/www.whisker.lv\/#website","url":"https:\/\/www.whisker.lv\/","name":"Whisker","description":"Tavs pal\u012bgs m\u0101jdzivnieku pieskat\u012b\u0161an\u0101","potentialAction":[{"@type":"SearchAction","target":{"@type":"EntryPoint","urlTemplate":"https:\/\/www.whisker.lv\/?s={search_term_string}"},"query-input":"required name=search_term_string"}],"inLanguage":"ru-RU"}]}},"_links":{"self":[{"href":"https:\/\/www.whisker.lv\/ru\/wp-json\/wp\/v2\/pages\/9467"}],"collection":[{"href":"https:\/\/www.whisker.lv\/ru\/wp-json\/wp\/v2\/pages"}],"about":[{"href":"https:\/\/www.whisker.lv\/ru\/wp-json\/wp\/v2\/types\/page"}],"author":[{"embeddable":true,"href":"https:\/\/www.whisker.lv\/ru\/wp-json\/wp\/v2\/users\/1"}],"replies":[{"embeddable":true,"href":"https:\/\/www.whisker.lv\/ru\/wp-json\/wp\/v2\/comments?post=9467"}],"version-history":[{"count":4,"href":"https:\/\/www.whisker.lv\/ru\/wp-json\/wp\/v2\/pages\/9467\/revisions"}],"predecessor-version":[{"id":11177,"href":"https:\/\/www.whisker.lv\/ru\/wp-json\/wp\/v2\/pages\/9467\/revisions\/11177"}],"up":[{"embeddable":true,"href":"https:\/\/www.whisker.lv\/ru\/wp-json\/wp\/v2\/pages\/8016"}],"wp:attachment":[{"href":"https:\/\/www.whisker.lv\/ru\/wp-json\/wp\/v2\/media?parent=9467"}],"curies":[{"name":"wp","href":"https:\/\/api.w.org\/{rel}","templated":true}]}}