



{"id":9478,"date":"2019-03-15T04:35:43","date_gmt":"2019-03-15T02:35:43","guid":{"rendered":"https:\/\/www.whisker.lv\/?page_id=9478"},"modified":"2019-04-27T22:37:58","modified_gmt":"2019-04-27T20:37:58","slug":"kavaliera-kinga-carlza-spaniels","status":"publish","type":"page","link":"https:\/\/www.whisker.lv\/ru\/sunu-skirnes\/kavaliera-kinga-carlza-spaniels\/","title":{"rendered":"Kavaliera Kinga \u010c\u0101rlza spaniels"},"content":{"rendered":"[vc_row][vc_column][vc_text_separator title=&#8221;Kavaliera Kinga \u010c\u0101rlza spaniels&#8221; border_width=&#8221;8&#8243;][\/vc_column][\/vc_row][vc_row][vc_column width=&#8221;1\/2&#8243;][vc_single_image image=&#8221;9480&#8243; img_size=&#8221;full&#8221; alignment=&#8221;center&#8221; style=&#8221;vc_box_rounded&#8221;][\/vc_column][vc_column width=&#8221;1\/2&#8243;][vc_column_text]<span style=\"color: #000000;\"><strong>Dzimtene:<\/strong> Lielbrit\u0101nija<\/span><\/p>\n<p><span style=\"color: #000000;\"><strong>Funkcija:<\/strong> dekorat\u012bvais suns<\/span><\/p>\n<p><span style=\"color: #000000;\"><strong>Izcel\u0161an\u0101s:<\/strong> ap 1920. g.<\/span><\/p>\n<p><span style=\"color: #000000;\"><strong>Skausta augstums:<\/strong> 31-33 cm<\/span><\/p>\n<p><span style=\"color: #000000;\"><strong>Masa:<\/strong> 5-8 kg<\/span><\/p>\n<p><span style=\"color: #000000;\"><strong>Raksturs:<\/strong> draudz\u012bgs, paklaus\u012bgs<\/span><\/p>\n<p><span style=\"color: #000000;\"><strong>Dz\u012bves ilgums:<\/strong> 12-15 gadi<\/span>[\/vc_column_text][\/vc_column][\/vc_row][vc_row][vc_column][vc_column_text]<span style=\"color: #000000;\">\u0160\u012b \u0161\u0137irne izvidota no senajiem Kinga \u010carlza spanieliem. Kavaliera Kinga \u010c\u0101rlza spanielam ir gar\u0101ks purns un sp\u0113c\u012bg\u0101ka miesasb\u016bve nek\u0101 Kinga \u010c\u0101rlza spanieliem. Ab\u0101m \u0161\u0137irn\u0113m ir identisks ka\u017eoka kr\u0101sojums, kur\u0101 domin\u0113 baltie un kasta\u0146br\u016bnie to\u0146i. Su\u0146u \u0161\u0137irne izkopta Marlboro hercoga mui\u017e\u0101.<\/span><\/p>\n<p><span style=\"color: #000000;\"><strong>V\u0113sture.<\/strong> 17. gadsimt\u0101 mazos spanielus bija iecien\u012bju\u0161i Eiropas aristokr\u0101ti, t\u0101p\u0113c \u0161ie su\u0146i bie\u017ei redzami t\u0101laika m\u0101kslinieku glezn\u0101s. Britu Kennelklubs kavaliera Kinga \u010carlza spanielu \u0161\u0137irni re\u0123istr\u0113ja 1945. gad\u0101.<\/span><\/p>\n<p><span style=\"color: #000000;\"><strong>Piez\u012bme.<\/strong> V\u0101rdu \u201ckavalieris\u201d \u0161\u0137irnes nosaukumam pievienoja, lai to var\u0113tu at\u0161\u0137irt no Kinga \u010c\u0101rlza spanieliem.<\/span>[\/vc_column_text][\/vc_column][\/vc_row]\n","protected":false},"excerpt":{"rendered":"<p>[vc_row][vc_column][vc_text_separator title=&#8221;Kavaliera Kinga \u010c\u0101rlza spaniels&#8221; border_width=&#8221;8&#8243;][\/vc_column][\/vc_row][vc_row][vc_column width=&#8221;1\/2&#8243;][vc_single_image image=&#8221;9480&#8243; img_size=&#8221;full&#8221; alignment=&#8221;center&#8221; style=&#8221;vc_box_rounded&#8221;][\/vc_column][vc_column width=&#8221;1\/2&#8243;][vc_column_text]Dzimtene: Lielbrit\u0101nija Funkcija: dekorat\u012bvais suns Izcel\u0161an\u0101s: ap 1920. g. Skausta augstums: 31-33 cm Masa: 5-8 kg Raksturs: draudz\u012bgs, paklaus\u012bgs Dz\u012bves ilgums: 12-15 gadi[\/vc_column_text][\/vc_column][\/vc_row][vc_row][vc_column][vc_column_text]\u0160\u012b \u0161\u0137irne izvidota no senajiem Kinga \u010carlza spanieliem. Kavaliera Kinga \u010c\u0101rlza spanielam ir gar\u0101ks purns un sp\u0113c\u012bg\u0101ka miesasb\u016bve nek\u0101 Kinga \u010c\u0101rlza spanieliem. [&hellip;]<\/p>\n","protected":false},"author":1,"featured_media":0,"parent":8016,"menu_order":0,"comment_status":"closed","ping_status":"closed","template":"page-fullwidth.php","meta":{"_acf_changed":false,"_glsr_average":0,"_glsr_ranking":0,"_glsr_reviews":0,"footnotes":""},"translation":{"provider":"WPGlobus","version":"2.12.2","language":"ru","enabled_languages":["lv","en","ru"],"languages":{"lv":{"title":true,"content":true,"excerpt":false},"en":{"title":false,"content":false,"excerpt":false},"ru":{"title":false,"content":false,"excerpt":false}}},"acf":[],"yoast_head":"<!-- This site is optimized with the Yoast SEO plugin v22.5 - https:\/\/yoast.com\/wordpress\/plugins\/seo\/ -->\n<title>Kavaliera Kinga \u010c\u0101rlza spaniels - Whisker.lv | Su\u0146u \u0161\u0137irnes<\/title>\n<meta name=\"robots\" content=\"index, follow, max-snippet:-1, max-image-preview:large, max-video-preview:-1\" \/>\n<link rel=\"canonical\" href=\"https:\/\/www.whisker.lv\/sunu-skirnes\/kavaliera-kinga-carlza-spaniels\/\" \/>\n<meta property=\"og:locale\" content=\"ru_RU\" \/>\n<meta property=\"og:type\" content=\"article\" \/>\n<meta property=\"og:title\" content=\"Kavaliera Kinga \u010c\u0101rlza spaniels - Whisker\" \/>\n<meta property=\"og:url\" content=\"https:\/\/www.whisker.lv\/sunu-skirnes\/kavaliera-kinga-carlza-spaniels\/\" \/>\n<meta property=\"og:site_name\" content=\"Whisker\" \/>\n<meta property=\"article:publisher\" content=\"https:\/\/www.facebook.com\/whisker.lv\/\" \/>\n<meta property=\"article:modified_time\" content=\"2019-04-27T20:37:58+00:00\" \/>\n<meta name=\"twitter:card\" content=\"summary_large_image\" \/>\n<meta name=\"twitter:label1\" content=\"Est. reading time\" \/>\n\t<meta name=\"twitter:data1\" content=\"1 minute\" \/>\n<script type=\"application\/ld+json\" class=\"yoast-schema-graph\">{\"@context\":\"https:\/\/schema.org\",\"@graph\":[{\"@type\":\"WebPage\",\"@id\":\"https:\/\/www.whisker.lv\/sunu-skirnes\/kavaliera-kinga-carlza-spaniels\/\",\"url\":\"https:\/\/www.whisker.lv\/sunu-skirnes\/kavaliera-kinga-carlza-spaniels\/\",\"name\":\"Kavaliera Kinga \u010c\u0101rlza spaniels - Whisker.lv | Su\u0146u \u0161\u0137irnes\",\"isPartOf\":{\"@id\":\"https:\/\/www.whisker.lv\/#website\"},\"datePublished\":\"2019-03-15T02:35:43+00:00\",\"dateModified\":\"2019-04-27T20:37:58+00:00\",\"description\":\"Kavaliera Kinga \u010c\u0101rlza spaniels - \u0161\u0137irne izvidota no senajiem Kinga \u010carlza spanieliem, kuriem ir gar\u0101ks purns un sp\u0113c\u012bg\u0101ka miesasb\u016bve nek\u0101 \u0161iem spanieliem.\",\"breadcrumb\":{\"@id\":\"https:\/\/www.whisker.lv\/sunu-skirnes\/kavaliera-kinga-carlza-spaniels\/#breadcrumb\"},\"inLanguage\":\"ru-RU\",\"potentialAction\":[{\"@type\":\"ReadAction\",\"target\":[\"https:\/\/www.whisker.lv\/sunu-skirnes\/kavaliera-kinga-carlza-spaniels\/\"]}]},{\"@type\":\"BreadcrumbList\",\"@id\":\"https:\/\/www.whisker.lv\/sunu-skirnes\/kavaliera-kinga-carlza-spaniels\/#breadcrumb\",\"itemListElement\":[{\"@type\":\"ListItem\",\"position\":1,\"name\":\"S\u0101kums\",\"item\":\"https:\/\/www.whisker.lv\/\"},{\"@type\":\"ListItem\",\"position\":2,\"name\":\"Su\u0146u \u0161\u0137irnes\",\"item\":\"https:\/\/www.whisker.lv\/sunu-skirnes\/\"},{\"@type\":\"ListItem\",\"position\":3,\"name\":\"Kavaliera Kinga \u010c\u0101rlza spaniels\"}]},{\"@type\":\"WebSite\",\"@id\":\"https:\/\/www.whisker.lv\/#website\",\"url\":\"https:\/\/www.whisker.lv\/\",\"name\":\"Whisker\",\"description\":\"Tavs pal\u012bgs m\u0101jdzivnieku pieskat\u012b\u0161an\u0101\",\"potentialAction\":[{\"@type\":\"SearchAction\",\"target\":{\"@type\":\"EntryPoint\",\"urlTemplate\":\"https:\/\/www.whisker.lv\/?s={search_term_string}\"},\"query-input\":\"required name=search_term_string\"}],\"inLanguage\":\"ru-RU\"}]}<\/script>\n<!-- \/ Yoast SEO plugin. -->","yoast_head_json":{"title":"Kavaliera Kinga \u010c\u0101rlza spaniels - Whisker.lv | Su\u0146u \u0161\u0137irnes","robots":{"index":"index","follow":"follow","max-snippet":"max-snippet:-1","max-image-preview":"max-image-preview:large","max-video-preview":"max-video-preview:-1"},"canonical":"https:\/\/www.whisker.lv\/sunu-skirnes\/kavaliera-kinga-carlza-spaniels\/","og_locale":"ru_RU","og_type":"article","og_title":"Kavaliera Kinga \u010c\u0101rlza spaniels - Whisker","og_url":"https:\/\/www.whisker.lv\/sunu-skirnes\/kavaliera-kinga-carlza-spaniels\/","og_site_name":"Whisker","article_publisher":"https:\/\/www.facebook.com\/whisker.lv\/","article_modified_time":"2019-04-27T20:37:58+00:00","twitter_card":"summary_large_image","twitter_misc":{"Est. reading time":"1 minute"},"schema":{"@context":"https:\/\/schema.org","@graph":[{"@type":"WebPage","@id":"https:\/\/www.whisker.lv\/sunu-skirnes\/kavaliera-kinga-carlza-spaniels\/","url":"https:\/\/www.whisker.lv\/sunu-skirnes\/kavaliera-kinga-carlza-spaniels\/","name":"Kavaliera Kinga \u010c\u0101rlza spaniels - Whisker.lv | Su\u0146u \u0161\u0137irnes","isPartOf":{"@id":"https:\/\/www.whisker.lv\/#website"},"datePublished":"2019-03-15T02:35:43+00:00","dateModified":"2019-04-27T20:37:58+00:00","description":"Kavaliera Kinga \u010c\u0101rlza spaniels - \u0161\u0137irne izvidota no senajiem Kinga \u010carlza spanieliem, kuriem ir gar\u0101ks purns un sp\u0113c\u012bg\u0101ka miesasb\u016bve nek\u0101 \u0161iem spanieliem.","breadcrumb":{"@id":"https:\/\/www.whisker.lv\/sunu-skirnes\/kavaliera-kinga-carlza-spaniels\/#breadcrumb"},"inLanguage":"ru-RU","potentialAction":[{"@type":"ReadAction","target":["https:\/\/www.whisker.lv\/sunu-skirnes\/kavaliera-kinga-carlza-spaniels\/"]}]},{"@type":"BreadcrumbList","@id":"https:\/\/www.whisker.lv\/sunu-skirnes\/kavaliera-kinga-carlza-spaniels\/#breadcrumb","itemListElement":[{"@type":"ListItem","position":1,"name":"S\u0101kums","item":"https:\/\/www.whisker.lv\/"},{"@type":"ListItem","position":2,"name":"Su\u0146u \u0161\u0137irnes","item":"https:\/\/www.whisker.lv\/sunu-skirnes\/"},{"@type":"ListItem","position":3,"name":"Kavaliera Kinga \u010c\u0101rlza spaniels"}]},{"@type":"WebSite","@id":"https:\/\/www.whisker.lv\/#website","url":"https:\/\/www.whisker.lv\/","name":"Whisker","description":"Tavs pal\u012bgs m\u0101jdzivnieku pieskat\u012b\u0161an\u0101","potentialAction":[{"@type":"SearchAction","target":{"@type":"EntryPoint","urlTemplate":"https:\/\/www.whisker.lv\/?s={search_term_string}"},"query-input":"required name=search_term_string"}],"inLanguage":"ru-RU"}]}},"_links":{"self":[{"href":"https:\/\/www.whisker.lv\/ru\/wp-json\/wp\/v2\/pages\/9478"}],"collection":[{"href":"https:\/\/www.whisker.lv\/ru\/wp-json\/wp\/v2\/pages"}],"about":[{"href":"https:\/\/www.whisker.lv\/ru\/wp-json\/wp\/v2\/types\/page"}],"author":[{"embeddable":true,"href":"https:\/\/www.whisker.lv\/ru\/wp-json\/wp\/v2\/users\/1"}],"replies":[{"embeddable":true,"href":"https:\/\/www.whisker.lv\/ru\/wp-json\/wp\/v2\/comments?post=9478"}],"version-history":[{"count":6,"href":"https:\/\/www.whisker.lv\/ru\/wp-json\/wp\/v2\/pages\/9478\/revisions"}],"predecessor-version":[{"id":12779,"href":"https:\/\/www.whisker.lv\/ru\/wp-json\/wp\/v2\/pages\/9478\/revisions\/12779"}],"up":[{"embeddable":true,"href":"https:\/\/www.whisker.lv\/ru\/wp-json\/wp\/v2\/pages\/8016"}],"wp:attachment":[{"href":"https:\/\/www.whisker.lv\/ru\/wp-json\/wp\/v2\/media?parent=9478"}],"curies":[{"name":"wp","href":"https:\/\/api.w.org\/{rel}","templated":true}]}}