



{"id":9493,"date":"2019-03-15T04:55:11","date_gmt":"2019-03-15T02:55:11","guid":{"rendered":"https:\/\/www.whisker.lv\/?page_id=9493"},"modified":"2019-04-03T22:43:16","modified_gmt":"2019-04-03T20:43:16","slug":"jorksiras-terjers","status":"publish","type":"page","link":"https:\/\/www.whisker.lv\/ru\/sunu-skirnes\/jorksiras-terjers\/","title":{"rendered":"Jork\u0161\u012bras terjers"},"content":{"rendered":"[vc_row][vc_column][vc_text_separator title=&#8221;Jork\u0161\u012bras terjers &#8221; border_width=&#8221;8&#8243;][\/vc_column][\/vc_row][vc_row][vc_column width=&#8221;1\/2&#8243;][vc_single_image image=&#8221;9495&#8243; img_size=&#8221;full&#8221; alignment=&#8221;center&#8221; style=&#8221;vc_box_rounded&#8221;][\/vc_column][vc_column width=&#8221;1\/2&#8243;][vc_column_text]<span style=\"color: #000000;\"><strong>Dzimtene:<\/strong> Lielbrit\u0101nija<\/span><\/p>\n<p><span style=\"color: #000000;\"><strong>Funkcija:<\/strong> tru\u0161u dzin\u0113js<\/span><\/p>\n<p><span style=\"color: #000000;\"><strong>Izcel\u0161an\u0101s:<\/strong> ap 1800. g.<\/span><\/p>\n<p><span style=\"color: #000000;\"><strong>Skausta augstums:<\/strong> 23 cm<\/span><\/p>\n<p><span style=\"color: #000000;\"><strong>Masa:<\/strong> maz\u0101k k\u0101 3 kg<\/span><\/p>\n<p><span style=\"color: #000000;\"><strong>Raksturs:<\/strong> gudrs, pa\u0161apzin\u012bgs<\/span><\/p>\n<p><span style=\"color: #000000;\"><strong>Dz\u012bves ilgums:<\/strong> 11-15 gadi<\/span>[\/vc_column_text][\/vc_column][\/vc_row][vc_row][vc_column][vc_column_text]<span style=\"color: #000000;\">No p\u0101r\u0113jiem ciltsbr\u0101\u013ciem \u0161is akt\u012bvais, mazais terjers at\u0161\u0137iras ar garu, z\u012bdainu apmatojumu, kas sniedzas l\u012bdz pat zemei. Galva ir zeltaini rud\u0101 kras\u0101, parejais \u0137ermenis \u2013 t\u0113raudzil\u0101 nokr\u0101s\u0101. Garais apmatojums aizsedz Jork\u0161\u012bras terjera \u0137epas, t\u0101p\u0113c rodas iespaids, ka suns nevis iet, bet p\u0101rvietojas uz riten\u012b\u0161iem.<\/span><\/p>\n<p><span style=\"color: #000000;\"><strong>V\u0113sture.<\/strong> \u0160\u0137irni relat\u012bvi nesen izveidoju\u0161i Jork\u0161\u012bras rietumda\u013c\u0101 str\u0101d\u0101jo\u0161ie ogra\u010di, krustojot skaiterjeru, dand\u012bdenmona terjeru un Maltas terjeru.<\/span><\/p>\n<p><span style=\"color: #000000;\"><strong>Piez\u012bme.<\/strong> Piedzimstot Jork\u0161iras terjera kuc\u0113ni ir meln\u0101 kr\u0101s\u0101.<\/span>[\/vc_column_text][\/vc_column][\/vc_row]\n","protected":false},"excerpt":{"rendered":"<p>[vc_row][vc_column][vc_text_separator title=&#8221;Jork\u0161\u012bras terjers &#8221; border_width=&#8221;8&#8243;][\/vc_column][\/vc_row][vc_row][vc_column width=&#8221;1\/2&#8243;][vc_single_image image=&#8221;9495&#8243; img_size=&#8221;full&#8221; alignment=&#8221;center&#8221; style=&#8221;vc_box_rounded&#8221;][\/vc_column][vc_column width=&#8221;1\/2&#8243;][vc_column_text]Dzimtene: Lielbrit\u0101nija Funkcija: tru\u0161u dzin\u0113js Izcel\u0161an\u0101s: ap 1800. g. Skausta augstums: 23 cm Masa: maz\u0101k k\u0101 3 kg Raksturs: gudrs, pa\u0161apzin\u012bgs Dz\u012bves ilgums: 11-15 gadi[\/vc_column_text][\/vc_column][\/vc_row][vc_row][vc_column][vc_column_text]No p\u0101r\u0113jiem ciltsbr\u0101\u013ciem \u0161is akt\u012bvais, mazais terjers at\u0161\u0137iras ar garu, z\u012bdainu apmatojumu, kas sniedzas l\u012bdz pat zemei. Galva ir zeltaini rud\u0101 [&hellip;]<\/p>\n","protected":false},"author":1,"featured_media":0,"parent":8016,"menu_order":0,"comment_status":"closed","ping_status":"closed","template":"page-fullwidth.php","meta":{"_acf_changed":false,"_glsr_average":0,"_glsr_ranking":0,"_glsr_reviews":0,"footnotes":""},"translation":{"provider":"WPGlobus","version":"2.12.2","language":"ru","enabled_languages":["lv","en","ru"],"languages":{"lv":{"title":true,"content":true,"excerpt":false},"en":{"title":false,"content":false,"excerpt":false},"ru":{"title":false,"content":false,"excerpt":false}}},"acf":[],"yoast_head":"<!-- This site is optimized with the Yoast SEO plugin v22.5 - https:\/\/yoast.com\/wordpress\/plugins\/seo\/ -->\n<title>Jork\u0161\u012bras terjers - Whisker.lv | Su\u0146u \u0161\u0137irnes - Jork\u0161\u012bras terjers<\/title>\n<meta name=\"robots\" content=\"index, follow, max-snippet:-1, max-image-preview:large, max-video-preview:-1\" \/>\n<link rel=\"canonical\" href=\"https:\/\/www.whisker.lv\/sunu-skirnes\/jorksiras-terjers\/\" \/>\n<meta property=\"og:locale\" content=\"ru_RU\" \/>\n<meta property=\"og:type\" content=\"article\" \/>\n<meta property=\"og:title\" content=\"Jork\u0161\u012bras terjers - Whisker\" \/>\n<meta property=\"og:url\" content=\"https:\/\/www.whisker.lv\/sunu-skirnes\/jorksiras-terjers\/\" \/>\n<meta property=\"og:site_name\" content=\"Whisker\" \/>\n<meta property=\"article:publisher\" content=\"https:\/\/www.facebook.com\/whisker.lv\/\" \/>\n<meta property=\"article:modified_time\" content=\"2019-04-03T20:43:16+00:00\" \/>\n<meta name=\"twitter:card\" content=\"summary_large_image\" \/>\n<meta name=\"twitter:label1\" content=\"Est. reading time\" \/>\n\t<meta name=\"twitter:data1\" content=\"1 minute\" \/>\n<script type=\"application\/ld+json\" class=\"yoast-schema-graph\">{\"@context\":\"https:\/\/schema.org\",\"@graph\":[{\"@type\":\"WebPage\",\"@id\":\"https:\/\/www.whisker.lv\/sunu-skirnes\/jorksiras-terjers\/\",\"url\":\"https:\/\/www.whisker.lv\/sunu-skirnes\/jorksiras-terjers\/\",\"name\":\"Jork\u0161\u012bras terjers - Whisker.lv | Su\u0146u \u0161\u0137irnes - Jork\u0161\u012bras terjers\",\"isPartOf\":{\"@id\":\"https:\/\/www.whisker.lv\/#website\"},\"datePublished\":\"2019-03-15T02:55:11+00:00\",\"dateModified\":\"2019-04-03T20:43:16+00:00\",\"description\":\"Jork\u0161\u012bras terjers - garais apmatojums aizsedz terjera \u0137epas, t\u0101p\u0113c rodas iespaids, ka suns nevis iet, bet p\u0101rvietojas uz riten\u012b\u0161iem.\",\"breadcrumb\":{\"@id\":\"https:\/\/www.whisker.lv\/sunu-skirnes\/jorksiras-terjers\/#breadcrumb\"},\"inLanguage\":\"ru-RU\",\"potentialAction\":[{\"@type\":\"ReadAction\",\"target\":[\"https:\/\/www.whisker.lv\/sunu-skirnes\/jorksiras-terjers\/\"]}]},{\"@type\":\"BreadcrumbList\",\"@id\":\"https:\/\/www.whisker.lv\/sunu-skirnes\/jorksiras-terjers\/#breadcrumb\",\"itemListElement\":[{\"@type\":\"ListItem\",\"position\":1,\"name\":\"S\u0101kums\",\"item\":\"https:\/\/www.whisker.lv\/\"},{\"@type\":\"ListItem\",\"position\":2,\"name\":\"Su\u0146u \u0161\u0137irnes\",\"item\":\"https:\/\/www.whisker.lv\/sunu-skirnes\/\"},{\"@type\":\"ListItem\",\"position\":3,\"name\":\"Jork\u0161\u012bras terjers\"}]},{\"@type\":\"WebSite\",\"@id\":\"https:\/\/www.whisker.lv\/#website\",\"url\":\"https:\/\/www.whisker.lv\/\",\"name\":\"Whisker\",\"description\":\"Tavs pal\u012bgs m\u0101jdzivnieku pieskat\u012b\u0161an\u0101\",\"potentialAction\":[{\"@type\":\"SearchAction\",\"target\":{\"@type\":\"EntryPoint\",\"urlTemplate\":\"https:\/\/www.whisker.lv\/?s={search_term_string}\"},\"query-input\":\"required name=search_term_string\"}],\"inLanguage\":\"ru-RU\"}]}<\/script>\n<!-- \/ Yoast SEO plugin. -->","yoast_head_json":{"title":"Jork\u0161\u012bras terjers - Whisker.lv | Su\u0146u \u0161\u0137irnes - Jork\u0161\u012bras terjers","robots":{"index":"index","follow":"follow","max-snippet":"max-snippet:-1","max-image-preview":"max-image-preview:large","max-video-preview":"max-video-preview:-1"},"canonical":"https:\/\/www.whisker.lv\/sunu-skirnes\/jorksiras-terjers\/","og_locale":"ru_RU","og_type":"article","og_title":"Jork\u0161\u012bras terjers - Whisker","og_url":"https:\/\/www.whisker.lv\/sunu-skirnes\/jorksiras-terjers\/","og_site_name":"Whisker","article_publisher":"https:\/\/www.facebook.com\/whisker.lv\/","article_modified_time":"2019-04-03T20:43:16+00:00","twitter_card":"summary_large_image","twitter_misc":{"Est. reading time":"1 minute"},"schema":{"@context":"https:\/\/schema.org","@graph":[{"@type":"WebPage","@id":"https:\/\/www.whisker.lv\/sunu-skirnes\/jorksiras-terjers\/","url":"https:\/\/www.whisker.lv\/sunu-skirnes\/jorksiras-terjers\/","name":"Jork\u0161\u012bras terjers - Whisker.lv | Su\u0146u \u0161\u0137irnes - Jork\u0161\u012bras terjers","isPartOf":{"@id":"https:\/\/www.whisker.lv\/#website"},"datePublished":"2019-03-15T02:55:11+00:00","dateModified":"2019-04-03T20:43:16+00:00","description":"Jork\u0161\u012bras terjers - garais apmatojums aizsedz terjera \u0137epas, t\u0101p\u0113c rodas iespaids, ka suns nevis iet, bet p\u0101rvietojas uz riten\u012b\u0161iem.","breadcrumb":{"@id":"https:\/\/www.whisker.lv\/sunu-skirnes\/jorksiras-terjers\/#breadcrumb"},"inLanguage":"ru-RU","potentialAction":[{"@type":"ReadAction","target":["https:\/\/www.whisker.lv\/sunu-skirnes\/jorksiras-terjers\/"]}]},{"@type":"BreadcrumbList","@id":"https:\/\/www.whisker.lv\/sunu-skirnes\/jorksiras-terjers\/#breadcrumb","itemListElement":[{"@type":"ListItem","position":1,"name":"S\u0101kums","item":"https:\/\/www.whisker.lv\/"},{"@type":"ListItem","position":2,"name":"Su\u0146u \u0161\u0137irnes","item":"https:\/\/www.whisker.lv\/sunu-skirnes\/"},{"@type":"ListItem","position":3,"name":"Jork\u0161\u012bras terjers"}]},{"@type":"WebSite","@id":"https:\/\/www.whisker.lv\/#website","url":"https:\/\/www.whisker.lv\/","name":"Whisker","description":"Tavs pal\u012bgs m\u0101jdzivnieku pieskat\u012b\u0161an\u0101","potentialAction":[{"@type":"SearchAction","target":{"@type":"EntryPoint","urlTemplate":"https:\/\/www.whisker.lv\/?s={search_term_string}"},"query-input":"required name=search_term_string"}],"inLanguage":"ru-RU"}]}},"_links":{"self":[{"href":"https:\/\/www.whisker.lv\/ru\/wp-json\/wp\/v2\/pages\/9493"}],"collection":[{"href":"https:\/\/www.whisker.lv\/ru\/wp-json\/wp\/v2\/pages"}],"about":[{"href":"https:\/\/www.whisker.lv\/ru\/wp-json\/wp\/v2\/types\/page"}],"author":[{"embeddable":true,"href":"https:\/\/www.whisker.lv\/ru\/wp-json\/wp\/v2\/users\/1"}],"replies":[{"embeddable":true,"href":"https:\/\/www.whisker.lv\/ru\/wp-json\/wp\/v2\/comments?post=9493"}],"version-history":[{"count":3,"href":"https:\/\/www.whisker.lv\/ru\/wp-json\/wp\/v2\/pages\/9493\/revisions"}],"predecessor-version":[{"id":9497,"href":"https:\/\/www.whisker.lv\/ru\/wp-json\/wp\/v2\/pages\/9493\/revisions\/9497"}],"up":[{"embeddable":true,"href":"https:\/\/www.whisker.lv\/ru\/wp-json\/wp\/v2\/pages\/8016"}],"wp:attachment":[{"href":"https:\/\/www.whisker.lv\/ru\/wp-json\/wp\/v2\/media?parent=9493"}],"curies":[{"name":"wp","href":"https:\/\/api.w.org\/{rel}","templated":true}]}}